{"id":9135,"date":"2015-07-30T09:52:34","date_gmt":"2015-07-30T13:52:34","guid":{"rendered":"http:\/\/www.musee-mccord-stewart.ca\/?page_id=9135"},"modified":"2026-03-03T16:18:03","modified_gmt":"2026-03-03T21:18:03","slug":"service-de-garde","status":"publish","type":"page","link":"https:\/\/www.musee-mccord-stewart.ca\/fr\/groupes\/service-de-garde\/","title":{"rendered":"Service de garde"},"content":{"rendered":"<p>Venez d\u00e9couvrir nos expositions, explorer nos collections et interagir avec notre \u00e9quipe de m\u00e9diateurs!<\/p>\n<p>Adoptant des approches participatives et des perspectives citoyennes, les programmes \u00e9ducatifs du Mus\u00e9e visent \u00e0 susciter l\u2019engagement de ses publics au sein de leurs communaut\u00e9s pour une soci\u00e9t\u00e9 plus juste.<\/p>\n<h2><strong><span class=\"TextRun SCXW187885981 BCX0\" lang=\"FR-FR\" xml:lang=\"FR-FR\" data-contrast=\"auto\"><span class=\"NormalTextRun SCXW187885981 BCX0\" data-ccp-parastyle=\"Title\">Programmation pour les services de garde<\/span><\/span><\/strong><\/h2>\n<p>T\u00e9l\u00e9charger la fiche activit\u00e9 (PDF) (\u00e0 venir)<\/p>\n<h3><strong>D\u00e9roulement de la journ\u00e9e d&rsquo;activit\u00e9<\/strong><\/h3>\n<ul>\n<li>9 h 30 : <strong style=\"caret-color: rgba(0, 0, 0, 0);\">Arriv\u00e9 au Mus\u00e9e<\/strong><span style=\"caret-color: rgba(0, 0, 0, 0);\">\u00a0\u2013 Accueil, collation (au besoin), division des groupes (ne pas diviser les groupes avant l&rsquo;arriv\u00e9e au Mus\u00e9e)<\/span><\/li>\n<li>Activit\u00e9 1 : Visite guid\u00e9e \u2013 Voix autochtones d\u2019aujourd\u2019hui\u202f: savoir, trauma, r\u00e9silience(tous les cycles)<\/li>\n<li>Activit\u00e9 2 : Atelier \u2013 <em>T\u00eate de Filou<\/em>\u00a0(maternelle et 1<sup>er<\/sup>\u00a0cycle) ou\u00a0<em>Raconte-moi une l\u00e9gende<\/em>\u00a0(2<sup>e<\/sup>\u00a0et 3<sup>e<\/sup>\u00a0cycles)<\/li>\n<li><strong>D\u00eener (45 min)<\/strong><\/li>\n<li>Activit\u00e9 3 : \u00c0 venir<\/li>\n<li>Activit\u00e9 4 : \u00c0 venir<\/li>\n<li>14 h 30 : <strong>D\u00e9part du Mus\u00e9e<\/strong><\/li>\n<\/ul>\n<h3>Pr\u00e9parez votre visite<\/h3>\n<p><a href=\"https:\/\/www.musee-mccord-stewart.ca\/fr\/groupes\/instructions-reservation\/\">Instructions pour les r\u00e9servations de groupes<i class=\"arrow-right-thickicon-\"><\/i><\/a><a id=\"activites\"><\/a><br \/>\n<a href=\"https:\/\/www.musee-mccord-stewart.ca\/fr\/groupes\/faq-groupes\/\">Foire aux questions<i class=\"arrow-right-thickicon-\"><\/i><\/a><br \/>\n<a class=\"cta\" href=\"https:\/\/pages.mccord.museum\/reservation-groupe\" target=\"_blank\" rel=\"noopener\">R\u00e9servez votre visite<\/a><\/p>\n<h3>Espaces \u00e9ducatifs<\/h3>\n<p>Le Mus\u00e9e McCord Stewart est heureux de d\u00e9voiler son tout nouvel espace de m\u00e9diation compos\u00e9 de trois salles polyvalentes, conviviales et lumineuses, et r\u00e9alis\u00e9 gr\u00e2ce au g\u00e9n\u00e9reux soutien de la Fondation Rossy.<br \/>\n<a class=\"cta\" href=\"https:\/\/www.musee-mccord-stewart.ca\/fr\/espace-fondation-rossy-education\/\" target=\"_blank\" rel=\"noopener\">D\u00e9couvrez les espaces<i class=\"arrow-right-thickicon-\"><\/i><\/a><\/p>\n","protected":false},"excerpt":{"rendered":"<p>Venez d\u00e9couvrir nos expositions, explorer nos collections et interagir avec notre \u00e9quipe de m\u00e9diateurs! Adoptant des approches participatives et des perspectives citoyennes, les programmes \u00e9ducatifs du Mus\u00e9e visent \u00e0 susciter l\u2019engagement de ses publics au sein de leurs communaut\u00e9s pour une soci\u00e9t\u00e9 plus juste. Programmation pour les services de garde T\u00e9l\u00e9charger la fiche activit\u00e9 (PDF) [&hellip;]<\/p>\n","protected":false},"author":17,"featured_media":0,"parent":23232,"menu_order":0,"comment_status":"closed","ping_status":"closed","template":"page-templates\/page-texte.php","meta":{"footnotes":""},"categories":[],"tags":[],"acf":[],"yoast_head":"<!-- This site is optimized with the Yoast SEO Premium plugin v20.11 (Yoast SEO v20.11) - https:\/\/yoast.com\/wordpress\/plugins\/seo\/ -->\n<title>Service de garde - Les activit\u00e9s et visites \u00e9ducatives au Mus\u00e9e McCord Stewart<\/title>\n<meta name=\"description\" content=\"Service de garde: une sortie au cours de laquelle les enfants apprendront en s\u2019amusant lors des cong\u00e9s scolaires et des journ\u00e9es p\u00e9dagogiques!\" \/>\n<meta name=\"robots\" content=\"index, follow, max-snippet:-1, max-image-preview:large, max-video-preview:-1\" \/>\n<link rel=\"canonical\" href=\"https:\/\/www.musee-mccord-stewart.ca\/fr\/groupes\/service-de-garde\/\" \/>\n<meta property=\"og:locale\" content=\"fr_FR\" \/>\n<meta property=\"og:type\" content=\"article\" \/>\n<meta property=\"og:title\" content=\"Service de garde\" \/>\n<meta property=\"og:description\" content=\"Service de garde: une sortie au cours de laquelle les enfants apprendront en s\u2019amusant lors des cong\u00e9s scolaires et des journ\u00e9es p\u00e9dagogiques!\" \/>\n<meta property=\"og:url\" content=\"https:\/\/www.musee-mccord-stewart.ca\/fr\/groupes\/service-de-garde\/\" \/>\n<meta property=\"og:site_name\" content=\"Mus\u00e9e McCord Stewart\" \/>\n<meta property=\"article:publisher\" content=\"https:\/\/www.facebook.com\/museemccordstewart\" \/>\n<meta property=\"article:modified_time\" content=\"2026-03-03T21:18:03+00:00\" \/>\n<meta property=\"og:image\" content=\"https:\/\/www.musee-mccord-stewart.ca\/app\/uploads\/2016\/08\/servicegarde_800x520.jpg\" \/>\n\t<meta property=\"og:image:width\" content=\"800\" \/>\n\t<meta property=\"og:image:height\" content=\"520\" \/>\n\t<meta property=\"og:image:type\" content=\"image\/jpeg\" \/>\n<meta name=\"twitter:card\" content=\"summary_large_image\" \/>\n<meta name=\"twitter:description\" content=\"Service de garde: une sortie au cours de laquelle les enfants apprendront en s\u2019amusant lors des cong\u00e9s scolaires et des journ\u00e9es p\u00e9dagogiques!\" \/>\n<meta name=\"twitter:site\" content=\"@MuseeMcCordStew\" \/>\n<meta name=\"twitter:label1\" content=\"Dur\u00e9e de lecture estim\u00e9e\" \/>\n\t<meta name=\"twitter:data1\" content=\"1 minute\" \/>\n<script type=\"application\/ld+json\" class=\"yoast-schema-graph\">{\"@context\":\"https:\/\/schema.org\",\"@graph\":[{\"@type\":\"WebPage\",\"@id\":\"https:\/\/www.musee-mccord-stewart.ca\/fr\/groupes\/service-de-garde\/\",\"url\":\"https:\/\/www.musee-mccord-stewart.ca\/fr\/groupes\/service-de-garde\/\",\"name\":\"Service de garde - Les activit\u00e9s et visites \u00e9ducatives au Mus\u00e9e McCord Stewart\",\"isPartOf\":{\"@id\":\"https:\/\/www.musee-mccord-stewart.ca\/fr\/#website\"},\"datePublished\":\"2015-07-30T13:52:34+00:00\",\"dateModified\":\"2026-03-03T21:18:03+00:00\",\"description\":\"Service de garde: une sortie au cours de laquelle les enfants apprendront en s\u2019amusant lors des cong\u00e9s scolaires et des journ\u00e9es p\u00e9dagogiques!\",\"breadcrumb\":{\"@id\":\"https:\/\/www.musee-mccord-stewart.ca\/fr\/groupes\/service-de-garde\/#breadcrumb\"},\"inLanguage\":\"fr-FR\",\"potentialAction\":[{\"@type\":\"ReadAction\",\"target\":[\"https:\/\/www.musee-mccord-stewart.ca\/fr\/groupes\/service-de-garde\/\"]}]},{\"@type\":\"BreadcrumbList\",\"@id\":\"https:\/\/www.musee-mccord-stewart.ca\/fr\/groupes\/service-de-garde\/#breadcrumb\",\"itemListElement\":[{\"@type\":\"ListItem\",\"position\":1,\"name\":\"Accueil\",\"item\":\"https:\/\/www.musee-mccord-stewart.ca\/fr\/\"},{\"@type\":\"ListItem\",\"position\":2,\"name\":\"Groupes\",\"item\":\"https:\/\/www.musee-mccord-stewart.ca\/fr\/groupes\/\"},{\"@type\":\"ListItem\",\"position\":3,\"name\":\"Service de garde\"}]},{\"@type\":\"WebSite\",\"@id\":\"https:\/\/www.musee-mccord-stewart.ca\/fr\/#website\",\"url\":\"https:\/\/www.musee-mccord-stewart.ca\/fr\/\",\"name\":\"Mus\u00e9e McCord Stewart\",\"description\":\"Notre monde, nos histoires\",\"publisher\":{\"@id\":\"https:\/\/www.musee-mccord-stewart.ca\/fr\/#organization\"},\"alternateName\":\"MCS\",\"potentialAction\":[{\"@type\":\"SearchAction\",\"target\":{\"@type\":\"EntryPoint\",\"urlTemplate\":\"https:\/\/www.musee-mccord-stewart.ca\/fr\/?s={search_term_string}\"},\"query-input\":\"required name=search_term_string\"}],\"inLanguage\":\"fr-FR\"},{\"@type\":\"Organization\",\"@id\":\"https:\/\/www.musee-mccord-stewart.ca\/fr\/#organization\",\"name\":\"McCord Stewart Museum\",\"alternateName\":\"MCS\",\"url\":\"https:\/\/www.musee-mccord-stewart.ca\/fr\/\",\"logo\":{\"@type\":\"ImageObject\",\"inLanguage\":\"fr-FR\",\"@id\":\"https:\/\/www.musee-mccord-stewart.ca\/fr\/#\/schema\/logo\/image\/\",\"url\":\"https:\/\/www.musee-mccord-stewart.ca\/app\/uploads\/2023\/05\/logo_museemccordstewart_horizontal_noir_slogan.svg\",\"contentUrl\":\"https:\/\/www.musee-mccord-stewart.ca\/app\/uploads\/2023\/05\/logo_museemccordstewart_horizontal_noir_slogan.svg\",\"width\":1,\"height\":1,\"caption\":\"McCord Stewart Museum\"},\"image\":{\"@id\":\"https:\/\/www.musee-mccord-stewart.ca\/fr\/#\/schema\/logo\/image\/\"},\"sameAs\":[\"https:\/\/www.facebook.com\/museemccordstewart\",\"https:\/\/twitter.com\/MuseeMcCordStew\",\"https:\/\/instagram.com\/museemccordstewart\",\"https:\/\/www.linkedin.com\/company\/museemccordstewart\/\",\"https:\/\/www.pinterest.com\/museemccordstewart\/\",\"https:\/\/www.youtube.com\/c\/MuseeMcCordStewartMuseum\"]}]}<\/script>\n<!-- \/ Yoast SEO Premium plugin. -->","yoast_head_json":{"title":"Service de garde - Les activit\u00e9s et visites \u00e9ducatives au Mus\u00e9e McCord Stewart","description":"Service de garde: une sortie au cours de laquelle les enfants apprendront en s\u2019amusant lors des cong\u00e9s scolaires et des journ\u00e9es p\u00e9dagogiques!","robots":{"index":"index","follow":"follow","max-snippet":"max-snippet:-1","max-image-preview":"max-image-preview:large","max-video-preview":"max-video-preview:-1"},"canonical":"https:\/\/www.musee-mccord-stewart.ca\/fr\/groupes\/service-de-garde\/","og_locale":"fr_FR","og_type":"article","og_title":"Service de garde","og_description":"Service de garde: une sortie au cours de laquelle les enfants apprendront en s\u2019amusant lors des cong\u00e9s scolaires et des journ\u00e9es p\u00e9dagogiques!","og_url":"https:\/\/www.musee-mccord-stewart.ca\/fr\/groupes\/service-de-garde\/","og_site_name":"Mus\u00e9e McCord Stewart","article_publisher":"https:\/\/www.facebook.com\/museemccordstewart","article_modified_time":"2026-03-03T21:18:03+00:00","og_image":[{"width":800,"height":520,"url":"https:\/\/www.musee-mccord-stewart.ca\/app\/uploads\/2016\/08\/servicegarde_800x520.jpg","type":"image\/jpeg"}],"twitter_card":"summary_large_image","twitter_description":"Service de garde: une sortie au cours de laquelle les enfants apprendront en s\u2019amusant lors des cong\u00e9s scolaires et des journ\u00e9es p\u00e9dagogiques!","twitter_site":"@MuseeMcCordStew","twitter_misc":{"Dur\u00e9e de lecture estim\u00e9e":"1 minute"},"schema":{"@context":"https:\/\/schema.org","@graph":[{"@type":"WebPage","@id":"https:\/\/www.musee-mccord-stewart.ca\/fr\/groupes\/service-de-garde\/","url":"https:\/\/www.musee-mccord-stewart.ca\/fr\/groupes\/service-de-garde\/","name":"Service de garde - Les activit\u00e9s et visites \u00e9ducatives au Mus\u00e9e McCord Stewart","isPartOf":{"@id":"https:\/\/www.musee-mccord-stewart.ca\/fr\/#website"},"datePublished":"2015-07-30T13:52:34+00:00","dateModified":"2026-03-03T21:18:03+00:00","description":"Service de garde: une sortie au cours de laquelle les enfants apprendront en s\u2019amusant lors des cong\u00e9s scolaires et des journ\u00e9es p\u00e9dagogiques!","breadcrumb":{"@id":"https:\/\/www.musee-mccord-stewart.ca\/fr\/groupes\/service-de-garde\/#breadcrumb"},"inLanguage":"fr-FR","potentialAction":[{"@type":"ReadAction","target":["https:\/\/www.musee-mccord-stewart.ca\/fr\/groupes\/service-de-garde\/"]}]},{"@type":"BreadcrumbList","@id":"https:\/\/www.musee-mccord-stewart.ca\/fr\/groupes\/service-de-garde\/#breadcrumb","itemListElement":[{"@type":"ListItem","position":1,"name":"Accueil","item":"https:\/\/www.musee-mccord-stewart.ca\/fr\/"},{"@type":"ListItem","position":2,"name":"Groupes","item":"https:\/\/www.musee-mccord-stewart.ca\/fr\/groupes\/"},{"@type":"ListItem","position":3,"name":"Service de garde"}]},{"@type":"WebSite","@id":"https:\/\/www.musee-mccord-stewart.ca\/fr\/#website","url":"https:\/\/www.musee-mccord-stewart.ca\/fr\/","name":"Mus\u00e9e McCord Stewart","description":"Notre monde, nos histoires","publisher":{"@id":"https:\/\/www.musee-mccord-stewart.ca\/fr\/#organization"},"alternateName":"MCS","potentialAction":[{"@type":"SearchAction","target":{"@type":"EntryPoint","urlTemplate":"https:\/\/www.musee-mccord-stewart.ca\/fr\/?s={search_term_string}"},"query-input":"required name=search_term_string"}],"inLanguage":"fr-FR"},{"@type":"Organization","@id":"https:\/\/www.musee-mccord-stewart.ca\/fr\/#organization","name":"McCord Stewart Museum","alternateName":"MCS","url":"https:\/\/www.musee-mccord-stewart.ca\/fr\/","logo":{"@type":"ImageObject","inLanguage":"fr-FR","@id":"https:\/\/www.musee-mccord-stewart.ca\/fr\/#\/schema\/logo\/image\/","url":"https:\/\/www.musee-mccord-stewart.ca\/app\/uploads\/2023\/05\/logo_museemccordstewart_horizontal_noir_slogan.svg","contentUrl":"https:\/\/www.musee-mccord-stewart.ca\/app\/uploads\/2023\/05\/logo_museemccordstewart_horizontal_noir_slogan.svg","width":1,"height":1,"caption":"McCord Stewart Museum"},"image":{"@id":"https:\/\/www.musee-mccord-stewart.ca\/fr\/#\/schema\/logo\/image\/"},"sameAs":["https:\/\/www.facebook.com\/museemccordstewart","https:\/\/twitter.com\/MuseeMcCordStew","https:\/\/instagram.com\/museemccordstewart","https:\/\/www.linkedin.com\/company\/museemccordstewart\/","https:\/\/www.pinterest.com\/museemccordstewart\/","https:\/\/www.youtube.com\/c\/MuseeMcCordStewartMuseum"]}]}},"_links":{"self":[{"href":"https:\/\/www.musee-mccord-stewart.ca\/fr\/wp-json\/wp\/v2\/pages\/9135"}],"collection":[{"href":"https:\/\/www.musee-mccord-stewart.ca\/fr\/wp-json\/wp\/v2\/pages"}],"about":[{"href":"https:\/\/www.musee-mccord-stewart.ca\/fr\/wp-json\/wp\/v2\/types\/page"}],"author":[{"embeddable":true,"href":"https:\/\/www.musee-mccord-stewart.ca\/fr\/wp-json\/wp\/v2\/users\/17"}],"replies":[{"embeddable":true,"href":"https:\/\/www.musee-mccord-stewart.ca\/fr\/wp-json\/wp\/v2\/comments?post=9135"}],"version-history":[{"count":0,"href":"https:\/\/www.musee-mccord-stewart.ca\/fr\/wp-json\/wp\/v2\/pages\/9135\/revisions"}],"up":[{"embeddable":true,"href":"https:\/\/www.musee-mccord-stewart.ca\/fr\/wp-json\/wp\/v2\/pages\/23232"}],"wp:attachment":[{"href":"https:\/\/www.musee-mccord-stewart.ca\/fr\/wp-json\/wp\/v2\/media?parent=9135"}],"wp:term":[{"taxonomy":"category","embeddable":true,"href":"https:\/\/www.musee-mccord-stewart.ca\/fr\/wp-json\/wp\/v2\/categories?post=9135"},{"taxonomy":"post_tag","embeddable":true,"href":"https:\/\/www.musee-mccord-stewart.ca\/fr\/wp-json\/wp\/v2\/tags?post=9135"}],"curies":[{"name":"wp","href":"https:\/\/api.w.org\/{rel}","templated":true}]}}