{"id":9123,"date":"2015-07-31T15:02:32","date_gmt":"2015-07-31T19:02:32","guid":{"rendered":"http:\/\/www.musee-mccord-stewart.ca\/?page_id=9123"},"modified":"2016-04-20T15:30:40","modified_gmt":"2016-04-20T19:30:40","slug":"le-cirque-de-monsieur-lapin","status":"publish","type":"page","link":"https:\/\/www.musee-mccord-stewart.ca\/fr\/le-cirque-de-monsieur-lapin\/","title":{"rendered":"Le cirque de monsieur Lapin"},"content":{"rendered":"<p><strong>Client\u00e8le :<\/strong> pr\u00e9scolaire \/ primaire \/ classe d&rsquo;accueil<br \/>\n<strong>Dates :<\/strong>\u00a0du 1<sup>er<\/sup> novembre 2015 au 17 avril 2016<br \/>\n<strong>Dur\u00e9e :<\/strong>\u00a0120 minutes<br \/>\n<strong>Nombre max. :<\/strong> 60<br \/>\n<strong>Tarif :<\/strong> 6,50 $ par \u00e9l\u00e8ve<\/p>\n<p>Mise en sc\u00e8ne \u00e0 partir de la vaste collection\u00a0du Mus\u00e9e, l\u2019exposition de jouets vous entra\u00eene\u00a0\u00e0 la d\u00e9couverte de l\u2019univers de monsieur Lapin,\u00a0inspir\u00e9 d\u2019une s\u00e9rie de trois albums parue aux\u00a0\u00e9ditions Les 400 coups. \u00c0 travers l\u2019exposition\u00a0<em><strong><a href=\"http:\/\/www.musee-mccord-stewart.ca\/fr\/expositions\/le-cirque-de-monsieur-lapin\/\">Le cirque de monsieur Lapin<\/a><\/strong><\/em>, les \u00e9l\u00e8ves d\u00e9couvrent pour leur plus grand plaisir les aventures qui\u00a0se cachent dans les pages d\u2019un livre de contes, tandis que monsieur Lapin devient la vedette d\u2019un cirque. Un monde o\u00f9 l\u2019imagination r\u00e8gne !<\/p>\n<p>En <strong>atelier<\/strong>, les \u00e9l\u00e8ves r\u00e9alisent une carte\u00a0\u00ab pop-up \u00bb embl\u00e9matique de ce personnage.<\/p>\n<p><a class=\"download\" href=\"http:\/\/www.musee-mccord-stewart.ca\/app\/uploads\/2015\/07\/activiteseducatives_enfants_2015-16_fr_web.pdf\">T\u00e9l\u00e9charger le programme d&rsquo;activit\u00e9s \u00e9ducatives 2015-2016 au complet<\/a><\/p>\n<h4>Pour votre r\u00e9servation, pr\u00e9parez les informations suivantes :<\/h4>\n<ul>\n<li>Le titre de l\u2019activit\u00e9 choisie;<\/li>\n<li>Trois dates possibles pour faciliter votre r\u00e9servation;<\/li>\n<li>L\u2019heure souhait\u00e9e de\u00a0la visite, le nombre d&rsquo;\u00e9l\u00e8ves, le niveau et le cycle de votre groupe, et la langue dans laquelle vous d\u00e9sirez que votre visite se d\u00e9roule;<\/li>\n<li>Les coordonn\u00e9es compl\u00e8tes de votre \u00e9cole\u00a0incluant une adresse de courriel afin que vous puissiez recevoir la confirmation de la visite.<\/li>\n<\/ul>\n<p>Apr\u00e8s avoir effectu\u00e9 votre r\u00e9servation, vous recevrez une confirmation par courriel et vous devrez en accuser r\u00e9ception pour confirmer l\u2019horaire de votre visite et le nombre de participants.<\/p>\n<p>Pour assurer le bon d\u00e9roulement de la visite, pr\u00e9voyez suffisamment de temps pour les d\u00e9placements au vestiaire et \u00e0 la toilette, ou pour prendre une collation.<\/p>\n<p>Finalement, pr\u00e9voyez un accompagnateur pour 15 \u00e9l\u00e8ves: l\u2019entr\u00e9e sera gratuite pour ce dernier.<\/p>\n<h4>CHANGEMENTS ET ANNULATIONS<\/h4>\n<p>\u00c0 moins d\u2019une modification de votre part 48 heures avant la date de votre activit\u00e9, le montant total sera factur\u00e9 pour le nombre de participants indiqu\u00e9 lors de la r\u00e9servation.<\/p>\n<h4>MODALIT\u00c9S DE PAIEMENT<\/h4>\n<p>Le jour de l\u2019activit\u00e9, la personne responsable du groupe devra aller \u00e0 la billetterie pour finaliser le paiement. Le montant total sera payable sur place en argent comptant ou par ch\u00e8que. Il est aussi possible de payer par facturation. Vous devrez libeller votre ch\u00e8que \u00e0 l\u2019ordre du Mus\u00e9e McCord.<\/p>\n<h4>Espace d\u00eener<\/h4>\n<p>\u00c0 noter, un espace pour d\u00eener est disponible sur r\u00e9servation pour un montant forfaitaire de 50,00 $.<\/p>\n","protected":false},"excerpt":{"rendered":"<p>Client\u00e8le : pr\u00e9scolaire \/ primaire \/ classe d&rsquo;accueil Dates :\u00a0du 1er novembre 2015 au 17 avril 2016 Dur\u00e9e :\u00a0120 minutes Nombre max. : 60 Tarif : 6,50 $ par \u00e9l\u00e8ve Mise en sc\u00e8ne \u00e0 partir de la vaste collection\u00a0du Mus\u00e9e, l\u2019exposition de jouets vous entra\u00eene\u00a0\u00e0 la d\u00e9couverte de l\u2019univers de monsieur Lapin,\u00a0inspir\u00e9 d\u2019une s\u00e9rie de [&hellip;]<\/p>\n","protected":false},"author":17,"featured_media":0,"parent":0,"menu_order":0,"comment_status":"closed","ping_status":"closed","template":"page-templates\/page-texte.php","meta":{"footnotes":""},"categories":[],"tags":[],"acf":[],"yoast_head":"<!-- This site is optimized with the Yoast SEO Premium plugin v20.11 (Yoast SEO v20.11) - https:\/\/yoast.com\/wordpress\/plugins\/seo\/ -->\n<title>Le cirque de monsieur Lapin - Mus\u00e9e McCord Stewart<\/title>\n<meta name=\"description\" content=\"L\u2019exposition de jouets vous entra\u00eene \u00e0 la d\u00e9couverte de l\u2019univers de monsieur Lapin, inspir\u00e9 d\u2019une s\u00e9rie de trois albums parue aux \u00e9ditions Les 400 coups!\" \/>\n<meta name=\"robots\" content=\"index, follow, max-snippet:-1, max-image-preview:large, max-video-preview:-1\" \/>\n<link rel=\"canonical\" href=\"https:\/\/www.musee-mccord-stewart.ca\/fr\/le-cirque-de-monsieur-lapin\/\" \/>\n<meta property=\"og:locale\" content=\"fr_FR\" \/>\n<meta property=\"og:type\" content=\"article\" \/>\n<meta property=\"og:title\" content=\"Le cirque de monsieur Lapin\" \/>\n<meta property=\"og:description\" content=\"Client\u00e8le : pr\u00e9scolaire \/ primaire \/ classe d&#039;accueil Dates :\u00a0du 1er novembre 2015 au 17 avril 2016 Dur\u00e9e :\u00a0120 minutes Nombre max. : 60 Tarif : 6,50 $\" \/>\n<meta property=\"og:url\" content=\"https:\/\/www.musee-mccord-stewart.ca\/fr\/le-cirque-de-monsieur-lapin\/\" \/>\n<meta property=\"og:site_name\" content=\"Mus\u00e9e McCord Stewart\" \/>\n<meta property=\"article:publisher\" content=\"https:\/\/www.facebook.com\/museemccordstewart\" \/>\n<meta property=\"article:modified_time\" content=\"2016-04-20T19:30:40+00:00\" \/>\n<meta property=\"og:image\" content=\"https:\/\/www.musee-mccord-stewart.ca\/app\/uploads\/2022\/09\/mccord-stewart_facade-exterieur-henderson-2022_roger-aziz_1320x480.jpg\" \/>\n\t<meta property=\"og:image:width\" content=\"1320\" \/>\n\t<meta property=\"og:image:height\" content=\"480\" \/>\n\t<meta property=\"og:image:type\" content=\"image\/jpeg\" \/>\n<meta name=\"twitter:card\" content=\"summary_large_image\" \/>\n<meta name=\"twitter:site\" content=\"@MuseeMcCordStew\" \/>\n<meta name=\"twitter:label1\" content=\"Dur\u00e9e de lecture estim\u00e9e\" \/>\n\t<meta name=\"twitter:data1\" content=\"2 minutes\" \/>\n<script type=\"application\/ld+json\" class=\"yoast-schema-graph\">{\"@context\":\"https:\/\/schema.org\",\"@graph\":[{\"@type\":\"WebPage\",\"@id\":\"https:\/\/www.musee-mccord-stewart.ca\/fr\/le-cirque-de-monsieur-lapin\/\",\"url\":\"https:\/\/www.musee-mccord-stewart.ca\/fr\/le-cirque-de-monsieur-lapin\/\",\"name\":\"Le cirque de monsieur Lapin - Mus\u00e9e McCord Stewart\",\"isPartOf\":{\"@id\":\"https:\/\/www.musee-mccord-stewart.ca\/fr\/#website\"},\"datePublished\":\"2015-07-31T19:02:32+00:00\",\"dateModified\":\"2016-04-20T19:30:40+00:00\",\"description\":\"L\u2019exposition de jouets vous entra\u00eene \u00e0 la d\u00e9couverte de l\u2019univers de monsieur Lapin, inspir\u00e9 d\u2019une s\u00e9rie de trois albums parue aux \u00e9ditions Les 400 coups!\",\"breadcrumb\":{\"@id\":\"https:\/\/www.musee-mccord-stewart.ca\/fr\/le-cirque-de-monsieur-lapin\/#breadcrumb\"},\"inLanguage\":\"fr-FR\",\"potentialAction\":[{\"@type\":\"ReadAction\",\"target\":[\"https:\/\/www.musee-mccord-stewart.ca\/fr\/le-cirque-de-monsieur-lapin\/\"]}]},{\"@type\":\"BreadcrumbList\",\"@id\":\"https:\/\/www.musee-mccord-stewart.ca\/fr\/le-cirque-de-monsieur-lapin\/#breadcrumb\",\"itemListElement\":[{\"@type\":\"ListItem\",\"position\":1,\"name\":\"Accueil\",\"item\":\"https:\/\/www.musee-mccord-stewart.ca\/fr\/\"},{\"@type\":\"ListItem\",\"position\":2,\"name\":\"Le cirque de monsieur Lapin\"}]},{\"@type\":\"WebSite\",\"@id\":\"https:\/\/www.musee-mccord-stewart.ca\/fr\/#website\",\"url\":\"https:\/\/www.musee-mccord-stewart.ca\/fr\/\",\"name\":\"Mus\u00e9e McCord Stewart\",\"description\":\"Notre monde, nos histoires\",\"publisher\":{\"@id\":\"https:\/\/www.musee-mccord-stewart.ca\/fr\/#organization\"},\"alternateName\":\"MCS\",\"potentialAction\":[{\"@type\":\"SearchAction\",\"target\":{\"@type\":\"EntryPoint\",\"urlTemplate\":\"https:\/\/www.musee-mccord-stewart.ca\/fr\/?s={search_term_string}\"},\"query-input\":\"required name=search_term_string\"}],\"inLanguage\":\"fr-FR\"},{\"@type\":\"Organization\",\"@id\":\"https:\/\/www.musee-mccord-stewart.ca\/fr\/#organization\",\"name\":\"McCord Stewart Museum\",\"alternateName\":\"MCS\",\"url\":\"https:\/\/www.musee-mccord-stewart.ca\/fr\/\",\"logo\":{\"@type\":\"ImageObject\",\"inLanguage\":\"fr-FR\",\"@id\":\"https:\/\/www.musee-mccord-stewart.ca\/fr\/#\/schema\/logo\/image\/\",\"url\":\"https:\/\/www.musee-mccord-stewart.ca\/app\/uploads\/2023\/05\/logo_museemccordstewart_horizontal_noir_slogan.svg\",\"contentUrl\":\"https:\/\/www.musee-mccord-stewart.ca\/app\/uploads\/2023\/05\/logo_museemccordstewart_horizontal_noir_slogan.svg\",\"width\":1,\"height\":1,\"caption\":\"McCord Stewart Museum\"},\"image\":{\"@id\":\"https:\/\/www.musee-mccord-stewart.ca\/fr\/#\/schema\/logo\/image\/\"},\"sameAs\":[\"https:\/\/www.facebook.com\/museemccordstewart\",\"https:\/\/twitter.com\/MuseeMcCordStew\",\"https:\/\/instagram.com\/museemccordstewart\",\"https:\/\/www.linkedin.com\/company\/museemccordstewart\/\",\"https:\/\/www.pinterest.com\/museemccordstewart\/\",\"https:\/\/www.youtube.com\/c\/MuseeMcCordStewartMuseum\"]}]}<\/script>\n<!-- \/ Yoast SEO Premium plugin. -->","yoast_head_json":{"title":"Le cirque de monsieur Lapin - Mus\u00e9e McCord Stewart","description":"L\u2019exposition de jouets vous entra\u00eene \u00e0 la d\u00e9couverte de l\u2019univers de monsieur Lapin, inspir\u00e9 d\u2019une s\u00e9rie de trois albums parue aux \u00e9ditions Les 400 coups!","robots":{"index":"index","follow":"follow","max-snippet":"max-snippet:-1","max-image-preview":"max-image-preview:large","max-video-preview":"max-video-preview:-1"},"canonical":"https:\/\/www.musee-mccord-stewart.ca\/fr\/le-cirque-de-monsieur-lapin\/","og_locale":"fr_FR","og_type":"article","og_title":"Le cirque de monsieur Lapin","og_description":"Client\u00e8le : pr\u00e9scolaire \/ primaire \/ classe d'accueil Dates :\u00a0du 1er novembre 2015 au 17 avril 2016 Dur\u00e9e :\u00a0120 minutes Nombre max. : 60 Tarif : 6,50 $","og_url":"https:\/\/www.musee-mccord-stewart.ca\/fr\/le-cirque-de-monsieur-lapin\/","og_site_name":"Mus\u00e9e McCord Stewart","article_publisher":"https:\/\/www.facebook.com\/museemccordstewart","article_modified_time":"2016-04-20T19:30:40+00:00","og_image":[{"width":1320,"height":480,"url":"https:\/\/www.musee-mccord-stewart.ca\/app\/uploads\/2022\/09\/mccord-stewart_facade-exterieur-henderson-2022_roger-aziz_1320x480.jpg","type":"image\/jpeg"}],"twitter_card":"summary_large_image","twitter_site":"@MuseeMcCordStew","twitter_misc":{"Dur\u00e9e de lecture estim\u00e9e":"2 minutes"},"schema":{"@context":"https:\/\/schema.org","@graph":[{"@type":"WebPage","@id":"https:\/\/www.musee-mccord-stewart.ca\/fr\/le-cirque-de-monsieur-lapin\/","url":"https:\/\/www.musee-mccord-stewart.ca\/fr\/le-cirque-de-monsieur-lapin\/","name":"Le cirque de monsieur Lapin - Mus\u00e9e McCord Stewart","isPartOf":{"@id":"https:\/\/www.musee-mccord-stewart.ca\/fr\/#website"},"datePublished":"2015-07-31T19:02:32+00:00","dateModified":"2016-04-20T19:30:40+00:00","description":"L\u2019exposition de jouets vous entra\u00eene \u00e0 la d\u00e9couverte de l\u2019univers de monsieur Lapin, inspir\u00e9 d\u2019une s\u00e9rie de trois albums parue aux \u00e9ditions Les 400 coups!","breadcrumb":{"@id":"https:\/\/www.musee-mccord-stewart.ca\/fr\/le-cirque-de-monsieur-lapin\/#breadcrumb"},"inLanguage":"fr-FR","potentialAction":[{"@type":"ReadAction","target":["https:\/\/www.musee-mccord-stewart.ca\/fr\/le-cirque-de-monsieur-lapin\/"]}]},{"@type":"BreadcrumbList","@id":"https:\/\/www.musee-mccord-stewart.ca\/fr\/le-cirque-de-monsieur-lapin\/#breadcrumb","itemListElement":[{"@type":"ListItem","position":1,"name":"Accueil","item":"https:\/\/www.musee-mccord-stewart.ca\/fr\/"},{"@type":"ListItem","position":2,"name":"Le cirque de monsieur Lapin"}]},{"@type":"WebSite","@id":"https:\/\/www.musee-mccord-stewart.ca\/fr\/#website","url":"https:\/\/www.musee-mccord-stewart.ca\/fr\/","name":"Mus\u00e9e McCord Stewart","description":"Notre monde, nos histoires","publisher":{"@id":"https:\/\/www.musee-mccord-stewart.ca\/fr\/#organization"},"alternateName":"MCS","potentialAction":[{"@type":"SearchAction","target":{"@type":"EntryPoint","urlTemplate":"https:\/\/www.musee-mccord-stewart.ca\/fr\/?s={search_term_string}"},"query-input":"required name=search_term_string"}],"inLanguage":"fr-FR"},{"@type":"Organization","@id":"https:\/\/www.musee-mccord-stewart.ca\/fr\/#organization","name":"McCord Stewart Museum","alternateName":"MCS","url":"https:\/\/www.musee-mccord-stewart.ca\/fr\/","logo":{"@type":"ImageObject","inLanguage":"fr-FR","@id":"https:\/\/www.musee-mccord-stewart.ca\/fr\/#\/schema\/logo\/image\/","url":"https:\/\/www.musee-mccord-stewart.ca\/app\/uploads\/2023\/05\/logo_museemccordstewart_horizontal_noir_slogan.svg","contentUrl":"https:\/\/www.musee-mccord-stewart.ca\/app\/uploads\/2023\/05\/logo_museemccordstewart_horizontal_noir_slogan.svg","width":1,"height":1,"caption":"McCord Stewart Museum"},"image":{"@id":"https:\/\/www.musee-mccord-stewart.ca\/fr\/#\/schema\/logo\/image\/"},"sameAs":["https:\/\/www.facebook.com\/museemccordstewart","https:\/\/twitter.com\/MuseeMcCordStew","https:\/\/instagram.com\/museemccordstewart","https:\/\/www.linkedin.com\/company\/museemccordstewart\/","https:\/\/www.pinterest.com\/museemccordstewart\/","https:\/\/www.youtube.com\/c\/MuseeMcCordStewartMuseum"]}]}},"_links":{"self":[{"href":"https:\/\/www.musee-mccord-stewart.ca\/fr\/wp-json\/wp\/v2\/pages\/9123"}],"collection":[{"href":"https:\/\/www.musee-mccord-stewart.ca\/fr\/wp-json\/wp\/v2\/pages"}],"about":[{"href":"https:\/\/www.musee-mccord-stewart.ca\/fr\/wp-json\/wp\/v2\/types\/page"}],"author":[{"embeddable":true,"href":"https:\/\/www.musee-mccord-stewart.ca\/fr\/wp-json\/wp\/v2\/users\/17"}],"replies":[{"embeddable":true,"href":"https:\/\/www.musee-mccord-stewart.ca\/fr\/wp-json\/wp\/v2\/comments?post=9123"}],"version-history":[{"count":0,"href":"https:\/\/www.musee-mccord-stewart.ca\/fr\/wp-json\/wp\/v2\/pages\/9123\/revisions"}],"wp:attachment":[{"href":"https:\/\/www.musee-mccord-stewart.ca\/fr\/wp-json\/wp\/v2\/media?parent=9123"}],"wp:term":[{"taxonomy":"category","embeddable":true,"href":"https:\/\/www.musee-mccord-stewart.ca\/fr\/wp-json\/wp\/v2\/categories?post=9123"},{"taxonomy":"post_tag","embeddable":true,"href":"https:\/\/www.musee-mccord-stewart.ca\/fr\/wp-json\/wp\/v2\/tags?post=9123"}],"curies":[{"name":"wp","href":"https:\/\/api.w.org\/{rel}","templated":true}]}}