{"id":9038,"date":"2015-07-29T11:54:56","date_gmt":"2015-07-29T15:54:56","guid":{"rendered":"http:\/\/www.mccord-museum.qc.ca\/?page_id=9038"},"modified":"2015-07-31T17:18:23","modified_gmt":"2015-07-31T21:18:23","slug":"retrait-des-contenus-eduweb","status":"publish","type":"page","link":"https:\/\/www.musee-mccord-stewart.ca\/fr\/retrait-des-contenus-eduweb\/","title":{"rendered":"\u00c9duweb"},"content":{"rendered":"<p>Dans le cadre de la refonte de son site Internet, le Mus\u00e9e McCord a proc\u00e9d\u00e9 \u00e0 un \u00e9lagage du mat\u00e9riel \u00e9ducatif, dont la section \u00c9duWeb. Des <a href=\"http:\/\/www.musee-mccord-stewart.ca\/scripts\/explore.php?Lang=2&amp;tableid=11\">ensembles th\u00e9matiques<\/a>, des <a href=\"http:\/\/www.musee-mccord-stewart.ca\/fr\/clefs\/jeux\/\">jeux<\/a> et des <a href=\"http:\/\/www.musee-mccord-stewart.ca\/fr\/clefs\/circuits\/\">circuits th\u00e9matiques<\/a> sont toujours disponibles et la cr\u00e9ation de dossiers d\u2019images est encore possible via <a href=\"http:\/\/www.musee-mccord-stewart.ca\/scripts\/user.php?Lang=2\">Mon McCord<\/a>.<\/p>\n<p>La deuxi\u00e8me phase de la refonte sera consacr\u00e9e \u00e0 dynamiser les 137 000 artefacts d\u00e9j\u00e0 en ligne pour mieux r\u00e9pondre aux besoins en mati\u00e8re de recherche et de diffusion.<\/p>\n","protected":false},"excerpt":{"rendered":"<p>Dans le cadre de la refonte de son site Internet, le Mus\u00e9e McCord a proc\u00e9d\u00e9 \u00e0 un \u00e9lagage du mat\u00e9riel \u00e9ducatif, dont la section \u00c9duWeb. Des ensembles th\u00e9matiques, des jeux et des circuits th\u00e9matiques sont toujours disponibles et la cr\u00e9ation de dossiers d\u2019images est encore possible via Mon McCord. La deuxi\u00e8me phase de la refonte [&hellip;]<\/p>\n","protected":false},"author":3,"featured_media":0,"parent":0,"menu_order":0,"comment_status":"closed","ping_status":"closed","template":"page-templates\/page-texte.php","meta":{"footnotes":""},"categories":[],"tags":[],"acf":[],"yoast_head":"<!-- This site is optimized with the Yoast SEO Premium plugin v20.11 (Yoast SEO v20.11) - https:\/\/yoast.com\/wordpress\/plugins\/seo\/ -->\n<title>\u00c9duweb - Mus\u00e9e McCord Stewart<\/title>\n<meta name=\"description\" content=\"Dans le cadre de la refonte de son site Internet, le Mus\u00e9e McCord a proc\u00e9d\u00e9 \u00e0 un \u00e9lagage du mat\u00e9riel \u00e9ducatif, dont la section \u00c9duWeb. Des ensembles\" \/>\n<meta name=\"robots\" content=\"index, follow, max-snippet:-1, max-image-preview:large, max-video-preview:-1\" \/>\n<link rel=\"canonical\" href=\"https:\/\/www.musee-mccord-stewart.ca\/fr\/retrait-des-contenus-eduweb\/\" \/>\n<meta property=\"og:locale\" content=\"fr_FR\" \/>\n<meta property=\"og:type\" content=\"article\" \/>\n<meta property=\"og:title\" content=\"\u00c9duweb\" \/>\n<meta property=\"og:description\" content=\"Dans le cadre de la refonte de son site Internet, le Mus\u00e9e McCord a proc\u00e9d\u00e9 \u00e0 un \u00e9lagage du mat\u00e9riel \u00e9ducatif, dont la section \u00c9duWeb. Des ensembles\" \/>\n<meta property=\"og:url\" content=\"https:\/\/www.musee-mccord-stewart.ca\/fr\/retrait-des-contenus-eduweb\/\" \/>\n<meta property=\"og:site_name\" content=\"Mus\u00e9e McCord Stewart\" \/>\n<meta property=\"article:publisher\" content=\"https:\/\/www.facebook.com\/museemccordstewart\" \/>\n<meta property=\"article:modified_time\" content=\"2015-07-31T21:18:23+00:00\" \/>\n<meta property=\"og:image\" content=\"https:\/\/www.musee-mccord-stewart.ca\/app\/uploads\/2022\/09\/mccord-stewart_facade-exterieur-henderson-2022_roger-aziz_1320x480.jpg\" \/>\n\t<meta property=\"og:image:width\" content=\"1320\" \/>\n\t<meta property=\"og:image:height\" content=\"480\" \/>\n\t<meta property=\"og:image:type\" content=\"image\/jpeg\" \/>\n<meta name=\"twitter:card\" content=\"summary_large_image\" \/>\n<meta name=\"twitter:site\" content=\"@MuseeMcCordStew\" \/>\n<script type=\"application\/ld+json\" class=\"yoast-schema-graph\">{\"@context\":\"https:\/\/schema.org\",\"@graph\":[{\"@type\":\"WebPage\",\"@id\":\"https:\/\/www.musee-mccord-stewart.ca\/fr\/retrait-des-contenus-eduweb\/\",\"url\":\"https:\/\/www.musee-mccord-stewart.ca\/fr\/retrait-des-contenus-eduweb\/\",\"name\":\"\u00c9duweb - Mus\u00e9e McCord Stewart\",\"isPartOf\":{\"@id\":\"https:\/\/www.musee-mccord-stewart.ca\/fr\/#website\"},\"datePublished\":\"2015-07-29T15:54:56+00:00\",\"dateModified\":\"2015-07-31T21:18:23+00:00\",\"description\":\"Dans le cadre de la refonte de son site Internet, le Mus\u00e9e McCord a proc\u00e9d\u00e9 \u00e0 un \u00e9lagage du mat\u00e9riel \u00e9ducatif, dont la section \u00c9duWeb. Des ensembles\",\"breadcrumb\":{\"@id\":\"https:\/\/www.musee-mccord-stewart.ca\/fr\/retrait-des-contenus-eduweb\/#breadcrumb\"},\"inLanguage\":\"fr-FR\",\"potentialAction\":[{\"@type\":\"ReadAction\",\"target\":[\"https:\/\/www.musee-mccord-stewart.ca\/fr\/retrait-des-contenus-eduweb\/\"]}]},{\"@type\":\"BreadcrumbList\",\"@id\":\"https:\/\/www.musee-mccord-stewart.ca\/fr\/retrait-des-contenus-eduweb\/#breadcrumb\",\"itemListElement\":[{\"@type\":\"ListItem\",\"position\":1,\"name\":\"Accueil\",\"item\":\"https:\/\/www.musee-mccord-stewart.ca\/fr\/\"},{\"@type\":\"ListItem\",\"position\":2,\"name\":\"\u00c9duweb\"}]},{\"@type\":\"WebSite\",\"@id\":\"https:\/\/www.musee-mccord-stewart.ca\/fr\/#website\",\"url\":\"https:\/\/www.musee-mccord-stewart.ca\/fr\/\",\"name\":\"Mus\u00e9e McCord Stewart\",\"description\":\"Notre monde, nos histoires\",\"publisher\":{\"@id\":\"https:\/\/www.musee-mccord-stewart.ca\/fr\/#organization\"},\"alternateName\":\"MCS\",\"potentialAction\":[{\"@type\":\"SearchAction\",\"target\":{\"@type\":\"EntryPoint\",\"urlTemplate\":\"https:\/\/www.musee-mccord-stewart.ca\/fr\/?s={search_term_string}\"},\"query-input\":\"required name=search_term_string\"}],\"inLanguage\":\"fr-FR\"},{\"@type\":\"Organization\",\"@id\":\"https:\/\/www.musee-mccord-stewart.ca\/fr\/#organization\",\"name\":\"McCord Stewart Museum\",\"alternateName\":\"MCS\",\"url\":\"https:\/\/www.musee-mccord-stewart.ca\/fr\/\",\"logo\":{\"@type\":\"ImageObject\",\"inLanguage\":\"fr-FR\",\"@id\":\"https:\/\/www.musee-mccord-stewart.ca\/fr\/#\/schema\/logo\/image\/\",\"url\":\"https:\/\/www.musee-mccord-stewart.ca\/app\/uploads\/2023\/05\/logo_museemccordstewart_horizontal_noir_slogan.svg\",\"contentUrl\":\"https:\/\/www.musee-mccord-stewart.ca\/app\/uploads\/2023\/05\/logo_museemccordstewart_horizontal_noir_slogan.svg\",\"width\":1,\"height\":1,\"caption\":\"McCord Stewart Museum\"},\"image\":{\"@id\":\"https:\/\/www.musee-mccord-stewart.ca\/fr\/#\/schema\/logo\/image\/\"},\"sameAs\":[\"https:\/\/www.facebook.com\/museemccordstewart\",\"https:\/\/twitter.com\/MuseeMcCordStew\",\"https:\/\/instagram.com\/museemccordstewart\",\"https:\/\/www.linkedin.com\/company\/museemccordstewart\/\",\"https:\/\/www.pinterest.com\/museemccordstewart\/\",\"https:\/\/www.youtube.com\/c\/MuseeMcCordStewartMuseum\"]}]}<\/script>\n<!-- \/ Yoast SEO Premium plugin. -->","yoast_head_json":{"title":"\u00c9duweb - Mus\u00e9e McCord Stewart","description":"Dans le cadre de la refonte de son site Internet, le Mus\u00e9e McCord a proc\u00e9d\u00e9 \u00e0 un \u00e9lagage du mat\u00e9riel \u00e9ducatif, dont la section \u00c9duWeb. Des ensembles","robots":{"index":"index","follow":"follow","max-snippet":"max-snippet:-1","max-image-preview":"max-image-preview:large","max-video-preview":"max-video-preview:-1"},"canonical":"https:\/\/www.musee-mccord-stewart.ca\/fr\/retrait-des-contenus-eduweb\/","og_locale":"fr_FR","og_type":"article","og_title":"\u00c9duweb","og_description":"Dans le cadre de la refonte de son site Internet, le Mus\u00e9e McCord a proc\u00e9d\u00e9 \u00e0 un \u00e9lagage du mat\u00e9riel \u00e9ducatif, dont la section \u00c9duWeb. Des ensembles","og_url":"https:\/\/www.musee-mccord-stewart.ca\/fr\/retrait-des-contenus-eduweb\/","og_site_name":"Mus\u00e9e McCord Stewart","article_publisher":"https:\/\/www.facebook.com\/museemccordstewart","article_modified_time":"2015-07-31T21:18:23+00:00","og_image":[{"width":1320,"height":480,"url":"https:\/\/www.musee-mccord-stewart.ca\/app\/uploads\/2022\/09\/mccord-stewart_facade-exterieur-henderson-2022_roger-aziz_1320x480.jpg","type":"image\/jpeg"}],"twitter_card":"summary_large_image","twitter_site":"@MuseeMcCordStew","schema":{"@context":"https:\/\/schema.org","@graph":[{"@type":"WebPage","@id":"https:\/\/www.musee-mccord-stewart.ca\/fr\/retrait-des-contenus-eduweb\/","url":"https:\/\/www.musee-mccord-stewart.ca\/fr\/retrait-des-contenus-eduweb\/","name":"\u00c9duweb - Mus\u00e9e McCord Stewart","isPartOf":{"@id":"https:\/\/www.musee-mccord-stewart.ca\/fr\/#website"},"datePublished":"2015-07-29T15:54:56+00:00","dateModified":"2015-07-31T21:18:23+00:00","description":"Dans le cadre de la refonte de son site Internet, le Mus\u00e9e McCord a proc\u00e9d\u00e9 \u00e0 un \u00e9lagage du mat\u00e9riel \u00e9ducatif, dont la section \u00c9duWeb. Des ensembles","breadcrumb":{"@id":"https:\/\/www.musee-mccord-stewart.ca\/fr\/retrait-des-contenus-eduweb\/#breadcrumb"},"inLanguage":"fr-FR","potentialAction":[{"@type":"ReadAction","target":["https:\/\/www.musee-mccord-stewart.ca\/fr\/retrait-des-contenus-eduweb\/"]}]},{"@type":"BreadcrumbList","@id":"https:\/\/www.musee-mccord-stewart.ca\/fr\/retrait-des-contenus-eduweb\/#breadcrumb","itemListElement":[{"@type":"ListItem","position":1,"name":"Accueil","item":"https:\/\/www.musee-mccord-stewart.ca\/fr\/"},{"@type":"ListItem","position":2,"name":"\u00c9duweb"}]},{"@type":"WebSite","@id":"https:\/\/www.musee-mccord-stewart.ca\/fr\/#website","url":"https:\/\/www.musee-mccord-stewart.ca\/fr\/","name":"Mus\u00e9e McCord Stewart","description":"Notre monde, nos histoires","publisher":{"@id":"https:\/\/www.musee-mccord-stewart.ca\/fr\/#organization"},"alternateName":"MCS","potentialAction":[{"@type":"SearchAction","target":{"@type":"EntryPoint","urlTemplate":"https:\/\/www.musee-mccord-stewart.ca\/fr\/?s={search_term_string}"},"query-input":"required name=search_term_string"}],"inLanguage":"fr-FR"},{"@type":"Organization","@id":"https:\/\/www.musee-mccord-stewart.ca\/fr\/#organization","name":"McCord Stewart Museum","alternateName":"MCS","url":"https:\/\/www.musee-mccord-stewart.ca\/fr\/","logo":{"@type":"ImageObject","inLanguage":"fr-FR","@id":"https:\/\/www.musee-mccord-stewart.ca\/fr\/#\/schema\/logo\/image\/","url":"https:\/\/www.musee-mccord-stewart.ca\/app\/uploads\/2023\/05\/logo_museemccordstewart_horizontal_noir_slogan.svg","contentUrl":"https:\/\/www.musee-mccord-stewart.ca\/app\/uploads\/2023\/05\/logo_museemccordstewart_horizontal_noir_slogan.svg","width":1,"height":1,"caption":"McCord Stewart Museum"},"image":{"@id":"https:\/\/www.musee-mccord-stewart.ca\/fr\/#\/schema\/logo\/image\/"},"sameAs":["https:\/\/www.facebook.com\/museemccordstewart","https:\/\/twitter.com\/MuseeMcCordStew","https:\/\/instagram.com\/museemccordstewart","https:\/\/www.linkedin.com\/company\/museemccordstewart\/","https:\/\/www.pinterest.com\/museemccordstewart\/","https:\/\/www.youtube.com\/c\/MuseeMcCordStewartMuseum"]}]}},"_links":{"self":[{"href":"https:\/\/www.musee-mccord-stewart.ca\/fr\/wp-json\/wp\/v2\/pages\/9038"}],"collection":[{"href":"https:\/\/www.musee-mccord-stewart.ca\/fr\/wp-json\/wp\/v2\/pages"}],"about":[{"href":"https:\/\/www.musee-mccord-stewart.ca\/fr\/wp-json\/wp\/v2\/types\/page"}],"author":[{"embeddable":true,"href":"https:\/\/www.musee-mccord-stewart.ca\/fr\/wp-json\/wp\/v2\/users\/3"}],"replies":[{"embeddable":true,"href":"https:\/\/www.musee-mccord-stewart.ca\/fr\/wp-json\/wp\/v2\/comments?post=9038"}],"version-history":[{"count":0,"href":"https:\/\/www.musee-mccord-stewart.ca\/fr\/wp-json\/wp\/v2\/pages\/9038\/revisions"}],"wp:attachment":[{"href":"https:\/\/www.musee-mccord-stewart.ca\/fr\/wp-json\/wp\/v2\/media?parent=9038"}],"wp:term":[{"taxonomy":"category","embeddable":true,"href":"https:\/\/www.musee-mccord-stewart.ca\/fr\/wp-json\/wp\/v2\/categories?post=9038"},{"taxonomy":"post_tag","embeddable":true,"href":"https:\/\/www.musee-mccord-stewart.ca\/fr\/wp-json\/wp\/v2\/tags?post=9038"}],"curies":[{"name":"wp","href":"https:\/\/api.w.org\/{rel}","templated":true}]}}