{"id":754,"date":"2015-03-18T11:12:38","date_gmt":"2015-03-18T15:12:38","guid":{"rendered":"http:\/\/www.musee-mccord-stewart.ca\/?page_id=754"},"modified":"2025-09-11T16:40:18","modified_gmt":"2025-09-11T20:40:18","slug":"politiques","status":"publish","type":"page","link":"https:\/\/www.musee-mccord-stewart.ca\/fr\/politiques\/","title":{"rendered":"Politique de confidentialit\u00e9"},"content":{"rendered":"<p>Le Mus\u00e9e McCord Stewart et la Fondation du Mus\u00e9e McCord (\u00ab\u00a0le Mus\u00e9e et sa Fondation\u00a0\u00bb) prennent \u00e0 c\u0153ur la protection des renseignements personnels. La pr\u00e9sente politique de confidentialit\u00e9 (la \u00ab\u00a0Politique\u00a0\u00bb) a pour but d\u2019expliquer comment le Mus\u00e9e et sa Fondation recueillent, utilisent et communiquent vos renseignements personnels lorsque vous utilisez leur site Web et leurs services, de m\u00eame que vos droits \u00e0 cet \u00e9gard.<\/p>\n<p>Le Mus\u00e9e et sa Fondation sont deux personnes morales distinctes. Elles sont toutefois li\u00e9es par des ressources et des objectifs communs. Ainsi, il est possible qu\u2019elles demandent votre accord pour s\u2019\u00e9changer, lorsque n\u00e9cessaire, les renseignements personnels confi\u00e9s \u00e0 l\u2019une ou \u00e0 l\u2019autre des entit\u00e9s aux fins pr\u00e9vues \u00e0 la Politique, sauf en cas de refus explicite de votre part.<\/p>\n<p>La Politique ne s\u2019applique pas aux sites Web de parties tierces, y compris ceux auxquels il est possible d\u2019acc\u00e9der par l\u2019entremise de liens se trouvant sur le site Web du Mus\u00e9e et sa Fondation, qui ne sont pas responsables de tels sites. Si vous consultez un site Web d\u2019une partie tierce, celle-ci disposera de ses propres politiques qu\u2019il vous incombera de consulter avant de soumettre vos renseignements personnels, le cas \u00e9ch\u00e9ant.<\/p>\n<p>La Politique ne s\u2019applique pas \u00e0 la collection, \u00e0 la d\u00e9tention, \u00e0 l\u2019utilisation ou \u00e0 la communication de mat\u00e9riel historique ou g\u00e9n\u00e9alogique dans un but d\u2019information l\u00e9gitime du public.<\/p>\n","protected":false},"excerpt":{"rendered":"<p>Le Mus\u00e9e McCord Stewart et la Fondation du Mus\u00e9e McCord (\u00ab\u00a0le Mus\u00e9e et sa Fondation\u00a0\u00bb) prennent \u00e0 c\u0153ur la protection des renseignements personnels. La pr\u00e9sente politique de confidentialit\u00e9 (la \u00ab\u00a0Politique\u00a0\u00bb) a pour but d\u2019expliquer comment le Mus\u00e9e et sa Fondation recueillent, utilisent et communiquent vos renseignements personnels lorsque vous utilisez leur site Web et leurs [&hellip;]<\/p>\n","protected":false},"author":1,"featured_media":0,"parent":0,"menu_order":0,"comment_status":"closed","ping_status":"closed","template":"page-templates\/page-texte.php","meta":{"footnotes":""},"categories":[],"tags":[],"acf":[],"yoast_head":"<!-- This site is optimized with the Yoast SEO Premium plugin v20.11 (Yoast SEO v20.11) - https:\/\/yoast.com\/wordpress\/plugins\/seo\/ -->\n<title>Politique de confidentialit\u00e9 - Mus\u00e9e McCord Stewart<\/title>\n<meta name=\"description\" content=\"Le Mus\u00e9e et sa Fondation\u00a0prennent \u00e0 c\u0153ur la protection des renseignements personnels. Voici comment ils sont recueillis, utilis\u00e9s et communiqu\u00e9s.\" \/>\n<meta name=\"robots\" content=\"index, follow, max-snippet:-1, max-image-preview:large, max-video-preview:-1\" \/>\n<link rel=\"canonical\" href=\"https:\/\/www.musee-mccord-stewart.ca\/fr\/politiques\/\" \/>\n<meta property=\"og:locale\" content=\"fr_FR\" \/>\n<meta property=\"og:type\" content=\"article\" \/>\n<meta property=\"og:title\" content=\"Politique de confidentialit\u00e9\" \/>\n<meta property=\"og:description\" content=\"Le Mus\u00e9e et sa Fondation\u00a0prennent \u00e0 c\u0153ur la protection des renseignements personnels. Voici comment ils sont recueillis, utilis\u00e9s et communiqu\u00e9s.\" \/>\n<meta property=\"og:url\" content=\"https:\/\/www.musee-mccord-stewart.ca\/fr\/politiques\/\" \/>\n<meta property=\"og:site_name\" content=\"Mus\u00e9e McCord Stewart\" \/>\n<meta property=\"article:publisher\" content=\"https:\/\/www.facebook.com\/museemccordstewart\" \/>\n<meta property=\"article:modified_time\" content=\"2025-09-11T20:40:18+00:00\" \/>\n<meta property=\"og:image\" content=\"https:\/\/www.musee-mccord-stewart.ca\/app\/uploads\/2022\/09\/mccord-stewart_facade-exterieur-henderson-2022_roger-aziz_1320x480.jpg\" \/>\n\t<meta property=\"og:image:width\" content=\"1320\" \/>\n\t<meta property=\"og:image:height\" content=\"480\" \/>\n\t<meta property=\"og:image:type\" content=\"image\/jpeg\" \/>\n<meta name=\"twitter:card\" content=\"summary_large_image\" \/>\n<meta name=\"twitter:description\" content=\"Le Mus\u00e9e et sa Fondation\u00a0prennent \u00e0 c\u0153ur la protection des renseignements personnels. Voici comment ils sont recueillis, utilis\u00e9s et communiqu\u00e9s.\" \/>\n<meta name=\"twitter:site\" content=\"@MuseeMcCordStew\" \/>\n<meta name=\"twitter:label1\" content=\"Dur\u00e9e de lecture estim\u00e9e\" \/>\n\t<meta name=\"twitter:data1\" content=\"2 minutes\" \/>\n<script type=\"application\/ld+json\" class=\"yoast-schema-graph\">{\"@context\":\"https:\/\/schema.org\",\"@graph\":[{\"@type\":\"WebPage\",\"@id\":\"https:\/\/www.musee-mccord-stewart.ca\/fr\/politiques\/\",\"url\":\"https:\/\/www.musee-mccord-stewart.ca\/fr\/politiques\/\",\"name\":\"Politique de confidentialit\u00e9 - Mus\u00e9e McCord Stewart\",\"isPartOf\":{\"@id\":\"https:\/\/www.musee-mccord-stewart.ca\/fr\/#website\"},\"datePublished\":\"2015-03-18T15:12:38+00:00\",\"dateModified\":\"2025-09-11T20:40:18+00:00\",\"description\":\"Le Mus\u00e9e et sa Fondation\u00a0prennent \u00e0 c\u0153ur la protection des renseignements personnels. Voici comment ils sont recueillis, utilis\u00e9s et communiqu\u00e9s.\",\"breadcrumb\":{\"@id\":\"https:\/\/www.musee-mccord-stewart.ca\/fr\/politiques\/#breadcrumb\"},\"inLanguage\":\"fr-FR\",\"potentialAction\":[{\"@type\":\"ReadAction\",\"target\":[\"https:\/\/www.musee-mccord-stewart.ca\/fr\/politiques\/\"]}]},{\"@type\":\"BreadcrumbList\",\"@id\":\"https:\/\/www.musee-mccord-stewart.ca\/fr\/politiques\/#breadcrumb\",\"itemListElement\":[{\"@type\":\"ListItem\",\"position\":1,\"name\":\"Accueil\",\"item\":\"https:\/\/www.musee-mccord-stewart.ca\/fr\/\"},{\"@type\":\"ListItem\",\"position\":2,\"name\":\"Politique de confidentialit\u00e9\"}]},{\"@type\":\"WebSite\",\"@id\":\"https:\/\/www.musee-mccord-stewart.ca\/fr\/#website\",\"url\":\"https:\/\/www.musee-mccord-stewart.ca\/fr\/\",\"name\":\"Mus\u00e9e McCord Stewart\",\"description\":\"Notre monde, nos histoires\",\"publisher\":{\"@id\":\"https:\/\/www.musee-mccord-stewart.ca\/fr\/#organization\"},\"alternateName\":\"MCS\",\"potentialAction\":[{\"@type\":\"SearchAction\",\"target\":{\"@type\":\"EntryPoint\",\"urlTemplate\":\"https:\/\/www.musee-mccord-stewart.ca\/fr\/?s={search_term_string}\"},\"query-input\":\"required name=search_term_string\"}],\"inLanguage\":\"fr-FR\"},{\"@type\":\"Organization\",\"@id\":\"https:\/\/www.musee-mccord-stewart.ca\/fr\/#organization\",\"name\":\"McCord Stewart Museum\",\"alternateName\":\"MCS\",\"url\":\"https:\/\/www.musee-mccord-stewart.ca\/fr\/\",\"logo\":{\"@type\":\"ImageObject\",\"inLanguage\":\"fr-FR\",\"@id\":\"https:\/\/www.musee-mccord-stewart.ca\/fr\/#\/schema\/logo\/image\/\",\"url\":\"https:\/\/www.musee-mccord-stewart.ca\/app\/uploads\/2023\/05\/logo_museemccordstewart_horizontal_noir_slogan.svg\",\"contentUrl\":\"https:\/\/www.musee-mccord-stewart.ca\/app\/uploads\/2023\/05\/logo_museemccordstewart_horizontal_noir_slogan.svg\",\"width\":1,\"height\":1,\"caption\":\"McCord Stewart Museum\"},\"image\":{\"@id\":\"https:\/\/www.musee-mccord-stewart.ca\/fr\/#\/schema\/logo\/image\/\"},\"sameAs\":[\"https:\/\/www.facebook.com\/museemccordstewart\",\"https:\/\/twitter.com\/MuseeMcCordStew\",\"https:\/\/instagram.com\/museemccordstewart\",\"https:\/\/www.linkedin.com\/company\/museemccordstewart\/\",\"https:\/\/www.pinterest.com\/museemccordstewart\/\",\"https:\/\/www.youtube.com\/c\/MuseeMcCordStewartMuseum\"]}]}<\/script>\n<!-- \/ Yoast SEO Premium plugin. -->","yoast_head_json":{"title":"Politique de confidentialit\u00e9 - Mus\u00e9e McCord Stewart","description":"Le Mus\u00e9e et sa Fondation\u00a0prennent \u00e0 c\u0153ur la protection des renseignements personnels. Voici comment ils sont recueillis, utilis\u00e9s et communiqu\u00e9s.","robots":{"index":"index","follow":"follow","max-snippet":"max-snippet:-1","max-image-preview":"max-image-preview:large","max-video-preview":"max-video-preview:-1"},"canonical":"https:\/\/www.musee-mccord-stewart.ca\/fr\/politiques\/","og_locale":"fr_FR","og_type":"article","og_title":"Politique de confidentialit\u00e9","og_description":"Le Mus\u00e9e et sa Fondation\u00a0prennent \u00e0 c\u0153ur la protection des renseignements personnels. Voici comment ils sont recueillis, utilis\u00e9s et communiqu\u00e9s.","og_url":"https:\/\/www.musee-mccord-stewart.ca\/fr\/politiques\/","og_site_name":"Mus\u00e9e McCord Stewart","article_publisher":"https:\/\/www.facebook.com\/museemccordstewart","article_modified_time":"2025-09-11T20:40:18+00:00","og_image":[{"width":1320,"height":480,"url":"https:\/\/www.musee-mccord-stewart.ca\/app\/uploads\/2022\/09\/mccord-stewart_facade-exterieur-henderson-2022_roger-aziz_1320x480.jpg","type":"image\/jpeg"}],"twitter_card":"summary_large_image","twitter_description":"Le Mus\u00e9e et sa Fondation\u00a0prennent \u00e0 c\u0153ur la protection des renseignements personnels. Voici comment ils sont recueillis, utilis\u00e9s et communiqu\u00e9s.","twitter_site":"@MuseeMcCordStew","twitter_misc":{"Dur\u00e9e de lecture estim\u00e9e":"2 minutes"},"schema":{"@context":"https:\/\/schema.org","@graph":[{"@type":"WebPage","@id":"https:\/\/www.musee-mccord-stewart.ca\/fr\/politiques\/","url":"https:\/\/www.musee-mccord-stewart.ca\/fr\/politiques\/","name":"Politique de confidentialit\u00e9 - Mus\u00e9e McCord Stewart","isPartOf":{"@id":"https:\/\/www.musee-mccord-stewart.ca\/fr\/#website"},"datePublished":"2015-03-18T15:12:38+00:00","dateModified":"2025-09-11T20:40:18+00:00","description":"Le Mus\u00e9e et sa Fondation\u00a0prennent \u00e0 c\u0153ur la protection des renseignements personnels. Voici comment ils sont recueillis, utilis\u00e9s et communiqu\u00e9s.","breadcrumb":{"@id":"https:\/\/www.musee-mccord-stewart.ca\/fr\/politiques\/#breadcrumb"},"inLanguage":"fr-FR","potentialAction":[{"@type":"ReadAction","target":["https:\/\/www.musee-mccord-stewart.ca\/fr\/politiques\/"]}]},{"@type":"BreadcrumbList","@id":"https:\/\/www.musee-mccord-stewart.ca\/fr\/politiques\/#breadcrumb","itemListElement":[{"@type":"ListItem","position":1,"name":"Accueil","item":"https:\/\/www.musee-mccord-stewart.ca\/fr\/"},{"@type":"ListItem","position":2,"name":"Politique de confidentialit\u00e9"}]},{"@type":"WebSite","@id":"https:\/\/www.musee-mccord-stewart.ca\/fr\/#website","url":"https:\/\/www.musee-mccord-stewart.ca\/fr\/","name":"Mus\u00e9e McCord Stewart","description":"Notre monde, nos histoires","publisher":{"@id":"https:\/\/www.musee-mccord-stewart.ca\/fr\/#organization"},"alternateName":"MCS","potentialAction":[{"@type":"SearchAction","target":{"@type":"EntryPoint","urlTemplate":"https:\/\/www.musee-mccord-stewart.ca\/fr\/?s={search_term_string}"},"query-input":"required name=search_term_string"}],"inLanguage":"fr-FR"},{"@type":"Organization","@id":"https:\/\/www.musee-mccord-stewart.ca\/fr\/#organization","name":"McCord Stewart Museum","alternateName":"MCS","url":"https:\/\/www.musee-mccord-stewart.ca\/fr\/","logo":{"@type":"ImageObject","inLanguage":"fr-FR","@id":"https:\/\/www.musee-mccord-stewart.ca\/fr\/#\/schema\/logo\/image\/","url":"https:\/\/www.musee-mccord-stewart.ca\/app\/uploads\/2023\/05\/logo_museemccordstewart_horizontal_noir_slogan.svg","contentUrl":"https:\/\/www.musee-mccord-stewart.ca\/app\/uploads\/2023\/05\/logo_museemccordstewart_horizontal_noir_slogan.svg","width":1,"height":1,"caption":"McCord Stewart Museum"},"image":{"@id":"https:\/\/www.musee-mccord-stewart.ca\/fr\/#\/schema\/logo\/image\/"},"sameAs":["https:\/\/www.facebook.com\/museemccordstewart","https:\/\/twitter.com\/MuseeMcCordStew","https:\/\/instagram.com\/museemccordstewart","https:\/\/www.linkedin.com\/company\/museemccordstewart\/","https:\/\/www.pinterest.com\/museemccordstewart\/","https:\/\/www.youtube.com\/c\/MuseeMcCordStewartMuseum"]}]}},"_links":{"self":[{"href":"https:\/\/www.musee-mccord-stewart.ca\/fr\/wp-json\/wp\/v2\/pages\/754"}],"collection":[{"href":"https:\/\/www.musee-mccord-stewart.ca\/fr\/wp-json\/wp\/v2\/pages"}],"about":[{"href":"https:\/\/www.musee-mccord-stewart.ca\/fr\/wp-json\/wp\/v2\/types\/page"}],"author":[{"embeddable":true,"href":"https:\/\/www.musee-mccord-stewart.ca\/fr\/wp-json\/wp\/v2\/users\/1"}],"replies":[{"embeddable":true,"href":"https:\/\/www.musee-mccord-stewart.ca\/fr\/wp-json\/wp\/v2\/comments?post=754"}],"version-history":[{"count":0,"href":"https:\/\/www.musee-mccord-stewart.ca\/fr\/wp-json\/wp\/v2\/pages\/754\/revisions"}],"wp:attachment":[{"href":"https:\/\/www.musee-mccord-stewart.ca\/fr\/wp-json\/wp\/v2\/media?parent=754"}],"wp:term":[{"taxonomy":"category","embeddable":true,"href":"https:\/\/www.musee-mccord-stewart.ca\/fr\/wp-json\/wp\/v2\/categories?post=754"},{"taxonomy":"post_tag","embeddable":true,"href":"https:\/\/www.musee-mccord-stewart.ca\/fr\/wp-json\/wp\/v2\/tags?post=754"}],"curies":[{"name":"wp","href":"https:\/\/api.w.org\/{rel}","templated":true}]}}