{"id":746,"date":"2015-03-18T11:10:39","date_gmt":"2015-03-18T15:10:39","guid":{"rendered":"http:\/\/www.musee-mccord-stewart.ca\/?page_id=746"},"modified":"2025-10-23T13:47:08","modified_gmt":"2025-10-23T17:47:08","slug":"rapports-annuels","status":"publish","type":"page","link":"https:\/\/www.musee-mccord-stewart.ca\/fr\/rapports-annuels\/","title":{"rendered":"Rapports annuels"},"content":{"rendered":"<p>Le Mus\u00e9e\u202fMcCord Stewart est un lieu o\u00f9 la m\u00e9moire et l\u2019\u00e2me de Montr\u00e9al prennent vie, une institution qui \u00ab\u202fagit localement et pense avec le monde\u202f\u00bb, pour reprendre les mots du po\u00e8te et philosophe martiniquais \u00c9douard Glissant. Malgr\u00e9 un contexte global de plus en plus chahut\u00e9 \u2013\u202fo\u00f9 les menaces se multiplient, les relations se fragmentent, le ressentiment gronde et les sources de financement se tarissent\u202f\u2013, le Mus\u00e9e a consolid\u00e9 sa place d\u2019institution phare de la sc\u00e8ne culturelle m\u00e9tropolitaine, qu\u00e9b\u00e9coise et canadienne, comme en attestent les r\u00e9alisations et les distinctions qui ont marqu\u00e9 l\u2019ann\u00e9e 2024-2025.<\/p>\n<p style=\"text-align: right;\">\u2013 Anne Eschapasse, Pr\u00e9sidente et cheffe de la direction<\/p>\n<h2><strong>Rapport annuel 2024-2025 du Mus\u00e9e et de la Fondation<\/strong><\/h2>\n<p><iframe style=\"width: 800px; height: 500px;\" src=\"https:\/\/online.fliphtml5.com\/azufw\/fjgr\/\" frameborder=\"0\" scrolling=\"no\" seamless=\"seamless\" allowfullscreen=\"allowfullscreen\"><span data-mce-type=\"bookmark\" style=\"display: inline-block; width: 0px; overflow: hidden; line-height: 0;\" class=\"mce_SELRES_start\">\ufeff<\/span><span data-mce-type=\"bookmark\" style=\"display: inline-block; width: 0px; overflow: hidden; line-height: 0;\" class=\"mce_SELRES_start\">\ufeff<\/span><span data-mce-type=\"bookmark\" style=\"display: inline-block; width: 0px; overflow: hidden; line-height: 0;\" class=\"mce_SELRES_start\">\ufeff<\/span><span data-mce-type=\"bookmark\" style=\"display: inline-block; width: 0px; overflow: hidden; line-height: 0;\" class=\"mce_SELRES_start\">\ufeff<\/span><\/iframe><\/p>\n<p><span class=\"ui-provider chc chd buf che chf chg chh chi chj chk chl chm chn cho chp chq chr chs cht chu chv chw chx chy chz cia cib cic cid cie cif cig cih cii cij\" dir=\"ltr\"><strong>L\u2019ann\u00e9e 2024-2025 en quelques chiffres :<\/strong><\/span><\/p>\n<ul>\n<li>11 expositions<\/li>\n<li>2 symposiums<\/li>\n<li>5 prix<\/li>\n<li>+ de 291 000 visites sur site et hors les murs<\/li>\n<li>+ 12 % de visites individuelles<\/li>\n<li>+ de 160 500 fiches sur la plateforme Collections en ligne<\/li>\n<li>+ de 41 200 participations aux activit\u00e9s \u00e9ducatives, citoyennes et culturelles<\/li>\n<li>+ de 100 000 personnes abonn\u00e9es sur les r\u00e9seaux sociaux<\/li>\n<li>+ de 100 000 visites dans la Ruelle du Mus\u00e9e<\/li>\n<li>31 436 objets et \u0153uvres et 432,6\u202fcm d\u2019archives acquis<\/li>\n<\/ul>\n<p><a class=\"download\" title=\"\" href=\"https:\/\/www.musee-mccord-stewart.ca\/app\/uploads\/2025\/10\/musee-mccord-stewart-rapport-annuel-2024-2025.pdf\">2024-2025 Rapport annuel du Mus\u00e9e McCord Stewart et de la Fondation du Mus\u00e9e McCord Stewart<\/a><br \/>\n<a class=\"download\" title=\"\" href=\"https:\/\/www.musee-mccord-stewart.ca\/app\/uploads\/2025\/09\/etats-financiers-musee-mccord-stewart-2024-2025.pdf\" target=\"_blank\" rel=\"noopener\">2025 \u00c9tats financiers du Mus\u00e9e McCord Stewart<\/a><br \/>\n<a class=\"download\" title=\"\" href=\"https:\/\/www.musee-mccord-stewart.ca\/app\/uploads\/2025\/09\/etats-financiers-fondation-musee-mccord-stewart_2024-2025.pdf\" target=\"_blank\" rel=\"noopener\">2025 \u00c9tats financiers de la Fondation du Mus\u00e9e McCord Stewart<\/a><\/p>\n","protected":false},"excerpt":{"rendered":"<p>Le Mus\u00e9e\u202fMcCord Stewart est un lieu o\u00f9 la m\u00e9moire et l\u2019\u00e2me de Montr\u00e9al prennent vie, une institution qui \u00ab\u202fagit localement et pense avec le monde\u202f\u00bb, pour reprendre les mots du po\u00e8te et philosophe martiniquais \u00c9douard Glissant. Malgr\u00e9 un contexte global de plus en plus chahut\u00e9 \u2013\u202fo\u00f9 les menaces se multiplient, les relations se fragmentent, le [&hellip;]<\/p>\n","protected":false},"author":1,"featured_media":0,"parent":0,"menu_order":0,"comment_status":"closed","ping_status":"closed","template":"page-templates\/page-texte.php","meta":{"footnotes":""},"categories":[],"tags":[],"acf":[],"yoast_head":"<!-- This site is optimized with the Yoast SEO Premium plugin v20.11 (Yoast SEO v20.11) - https:\/\/yoast.com\/wordpress\/plugins\/seo\/ -->\n<title>Rapports annuels - Mus\u00e9e McCord Stewart<\/title>\n<meta name=\"description\" content=\"Consultez les rapports annuels du Mus\u00e9e McCord Stewart et de la Fondation du Mus\u00e9e McCord Stewart et apprenez-en plus sur les projets r\u00e9alis\u00e9s.\" \/>\n<meta name=\"robots\" content=\"index, follow, max-snippet:-1, max-image-preview:large, max-video-preview:-1\" \/>\n<link rel=\"canonical\" href=\"https:\/\/www.musee-mccord-stewart.ca\/fr\/rapports-annuels\/\" \/>\n<meta property=\"og:locale\" content=\"fr_FR\" \/>\n<meta property=\"og:type\" content=\"article\" \/>\n<meta property=\"og:title\" content=\"Rapports annuels\" \/>\n<meta property=\"og:description\" content=\"Consultez en ligne les rapports annuels du Mus\u00e9e McCord Stewart et de la Fondation du Mus\u00e9e McCord Stewart.\" \/>\n<meta property=\"og:url\" content=\"https:\/\/www.musee-mccord-stewart.ca\/fr\/rapports-annuels\/\" \/>\n<meta property=\"og:site_name\" content=\"Mus\u00e9e McCord Stewart\" \/>\n<meta property=\"article:publisher\" content=\"https:\/\/www.facebook.com\/museemccordstewart\" \/>\n<meta property=\"article:modified_time\" content=\"2025-10-23T17:47:08+00:00\" \/>\n<meta property=\"og:image\" content=\"https:\/\/www.musee-mccord-stewart.ca\/app\/uploads\/2015\/03\/rapportannuel_1320x480.jpg\" \/>\n\t<meta property=\"og:image:width\" content=\"1320\" \/>\n\t<meta property=\"og:image:height\" content=\"480\" \/>\n\t<meta property=\"og:image:type\" content=\"image\/jpeg\" \/>\n<meta name=\"twitter:card\" content=\"summary_large_image\" \/>\n<meta name=\"twitter:description\" content=\"Consultez en ligne les rapports annuels du Mus\u00e9e McCord Stewart et de la Fondation du Mus\u00e9e McCord Stewart.\" \/>\n<meta name=\"twitter:site\" content=\"@MuseeMcCordStew\" \/>\n<meta name=\"twitter:label1\" content=\"Dur\u00e9e de lecture estim\u00e9e\" \/>\n\t<meta name=\"twitter:data1\" content=\"2 minutes\" \/>\n<script type=\"application\/ld+json\" class=\"yoast-schema-graph\">{\"@context\":\"https:\/\/schema.org\",\"@graph\":[{\"@type\":\"WebPage\",\"@id\":\"https:\/\/www.musee-mccord-stewart.ca\/fr\/rapports-annuels\/\",\"url\":\"https:\/\/www.musee-mccord-stewart.ca\/fr\/rapports-annuels\/\",\"name\":\"Rapports annuels - Mus\u00e9e McCord Stewart\",\"isPartOf\":{\"@id\":\"https:\/\/www.musee-mccord-stewart.ca\/fr\/#website\"},\"datePublished\":\"2015-03-18T15:10:39+00:00\",\"dateModified\":\"2025-10-23T17:47:08+00:00\",\"description\":\"Consultez les rapports annuels du Mus\u00e9e McCord Stewart et de la Fondation du Mus\u00e9e McCord Stewart et apprenez-en plus sur les projets r\u00e9alis\u00e9s.\",\"breadcrumb\":{\"@id\":\"https:\/\/www.musee-mccord-stewart.ca\/fr\/rapports-annuels\/#breadcrumb\"},\"inLanguage\":\"fr-FR\",\"potentialAction\":[{\"@type\":\"ReadAction\",\"target\":[\"https:\/\/www.musee-mccord-stewart.ca\/fr\/rapports-annuels\/\"]}]},{\"@type\":\"BreadcrumbList\",\"@id\":\"https:\/\/www.musee-mccord-stewart.ca\/fr\/rapports-annuels\/#breadcrumb\",\"itemListElement\":[{\"@type\":\"ListItem\",\"position\":1,\"name\":\"Accueil\",\"item\":\"https:\/\/www.musee-mccord-stewart.ca\/fr\/\"},{\"@type\":\"ListItem\",\"position\":2,\"name\":\"Rapports annuels\"}]},{\"@type\":\"WebSite\",\"@id\":\"https:\/\/www.musee-mccord-stewart.ca\/fr\/#website\",\"url\":\"https:\/\/www.musee-mccord-stewart.ca\/fr\/\",\"name\":\"Mus\u00e9e McCord Stewart\",\"description\":\"Notre monde, nos histoires\",\"publisher\":{\"@id\":\"https:\/\/www.musee-mccord-stewart.ca\/fr\/#organization\"},\"alternateName\":\"MCS\",\"potentialAction\":[{\"@type\":\"SearchAction\",\"target\":{\"@type\":\"EntryPoint\",\"urlTemplate\":\"https:\/\/www.musee-mccord-stewart.ca\/fr\/?s={search_term_string}\"},\"query-input\":\"required name=search_term_string\"}],\"inLanguage\":\"fr-FR\"},{\"@type\":\"Organization\",\"@id\":\"https:\/\/www.musee-mccord-stewart.ca\/fr\/#organization\",\"name\":\"McCord Stewart Museum\",\"alternateName\":\"MCS\",\"url\":\"https:\/\/www.musee-mccord-stewart.ca\/fr\/\",\"logo\":{\"@type\":\"ImageObject\",\"inLanguage\":\"fr-FR\",\"@id\":\"https:\/\/www.musee-mccord-stewart.ca\/fr\/#\/schema\/logo\/image\/\",\"url\":\"https:\/\/www.musee-mccord-stewart.ca\/app\/uploads\/2023\/05\/logo_museemccordstewart_horizontal_noir_slogan.svg\",\"contentUrl\":\"https:\/\/www.musee-mccord-stewart.ca\/app\/uploads\/2023\/05\/logo_museemccordstewart_horizontal_noir_slogan.svg\",\"width\":1,\"height\":1,\"caption\":\"McCord Stewart Museum\"},\"image\":{\"@id\":\"https:\/\/www.musee-mccord-stewart.ca\/fr\/#\/schema\/logo\/image\/\"},\"sameAs\":[\"https:\/\/www.facebook.com\/museemccordstewart\",\"https:\/\/twitter.com\/MuseeMcCordStew\",\"https:\/\/instagram.com\/museemccordstewart\",\"https:\/\/www.linkedin.com\/company\/museemccordstewart\/\",\"https:\/\/www.pinterest.com\/museemccordstewart\/\",\"https:\/\/www.youtube.com\/c\/MuseeMcCordStewartMuseum\"]}]}<\/script>\n<!-- \/ Yoast SEO Premium plugin. -->","yoast_head_json":{"title":"Rapports annuels - Mus\u00e9e McCord Stewart","description":"Consultez les rapports annuels du Mus\u00e9e McCord Stewart et de la Fondation du Mus\u00e9e McCord Stewart et apprenez-en plus sur les projets r\u00e9alis\u00e9s.","robots":{"index":"index","follow":"follow","max-snippet":"max-snippet:-1","max-image-preview":"max-image-preview:large","max-video-preview":"max-video-preview:-1"},"canonical":"https:\/\/www.musee-mccord-stewart.ca\/fr\/rapports-annuels\/","og_locale":"fr_FR","og_type":"article","og_title":"Rapports annuels","og_description":"Consultez en ligne les rapports annuels du Mus\u00e9e McCord Stewart et de la Fondation du Mus\u00e9e McCord Stewart.","og_url":"https:\/\/www.musee-mccord-stewart.ca\/fr\/rapports-annuels\/","og_site_name":"Mus\u00e9e McCord Stewart","article_publisher":"https:\/\/www.facebook.com\/museemccordstewart","article_modified_time":"2025-10-23T17:47:08+00:00","og_image":[{"width":1320,"height":480,"url":"https:\/\/www.musee-mccord-stewart.ca\/app\/uploads\/2015\/03\/rapportannuel_1320x480.jpg","type":"image\/jpeg"}],"twitter_card":"summary_large_image","twitter_description":"Consultez en ligne les rapports annuels du Mus\u00e9e McCord Stewart et de la Fondation du Mus\u00e9e McCord Stewart.","twitter_site":"@MuseeMcCordStew","twitter_misc":{"Dur\u00e9e de lecture estim\u00e9e":"2 minutes"},"schema":{"@context":"https:\/\/schema.org","@graph":[{"@type":"WebPage","@id":"https:\/\/www.musee-mccord-stewart.ca\/fr\/rapports-annuels\/","url":"https:\/\/www.musee-mccord-stewart.ca\/fr\/rapports-annuels\/","name":"Rapports annuels - Mus\u00e9e McCord Stewart","isPartOf":{"@id":"https:\/\/www.musee-mccord-stewart.ca\/fr\/#website"},"datePublished":"2015-03-18T15:10:39+00:00","dateModified":"2025-10-23T17:47:08+00:00","description":"Consultez les rapports annuels du Mus\u00e9e McCord Stewart et de la Fondation du Mus\u00e9e McCord Stewart et apprenez-en plus sur les projets r\u00e9alis\u00e9s.","breadcrumb":{"@id":"https:\/\/www.musee-mccord-stewart.ca\/fr\/rapports-annuels\/#breadcrumb"},"inLanguage":"fr-FR","potentialAction":[{"@type":"ReadAction","target":["https:\/\/www.musee-mccord-stewart.ca\/fr\/rapports-annuels\/"]}]},{"@type":"BreadcrumbList","@id":"https:\/\/www.musee-mccord-stewart.ca\/fr\/rapports-annuels\/#breadcrumb","itemListElement":[{"@type":"ListItem","position":1,"name":"Accueil","item":"https:\/\/www.musee-mccord-stewart.ca\/fr\/"},{"@type":"ListItem","position":2,"name":"Rapports annuels"}]},{"@type":"WebSite","@id":"https:\/\/www.musee-mccord-stewart.ca\/fr\/#website","url":"https:\/\/www.musee-mccord-stewart.ca\/fr\/","name":"Mus\u00e9e McCord Stewart","description":"Notre monde, nos histoires","publisher":{"@id":"https:\/\/www.musee-mccord-stewart.ca\/fr\/#organization"},"alternateName":"MCS","potentialAction":[{"@type":"SearchAction","target":{"@type":"EntryPoint","urlTemplate":"https:\/\/www.musee-mccord-stewart.ca\/fr\/?s={search_term_string}"},"query-input":"required name=search_term_string"}],"inLanguage":"fr-FR"},{"@type":"Organization","@id":"https:\/\/www.musee-mccord-stewart.ca\/fr\/#organization","name":"McCord Stewart Museum","alternateName":"MCS","url":"https:\/\/www.musee-mccord-stewart.ca\/fr\/","logo":{"@type":"ImageObject","inLanguage":"fr-FR","@id":"https:\/\/www.musee-mccord-stewart.ca\/fr\/#\/schema\/logo\/image\/","url":"https:\/\/www.musee-mccord-stewart.ca\/app\/uploads\/2023\/05\/logo_museemccordstewart_horizontal_noir_slogan.svg","contentUrl":"https:\/\/www.musee-mccord-stewart.ca\/app\/uploads\/2023\/05\/logo_museemccordstewart_horizontal_noir_slogan.svg","width":1,"height":1,"caption":"McCord Stewart Museum"},"image":{"@id":"https:\/\/www.musee-mccord-stewart.ca\/fr\/#\/schema\/logo\/image\/"},"sameAs":["https:\/\/www.facebook.com\/museemccordstewart","https:\/\/twitter.com\/MuseeMcCordStew","https:\/\/instagram.com\/museemccordstewart","https:\/\/www.linkedin.com\/company\/museemccordstewart\/","https:\/\/www.pinterest.com\/museemccordstewart\/","https:\/\/www.youtube.com\/c\/MuseeMcCordStewartMuseum"]}]}},"_links":{"self":[{"href":"https:\/\/www.musee-mccord-stewart.ca\/fr\/wp-json\/wp\/v2\/pages\/746"}],"collection":[{"href":"https:\/\/www.musee-mccord-stewart.ca\/fr\/wp-json\/wp\/v2\/pages"}],"about":[{"href":"https:\/\/www.musee-mccord-stewart.ca\/fr\/wp-json\/wp\/v2\/types\/page"}],"author":[{"embeddable":true,"href":"https:\/\/www.musee-mccord-stewart.ca\/fr\/wp-json\/wp\/v2\/users\/1"}],"replies":[{"embeddable":true,"href":"https:\/\/www.musee-mccord-stewart.ca\/fr\/wp-json\/wp\/v2\/comments?post=746"}],"version-history":[{"count":0,"href":"https:\/\/www.musee-mccord-stewart.ca\/fr\/wp-json\/wp\/v2\/pages\/746\/revisions"}],"wp:attachment":[{"href":"https:\/\/www.musee-mccord-stewart.ca\/fr\/wp-json\/wp\/v2\/media?parent=746"}],"wp:term":[{"taxonomy":"category","embeddable":true,"href":"https:\/\/www.musee-mccord-stewart.ca\/fr\/wp-json\/wp\/v2\/categories?post=746"},{"taxonomy":"post_tag","embeddable":true,"href":"https:\/\/www.musee-mccord-stewart.ca\/fr\/wp-json\/wp\/v2\/tags?post=746"}],"curies":[{"name":"wp","href":"https:\/\/api.w.org\/{rel}","templated":true}]}}