{"id":742,"date":"2015-03-18T11:09:25","date_gmt":"2015-03-18T15:09:25","guid":{"rendered":"http:\/\/www.musee-mccord-stewart.ca\/?page_id=742"},"modified":"2026-04-01T17:53:17","modified_gmt":"2026-04-01T21:53:17","slug":"conseil-administration","status":"publish","type":"page","link":"https:\/\/www.musee-mccord-stewart.ca\/fr\/conseil-administration\/","title":{"rendered":"Conseil d&rsquo;administration"},"content":{"rendered":"<p>Ghislain Picard \u2013 <strong>Pr\u00e9sident<\/strong><br \/>\nDavid Veillette \u2013 <strong>Vice-pr\u00e9sident<\/strong><br \/>\nGuy Parent \u2013 <strong>Tr\u00e9sorier<\/strong><br \/>\nThomas Leslie \u2013 <strong>Secr\u00e9taire<\/strong><br \/>\nAnne Eschapasse \u2013 <strong>Membre d\u2019office<\/strong><br \/>\n\u00c9lisabeth Starenkyj \u2013 <strong>Membre d\u2019office<br \/>\n<\/strong>Jean-Pierre Ouellet <strong>\u2013 Membre d\u2019office, <\/strong>repr\u00e9sent\u00e9 par Bruce Bolton<br \/>\nDeep H. Saini \u2013 <strong>Membre d\u2019office, <\/strong>repr\u00e9sent\u00e9 par Guylaine Beaudry, <strong>Doyenne des biblioth\u00e8ques et titulaire de la chaire Trenholme<\/strong><\/p>\n<p>Arun Bajaj<br \/>\nM\u00e9linda Bastien<br \/>\nD\u00e9borah Cherenfant<br \/>\nCatherine Desbarats<br \/>\nPierre-Luc Dumas<br \/>\n\u00c9ric Girard<br \/>\nPatricia H\u00e9nault<br \/>\nJo-Ann Kane<br \/>\nGeoffrey Kelley<br \/>\nBritta Kr\u00f6ger<br \/>\nRafa\u00ebl Provost<br \/>\nBettara Sonny<br \/>\nJohanne Turbide<\/p>\n<p><strong>Pr\u00e9sident\u00b7e\u00b7s honoraires<\/strong><br \/>\nMonique J\u00e9r\u00f4me-Forget<br \/>\nDerek A. Price, C.M.<\/p>\n<p>Voir aussi le <a href=\"https:\/\/www.musee-mccord-stewart.ca\/fr\/donner-et-simpliquer\/fondation\/\">conseil d&rsquo;administration de la Fondation du Mus\u00e9e McCord Stewart<\/a>.<\/p>\n","protected":false},"excerpt":{"rendered":"<p>Ghislain Picard \u2013 Pr\u00e9sident David Veillette \u2013 Vice-pr\u00e9sident Guy Parent \u2013 Tr\u00e9sorier Thomas Leslie \u2013 Secr\u00e9taire Anne Eschapasse \u2013 Membre d\u2019office \u00c9lisabeth Starenkyj \u2013 Membre d\u2019office Jean-Pierre Ouellet \u2013 Membre d\u2019office, repr\u00e9sent\u00e9 par Bruce Bolton Deep H. Saini \u2013 Membre d\u2019office, repr\u00e9sent\u00e9 par Guylaine Beaudry, Doyenne des biblioth\u00e8ques et titulaire de la chaire Trenholme Arun [&hellip;]<\/p>\n","protected":false},"author":1,"featured_media":0,"parent":0,"menu_order":0,"comment_status":"closed","ping_status":"closed","template":"page-templates\/page-texte.php","meta":{"footnotes":""},"categories":[],"tags":[],"acf":[],"yoast_head":"<!-- This site is optimized with the Yoast SEO Premium plugin v20.11 (Yoast SEO v20.11) - https:\/\/yoast.com\/wordpress\/plugins\/seo\/ -->\n<title>Conseil d&#039;administration - Mus\u00e9e McCord Stewart Stewart<\/title>\n<meta name=\"description\" content=\"Consultez la liste officielle du conseil d&#039;administration du Mus\u00e9e McCord Stewart\" \/>\n<meta name=\"robots\" content=\"index, follow, max-snippet:-1, max-image-preview:large, max-video-preview:-1\" \/>\n<link rel=\"canonical\" href=\"https:\/\/www.musee-mccord-stewart.ca\/fr\/conseil-administration\/\" \/>\n<meta property=\"og:locale\" content=\"fr_FR\" \/>\n<meta property=\"og:type\" content=\"article\" \/>\n<meta property=\"og:title\" content=\"Conseil d&#039;administration\" \/>\n<meta property=\"og:description\" content=\"Consultez la liste officielle du conseil d&#039;administration du Mus\u00e9e McCord Stewart\" \/>\n<meta property=\"og:url\" content=\"https:\/\/www.musee-mccord-stewart.ca\/fr\/conseil-administration\/\" \/>\n<meta property=\"og:site_name\" content=\"Mus\u00e9e McCord Stewart\" \/>\n<meta property=\"article:publisher\" content=\"https:\/\/www.facebook.com\/museemccordstewart\" \/>\n<meta property=\"article:modified_time\" content=\"2026-04-01T21:53:17+00:00\" \/>\n<meta property=\"og:image\" content=\"https:\/\/www.musee-mccord-stewart.ca\/app\/uploads\/2015\/06\/conseiladmin_1320x4802.jpg\" \/>\n\t<meta property=\"og:image:width\" content=\"1320\" \/>\n\t<meta property=\"og:image:height\" content=\"480\" \/>\n\t<meta property=\"og:image:type\" content=\"image\/jpeg\" \/>\n<meta name=\"twitter:card\" content=\"summary_large_image\" \/>\n<meta name=\"twitter:description\" content=\"Consultez la liste officielle du conseil d&#039;administration du Mus\u00e9e McCord Stewart\" \/>\n<meta name=\"twitter:site\" content=\"@MuseeMcCordStew\" \/>\n<meta name=\"twitter:label1\" content=\"Dur\u00e9e de lecture estim\u00e9e\" \/>\n\t<meta name=\"twitter:data1\" content=\"1 minute\" \/>\n<script type=\"application\/ld+json\" class=\"yoast-schema-graph\">{\"@context\":\"https:\/\/schema.org\",\"@graph\":[{\"@type\":\"WebPage\",\"@id\":\"https:\/\/www.musee-mccord-stewart.ca\/fr\/conseil-administration\/\",\"url\":\"https:\/\/www.musee-mccord-stewart.ca\/fr\/conseil-administration\/\",\"name\":\"Conseil d'administration - Mus\u00e9e McCord Stewart Stewart\",\"isPartOf\":{\"@id\":\"https:\/\/www.musee-mccord-stewart.ca\/fr\/#website\"},\"datePublished\":\"2015-03-18T15:09:25+00:00\",\"dateModified\":\"2026-04-01T21:53:17+00:00\",\"description\":\"Consultez la liste officielle du conseil d'administration du Mus\u00e9e McCord Stewart\",\"breadcrumb\":{\"@id\":\"https:\/\/www.musee-mccord-stewart.ca\/fr\/conseil-administration\/#breadcrumb\"},\"inLanguage\":\"fr-FR\",\"potentialAction\":[{\"@type\":\"ReadAction\",\"target\":[\"https:\/\/www.musee-mccord-stewart.ca\/fr\/conseil-administration\/\"]}]},{\"@type\":\"BreadcrumbList\",\"@id\":\"https:\/\/www.musee-mccord-stewart.ca\/fr\/conseil-administration\/#breadcrumb\",\"itemListElement\":[{\"@type\":\"ListItem\",\"position\":1,\"name\":\"Accueil\",\"item\":\"https:\/\/www.musee-mccord-stewart.ca\/fr\/\"},{\"@type\":\"ListItem\",\"position\":2,\"name\":\"Conseil d&rsquo;administration\"}]},{\"@type\":\"WebSite\",\"@id\":\"https:\/\/www.musee-mccord-stewart.ca\/fr\/#website\",\"url\":\"https:\/\/www.musee-mccord-stewart.ca\/fr\/\",\"name\":\"Mus\u00e9e McCord Stewart\",\"description\":\"Notre monde, nos histoires\",\"publisher\":{\"@id\":\"https:\/\/www.musee-mccord-stewart.ca\/fr\/#organization\"},\"alternateName\":\"MCS\",\"potentialAction\":[{\"@type\":\"SearchAction\",\"target\":{\"@type\":\"EntryPoint\",\"urlTemplate\":\"https:\/\/www.musee-mccord-stewart.ca\/fr\/?s={search_term_string}\"},\"query-input\":\"required name=search_term_string\"}],\"inLanguage\":\"fr-FR\"},{\"@type\":\"Organization\",\"@id\":\"https:\/\/www.musee-mccord-stewart.ca\/fr\/#organization\",\"name\":\"McCord Stewart Museum\",\"alternateName\":\"MCS\",\"url\":\"https:\/\/www.musee-mccord-stewart.ca\/fr\/\",\"logo\":{\"@type\":\"ImageObject\",\"inLanguage\":\"fr-FR\",\"@id\":\"https:\/\/www.musee-mccord-stewart.ca\/fr\/#\/schema\/logo\/image\/\",\"url\":\"https:\/\/www.musee-mccord-stewart.ca\/app\/uploads\/2023\/05\/logo_museemccordstewart_horizontal_noir_slogan.svg\",\"contentUrl\":\"https:\/\/www.musee-mccord-stewart.ca\/app\/uploads\/2023\/05\/logo_museemccordstewart_horizontal_noir_slogan.svg\",\"width\":1,\"height\":1,\"caption\":\"McCord Stewart Museum\"},\"image\":{\"@id\":\"https:\/\/www.musee-mccord-stewart.ca\/fr\/#\/schema\/logo\/image\/\"},\"sameAs\":[\"https:\/\/www.facebook.com\/museemccordstewart\",\"https:\/\/twitter.com\/MuseeMcCordStew\",\"https:\/\/instagram.com\/museemccordstewart\",\"https:\/\/www.linkedin.com\/company\/museemccordstewart\/\",\"https:\/\/www.pinterest.com\/museemccordstewart\/\",\"https:\/\/www.youtube.com\/c\/MuseeMcCordStewartMuseum\"]}]}<\/script>\n<!-- \/ Yoast SEO Premium plugin. -->","yoast_head_json":{"title":"Conseil d'administration - Mus\u00e9e McCord Stewart Stewart","description":"Consultez la liste officielle du conseil d'administration du Mus\u00e9e McCord Stewart","robots":{"index":"index","follow":"follow","max-snippet":"max-snippet:-1","max-image-preview":"max-image-preview:large","max-video-preview":"max-video-preview:-1"},"canonical":"https:\/\/www.musee-mccord-stewart.ca\/fr\/conseil-administration\/","og_locale":"fr_FR","og_type":"article","og_title":"Conseil d'administration","og_description":"Consultez la liste officielle du conseil d'administration du Mus\u00e9e McCord Stewart","og_url":"https:\/\/www.musee-mccord-stewart.ca\/fr\/conseil-administration\/","og_site_name":"Mus\u00e9e McCord Stewart","article_publisher":"https:\/\/www.facebook.com\/museemccordstewart","article_modified_time":"2026-04-01T21:53:17+00:00","og_image":[{"width":1320,"height":480,"url":"https:\/\/www.musee-mccord-stewart.ca\/app\/uploads\/2015\/06\/conseiladmin_1320x4802.jpg","type":"image\/jpeg"}],"twitter_card":"summary_large_image","twitter_description":"Consultez la liste officielle du conseil d'administration du Mus\u00e9e McCord Stewart","twitter_site":"@MuseeMcCordStew","twitter_misc":{"Dur\u00e9e de lecture estim\u00e9e":"1 minute"},"schema":{"@context":"https:\/\/schema.org","@graph":[{"@type":"WebPage","@id":"https:\/\/www.musee-mccord-stewart.ca\/fr\/conseil-administration\/","url":"https:\/\/www.musee-mccord-stewart.ca\/fr\/conseil-administration\/","name":"Conseil d'administration - Mus\u00e9e McCord Stewart Stewart","isPartOf":{"@id":"https:\/\/www.musee-mccord-stewart.ca\/fr\/#website"},"datePublished":"2015-03-18T15:09:25+00:00","dateModified":"2026-04-01T21:53:17+00:00","description":"Consultez la liste officielle du conseil d'administration du Mus\u00e9e McCord Stewart","breadcrumb":{"@id":"https:\/\/www.musee-mccord-stewart.ca\/fr\/conseil-administration\/#breadcrumb"},"inLanguage":"fr-FR","potentialAction":[{"@type":"ReadAction","target":["https:\/\/www.musee-mccord-stewart.ca\/fr\/conseil-administration\/"]}]},{"@type":"BreadcrumbList","@id":"https:\/\/www.musee-mccord-stewart.ca\/fr\/conseil-administration\/#breadcrumb","itemListElement":[{"@type":"ListItem","position":1,"name":"Accueil","item":"https:\/\/www.musee-mccord-stewart.ca\/fr\/"},{"@type":"ListItem","position":2,"name":"Conseil d&rsquo;administration"}]},{"@type":"WebSite","@id":"https:\/\/www.musee-mccord-stewart.ca\/fr\/#website","url":"https:\/\/www.musee-mccord-stewart.ca\/fr\/","name":"Mus\u00e9e McCord Stewart","description":"Notre monde, nos histoires","publisher":{"@id":"https:\/\/www.musee-mccord-stewart.ca\/fr\/#organization"},"alternateName":"MCS","potentialAction":[{"@type":"SearchAction","target":{"@type":"EntryPoint","urlTemplate":"https:\/\/www.musee-mccord-stewart.ca\/fr\/?s={search_term_string}"},"query-input":"required name=search_term_string"}],"inLanguage":"fr-FR"},{"@type":"Organization","@id":"https:\/\/www.musee-mccord-stewart.ca\/fr\/#organization","name":"McCord Stewart Museum","alternateName":"MCS","url":"https:\/\/www.musee-mccord-stewart.ca\/fr\/","logo":{"@type":"ImageObject","inLanguage":"fr-FR","@id":"https:\/\/www.musee-mccord-stewart.ca\/fr\/#\/schema\/logo\/image\/","url":"https:\/\/www.musee-mccord-stewart.ca\/app\/uploads\/2023\/05\/logo_museemccordstewart_horizontal_noir_slogan.svg","contentUrl":"https:\/\/www.musee-mccord-stewart.ca\/app\/uploads\/2023\/05\/logo_museemccordstewart_horizontal_noir_slogan.svg","width":1,"height":1,"caption":"McCord Stewart Museum"},"image":{"@id":"https:\/\/www.musee-mccord-stewart.ca\/fr\/#\/schema\/logo\/image\/"},"sameAs":["https:\/\/www.facebook.com\/museemccordstewart","https:\/\/twitter.com\/MuseeMcCordStew","https:\/\/instagram.com\/museemccordstewart","https:\/\/www.linkedin.com\/company\/museemccordstewart\/","https:\/\/www.pinterest.com\/museemccordstewart\/","https:\/\/www.youtube.com\/c\/MuseeMcCordStewartMuseum"]}]}},"_links":{"self":[{"href":"https:\/\/www.musee-mccord-stewart.ca\/fr\/wp-json\/wp\/v2\/pages\/742"}],"collection":[{"href":"https:\/\/www.musee-mccord-stewart.ca\/fr\/wp-json\/wp\/v2\/pages"}],"about":[{"href":"https:\/\/www.musee-mccord-stewart.ca\/fr\/wp-json\/wp\/v2\/types\/page"}],"author":[{"embeddable":true,"href":"https:\/\/www.musee-mccord-stewart.ca\/fr\/wp-json\/wp\/v2\/users\/1"}],"replies":[{"embeddable":true,"href":"https:\/\/www.musee-mccord-stewart.ca\/fr\/wp-json\/wp\/v2\/comments?post=742"}],"version-history":[{"count":0,"href":"https:\/\/www.musee-mccord-stewart.ca\/fr\/wp-json\/wp\/v2\/pages\/742\/revisions"}],"wp:attachment":[{"href":"https:\/\/www.musee-mccord-stewart.ca\/fr\/wp-json\/wp\/v2\/media?parent=742"}],"wp:term":[{"taxonomy":"category","embeddable":true,"href":"https:\/\/www.musee-mccord-stewart.ca\/fr\/wp-json\/wp\/v2\/categories?post=742"},{"taxonomy":"post_tag","embeddable":true,"href":"https:\/\/www.musee-mccord-stewart.ca\/fr\/wp-json\/wp\/v2\/tags?post=742"}],"curies":[{"name":"wp","href":"https:\/\/api.w.org\/{rel}","templated":true}]}}