{"id":740,"date":"2015-03-18T11:07:06","date_gmt":"2015-03-18T15:07:06","guid":{"rendered":"http:\/\/www.musee-mccord-stewart.ca\/?page_id=740"},"modified":"2025-09-11T16:35:22","modified_gmt":"2025-09-11T20:35:22","slug":"mission","status":"publish","type":"page","link":"https:\/\/www.musee-mccord-stewart.ca\/fr\/mission\/","title":{"rendered":"Mission et plan strat\u00e9gique"},"content":{"rendered":"<p>Ancr\u00e9 \u00e0 Montr\u00e9al <strong>depuis plus de 100 ans<\/strong>, le Mus\u00e9e McCord Stewart t\u00e9moigne de<strong> l\u2019histoire de la ville<\/strong>, m\u00e9tropole du Qu\u00e9bec, <strong>de son rayonnement<\/strong> au Canada et dans le monde, ainsi que de<strong> la vitalit\u00e9, de la cr\u00e9ativit\u00e9 et de la diversit\u00e9 des individus et des communaut\u00e9s<\/strong> qui la composent.<\/p>\n<p>Il amplifie leurs voix par l\u2019interpr\u00e9tation et la diffusion du remarquable patrimoine dont il est le gardien, soit <a title=\"\" href=\"https:\/\/www.musee-mccord-stewart.ca\/fr\/collections\/\">six collections<\/a> riches de 3,2 millions d\u2019images, d\u2019objets, de documents et d\u2019\u0153uvres d\u2019art qui le positionnent comme l\u2019un des <strong>mus\u00e9es de r\u00e9f\u00e9rence<\/strong> en Am\u00e9rique du Nord.<\/p>\n<p>Engag\u00e9 dans une d\u00e9marche de <strong>d\u00e9colonisation<\/strong> et dans la mise en \u0153uvre de <strong>pratiques mus\u00e9ales durables<\/strong>, il con\u00e7oit des <a href=\"https:\/\/www.musee-mccord-stewart.ca\/fr\/expositions\/\">expositions<\/a> et des <a title=\"\" href=\"https:\/\/www.musee-mccord-stewart.ca\/fr\/activites\/?category=adulte\" target=\"_blank\" rel=\"noopener\">activit\u00e9s \u00e9ducatives, culturelles et citoyennes<\/a> stimulantes qui portent un <strong>regard critique et inclusif<\/strong> sur l\u2019histoire sociale et les enjeux contemporains qui touchent ses publics, les incitant \u00e0 l\u2019action pour une soci\u00e9t\u00e9 plus juste.<\/p>\n<h3>Un Mus\u00e9e miroir d&rsquo;une ville ouverte sur le monde<\/h3>\n<p>Des r\u00e9alisations et des sujets qui projettent Montr\u00e9al sur la sc\u00e8ne internationale. Un regard ouvert sur le monde et sur des questions qui interpellent les Montr\u00e9alais <span class=\"TextRun SCXW58379763 BCX0\" lang=\"FR-CA\" xml:lang=\"FR-CA\" data-contrast=\"none\"><span class=\"NormalTextRun SCXW58379763 BCX0\">et les Montr\u00e9alaises<\/span><\/span>.<\/p>\n<h3>Un Mus\u00e9e intelligent, qui fait r\u00e9fl\u00e9chir<\/h3>\n<p>Un regard actuel sur les enjeux de soci\u00e9t\u00e9, les r\u00e9alisations et les th\u00e8mes actuels.<\/p>\n<h3>Une approche contemporaine, interactive, immersive<\/h3>\n<p>Contemporain et interactif; des exp\u00e9riences immersives. Le Mus\u00e9e hors du mus\u00e9e : dans les rues, les \u00e9tablissements d&rsquo;enseignement et des lieux inusit\u00e9s.<\/p>\n<h2>Plan strat\u00e9gique 2022-2027<\/h2>\n<p>Les besoins des publics ont \u00e9volu\u00e9. Ils d\u00e9sirent que leur mus\u00e9e refl\u00e8te davantage leurs pr\u00e9occupations sociales actuelles, et qu\u2019il t\u00e9moigne de leurs histoires de mani\u00e8re inclusive et critique \u00e0 travers ses collections et ses programmes. Les visiteuses et visiteurs veulent un mus\u00e9e participatif, citoyen et \u00e9coresponsable qui favorise le dialogue et les \u00e9changes.<\/p>\n<p>Pour demeurer pertinent, il est apparu \u00e9vident que le Mus\u00e9e devait tenir compte des mutations de notre soci\u00e9t\u00e9, qui mettent de plus en plus de l\u2019avant l\u2019importance de reconna\u00eetre les cons\u00e9quences du colonialisme et de participer activement au processus de r\u00e9conciliation avec les premiers peuples. \u00c0 cela s\u2019ajoute le besoin d\u2019amplifier la voix des communaut\u00e9s marginalis\u00e9es et de contribuer activement \u00e0 la protection de l\u2019environnement.<\/p>\n<p>C\u2019est \u00e0 partir de ces constats que le plan strat\u00e9gique quinquennal a \u00e9t\u00e9 d\u00e9velopp\u00e9 pour 2022-2027.<\/p>\n<p>C\u2019est la mission que l&rsquo;\u00e9quipe du Mus\u00e9e McCord Stewart se donne, convaincue de r\u00e9pondre ainsi aux attentes d\u2019un large public et contribuer \u00e0 un engagement accru envers la justice sociale.<\/p>\n<p><a class=\"download\" title=\"\" href=\"https:\/\/www.musee-mccord-stewart.ca\/app\/uploads\/2023\/01\/musee-mccord-stewart_plan-strategique_2022-2027_web-final.pdf\" target=\"_blank\" rel=\"noopener\">Consulter le plan strat\u00e9gique 2022-2027 (PDF)<\/a><\/p>\n","protected":false},"excerpt":{"rendered":"<p>Ancr\u00e9 \u00e0 Montr\u00e9al depuis plus de 100 ans, le Mus\u00e9e McCord Stewart t\u00e9moigne de l\u2019histoire de la ville, m\u00e9tropole du Qu\u00e9bec, de son rayonnement au Canada et dans le monde, ainsi que de la vitalit\u00e9, de la cr\u00e9ativit\u00e9 et de la diversit\u00e9 des individus et des communaut\u00e9s qui la composent. Il amplifie leurs voix par [&hellip;]<\/p>\n","protected":false},"author":1,"featured_media":0,"parent":0,"menu_order":0,"comment_status":"closed","ping_status":"closed","template":"page-templates\/page-texte.php","meta":{"footnotes":""},"categories":[],"tags":[],"acf":[],"yoast_head":"<!-- This site is optimized with the Yoast SEO Premium plugin v20.11 (Yoast SEO v20.11) - https:\/\/yoast.com\/wordpress\/plugins\/seo\/ -->\n<title>Mission et plan strat\u00e9gique - Mus\u00e9e McCord Stewart<\/title>\n<meta name=\"description\" content=\"Ancr\u00e9 au c\u0153ur de la m\u00e9tropole depuis plus de 100 ans, le Mus\u00e9e McCord Stewart met en lumi\u00e8re la vie \u00e0 Montr\u00e9al, d\u2019hier \u00e0 aujourd\u2019hui.\" \/>\n<meta name=\"robots\" content=\"index, follow, max-snippet:-1, max-image-preview:large, max-video-preview:-1\" \/>\n<link rel=\"canonical\" href=\"https:\/\/www.musee-mccord-stewart.ca\/fr\/mission\/\" \/>\n<meta property=\"og:locale\" content=\"fr_FR\" \/>\n<meta property=\"og:type\" content=\"article\" \/>\n<meta property=\"og:title\" content=\"Mission et plan strat\u00e9gique\" \/>\n<meta property=\"og:description\" content=\"Ancr\u00e9 \u00e0 Montr\u00e9al depuis plus de 100 ans, le Mus\u00e9e McCord Stewart t\u00e9moigne de l\u2019histoire de la ville, m\u00e9tropole du Qu\u00e9bec, de son rayonnement au Canada et\" \/>\n<meta property=\"og:url\" content=\"https:\/\/www.musee-mccord-stewart.ca\/fr\/mission\/\" \/>\n<meta property=\"og:site_name\" content=\"Mus\u00e9e McCord Stewart\" \/>\n<meta property=\"article:publisher\" content=\"https:\/\/www.facebook.com\/museemccordstewart\" \/>\n<meta property=\"article:modified_time\" content=\"2025-09-11T20:35:22+00:00\" \/>\n<meta property=\"og:image\" content=\"https:\/\/www.musee-mccord-stewart.ca\/app\/uploads\/2022\/09\/mccord-stewart_facade-exterieur-henderson-2022_roger-aziz_1320x480.jpg\" \/>\n\t<meta property=\"og:image:width\" content=\"1320\" \/>\n\t<meta property=\"og:image:height\" content=\"480\" \/>\n\t<meta property=\"og:image:type\" content=\"image\/jpeg\" \/>\n<meta name=\"twitter:card\" content=\"summary_large_image\" \/>\n<meta name=\"twitter:site\" content=\"@MuseeMcCordStew\" \/>\n<meta name=\"twitter:label1\" content=\"Dur\u00e9e de lecture estim\u00e9e\" \/>\n\t<meta name=\"twitter:data1\" content=\"3 minutes\" \/>\n<script type=\"application\/ld+json\" class=\"yoast-schema-graph\">{\"@context\":\"https:\/\/schema.org\",\"@graph\":[{\"@type\":\"WebPage\",\"@id\":\"https:\/\/www.musee-mccord-stewart.ca\/fr\/mission\/\",\"url\":\"https:\/\/www.musee-mccord-stewart.ca\/fr\/mission\/\",\"name\":\"Mission et plan strat\u00e9gique - Mus\u00e9e McCord Stewart\",\"isPartOf\":{\"@id\":\"https:\/\/www.musee-mccord-stewart.ca\/fr\/#website\"},\"datePublished\":\"2015-03-18T15:07:06+00:00\",\"dateModified\":\"2025-09-11T20:35:22+00:00\",\"description\":\"Ancr\u00e9 au c\u0153ur de la m\u00e9tropole depuis plus de 100 ans, le Mus\u00e9e McCord Stewart met en lumi\u00e8re la vie \u00e0 Montr\u00e9al, d\u2019hier \u00e0 aujourd\u2019hui.\",\"breadcrumb\":{\"@id\":\"https:\/\/www.musee-mccord-stewart.ca\/fr\/mission\/#breadcrumb\"},\"inLanguage\":\"fr-FR\",\"potentialAction\":[{\"@type\":\"ReadAction\",\"target\":[\"https:\/\/www.musee-mccord-stewart.ca\/fr\/mission\/\"]}]},{\"@type\":\"BreadcrumbList\",\"@id\":\"https:\/\/www.musee-mccord-stewart.ca\/fr\/mission\/#breadcrumb\",\"itemListElement\":[{\"@type\":\"ListItem\",\"position\":1,\"name\":\"Accueil\",\"item\":\"https:\/\/www.musee-mccord-stewart.ca\/fr\/\"},{\"@type\":\"ListItem\",\"position\":2,\"name\":\"Mission et plan strat\u00e9gique\"}]},{\"@type\":\"WebSite\",\"@id\":\"https:\/\/www.musee-mccord-stewart.ca\/fr\/#website\",\"url\":\"https:\/\/www.musee-mccord-stewart.ca\/fr\/\",\"name\":\"Mus\u00e9e McCord Stewart\",\"description\":\"Notre monde, nos histoires\",\"publisher\":{\"@id\":\"https:\/\/www.musee-mccord-stewart.ca\/fr\/#organization\"},\"alternateName\":\"MCS\",\"potentialAction\":[{\"@type\":\"SearchAction\",\"target\":{\"@type\":\"EntryPoint\",\"urlTemplate\":\"https:\/\/www.musee-mccord-stewart.ca\/fr\/?s={search_term_string}\"},\"query-input\":\"required name=search_term_string\"}],\"inLanguage\":\"fr-FR\"},{\"@type\":\"Organization\",\"@id\":\"https:\/\/www.musee-mccord-stewart.ca\/fr\/#organization\",\"name\":\"McCord Stewart Museum\",\"alternateName\":\"MCS\",\"url\":\"https:\/\/www.musee-mccord-stewart.ca\/fr\/\",\"logo\":{\"@type\":\"ImageObject\",\"inLanguage\":\"fr-FR\",\"@id\":\"https:\/\/www.musee-mccord-stewart.ca\/fr\/#\/schema\/logo\/image\/\",\"url\":\"https:\/\/www.musee-mccord-stewart.ca\/app\/uploads\/2023\/05\/logo_museemccordstewart_horizontal_noir_slogan.svg\",\"contentUrl\":\"https:\/\/www.musee-mccord-stewart.ca\/app\/uploads\/2023\/05\/logo_museemccordstewart_horizontal_noir_slogan.svg\",\"width\":1,\"height\":1,\"caption\":\"McCord Stewart Museum\"},\"image\":{\"@id\":\"https:\/\/www.musee-mccord-stewart.ca\/fr\/#\/schema\/logo\/image\/\"},\"sameAs\":[\"https:\/\/www.facebook.com\/museemccordstewart\",\"https:\/\/twitter.com\/MuseeMcCordStew\",\"https:\/\/instagram.com\/museemccordstewart\",\"https:\/\/www.linkedin.com\/company\/museemccordstewart\/\",\"https:\/\/www.pinterest.com\/museemccordstewart\/\",\"https:\/\/www.youtube.com\/c\/MuseeMcCordStewartMuseum\"]}]}<\/script>\n<!-- \/ Yoast SEO Premium plugin. -->","yoast_head_json":{"title":"Mission et plan strat\u00e9gique - Mus\u00e9e McCord Stewart","description":"Ancr\u00e9 au c\u0153ur de la m\u00e9tropole depuis plus de 100 ans, le Mus\u00e9e McCord Stewart met en lumi\u00e8re la vie \u00e0 Montr\u00e9al, d\u2019hier \u00e0 aujourd\u2019hui.","robots":{"index":"index","follow":"follow","max-snippet":"max-snippet:-1","max-image-preview":"max-image-preview:large","max-video-preview":"max-video-preview:-1"},"canonical":"https:\/\/www.musee-mccord-stewart.ca\/fr\/mission\/","og_locale":"fr_FR","og_type":"article","og_title":"Mission et plan strat\u00e9gique","og_description":"Ancr\u00e9 \u00e0 Montr\u00e9al depuis plus de 100 ans, le Mus\u00e9e McCord Stewart t\u00e9moigne de l\u2019histoire de la ville, m\u00e9tropole du Qu\u00e9bec, de son rayonnement au Canada et","og_url":"https:\/\/www.musee-mccord-stewart.ca\/fr\/mission\/","og_site_name":"Mus\u00e9e McCord Stewart","article_publisher":"https:\/\/www.facebook.com\/museemccordstewart","article_modified_time":"2025-09-11T20:35:22+00:00","og_image":[{"width":1320,"height":480,"url":"https:\/\/www.musee-mccord-stewart.ca\/app\/uploads\/2022\/09\/mccord-stewart_facade-exterieur-henderson-2022_roger-aziz_1320x480.jpg","type":"image\/jpeg"}],"twitter_card":"summary_large_image","twitter_site":"@MuseeMcCordStew","twitter_misc":{"Dur\u00e9e de lecture estim\u00e9e":"3 minutes"},"schema":{"@context":"https:\/\/schema.org","@graph":[{"@type":"WebPage","@id":"https:\/\/www.musee-mccord-stewart.ca\/fr\/mission\/","url":"https:\/\/www.musee-mccord-stewart.ca\/fr\/mission\/","name":"Mission et plan strat\u00e9gique - Mus\u00e9e McCord Stewart","isPartOf":{"@id":"https:\/\/www.musee-mccord-stewart.ca\/fr\/#website"},"datePublished":"2015-03-18T15:07:06+00:00","dateModified":"2025-09-11T20:35:22+00:00","description":"Ancr\u00e9 au c\u0153ur de la m\u00e9tropole depuis plus de 100 ans, le Mus\u00e9e McCord Stewart met en lumi\u00e8re la vie \u00e0 Montr\u00e9al, d\u2019hier \u00e0 aujourd\u2019hui.","breadcrumb":{"@id":"https:\/\/www.musee-mccord-stewart.ca\/fr\/mission\/#breadcrumb"},"inLanguage":"fr-FR","potentialAction":[{"@type":"ReadAction","target":["https:\/\/www.musee-mccord-stewart.ca\/fr\/mission\/"]}]},{"@type":"BreadcrumbList","@id":"https:\/\/www.musee-mccord-stewart.ca\/fr\/mission\/#breadcrumb","itemListElement":[{"@type":"ListItem","position":1,"name":"Accueil","item":"https:\/\/www.musee-mccord-stewart.ca\/fr\/"},{"@type":"ListItem","position":2,"name":"Mission et plan strat\u00e9gique"}]},{"@type":"WebSite","@id":"https:\/\/www.musee-mccord-stewart.ca\/fr\/#website","url":"https:\/\/www.musee-mccord-stewart.ca\/fr\/","name":"Mus\u00e9e McCord Stewart","description":"Notre monde, nos histoires","publisher":{"@id":"https:\/\/www.musee-mccord-stewart.ca\/fr\/#organization"},"alternateName":"MCS","potentialAction":[{"@type":"SearchAction","target":{"@type":"EntryPoint","urlTemplate":"https:\/\/www.musee-mccord-stewart.ca\/fr\/?s={search_term_string}"},"query-input":"required name=search_term_string"}],"inLanguage":"fr-FR"},{"@type":"Organization","@id":"https:\/\/www.musee-mccord-stewart.ca\/fr\/#organization","name":"McCord Stewart Museum","alternateName":"MCS","url":"https:\/\/www.musee-mccord-stewart.ca\/fr\/","logo":{"@type":"ImageObject","inLanguage":"fr-FR","@id":"https:\/\/www.musee-mccord-stewart.ca\/fr\/#\/schema\/logo\/image\/","url":"https:\/\/www.musee-mccord-stewart.ca\/app\/uploads\/2023\/05\/logo_museemccordstewart_horizontal_noir_slogan.svg","contentUrl":"https:\/\/www.musee-mccord-stewart.ca\/app\/uploads\/2023\/05\/logo_museemccordstewart_horizontal_noir_slogan.svg","width":1,"height":1,"caption":"McCord Stewart Museum"},"image":{"@id":"https:\/\/www.musee-mccord-stewart.ca\/fr\/#\/schema\/logo\/image\/"},"sameAs":["https:\/\/www.facebook.com\/museemccordstewart","https:\/\/twitter.com\/MuseeMcCordStew","https:\/\/instagram.com\/museemccordstewart","https:\/\/www.linkedin.com\/company\/museemccordstewart\/","https:\/\/www.pinterest.com\/museemccordstewart\/","https:\/\/www.youtube.com\/c\/MuseeMcCordStewartMuseum"]}]}},"_links":{"self":[{"href":"https:\/\/www.musee-mccord-stewart.ca\/fr\/wp-json\/wp\/v2\/pages\/740"}],"collection":[{"href":"https:\/\/www.musee-mccord-stewart.ca\/fr\/wp-json\/wp\/v2\/pages"}],"about":[{"href":"https:\/\/www.musee-mccord-stewart.ca\/fr\/wp-json\/wp\/v2\/types\/page"}],"author":[{"embeddable":true,"href":"https:\/\/www.musee-mccord-stewart.ca\/fr\/wp-json\/wp\/v2\/users\/1"}],"replies":[{"embeddable":true,"href":"https:\/\/www.musee-mccord-stewart.ca\/fr\/wp-json\/wp\/v2\/comments?post=740"}],"version-history":[{"count":0,"href":"https:\/\/www.musee-mccord-stewart.ca\/fr\/wp-json\/wp\/v2\/pages\/740\/revisions"}],"wp:attachment":[{"href":"https:\/\/www.musee-mccord-stewart.ca\/fr\/wp-json\/wp\/v2\/media?parent=740"}],"wp:term":[{"taxonomy":"category","embeddable":true,"href":"https:\/\/www.musee-mccord-stewart.ca\/fr\/wp-json\/wp\/v2\/categories?post=740"},{"taxonomy":"post_tag","embeddable":true,"href":"https:\/\/www.musee-mccord-stewart.ca\/fr\/wp-json\/wp\/v2\/tags?post=740"}],"curies":[{"name":"wp","href":"https:\/\/api.w.org\/{rel}","templated":true}]}}