{"id":724,"date":"2015-03-18T11:00:00","date_gmt":"2015-03-18T15:00:00","guid":{"rendered":"http:\/\/www.musee-mccord-stewart.ca\/?page_id=724"},"modified":"2026-03-23T17:17:44","modified_gmt":"2026-03-23T21:17:44","slug":"boutique","status":"publish","type":"page","link":"https:\/\/www.musee-mccord-stewart.ca\/fr\/boutique\/","title":{"rendered":"Fermeture temporaire de la Boutique"},"content":{"rendered":"<p>Des travaux de r\u00e9am\u00e9nagement sont en cours au rez-de-chauss\u00e9e du Mus\u00e9e afin d\u2019am\u00e9liorer votre exp\u00e9rience de visite, l\u2019accessibilit\u00e9 et la convivialit\u00e9 de nos espaces. Pendant cette p\u00e9riode, le Mus\u00e9e demeure accessible et op\u00e9rationnel.<\/p>\n<p>La Boutique proposera un tout nouveau concept. Plus d\u2019informations seront publi\u00e9es bient\u00f4t \u2014 restez \u00e0 l\u2019aff\u00fbt!<\/p>\n","protected":false},"excerpt":{"rendered":"<p>Des travaux de r\u00e9am\u00e9nagement sont en cours au rez-de-chauss\u00e9e du Mus\u00e9e afin d\u2019am\u00e9liorer votre exp\u00e9rience de visite, l\u2019accessibilit\u00e9 et la convivialit\u00e9 de nos espaces. Pendant cette p\u00e9riode, le Mus\u00e9e demeure accessible et op\u00e9rationnel. La Boutique proposera un tout nouveau concept. Plus d\u2019informations seront publi\u00e9es bient\u00f4t \u2014 restez \u00e0 l\u2019aff\u00fbt!<\/p>\n","protected":false},"author":1,"featured_media":0,"parent":0,"menu_order":0,"comment_status":"closed","ping_status":"closed","template":"page-templates\/page-texte.php","meta":{"footnotes":""},"categories":[],"tags":[],"acf":[],"yoast_head":"<!-- This site is optimized with the Yoast SEO Premium plugin v20.11 (Yoast SEO v20.11) - https:\/\/yoast.com\/wordpress\/plugins\/seo\/ -->\n<title>Boutique : produits exclusifs et locaux - Mus\u00e9e McCord Stewart<\/title>\n<meta name=\"description\" content=\"Des travaux de r\u00e9am\u00e9nagement sont en cours au rez-de-chauss\u00e9e du Mus\u00e9e afin d\u2019am\u00e9liorer votre exp\u00e9rience de visite, l\u2019accessibilit\u00e9 et la convivialit\u00e9 de nos espaces.\" \/>\n<meta name=\"robots\" content=\"index, follow, max-snippet:-1, max-image-preview:large, max-video-preview:-1\" \/>\n<link rel=\"canonical\" href=\"https:\/\/www.musee-mccord-stewart.ca\/fr\/boutique\/\" \/>\n<meta property=\"og:locale\" content=\"fr_FR\" \/>\n<meta property=\"og:type\" content=\"article\" \/>\n<meta property=\"og:title\" content=\"Fermeture temporaire de la Boutique\" \/>\n<meta property=\"og:description\" content=\"Des travaux de r\u00e9am\u00e9nagement sont en cours au rez-de-chauss\u00e9e du Mus\u00e9e afin d\u2019am\u00e9liorer votre exp\u00e9rience de visite, l\u2019accessibilit\u00e9 et la convivialit\u00e9 de nos espaces.\" \/>\n<meta property=\"og:url\" content=\"https:\/\/www.musee-mccord-stewart.ca\/fr\/boutique\/\" \/>\n<meta property=\"og:site_name\" content=\"Mus\u00e9e McCord Stewart\" \/>\n<meta property=\"article:publisher\" content=\"https:\/\/www.facebook.com\/museemccordstewart\" \/>\n<meta property=\"article:modified_time\" content=\"2026-03-23T21:17:44+00:00\" \/>\n<meta property=\"og:image\" content=\"https:\/\/www.musee-mccord-stewart.ca\/app\/uploads\/2022\/09\/mccord-stewart_facade-exterieur-henderson-2022_roger-aziz_1320x480.jpg\" \/>\n\t<meta property=\"og:image:width\" content=\"1320\" \/>\n\t<meta property=\"og:image:height\" content=\"480\" \/>\n\t<meta property=\"og:image:type\" content=\"image\/jpeg\" \/>\n<meta name=\"twitter:card\" content=\"summary_large_image\" \/>\n<meta name=\"twitter:description\" content=\"Des travaux de r\u00e9am\u00e9nagement sont en cours au rez-de-chauss\u00e9e du Mus\u00e9e afin d\u2019am\u00e9liorer votre exp\u00e9rience de visite, l\u2019accessibilit\u00e9 et la convivialit\u00e9 de nos espaces.\" \/>\n<meta name=\"twitter:site\" content=\"@MuseeMcCordStew\" \/>\n<meta name=\"twitter:label1\" content=\"Dur\u00e9e de lecture estim\u00e9e\" \/>\n\t<meta name=\"twitter:data1\" content=\"1 minute\" \/>\n<script type=\"application\/ld+json\" class=\"yoast-schema-graph\">{\"@context\":\"https:\/\/schema.org\",\"@graph\":[{\"@type\":\"WebPage\",\"@id\":\"https:\/\/www.musee-mccord-stewart.ca\/fr\/boutique\/\",\"url\":\"https:\/\/www.musee-mccord-stewart.ca\/fr\/boutique\/\",\"name\":\"Boutique : produits exclusifs et locaux - Mus\u00e9e McCord Stewart\",\"isPartOf\":{\"@id\":\"https:\/\/www.musee-mccord-stewart.ca\/fr\/#website\"},\"datePublished\":\"2015-03-18T15:00:00+00:00\",\"dateModified\":\"2026-03-23T21:17:44+00:00\",\"description\":\"Des travaux de r\u00e9am\u00e9nagement sont en cours au rez-de-chauss\u00e9e du Mus\u00e9e afin d\u2019am\u00e9liorer votre exp\u00e9rience de visite, l\u2019accessibilit\u00e9 et la convivialit\u00e9 de nos espaces.\",\"breadcrumb\":{\"@id\":\"https:\/\/www.musee-mccord-stewart.ca\/fr\/boutique\/#breadcrumb\"},\"inLanguage\":\"fr-FR\",\"potentialAction\":[{\"@type\":\"ReadAction\",\"target\":[\"https:\/\/www.musee-mccord-stewart.ca\/fr\/boutique\/\"]}]},{\"@type\":\"BreadcrumbList\",\"@id\":\"https:\/\/www.musee-mccord-stewart.ca\/fr\/boutique\/#breadcrumb\",\"itemListElement\":[{\"@type\":\"ListItem\",\"position\":1,\"name\":\"Accueil\",\"item\":\"https:\/\/www.musee-mccord-stewart.ca\/fr\/\"},{\"@type\":\"ListItem\",\"position\":2,\"name\":\"Fermeture temporaire de la Boutique\"}]},{\"@type\":\"WebSite\",\"@id\":\"https:\/\/www.musee-mccord-stewart.ca\/fr\/#website\",\"url\":\"https:\/\/www.musee-mccord-stewart.ca\/fr\/\",\"name\":\"Mus\u00e9e McCord Stewart\",\"description\":\"Notre monde, nos histoires\",\"publisher\":{\"@id\":\"https:\/\/www.musee-mccord-stewart.ca\/fr\/#organization\"},\"alternateName\":\"MCS\",\"potentialAction\":[{\"@type\":\"SearchAction\",\"target\":{\"@type\":\"EntryPoint\",\"urlTemplate\":\"https:\/\/www.musee-mccord-stewart.ca\/fr\/?s={search_term_string}\"},\"query-input\":\"required name=search_term_string\"}],\"inLanguage\":\"fr-FR\"},{\"@type\":\"Organization\",\"@id\":\"https:\/\/www.musee-mccord-stewart.ca\/fr\/#organization\",\"name\":\"McCord Stewart Museum\",\"alternateName\":\"MCS\",\"url\":\"https:\/\/www.musee-mccord-stewart.ca\/fr\/\",\"logo\":{\"@type\":\"ImageObject\",\"inLanguage\":\"fr-FR\",\"@id\":\"https:\/\/www.musee-mccord-stewart.ca\/fr\/#\/schema\/logo\/image\/\",\"url\":\"https:\/\/www.musee-mccord-stewart.ca\/app\/uploads\/2023\/05\/logo_museemccordstewart_horizontal_noir_slogan.svg\",\"contentUrl\":\"https:\/\/www.musee-mccord-stewart.ca\/app\/uploads\/2023\/05\/logo_museemccordstewart_horizontal_noir_slogan.svg\",\"width\":1,\"height\":1,\"caption\":\"McCord Stewart Museum\"},\"image\":{\"@id\":\"https:\/\/www.musee-mccord-stewart.ca\/fr\/#\/schema\/logo\/image\/\"},\"sameAs\":[\"https:\/\/www.facebook.com\/museemccordstewart\",\"https:\/\/twitter.com\/MuseeMcCordStew\",\"https:\/\/instagram.com\/museemccordstewart\",\"https:\/\/www.linkedin.com\/company\/museemccordstewart\/\",\"https:\/\/www.pinterest.com\/museemccordstewart\/\",\"https:\/\/www.youtube.com\/c\/MuseeMcCordStewartMuseum\"]}]}<\/script>\n<!-- \/ Yoast SEO Premium plugin. -->","yoast_head_json":{"title":"Boutique : produits exclusifs et locaux - Mus\u00e9e McCord Stewart","description":"Des travaux de r\u00e9am\u00e9nagement sont en cours au rez-de-chauss\u00e9e du Mus\u00e9e afin d\u2019am\u00e9liorer votre exp\u00e9rience de visite, l\u2019accessibilit\u00e9 et la convivialit\u00e9 de nos espaces.","robots":{"index":"index","follow":"follow","max-snippet":"max-snippet:-1","max-image-preview":"max-image-preview:large","max-video-preview":"max-video-preview:-1"},"canonical":"https:\/\/www.musee-mccord-stewart.ca\/fr\/boutique\/","og_locale":"fr_FR","og_type":"article","og_title":"Fermeture temporaire de la Boutique","og_description":"Des travaux de r\u00e9am\u00e9nagement sont en cours au rez-de-chauss\u00e9e du Mus\u00e9e afin d\u2019am\u00e9liorer votre exp\u00e9rience de visite, l\u2019accessibilit\u00e9 et la convivialit\u00e9 de nos espaces.","og_url":"https:\/\/www.musee-mccord-stewart.ca\/fr\/boutique\/","og_site_name":"Mus\u00e9e McCord Stewart","article_publisher":"https:\/\/www.facebook.com\/museemccordstewart","article_modified_time":"2026-03-23T21:17:44+00:00","og_image":[{"width":1320,"height":480,"url":"https:\/\/www.musee-mccord-stewart.ca\/app\/uploads\/2022\/09\/mccord-stewart_facade-exterieur-henderson-2022_roger-aziz_1320x480.jpg","type":"image\/jpeg"}],"twitter_card":"summary_large_image","twitter_description":"Des travaux de r\u00e9am\u00e9nagement sont en cours au rez-de-chauss\u00e9e du Mus\u00e9e afin d\u2019am\u00e9liorer votre exp\u00e9rience de visite, l\u2019accessibilit\u00e9 et la convivialit\u00e9 de nos espaces.","twitter_site":"@MuseeMcCordStew","twitter_misc":{"Dur\u00e9e de lecture estim\u00e9e":"1 minute"},"schema":{"@context":"https:\/\/schema.org","@graph":[{"@type":"WebPage","@id":"https:\/\/www.musee-mccord-stewart.ca\/fr\/boutique\/","url":"https:\/\/www.musee-mccord-stewart.ca\/fr\/boutique\/","name":"Boutique : produits exclusifs et locaux - Mus\u00e9e McCord Stewart","isPartOf":{"@id":"https:\/\/www.musee-mccord-stewart.ca\/fr\/#website"},"datePublished":"2015-03-18T15:00:00+00:00","dateModified":"2026-03-23T21:17:44+00:00","description":"Des travaux de r\u00e9am\u00e9nagement sont en cours au rez-de-chauss\u00e9e du Mus\u00e9e afin d\u2019am\u00e9liorer votre exp\u00e9rience de visite, l\u2019accessibilit\u00e9 et la convivialit\u00e9 de nos espaces.","breadcrumb":{"@id":"https:\/\/www.musee-mccord-stewart.ca\/fr\/boutique\/#breadcrumb"},"inLanguage":"fr-FR","potentialAction":[{"@type":"ReadAction","target":["https:\/\/www.musee-mccord-stewart.ca\/fr\/boutique\/"]}]},{"@type":"BreadcrumbList","@id":"https:\/\/www.musee-mccord-stewart.ca\/fr\/boutique\/#breadcrumb","itemListElement":[{"@type":"ListItem","position":1,"name":"Accueil","item":"https:\/\/www.musee-mccord-stewart.ca\/fr\/"},{"@type":"ListItem","position":2,"name":"Fermeture temporaire de la Boutique"}]},{"@type":"WebSite","@id":"https:\/\/www.musee-mccord-stewart.ca\/fr\/#website","url":"https:\/\/www.musee-mccord-stewart.ca\/fr\/","name":"Mus\u00e9e McCord Stewart","description":"Notre monde, nos histoires","publisher":{"@id":"https:\/\/www.musee-mccord-stewart.ca\/fr\/#organization"},"alternateName":"MCS","potentialAction":[{"@type":"SearchAction","target":{"@type":"EntryPoint","urlTemplate":"https:\/\/www.musee-mccord-stewart.ca\/fr\/?s={search_term_string}"},"query-input":"required name=search_term_string"}],"inLanguage":"fr-FR"},{"@type":"Organization","@id":"https:\/\/www.musee-mccord-stewart.ca\/fr\/#organization","name":"McCord Stewart Museum","alternateName":"MCS","url":"https:\/\/www.musee-mccord-stewart.ca\/fr\/","logo":{"@type":"ImageObject","inLanguage":"fr-FR","@id":"https:\/\/www.musee-mccord-stewart.ca\/fr\/#\/schema\/logo\/image\/","url":"https:\/\/www.musee-mccord-stewart.ca\/app\/uploads\/2023\/05\/logo_museemccordstewart_horizontal_noir_slogan.svg","contentUrl":"https:\/\/www.musee-mccord-stewart.ca\/app\/uploads\/2023\/05\/logo_museemccordstewart_horizontal_noir_slogan.svg","width":1,"height":1,"caption":"McCord Stewart Museum"},"image":{"@id":"https:\/\/www.musee-mccord-stewart.ca\/fr\/#\/schema\/logo\/image\/"},"sameAs":["https:\/\/www.facebook.com\/museemccordstewart","https:\/\/twitter.com\/MuseeMcCordStew","https:\/\/instagram.com\/museemccordstewart","https:\/\/www.linkedin.com\/company\/museemccordstewart\/","https:\/\/www.pinterest.com\/museemccordstewart\/","https:\/\/www.youtube.com\/c\/MuseeMcCordStewartMuseum"]}]}},"_links":{"self":[{"href":"https:\/\/www.musee-mccord-stewart.ca\/fr\/wp-json\/wp\/v2\/pages\/724"}],"collection":[{"href":"https:\/\/www.musee-mccord-stewart.ca\/fr\/wp-json\/wp\/v2\/pages"}],"about":[{"href":"https:\/\/www.musee-mccord-stewart.ca\/fr\/wp-json\/wp\/v2\/types\/page"}],"author":[{"embeddable":true,"href":"https:\/\/www.musee-mccord-stewart.ca\/fr\/wp-json\/wp\/v2\/users\/1"}],"replies":[{"embeddable":true,"href":"https:\/\/www.musee-mccord-stewart.ca\/fr\/wp-json\/wp\/v2\/comments?post=724"}],"version-history":[{"count":0,"href":"https:\/\/www.musee-mccord-stewart.ca\/fr\/wp-json\/wp\/v2\/pages\/724\/revisions"}],"wp:attachment":[{"href":"https:\/\/www.musee-mccord-stewart.ca\/fr\/wp-json\/wp\/v2\/media?parent=724"}],"wp:term":[{"taxonomy":"category","embeddable":true,"href":"https:\/\/www.musee-mccord-stewart.ca\/fr\/wp-json\/wp\/v2\/categories?post=724"},{"taxonomy":"post_tag","embeddable":true,"href":"https:\/\/www.musee-mccord-stewart.ca\/fr\/wp-json\/wp\/v2\/tags?post=724"}],"curies":[{"name":"wp","href":"https:\/\/api.w.org\/{rel}","templated":true}]}}