{"id":714,"date":"2015-03-18T10:54:13","date_gmt":"2015-03-18T14:54:13","guid":{"rendered":"http:\/\/www.musee-mccord-stewart.ca\/?page_id=714"},"modified":"2026-03-25T11:45:53","modified_gmt":"2026-03-25T15:45:53","slug":"tarifs","status":"publish","type":"page","link":"https:\/\/www.musee-mccord-stewart.ca\/fr\/tarifs\/","title":{"rendered":"Tarifs"},"content":{"rendered":"<p><strong>Achetez vos billets en ligne et \u00e9conomisez 2 $<\/strong><sup>1<\/sup><strong>!<\/strong><\/p>\n<p><a class=\"cta\" title=\"\" href=\"https:\/\/musee-mccord-stewart.logikpos.ca\/\" target=\"_blank\" rel=\"noopener\">Billets en ligne<i class=\"arrow-right-thickicon-\"><\/i><\/a><\/p>\n<table style=\"height: 234px; width: 72.7294%;\">\n<tbody>\n<tr style=\"height: 23px;\">\n<td style=\"width: 34.8587%; height: 23px;\">Admission g\u00e9n\u00e9rale (adulte)<\/td>\n<td style=\"width: 74.0915%; height: 23px;\"><a href=\"https:\/\/musee-mccord-stewart.logikpos.ca\/\"><span data-teams=\"true\">20 $ en ligne<\/span><\/a><span data-teams=\"true\"> | +2 $ \u00e0 la porte<\/span><\/td>\n<\/tr>\n<tr style=\"height: 23px;\">\n<td style=\"width: 34.8587%; height: 23px;\">A\u00een\u00e9\u00b7e (65 ans et plus)<\/td>\n<td style=\"width: 74.0915%; height: 23px;\"><a href=\"https:\/\/musee-mccord-stewart.logikpos.ca\/\"><span data-teams=\"true\">19 $ en ligne<\/span><\/a><span data-teams=\"true\"> | +2 $ \u00e0 la porte<\/span><\/td>\n<\/tr>\n<tr style=\"height: 23px;\">\n<td style=\"width: 34.8587%; height: 23px;\">\u00c9tudiant\u00b7e<sup>2<\/sup> (18-30 ans)<\/td>\n<td style=\"width: 74.0915%; height: 23px;\"><a href=\"https:\/\/musee-mccord-stewart.logikpos.ca\/\"><span data-teams=\"true\">15 $ en ligne<\/span><\/a><span data-teams=\"true\"> | +2 $ \u00e0 la porte<\/span><\/td>\n<\/tr>\n<tr style=\"height: 23px;\">\n<td style=\"width: 34.8587%; height: 20px;\">Adolescent\u00b7e<sup>3 <\/sup>(13-17 ans)<\/td>\n<td style=\"width: 74.0915%; height: 20px;\">Gratuit (non applicable aux groupes organis\u00e9s)<\/td>\n<\/tr>\n<tr style=\"height: 28px;\">\n<td style=\"width: 34.8587%; height: 28px;\">Enfant<sup>4<\/sup> (12 ans et moins)<\/td>\n<td style=\"width: 74.0915%; height: 28px;\">Gratuit (non applicable aux groupes organis\u00e9s)<\/td>\n<\/tr>\n<tr style=\"height: 23px;\">\n<td style=\"width: 34.8587%; height: 23px;\">Membre du Mus\u00e9e<\/td>\n<td style=\"width: 74.0915%; height: 23px;\">Gratuit<\/td>\n<\/tr>\n<tr style=\"height: 23px;\">\n<td style=\"width: 34.8587%; height: 20px;\">Membres des communaut\u00e9s autochtones<sup>5<\/sup><\/td>\n<td style=\"width: 74.0915%; height: 20px;\">Gratuit<\/td>\n<\/tr>\n<tr style=\"height: 23px;\">\n<td style=\"width: 34.8587%; height: 50px;\"><strong>Mercredis soirs<\/strong><sup>6<\/sup>\u00a0(\u00e0 partir de 17 h)<\/td>\n<td style=\"width: 74.0915%; height: 50px;\">Gratuit : <strong><a href=\"https:\/\/www.musee-mccord-stewart.ca\/fr\/expositions\/voix-autochtones-aujourdhui\/\"><em>Voix autochtones d&rsquo;aujourd&rsquo;hui<\/em><\/a> <\/strong>et<strong><em> <a href=\"https:\/\/www.musee-mccord-stewart.ca\/fr\/expositions\/travail-de-nos-tantines\/\">Le travail de nos tantines\u202f: la force du d\u00e9vouement<\/a><\/em><\/strong><br \/>\n<span lang=\"FR\"><span data-teams=\"true\">10 $ en ligne<\/span><span data-teams=\"true\"> | +2 $ \u00e0 la porte<\/span> <\/span>:\u00a0<a href=\"https:\/\/www.musee-mccord-stewart.ca\/fr\/expositions\/au-menu-montreal-histoire-restaurants\/\"><strong><em>Au menu. Montr\u00e9al\u202f: une histoire de restaurants\u00a0<\/em><\/strong><\/a><\/td>\n<\/tr>\n<tr style=\"height: 24px;\">\n<td style=\"width: 34.8587%; height: 24px;\"><strong>Premier dimanche du mois<\/strong><sup>7<\/sup><strong><br \/>\n<\/strong><\/td>\n<td style=\"width: 74.0915%; height: 24px;\">Formule \u00ab\u202fPayez ce que vous pouvez\u202f\u00bb (aucune r\u00e9servation requise)<br \/>\n+ Gratuit pour les jeunes de moins de 20 ans r\u00e9sidant au Qu\u00e9bec.<\/td>\n<\/tr>\n<\/tbody>\n<\/table>\n<p>Le Mus\u00e9e remercie chaleureusement <a title=\"\" href=\"https:\/\/notre-impact.bmo.com\/\" target=\"_blank\" rel=\"noopener\">BMO<\/a>\u00a0pour les mercredis soirs gratuits, la <a title=\"\" href=\"https:\/\/www.jadeseve.com\/\" target=\"_blank\" rel=\"noopener\">Fondation J. A. DeS\u00e8ve<\/a> pour la gratuit\u00e9 des enfants de 12 ans et moins, ainsi que la Fondation Rossy pour la gratuit\u00e9 des adolescent\u00b7e\u00b7s de 13 \u00e0 17 ans.<\/p>\n<p>Merci \u00e0 la Fondation Azrieli pour leur g\u00e9n\u00e9reuse contribution au programme d\u2019accessibilit\u00e9 du premier dimanche de chaque mois. Cet appui, combin\u00e9 \u00e0 la formule \u00ab Payez ce que vous pouvez \u00bb, r\u00e9affirme notre engagement \u00e0 rendre la culture accessible au plus grand nombre.<br \/>\n<a class=\"cta\" title=\"\" href=\"https:\/\/musee-mccord-stewart.logikpos.ca\/\" target=\"_blank\" rel=\"noopener\">Billets<i class=\"arrow-right-thickicon-\"><\/i><\/a><\/p>\n","protected":false},"excerpt":{"rendered":"<p>Achetez vos billets en ligne et \u00e9conomisez 2 $1! Billets en ligne Admission g\u00e9n\u00e9rale (adulte) 20 $ en ligne | +2 $ \u00e0 la porte A\u00een\u00e9\u00b7e (65 ans et plus) 19 $ en ligne | +2 $ \u00e0 la porte \u00c9tudiant\u00b7e2 (18-30 ans) 15 $ en ligne | +2 $ \u00e0 la porte Adolescent\u00b7e3 (13-17 [&hellip;]<\/p>\n","protected":false},"author":1,"featured_media":0,"parent":0,"menu_order":0,"comment_status":"closed","ping_status":"closed","template":"page-templates\/page-texte.php","meta":{"footnotes":""},"categories":[],"tags":[],"acf":[],"yoast_head":"<!-- This site is optimized with the Yoast SEO Premium plugin v20.11 (Yoast SEO v20.11) - https:\/\/yoast.com\/wordpress\/plugins\/seo\/ -->\n<title>Planifiez votre prochaine visite : tarifs - Mus\u00e9e McCord Stewart<\/title>\n<meta name=\"description\" content=\"Voir les tarifs du Mus\u00e9e. Entr\u00e9e gratuite en tout temps pour les enfants de 12 ans et moins; et le mercredi soir. Certaines conditions s&#039;appliquent.\" \/>\n<meta name=\"robots\" content=\"index, follow, max-snippet:-1, max-image-preview:large, max-video-preview:-1\" \/>\n<link rel=\"canonical\" href=\"https:\/\/www.musee-mccord-stewart.ca\/fr\/tarifs\/\" \/>\n<meta property=\"og:locale\" content=\"fr_FR\" \/>\n<meta property=\"og:type\" content=\"article\" \/>\n<meta property=\"og:title\" content=\"Tarifs\" \/>\n<meta property=\"og:description\" content=\"Voir les tarifs du Mus\u00e9e. Entr\u00e9e gratuite en tout temps pour les enfants de 12 ans et moins; et le mercredi soir. Certaines conditions s&#039;appliquent.\" \/>\n<meta property=\"og:url\" content=\"https:\/\/www.musee-mccord-stewart.ca\/fr\/tarifs\/\" \/>\n<meta property=\"og:site_name\" content=\"Mus\u00e9e McCord Stewart\" \/>\n<meta property=\"article:publisher\" content=\"https:\/\/www.facebook.com\/museemccordstewart\" \/>\n<meta property=\"article:modified_time\" content=\"2026-03-25T15:45:53+00:00\" \/>\n<meta property=\"og:image\" content=\"https:\/\/www.musee-mccord-stewart.ca\/app\/uploads\/2025\/08\/mccord-stewart_planifiez-visite_2025_640x375.jpg\" \/>\n\t<meta property=\"og:image:width\" content=\"640\" \/>\n\t<meta property=\"og:image:height\" content=\"375\" \/>\n\t<meta property=\"og:image:type\" content=\"image\/jpeg\" \/>\n<meta name=\"twitter:card\" content=\"summary_large_image\" \/>\n<meta name=\"twitter:description\" content=\"Voir les tarifs du Mus\u00e9e. Entr\u00e9e gratuite en tout temps pour les enfants de 12 ans et moins; et le mercredi soir. Certaines conditions s&#039;appliquent.\" \/>\n<meta name=\"twitter:site\" content=\"@MuseeMcCordStew\" \/>\n<meta name=\"twitter:label1\" content=\"Dur\u00e9e de lecture estim\u00e9e\" \/>\n\t<meta name=\"twitter:data1\" content=\"2 minutes\" \/>\n<script type=\"application\/ld+json\" class=\"yoast-schema-graph\">{\"@context\":\"https:\/\/schema.org\",\"@graph\":[{\"@type\":\"WebPage\",\"@id\":\"https:\/\/www.musee-mccord-stewart.ca\/fr\/tarifs\/\",\"url\":\"https:\/\/www.musee-mccord-stewart.ca\/fr\/tarifs\/\",\"name\":\"Planifiez votre prochaine visite : tarifs - Mus\u00e9e McCord Stewart\",\"isPartOf\":{\"@id\":\"https:\/\/www.musee-mccord-stewart.ca\/fr\/#website\"},\"datePublished\":\"2015-03-18T14:54:13+00:00\",\"dateModified\":\"2026-03-25T15:45:53+00:00\",\"description\":\"Voir les tarifs du Mus\u00e9e. Entr\u00e9e gratuite en tout temps pour les enfants de 12 ans et moins; et le mercredi soir. Certaines conditions s'appliquent.\",\"breadcrumb\":{\"@id\":\"https:\/\/www.musee-mccord-stewart.ca\/fr\/tarifs\/#breadcrumb\"},\"inLanguage\":\"fr-FR\",\"potentialAction\":[{\"@type\":\"ReadAction\",\"target\":[\"https:\/\/www.musee-mccord-stewart.ca\/fr\/tarifs\/\"]}]},{\"@type\":\"BreadcrumbList\",\"@id\":\"https:\/\/www.musee-mccord-stewart.ca\/fr\/tarifs\/#breadcrumb\",\"itemListElement\":[{\"@type\":\"ListItem\",\"position\":1,\"name\":\"Accueil\",\"item\":\"https:\/\/www.musee-mccord-stewart.ca\/fr\/\"},{\"@type\":\"ListItem\",\"position\":2,\"name\":\"Tarifs\"}]},{\"@type\":\"WebSite\",\"@id\":\"https:\/\/www.musee-mccord-stewart.ca\/fr\/#website\",\"url\":\"https:\/\/www.musee-mccord-stewart.ca\/fr\/\",\"name\":\"Mus\u00e9e McCord Stewart\",\"description\":\"Notre monde, nos histoires\",\"publisher\":{\"@id\":\"https:\/\/www.musee-mccord-stewart.ca\/fr\/#organization\"},\"alternateName\":\"MCS\",\"potentialAction\":[{\"@type\":\"SearchAction\",\"target\":{\"@type\":\"EntryPoint\",\"urlTemplate\":\"https:\/\/www.musee-mccord-stewart.ca\/fr\/?s={search_term_string}\"},\"query-input\":\"required name=search_term_string\"}],\"inLanguage\":\"fr-FR\"},{\"@type\":\"Organization\",\"@id\":\"https:\/\/www.musee-mccord-stewart.ca\/fr\/#organization\",\"name\":\"McCord Stewart Museum\",\"alternateName\":\"MCS\",\"url\":\"https:\/\/www.musee-mccord-stewart.ca\/fr\/\",\"logo\":{\"@type\":\"ImageObject\",\"inLanguage\":\"fr-FR\",\"@id\":\"https:\/\/www.musee-mccord-stewart.ca\/fr\/#\/schema\/logo\/image\/\",\"url\":\"https:\/\/www.musee-mccord-stewart.ca\/app\/uploads\/2023\/05\/logo_museemccordstewart_horizontal_noir_slogan.svg\",\"contentUrl\":\"https:\/\/www.musee-mccord-stewart.ca\/app\/uploads\/2023\/05\/logo_museemccordstewart_horizontal_noir_slogan.svg\",\"width\":1,\"height\":1,\"caption\":\"McCord Stewart Museum\"},\"image\":{\"@id\":\"https:\/\/www.musee-mccord-stewart.ca\/fr\/#\/schema\/logo\/image\/\"},\"sameAs\":[\"https:\/\/www.facebook.com\/museemccordstewart\",\"https:\/\/twitter.com\/MuseeMcCordStew\",\"https:\/\/instagram.com\/museemccordstewart\",\"https:\/\/www.linkedin.com\/company\/museemccordstewart\/\",\"https:\/\/www.pinterest.com\/museemccordstewart\/\",\"https:\/\/www.youtube.com\/c\/MuseeMcCordStewartMuseum\"]}]}<\/script>\n<!-- \/ Yoast SEO Premium plugin. -->","yoast_head_json":{"title":"Planifiez votre prochaine visite : tarifs - Mus\u00e9e McCord Stewart","description":"Voir les tarifs du Mus\u00e9e. Entr\u00e9e gratuite en tout temps pour les enfants de 12 ans et moins; et le mercredi soir. Certaines conditions s'appliquent.","robots":{"index":"index","follow":"follow","max-snippet":"max-snippet:-1","max-image-preview":"max-image-preview:large","max-video-preview":"max-video-preview:-1"},"canonical":"https:\/\/www.musee-mccord-stewart.ca\/fr\/tarifs\/","og_locale":"fr_FR","og_type":"article","og_title":"Tarifs","og_description":"Voir les tarifs du Mus\u00e9e. Entr\u00e9e gratuite en tout temps pour les enfants de 12 ans et moins; et le mercredi soir. Certaines conditions s'appliquent.","og_url":"https:\/\/www.musee-mccord-stewart.ca\/fr\/tarifs\/","og_site_name":"Mus\u00e9e McCord Stewart","article_publisher":"https:\/\/www.facebook.com\/museemccordstewart","article_modified_time":"2026-03-25T15:45:53+00:00","og_image":[{"width":640,"height":375,"url":"https:\/\/www.musee-mccord-stewart.ca\/app\/uploads\/2025\/08\/mccord-stewart_planifiez-visite_2025_640x375.jpg","type":"image\/jpeg"}],"twitter_card":"summary_large_image","twitter_description":"Voir les tarifs du Mus\u00e9e. Entr\u00e9e gratuite en tout temps pour les enfants de 12 ans et moins; et le mercredi soir. Certaines conditions s'appliquent.","twitter_site":"@MuseeMcCordStew","twitter_misc":{"Dur\u00e9e de lecture estim\u00e9e":"2 minutes"},"schema":{"@context":"https:\/\/schema.org","@graph":[{"@type":"WebPage","@id":"https:\/\/www.musee-mccord-stewart.ca\/fr\/tarifs\/","url":"https:\/\/www.musee-mccord-stewart.ca\/fr\/tarifs\/","name":"Planifiez votre prochaine visite : tarifs - Mus\u00e9e McCord Stewart","isPartOf":{"@id":"https:\/\/www.musee-mccord-stewart.ca\/fr\/#website"},"datePublished":"2015-03-18T14:54:13+00:00","dateModified":"2026-03-25T15:45:53+00:00","description":"Voir les tarifs du Mus\u00e9e. Entr\u00e9e gratuite en tout temps pour les enfants de 12 ans et moins; et le mercredi soir. Certaines conditions s'appliquent.","breadcrumb":{"@id":"https:\/\/www.musee-mccord-stewart.ca\/fr\/tarifs\/#breadcrumb"},"inLanguage":"fr-FR","potentialAction":[{"@type":"ReadAction","target":["https:\/\/www.musee-mccord-stewart.ca\/fr\/tarifs\/"]}]},{"@type":"BreadcrumbList","@id":"https:\/\/www.musee-mccord-stewart.ca\/fr\/tarifs\/#breadcrumb","itemListElement":[{"@type":"ListItem","position":1,"name":"Accueil","item":"https:\/\/www.musee-mccord-stewart.ca\/fr\/"},{"@type":"ListItem","position":2,"name":"Tarifs"}]},{"@type":"WebSite","@id":"https:\/\/www.musee-mccord-stewart.ca\/fr\/#website","url":"https:\/\/www.musee-mccord-stewart.ca\/fr\/","name":"Mus\u00e9e McCord Stewart","description":"Notre monde, nos histoires","publisher":{"@id":"https:\/\/www.musee-mccord-stewart.ca\/fr\/#organization"},"alternateName":"MCS","potentialAction":[{"@type":"SearchAction","target":{"@type":"EntryPoint","urlTemplate":"https:\/\/www.musee-mccord-stewart.ca\/fr\/?s={search_term_string}"},"query-input":"required name=search_term_string"}],"inLanguage":"fr-FR"},{"@type":"Organization","@id":"https:\/\/www.musee-mccord-stewart.ca\/fr\/#organization","name":"McCord Stewart Museum","alternateName":"MCS","url":"https:\/\/www.musee-mccord-stewart.ca\/fr\/","logo":{"@type":"ImageObject","inLanguage":"fr-FR","@id":"https:\/\/www.musee-mccord-stewart.ca\/fr\/#\/schema\/logo\/image\/","url":"https:\/\/www.musee-mccord-stewart.ca\/app\/uploads\/2023\/05\/logo_museemccordstewart_horizontal_noir_slogan.svg","contentUrl":"https:\/\/www.musee-mccord-stewart.ca\/app\/uploads\/2023\/05\/logo_museemccordstewart_horizontal_noir_slogan.svg","width":1,"height":1,"caption":"McCord Stewart Museum"},"image":{"@id":"https:\/\/www.musee-mccord-stewart.ca\/fr\/#\/schema\/logo\/image\/"},"sameAs":["https:\/\/www.facebook.com\/museemccordstewart","https:\/\/twitter.com\/MuseeMcCordStew","https:\/\/instagram.com\/museemccordstewart","https:\/\/www.linkedin.com\/company\/museemccordstewart\/","https:\/\/www.pinterest.com\/museemccordstewart\/","https:\/\/www.youtube.com\/c\/MuseeMcCordStewartMuseum"]}]}},"_links":{"self":[{"href":"https:\/\/www.musee-mccord-stewart.ca\/fr\/wp-json\/wp\/v2\/pages\/714"}],"collection":[{"href":"https:\/\/www.musee-mccord-stewart.ca\/fr\/wp-json\/wp\/v2\/pages"}],"about":[{"href":"https:\/\/www.musee-mccord-stewart.ca\/fr\/wp-json\/wp\/v2\/types\/page"}],"author":[{"embeddable":true,"href":"https:\/\/www.musee-mccord-stewart.ca\/fr\/wp-json\/wp\/v2\/users\/1"}],"replies":[{"embeddable":true,"href":"https:\/\/www.musee-mccord-stewart.ca\/fr\/wp-json\/wp\/v2\/comments?post=714"}],"version-history":[{"count":0,"href":"https:\/\/www.musee-mccord-stewart.ca\/fr\/wp-json\/wp\/v2\/pages\/714\/revisions"}],"wp:attachment":[{"href":"https:\/\/www.musee-mccord-stewart.ca\/fr\/wp-json\/wp\/v2\/media?parent=714"}],"wp:term":[{"taxonomy":"category","embeddable":true,"href":"https:\/\/www.musee-mccord-stewart.ca\/fr\/wp-json\/wp\/v2\/categories?post=714"},{"taxonomy":"post_tag","embeddable":true,"href":"https:\/\/www.musee-mccord-stewart.ca\/fr\/wp-json\/wp\/v2\/tags?post=714"}],"curies":[{"name":"wp","href":"https:\/\/api.w.org\/{rel}","templated":true}]}}