{"id":705,"date":"2015-03-18T10:27:25","date_gmt":"2015-03-18T14:27:25","guid":{"rendered":"http:\/\/www.musee-mccord-stewart.ca\/?page_id=705"},"modified":"2025-09-11T16:43:47","modified_gmt":"2025-09-11T20:43:47","slug":"emplois-et-stages","status":"publish","type":"page","link":"https:\/\/www.musee-mccord-stewart.ca\/fr\/emplois-et-stages\/","title":{"rendered":"Emplois"},"content":{"rendered":"<p>Ancr\u00e9 \u00e0 Montr\u00e9al\u00a0<strong>depuis plus de 100 ans<\/strong>, le Mus\u00e9e McCord Stewart t\u00e9moigne de<strong>\u00a0l\u2019histoire de la ville<\/strong>, m\u00e9tropole du Qu\u00e9bec,\u00a0<strong>de son rayonnement<\/strong>\u00a0au Canada et dans le monde, ainsi que de<strong>\u00a0la vitalit\u00e9, de la cr\u00e9ativit\u00e9 et de la diversit\u00e9 des individus et des communaut\u00e9s<\/strong>\u00a0qui la composent.<\/p>\n<p>Il amplifie leurs voix par l\u2019interpr\u00e9tation et la diffusion du remarquable patrimoine dont il est le gardien, soit\u00a0<a title=\"\" href=\"https:\/\/www.musee-mccord-stewart.ca\/fr\/collections\/\">six collections<\/a>\u00a0riches de 2,5 millions d\u2019images, d\u2019objets, de documents et d\u2019\u0153uvres d\u2019art qui le positionnent comme l\u2019un des\u00a0<strong>mus\u00e9es de r\u00e9f\u00e9rence<\/strong>\u00a0en Am\u00e9rique du Nord.<\/p>\n<p>Engag\u00e9 dans une d\u00e9marche de\u00a0<strong>d\u00e9colonisation<\/strong>\u00a0et dans la mise en \u0153uvre de\u00a0<strong>pratiques mus\u00e9ales durables<\/strong>, il con\u00e7oit des\u00a0<a href=\"https:\/\/www.musee-mccord-stewart.ca\/fr\/expositions\/\">expositions<\/a>\u00a0et des\u00a0<a title=\"\" href=\"https:\/\/www.musee-mccord-stewart.ca\/fr\/activites\/?category=adulte\" target=\"_blank\" rel=\"noopener\">activit\u00e9s \u00e9ducatives, culturelles et citoyennes<\/a>\u00a0stimulantes qui portent un\u00a0<strong>regard critique et inclusif<\/strong> sur l\u2019histoire sociale et les enjeux contemporains qui touchent ses publics, les incitant \u00e0 l\u2019action pour une soci\u00e9t\u00e9 plus juste.<\/p>\n<h2>Faites partie de l&rsquo;\u00e9quipe<\/h2>\n<p>Le Mus\u00e9e McCord Stewart permet de collaborer quotidiennement avec des gens de multiples horizons reconnus pour leur engagement, leur professionnalisme et leur comp\u00e9tence : il est compos\u00e9 d&rsquo;une <a title=\"\u00c9quipe du Mus\u00e9e\" href=\"https:\/\/www.musee-mccord-stewart.ca\/fr\/equipe-du-musee\/\">\u00e9quipe dynamique et passionn\u00e9e<\/a> qui assure la r\u00e9alisation de sa mission publique.<\/p>\n<p>Toutes <a title=\"\" href=\"https:\/\/www.musee-mccord-stewart.ca\/fr\/mission\/\">les actions du Mus\u00e9e<\/a> s\u2019articulent autour de <strong>six valeurs fondamentales qui se d\u00e9clinent comme suit : la rigueur, l\u2019int\u00e9grit\u00e9, l\u2019ouverture, l\u2019audace, la cr\u00e9ativit\u00e9, l\u2019engagement<\/strong>.<br \/>\n<a class=\"cta\" title=\"\" href=\"https:\/\/jobs.glowinthecloud.com\/emplois?l=fr\" target=\"_blank\" rel=\"noopener\">Voir les offres d&#8217;emploi<i class=\"arrow-right-thickicon-\"><\/i><\/a><\/p>\n<h3>Avantages de travailler au Mus\u00e9e<\/h3>\n<ul>\n<li>Projets stimulants, t\u00e9l\u00e9travail, flexibilit\u00e9 d\u2019horaire;<\/li>\n<li>Deux semaines de cong\u00e9s \u00e0 la p\u00e9riode des F\u00eates et, apr\u00e8s un an, trois semaines de cong\u00e9 pendant l\u2019ann\u00e9e, quatre journ\u00e9es de bien-\u00eatre (postes r\u00e9guliers);<\/li>\n<li>Assurances collectives et un g\u00e9n\u00e9reux fonds de pension;<\/li>\n<li>Activit\u00e9s sociales et culturelles, visites priv\u00e9es des expositions;<\/li>\n<li>Opportunit\u00e9s de formation;<\/li>\n<li>Environnement de travail inclusif et collaboratif.<\/li>\n<\/ul>\n<p><strong>Vous aimeriez rejoindre l&rsquo;\u00e9quipe du Mus\u00e9e?<\/strong><br \/>\n<a class=\"cta\" title=\"\" href=\"https:\/\/jobs.glowinthecloud.com\/emplois?l=fr\" target=\"_blank\" rel=\"noopener\">Postuler<i class=\"arrow-right-thickicon-\"><\/i><\/a><\/p>\n<p><strong>Merci de l\u2019int\u00e9r\u00eat que vous portez au Mus\u00e9e McCord Stewart!<\/strong> Toutes les candidatures sont les bienvenues, toutefois nous ne communiquerons qu\u2019avec les personnes retenues pour une entrevue.<\/p>\n","protected":false},"excerpt":{"rendered":"<p>Ancr\u00e9 \u00e0 Montr\u00e9al\u00a0depuis plus de 100 ans, le Mus\u00e9e McCord Stewart t\u00e9moigne de\u00a0l\u2019histoire de la ville, m\u00e9tropole du Qu\u00e9bec,\u00a0de son rayonnement\u00a0au Canada et dans le monde, ainsi que de\u00a0la vitalit\u00e9, de la cr\u00e9ativit\u00e9 et de la diversit\u00e9 des individus et des communaut\u00e9s\u00a0qui la composent. Il amplifie leurs voix par l\u2019interpr\u00e9tation et la diffusion du remarquable [&hellip;]<\/p>\n","protected":false},"author":1,"featured_media":0,"parent":0,"menu_order":0,"comment_status":"closed","ping_status":"closed","template":"page-templates\/page-texte.php","meta":{"footnotes":""},"categories":[],"tags":[],"acf":[],"yoast_head":"<!-- This site is optimized with the Yoast SEO Premium plugin v20.11 (Yoast SEO v20.11) - https:\/\/yoast.com\/wordpress\/plugins\/seo\/ -->\n<title>Faites partie de l&#039;\u00e9quipe! Offre d&#039;emplois - Mus\u00e9e McCord Stewart<\/title>\n<meta name=\"description\" content=\"Collaborez quotidiennement avec des gens de multiples horizons reconnus pour leur engagement, leur professionnalisme et leur comp\u00e9tence!\" \/>\n<meta name=\"robots\" content=\"index, follow, max-snippet:-1, max-image-preview:large, max-video-preview:-1\" \/>\n<link rel=\"canonical\" href=\"https:\/\/www.musee-mccord-stewart.ca\/fr\/emplois-et-stages\/\" \/>\n<meta property=\"og:locale\" content=\"fr_FR\" \/>\n<meta property=\"og:type\" content=\"article\" \/>\n<meta property=\"og:title\" content=\"Faites partie de l&#039;\u00e9quipe! Offre d&#039;emplois - Mus\u00e9e McCord Stewart\" \/>\n<meta property=\"og:description\" content=\"Collaborez quotidiennement avec des gens de multiples horizons reconnus pour leur engagement, leur professionnalisme et leur comp\u00e9tence!\" \/>\n<meta property=\"og:url\" content=\"https:\/\/www.musee-mccord-stewart.ca\/fr\/emplois-et-stages\/\" \/>\n<meta property=\"og:site_name\" content=\"Mus\u00e9e McCord Stewart\" \/>\n<meta property=\"article:publisher\" content=\"https:\/\/www.facebook.com\/museemccordstewart\" \/>\n<meta property=\"article:modified_time\" content=\"2025-09-11T20:43:47+00:00\" \/>\n<meta property=\"og:image\" content=\"https:\/\/www.musee-mccord-stewart.ca\/app\/uploads\/2024\/01\/mccord-stewart_groupe_offre-corporative_1200x800-4.jpg\" \/>\n\t<meta property=\"og:image:width\" content=\"1200\" \/>\n\t<meta property=\"og:image:height\" content=\"800\" \/>\n\t<meta property=\"og:image:type\" content=\"image\/jpeg\" \/>\n<meta name=\"twitter:card\" content=\"summary_large_image\" \/>\n<meta name=\"twitter:title\" content=\"Faites partie de l&#039;\u00e9quipe! Offre d&#039;emplois - Mus\u00e9e McCord Stewart\" \/>\n<meta name=\"twitter:description\" content=\"Collaborez quotidiennement avec des gens de multiples horizons reconnus pour leur engagement, leur professionnalisme et leur comp\u00e9tence!\" \/>\n<meta name=\"twitter:site\" content=\"@MuseeMcCordStew\" \/>\n<meta name=\"twitter:label1\" content=\"Dur\u00e9e de lecture estim\u00e9e\" \/>\n\t<meta name=\"twitter:data1\" content=\"2 minutes\" \/>\n<script type=\"application\/ld+json\" class=\"yoast-schema-graph\">{\"@context\":\"https:\/\/schema.org\",\"@graph\":[{\"@type\":\"WebPage\",\"@id\":\"https:\/\/www.musee-mccord-stewart.ca\/fr\/emplois-et-stages\/\",\"url\":\"https:\/\/www.musee-mccord-stewart.ca\/fr\/emplois-et-stages\/\",\"name\":\"Faites partie de l'\u00e9quipe! Offre d'emplois - Mus\u00e9e McCord Stewart\",\"isPartOf\":{\"@id\":\"https:\/\/www.musee-mccord-stewart.ca\/fr\/#website\"},\"datePublished\":\"2015-03-18T14:27:25+00:00\",\"dateModified\":\"2025-09-11T20:43:47+00:00\",\"description\":\"Collaborez quotidiennement avec des gens de multiples horizons reconnus pour leur engagement, leur professionnalisme et leur comp\u00e9tence!\",\"breadcrumb\":{\"@id\":\"https:\/\/www.musee-mccord-stewart.ca\/fr\/emplois-et-stages\/#breadcrumb\"},\"inLanguage\":\"fr-FR\",\"potentialAction\":[{\"@type\":\"ReadAction\",\"target\":[\"https:\/\/www.musee-mccord-stewart.ca\/fr\/emplois-et-stages\/\"]}]},{\"@type\":\"BreadcrumbList\",\"@id\":\"https:\/\/www.musee-mccord-stewart.ca\/fr\/emplois-et-stages\/#breadcrumb\",\"itemListElement\":[{\"@type\":\"ListItem\",\"position\":1,\"name\":\"Accueil\",\"item\":\"https:\/\/www.musee-mccord-stewart.ca\/fr\/\"},{\"@type\":\"ListItem\",\"position\":2,\"name\":\"Emplois\"}]},{\"@type\":\"WebSite\",\"@id\":\"https:\/\/www.musee-mccord-stewart.ca\/fr\/#website\",\"url\":\"https:\/\/www.musee-mccord-stewart.ca\/fr\/\",\"name\":\"Mus\u00e9e McCord Stewart\",\"description\":\"Notre monde, nos histoires\",\"publisher\":{\"@id\":\"https:\/\/www.musee-mccord-stewart.ca\/fr\/#organization\"},\"alternateName\":\"MCS\",\"potentialAction\":[{\"@type\":\"SearchAction\",\"target\":{\"@type\":\"EntryPoint\",\"urlTemplate\":\"https:\/\/www.musee-mccord-stewart.ca\/fr\/?s={search_term_string}\"},\"query-input\":\"required name=search_term_string\"}],\"inLanguage\":\"fr-FR\"},{\"@type\":\"Organization\",\"@id\":\"https:\/\/www.musee-mccord-stewart.ca\/fr\/#organization\",\"name\":\"McCord Stewart Museum\",\"alternateName\":\"MCS\",\"url\":\"https:\/\/www.musee-mccord-stewart.ca\/fr\/\",\"logo\":{\"@type\":\"ImageObject\",\"inLanguage\":\"fr-FR\",\"@id\":\"https:\/\/www.musee-mccord-stewart.ca\/fr\/#\/schema\/logo\/image\/\",\"url\":\"https:\/\/www.musee-mccord-stewart.ca\/app\/uploads\/2023\/05\/logo_museemccordstewart_horizontal_noir_slogan.svg\",\"contentUrl\":\"https:\/\/www.musee-mccord-stewart.ca\/app\/uploads\/2023\/05\/logo_museemccordstewart_horizontal_noir_slogan.svg\",\"width\":1,\"height\":1,\"caption\":\"McCord Stewart Museum\"},\"image\":{\"@id\":\"https:\/\/www.musee-mccord-stewart.ca\/fr\/#\/schema\/logo\/image\/\"},\"sameAs\":[\"https:\/\/www.facebook.com\/museemccordstewart\",\"https:\/\/twitter.com\/MuseeMcCordStew\",\"https:\/\/instagram.com\/museemccordstewart\",\"https:\/\/www.linkedin.com\/company\/museemccordstewart\/\",\"https:\/\/www.pinterest.com\/museemccordstewart\/\",\"https:\/\/www.youtube.com\/c\/MuseeMcCordStewartMuseum\"]}]}<\/script>\n<!-- \/ Yoast SEO Premium plugin. -->","yoast_head_json":{"title":"Faites partie de l'\u00e9quipe! Offre d'emplois - Mus\u00e9e McCord Stewart","description":"Collaborez quotidiennement avec des gens de multiples horizons reconnus pour leur engagement, leur professionnalisme et leur comp\u00e9tence!","robots":{"index":"index","follow":"follow","max-snippet":"max-snippet:-1","max-image-preview":"max-image-preview:large","max-video-preview":"max-video-preview:-1"},"canonical":"https:\/\/www.musee-mccord-stewart.ca\/fr\/emplois-et-stages\/","og_locale":"fr_FR","og_type":"article","og_title":"Faites partie de l'\u00e9quipe! Offre d'emplois - Mus\u00e9e McCord Stewart","og_description":"Collaborez quotidiennement avec des gens de multiples horizons reconnus pour leur engagement, leur professionnalisme et leur comp\u00e9tence!","og_url":"https:\/\/www.musee-mccord-stewart.ca\/fr\/emplois-et-stages\/","og_site_name":"Mus\u00e9e McCord Stewart","article_publisher":"https:\/\/www.facebook.com\/museemccordstewart","article_modified_time":"2025-09-11T20:43:47+00:00","og_image":[{"width":1200,"height":800,"url":"https:\/\/www.musee-mccord-stewart.ca\/app\/uploads\/2024\/01\/mccord-stewart_groupe_offre-corporative_1200x800-4.jpg","type":"image\/jpeg"}],"twitter_card":"summary_large_image","twitter_title":"Faites partie de l'\u00e9quipe! Offre d'emplois - Mus\u00e9e McCord Stewart","twitter_description":"Collaborez quotidiennement avec des gens de multiples horizons reconnus pour leur engagement, leur professionnalisme et leur comp\u00e9tence!","twitter_site":"@MuseeMcCordStew","twitter_misc":{"Dur\u00e9e de lecture estim\u00e9e":"2 minutes"},"schema":{"@context":"https:\/\/schema.org","@graph":[{"@type":"WebPage","@id":"https:\/\/www.musee-mccord-stewart.ca\/fr\/emplois-et-stages\/","url":"https:\/\/www.musee-mccord-stewart.ca\/fr\/emplois-et-stages\/","name":"Faites partie de l'\u00e9quipe! Offre d'emplois - Mus\u00e9e McCord Stewart","isPartOf":{"@id":"https:\/\/www.musee-mccord-stewart.ca\/fr\/#website"},"datePublished":"2015-03-18T14:27:25+00:00","dateModified":"2025-09-11T20:43:47+00:00","description":"Collaborez quotidiennement avec des gens de multiples horizons reconnus pour leur engagement, leur professionnalisme et leur comp\u00e9tence!","breadcrumb":{"@id":"https:\/\/www.musee-mccord-stewart.ca\/fr\/emplois-et-stages\/#breadcrumb"},"inLanguage":"fr-FR","potentialAction":[{"@type":"ReadAction","target":["https:\/\/www.musee-mccord-stewart.ca\/fr\/emplois-et-stages\/"]}]},{"@type":"BreadcrumbList","@id":"https:\/\/www.musee-mccord-stewart.ca\/fr\/emplois-et-stages\/#breadcrumb","itemListElement":[{"@type":"ListItem","position":1,"name":"Accueil","item":"https:\/\/www.musee-mccord-stewart.ca\/fr\/"},{"@type":"ListItem","position":2,"name":"Emplois"}]},{"@type":"WebSite","@id":"https:\/\/www.musee-mccord-stewart.ca\/fr\/#website","url":"https:\/\/www.musee-mccord-stewart.ca\/fr\/","name":"Mus\u00e9e McCord Stewart","description":"Notre monde, nos histoires","publisher":{"@id":"https:\/\/www.musee-mccord-stewart.ca\/fr\/#organization"},"alternateName":"MCS","potentialAction":[{"@type":"SearchAction","target":{"@type":"EntryPoint","urlTemplate":"https:\/\/www.musee-mccord-stewart.ca\/fr\/?s={search_term_string}"},"query-input":"required name=search_term_string"}],"inLanguage":"fr-FR"},{"@type":"Organization","@id":"https:\/\/www.musee-mccord-stewart.ca\/fr\/#organization","name":"McCord Stewart Museum","alternateName":"MCS","url":"https:\/\/www.musee-mccord-stewart.ca\/fr\/","logo":{"@type":"ImageObject","inLanguage":"fr-FR","@id":"https:\/\/www.musee-mccord-stewart.ca\/fr\/#\/schema\/logo\/image\/","url":"https:\/\/www.musee-mccord-stewart.ca\/app\/uploads\/2023\/05\/logo_museemccordstewart_horizontal_noir_slogan.svg","contentUrl":"https:\/\/www.musee-mccord-stewart.ca\/app\/uploads\/2023\/05\/logo_museemccordstewart_horizontal_noir_slogan.svg","width":1,"height":1,"caption":"McCord Stewart Museum"},"image":{"@id":"https:\/\/www.musee-mccord-stewart.ca\/fr\/#\/schema\/logo\/image\/"},"sameAs":["https:\/\/www.facebook.com\/museemccordstewart","https:\/\/twitter.com\/MuseeMcCordStew","https:\/\/instagram.com\/museemccordstewart","https:\/\/www.linkedin.com\/company\/museemccordstewart\/","https:\/\/www.pinterest.com\/museemccordstewart\/","https:\/\/www.youtube.com\/c\/MuseeMcCordStewartMuseum"]}]}},"_links":{"self":[{"href":"https:\/\/www.musee-mccord-stewart.ca\/fr\/wp-json\/wp\/v2\/pages\/705"}],"collection":[{"href":"https:\/\/www.musee-mccord-stewart.ca\/fr\/wp-json\/wp\/v2\/pages"}],"about":[{"href":"https:\/\/www.musee-mccord-stewart.ca\/fr\/wp-json\/wp\/v2\/types\/page"}],"author":[{"embeddable":true,"href":"https:\/\/www.musee-mccord-stewart.ca\/fr\/wp-json\/wp\/v2\/users\/1"}],"replies":[{"embeddable":true,"href":"https:\/\/www.musee-mccord-stewart.ca\/fr\/wp-json\/wp\/v2\/comments?post=705"}],"version-history":[{"count":0,"href":"https:\/\/www.musee-mccord-stewart.ca\/fr\/wp-json\/wp\/v2\/pages\/705\/revisions"}],"wp:attachment":[{"href":"https:\/\/www.musee-mccord-stewart.ca\/fr\/wp-json\/wp\/v2\/media?parent=705"}],"wp:term":[{"taxonomy":"category","embeddable":true,"href":"https:\/\/www.musee-mccord-stewart.ca\/fr\/wp-json\/wp\/v2\/categories?post=705"},{"taxonomy":"post_tag","embeddable":true,"href":"https:\/\/www.musee-mccord-stewart.ca\/fr\/wp-json\/wp\/v2\/tags?post=705"}],"curies":[{"name":"wp","href":"https:\/\/api.w.org\/{rel}","templated":true}]}}