{"id":6187,"date":"2015-06-26T16:23:50","date_gmt":"2015-06-26T20:23:50","guid":{"rendered":"http:\/\/www.musee-mccord-stewart.ca\/?page_id=6187"},"modified":"2025-09-19T15:53:22","modified_gmt":"2025-09-19T19:53:22","slug":"natu-natshishkueu-aventure-rencontre","status":"publish","type":"page","link":"https:\/\/www.musee-mccord-stewart.ca\/fr\/natu-natshishkueu-aventure-rencontre\/","title":{"rendered":"Natu-natshishkueu : l\u2019aventure de la rencontre"},"content":{"rendered":"<p>Venez d\u00e9couvrir un lieu consacr\u00e9 \u00e0 l\u2019art, \u00e0 l\u2019histoire et \u00e0 la d\u00e9couverte\u2026 <strong>Les activit\u00e9s participatives du Mus\u00e9e sont con\u00e7ues pour toute la famille!<\/strong><\/p>\n<p><em>Natu-natshishkueu\u00a0: l\u2019aventure de la rencontre<\/em>, pr\u00e9sent\u00e9e par <a href=\"http:\/\/www.hydroquebec.com\/residentiel\/\">Hydro-Qu\u00e9bec<\/a>, propose aux membres de la famille de faire \u00e9quipe et de partir \u00e0 la d\u00e9couverte de l&rsquo;exposition permanente <strong><a href=\"https:\/\/www.musee-mccord-stewart.ca\/fr\/expositions\/voix-autochtones-aujourdhui\/\"><em>Voix autochtones d\u2019aujourd\u2019hui : savoir, trauma, r\u00e9silience<\/em><\/a><\/strong>.<\/p>\n<p><strong>Saviez-vous qu\u2019en kanien\u2019keh\u00e1:ka, Tiohti\u00e0:ke d\u00e9signe Montr\u00e9al, \u00ab l\u00e0 o\u00f9 les courants se rencontrent \u00bb\u202f?<\/strong> Par l\u2019observation, l\u2019imagination et la discussion, petit\u00b7e\u00b7s et grand\u00b7e\u00b7s sont invit\u00e9\u00b7e\u00b7s \u00e0 <strong>aller \u00e0 la rencontre des nations autochtones au Qu\u00e9bec<\/strong> par l\u2019entremise de la collection <a href=\"https:\/\/www.musee-mccord-stewart.ca\/fr\/collections\/cultures-autochtones\/\">Cultures autochtones<\/a> du Mus\u00e9e et des nombreux t\u00e9moignages qui s\u2019y rattachent.<\/p>\n<p>Chaque enfant se voit remettre gratuitement <strong>un feuillet d\u2019exploration pour partir \u00e0 l\u2019aventure de la rencontre!<\/strong><\/p>\n<p><iframe loading=\"lazy\" title=\"YouTube video player\" src=\"https:\/\/www.youtube.com\/embed\/dAS8uDnkn4A?si=ErWXrZH5bRIP0yLy\" width=\"560\" height=\"315\" frameborder=\"0\" allowfullscreen=\"allowfullscreen\"><\/iframe><\/p>\n<h2>Informations pratiques<\/h2>\n<p>L\u2019activit\u00e9 est recommand\u00e9e pour les enfants de 6 \u00e0 11\u00a0ans.<br \/>\n<strong>Gratuit pour les enfants de 17 ans et moins.<\/strong><br \/>\nLes adultes accompagnateurs doivent se procurer un billet d\u2019entr\u00e9e au Mus\u00e9e.<\/p>\n","protected":false},"excerpt":{"rendered":"<p>Venez d\u00e9couvrir un lieu consacr\u00e9 \u00e0 l\u2019art, \u00e0 l\u2019histoire et \u00e0 la d\u00e9couverte\u2026 Les activit\u00e9s participatives du Mus\u00e9e sont con\u00e7ues pour toute la famille! Natu-natshishkueu\u00a0: l\u2019aventure de la rencontre, pr\u00e9sent\u00e9e par Hydro-Qu\u00e9bec, propose aux membres de la famille de faire \u00e9quipe et de partir \u00e0 la d\u00e9couverte de l&rsquo;exposition permanente Voix autochtones d\u2019aujourd\u2019hui : savoir, [&hellip;]<\/p>\n","protected":false},"author":17,"featured_media":0,"parent":0,"menu_order":0,"comment_status":"closed","ping_status":"closed","template":"page-templates\/page-texte.php","meta":{"footnotes":""},"categories":[],"tags":[],"acf":[],"yoast_head":"<!-- This site is optimized with the Yoast SEO Premium plugin v20.11 (Yoast SEO v20.11) - https:\/\/yoast.com\/wordpress\/plugins\/seo\/ -->\n<title>Natu-natshishkueu : l\u2019aventure de la rencontre au Mus\u00e9e McCord Stewart<\/title>\n<meta name=\"description\" content=\"Visitez le Mus\u00e9e et suivez le parcours famille pour aller \u00e0 la rencontre des nations autochtones au Qu\u00e9bec. Observez, imaginez, discutez!\" \/>\n<meta name=\"robots\" content=\"index, follow, max-snippet:-1, max-image-preview:large, max-video-preview:-1\" \/>\n<link rel=\"canonical\" href=\"https:\/\/www.musee-mccord-stewart.ca\/fr\/natu-natshishkueu-aventure-rencontre\/\" \/>\n<meta property=\"og:locale\" content=\"fr_FR\" \/>\n<meta property=\"og:type\" content=\"article\" \/>\n<meta property=\"og:title\" content=\"Natu-natshishkueu : l\u2019aventure de la rencontre\" \/>\n<meta property=\"og:description\" content=\"Venez d\u00e9couvrir un lieu consacr\u00e9 \u00e0 l\u2019art, \u00e0 l\u2019histoire et \u00e0 la d\u00e9couverte\u2026 Les activit\u00e9s participatives du Mus\u00e9e sont con\u00e7ues pour toute la famille!\" \/>\n<meta property=\"og:url\" content=\"https:\/\/www.musee-mccord-stewart.ca\/fr\/natu-natshishkueu-aventure-rencontre\/\" \/>\n<meta property=\"og:site_name\" content=\"Mus\u00e9e McCord Stewart\" \/>\n<meta property=\"article:publisher\" content=\"https:\/\/www.facebook.com\/museemccordstewart\" \/>\n<meta property=\"article:modified_time\" content=\"2025-09-19T19:53:22+00:00\" \/>\n<meta property=\"og:image\" content=\"https:\/\/www.musee-mccord-stewart.ca\/app\/uploads\/2023\/12\/mccord_200823-5.jpg\" \/>\n\t<meta property=\"og:image:width\" content=\"2048\" \/>\n\t<meta property=\"og:image:height\" content=\"1365\" \/>\n\t<meta property=\"og:image:type\" content=\"image\/jpeg\" \/>\n<meta name=\"twitter:card\" content=\"summary_large_image\" \/>\n<meta name=\"twitter:site\" content=\"@MuseeMcCordStew\" \/>\n<meta name=\"twitter:label1\" content=\"Dur\u00e9e de lecture estim\u00e9e\" \/>\n\t<meta name=\"twitter:data1\" content=\"1 minute\" \/>\n<script type=\"application\/ld+json\" class=\"yoast-schema-graph\">{\"@context\":\"https:\/\/schema.org\",\"@graph\":[{\"@type\":\"WebPage\",\"@id\":\"https:\/\/www.musee-mccord-stewart.ca\/fr\/natu-natshishkueu-aventure-rencontre\/\",\"url\":\"https:\/\/www.musee-mccord-stewart.ca\/fr\/natu-natshishkueu-aventure-rencontre\/\",\"name\":\"Natu-natshishkueu : l\u2019aventure de la rencontre au Mus\u00e9e McCord Stewart\",\"isPartOf\":{\"@id\":\"https:\/\/www.musee-mccord-stewart.ca\/fr\/#website\"},\"datePublished\":\"2015-06-26T20:23:50+00:00\",\"dateModified\":\"2025-09-19T19:53:22+00:00\",\"description\":\"Visitez le Mus\u00e9e et suivez le parcours famille pour aller \u00e0 la rencontre des nations autochtones au Qu\u00e9bec. Observez, imaginez, discutez!\",\"breadcrumb\":{\"@id\":\"https:\/\/www.musee-mccord-stewart.ca\/fr\/natu-natshishkueu-aventure-rencontre\/#breadcrumb\"},\"inLanguage\":\"fr-FR\",\"potentialAction\":[{\"@type\":\"ReadAction\",\"target\":[\"https:\/\/www.musee-mccord-stewart.ca\/fr\/natu-natshishkueu-aventure-rencontre\/\"]}]},{\"@type\":\"BreadcrumbList\",\"@id\":\"https:\/\/www.musee-mccord-stewart.ca\/fr\/natu-natshishkueu-aventure-rencontre\/#breadcrumb\",\"itemListElement\":[{\"@type\":\"ListItem\",\"position\":1,\"name\":\"Accueil\",\"item\":\"https:\/\/www.musee-mccord-stewart.ca\/fr\/\"},{\"@type\":\"ListItem\",\"position\":2,\"name\":\"Natu-natshishkueu : l\u2019aventure de la rencontre\"}]},{\"@type\":\"WebSite\",\"@id\":\"https:\/\/www.musee-mccord-stewart.ca\/fr\/#website\",\"url\":\"https:\/\/www.musee-mccord-stewart.ca\/fr\/\",\"name\":\"Mus\u00e9e McCord Stewart\",\"description\":\"Notre monde, nos histoires\",\"publisher\":{\"@id\":\"https:\/\/www.musee-mccord-stewart.ca\/fr\/#organization\"},\"alternateName\":\"MCS\",\"potentialAction\":[{\"@type\":\"SearchAction\",\"target\":{\"@type\":\"EntryPoint\",\"urlTemplate\":\"https:\/\/www.musee-mccord-stewart.ca\/fr\/?s={search_term_string}\"},\"query-input\":\"required name=search_term_string\"}],\"inLanguage\":\"fr-FR\"},{\"@type\":\"Organization\",\"@id\":\"https:\/\/www.musee-mccord-stewart.ca\/fr\/#organization\",\"name\":\"McCord Stewart Museum\",\"alternateName\":\"MCS\",\"url\":\"https:\/\/www.musee-mccord-stewart.ca\/fr\/\",\"logo\":{\"@type\":\"ImageObject\",\"inLanguage\":\"fr-FR\",\"@id\":\"https:\/\/www.musee-mccord-stewart.ca\/fr\/#\/schema\/logo\/image\/\",\"url\":\"https:\/\/www.musee-mccord-stewart.ca\/app\/uploads\/2023\/05\/logo_museemccordstewart_horizontal_noir_slogan.svg\",\"contentUrl\":\"https:\/\/www.musee-mccord-stewart.ca\/app\/uploads\/2023\/05\/logo_museemccordstewart_horizontal_noir_slogan.svg\",\"width\":1,\"height\":1,\"caption\":\"McCord Stewart Museum\"},\"image\":{\"@id\":\"https:\/\/www.musee-mccord-stewart.ca\/fr\/#\/schema\/logo\/image\/\"},\"sameAs\":[\"https:\/\/www.facebook.com\/museemccordstewart\",\"https:\/\/twitter.com\/MuseeMcCordStew\",\"https:\/\/instagram.com\/museemccordstewart\",\"https:\/\/www.linkedin.com\/company\/museemccordstewart\/\",\"https:\/\/www.pinterest.com\/museemccordstewart\/\",\"https:\/\/www.youtube.com\/c\/MuseeMcCordStewartMuseum\"]}]}<\/script>\n<!-- \/ Yoast SEO Premium plugin. -->","yoast_head_json":{"title":"Natu-natshishkueu : l\u2019aventure de la rencontre au Mus\u00e9e McCord Stewart","description":"Visitez le Mus\u00e9e et suivez le parcours famille pour aller \u00e0 la rencontre des nations autochtones au Qu\u00e9bec. Observez, imaginez, discutez!","robots":{"index":"index","follow":"follow","max-snippet":"max-snippet:-1","max-image-preview":"max-image-preview:large","max-video-preview":"max-video-preview:-1"},"canonical":"https:\/\/www.musee-mccord-stewart.ca\/fr\/natu-natshishkueu-aventure-rencontre\/","og_locale":"fr_FR","og_type":"article","og_title":"Natu-natshishkueu : l\u2019aventure de la rencontre","og_description":"Venez d\u00e9couvrir un lieu consacr\u00e9 \u00e0 l\u2019art, \u00e0 l\u2019histoire et \u00e0 la d\u00e9couverte\u2026 Les activit\u00e9s participatives du Mus\u00e9e sont con\u00e7ues pour toute la famille!","og_url":"https:\/\/www.musee-mccord-stewart.ca\/fr\/natu-natshishkueu-aventure-rencontre\/","og_site_name":"Mus\u00e9e McCord Stewart","article_publisher":"https:\/\/www.facebook.com\/museemccordstewart","article_modified_time":"2025-09-19T19:53:22+00:00","og_image":[{"width":2048,"height":1365,"url":"https:\/\/www.musee-mccord-stewart.ca\/app\/uploads\/2023\/12\/mccord_200823-5.jpg","type":"image\/jpeg"}],"twitter_card":"summary_large_image","twitter_site":"@MuseeMcCordStew","twitter_misc":{"Dur\u00e9e de lecture estim\u00e9e":"1 minute"},"schema":{"@context":"https:\/\/schema.org","@graph":[{"@type":"WebPage","@id":"https:\/\/www.musee-mccord-stewart.ca\/fr\/natu-natshishkueu-aventure-rencontre\/","url":"https:\/\/www.musee-mccord-stewart.ca\/fr\/natu-natshishkueu-aventure-rencontre\/","name":"Natu-natshishkueu : l\u2019aventure de la rencontre au Mus\u00e9e McCord Stewart","isPartOf":{"@id":"https:\/\/www.musee-mccord-stewart.ca\/fr\/#website"},"datePublished":"2015-06-26T20:23:50+00:00","dateModified":"2025-09-19T19:53:22+00:00","description":"Visitez le Mus\u00e9e et suivez le parcours famille pour aller \u00e0 la rencontre des nations autochtones au Qu\u00e9bec. Observez, imaginez, discutez!","breadcrumb":{"@id":"https:\/\/www.musee-mccord-stewart.ca\/fr\/natu-natshishkueu-aventure-rencontre\/#breadcrumb"},"inLanguage":"fr-FR","potentialAction":[{"@type":"ReadAction","target":["https:\/\/www.musee-mccord-stewart.ca\/fr\/natu-natshishkueu-aventure-rencontre\/"]}]},{"@type":"BreadcrumbList","@id":"https:\/\/www.musee-mccord-stewart.ca\/fr\/natu-natshishkueu-aventure-rencontre\/#breadcrumb","itemListElement":[{"@type":"ListItem","position":1,"name":"Accueil","item":"https:\/\/www.musee-mccord-stewart.ca\/fr\/"},{"@type":"ListItem","position":2,"name":"Natu-natshishkueu : l\u2019aventure de la rencontre"}]},{"@type":"WebSite","@id":"https:\/\/www.musee-mccord-stewart.ca\/fr\/#website","url":"https:\/\/www.musee-mccord-stewart.ca\/fr\/","name":"Mus\u00e9e McCord Stewart","description":"Notre monde, nos histoires","publisher":{"@id":"https:\/\/www.musee-mccord-stewart.ca\/fr\/#organization"},"alternateName":"MCS","potentialAction":[{"@type":"SearchAction","target":{"@type":"EntryPoint","urlTemplate":"https:\/\/www.musee-mccord-stewart.ca\/fr\/?s={search_term_string}"},"query-input":"required name=search_term_string"}],"inLanguage":"fr-FR"},{"@type":"Organization","@id":"https:\/\/www.musee-mccord-stewart.ca\/fr\/#organization","name":"McCord Stewart Museum","alternateName":"MCS","url":"https:\/\/www.musee-mccord-stewart.ca\/fr\/","logo":{"@type":"ImageObject","inLanguage":"fr-FR","@id":"https:\/\/www.musee-mccord-stewart.ca\/fr\/#\/schema\/logo\/image\/","url":"https:\/\/www.musee-mccord-stewart.ca\/app\/uploads\/2023\/05\/logo_museemccordstewart_horizontal_noir_slogan.svg","contentUrl":"https:\/\/www.musee-mccord-stewart.ca\/app\/uploads\/2023\/05\/logo_museemccordstewart_horizontal_noir_slogan.svg","width":1,"height":1,"caption":"McCord Stewart Museum"},"image":{"@id":"https:\/\/www.musee-mccord-stewart.ca\/fr\/#\/schema\/logo\/image\/"},"sameAs":["https:\/\/www.facebook.com\/museemccordstewart","https:\/\/twitter.com\/MuseeMcCordStew","https:\/\/instagram.com\/museemccordstewart","https:\/\/www.linkedin.com\/company\/museemccordstewart\/","https:\/\/www.pinterest.com\/museemccordstewart\/","https:\/\/www.youtube.com\/c\/MuseeMcCordStewartMuseum"]}]}},"_links":{"self":[{"href":"https:\/\/www.musee-mccord-stewart.ca\/fr\/wp-json\/wp\/v2\/pages\/6187"}],"collection":[{"href":"https:\/\/www.musee-mccord-stewart.ca\/fr\/wp-json\/wp\/v2\/pages"}],"about":[{"href":"https:\/\/www.musee-mccord-stewart.ca\/fr\/wp-json\/wp\/v2\/types\/page"}],"author":[{"embeddable":true,"href":"https:\/\/www.musee-mccord-stewart.ca\/fr\/wp-json\/wp\/v2\/users\/17"}],"replies":[{"embeddable":true,"href":"https:\/\/www.musee-mccord-stewart.ca\/fr\/wp-json\/wp\/v2\/comments?post=6187"}],"version-history":[{"count":0,"href":"https:\/\/www.musee-mccord-stewart.ca\/fr\/wp-json\/wp\/v2\/pages\/6187\/revisions"}],"wp:attachment":[{"href":"https:\/\/www.musee-mccord-stewart.ca\/fr\/wp-json\/wp\/v2\/media?parent=6187"}],"wp:term":[{"taxonomy":"category","embeddable":true,"href":"https:\/\/www.musee-mccord-stewart.ca\/fr\/wp-json\/wp\/v2\/categories?post=6187"},{"taxonomy":"post_tag","embeddable":true,"href":"https:\/\/www.musee-mccord-stewart.ca\/fr\/wp-json\/wp\/v2\/tags?post=6187"}],"curies":[{"name":"wp","href":"https:\/\/api.w.org\/{rel}","templated":true}]}}