{"id":52593,"date":"2026-03-24T11:11:39","date_gmt":"2026-03-24T15:11:39","guid":{"rendered":"https:\/\/www.musee-mccord-stewart.ca\/?page_id=52593"},"modified":"2026-03-25T13:22:58","modified_gmt":"2026-03-25T17:22:58","slug":"parcours-famille-montreal-1976-epreuve-olympique","status":"publish","type":"page","link":"https:\/\/www.musee-mccord-stewart.ca\/fr\/parcours-famille-montreal-1976-epreuve-olympique\/","title":{"rendered":"Parcours famille dans l\u2019exposition <i>Montr\u00e9al 1976 : une \u00e9preuve olympique<\/i>"},"content":{"rendered":"<h2>Relevez une mission olympique en famille<\/h2>\n<p>L\u2019exposition <strong><em><a href=\"https:\/\/www.musee-mccord-stewart.ca\/fr\/expositions\/montreal-1976-epreuve-olympique\/\">Montr\u00e9al 1976 : une \u00e9preuve olympique<\/a><\/em><\/strong> comprend un parcours ludique et interactif qui invite les familles \u00e0 relever un grand d\u00e9fi\u202f: celui d\u2019aider Montr\u00e9al \u00e0 r\u00e9aliser son r\u00eave d\u2019accueillir les Jeux olympiques. Des \u00e9preuves jalonnent l\u2019exposition, menant tout droit \u00e0 la victoire\u2026 et au podium pour une photo souvenir!<\/p>\n<h2>Informations pratiques<\/h2>\n<ul>\n<li>Une m\u00e9daille \u00e0 colorier est distribu\u00e9e \u00e0 l\u2019entr\u00e9e de l\u2019exposition (quantit\u00e9s limit\u00e9es).<\/li>\n<li>L\u2019activit\u00e9 est recommand\u00e9e pour les enfants \u00e2g\u00e9s de 6 \u00e0 12\u202fans.<\/li>\n<li>Le parcours peut \u00eatre r\u00e9alis\u00e9 en tout temps pendant les heures d\u2019ouverture du Mus\u00e9e, d\u00e8s le 27 mars.<\/li>\n<li>L\u2019entr\u00e9e au Mus\u00e9e est gratuite pour les jeunes de 17 ans et moins. Les adultes qui les accompagnent doivent se procurer un billet d\u2019entr\u00e9e au Mus\u00e9e.<\/li>\n<li>Dur\u00e9e de la visite\u202f: 60\u202fminutes<\/li>\n<\/ul>\n<p aria-level=\"2\"><b><span data-contrast=\"auto\">Des espaces accueillants pour les familles<\/span><\/b><span data-ccp-props=\"{&quot;134245418&quot;:true,&quot;134245529&quot;:true,&quot;201341983&quot;:0,&quot;335557856&quot;:16580351,&quot;335559685&quot;:-165,&quot;335559738&quot;:600,&quot;335559739&quot;:0,&quot;335559740&quot;:600}\">\u00a0<\/span><\/p>\n<p><span data-contrast=\"auto\">Le Mus\u00e9e est un espace s\u00e9curitaire qui offre aussi une multitude de services pour faciliter la visite des familles. Ainsi,\u00a0<\/span><span data-contrast=\"auto\">une salle d\u2019allaitement, des vestiaires en libre-service et des tables \u00e0 langer sont accessibles en tout temps.<\/span><\/p>\n","protected":false},"excerpt":{"rendered":"<p>Relevez une mission olympique en famille L\u2019exposition Montr\u00e9al 1976 : une \u00e9preuve olympique comprend un parcours ludique et interactif qui invite les familles \u00e0 relever un grand d\u00e9fi\u202f: celui d\u2019aider Montr\u00e9al \u00e0 r\u00e9aliser son r\u00eave d\u2019accueillir les Jeux olympiques. Des \u00e9preuves jalonnent l\u2019exposition, menant tout droit \u00e0 la victoire\u2026 et au podium pour une photo [&hellip;]<\/p>\n","protected":false},"author":51,"featured_media":0,"parent":0,"menu_order":0,"comment_status":"closed","ping_status":"closed","template":"page-templates\/page-texte.php","meta":{"footnotes":""},"categories":[],"tags":[],"acf":[],"yoast_head":"<!-- This site is optimized with the Yoast SEO Premium plugin v20.11 (Yoast SEO v20.11) - https:\/\/yoast.com\/wordpress\/plugins\/seo\/ -->\n<title>Parcours famille dans l\u2019exposition Montr\u00e9al 1976 : une \u00e9preuve olympique - Mus\u00e9e McCord Stewart<\/title>\n<meta name=\"description\" content=\"Participer \u00e0 un parcours ludique et interactif qui invite les familles \u00e0 relever un grand d\u00e9fi\u202f: celui d\u2019aider Montr\u00e9al \u00e0 r\u00e9aliser son r\u00eave d\u2019accueillir les Jeux olympiques.\" \/>\n<meta name=\"robots\" content=\"index, follow, max-snippet:-1, max-image-preview:large, max-video-preview:-1\" \/>\n<link rel=\"canonical\" href=\"https:\/\/www.musee-mccord-stewart.ca\/fr\/parcours-famille-montreal-1976-epreuve-olympique\/\" \/>\n<meta property=\"og:locale\" content=\"fr_FR\" \/>\n<meta property=\"og:type\" content=\"article\" \/>\n<meta property=\"og:title\" content=\"Parcours famille dans l\u2019exposition Montr\u00e9al 1976 : une \u00e9preuve olympique\" \/>\n<meta property=\"og:description\" content=\"Participer \u00e0 un parcours ludique et interactif qui invite les familles \u00e0 relever un grand d\u00e9fi\u202f: celui d\u2019aider Montr\u00e9al \u00e0 r\u00e9aliser son r\u00eave d\u2019accueillir les Jeux olympiques.\" \/>\n<meta property=\"og:url\" content=\"https:\/\/www.musee-mccord-stewart.ca\/fr\/parcours-famille-montreal-1976-epreuve-olympique\/\" \/>\n<meta property=\"og:site_name\" content=\"Mus\u00e9e McCord Stewart\" \/>\n<meta property=\"article:publisher\" content=\"https:\/\/www.facebook.com\/museemccordstewart\" \/>\n<meta property=\"article:modified_time\" content=\"2026-03-25T17:22:58+00:00\" \/>\n<meta property=\"og:image\" content=\"https:\/\/www.musee-mccord-stewart.ca\/app\/uploads\/2026\/03\/mccord-stewart_j-o_parcours-famille_640x448.jpg\" \/>\n\t<meta property=\"og:image:width\" content=\"640\" \/>\n\t<meta property=\"og:image:height\" content=\"448\" \/>\n\t<meta property=\"og:image:type\" content=\"image\/jpeg\" \/>\n<meta name=\"twitter:card\" content=\"summary_large_image\" \/>\n<meta name=\"twitter:description\" content=\"Participer \u00e0 un parcours ludique et interactif qui invite les familles \u00e0 relever un grand d\u00e9fi\u202f: celui d\u2019aider Montr\u00e9al \u00e0 r\u00e9aliser son r\u00eave d\u2019accueillir les Jeux olympiques.\" \/>\n<meta name=\"twitter:site\" content=\"@MuseeMcCordStew\" \/>\n<meta name=\"twitter:label1\" content=\"Dur\u00e9e de lecture estim\u00e9e\" \/>\n\t<meta name=\"twitter:data1\" content=\"1 minute\" \/>\n<script type=\"application\/ld+json\" class=\"yoast-schema-graph\">{\"@context\":\"https:\/\/schema.org\",\"@graph\":[{\"@type\":\"WebPage\",\"@id\":\"https:\/\/www.musee-mccord-stewart.ca\/fr\/parcours-famille-montreal-1976-epreuve-olympique\/\",\"url\":\"https:\/\/www.musee-mccord-stewart.ca\/fr\/parcours-famille-montreal-1976-epreuve-olympique\/\",\"name\":\"Parcours famille dans l\u2019exposition Montr\u00e9al 1976 : une \u00e9preuve olympique - Mus\u00e9e McCord Stewart\",\"isPartOf\":{\"@id\":\"https:\/\/www.musee-mccord-stewart.ca\/fr\/#website\"},\"datePublished\":\"2026-03-24T15:11:39+00:00\",\"dateModified\":\"2026-03-25T17:22:58+00:00\",\"description\":\"Participer \u00e0 un parcours ludique et interactif qui invite les familles \u00e0 relever un grand d\u00e9fi\u202f: celui d\u2019aider Montr\u00e9al \u00e0 r\u00e9aliser son r\u00eave d\u2019accueillir les Jeux olympiques.\",\"breadcrumb\":{\"@id\":\"https:\/\/www.musee-mccord-stewart.ca\/fr\/parcours-famille-montreal-1976-epreuve-olympique\/#breadcrumb\"},\"inLanguage\":\"fr-FR\",\"potentialAction\":[{\"@type\":\"ReadAction\",\"target\":[\"https:\/\/www.musee-mccord-stewart.ca\/fr\/parcours-famille-montreal-1976-epreuve-olympique\/\"]}]},{\"@type\":\"BreadcrumbList\",\"@id\":\"https:\/\/www.musee-mccord-stewart.ca\/fr\/parcours-famille-montreal-1976-epreuve-olympique\/#breadcrumb\",\"itemListElement\":[{\"@type\":\"ListItem\",\"position\":1,\"name\":\"Accueil\",\"item\":\"https:\/\/www.musee-mccord-stewart.ca\/fr\/\"},{\"@type\":\"ListItem\",\"position\":2,\"name\":\"Parcours famille dans l\u2019exposition Montr\u00e9al 1976 : une \u00e9preuve olympique\"}]},{\"@type\":\"WebSite\",\"@id\":\"https:\/\/www.musee-mccord-stewart.ca\/fr\/#website\",\"url\":\"https:\/\/www.musee-mccord-stewart.ca\/fr\/\",\"name\":\"Mus\u00e9e McCord Stewart\",\"description\":\"Notre monde, nos histoires\",\"publisher\":{\"@id\":\"https:\/\/www.musee-mccord-stewart.ca\/fr\/#organization\"},\"alternateName\":\"MCS\",\"potentialAction\":[{\"@type\":\"SearchAction\",\"target\":{\"@type\":\"EntryPoint\",\"urlTemplate\":\"https:\/\/www.musee-mccord-stewart.ca\/fr\/?s={search_term_string}\"},\"query-input\":\"required name=search_term_string\"}],\"inLanguage\":\"fr-FR\"},{\"@type\":\"Organization\",\"@id\":\"https:\/\/www.musee-mccord-stewart.ca\/fr\/#organization\",\"name\":\"McCord Stewart Museum\",\"alternateName\":\"MCS\",\"url\":\"https:\/\/www.musee-mccord-stewart.ca\/fr\/\",\"logo\":{\"@type\":\"ImageObject\",\"inLanguage\":\"fr-FR\",\"@id\":\"https:\/\/www.musee-mccord-stewart.ca\/fr\/#\/schema\/logo\/image\/\",\"url\":\"https:\/\/www.musee-mccord-stewart.ca\/app\/uploads\/2023\/05\/logo_museemccordstewart_horizontal_noir_slogan.svg\",\"contentUrl\":\"https:\/\/www.musee-mccord-stewart.ca\/app\/uploads\/2023\/05\/logo_museemccordstewart_horizontal_noir_slogan.svg\",\"width\":1,\"height\":1,\"caption\":\"McCord Stewart Museum\"},\"image\":{\"@id\":\"https:\/\/www.musee-mccord-stewart.ca\/fr\/#\/schema\/logo\/image\/\"},\"sameAs\":[\"https:\/\/www.facebook.com\/museemccordstewart\",\"https:\/\/twitter.com\/MuseeMcCordStew\",\"https:\/\/instagram.com\/museemccordstewart\",\"https:\/\/www.linkedin.com\/company\/museemccordstewart\/\",\"https:\/\/www.pinterest.com\/museemccordstewart\/\",\"https:\/\/www.youtube.com\/c\/MuseeMcCordStewartMuseum\"]}]}<\/script>\n<!-- \/ Yoast SEO Premium plugin. -->","yoast_head_json":{"title":"Parcours famille dans l\u2019exposition Montr\u00e9al 1976 : une \u00e9preuve olympique - Mus\u00e9e McCord Stewart","description":"Participer \u00e0 un parcours ludique et interactif qui invite les familles \u00e0 relever un grand d\u00e9fi\u202f: celui d\u2019aider Montr\u00e9al \u00e0 r\u00e9aliser son r\u00eave d\u2019accueillir les Jeux olympiques.","robots":{"index":"index","follow":"follow","max-snippet":"max-snippet:-1","max-image-preview":"max-image-preview:large","max-video-preview":"max-video-preview:-1"},"canonical":"https:\/\/www.musee-mccord-stewart.ca\/fr\/parcours-famille-montreal-1976-epreuve-olympique\/","og_locale":"fr_FR","og_type":"article","og_title":"Parcours famille dans l\u2019exposition Montr\u00e9al 1976 : une \u00e9preuve olympique","og_description":"Participer \u00e0 un parcours ludique et interactif qui invite les familles \u00e0 relever un grand d\u00e9fi\u202f: celui d\u2019aider Montr\u00e9al \u00e0 r\u00e9aliser son r\u00eave d\u2019accueillir les Jeux olympiques.","og_url":"https:\/\/www.musee-mccord-stewart.ca\/fr\/parcours-famille-montreal-1976-epreuve-olympique\/","og_site_name":"Mus\u00e9e McCord Stewart","article_publisher":"https:\/\/www.facebook.com\/museemccordstewart","article_modified_time":"2026-03-25T17:22:58+00:00","og_image":[{"width":640,"height":448,"url":"https:\/\/www.musee-mccord-stewart.ca\/app\/uploads\/2026\/03\/mccord-stewart_j-o_parcours-famille_640x448.jpg","type":"image\/jpeg"}],"twitter_card":"summary_large_image","twitter_description":"Participer \u00e0 un parcours ludique et interactif qui invite les familles \u00e0 relever un grand d\u00e9fi\u202f: celui d\u2019aider Montr\u00e9al \u00e0 r\u00e9aliser son r\u00eave d\u2019accueillir les Jeux olympiques.","twitter_site":"@MuseeMcCordStew","twitter_misc":{"Dur\u00e9e de lecture estim\u00e9e":"1 minute"},"schema":{"@context":"https:\/\/schema.org","@graph":[{"@type":"WebPage","@id":"https:\/\/www.musee-mccord-stewart.ca\/fr\/parcours-famille-montreal-1976-epreuve-olympique\/","url":"https:\/\/www.musee-mccord-stewart.ca\/fr\/parcours-famille-montreal-1976-epreuve-olympique\/","name":"Parcours famille dans l\u2019exposition Montr\u00e9al 1976 : une \u00e9preuve olympique - Mus\u00e9e McCord Stewart","isPartOf":{"@id":"https:\/\/www.musee-mccord-stewart.ca\/fr\/#website"},"datePublished":"2026-03-24T15:11:39+00:00","dateModified":"2026-03-25T17:22:58+00:00","description":"Participer \u00e0 un parcours ludique et interactif qui invite les familles \u00e0 relever un grand d\u00e9fi\u202f: celui d\u2019aider Montr\u00e9al \u00e0 r\u00e9aliser son r\u00eave d\u2019accueillir les Jeux olympiques.","breadcrumb":{"@id":"https:\/\/www.musee-mccord-stewart.ca\/fr\/parcours-famille-montreal-1976-epreuve-olympique\/#breadcrumb"},"inLanguage":"fr-FR","potentialAction":[{"@type":"ReadAction","target":["https:\/\/www.musee-mccord-stewart.ca\/fr\/parcours-famille-montreal-1976-epreuve-olympique\/"]}]},{"@type":"BreadcrumbList","@id":"https:\/\/www.musee-mccord-stewart.ca\/fr\/parcours-famille-montreal-1976-epreuve-olympique\/#breadcrumb","itemListElement":[{"@type":"ListItem","position":1,"name":"Accueil","item":"https:\/\/www.musee-mccord-stewart.ca\/fr\/"},{"@type":"ListItem","position":2,"name":"Parcours famille dans l\u2019exposition Montr\u00e9al 1976 : une \u00e9preuve olympique"}]},{"@type":"WebSite","@id":"https:\/\/www.musee-mccord-stewart.ca\/fr\/#website","url":"https:\/\/www.musee-mccord-stewart.ca\/fr\/","name":"Mus\u00e9e McCord Stewart","description":"Notre monde, nos histoires","publisher":{"@id":"https:\/\/www.musee-mccord-stewart.ca\/fr\/#organization"},"alternateName":"MCS","potentialAction":[{"@type":"SearchAction","target":{"@type":"EntryPoint","urlTemplate":"https:\/\/www.musee-mccord-stewart.ca\/fr\/?s={search_term_string}"},"query-input":"required name=search_term_string"}],"inLanguage":"fr-FR"},{"@type":"Organization","@id":"https:\/\/www.musee-mccord-stewart.ca\/fr\/#organization","name":"McCord Stewart Museum","alternateName":"MCS","url":"https:\/\/www.musee-mccord-stewart.ca\/fr\/","logo":{"@type":"ImageObject","inLanguage":"fr-FR","@id":"https:\/\/www.musee-mccord-stewart.ca\/fr\/#\/schema\/logo\/image\/","url":"https:\/\/www.musee-mccord-stewart.ca\/app\/uploads\/2023\/05\/logo_museemccordstewart_horizontal_noir_slogan.svg","contentUrl":"https:\/\/www.musee-mccord-stewart.ca\/app\/uploads\/2023\/05\/logo_museemccordstewart_horizontal_noir_slogan.svg","width":1,"height":1,"caption":"McCord Stewart Museum"},"image":{"@id":"https:\/\/www.musee-mccord-stewart.ca\/fr\/#\/schema\/logo\/image\/"},"sameAs":["https:\/\/www.facebook.com\/museemccordstewart","https:\/\/twitter.com\/MuseeMcCordStew","https:\/\/instagram.com\/museemccordstewart","https:\/\/www.linkedin.com\/company\/museemccordstewart\/","https:\/\/www.pinterest.com\/museemccordstewart\/","https:\/\/www.youtube.com\/c\/MuseeMcCordStewartMuseum"]}]}},"_links":{"self":[{"href":"https:\/\/www.musee-mccord-stewart.ca\/fr\/wp-json\/wp\/v2\/pages\/52593"}],"collection":[{"href":"https:\/\/www.musee-mccord-stewart.ca\/fr\/wp-json\/wp\/v2\/pages"}],"about":[{"href":"https:\/\/www.musee-mccord-stewart.ca\/fr\/wp-json\/wp\/v2\/types\/page"}],"author":[{"embeddable":true,"href":"https:\/\/www.musee-mccord-stewart.ca\/fr\/wp-json\/wp\/v2\/users\/51"}],"replies":[{"embeddable":true,"href":"https:\/\/www.musee-mccord-stewart.ca\/fr\/wp-json\/wp\/v2\/comments?post=52593"}],"version-history":[{"count":0,"href":"https:\/\/www.musee-mccord-stewart.ca\/fr\/wp-json\/wp\/v2\/pages\/52593\/revisions"}],"wp:attachment":[{"href":"https:\/\/www.musee-mccord-stewart.ca\/fr\/wp-json\/wp\/v2\/media?parent=52593"}],"wp:term":[{"taxonomy":"category","embeddable":true,"href":"https:\/\/www.musee-mccord-stewart.ca\/fr\/wp-json\/wp\/v2\/categories?post=52593"},{"taxonomy":"post_tag","embeddable":true,"href":"https:\/\/www.musee-mccord-stewart.ca\/fr\/wp-json\/wp\/v2\/tags?post=52593"}],"curies":[{"name":"wp","href":"https:\/\/api.w.org\/{rel}","templated":true}]}}