{"id":51309,"date":"2025-07-17T16:07:47","date_gmt":"2025-07-17T20:07:47","guid":{"rendered":"https:\/\/www.musee-mccord-stewart.ca\/?page_id=51309"},"modified":"2026-03-03T10:38:28","modified_gmt":"2026-03-03T15:38:28","slug":"logos-guide-de-marque","status":"publish","type":"page","link":"https:\/\/www.musee-mccord-stewart.ca\/fr\/logos-guide-de-marque\/","title":{"rendered":"Logos et guide de marque"},"content":{"rendered":"<p>Ancr\u00e9 \u00e0 Montr\u00e9al\u00a0depuis plus de 100 ans, le Mus\u00e9e McCord Stewart t\u00e9moigne de\u00a0l\u2019histoire de la ville, m\u00e9tropole du Qu\u00e9bec,\u00a0de son rayonnement\u00a0au Canada et dans le monde, ainsi que de\u00a0la vitalit\u00e9, de la cr\u00e9ativit\u00e9 et de la diversit\u00e9 des individus et des communaut\u00e9s\u00a0qui la composent.<\/p>\n<p>Il amplifie leurs voix par l\u2019interpr\u00e9tation et la diffusion du remarquable patrimoine dont il est le gardien, soit\u00a0<a title=\"\" href=\"https:\/\/www.musee-mccord-stewart.ca\/fr\/collections\/\">six collections<\/a> riches de 3,2 millions d\u2019images, d\u2019objets, de documents et d\u2019\u0153uvres d\u2019art qui le positionnent comme l\u2019un des mus\u00e9es de r\u00e9f\u00e9rence\u00a0en Am\u00e9rique du Nord.<\/p>\n<p>Engag\u00e9 dans une d\u00e9marche de\u00a0d\u00e9colonisation\u00a0et dans la mise en \u0153uvre de\u00a0pratiques mus\u00e9ales durables, il con\u00e7oit des\u00a0<a href=\"https:\/\/www.musee-mccord-stewart.ca\/fr\/expositions\/\">expositions<\/a>\u00a0et des\u00a0<a title=\"\" href=\"https:\/\/www.musee-mccord-stewart.ca\/fr\/activites\/?category=adulte\" target=\"_blank\" rel=\"noopener\">activit\u00e9s \u00e9ducatives, culturelles et citoyennes<\/a>\u00a0stimulantes qui portent un\u00a0regard critique et inclusif\u00a0sur l\u2019histoire sociale et les enjeux contemporains qui touchent ses publics, les incitant \u00e0 l\u2019action pour une soci\u00e9t\u00e9 plus juste.<\/p>\n<h2>Logos \u00e0 t\u00e9l\u00e9charger<\/h2>\n<p>Ces fichiers sont disponibles \u00e0 des fins sp\u00e9cifiques et sur autorisation seulement, veuillez consulter le guide de marque inclus dans le dossier.<\/p>\n<p>Merci de communiquer avec le service des communications du Mus\u00e9e McCord Stewart \u00e0 l&rsquo;adresse suivante: <a href=\"mailto:communications@mccord-stewart.ca\">communications@mccord-stewart.ca<\/a>.<\/p>\n<p><a class=\"download\" title=\"\" href=\"https:\/\/www.musee-mccord-stewart.ca\/app\/uploads\/2025\/07\/mccord-stewart-logos-guide-de-marque_fr-v1.zip\">Logos et guide de marque en fran\u00e7ais (.zip) <\/a><a title=\"\" href=\"https:\/\/www.musee-mccord-stewart.ca\/app\/uploads\/2025\/07\/mccord-stewart-logos-guide-de-marque_fr-v1.zip\" target=\"_blank\" rel=\"noopener\"><img loading=\"lazy\" decoding=\"async\" class=\"wp-image-51413 alignnone\" src=\"https:\/\/www.musee-mccord-stewart.ca\/app\/uploads\/2025\/07\/logo_musee-mccord-stewart_horizontal_noir.png\" alt=\"\" width=\"309\" height=\"115\" srcset=\"https:\/\/www.musee-mccord-stewart.ca\/app\/uploads\/2025\/07\/logo_musee-mccord-stewart_horizontal_noir.png 2895w, https:\/\/www.musee-mccord-stewart.ca\/app\/uploads\/2025\/07\/logo_musee-mccord-stewart_horizontal_noir-300x112.png 300w, https:\/\/www.musee-mccord-stewart.ca\/app\/uploads\/2025\/07\/logo_musee-mccord-stewart_horizontal_noir-880x328.png 880w, https:\/\/www.musee-mccord-stewart.ca\/app\/uploads\/2025\/07\/logo_musee-mccord-stewart_horizontal_noir-768x286.png 768w, https:\/\/www.musee-mccord-stewart.ca\/app\/uploads\/2025\/07\/logo_musee-mccord-stewart_horizontal_noir-1536x572.png 1536w, https:\/\/www.musee-mccord-stewart.ca\/app\/uploads\/2025\/07\/logo_musee-mccord-stewart_horizontal_noir-2048x763.png 2048w, https:\/\/www.musee-mccord-stewart.ca\/app\/uploads\/2025\/07\/logo_musee-mccord-stewart_horizontal_noir-102x38.png 102w\" sizes=\"(max-width: 309px) 100vw, 309px\" \/><\/a><\/p>\n<p><a class=\"download\" title=\"\" href=\"https:\/\/www.musee-mccord-stewart.ca\/app\/uploads\/2025\/07\/mccord-stewart_logos_brand-guide_en_v1.zip\">Logos et guide de marque en anglais (.zip)<\/a><a href=\"https:\/\/www.musee-mccord-stewart.ca\/app\/uploads\/2025\/07\/mccord-stewart_logos_brand-guide_en_v1.zip\"><img loading=\"lazy\" decoding=\"async\" class=\"alignnone wp-image-51412\" src=\"https:\/\/www.musee-mccord-stewart.ca\/app\/uploads\/2025\/07\/logo_mccord-stewart-museum_horizontal_black.png\" alt=\"\" width=\"309\" height=\"115\" srcset=\"https:\/\/www.musee-mccord-stewart.ca\/app\/uploads\/2025\/07\/logo_mccord-stewart-museum_horizontal_black.png 2895w, https:\/\/www.musee-mccord-stewart.ca\/app\/uploads\/2025\/07\/logo_mccord-stewart-museum_horizontal_black-300x112.png 300w, https:\/\/www.musee-mccord-stewart.ca\/app\/uploads\/2025\/07\/logo_mccord-stewart-museum_horizontal_black-880x328.png 880w, https:\/\/www.musee-mccord-stewart.ca\/app\/uploads\/2025\/07\/logo_mccord-stewart-museum_horizontal_black-768x286.png 768w, https:\/\/www.musee-mccord-stewart.ca\/app\/uploads\/2025\/07\/logo_mccord-stewart-museum_horizontal_black-1536x572.png 1536w, https:\/\/www.musee-mccord-stewart.ca\/app\/uploads\/2025\/07\/logo_mccord-stewart-museum_horizontal_black-2048x763.png 2048w, https:\/\/www.musee-mccord-stewart.ca\/app\/uploads\/2025\/07\/logo_mccord-stewart-museum_horizontal_black-102x38.png 102w\" sizes=\"(max-width: 309px) 100vw, 309px\" \/><\/a><\/p>\n<h2>Parlez-nous de vos projets<\/h2>\n<ul>\n<li>Vous souhaitez devenir partenaire? <a href=\"https:\/\/www.musee-mccord-stewart.ca\/fr\/devenez-partenaire\/\">Plus de renseignements ici<\/a>.<\/li>\n<li>Pour vous inscrire \u00e0 la liste de presse du Mus\u00e9e et recevoir toutes les communications \u00e0 l\u2019intention des m\u00e9dias, rendez-vous sur la <a href=\"https:\/\/www.musee-mccord-stewart.ca\/fr\/salle-de-presse\/\">salle de presse<\/a>.<\/li>\n<\/ul>\n","protected":false},"excerpt":{"rendered":"<p>Ancr\u00e9 \u00e0 Montr\u00e9al\u00a0depuis plus de 100 ans, le Mus\u00e9e McCord Stewart t\u00e9moigne de\u00a0l\u2019histoire de la ville, m\u00e9tropole du Qu\u00e9bec,\u00a0de son rayonnement\u00a0au Canada et dans le monde, ainsi que de\u00a0la vitalit\u00e9, de la cr\u00e9ativit\u00e9 et de la diversit\u00e9 des individus et des communaut\u00e9s\u00a0qui la composent. Il amplifie leurs voix par l\u2019interpr\u00e9tation et la diffusion du remarquable [&hellip;]<\/p>\n","protected":false},"author":51,"featured_media":0,"parent":0,"menu_order":0,"comment_status":"closed","ping_status":"closed","template":"page-templates\/page-texte.php","meta":{"footnotes":""},"categories":[],"tags":[],"acf":[],"yoast_head":"<!-- This site is optimized with the Yoast SEO Premium plugin v20.11 (Yoast SEO v20.11) - https:\/\/yoast.com\/wordpress\/plugins\/seo\/ -->\n<title>Logos et guide de marque - Mus\u00e9e McCord Stewart<\/title>\n<meta name=\"description\" content=\"Ancr\u00e9 \u00e0 Montr\u00e9al\u00a0depuis plus de 100 ans, le Mus\u00e9e McCord Stewart t\u00e9moigne de\u00a0l\u2019histoire de la ville, m\u00e9tropole du Qu\u00e9bec,\u00a0de son rayonnement\u00a0au Canada et\" \/>\n<meta name=\"robots\" content=\"index, follow, max-snippet:-1, max-image-preview:large, max-video-preview:-1\" \/>\n<link rel=\"canonical\" href=\"https:\/\/www.musee-mccord-stewart.ca\/fr\/logos-guide-de-marque\/\" \/>\n<meta property=\"og:locale\" content=\"fr_FR\" \/>\n<meta property=\"og:type\" content=\"article\" \/>\n<meta property=\"og:title\" content=\"Logos et guide de marque\" \/>\n<meta property=\"og:description\" content=\"Ancr\u00e9 \u00e0 Montr\u00e9al\u00a0depuis plus de 100 ans, le Mus\u00e9e McCord Stewart t\u00e9moigne de\u00a0l\u2019histoire de la ville, m\u00e9tropole du Qu\u00e9bec,\u00a0de son rayonnement\u00a0au Canada et\" \/>\n<meta property=\"og:url\" content=\"https:\/\/www.musee-mccord-stewart.ca\/fr\/logos-guide-de-marque\/\" \/>\n<meta property=\"og:site_name\" content=\"Mus\u00e9e McCord Stewart\" \/>\n<meta property=\"article:publisher\" content=\"https:\/\/www.facebook.com\/museemccordstewart\" \/>\n<meta property=\"article:modified_time\" content=\"2026-03-03T15:38:28+00:00\" \/>\n<meta property=\"og:image\" content=\"https:\/\/www.musee-mccord-stewart.ca\/app\/uploads\/2025\/07\/logo_musee-mccord-stewart_horizontal_noir.png\" \/>\n<meta name=\"twitter:card\" content=\"summary_large_image\" \/>\n<meta name=\"twitter:site\" content=\"@MuseeMcCordStew\" \/>\n<meta name=\"twitter:label1\" content=\"Dur\u00e9e de lecture estim\u00e9e\" \/>\n\t<meta name=\"twitter:data1\" content=\"2 minutes\" \/>\n<script type=\"application\/ld+json\" class=\"yoast-schema-graph\">{\"@context\":\"https:\/\/schema.org\",\"@graph\":[{\"@type\":\"WebPage\",\"@id\":\"https:\/\/www.musee-mccord-stewart.ca\/fr\/logos-guide-de-marque\/\",\"url\":\"https:\/\/www.musee-mccord-stewart.ca\/fr\/logos-guide-de-marque\/\",\"name\":\"Logos et guide de marque - Mus\u00e9e McCord Stewart\",\"isPartOf\":{\"@id\":\"https:\/\/www.musee-mccord-stewart.ca\/fr\/#website\"},\"datePublished\":\"2025-07-17T20:07:47+00:00\",\"dateModified\":\"2026-03-03T15:38:28+00:00\",\"description\":\"Ancr\u00e9 \u00e0 Montr\u00e9al\u00a0depuis plus de 100 ans, le Mus\u00e9e McCord Stewart t\u00e9moigne de\u00a0l\u2019histoire de la ville, m\u00e9tropole du Qu\u00e9bec,\u00a0de son rayonnement\u00a0au Canada et\",\"breadcrumb\":{\"@id\":\"https:\/\/www.musee-mccord-stewart.ca\/fr\/logos-guide-de-marque\/#breadcrumb\"},\"inLanguage\":\"fr-FR\",\"potentialAction\":[{\"@type\":\"ReadAction\",\"target\":[\"https:\/\/www.musee-mccord-stewart.ca\/fr\/logos-guide-de-marque\/\"]}]},{\"@type\":\"BreadcrumbList\",\"@id\":\"https:\/\/www.musee-mccord-stewart.ca\/fr\/logos-guide-de-marque\/#breadcrumb\",\"itemListElement\":[{\"@type\":\"ListItem\",\"position\":1,\"name\":\"Accueil\",\"item\":\"https:\/\/www.musee-mccord-stewart.ca\/fr\/\"},{\"@type\":\"ListItem\",\"position\":2,\"name\":\"Logos et guide de marque\"}]},{\"@type\":\"WebSite\",\"@id\":\"https:\/\/www.musee-mccord-stewart.ca\/fr\/#website\",\"url\":\"https:\/\/www.musee-mccord-stewart.ca\/fr\/\",\"name\":\"Mus\u00e9e McCord Stewart\",\"description\":\"Notre monde, nos histoires\",\"publisher\":{\"@id\":\"https:\/\/www.musee-mccord-stewart.ca\/fr\/#organization\"},\"alternateName\":\"MCS\",\"potentialAction\":[{\"@type\":\"SearchAction\",\"target\":{\"@type\":\"EntryPoint\",\"urlTemplate\":\"https:\/\/www.musee-mccord-stewart.ca\/fr\/?s={search_term_string}\"},\"query-input\":\"required name=search_term_string\"}],\"inLanguage\":\"fr-FR\"},{\"@type\":\"Organization\",\"@id\":\"https:\/\/www.musee-mccord-stewart.ca\/fr\/#organization\",\"name\":\"McCord Stewart Museum\",\"alternateName\":\"MCS\",\"url\":\"https:\/\/www.musee-mccord-stewart.ca\/fr\/\",\"logo\":{\"@type\":\"ImageObject\",\"inLanguage\":\"fr-FR\",\"@id\":\"https:\/\/www.musee-mccord-stewart.ca\/fr\/#\/schema\/logo\/image\/\",\"url\":\"https:\/\/www.musee-mccord-stewart.ca\/app\/uploads\/2023\/05\/logo_museemccordstewart_horizontal_noir_slogan.svg\",\"contentUrl\":\"https:\/\/www.musee-mccord-stewart.ca\/app\/uploads\/2023\/05\/logo_museemccordstewart_horizontal_noir_slogan.svg\",\"width\":1,\"height\":1,\"caption\":\"McCord Stewart Museum\"},\"image\":{\"@id\":\"https:\/\/www.musee-mccord-stewart.ca\/fr\/#\/schema\/logo\/image\/\"},\"sameAs\":[\"https:\/\/www.facebook.com\/museemccordstewart\",\"https:\/\/twitter.com\/MuseeMcCordStew\",\"https:\/\/instagram.com\/museemccordstewart\",\"https:\/\/www.linkedin.com\/company\/museemccordstewart\/\",\"https:\/\/www.pinterest.com\/museemccordstewart\/\",\"https:\/\/www.youtube.com\/c\/MuseeMcCordStewartMuseum\"]}]}<\/script>\n<!-- \/ Yoast SEO Premium plugin. -->","yoast_head_json":{"title":"Logos et guide de marque - Mus\u00e9e McCord Stewart","description":"Ancr\u00e9 \u00e0 Montr\u00e9al\u00a0depuis plus de 100 ans, le Mus\u00e9e McCord Stewart t\u00e9moigne de\u00a0l\u2019histoire de la ville, m\u00e9tropole du Qu\u00e9bec,\u00a0de son rayonnement\u00a0au Canada et","robots":{"index":"index","follow":"follow","max-snippet":"max-snippet:-1","max-image-preview":"max-image-preview:large","max-video-preview":"max-video-preview:-1"},"canonical":"https:\/\/www.musee-mccord-stewart.ca\/fr\/logos-guide-de-marque\/","og_locale":"fr_FR","og_type":"article","og_title":"Logos et guide de marque","og_description":"Ancr\u00e9 \u00e0 Montr\u00e9al\u00a0depuis plus de 100 ans, le Mus\u00e9e McCord Stewart t\u00e9moigne de\u00a0l\u2019histoire de la ville, m\u00e9tropole du Qu\u00e9bec,\u00a0de son rayonnement\u00a0au Canada et","og_url":"https:\/\/www.musee-mccord-stewart.ca\/fr\/logos-guide-de-marque\/","og_site_name":"Mus\u00e9e McCord Stewart","article_publisher":"https:\/\/www.facebook.com\/museemccordstewart","article_modified_time":"2026-03-03T15:38:28+00:00","og_image":[{"url":"https:\/\/www.musee-mccord-stewart.ca\/app\/uploads\/2025\/07\/logo_musee-mccord-stewart_horizontal_noir.png"}],"twitter_card":"summary_large_image","twitter_site":"@MuseeMcCordStew","twitter_misc":{"Dur\u00e9e de lecture estim\u00e9e":"2 minutes"},"schema":{"@context":"https:\/\/schema.org","@graph":[{"@type":"WebPage","@id":"https:\/\/www.musee-mccord-stewart.ca\/fr\/logos-guide-de-marque\/","url":"https:\/\/www.musee-mccord-stewart.ca\/fr\/logos-guide-de-marque\/","name":"Logos et guide de marque - Mus\u00e9e McCord Stewart","isPartOf":{"@id":"https:\/\/www.musee-mccord-stewart.ca\/fr\/#website"},"datePublished":"2025-07-17T20:07:47+00:00","dateModified":"2026-03-03T15:38:28+00:00","description":"Ancr\u00e9 \u00e0 Montr\u00e9al\u00a0depuis plus de 100 ans, le Mus\u00e9e McCord Stewart t\u00e9moigne de\u00a0l\u2019histoire de la ville, m\u00e9tropole du Qu\u00e9bec,\u00a0de son rayonnement\u00a0au Canada et","breadcrumb":{"@id":"https:\/\/www.musee-mccord-stewart.ca\/fr\/logos-guide-de-marque\/#breadcrumb"},"inLanguage":"fr-FR","potentialAction":[{"@type":"ReadAction","target":["https:\/\/www.musee-mccord-stewart.ca\/fr\/logos-guide-de-marque\/"]}]},{"@type":"BreadcrumbList","@id":"https:\/\/www.musee-mccord-stewart.ca\/fr\/logos-guide-de-marque\/#breadcrumb","itemListElement":[{"@type":"ListItem","position":1,"name":"Accueil","item":"https:\/\/www.musee-mccord-stewart.ca\/fr\/"},{"@type":"ListItem","position":2,"name":"Logos et guide de marque"}]},{"@type":"WebSite","@id":"https:\/\/www.musee-mccord-stewart.ca\/fr\/#website","url":"https:\/\/www.musee-mccord-stewart.ca\/fr\/","name":"Mus\u00e9e McCord Stewart","description":"Notre monde, nos histoires","publisher":{"@id":"https:\/\/www.musee-mccord-stewart.ca\/fr\/#organization"},"alternateName":"MCS","potentialAction":[{"@type":"SearchAction","target":{"@type":"EntryPoint","urlTemplate":"https:\/\/www.musee-mccord-stewart.ca\/fr\/?s={search_term_string}"},"query-input":"required name=search_term_string"}],"inLanguage":"fr-FR"},{"@type":"Organization","@id":"https:\/\/www.musee-mccord-stewart.ca\/fr\/#organization","name":"McCord Stewart Museum","alternateName":"MCS","url":"https:\/\/www.musee-mccord-stewart.ca\/fr\/","logo":{"@type":"ImageObject","inLanguage":"fr-FR","@id":"https:\/\/www.musee-mccord-stewart.ca\/fr\/#\/schema\/logo\/image\/","url":"https:\/\/www.musee-mccord-stewart.ca\/app\/uploads\/2023\/05\/logo_museemccordstewart_horizontal_noir_slogan.svg","contentUrl":"https:\/\/www.musee-mccord-stewart.ca\/app\/uploads\/2023\/05\/logo_museemccordstewart_horizontal_noir_slogan.svg","width":1,"height":1,"caption":"McCord Stewart Museum"},"image":{"@id":"https:\/\/www.musee-mccord-stewart.ca\/fr\/#\/schema\/logo\/image\/"},"sameAs":["https:\/\/www.facebook.com\/museemccordstewart","https:\/\/twitter.com\/MuseeMcCordStew","https:\/\/instagram.com\/museemccordstewart","https:\/\/www.linkedin.com\/company\/museemccordstewart\/","https:\/\/www.pinterest.com\/museemccordstewart\/","https:\/\/www.youtube.com\/c\/MuseeMcCordStewartMuseum"]}]}},"_links":{"self":[{"href":"https:\/\/www.musee-mccord-stewart.ca\/fr\/wp-json\/wp\/v2\/pages\/51309"}],"collection":[{"href":"https:\/\/www.musee-mccord-stewart.ca\/fr\/wp-json\/wp\/v2\/pages"}],"about":[{"href":"https:\/\/www.musee-mccord-stewart.ca\/fr\/wp-json\/wp\/v2\/types\/page"}],"author":[{"embeddable":true,"href":"https:\/\/www.musee-mccord-stewart.ca\/fr\/wp-json\/wp\/v2\/users\/51"}],"replies":[{"embeddable":true,"href":"https:\/\/www.musee-mccord-stewart.ca\/fr\/wp-json\/wp\/v2\/comments?post=51309"}],"version-history":[{"count":0,"href":"https:\/\/www.musee-mccord-stewart.ca\/fr\/wp-json\/wp\/v2\/pages\/51309\/revisions"}],"wp:attachment":[{"href":"https:\/\/www.musee-mccord-stewart.ca\/fr\/wp-json\/wp\/v2\/media?parent=51309"}],"wp:term":[{"taxonomy":"category","embeddable":true,"href":"https:\/\/www.musee-mccord-stewart.ca\/fr\/wp-json\/wp\/v2\/categories?post=51309"},{"taxonomy":"post_tag","embeddable":true,"href":"https:\/\/www.musee-mccord-stewart.ca\/fr\/wp-json\/wp\/v2\/tags?post=51309"}],"curies":[{"name":"wp","href":"https:\/\/api.w.org\/{rel}","templated":true}]}}