{"id":50724,"date":"2025-05-07T13:22:08","date_gmt":"2025-05-07T17:22:08","guid":{"rendered":"https:\/\/www.musee-mccord-stewart.ca\/?page_id=50724"},"modified":"2025-07-29T11:11:07","modified_gmt":"2025-07-29T15:11:07","slug":"bibliographie","status":"publish","type":"page","link":"https:\/\/www.musee-mccord-stewart.ca\/fr\/bibliographie\/","title":{"rendered":"Bibliographie"},"content":{"rendered":"<p>Les images qui composent les <a href=\"https:\/\/www.musee-mccord-stewart.ca\/fr\/collections\/photographie\/archives-photographiques-notman\/\">Archives photographiques Notman<\/a>\u00a0sont r\u00e9guli\u00e8rement utilis\u00e9es comme illustrations dans des \u00e9tudes scientifiques portant sur diff\u00e9rents aspects de l\u2019histoire du dix-neuvi\u00e8me si\u00e8cle, comme les histoires de l\u2019esclavage, du colonialisme occidental ou de la technologie ferroviaire. Les Archives ont aussi fait l\u2019objet d\u2019un grand nombre d\u2019articles, de th\u00e8ses, de livres et de films sur les histoires de la photographie, de l\u2019art et de la culture visuelle, dont la liste ci-dessous pr\u00e9sente une s\u00e9lection.<\/p>\n<p>Bara, Jana. \u00ab Cody\u2019s Wild West Show in Canada \u00bb, <em>History of Photography<\/em>, vol. 20, no 2, \u00e9t\u00e9 1996, p. 153\u2013156.<\/p>\n<p>______. \u00ab The image of Canada: Iconological Sources of Canadian Popular Symbolism: Nineteenth-century Souvenir Photographs \u00bb, th\u00e8se de doctorat, Universit\u00e9 Concordia, Montr\u00e9al, 1991.<\/p>\n<p>______. \u00ab Through the Frosty Lens: William Notman and His Studio Props, 1861\u20131876 \u00bb, <em>History of Photography<\/em>, vol. 12, no 1, janvier\u2013mars 1988, p. 23\u201330.<\/p>\n<p>Berton, Pierre. \u00ab A Priceless Photo Collection Finds a Home \u00bb, <em>Maclean\u2019s<\/em>, vol. 69, no 24, 1956, p. 16\u201327.<\/p>\n<p>Boone, Emilie. \u00ab The Likeness of Fugitivity: William Notman\u2019s <em>Carte-de-visite<\/em> Portrait of John Anderson \u00bb, <em>History of Photography<\/em>, vol. 37, no 2, mai 2013, p. 221\u2013234.<\/p>\n<p>Cloutier, Nicole. \u00ab Les disciples de Daguerre \u00e0 Qu\u00e9bec, 1839\u20131855 \u00bb, <em>Annales d\u2019histoire de l\u2019art canadien\/Journal of Canadian Art History<\/em>, vol. 5, no 1, 1980, p. 33\u201338.<\/p>\n<p>Evoughlian, Sandra. \u00ab Envisioning New Futures: Portrait Photographs of Black Victorians in Montreal, 1861\u20131901 \u00bb, m\u00e9moire de ma\u00eetrise, Universit\u00e9 McGill, Montr\u00e9al, 2018.<\/p>\n<p>Greenhill, Ralph.<em> Early Photography in Canada<\/em>, Toronto, Oxford University Press, 1965.<\/p>\n<p>Greenhill, Ralph et Andrew Birrell. <em>Canadian Photography: 1839\u20131920<\/em>, Toronto, Coach House Press, 1979.<\/p>\n<p>Hall, Roger, Gordon Dodds et Stanley G. Triggs. T<em>he World of William Notman: The Nineteenth Century through a Master Lens<\/em>, Toronto, McClelland &amp; Stewart, 1993.<\/p>\n<p>Harper, J. Russell et Stanley G. Triggs. <em>Portrait of a Period: A Collection of Notman Photographs<\/em>, 1856\u20131915, Montr\u00e9al, McGill University Press, 1967.<\/p>\n<p>Lavoie, Vincent. \u00ab From the Final Sleep to the First Steps: Postmortem Portraiture and Childhood and Amateur Photography \u00bb, dans <em>Healing the World\u2019s Children: Interdisciplinary Perspectives on Child Health in the Twentieth Century<\/em>, sous la direction de Cynthia Comacchio, Janet Golden et George Weisz, Montr\u00e9al et Kingston, McGill-Queen\u2019s University Press, 2008, p. 282\u2013294.<\/p>\n<p>Lee, Anthony W. <em>The Global Flows of Early Scottish Photography: Encounters in Scotland, Canada and China<\/em>, Montr\u00e9al et Kingston, McGill-Queen\u2019s University Press, 2019.<\/p>\n<p>Lerner, Loren. \u00ab William Notman\u2019s Home Library: Discovering Underlying Meaning in the Portrait Photograph \u00bb, dans <em>\u00c0 la recherche du savoir : nouveaux \u00e9changes sur les collections du Mus\u00e9e McCord\/Collecting Knowledge: New Dialogues on McCord Museum Collections<\/em>, sous la direction de Joanne Burgess, Cynthia Cooper, C\u00e9line Widmer et Natasha Zwarich, Montr\u00e9al, \u00c9ditions MultiMondes, 2015, p. 85\u201399.<\/p>\n<p>______. \u00ab William Notman\u2019s Portrait Photographs of Girls Reading from the 1860s to 1880s: A Pictorial Analysis Based on Contemporary Writings \u00bb, <em>Cahiers de la Soci\u00e9t\u00e9 bibliographique du Canada\/Papers of the Bibliographical Society of Canada<\/em>, vol. 47, no 1, 2009, p. 45\u201373.<\/p>\n<p>______. \u00ab William Notman\u2019s Portrait Photographs of the Wealthy English-speaking Girls of Montreal: Representations of Informal Female Education in Relation to John Ruskin\u2019s \u2018Of Queens\u2019 Gardens\u2019 and Writings by and for Canadians from the 1850s to the 1890s \u00bb, <em>Revue d\u2019histoire de l\u2019\u00e9ducation\/Historical Studies in Education<\/em>, vol. 21, no 2, 2009, p. 65\u201387.<\/p>\n<p>Lessard, Michel. \u00ab Photographie et id\u00e9ologie : W. McFarlane Notman (1857\u20131913) \u00bb, <em>Photo S\u00e9lection<\/em>, vol. 6, no 3, ao\u00fbt 1986, p. 42\u201343, 55.<\/p>\n<p>______. \u00ab Avec l\u2019av\u00e8nement du format cabinet&#8230; La maison Notman de Montr\u00e9al (1856\u20131935) : un commerce d\u2019art. \u00bb, <em>Photo S\u00e9lection<\/em>, vol. 5, no 6, f\u00e9vrier 1986, p. 37\u201339.<\/p>\n<p>McNabb, Heather. \u00ab Visions of Canada: Photographs and History in a Museum, 1921\u20131967 \u00bb, th\u00e8se de doctorat, Universit\u00e9 Concordia, Montr\u00e9al, 2015.<\/p>\n<p>Morisset, G\u00e9rard. \u00ab Les pionniers de la photographie canadienne \u00bb, <em>La Revue populaire<\/em>, vol. 44, no 9, septembre 1951, p. 14\u201315, 58, 60\u201363.<\/p>\n<p>Newhall, Beaumont. \u00ab William Notman, 1826\u20131891 \u00bb, <em>Image: Journal of Photography of the George Eastman House<\/em>, vol. 4, no 8, novembre 1955, p. 58\u201359.<\/p>\n<p>Omhov\u00e8re, Claire. \u00ab Documenting Disappearance: A Century of Canadian Photography, from William McFarlane Notman to Edward Burtynsky and Douglas Coupland \u00bb, dans <em>The Memory of Nature in Aboriginal, Canadian and American Contexts<\/em>, Newcastle upon Tyne, Cambridge Scholars Publishing, 2014.<\/p>\n<p>Paquet, Suzanne. \u00ab Transcontinental Lines: Migrating Images and the Production of Space \u00bb, <em>PhotoResearcher<\/em> (Vienne, European Society for the History of Photography, Donau-Universt\u00e4t Krems), no 12, mai 2009, p. 26\u201335.<\/p>\n<p>Parsons, Sarah. \u00ab Domesticating Jefferson Davis: Family Photography and Postwar Confederate Visual Culture \u00bb, <em>American Art<\/em>, vol. 37, no 1, printemps 2023, p. 82\u2013105.<\/p>\n<p>______. <em>William Notman : sa vie et son \u0153uvre<\/em>, Toronto, Institut de l\u2019art canadien, 2014, livre num\u00e9rique.<\/p>\n<p>Parsons, Sarah et Vanessa Nicholas. \u00ab Victorian Facebooks: Privacy Concerns at William Notman\u2019s Studio \u00bb, <em>History of Photography<\/em>, vol. 46, no 4, novembre 2022, p. 227\u2013242.<\/p>\n<p>Poulter, Gillian. <em>Becoming Native in a Foreign Land: Sport, Visual Culture, and Identity in Montreal<\/em>, 1840\u2013-85, Vancouver, UBC Press, 2009.<\/p>\n<p>Regimbald-Roy, Florence. \u00ab Elites and Scottishness in Montreal: Identity, Culture and the Self in Portrait Photography, 1860\u2013-1900 \u00bb, m\u00e9moire de ma\u00eetrise, Universit\u00e9 McGill, Montr\u00e9al, 2021.<\/p>\n<p>Reid, Dennis. \u00ab William Notman: St. Anne Falls, near Quebec \u00bb, <em>Canadian Art<\/em>, vol. 29, no 4, hiver 2013, p. 88\u201389.<\/p>\n<p>Rioux, Gilles. \u00ab Notman et les jeux\/photomontages \u00bb, <em>Vie des arts<\/em>, vol. 21, no 83, \u00e9t\u00e9 1976, p. 18\u201321.<\/p>\n<p>Ruggles, Mervyn. \u00ab Paintings on a Photographic Base \u00bb, <em>Journal of the American Institute for Conservation<\/em>, vol. 24, no 2, printemps 1985, p. 92\u2013103.<\/p>\n<p>Samson, H\u00e9l\u00e8ne. \u00ab<em> Portrait of a Period<\/em> de J. Russell Harper et Stanley Triggs (dir.), 1967. Le livre devrait conjuguer \u00e9l\u00e9gance et distinction \u00bb, dans <em>Livres qu\u00e9b\u00e9cois remarquables du XX<sup>e<\/sup> si\u00e8cle<\/em>, sous la direction de Claude Corbo, Montr\u00e9al, Presses de l\u2019Universit\u00e9 du Qu\u00e9bec et Biblioth\u00e8que et Archives nationales, 2012, p. 222\u2013235.<\/p>\n<p>______. \u00ab Archives photographiques Notman \u00bb, dans <em>90 tr\u00e9sors, 90 histoires, 90 ans<\/em>, sous la direction de Nicole Valli\u00e8res et Cynthia Cooper, Montr\u00e9al, Mus\u00e9e McCord, 2011, p. 172\u2013211.<\/p>\n<p>______. \u00ab Notman re\u00e7oit \u00bb, <em>Continuit\u00e9<\/em>, no 122, automne 2009, p. 45\u201349.<\/p>\n<p>Samson, H\u00e9l\u00e8ne et Suzanne Sauvage (dir.), <em>Notman, photographe visionnaire<\/em>, Montr\u00e9al et Paris, Mus\u00e9e McCord et Hazan, 2016.<\/p>\n<p>Schwartz, Joan M. \u00ab Photographic Archives and the Idea of Nation: Images, Imaginings, and Imagined Community \u00bb, dans <em>Photo Archives and the Idea of Nation<\/em>, sous la direction de Costanza Caraffa et Tiziana Serena, Berlin, Munich et Boston, De Gruyter, 2015, p. 17\u201340.<\/p>\n<p>______. \u00ab William Notman\u2019s Hunting Photographs, 1866 \u00bb, <em>L\u2019 Archiviste\/The Archivist<\/em>, no 117, 1998, p. 20\u201329.<\/p>\n<p>______. \u00ab Another Side of William Notman \u00bb, <em>History of Photography<\/em>, vol. 10, no 1, printemps 1986, p. 63\u201369.<\/p>\n<p>Skidmore, Colleen. \u00ab Notman\u2019s Printing Room \u00bb, dans <em>Rare Merit: Women in Photography in Canada<\/em>, 1840-1940, Vancouver, UBC Press, 2022, p. 59-81.<\/p>\n<p>______. \u00ab Women in Photography at the Notman Studio, Montreal, 1856\u20131881 \u00bb, th\u00e8se de doctorat, Universit\u00e9 de l\u2019Alberta, Edmonton, 1999.<\/p>\n<p>______. \u00ab \u2018All That Is Interesting in the Canadas\u2019: William Notman\u2019s Maple Box Portfolio of Stereographic Views, 1860 \u00bb, <em>Revue d\u2019\u00e9tudes canadiennes\/Journal of Canadian Studies<\/em>, vol. 32, no 4, hiver 1997\u20131998, p. 69\u201390.<\/p>\n<p>______. \u00ab Women Workers in Notman\u2019s Studio: Young Ladies of the Printing Room \u00bb, <em>History of Photography<\/em>, vol. 20, no 2, \u00e9t\u00e9 1996, p. 122\u2013128.<\/p>\n<p>Thomas, Ann. <em>Le r\u00e9el et l\u2019imaginaire : peinture et photographie canadiennes, 1860\u20131900\/Fact and Fiction: Canadian Painting and Photography<\/em>, 1860\u20131900, Montr\u00e9al, Mus\u00e9e McCord, 1979.<\/p>\n<p>Triggs, Stanley G. \u00ab The Notman Photographic Archives \u00bb, <em>History of Photography<\/em>, vol. 20, no 2, \u00e9t\u00e9 1996, p. 180\u2013185.<\/p>\n<p>______. <em>Les photographies composites de William Notman\/The Composite Photographs of William Notman<\/em>, Montr\u00e9al, Mus\u00e9e McCord d\u2019histoire canadienne, 1994.<\/p>\n<p>______. <em>Le studio de William Notman : objectif Canada\/William Notman\u2019s Studio: The Canadian Picture<\/em>, Montr\u00e9al, Mus\u00e9e McCord d\u2019histoire canadienne, 1992.<\/p>\n<p>______. <em>William Notman : l\u2019empreinte d\u2019un studio<\/em>, Mus\u00e9e des beaux-arts de l\u2019Ontario et The Coach House Press, 1986.<\/p>\n<p>Triggs, Stanley G., Conrad Graham, Brian Young et Gilles Lauzon. <em>Le pont Victoria : un lien vital\/Victoria Bridge: The Vital Link<\/em>, Montr\u00e9al, Mus\u00e9e McCord d\u2019histoire canadienne, 1992.<\/p>\n<p>Willock, David. \u00ab Pioneer Picture-Takers \u00bb, <em>Weekend Picture Magazine<\/em>, vol. 3, no 52, 1953, p. 14\u201316.<\/p>\n<p>Wilson, Robert G. \u00ab Notman\u2019s Maple Box \u00bb, <em>Stereo World<\/em>, vol. 23, no 6, janvier\u2013f\u00e9vrier 1997, p. 14\u201322.<\/p>\n<p>______. \u00ab William Notman\u2019s Stereo Perspective: The Victoria Bridge, Montreal \u00bb, <em>History of Photography<\/em>, vol. 20, no 2, \u00e9t\u00e9 1996, p. 108\u2013112.<\/p>\n<p>&nbsp;<\/p>\n<h2>Contenus audios\/vid\u00e9os<\/h2>\n<p><em>Dans l\u2019objectif de Notman : photographe de la reine<\/em>, documentaire r\u00e9alis\u00e9 par Murray Battle, Toronto, PTV Productions Inc., en collaboration avec le Mus\u00e9e McCord, 2004, film, 60 min.<\/p>\n<p><em>Notman\u2019s World<\/em>, court m\u00e9trage documentaire r\u00e9alis\u00e9 par Albert Kish, Montr\u00e9al, Office national du film du Canada, 1989, film, 29 min.<\/p>\n<p>\u00ab William Notman of Montreal \u00bb, documentaire radiophonique en deux parties \u00e9crit par Elaine Kalman Naves, <em>Ideas<\/em>, Canadian Broadcasting Corporation, Montr\u00e9al, 22 et 23 f\u00e9vrier 2012, enregistrement sonore, 54 min (chaque partie).<\/p>\n","protected":false},"excerpt":{"rendered":"<p>Les images qui composent les Archives photographiques Notman\u00a0sont r\u00e9guli\u00e8rement utilis\u00e9es comme illustrations dans des \u00e9tudes scientifiques portant sur diff\u00e9rents aspects de l\u2019histoire du dix-neuvi\u00e8me si\u00e8cle, comme les histoires de l\u2019esclavage, du colonialisme occidental ou de la technologie ferroviaire. Les Archives ont aussi fait l\u2019objet d\u2019un grand nombre d\u2019articles, de th\u00e8ses, de livres et de films [&hellip;]<\/p>\n","protected":false},"author":51,"featured_media":0,"parent":0,"menu_order":0,"comment_status":"closed","ping_status":"closed","template":"page-templates\/page-texte.php","meta":{"footnotes":""},"categories":[],"tags":[],"acf":[],"yoast_head":"<!-- This site is optimized with the Yoast SEO Premium plugin v20.11 (Yoast SEO v20.11) - https:\/\/yoast.com\/wordpress\/plugins\/seo\/ -->\n<title>Bibliographie - Mus\u00e9e McCord Stewart<\/title>\n<meta name=\"description\" content=\"Consultez une bibliographie s\u00e9lectionn\u00e9es sur les Archives photographiques Notman, r\u00e9guli\u00e8rement utilis\u00e9es comme illustrations dans des \u00e9tudes scientifiques portant sur diff\u00e9rents aspects de l\u2019histoire du dix-neuvi\u00e8me si\u00e8cle.\" \/>\n<meta name=\"robots\" content=\"index, follow, max-snippet:-1, max-image-preview:large, max-video-preview:-1\" \/>\n<link rel=\"canonical\" href=\"https:\/\/www.musee-mccord-stewart.ca\/fr\/bibliographie\/\" \/>\n<meta property=\"og:locale\" content=\"fr_FR\" \/>\n<meta property=\"og:type\" content=\"article\" \/>\n<meta property=\"og:title\" content=\"Bibliographie\" \/>\n<meta property=\"og:description\" content=\"Compl\u00e9ter vos recherches de l\u2019histoire du dix-neuvi\u00e8me si\u00e8cle gr\u00e2ce \u00e0 la bibliographie de la publication William Notman, photographe visionnaire.\" \/>\n<meta property=\"og:url\" content=\"https:\/\/www.musee-mccord-stewart.ca\/fr\/bibliographie\/\" \/>\n<meta property=\"og:site_name\" content=\"Mus\u00e9e McCord Stewart\" \/>\n<meta property=\"article:publisher\" content=\"https:\/\/www.facebook.com\/museemccordstewart\" \/>\n<meta property=\"article:modified_time\" content=\"2025-07-29T15:11:07+00:00\" \/>\n<meta property=\"og:image\" content=\"https:\/\/www.musee-mccord-stewart.ca\/app\/uploads\/2015\/09\/echanges_1320.jpg\" \/>\n\t<meta property=\"og:image:width\" content=\"1320\" \/>\n\t<meta property=\"og:image:height\" content=\"480\" \/>\n\t<meta property=\"og:image:type\" content=\"image\/jpeg\" \/>\n<meta name=\"twitter:card\" content=\"summary_large_image\" \/>\n<meta name=\"twitter:description\" content=\"Compl\u00e9ter vos recherches de l\u2019histoire du dix-neuvi\u00e8me si\u00e8cle gr\u00e2ce \u00e0 la bibliographie de la publication William Notman, photographe visionnaire.\" \/>\n<meta name=\"twitter:site\" content=\"@MuseeMcCordStew\" \/>\n<meta name=\"twitter:label1\" content=\"Dur\u00e9e de lecture estim\u00e9e\" \/>\n\t<meta name=\"twitter:data1\" content=\"7 minutes\" \/>\n<script type=\"application\/ld+json\" class=\"yoast-schema-graph\">{\"@context\":\"https:\/\/schema.org\",\"@graph\":[{\"@type\":\"WebPage\",\"@id\":\"https:\/\/www.musee-mccord-stewart.ca\/fr\/bibliographie\/\",\"url\":\"https:\/\/www.musee-mccord-stewart.ca\/fr\/bibliographie\/\",\"name\":\"Bibliographie - Mus\u00e9e McCord Stewart\",\"isPartOf\":{\"@id\":\"https:\/\/www.musee-mccord-stewart.ca\/fr\/#website\"},\"datePublished\":\"2025-05-07T17:22:08+00:00\",\"dateModified\":\"2025-07-29T15:11:07+00:00\",\"description\":\"Consultez une bibliographie s\u00e9lectionn\u00e9es sur les Archives photographiques Notman, r\u00e9guli\u00e8rement utilis\u00e9es comme illustrations dans des \u00e9tudes scientifiques portant sur diff\u00e9rents aspects de l\u2019histoire du dix-neuvi\u00e8me si\u00e8cle.\",\"breadcrumb\":{\"@id\":\"https:\/\/www.musee-mccord-stewart.ca\/fr\/bibliographie\/#breadcrumb\"},\"inLanguage\":\"fr-FR\",\"potentialAction\":[{\"@type\":\"ReadAction\",\"target\":[\"https:\/\/www.musee-mccord-stewart.ca\/fr\/bibliographie\/\"]}]},{\"@type\":\"BreadcrumbList\",\"@id\":\"https:\/\/www.musee-mccord-stewart.ca\/fr\/bibliographie\/#breadcrumb\",\"itemListElement\":[{\"@type\":\"ListItem\",\"position\":1,\"name\":\"Accueil\",\"item\":\"https:\/\/www.musee-mccord-stewart.ca\/fr\/\"},{\"@type\":\"ListItem\",\"position\":2,\"name\":\"Bibliographie\"}]},{\"@type\":\"WebSite\",\"@id\":\"https:\/\/www.musee-mccord-stewart.ca\/fr\/#website\",\"url\":\"https:\/\/www.musee-mccord-stewart.ca\/fr\/\",\"name\":\"Mus\u00e9e McCord Stewart\",\"description\":\"Notre monde, nos histoires\",\"publisher\":{\"@id\":\"https:\/\/www.musee-mccord-stewart.ca\/fr\/#organization\"},\"alternateName\":\"MCS\",\"potentialAction\":[{\"@type\":\"SearchAction\",\"target\":{\"@type\":\"EntryPoint\",\"urlTemplate\":\"https:\/\/www.musee-mccord-stewart.ca\/fr\/?s={search_term_string}\"},\"query-input\":\"required name=search_term_string\"}],\"inLanguage\":\"fr-FR\"},{\"@type\":\"Organization\",\"@id\":\"https:\/\/www.musee-mccord-stewart.ca\/fr\/#organization\",\"name\":\"McCord Stewart Museum\",\"alternateName\":\"MCS\",\"url\":\"https:\/\/www.musee-mccord-stewart.ca\/fr\/\",\"logo\":{\"@type\":\"ImageObject\",\"inLanguage\":\"fr-FR\",\"@id\":\"https:\/\/www.musee-mccord-stewart.ca\/fr\/#\/schema\/logo\/image\/\",\"url\":\"https:\/\/www.musee-mccord-stewart.ca\/app\/uploads\/2023\/05\/logo_museemccordstewart_horizontal_noir_slogan.svg\",\"contentUrl\":\"https:\/\/www.musee-mccord-stewart.ca\/app\/uploads\/2023\/05\/logo_museemccordstewart_horizontal_noir_slogan.svg\",\"width\":1,\"height\":1,\"caption\":\"McCord Stewart Museum\"},\"image\":{\"@id\":\"https:\/\/www.musee-mccord-stewart.ca\/fr\/#\/schema\/logo\/image\/\"},\"sameAs\":[\"https:\/\/www.facebook.com\/museemccordstewart\",\"https:\/\/twitter.com\/MuseeMcCordStew\",\"https:\/\/instagram.com\/museemccordstewart\",\"https:\/\/www.linkedin.com\/company\/museemccordstewart\/\",\"https:\/\/www.pinterest.com\/museemccordstewart\/\",\"https:\/\/www.youtube.com\/c\/MuseeMcCordStewartMuseum\"]}]}<\/script>\n<!-- \/ Yoast SEO Premium plugin. -->","yoast_head_json":{"title":"Bibliographie - Mus\u00e9e McCord Stewart","description":"Consultez une bibliographie s\u00e9lectionn\u00e9es sur les Archives photographiques Notman, r\u00e9guli\u00e8rement utilis\u00e9es comme illustrations dans des \u00e9tudes scientifiques portant sur diff\u00e9rents aspects de l\u2019histoire du dix-neuvi\u00e8me si\u00e8cle.","robots":{"index":"index","follow":"follow","max-snippet":"max-snippet:-1","max-image-preview":"max-image-preview:large","max-video-preview":"max-video-preview:-1"},"canonical":"https:\/\/www.musee-mccord-stewart.ca\/fr\/bibliographie\/","og_locale":"fr_FR","og_type":"article","og_title":"Bibliographie","og_description":"Compl\u00e9ter vos recherches de l\u2019histoire du dix-neuvi\u00e8me si\u00e8cle gr\u00e2ce \u00e0 la bibliographie de la publication William Notman, photographe visionnaire.","og_url":"https:\/\/www.musee-mccord-stewart.ca\/fr\/bibliographie\/","og_site_name":"Mus\u00e9e McCord Stewart","article_publisher":"https:\/\/www.facebook.com\/museemccordstewart","article_modified_time":"2025-07-29T15:11:07+00:00","og_image":[{"width":1320,"height":480,"url":"https:\/\/www.musee-mccord-stewart.ca\/app\/uploads\/2015\/09\/echanges_1320.jpg","type":"image\/jpeg"}],"twitter_card":"summary_large_image","twitter_description":"Compl\u00e9ter vos recherches de l\u2019histoire du dix-neuvi\u00e8me si\u00e8cle gr\u00e2ce \u00e0 la bibliographie de la publication William Notman, photographe visionnaire.","twitter_site":"@MuseeMcCordStew","twitter_misc":{"Dur\u00e9e de lecture estim\u00e9e":"7 minutes"},"schema":{"@context":"https:\/\/schema.org","@graph":[{"@type":"WebPage","@id":"https:\/\/www.musee-mccord-stewart.ca\/fr\/bibliographie\/","url":"https:\/\/www.musee-mccord-stewart.ca\/fr\/bibliographie\/","name":"Bibliographie - Mus\u00e9e McCord Stewart","isPartOf":{"@id":"https:\/\/www.musee-mccord-stewart.ca\/fr\/#website"},"datePublished":"2025-05-07T17:22:08+00:00","dateModified":"2025-07-29T15:11:07+00:00","description":"Consultez une bibliographie s\u00e9lectionn\u00e9es sur les Archives photographiques Notman, r\u00e9guli\u00e8rement utilis\u00e9es comme illustrations dans des \u00e9tudes scientifiques portant sur diff\u00e9rents aspects de l\u2019histoire du dix-neuvi\u00e8me si\u00e8cle.","breadcrumb":{"@id":"https:\/\/www.musee-mccord-stewart.ca\/fr\/bibliographie\/#breadcrumb"},"inLanguage":"fr-FR","potentialAction":[{"@type":"ReadAction","target":["https:\/\/www.musee-mccord-stewart.ca\/fr\/bibliographie\/"]}]},{"@type":"BreadcrumbList","@id":"https:\/\/www.musee-mccord-stewart.ca\/fr\/bibliographie\/#breadcrumb","itemListElement":[{"@type":"ListItem","position":1,"name":"Accueil","item":"https:\/\/www.musee-mccord-stewart.ca\/fr\/"},{"@type":"ListItem","position":2,"name":"Bibliographie"}]},{"@type":"WebSite","@id":"https:\/\/www.musee-mccord-stewart.ca\/fr\/#website","url":"https:\/\/www.musee-mccord-stewart.ca\/fr\/","name":"Mus\u00e9e McCord Stewart","description":"Notre monde, nos histoires","publisher":{"@id":"https:\/\/www.musee-mccord-stewart.ca\/fr\/#organization"},"alternateName":"MCS","potentialAction":[{"@type":"SearchAction","target":{"@type":"EntryPoint","urlTemplate":"https:\/\/www.musee-mccord-stewart.ca\/fr\/?s={search_term_string}"},"query-input":"required name=search_term_string"}],"inLanguage":"fr-FR"},{"@type":"Organization","@id":"https:\/\/www.musee-mccord-stewart.ca\/fr\/#organization","name":"McCord Stewart Museum","alternateName":"MCS","url":"https:\/\/www.musee-mccord-stewart.ca\/fr\/","logo":{"@type":"ImageObject","inLanguage":"fr-FR","@id":"https:\/\/www.musee-mccord-stewart.ca\/fr\/#\/schema\/logo\/image\/","url":"https:\/\/www.musee-mccord-stewart.ca\/app\/uploads\/2023\/05\/logo_museemccordstewart_horizontal_noir_slogan.svg","contentUrl":"https:\/\/www.musee-mccord-stewart.ca\/app\/uploads\/2023\/05\/logo_museemccordstewart_horizontal_noir_slogan.svg","width":1,"height":1,"caption":"McCord Stewart Museum"},"image":{"@id":"https:\/\/www.musee-mccord-stewart.ca\/fr\/#\/schema\/logo\/image\/"},"sameAs":["https:\/\/www.facebook.com\/museemccordstewart","https:\/\/twitter.com\/MuseeMcCordStew","https:\/\/instagram.com\/museemccordstewart","https:\/\/www.linkedin.com\/company\/museemccordstewart\/","https:\/\/www.pinterest.com\/museemccordstewart\/","https:\/\/www.youtube.com\/c\/MuseeMcCordStewartMuseum"]}]}},"_links":{"self":[{"href":"https:\/\/www.musee-mccord-stewart.ca\/fr\/wp-json\/wp\/v2\/pages\/50724"}],"collection":[{"href":"https:\/\/www.musee-mccord-stewart.ca\/fr\/wp-json\/wp\/v2\/pages"}],"about":[{"href":"https:\/\/www.musee-mccord-stewart.ca\/fr\/wp-json\/wp\/v2\/types\/page"}],"author":[{"embeddable":true,"href":"https:\/\/www.musee-mccord-stewart.ca\/fr\/wp-json\/wp\/v2\/users\/51"}],"replies":[{"embeddable":true,"href":"https:\/\/www.musee-mccord-stewart.ca\/fr\/wp-json\/wp\/v2\/comments?post=50724"}],"version-history":[{"count":0,"href":"https:\/\/www.musee-mccord-stewart.ca\/fr\/wp-json\/wp\/v2\/pages\/50724\/revisions"}],"wp:attachment":[{"href":"https:\/\/www.musee-mccord-stewart.ca\/fr\/wp-json\/wp\/v2\/media?parent=50724"}],"wp:term":[{"taxonomy":"category","embeddable":true,"href":"https:\/\/www.musee-mccord-stewart.ca\/fr\/wp-json\/wp\/v2\/categories?post=50724"},{"taxonomy":"post_tag","embeddable":true,"href":"https:\/\/www.musee-mccord-stewart.ca\/fr\/wp-json\/wp\/v2\/tags?post=50724"}],"curies":[{"name":"wp","href":"https:\/\/api.w.org\/{rel}","templated":true}]}}