{"id":49290,"date":"2024-11-09T12:39:15","date_gmt":"2024-11-09T17:39:15","guid":{"rendered":"https:\/\/www.musee-mccord-stewart.ca\/?page_id=49290"},"modified":"2024-11-12T17:30:05","modified_gmt":"2024-11-12T22:30:05","slug":"bals-costumes-livres-dans-exposition","status":"publish","type":"page","link":"https:\/\/www.musee-mccord-stewart.ca\/fr\/collections\/bals-costumes-livres-dans-exposition\/","title":{"rendered":"Livres dans l&rsquo;exposition"},"content":{"rendered":"<p><strong>Vous voulez en savoir plus sur les livres pr\u00e9sent\u00e9s dans l&rsquo;exposition <a href=\"https:\/\/www.musee-mccord-stewart.ca\/fr\/expositions\/bals-costumes\/\"><em>Bals costum\u00e9s \u2013 Habiller l\u2019Histoire, 1870-1927<\/em>?<\/a> Les versions compl\u00e8tes en ligne sont disponibles ici.<\/strong><\/p>\n<h3>Guides, gravures de mode et livres d&rsquo;images<\/h3>\n<p>L\u2019inspiration des personnages et des costumes est puis\u00e9e \u00e0 une grande vari\u00e9t\u00e9 de sources dont des guides sp\u00e9cialis\u00e9s qui contiennent des listes encyclop\u00e9diques de personnages, des descriptions de costumes et parfois m\u00eame des patrons de couture que l\u2019on peut se procurer par commande postale.<\/p>\n<p>En parcourant ces guides et ces gravures de mode, on d\u00e9couvre un r\u00e9pertoire des r\u00e9f\u00e9rences culturelles eurocentr\u00e9es de l\u2019\u00e9poque.<\/p>\n<p>Une lecture approfondie des guides de l\u2019\u00e9poque en dit beaucoup sur la culture populaire de l\u2019\u00e9poque victorienne. En particulier, on y trouve tout un catalogue de st\u00e9r\u00e9otypes et de tropes racistes qui refl\u00e8tent une croyance profond\u00e9ment enracin\u00e9e en la sup\u00e9riorit\u00e9 blanche.<\/p>\n<table style=\"border-collapse: collapse; width: 100%;\">\n<tbody>\n<tr>\n<td style=\"width: 14.467%;\"><a href=\"https:\/\/collections.musee-mccord-stewart.ca\/fr\/objects\/482554\"><img loading=\"lazy\" decoding=\"async\" class=\"alignnone wp-image-49338 size-full\" src=\"https:\/\/www.musee-mccord-stewart.ca\/app\/uploads\/2024\/11\/mccord-stewart_bals-costumes_m2023x-5-6-4_20240710-p1_ld_800px.jpg\" alt=\"\" width=\"545\" height=\"800\" srcset=\"https:\/\/www.musee-mccord-stewart.ca\/app\/uploads\/2024\/11\/mccord-stewart_bals-costumes_m2023x-5-6-4_20240710-p1_ld_800px.jpg 545w, https:\/\/www.musee-mccord-stewart.ca\/app\/uploads\/2024\/11\/mccord-stewart_bals-costumes_m2023x-5-6-4_20240710-p1_ld_800px-204x300.jpg 204w\" sizes=\"(max-width: 545px) 100vw, 545px\" \/><\/a><\/td>\n<td style=\"width: 85.533%;\"><a href=\"https:\/\/collections.musee-mccord-stewart.ca\/fr\/objects\/482554\">Compte-Calix<em>, <\/em>Fran\u00e7ois Claudius, <em>Les travestissements \u00e9l\u00e9gants. Les Modes Parisiennes, <\/em>Paris, 1864.<\/a><br \/>\nMus\u00e9e McCord Stewart, M2023X.5.6.1-15<\/td>\n<\/tr>\n<tr>\n<td style=\"width: 14.467%;\"><a href=\"https:\/\/collections.musee-mccord-stewart.ca\/fr\/objects\/details\/482512\"><img loading=\"lazy\" decoding=\"async\" class=\"alignnone wp-image-49331 size-full\" src=\"https:\/\/www.musee-mccord-stewart.ca\/app\/uploads\/2024\/11\/m977-45-3-1_20240710-p10_ld_800px.jpg\" alt=\"\" width=\"527\" height=\"800\" srcset=\"https:\/\/www.musee-mccord-stewart.ca\/app\/uploads\/2024\/11\/m977-45-3-1_20240710-p10_ld_800px.jpg 527w, https:\/\/www.musee-mccord-stewart.ca\/app\/uploads\/2024\/11\/m977-45-3-1_20240710-p10_ld_800px-198x300.jpg 198w\" sizes=\"(max-width: 527px) 100vw, 527px\" \/><\/a><\/td>\n<td style=\"width: 85.533%;\"><a href=\"https:\/\/collections.musee-mccord-stewart.ca\/fr\/objects\/details\/482512\">Goubaud, Abel, <em>Travestissements<\/em>, Paris, [1880\u20131890].<\/a><br \/>\nDon \u00e0 la m\u00e9moire de Moe Lippman, Mus\u00e9e McCord Stewart, M977.45.3.1<\/td>\n<\/tr>\n<tr>\n<td style=\"width: 14.467%;\"><a href=\"https:\/\/collections.musee-mccord-stewart.ca\/fr\/objects\/482513\"><img loading=\"lazy\" decoding=\"async\" class=\"alignnone wp-image-49335 size-full\" src=\"https:\/\/www.musee-mccord-stewart.ca\/app\/uploads\/2024\/11\/mccord-stewart_bals-costumes_m977-45-3-2_20240710-p10_ld_800px.jpg\" alt=\"\" width=\"665\" height=\"800\" srcset=\"https:\/\/www.musee-mccord-stewart.ca\/app\/uploads\/2024\/11\/mccord-stewart_bals-costumes_m977-45-3-2_20240710-p10_ld_800px.jpg 665w, https:\/\/www.musee-mccord-stewart.ca\/app\/uploads\/2024\/11\/mccord-stewart_bals-costumes_m977-45-3-2_20240710-p10_ld_800px-249x300.jpg 249w\" sizes=\"(max-width: 665px) 100vw, 665px\" \/><\/a><\/td>\n<td style=\"width: 85.533%;\"><a href=\"https:\/\/collections.musee-mccord-stewart.ca\/internal\/media\/dispatcher\/299828\/preview\">Goubaud, Abel, <em>Travestissements<\/em>, Paris, [1880\u20131890].<\/a><br \/>\nDon \u00e0 la m\u00e9moire de Moe Lippman, Mus\u00e9e McCord Stewart, M977.45.3.2<\/td>\n<\/tr>\n<tr>\n<td style=\"width: 14.467%;\"><a href=\"https:\/\/collections.musee-mccord-stewart.ca\/fr\/objects\/482514\"><img loading=\"lazy\" decoding=\"async\" class=\"alignnone wp-image-49336 size-full\" src=\"https:\/\/www.musee-mccord-stewart.ca\/app\/uploads\/2024\/11\/mccord-stewart_bals-costumes_m977-45-3-3_20240710-p10_ld_800px.jpg\" alt=\"\" width=\"513\" height=\"800\" srcset=\"https:\/\/www.musee-mccord-stewart.ca\/app\/uploads\/2024\/11\/mccord-stewart_bals-costumes_m977-45-3-3_20240710-p10_ld_800px.jpg 513w, https:\/\/www.musee-mccord-stewart.ca\/app\/uploads\/2024\/11\/mccord-stewart_bals-costumes_m977-45-3-3_20240710-p10_ld_800px-192x300.jpg 192w\" sizes=\"(max-width: 513px) 100vw, 513px\" \/><\/a><\/td>\n<td style=\"width: 85.533%;\"><a href=\"https:\/\/collections.musee-mccord-stewart.ca\/internal\/media\/dispatcher\/299829\/preview\">Goubaud, Abel, <em>Travestissements<\/em>, Paris, [1880\u20131890].<\/a><br \/>\nDon \u00e0 la m\u00e9moire de Moe Lippman, Mus\u00e9e McCord Stewart, M977.45.3.3<\/td>\n<\/tr>\n<tr>\n<td style=\"width: 14.467%;\"><a href=\"https:\/\/archive.org\/details\/cu31924029922451\/mode\/2up?view=theater\"><img loading=\"lazy\" decoding=\"async\" class=\"alignnone wp-image-49334 size-full\" src=\"https:\/\/www.musee-mccord-stewart.ca\/app\/uploads\/2024\/11\/mccord-stewart_bals-costumes_fancy_dress_6e_edition_800px.jpg\" alt=\"\" width=\"543\" height=\"800\" srcset=\"https:\/\/www.musee-mccord-stewart.ca\/app\/uploads\/2024\/11\/mccord-stewart_bals-costumes_fancy_dress_6e_edition_800px.jpg 543w, https:\/\/www.musee-mccord-stewart.ca\/app\/uploads\/2024\/11\/mccord-stewart_bals-costumes_fancy_dress_6e_edition_800px-204x300.jpg 204w\" sizes=\"(max-width: 543px) 100vw, 543px\" \/><\/a><\/td>\n<td style=\"width: 85.533%;\"><a href=\"https:\/\/archive.org\/details\/cu31924029922451\/mode\/2up?view=theater\">Holt, Ardern, <em>Fancy Dresses Described; or, What to Wear at Fancy Balls<\/em>, 5<sup>e<\/sup> \u00e9d., Londres, Debenham and Freebody, 1887.<\/a><\/td>\n<\/tr>\n<tr>\n<td style=\"width: 14.467%;\"><a href=\"https:\/\/archive.org\/details\/gri_33125002201586\/mode\/2up\"><img loading=\"lazy\" decoding=\"async\" class=\"alignnone wp-image-49333 size-full\" src=\"https:\/\/www.musee-mccord-stewart.ca\/app\/uploads\/2024\/11\/mccord-stewart_bals-costumes_ex2024-01-008-01_20240927-p7-fig9_ld_800px.jpg\" alt=\"\" width=\"530\" height=\"800\" srcset=\"https:\/\/www.musee-mccord-stewart.ca\/app\/uploads\/2024\/11\/mccord-stewart_bals-costumes_ex2024-01-008-01_20240927-p7-fig9_ld_800px.jpg 530w, https:\/\/www.musee-mccord-stewart.ca\/app\/uploads\/2024\/11\/mccord-stewart_bals-costumes_ex2024-01-008-01_20240927-p7-fig9_ld_800px-199x300.jpg 199w\" sizes=\"(max-width: 530px) 100vw, 530px\" \/><\/a><\/td>\n<td style=\"width: 85.533%;\"><a href=\"https:\/\/archive.org\/details\/gri_33125002201586\/mode\/2up\">Holt, Ardern, <em>Fancy Dresses Described; or, What to Wear at Fancy Balls<\/em>, 6<sup>e<\/sup> \u00e9d., Londres, Debenham and Freebody, 1896.<\/a><\/td>\n<\/tr>\n<tr>\n<td style=\"width: 14.467%;\"><a href=\"https:\/\/www.google.ca\/books\/edition\/Gentlemen_s_Fancy_Dress\/ED8CAAAAQAAJ?hl=en&amp;gbpv=1&amp;dq=Gentleman%27s+Fancy+Dress&amp;printsec=frontcover\"><img loading=\"lazy\" decoding=\"async\" class=\"alignnone wp-image-49341 size-full\" src=\"https:\/\/www.musee-mccord-stewart.ca\/app\/uploads\/2024\/11\/mccord-stewart_bals-costumes_m2024-61-3_20240927-p13_ld_800px.jpg\" alt=\"\" width=\"540\" height=\"800\" srcset=\"https:\/\/www.musee-mccord-stewart.ca\/app\/uploads\/2024\/11\/mccord-stewart_bals-costumes_m2024-61-3_20240927-p13_ld_800px.jpg 540w, https:\/\/www.musee-mccord-stewart.ca\/app\/uploads\/2024\/11\/mccord-stewart_bals-costumes_m2024-61-3_20240927-p13_ld_800px-203x300.jpg 203w\" sizes=\"(max-width: 540px) 100vw, 540px\" \/><\/a><\/td>\n<td style=\"width: 85.533%;\"><a href=\"https:\/\/www.google.ca\/books\/edition\/Gentlemen_s_Fancy_Dress\/ED8CAAAAQAAJ?hl=en&amp;gbpv=1&amp;dq=Gentleman%27s+Fancy+Dress&amp;printsec=frontcover\">Holt, Ardern, <em>Gentlemen\u2019s Fancy Dress: How to Choose It<\/em>, Londres, Wyman &amp; Sons, 1882.<\/a><\/td>\n<\/tr>\n<tr>\n<td style=\"width: 14.467%;\"><a href=\"https:\/\/collections.musee-mccord-stewart.ca\/fr\/objects\/485233\"><img loading=\"lazy\" decoding=\"async\" class=\"alignnone wp-image-49339 size-full\" src=\"https:\/\/www.musee-mccord-stewart.ca\/app\/uploads\/2024\/11\/mccord-stewart_bals-costumes_m2024-61-1_20240619-p2_ld_800px.jpg\" alt=\"\" width=\"551\" height=\"800\" srcset=\"https:\/\/www.musee-mccord-stewart.ca\/app\/uploads\/2024\/11\/mccord-stewart_bals-costumes_m2024-61-1_20240619-p2_ld_800px.jpg 551w, https:\/\/www.musee-mccord-stewart.ca\/app\/uploads\/2024\/11\/mccord-stewart_bals-costumes_m2024-61-1_20240619-p2_ld_800px-207x300.jpg 207w\" sizes=\"(max-width: 551px) 100vw, 551px\" \/><\/a><\/td>\n<td style=\"width: 85.533%;\"><a href=\"https:\/\/collections.musee-mccord-stewart.ca\/internal\/media\/dispatcher\/299642\/preview\"><em>Le Bal Costum\u00e9, <\/em>Paris, Librairie Hachette et Cie, 1879<\/a><em>.<br \/>\n<\/em>Mus\u00e9e McCord Stewart, M2024.61.1<\/td>\n<\/tr>\n<tr>\n<td style=\"width: 14.467%;\"><a href=\"http:\/\/ia801400.us.archive.org\/35\/items\/masqueradecarniv00wand\/masqueradecarniv00wand.pdf\"><img loading=\"lazy\" decoding=\"async\" width=\"540\" height=\"800\" class=\"alignnone size-full wp-image-49343\" src=\"https:\/\/www.musee-mccord-stewart.ca\/app\/uploads\/2024\/11\/mccord-stewart_bals-costumes_rb-1801-1_20240927-p12-pg49_ld_800px.jpg\" alt=\"\" srcset=\"https:\/\/www.musee-mccord-stewart.ca\/app\/uploads\/2024\/11\/mccord-stewart_bals-costumes_rb-1801-1_20240927-p12-pg49_ld_800px.jpg 540w, https:\/\/www.musee-mccord-stewart.ca\/app\/uploads\/2024\/11\/mccord-stewart_bals-costumes_rb-1801-1_20240927-p12-pg49_ld_800px-203x300.jpg 203w\" sizes=\"(max-width: 540px) 100vw, 540px\" \/><\/a><\/td>\n<td style=\"width: 85.533%;\"><a href=\"http:\/\/ia801400.us.archive.org\/35\/items\/masqueradecarniv00wand\/masqueradecarniv00wand.pdf\"><em>Masquerade and Carnival: Their Customs and Costumes<\/em>, New York, Butterick, 1892.<\/a><\/td>\n<\/tr>\n<tr>\n<td style=\"width: 14.467%;\"><a href=\"https:\/\/collections.musee-mccord-stewart.ca\/fr\/objects\/485234\"><img loading=\"lazy\" decoding=\"async\" class=\"alignnone wp-image-49340 size-full\" src=\"https:\/\/www.musee-mccord-stewart.ca\/app\/uploads\/2024\/11\/mccord-stewart_bals-costumes_m2024-61-2_20240619-p12-pg21_ld_800px.jpg\" alt=\"\" width=\"635\" height=\"800\" srcset=\"https:\/\/www.musee-mccord-stewart.ca\/app\/uploads\/2024\/11\/mccord-stewart_bals-costumes_m2024-61-2_20240619-p12-pg21_ld_800px.jpg 635w, https:\/\/www.musee-mccord-stewart.ca\/app\/uploads\/2024\/11\/mccord-stewart_bals-costumes_m2024-61-2_20240619-p12-pg21_ld_800px-238x300.jpg 238w\" sizes=\"(max-width: 635px) 100vw, 635px\" \/><\/a><\/td>\n<td style=\"width: 85.533%;\"><a href=\"https:\/\/collections.musee-mccord-stewart.ca\/fr\/objects\/485234\">Miller, Samuel, <em>Children\u2019s Fancy Costumes, <\/em>Londres, 1885.<\/a><br \/>\nMus\u00e9e McCord Stewart, M2024.61.2<\/td>\n<\/tr>\n<\/tbody>\n<\/table>\n<h3>Livres souvenirs<\/h3>\n<p>Le soin apport\u00e9 \u00e0 immortaliser ces \u00e9v\u00e9nements t\u00e9moigne de l\u2019importance qu\u2019ils ont pour les personnes qui les ont organis\u00e9s ou y ont particip\u00e9. Des livres souvenirs ont \u00e9t\u00e9 cr\u00e9\u00e9s pour les bals organis\u00e9e par lady Aberdeen en 1896 \u00e0 Ottawa et en 1897 \u00e0 Toronto.<\/p>\n<table style=\"border-collapse: collapse; width: 100%;\">\n<tbody>\n<tr>\n<td style=\"width: 14.6846%;\"><a href=\"https:\/\/collections.musee-mccord-stewart.ca\/fr\/objects\/484866\"><img loading=\"lazy\" decoding=\"async\" class=\"alignnone wp-image-49337 size-full\" src=\"https:\/\/www.musee-mccord-stewart.ca\/app\/uploads\/2024\/11\/mccord-stewart_bals-costumes_m984-313-1_20241008-p7_ld_800px.jpg\" alt=\"\" width=\"1170\" height=\"800\" srcset=\"https:\/\/www.musee-mccord-stewart.ca\/app\/uploads\/2024\/11\/mccord-stewart_bals-costumes_m984-313-1_20241008-p7_ld_800px.jpg 1170w, https:\/\/www.musee-mccord-stewart.ca\/app\/uploads\/2024\/11\/mccord-stewart_bals-costumes_m984-313-1_20241008-p7_ld_800px-300x205.jpg 300w, https:\/\/www.musee-mccord-stewart.ca\/app\/uploads\/2024\/11\/mccord-stewart_bals-costumes_m984-313-1_20241008-p7_ld_800px-880x602.jpg 880w, https:\/\/www.musee-mccord-stewart.ca\/app\/uploads\/2024\/11\/mccord-stewart_bals-costumes_m984-313-1_20241008-p7_ld_800px-768x525.jpg 768w\" sizes=\"(max-width: 1170px) 100vw, 1170px\" \/><\/a><\/td>\n<td style=\"width: 85.3154%;\"><a href=\"https:\/\/collections.musee-mccord-stewart.ca\/internal\/media\/dispatcher\/300633\/preview\"><em>Book of the Victorian Era Ball: Given at Toronto on the Twenty Eighth of December MDCCCXCVII<\/em>, Toronto,\u00a0Rowsell &amp; Hutchison, 1898.<\/a><br \/>\nMus\u00e9e McCord Stewart, M984.313.1<\/td>\n<\/tr>\n<tr>\n<td style=\"width: 14.6846%;\"><a href=\"https:\/\/collections.musee-mccord-stewart.ca\/fr\/objects\/484903\"><img loading=\"lazy\" decoding=\"async\" class=\"alignnone wp-image-49342 size-full\" src=\"https:\/\/www.musee-mccord-stewart.ca\/app\/uploads\/2024\/11\/mccord-stewart_bals-costumes_m21227-5_20241002-p1_ld_800px.jpg\" alt=\"\" width=\"1422\" height=\"800\" srcset=\"https:\/\/www.musee-mccord-stewart.ca\/app\/uploads\/2024\/11\/mccord-stewart_bals-costumes_m21227-5_20241002-p1_ld_800px.jpg 1422w, https:\/\/www.musee-mccord-stewart.ca\/app\/uploads\/2024\/11\/mccord-stewart_bals-costumes_m21227-5_20241002-p1_ld_800px-300x169.jpg 300w, https:\/\/www.musee-mccord-stewart.ca\/app\/uploads\/2024\/11\/mccord-stewart_bals-costumes_m21227-5_20241002-p1_ld_800px-880x495.jpg 880w, https:\/\/www.musee-mccord-stewart.ca\/app\/uploads\/2024\/11\/mccord-stewart_bals-costumes_m21227-5_20241002-p1_ld_800px-768x432.jpg 768w, https:\/\/www.musee-mccord-stewart.ca\/app\/uploads\/2024\/11\/mccord-stewart_bals-costumes_m21227-5_20241002-p1_ld_800px-800x450.jpg 800w\" sizes=\"(max-width: 1422px) 100vw, 1422px\" \/><\/a><\/td>\n<td style=\"width: 85.3154%;\"><a href=\"https:\/\/collections.musee-mccord-stewart.ca\/internal\/media\/dispatcher\/300565\/preview\"><em>Illustrations of the Historical Ball Given by Their Excellencies the Earl and Countess of Aberdeen: Ottawa, 1896,\u00a0<\/em>Ottawa, Durie, 1896.<\/a><br \/>\nMus\u00e9e McCord Stewart, M21227.5<\/td>\n<\/tr>\n<\/tbody>\n<\/table>\n","protected":false},"excerpt":{"rendered":"<p>Vous voulez en savoir plus sur les livres pr\u00e9sent\u00e9s dans l&rsquo;exposition Bals costum\u00e9s \u2013 Habiller l\u2019Histoire, 1870-1927? Les versions compl\u00e8tes en ligne sont disponibles ici. Guides, gravures de mode et livres d&rsquo;images L\u2019inspiration des personnages et des costumes est puis\u00e9e \u00e0 une grande vari\u00e9t\u00e9 de sources dont des guides sp\u00e9cialis\u00e9s qui contiennent des listes encyclop\u00e9diques [&hellip;]<\/p>\n","protected":false},"author":3,"featured_media":0,"parent":39985,"menu_order":0,"comment_status":"closed","ping_status":"closed","template":"page-templates\/page-texte.php","meta":{"footnotes":""},"categories":[],"tags":[],"acf":[],"yoast_head":"<!-- This site is optimized with the Yoast SEO Premium plugin v20.11 (Yoast SEO v20.11) - https:\/\/yoast.com\/wordpress\/plugins\/seo\/ -->\n<title>Livres dans l&#039;exposition - Mus\u00e9e McCord Stewart<\/title>\n<meta name=\"description\" content=\"L\u2019inspiration des personnages et des costumes est puis\u00e9e \u00e0 une grande vari\u00e9t\u00e9 de sources dont des guides sp\u00e9cialis\u00e9s qui contiennent des listes encyclop\u00e9diques de personnages, des descriptions de costumes et parfois m\u00eame des patrons de couture que l\u2019on peut se procurer par commande postale.\" \/>\n<meta name=\"robots\" content=\"index, follow, max-snippet:-1, max-image-preview:large, max-video-preview:-1\" \/>\n<link rel=\"canonical\" href=\"https:\/\/www.musee-mccord-stewart.ca\/fr\/collections\/bals-costumes-livres-dans-exposition\/\" \/>\n<meta property=\"og:locale\" content=\"fr_FR\" \/>\n<meta property=\"og:type\" content=\"article\" \/>\n<meta property=\"og:title\" content=\"Livres dans l&#039;exposition\" \/>\n<meta property=\"og:description\" content=\"Vous voulez en savoir plus sur les livres pr\u00e9sent\u00e9s dans l&#039;exposition Bals costum\u00e9s \u2013 Habiller l\u2019Histoire, 1870-1927? Les versions compl\u00e8tes en ligne sont\" \/>\n<meta property=\"og:url\" content=\"https:\/\/www.musee-mccord-stewart.ca\/fr\/collections\/bals-costumes-livres-dans-exposition\/\" \/>\n<meta property=\"og:site_name\" content=\"Mus\u00e9e McCord Stewart\" \/>\n<meta property=\"article:publisher\" content=\"https:\/\/www.facebook.com\/museemccordstewart\" \/>\n<meta property=\"article:modified_time\" content=\"2024-11-12T22:30:05+00:00\" \/>\n<meta property=\"og:image\" content=\"https:\/\/www.musee-mccord-stewart.ca\/app\/uploads\/2024\/11\/mccord-stewart_bals-costumes_m2023x-5-6-4_20240710-p1_ld_800px.jpg\" \/>\n<meta name=\"twitter:card\" content=\"summary_large_image\" \/>\n<meta name=\"twitter:site\" content=\"@MuseeMcCordStew\" \/>\n<meta name=\"twitter:label1\" content=\"Dur\u00e9e de lecture estim\u00e9e\" \/>\n\t<meta name=\"twitter:data1\" content=\"5 minutes\" \/>\n<script type=\"application\/ld+json\" class=\"yoast-schema-graph\">{\"@context\":\"https:\/\/schema.org\",\"@graph\":[{\"@type\":\"WebPage\",\"@id\":\"https:\/\/www.musee-mccord-stewart.ca\/fr\/collections\/bals-costumes-livres-dans-exposition\/\",\"url\":\"https:\/\/www.musee-mccord-stewart.ca\/fr\/collections\/bals-costumes-livres-dans-exposition\/\",\"name\":\"Livres dans l'exposition - Mus\u00e9e McCord Stewart\",\"isPartOf\":{\"@id\":\"https:\/\/www.musee-mccord-stewart.ca\/fr\/#website\"},\"datePublished\":\"2024-11-09T17:39:15+00:00\",\"dateModified\":\"2024-11-12T22:30:05+00:00\",\"description\":\"L\u2019inspiration des personnages et des costumes est puis\u00e9e \u00e0 une grande vari\u00e9t\u00e9 de sources dont des guides sp\u00e9cialis\u00e9s qui contiennent des listes encyclop\u00e9diques de personnages, des descriptions de costumes et parfois m\u00eame des patrons de couture que l\u2019on peut se procurer par commande postale.\",\"breadcrumb\":{\"@id\":\"https:\/\/www.musee-mccord-stewart.ca\/fr\/collections\/bals-costumes-livres-dans-exposition\/#breadcrumb\"},\"inLanguage\":\"fr-FR\",\"potentialAction\":[{\"@type\":\"ReadAction\",\"target\":[\"https:\/\/www.musee-mccord-stewart.ca\/fr\/collections\/bals-costumes-livres-dans-exposition\/\"]}]},{\"@type\":\"BreadcrumbList\",\"@id\":\"https:\/\/www.musee-mccord-stewart.ca\/fr\/collections\/bals-costumes-livres-dans-exposition\/#breadcrumb\",\"itemListElement\":[{\"@type\":\"ListItem\",\"position\":1,\"name\":\"Accueil\",\"item\":\"https:\/\/www.musee-mccord-stewart.ca\/fr\/\"},{\"@type\":\"ListItem\",\"position\":2,\"name\":\"Collections\",\"item\":\"https:\/\/www.musee-mccord-stewart.ca\/fr\/collections\/\"},{\"@type\":\"ListItem\",\"position\":3,\"name\":\"Livres dans l&rsquo;exposition\"}]},{\"@type\":\"WebSite\",\"@id\":\"https:\/\/www.musee-mccord-stewart.ca\/fr\/#website\",\"url\":\"https:\/\/www.musee-mccord-stewart.ca\/fr\/\",\"name\":\"Mus\u00e9e McCord Stewart\",\"description\":\"Notre monde, nos histoires\",\"publisher\":{\"@id\":\"https:\/\/www.musee-mccord-stewart.ca\/fr\/#organization\"},\"alternateName\":\"MCS\",\"potentialAction\":[{\"@type\":\"SearchAction\",\"target\":{\"@type\":\"EntryPoint\",\"urlTemplate\":\"https:\/\/www.musee-mccord-stewart.ca\/fr\/?s={search_term_string}\"},\"query-input\":\"required name=search_term_string\"}],\"inLanguage\":\"fr-FR\"},{\"@type\":\"Organization\",\"@id\":\"https:\/\/www.musee-mccord-stewart.ca\/fr\/#organization\",\"name\":\"McCord Stewart Museum\",\"alternateName\":\"MCS\",\"url\":\"https:\/\/www.musee-mccord-stewart.ca\/fr\/\",\"logo\":{\"@type\":\"ImageObject\",\"inLanguage\":\"fr-FR\",\"@id\":\"https:\/\/www.musee-mccord-stewart.ca\/fr\/#\/schema\/logo\/image\/\",\"url\":\"https:\/\/www.musee-mccord-stewart.ca\/app\/uploads\/2023\/05\/logo_museemccordstewart_horizontal_noir_slogan.svg\",\"contentUrl\":\"https:\/\/www.musee-mccord-stewart.ca\/app\/uploads\/2023\/05\/logo_museemccordstewart_horizontal_noir_slogan.svg\",\"width\":1,\"height\":1,\"caption\":\"McCord Stewart Museum\"},\"image\":{\"@id\":\"https:\/\/www.musee-mccord-stewart.ca\/fr\/#\/schema\/logo\/image\/\"},\"sameAs\":[\"https:\/\/www.facebook.com\/museemccordstewart\",\"https:\/\/twitter.com\/MuseeMcCordStew\",\"https:\/\/instagram.com\/museemccordstewart\",\"https:\/\/www.linkedin.com\/company\/museemccordstewart\/\",\"https:\/\/www.pinterest.com\/museemccordstewart\/\",\"https:\/\/www.youtube.com\/c\/MuseeMcCordStewartMuseum\"]}]}<\/script>\n<!-- \/ Yoast SEO Premium plugin. -->","yoast_head_json":{"title":"Livres dans l'exposition - Mus\u00e9e McCord Stewart","description":"L\u2019inspiration des personnages et des costumes est puis\u00e9e \u00e0 une grande vari\u00e9t\u00e9 de sources dont des guides sp\u00e9cialis\u00e9s qui contiennent des listes encyclop\u00e9diques de personnages, des descriptions de costumes et parfois m\u00eame des patrons de couture que l\u2019on peut se procurer par commande postale.","robots":{"index":"index","follow":"follow","max-snippet":"max-snippet:-1","max-image-preview":"max-image-preview:large","max-video-preview":"max-video-preview:-1"},"canonical":"https:\/\/www.musee-mccord-stewart.ca\/fr\/collections\/bals-costumes-livres-dans-exposition\/","og_locale":"fr_FR","og_type":"article","og_title":"Livres dans l'exposition","og_description":"Vous voulez en savoir plus sur les livres pr\u00e9sent\u00e9s dans l'exposition Bals costum\u00e9s \u2013 Habiller l\u2019Histoire, 1870-1927? Les versions compl\u00e8tes en ligne sont","og_url":"https:\/\/www.musee-mccord-stewart.ca\/fr\/collections\/bals-costumes-livres-dans-exposition\/","og_site_name":"Mus\u00e9e McCord Stewart","article_publisher":"https:\/\/www.facebook.com\/museemccordstewart","article_modified_time":"2024-11-12T22:30:05+00:00","og_image":[{"url":"https:\/\/www.musee-mccord-stewart.ca\/app\/uploads\/2024\/11\/mccord-stewart_bals-costumes_m2023x-5-6-4_20240710-p1_ld_800px.jpg"}],"twitter_card":"summary_large_image","twitter_site":"@MuseeMcCordStew","twitter_misc":{"Dur\u00e9e de lecture estim\u00e9e":"5 minutes"},"schema":{"@context":"https:\/\/schema.org","@graph":[{"@type":"WebPage","@id":"https:\/\/www.musee-mccord-stewart.ca\/fr\/collections\/bals-costumes-livres-dans-exposition\/","url":"https:\/\/www.musee-mccord-stewart.ca\/fr\/collections\/bals-costumes-livres-dans-exposition\/","name":"Livres dans l'exposition - Mus\u00e9e McCord Stewart","isPartOf":{"@id":"https:\/\/www.musee-mccord-stewart.ca\/fr\/#website"},"datePublished":"2024-11-09T17:39:15+00:00","dateModified":"2024-11-12T22:30:05+00:00","description":"L\u2019inspiration des personnages et des costumes est puis\u00e9e \u00e0 une grande vari\u00e9t\u00e9 de sources dont des guides sp\u00e9cialis\u00e9s qui contiennent des listes encyclop\u00e9diques de personnages, des descriptions de costumes et parfois m\u00eame des patrons de couture que l\u2019on peut se procurer par commande postale.","breadcrumb":{"@id":"https:\/\/www.musee-mccord-stewart.ca\/fr\/collections\/bals-costumes-livres-dans-exposition\/#breadcrumb"},"inLanguage":"fr-FR","potentialAction":[{"@type":"ReadAction","target":["https:\/\/www.musee-mccord-stewart.ca\/fr\/collections\/bals-costumes-livres-dans-exposition\/"]}]},{"@type":"BreadcrumbList","@id":"https:\/\/www.musee-mccord-stewart.ca\/fr\/collections\/bals-costumes-livres-dans-exposition\/#breadcrumb","itemListElement":[{"@type":"ListItem","position":1,"name":"Accueil","item":"https:\/\/www.musee-mccord-stewart.ca\/fr\/"},{"@type":"ListItem","position":2,"name":"Collections","item":"https:\/\/www.musee-mccord-stewart.ca\/fr\/collections\/"},{"@type":"ListItem","position":3,"name":"Livres dans l&rsquo;exposition"}]},{"@type":"WebSite","@id":"https:\/\/www.musee-mccord-stewart.ca\/fr\/#website","url":"https:\/\/www.musee-mccord-stewart.ca\/fr\/","name":"Mus\u00e9e McCord Stewart","description":"Notre monde, nos histoires","publisher":{"@id":"https:\/\/www.musee-mccord-stewart.ca\/fr\/#organization"},"alternateName":"MCS","potentialAction":[{"@type":"SearchAction","target":{"@type":"EntryPoint","urlTemplate":"https:\/\/www.musee-mccord-stewart.ca\/fr\/?s={search_term_string}"},"query-input":"required name=search_term_string"}],"inLanguage":"fr-FR"},{"@type":"Organization","@id":"https:\/\/www.musee-mccord-stewart.ca\/fr\/#organization","name":"McCord Stewart Museum","alternateName":"MCS","url":"https:\/\/www.musee-mccord-stewart.ca\/fr\/","logo":{"@type":"ImageObject","inLanguage":"fr-FR","@id":"https:\/\/www.musee-mccord-stewart.ca\/fr\/#\/schema\/logo\/image\/","url":"https:\/\/www.musee-mccord-stewart.ca\/app\/uploads\/2023\/05\/logo_museemccordstewart_horizontal_noir_slogan.svg","contentUrl":"https:\/\/www.musee-mccord-stewart.ca\/app\/uploads\/2023\/05\/logo_museemccordstewart_horizontal_noir_slogan.svg","width":1,"height":1,"caption":"McCord Stewart Museum"},"image":{"@id":"https:\/\/www.musee-mccord-stewart.ca\/fr\/#\/schema\/logo\/image\/"},"sameAs":["https:\/\/www.facebook.com\/museemccordstewart","https:\/\/twitter.com\/MuseeMcCordStew","https:\/\/instagram.com\/museemccordstewart","https:\/\/www.linkedin.com\/company\/museemccordstewart\/","https:\/\/www.pinterest.com\/museemccordstewart\/","https:\/\/www.youtube.com\/c\/MuseeMcCordStewartMuseum"]}]}},"_links":{"self":[{"href":"https:\/\/www.musee-mccord-stewart.ca\/fr\/wp-json\/wp\/v2\/pages\/49290"}],"collection":[{"href":"https:\/\/www.musee-mccord-stewart.ca\/fr\/wp-json\/wp\/v2\/pages"}],"about":[{"href":"https:\/\/www.musee-mccord-stewart.ca\/fr\/wp-json\/wp\/v2\/types\/page"}],"author":[{"embeddable":true,"href":"https:\/\/www.musee-mccord-stewart.ca\/fr\/wp-json\/wp\/v2\/users\/3"}],"replies":[{"embeddable":true,"href":"https:\/\/www.musee-mccord-stewart.ca\/fr\/wp-json\/wp\/v2\/comments?post=49290"}],"version-history":[{"count":0,"href":"https:\/\/www.musee-mccord-stewart.ca\/fr\/wp-json\/wp\/v2\/pages\/49290\/revisions"}],"up":[{"embeddable":true,"href":"https:\/\/www.musee-mccord-stewart.ca\/fr\/wp-json\/wp\/v2\/pages\/39985"}],"wp:attachment":[{"href":"https:\/\/www.musee-mccord-stewart.ca\/fr\/wp-json\/wp\/v2\/media?parent=49290"}],"wp:term":[{"taxonomy":"category","embeddable":true,"href":"https:\/\/www.musee-mccord-stewart.ca\/fr\/wp-json\/wp\/v2\/categories?post=49290"},{"taxonomy":"post_tag","embeddable":true,"href":"https:\/\/www.musee-mccord-stewart.ca\/fr\/wp-json\/wp\/v2\/tags?post=49290"}],"curies":[{"name":"wp","href":"https:\/\/api.w.org\/{rel}","templated":true}]}}