{"id":48998,"date":"2024-10-08T11:11:09","date_gmt":"2024-10-08T15:11:09","guid":{"rendered":"https:\/\/www.musee-mccord-stewart.ca\/?page_id=48998"},"modified":"2025-03-12T14:31:07","modified_gmt":"2025-03-12T18:31:07","slug":"concours-univers-inuit","status":"publish","type":"page","link":"https:\/\/www.musee-mccord-stewart.ca\/fr\/concours-univers-inuit\/","title":{"rendered":"Concours <em>Univers inuit<\/em>"},"content":{"rendered":"<p><strong>Ce concours est termin\u00e9, merci aux participant\u00b7e\u00b7s!<\/strong><\/p>\n<p>Gagner un s\u00e9jour pour quatre personnes en immersion culturelle dans la r\u00e9gion de Qikiqtaaluk au Nunavut!<\/p>\n<p>D\u00e9couvrez l\u2019<a href=\"https:\/\/www.musee-mccord-stewart.ca\/fr\/expositions\/manasie-akpaliapik-univers-inuit\/\">univers inuit de Manasie Akpaliapik<\/a> lors d\u2019un voyage exceptionnel d\u2019une semaine \u00e0 la rencontre des communaut\u00e9s d\u2019Iqaluit et de Kinngait. Une exp\u00e9rience unique dans le Grand Nord \u00e0 vivre en famille ou entre ami\u00b7e\u00b7s d\u2019une valeur allant jusqu\u2019\u00e0 35 000 $ offert par Canadian North et Travel Nunavut. *<\/p>\n<h2>Grand Prix pour la personne gagnante et trois invit\u00e9\u00b7e\u00b7s (valeur jusqu\u2019\u00e0 35\u00a0000$)<\/h2>\n<ul>\n<li>Vols allers-retours de Montr\u00e9al \u00e0 Iqaluit ou d\u2019Ottawa \u00e0 Iqaluit ;<\/li>\n<li>Vols allers-retours d\u2019Iqaluit \u00e0 Kinngait** ;<\/li>\n<li>Six nuit\u00e9es en h\u00e9bergement touristique \u00e0 Iqaluit et Kinngait ;<\/li>\n<li>Une journ\u00e9e ou une demi-journ\u00e9e d&rsquo;activit\u00e9s guid\u00e9es d&rsquo;\u00e9t\u00e9 ou d&rsquo;hiver au choix \u00e0 Iqaluit ;<\/li>\n<li>Une journ\u00e9e ou une demi-journ\u00e9e d&rsquo;activit\u00e9s guid\u00e9es d&rsquo;\u00e9t\u00e9 ou d&rsquo;hiver au choix \u00e0 Kinngait ;<\/li>\n<\/ul>\n<h2>Prix secondaires<\/h2>\n<p>Trois abonnements annuels+1 au Mus\u00e9e McCord Stewart (valeur individuelle de 90 $).<\/p>\n<p><a title=\"\" href=\"https:\/\/www.musee-mccord-stewart.ca\/app\/uploads\/2024\/10\/concours_univers-inuit_reglements_fr_20241009.pdf\" target=\"_blank\" rel=\"noopener\">Veuillez consulter les r\u00e8glements<\/a> du concours pour conna\u00eetre les conditions et inclusions. Certaines restrictions s\u2019appliquent.<\/p>\n<p><span style=\"font-size: 14px;\">*La valeur r\u00e9elle du Grand Prix varie selon le lieu de d\u00e9part choisi par les gagnant\u00b7e\u00b7s.<\/span><br \/>\n<span style=\"font-size: 14px;\">** En cas de probl\u00e8mes de disponibilit\u00e9 ou d&rsquo;autres restrictions de voyage, le voyage \u00e0 Kinngait sera remplac\u00e9 par un s\u00e9jour \u00e9quivalent dans une autre communaut\u00e9, \u00e0 la discr\u00e9tion de Travel Nunavut et de Canadian North.<\/span><\/p>\n<ul class=\"sliderTiny\">\n<li>\n<img decoding=\"async\" src=\"https:\/\/www.musee-mccord-stewart.ca\/app\/uploads\/2024\/10\/mccord-stewart_concours_univers-inuit_michelle_valberg_1200x800.jpg\" alt=\"\u00a9 Michelle Valberg\" title=\"\u00a9 Michelle Valberg\" \/>\n<\/li>\n<li>\n<img decoding=\"async\" src=\"https:\/\/www.musee-mccord-stewart.ca\/app\/uploads\/2024\/10\/mccord-stewart_concours_univers-inuit_paysage_michelle_valberg_1200x800.jpg\" alt=\"\u00a9 Michelle Valberg\" title=\"\u00a9 Michelle Valberg\" \/>\n<\/li>\n<li>\n<img decoding=\"async\" src=\"https:\/\/www.musee-mccord-stewart.ca\/app\/uploads\/2024\/10\/mccord-stewart_concours_univers-inuit_narraway_1200x800.jpg\" alt=\"\u00a9 Michelle Valberg\" title=\"\u00a9 Michelle Valberg\" \/>\n<\/li>\n<li>\n<img decoding=\"async\" src=\"https:\/\/www.musee-mccord-stewart.ca\/app\/uploads\/2024\/10\/mccord-stewart_concours_univers-inuit_ulu_narraway_1200x800.jpg\" alt=\"\u00a9 Narraway\" title=\"\u00a9 Narraway\" \/>\n<\/li>\n<\/ul>\n\n<h2>\u00c0 propos de la destination<\/h2>\n<p>Le Nunavut est un territoire diversifi\u00e9 tant par sa g\u00e9ographie que par sa culture. Dans la r\u00e9gion de Qikiqtaaluk, d&rsquo;imposantes montagnes surgissent de la mer. Les glaciers marquent leur lente avanc\u00e9e dans la toundra et les icebergs se jettent dans les eaux cristallines de la baie de Baffin. Les eaux de cette r\u00e9gion regorgent de mammif\u00e8res marins. La relation que les Inuit entretiennent depuis des mill\u00e9naires avec le territoire pour se nourrir, s&rsquo;abriter et se v\u00eatir leur a permis d&rsquo;acqu\u00e9rir une connaissance de la r\u00e9gion in\u00e9gal\u00e9e qui se refl\u00e8te dans les \u0153uvres des artistes locaux.<\/p>\n<p>Iqaluit, capitale du Nunavut, est un excellent point de d\u00e9part pour d\u00e9couvrir la culture inuit et les paysages arctiques. La ville accueille de nombreux artistes, cin\u00e9astes et musiciens inuit, ainsi que des festivals artistiques et culturels au printemps et en \u00e9t\u00e9, qui attirent des artistes de tout le territoire. \u00c0 proximit\u00e9 se trouvent des parcs magnifiques qui offrent toute une vari\u00e9t\u00e9 de paysages, de montagnes, de rivi\u00e8res, de cascades et d&rsquo;anciens sites thul\u00e9 \u00e0 explorer.<\/p>\n<p>L\u2019aventure se poursuivra \u00e0 Kinngait, situ\u00e9 \u00e0 l\u2019extr\u00e9mit\u00e9 sud-ouest de l\u2019\u00eele de Baffin. Cette petite communaut\u00e9 d\u2019artistes est r\u00e9put\u00e9e dans le monde entier pour la qualit\u00e9 des \u0153uvres d&rsquo;art qui y sont produites. Dot\u00e9e de paysages \u00e0 couper le souffle et d&rsquo;une abondance \u00e9tonnante de faune arctique inspirante, l&rsquo;\u00eele Dorset et le parc territorial de Mallikjuaq, situ\u00e9 \u00e0 proximit\u00e9, sont des lieux privil\u00e9gi\u00e9s pour observer les caribous migrateurs, les oiseaux de mer, les baleines, les phoques et les morses.<\/p>\n","protected":false},"excerpt":{"rendered":"<p>Ce concours est termin\u00e9, merci aux participant\u00b7e\u00b7s! Gagner un s\u00e9jour pour quatre personnes en immersion culturelle dans la r\u00e9gion de Qikiqtaaluk au Nunavut! D\u00e9couvrez l\u2019univers inuit de Manasie Akpaliapik lors d\u2019un voyage exceptionnel d\u2019une semaine \u00e0 la rencontre des communaut\u00e9s d\u2019Iqaluit et de Kinngait. Une exp\u00e9rience unique dans le Grand Nord \u00e0 vivre en famille [&hellip;]<\/p>\n","protected":false},"author":51,"featured_media":0,"parent":0,"menu_order":0,"comment_status":"closed","ping_status":"closed","template":"page-templates\/page-texte.php","meta":{"footnotes":""},"categories":[],"tags":[],"acf":[],"yoast_head":"<!-- This site is optimized with the Yoast SEO Premium plugin v20.11 (Yoast SEO v20.11) - https:\/\/yoast.com\/wordpress\/plugins\/seo\/ -->\n<title>Concours Univers inuit - Mus\u00e9e McCord Stewart<\/title>\n<meta name=\"description\" content=\"Courez la chance de gagner un s\u00e9jour pour quatre personnes en immersion culturelle dans la r\u00e9gion de Qikiqtaaluk au Nunavut!\" \/>\n<meta name=\"robots\" content=\"index, follow, max-snippet:-1, max-image-preview:large, max-video-preview:-1\" \/>\n<link rel=\"canonical\" href=\"https:\/\/www.musee-mccord-stewart.ca\/fr\/concours-univers-inuit\/\" \/>\n<meta property=\"og:locale\" content=\"fr_FR\" \/>\n<meta property=\"og:type\" content=\"article\" \/>\n<meta property=\"og:title\" content=\"Concours Univers inuit\" \/>\n<meta property=\"og:description\" content=\"Courez la chance de gagner un s\u00e9jour pour quatre personnes en immersion culturelle dans la r\u00e9gion de Qikiqtaaluk au Nunavut!\" \/>\n<meta property=\"og:url\" content=\"https:\/\/www.musee-mccord-stewart.ca\/fr\/concours-univers-inuit\/\" \/>\n<meta property=\"og:site_name\" content=\"Mus\u00e9e McCord Stewart\" \/>\n<meta property=\"article:publisher\" content=\"https:\/\/www.facebook.com\/museemccordstewart\" \/>\n<meta property=\"article:modified_time\" content=\"2025-03-12T18:31:07+00:00\" \/>\n<meta property=\"og:image\" content=\"https:\/\/www.musee-mccord-stewart.ca\/app\/uploads\/2024\/10\/mccord-stewart_concours_univers-unuit_640x375.jpg\" \/>\n\t<meta property=\"og:image:width\" content=\"640\" \/>\n\t<meta property=\"og:image:height\" content=\"375\" \/>\n\t<meta property=\"og:image:type\" content=\"image\/jpeg\" \/>\n<meta name=\"twitter:card\" content=\"summary_large_image\" \/>\n<meta name=\"twitter:description\" content=\"Courez la chance de gagner un s\u00e9jour pour quatre personnes en immersion culturelle dans la r\u00e9gion de Qikiqtaaluk au Nunavut!\" \/>\n<meta name=\"twitter:site\" content=\"@MuseeMcCordStew\" \/>\n<meta name=\"twitter:label1\" content=\"Dur\u00e9e de lecture estim\u00e9e\" \/>\n\t<meta name=\"twitter:data1\" content=\"3 minutes\" \/>\n<script type=\"application\/ld+json\" class=\"yoast-schema-graph\">{\"@context\":\"https:\/\/schema.org\",\"@graph\":[{\"@type\":\"WebPage\",\"@id\":\"https:\/\/www.musee-mccord-stewart.ca\/fr\/concours-univers-inuit\/\",\"url\":\"https:\/\/www.musee-mccord-stewart.ca\/fr\/concours-univers-inuit\/\",\"name\":\"Concours Univers inuit - Mus\u00e9e McCord Stewart\",\"isPartOf\":{\"@id\":\"https:\/\/www.musee-mccord-stewart.ca\/fr\/#website\"},\"datePublished\":\"2024-10-08T15:11:09+00:00\",\"dateModified\":\"2025-03-12T18:31:07+00:00\",\"description\":\"Courez la chance de gagner un s\u00e9jour pour quatre personnes en immersion culturelle dans la r\u00e9gion de Qikiqtaaluk au Nunavut!\",\"breadcrumb\":{\"@id\":\"https:\/\/www.musee-mccord-stewart.ca\/fr\/concours-univers-inuit\/#breadcrumb\"},\"inLanguage\":\"fr-FR\",\"potentialAction\":[{\"@type\":\"ReadAction\",\"target\":[\"https:\/\/www.musee-mccord-stewart.ca\/fr\/concours-univers-inuit\/\"]}]},{\"@type\":\"BreadcrumbList\",\"@id\":\"https:\/\/www.musee-mccord-stewart.ca\/fr\/concours-univers-inuit\/#breadcrumb\",\"itemListElement\":[{\"@type\":\"ListItem\",\"position\":1,\"name\":\"Accueil\",\"item\":\"https:\/\/www.musee-mccord-stewart.ca\/fr\/\"},{\"@type\":\"ListItem\",\"position\":2,\"name\":\"Concours Univers inuit\"}]},{\"@type\":\"WebSite\",\"@id\":\"https:\/\/www.musee-mccord-stewart.ca\/fr\/#website\",\"url\":\"https:\/\/www.musee-mccord-stewart.ca\/fr\/\",\"name\":\"Mus\u00e9e McCord Stewart\",\"description\":\"Notre monde, nos histoires\",\"publisher\":{\"@id\":\"https:\/\/www.musee-mccord-stewart.ca\/fr\/#organization\"},\"alternateName\":\"MCS\",\"potentialAction\":[{\"@type\":\"SearchAction\",\"target\":{\"@type\":\"EntryPoint\",\"urlTemplate\":\"https:\/\/www.musee-mccord-stewart.ca\/fr\/?s={search_term_string}\"},\"query-input\":\"required name=search_term_string\"}],\"inLanguage\":\"fr-FR\"},{\"@type\":\"Organization\",\"@id\":\"https:\/\/www.musee-mccord-stewart.ca\/fr\/#organization\",\"name\":\"McCord Stewart Museum\",\"alternateName\":\"MCS\",\"url\":\"https:\/\/www.musee-mccord-stewart.ca\/fr\/\",\"logo\":{\"@type\":\"ImageObject\",\"inLanguage\":\"fr-FR\",\"@id\":\"https:\/\/www.musee-mccord-stewart.ca\/fr\/#\/schema\/logo\/image\/\",\"url\":\"https:\/\/www.musee-mccord-stewart.ca\/app\/uploads\/2023\/05\/logo_museemccordstewart_horizontal_noir_slogan.svg\",\"contentUrl\":\"https:\/\/www.musee-mccord-stewart.ca\/app\/uploads\/2023\/05\/logo_museemccordstewart_horizontal_noir_slogan.svg\",\"width\":1,\"height\":1,\"caption\":\"McCord Stewart Museum\"},\"image\":{\"@id\":\"https:\/\/www.musee-mccord-stewart.ca\/fr\/#\/schema\/logo\/image\/\"},\"sameAs\":[\"https:\/\/www.facebook.com\/museemccordstewart\",\"https:\/\/twitter.com\/MuseeMcCordStew\",\"https:\/\/instagram.com\/museemccordstewart\",\"https:\/\/www.linkedin.com\/company\/museemccordstewart\/\",\"https:\/\/www.pinterest.com\/museemccordstewart\/\",\"https:\/\/www.youtube.com\/c\/MuseeMcCordStewartMuseum\"]}]}<\/script>\n<!-- \/ Yoast SEO Premium plugin. -->","yoast_head_json":{"title":"Concours Univers inuit - Mus\u00e9e McCord Stewart","description":"Courez la chance de gagner un s\u00e9jour pour quatre personnes en immersion culturelle dans la r\u00e9gion de Qikiqtaaluk au Nunavut!","robots":{"index":"index","follow":"follow","max-snippet":"max-snippet:-1","max-image-preview":"max-image-preview:large","max-video-preview":"max-video-preview:-1"},"canonical":"https:\/\/www.musee-mccord-stewart.ca\/fr\/concours-univers-inuit\/","og_locale":"fr_FR","og_type":"article","og_title":"Concours Univers inuit","og_description":"Courez la chance de gagner un s\u00e9jour pour quatre personnes en immersion culturelle dans la r\u00e9gion de Qikiqtaaluk au Nunavut!","og_url":"https:\/\/www.musee-mccord-stewart.ca\/fr\/concours-univers-inuit\/","og_site_name":"Mus\u00e9e McCord Stewart","article_publisher":"https:\/\/www.facebook.com\/museemccordstewart","article_modified_time":"2025-03-12T18:31:07+00:00","og_image":[{"width":640,"height":375,"url":"https:\/\/www.musee-mccord-stewart.ca\/app\/uploads\/2024\/10\/mccord-stewart_concours_univers-unuit_640x375.jpg","type":"image\/jpeg"}],"twitter_card":"summary_large_image","twitter_description":"Courez la chance de gagner un s\u00e9jour pour quatre personnes en immersion culturelle dans la r\u00e9gion de Qikiqtaaluk au Nunavut!","twitter_site":"@MuseeMcCordStew","twitter_misc":{"Dur\u00e9e de lecture estim\u00e9e":"3 minutes"},"schema":{"@context":"https:\/\/schema.org","@graph":[{"@type":"WebPage","@id":"https:\/\/www.musee-mccord-stewart.ca\/fr\/concours-univers-inuit\/","url":"https:\/\/www.musee-mccord-stewart.ca\/fr\/concours-univers-inuit\/","name":"Concours Univers inuit - Mus\u00e9e McCord Stewart","isPartOf":{"@id":"https:\/\/www.musee-mccord-stewart.ca\/fr\/#website"},"datePublished":"2024-10-08T15:11:09+00:00","dateModified":"2025-03-12T18:31:07+00:00","description":"Courez la chance de gagner un s\u00e9jour pour quatre personnes en immersion culturelle dans la r\u00e9gion de Qikiqtaaluk au Nunavut!","breadcrumb":{"@id":"https:\/\/www.musee-mccord-stewart.ca\/fr\/concours-univers-inuit\/#breadcrumb"},"inLanguage":"fr-FR","potentialAction":[{"@type":"ReadAction","target":["https:\/\/www.musee-mccord-stewart.ca\/fr\/concours-univers-inuit\/"]}]},{"@type":"BreadcrumbList","@id":"https:\/\/www.musee-mccord-stewart.ca\/fr\/concours-univers-inuit\/#breadcrumb","itemListElement":[{"@type":"ListItem","position":1,"name":"Accueil","item":"https:\/\/www.musee-mccord-stewart.ca\/fr\/"},{"@type":"ListItem","position":2,"name":"Concours Univers inuit"}]},{"@type":"WebSite","@id":"https:\/\/www.musee-mccord-stewart.ca\/fr\/#website","url":"https:\/\/www.musee-mccord-stewart.ca\/fr\/","name":"Mus\u00e9e McCord Stewart","description":"Notre monde, nos histoires","publisher":{"@id":"https:\/\/www.musee-mccord-stewart.ca\/fr\/#organization"},"alternateName":"MCS","potentialAction":[{"@type":"SearchAction","target":{"@type":"EntryPoint","urlTemplate":"https:\/\/www.musee-mccord-stewart.ca\/fr\/?s={search_term_string}"},"query-input":"required name=search_term_string"}],"inLanguage":"fr-FR"},{"@type":"Organization","@id":"https:\/\/www.musee-mccord-stewart.ca\/fr\/#organization","name":"McCord Stewart Museum","alternateName":"MCS","url":"https:\/\/www.musee-mccord-stewart.ca\/fr\/","logo":{"@type":"ImageObject","inLanguage":"fr-FR","@id":"https:\/\/www.musee-mccord-stewart.ca\/fr\/#\/schema\/logo\/image\/","url":"https:\/\/www.musee-mccord-stewart.ca\/app\/uploads\/2023\/05\/logo_museemccordstewart_horizontal_noir_slogan.svg","contentUrl":"https:\/\/www.musee-mccord-stewart.ca\/app\/uploads\/2023\/05\/logo_museemccordstewart_horizontal_noir_slogan.svg","width":1,"height":1,"caption":"McCord Stewart Museum"},"image":{"@id":"https:\/\/www.musee-mccord-stewart.ca\/fr\/#\/schema\/logo\/image\/"},"sameAs":["https:\/\/www.facebook.com\/museemccordstewart","https:\/\/twitter.com\/MuseeMcCordStew","https:\/\/instagram.com\/museemccordstewart","https:\/\/www.linkedin.com\/company\/museemccordstewart\/","https:\/\/www.pinterest.com\/museemccordstewart\/","https:\/\/www.youtube.com\/c\/MuseeMcCordStewartMuseum"]}]}},"_links":{"self":[{"href":"https:\/\/www.musee-mccord-stewart.ca\/fr\/wp-json\/wp\/v2\/pages\/48998"}],"collection":[{"href":"https:\/\/www.musee-mccord-stewart.ca\/fr\/wp-json\/wp\/v2\/pages"}],"about":[{"href":"https:\/\/www.musee-mccord-stewart.ca\/fr\/wp-json\/wp\/v2\/types\/page"}],"author":[{"embeddable":true,"href":"https:\/\/www.musee-mccord-stewart.ca\/fr\/wp-json\/wp\/v2\/users\/51"}],"replies":[{"embeddable":true,"href":"https:\/\/www.musee-mccord-stewart.ca\/fr\/wp-json\/wp\/v2\/comments?post=48998"}],"version-history":[{"count":0,"href":"https:\/\/www.musee-mccord-stewart.ca\/fr\/wp-json\/wp\/v2\/pages\/48998\/revisions"}],"wp:attachment":[{"href":"https:\/\/www.musee-mccord-stewart.ca\/fr\/wp-json\/wp\/v2\/media?parent=48998"}],"wp:term":[{"taxonomy":"category","embeddable":true,"href":"https:\/\/www.musee-mccord-stewart.ca\/fr\/wp-json\/wp\/v2\/categories?post=48998"},{"taxonomy":"post_tag","embeddable":true,"href":"https:\/\/www.musee-mccord-stewart.ca\/fr\/wp-json\/wp\/v2\/tags?post=48998"}],"curies":[{"name":"wp","href":"https:\/\/api.w.org\/{rel}","templated":true}]}}