{"id":47852,"date":"2024-06-24T06:55:29","date_gmt":"2024-06-24T10:55:29","guid":{"rendered":"https:\/\/www.musee-mccord-stewart.ca\/?page_id=47852"},"modified":"2025-12-12T10:16:49","modified_gmt":"2025-12-12T15:16:49","slug":"devenez-partenaire","status":"publish","type":"page","link":"https:\/\/www.musee-mccord-stewart.ca\/fr\/devenez-partenaire\/","title":{"rendered":"Devenez partenaire"},"content":{"rendered":"<p>Le Mus\u00e9e McCord Stewart remercie chaleureusement ses pr\u00e9cieux partenaires. N\u2019h\u00e9sitez plus : joignez-vous \u00e0 eux!<\/p>\n<p>\u00catre partenaire du Mus\u00e9e est une <strong>formidable opportunit\u00e9 de contribuer<\/strong> \u00e0 :<\/p>\n<ul>\n<li><strong>Raconter l\u2019histoire de Montr\u00e9al<\/strong> et de son rayonnement au Canada et dans le monde, de fa\u00e7on critique et inclusive<\/li>\n<li>T\u00e9moigner de la vitalit\u00e9, la cr\u00e9ativit\u00e9 et la <strong>diversit\u00e9 des individus et des communaut\u00e9s qui la compose et amplifier leurs voix<\/strong><\/li>\n<li>Faire vivre une <strong>exp\u00e9rience stimulante et touchante aux publics<\/strong> en croissance<\/li>\n<li><strong>Agir pour une soci\u00e9t\u00e9 plus juste<\/strong><\/li>\n<\/ul>\n<h2>Commandites<\/h2>\n<p>La <strong>commandite au Mus\u00e9e<\/strong> vous permet de\u202f:<\/p>\n<ul>\n<li>Rejoindre votre <strong>client\u00e8le cible par l\u2019entremise d\u2019un mus\u00e9e r\u00e9put\u00e9<\/strong> et d\u2019une programmation suscitant l\u2019<strong>engouement dans le march\u00e9 de Montr\u00e9al et au-del\u00e0<\/strong><\/li>\n<li>Mettre de l\u2019avant et <strong>affirmer le positionnement de votre entreprise<\/strong> ou vos produits<\/li>\n<li>Faire vivre des <strong>exp\u00e9riences m\u00e9morables \u00e0 vos client\u00b7e\u00b7s<\/strong>, partenaires, employ\u00e9\u00b7e\u00b7s et autres parties prenantes<\/li>\n<li>Renforcer les <strong>liens qui existent entre votre marque et les Montr\u00e9alais\u200b\u00b7es<\/strong><\/li>\n<\/ul>\n<p>Plusieurs propri\u00e9t\u00e9s de commandite sont disponibles\u202f:<\/p>\n<ul>\n<li>Grand partenaire d\u2019un des cinq piliers de contenu du Mus\u00e9e\u202f: Montr\u00e9alit\u00e9, Photographie, Mode, Cultures autochtones, Jeunesse et famille<br \/>\n<a title=\"\" href=\"https:\/\/www.musee-mccord-stewart.ca\/fr\/nouvelles\/power-corporation-canada-grand-partenaire-montrealite\/\">Apprenez-en plus sur Power Corporation Grand partenaire Montr\u00e9alit\u00e9<\/a><\/li>\n<li>Commandite d\u2019exposition, d\u2019activit\u00e9 ou de programmation sp\u00e9ciale<\/li>\n<li>Ainsi que des propri\u00e9t\u00e9s d\u00e9velopp\u00e9es sur mesure pour r\u00e9pondre \u00e0 vos objectifs d\u2019affaires<\/li>\n<\/ul>\n<p>Nos propositions de commandite sont \u00e9valu\u00e9es selon les\u202fr\u00e8gles de l&rsquo;art afin de vous <strong>fournir un r\u00e9el retour sur investissement<\/strong>. Les forfaits de <strong>b\u00e9n\u00e9fices sont d\u00e9velopp\u00e9s sur mesure<\/strong>, selon vos besoins et objectifs d&rsquo;affaires.<\/p>\n<h2>Renseignements<\/h2>\n<p><strong>Rachel Laplante<\/strong>, sp\u00e9cialiste, d\u00e9veloppement de partenariats et commandites<br \/>\n<a href=\"mailto:rlaplante@traitdunions.com\">rlaplante@traitdunions.com<\/a><br \/>\n514 668-8756<\/p>\n<h2>Le Mus\u00e9e McCord Stewart, un mus\u00e9e qui rayonne<\/h2>\n<table style=\"border-collapse: collapse; width: 100%; height: 224px;\">\n<tbody>\n<tr>\n<td style=\"text-align: left; width: 49.4924%;\">Un des plus importants mus\u00e9es\u202fd\u2019histoire\u202fau Canada<\/td>\n<td style=\"text-align: left; width: 50.0363%;\" colspan=\"2\">Un des\u202fquatre\u202fplus\u202fgrands mus\u00e9es montr\u00e9alais<\/td>\n<\/tr>\n<tr style=\"height: 72px;\">\n<td style=\"text-align: left; height: 72px; width: 49.4924%;\">Une collection de 3\u202f200\u202f000 images, objets, documents et \u0153uvres d\u2019art qui le positionne comme une r\u00e9f\u00e9rence en Am\u00e9rique du Nord<\/td>\n<td style=\"text-align: left;\" colspan=\"2\">Deuxi\u00e8me mus\u00e9e le plus nomm\u00e9\u202fspontan\u00e9ment\u202fpar les Qu\u00e9b\u00e9cois\u00b7es et les\u202fMontr\u00e9alais\u00b7es\u202florsqu\u2019on leur demande\u202fde\u202fnommer un\u202fmus\u00e9e \u00e0 Montr\u00e9al (source\u202f: L\u00e9ger)<\/td>\n<\/tr>\n<tr style=\"height: 72px;\">\n<td style=\"text-align: left; height: 72px; width: 49.4924%;\">300 000 visites annuelles en personne :<br \/>\n200\u202f000 visites en salle, 100\u202f000 visites sur la rue Victoria pi\u00e9tonnis\u00e9e<\/td>\n<td style=\"text-align: left; width: 25.0181%;\" colspan=\"2\">2\u202f000\u202f000 de visites annuelles sur ses plateformes num\u00e9riques, 70\u202f000 abonn\u00e9\u00b7e\u00b7s sur les m\u00e9dias sociaux, et 11 000 000 d\u2019impressions sur les m\u00e9dias sociaux, 75 000 abonn\u00e9\u00b7e\u00b7s \u00e0 l&rsquo;infolettre<a id=\"don\"><\/a><\/td>\n<\/tr>\n<\/tbody>\n<\/table>\n<h2>Dons corporatifs et dons majeurs<\/h2>\n<p><b><span data-contrast=\"none\">Soutenir le Mus\u00e9e McCord Stewart, c\u2019est s\u2019engager dans une d\u00e9marche sociale et citoyenne.<\/span><\/b><span data-contrast=\"none\">\u202fL\u2019entreprise ou la fondation priv\u00e9e qui fait un don au Mus\u00e9e se rallie \u00e0 sa mission de conservation, d\u2019\u00e9ducation et de promotion de ses collections, ainsi qu\u2019aux valeurs de diversit\u00e9, d\u2019inclusion et d\u2019ouverture sur le monde. Le don corporatif peut appuyer la mission g\u00e9n\u00e9rale du Mus\u00e9e ou \u00eatre associ\u00e9 \u00e0 un projet sp\u00e9cifique.<\/span><span data-ccp-props=\"{&quot;134233117&quot;:false,&quot;134233118&quot;:false,&quot;201341983&quot;:2,&quot;335557856&quot;:16580351,&quot;335559738&quot;:375,&quot;335559739&quot;:0,&quot;335559740&quot;:360}\">\u00a0<\/span><\/p>\n<p><span data-contrast=\"none\">\u2192 En savoir plus sur\u202f<\/span><a href=\"https:\/\/www.musee-mccord-stewart.ca\/fr\/impact-de-votre-don\/\"><b><span data-contrast=\"none\">l\u2019impact des dons<\/span><\/b><\/a>.<br \/>\n<span data-contrast=\"none\">\u2192 En savoir plus sur les dons corporatifs pour les \u00e9v\u00e9nements de financement\u202f: <\/span><a href=\"https:\/\/www.musee-mccord-stewart.ca\/fr\/donner-et-simpliquer\/evenements\/grand-bal-musee\/\"><span data-contrast=\"none\">Grand bal<\/span><\/a><span data-contrast=\"none\"> et <\/span><a href=\"https:\/\/www.musee-mccord-stewart.ca\/fr\/donner-et-simpliquer\/evenements\/bal-sucre\/\"><span data-contrast=\"none\">Bal sucr\u00e9<\/span><\/a><span data-ccp-props=\"{&quot;201341983&quot;:0,&quot;335559739&quot;:160,&quot;335559740&quot;:279}\">.<\/span><\/p>\n<h2>Parlez-nous de vos projets philanthropiques<\/h2>\n<p><strong><b><span data-contrast=\"none\">Vous \u00eates une entreprise ou une fondation priv\u00e9e? <\/span><\/b><\/strong>Nous vous invitons \u00e0 discuter avec la Fondation du Mus\u00e9e de <strong><b><span data-contrast=\"none\">vos projets philanthropiques<\/span><\/b>\u00a0:<\/strong><\/p>\n<p>Am\u00e9lie Saint-Pierre, directrice g\u00e9n\u00e9rale de la Fondation<br \/>\n<a title=\"\" href=\"mailto:amelie.saint-pierre@mccord-stewart.ca\" target=\"_blank\" rel=\"noopener\">amelie.saint-pierre@mccord-stewart.ca<\/a><br \/>\n514 861-6701, poste 1302<\/p>\n","protected":false},"excerpt":{"rendered":"<p>Le Mus\u00e9e McCord Stewart remercie chaleureusement ses pr\u00e9cieux partenaires. N\u2019h\u00e9sitez plus : joignez-vous \u00e0 eux! \u00catre partenaire du Mus\u00e9e est une formidable opportunit\u00e9 de contribuer \u00e0 : Raconter l\u2019histoire de Montr\u00e9al et de son rayonnement au Canada et dans le monde, de fa\u00e7on critique et inclusive T\u00e9moigner de la vitalit\u00e9, la cr\u00e9ativit\u00e9 et la diversit\u00e9 [&hellip;]<\/p>\n","protected":false},"author":51,"featured_media":0,"parent":0,"menu_order":0,"comment_status":"closed","ping_status":"closed","template":"page-templates\/page-texte.php","meta":{"footnotes":""},"categories":[],"tags":[],"acf":[],"yoast_head":"<!-- This site is optimized with the Yoast SEO Premium plugin v20.11 (Yoast SEO v20.11) - https:\/\/yoast.com\/wordpress\/plugins\/seo\/ -->\n<title>Devenez partenaire - Mus\u00e9e McCord Stewart<\/title>\n<meta name=\"description\" content=\"\u00catre partenaire du Mus\u00e9e est une opportunit\u00e9 de contribuer \u00e0 raconter l\u2019histoire de Montr\u00e9al et de son rayonnement, de fa\u00e7on critique et inclusive.\" \/>\n<meta name=\"robots\" content=\"index, follow, max-snippet:-1, max-image-preview:large, max-video-preview:-1\" \/>\n<link rel=\"canonical\" href=\"https:\/\/www.musee-mccord-stewart.ca\/fr\/devenez-partenaire\/\" \/>\n<meta property=\"og:locale\" content=\"fr_FR\" \/>\n<meta property=\"og:type\" content=\"article\" \/>\n<meta property=\"og:title\" content=\"Devenez partenaire du Mus\u00e9e McCord Stewart\" \/>\n<meta property=\"og:description\" content=\"\u00catre partenaire du Mus\u00e9e est une opportunit\u00e9 de contribuer \u00e0 raconter l\u2019histoire de Montr\u00e9al et de son rayonnement, de fa\u00e7on critique et inclusive.\" \/>\n<meta property=\"og:url\" content=\"https:\/\/www.musee-mccord-stewart.ca\/fr\/devenez-partenaire\/\" \/>\n<meta property=\"og:site_name\" content=\"Mus\u00e9e McCord Stewart\" \/>\n<meta property=\"article:publisher\" content=\"https:\/\/www.facebook.com\/museemccordstewart\" \/>\n<meta property=\"article:modified_time\" content=\"2025-12-12T15:16:49+00:00\" \/>\n<meta property=\"og:image\" content=\"https:\/\/www.musee-mccord-stewart.ca\/app\/uploads\/2024\/06\/oumaymabentanfous_mccord-stewart_portraits-et-mode_tapis-rouge_elias-touil_lr_114_900x480.jpg\" \/>\n\t<meta property=\"og:image:width\" content=\"900\" \/>\n\t<meta property=\"og:image:height\" content=\"480\" \/>\n\t<meta property=\"og:image:type\" content=\"image\/jpeg\" \/>\n<meta name=\"twitter:card\" content=\"summary_large_image\" \/>\n<meta name=\"twitter:title\" content=\"Devenez partenaire du Mus\u00e9e McCord Stewart\" \/>\n<meta name=\"twitter:description\" content=\"\u00catre partenaire du Mus\u00e9e est une opportunit\u00e9 de contribuer \u00e0 raconter l\u2019histoire de Montr\u00e9al et de son rayonnement, de fa\u00e7on critique et inclusive.\" \/>\n<meta name=\"twitter:image\" content=\"https:\/\/www.musee-mccord-stewart.ca\/app\/uploads\/2024\/06\/oumaymabentanfous_mccord-stewart_portraits-et-mode_tapis-rouge_elias-touil_lr_114_900x480.jpg\" \/>\n<meta name=\"twitter:site\" content=\"@MuseeMcCordStew\" \/>\n<meta name=\"twitter:label1\" content=\"Dur\u00e9e de lecture estim\u00e9e\" \/>\n\t<meta name=\"twitter:data1\" content=\"3 minutes\" \/>\n<script type=\"application\/ld+json\" class=\"yoast-schema-graph\">{\"@context\":\"https:\/\/schema.org\",\"@graph\":[{\"@type\":\"WebPage\",\"@id\":\"https:\/\/www.musee-mccord-stewart.ca\/fr\/devenez-partenaire\/\",\"url\":\"https:\/\/www.musee-mccord-stewart.ca\/fr\/devenez-partenaire\/\",\"name\":\"Devenez partenaire - Mus\u00e9e McCord Stewart\",\"isPartOf\":{\"@id\":\"https:\/\/www.musee-mccord-stewart.ca\/fr\/#website\"},\"datePublished\":\"2024-06-24T10:55:29+00:00\",\"dateModified\":\"2025-12-12T15:16:49+00:00\",\"description\":\"\u00catre partenaire du Mus\u00e9e est une opportunit\u00e9 de contribuer \u00e0 raconter l\u2019histoire de Montr\u00e9al et de son rayonnement, de fa\u00e7on critique et inclusive.\",\"breadcrumb\":{\"@id\":\"https:\/\/www.musee-mccord-stewart.ca\/fr\/devenez-partenaire\/#breadcrumb\"},\"inLanguage\":\"fr-FR\",\"potentialAction\":[{\"@type\":\"ReadAction\",\"target\":[\"https:\/\/www.musee-mccord-stewart.ca\/fr\/devenez-partenaire\/\"]}]},{\"@type\":\"BreadcrumbList\",\"@id\":\"https:\/\/www.musee-mccord-stewart.ca\/fr\/devenez-partenaire\/#breadcrumb\",\"itemListElement\":[{\"@type\":\"ListItem\",\"position\":1,\"name\":\"Accueil\",\"item\":\"https:\/\/www.musee-mccord-stewart.ca\/fr\/\"},{\"@type\":\"ListItem\",\"position\":2,\"name\":\"Devenez partenaire\"}]},{\"@type\":\"WebSite\",\"@id\":\"https:\/\/www.musee-mccord-stewart.ca\/fr\/#website\",\"url\":\"https:\/\/www.musee-mccord-stewart.ca\/fr\/\",\"name\":\"Mus\u00e9e McCord Stewart\",\"description\":\"Notre monde, nos histoires\",\"publisher\":{\"@id\":\"https:\/\/www.musee-mccord-stewart.ca\/fr\/#organization\"},\"alternateName\":\"MCS\",\"potentialAction\":[{\"@type\":\"SearchAction\",\"target\":{\"@type\":\"EntryPoint\",\"urlTemplate\":\"https:\/\/www.musee-mccord-stewart.ca\/fr\/?s={search_term_string}\"},\"query-input\":\"required name=search_term_string\"}],\"inLanguage\":\"fr-FR\"},{\"@type\":\"Organization\",\"@id\":\"https:\/\/www.musee-mccord-stewart.ca\/fr\/#organization\",\"name\":\"McCord Stewart Museum\",\"alternateName\":\"MCS\",\"url\":\"https:\/\/www.musee-mccord-stewart.ca\/fr\/\",\"logo\":{\"@type\":\"ImageObject\",\"inLanguage\":\"fr-FR\",\"@id\":\"https:\/\/www.musee-mccord-stewart.ca\/fr\/#\/schema\/logo\/image\/\",\"url\":\"https:\/\/www.musee-mccord-stewart.ca\/app\/uploads\/2023\/05\/logo_museemccordstewart_horizontal_noir_slogan.svg\",\"contentUrl\":\"https:\/\/www.musee-mccord-stewart.ca\/app\/uploads\/2023\/05\/logo_museemccordstewart_horizontal_noir_slogan.svg\",\"width\":1,\"height\":1,\"caption\":\"McCord Stewart Museum\"},\"image\":{\"@id\":\"https:\/\/www.musee-mccord-stewart.ca\/fr\/#\/schema\/logo\/image\/\"},\"sameAs\":[\"https:\/\/www.facebook.com\/museemccordstewart\",\"https:\/\/twitter.com\/MuseeMcCordStew\",\"https:\/\/instagram.com\/museemccordstewart\",\"https:\/\/www.linkedin.com\/company\/museemccordstewart\/\",\"https:\/\/www.pinterest.com\/museemccordstewart\/\",\"https:\/\/www.youtube.com\/c\/MuseeMcCordStewartMuseum\"]}]}<\/script>\n<!-- \/ Yoast SEO Premium plugin. -->","yoast_head_json":{"title":"Devenez partenaire - Mus\u00e9e McCord Stewart","description":"\u00catre partenaire du Mus\u00e9e est une opportunit\u00e9 de contribuer \u00e0 raconter l\u2019histoire de Montr\u00e9al et de son rayonnement, de fa\u00e7on critique et inclusive.","robots":{"index":"index","follow":"follow","max-snippet":"max-snippet:-1","max-image-preview":"max-image-preview:large","max-video-preview":"max-video-preview:-1"},"canonical":"https:\/\/www.musee-mccord-stewart.ca\/fr\/devenez-partenaire\/","og_locale":"fr_FR","og_type":"article","og_title":"Devenez partenaire du Mus\u00e9e McCord Stewart","og_description":"\u00catre partenaire du Mus\u00e9e est une opportunit\u00e9 de contribuer \u00e0 raconter l\u2019histoire de Montr\u00e9al et de son rayonnement, de fa\u00e7on critique et inclusive.","og_url":"https:\/\/www.musee-mccord-stewart.ca\/fr\/devenez-partenaire\/","og_site_name":"Mus\u00e9e McCord Stewart","article_publisher":"https:\/\/www.facebook.com\/museemccordstewart","article_modified_time":"2025-12-12T15:16:49+00:00","og_image":[{"width":900,"height":480,"url":"https:\/\/www.musee-mccord-stewart.ca\/app\/uploads\/2024\/06\/oumaymabentanfous_mccord-stewart_portraits-et-mode_tapis-rouge_elias-touil_lr_114_900x480.jpg","type":"image\/jpeg"}],"twitter_card":"summary_large_image","twitter_title":"Devenez partenaire du Mus\u00e9e McCord Stewart","twitter_description":"\u00catre partenaire du Mus\u00e9e est une opportunit\u00e9 de contribuer \u00e0 raconter l\u2019histoire de Montr\u00e9al et de son rayonnement, de fa\u00e7on critique et inclusive.","twitter_image":"https:\/\/www.musee-mccord-stewart.ca\/app\/uploads\/2024\/06\/oumaymabentanfous_mccord-stewart_portraits-et-mode_tapis-rouge_elias-touil_lr_114_900x480.jpg","twitter_site":"@MuseeMcCordStew","twitter_misc":{"Dur\u00e9e de lecture estim\u00e9e":"3 minutes"},"schema":{"@context":"https:\/\/schema.org","@graph":[{"@type":"WebPage","@id":"https:\/\/www.musee-mccord-stewart.ca\/fr\/devenez-partenaire\/","url":"https:\/\/www.musee-mccord-stewart.ca\/fr\/devenez-partenaire\/","name":"Devenez partenaire - Mus\u00e9e McCord Stewart","isPartOf":{"@id":"https:\/\/www.musee-mccord-stewart.ca\/fr\/#website"},"datePublished":"2024-06-24T10:55:29+00:00","dateModified":"2025-12-12T15:16:49+00:00","description":"\u00catre partenaire du Mus\u00e9e est une opportunit\u00e9 de contribuer \u00e0 raconter l\u2019histoire de Montr\u00e9al et de son rayonnement, de fa\u00e7on critique et inclusive.","breadcrumb":{"@id":"https:\/\/www.musee-mccord-stewart.ca\/fr\/devenez-partenaire\/#breadcrumb"},"inLanguage":"fr-FR","potentialAction":[{"@type":"ReadAction","target":["https:\/\/www.musee-mccord-stewart.ca\/fr\/devenez-partenaire\/"]}]},{"@type":"BreadcrumbList","@id":"https:\/\/www.musee-mccord-stewart.ca\/fr\/devenez-partenaire\/#breadcrumb","itemListElement":[{"@type":"ListItem","position":1,"name":"Accueil","item":"https:\/\/www.musee-mccord-stewart.ca\/fr\/"},{"@type":"ListItem","position":2,"name":"Devenez partenaire"}]},{"@type":"WebSite","@id":"https:\/\/www.musee-mccord-stewart.ca\/fr\/#website","url":"https:\/\/www.musee-mccord-stewart.ca\/fr\/","name":"Mus\u00e9e McCord Stewart","description":"Notre monde, nos histoires","publisher":{"@id":"https:\/\/www.musee-mccord-stewart.ca\/fr\/#organization"},"alternateName":"MCS","potentialAction":[{"@type":"SearchAction","target":{"@type":"EntryPoint","urlTemplate":"https:\/\/www.musee-mccord-stewart.ca\/fr\/?s={search_term_string}"},"query-input":"required name=search_term_string"}],"inLanguage":"fr-FR"},{"@type":"Organization","@id":"https:\/\/www.musee-mccord-stewart.ca\/fr\/#organization","name":"McCord Stewart Museum","alternateName":"MCS","url":"https:\/\/www.musee-mccord-stewart.ca\/fr\/","logo":{"@type":"ImageObject","inLanguage":"fr-FR","@id":"https:\/\/www.musee-mccord-stewart.ca\/fr\/#\/schema\/logo\/image\/","url":"https:\/\/www.musee-mccord-stewart.ca\/app\/uploads\/2023\/05\/logo_museemccordstewart_horizontal_noir_slogan.svg","contentUrl":"https:\/\/www.musee-mccord-stewart.ca\/app\/uploads\/2023\/05\/logo_museemccordstewart_horizontal_noir_slogan.svg","width":1,"height":1,"caption":"McCord Stewart Museum"},"image":{"@id":"https:\/\/www.musee-mccord-stewart.ca\/fr\/#\/schema\/logo\/image\/"},"sameAs":["https:\/\/www.facebook.com\/museemccordstewart","https:\/\/twitter.com\/MuseeMcCordStew","https:\/\/instagram.com\/museemccordstewart","https:\/\/www.linkedin.com\/company\/museemccordstewart\/","https:\/\/www.pinterest.com\/museemccordstewart\/","https:\/\/www.youtube.com\/c\/MuseeMcCordStewartMuseum"]}]}},"_links":{"self":[{"href":"https:\/\/www.musee-mccord-stewart.ca\/fr\/wp-json\/wp\/v2\/pages\/47852"}],"collection":[{"href":"https:\/\/www.musee-mccord-stewart.ca\/fr\/wp-json\/wp\/v2\/pages"}],"about":[{"href":"https:\/\/www.musee-mccord-stewart.ca\/fr\/wp-json\/wp\/v2\/types\/page"}],"author":[{"embeddable":true,"href":"https:\/\/www.musee-mccord-stewart.ca\/fr\/wp-json\/wp\/v2\/users\/51"}],"replies":[{"embeddable":true,"href":"https:\/\/www.musee-mccord-stewart.ca\/fr\/wp-json\/wp\/v2\/comments?post=47852"}],"version-history":[{"count":0,"href":"https:\/\/www.musee-mccord-stewart.ca\/fr\/wp-json\/wp\/v2\/pages\/47852\/revisions"}],"wp:attachment":[{"href":"https:\/\/www.musee-mccord-stewart.ca\/fr\/wp-json\/wp\/v2\/media?parent=47852"}],"wp:term":[{"taxonomy":"category","embeddable":true,"href":"https:\/\/www.musee-mccord-stewart.ca\/fr\/wp-json\/wp\/v2\/categories?post=47852"},{"taxonomy":"post_tag","embeddable":true,"href":"https:\/\/www.musee-mccord-stewart.ca\/fr\/wp-json\/wp\/v2\/tags?post=47852"}],"curies":[{"name":"wp","href":"https:\/\/api.w.org\/{rel}","templated":true}]}}