{"id":46575,"date":"2024-01-29T16:36:23","date_gmt":"2024-01-29T21:36:23","guid":{"rendered":"https:\/\/www.musee-mccord-stewart.ca\/?page_id=46575"},"modified":"2026-02-19T14:29:18","modified_gmt":"2026-02-19T19:29:18","slug":"offre-corporative","status":"publish","type":"page","link":"https:\/\/www.musee-mccord-stewart.ca\/fr\/groupes\/offre-corporative\/","title":{"rendered":"Offre corporative"},"content":{"rendered":"<p>Engag\u00e9 dans une d\u00e9marche d\u2019\u00e9quit\u00e9, de diversit\u00e9 et d\u2019inclusion, le Mus\u00e9e McCord Stewart vous invite \u00e0 aller \u00e0 la rencontre des cultures autochtones entre coll\u00e8gues ou partenaires d\u2019affaires. <strong>Vivez une exp\u00e9rience inspirante, engageante et \u00e9ducative gr\u00e2ce \u00e0 notre nouvelle offre corporative sp\u00e9cialement con\u00e7ue pour r\u00e9pondre aux besoins des entreprises<\/strong> souhaitant sensibiliser leur personnel ou client\u00b7e\u00b7s aux r\u00e9alit\u00e9s des nations autochtones au Qu\u00e9bec.<\/p>\n<p>Vivez une exp\u00e9rience m\u00e9morable en groupe comprenant une visite guid\u00e9e priv\u00e9e de l&rsquo;exposition <strong><a title=\"\" href=\"https:\/\/www.musee-mccord-stewart.ca\/fr\/expositions\/voix-autochtones-aujourdhui\/\"><em>Voix autochtones d&rsquo;aujourd&rsquo;hui : savoir, trauma, r\u00e9silience<\/em><\/a><\/strong> suivie d\u2019un atelier participatif \u00ab Mon geste d&rsquo;alli\u00e9\u00b7e envers les nations autochtones\u00bb.<\/p>\n<p>En r\u00e9servant une visite, vous contribuez \u00e0 la mission du Mus\u00e9e. Chaque groupe corporatif accueilli permet au Mus\u00e9e d\u2019offrir gratuitement une visite guid\u00e9e \u00e0 un groupe issu d\u2019une communaut\u00e9 historiquement marginalis\u00e9e ou un organisme \u0153uvrant aupr\u00e8s de ce public.<br \/>\n<a class=\"cta\" title=\"\" href=\"https:\/\/pages.mccord.museum\/Landing---Corpo---Reserver---FR\" target=\"_blank\" rel=\"noopener\">R\u00e9server<i class=\"arrow-right-thickicon-\"><\/i><\/a><\/p>\n<h2>Au programme<\/h2>\n<ul>\n<li><strong>Visite guid\u00e9e participative<\/strong><br \/>\n<a href=\"https:\/\/www.musee-mccord-stewart.ca\/fr\/expositions\/voix-autochtones-aujourdhui\/\"><em><strong>Voix autochtones d\u2019aujourd\u2019hui : savoir, trauma, r\u00e9silience<\/strong><\/em><\/a><br \/>\nL\u2019exposition t\u00e9moigne des savoirs encore trop m\u00e9connus des peuples autochtones, des blessures profondes qu\u2019ils portent et de leur incroyable r\u00e9silience. Des biens culturels de la collection <a href=\"https:\/\/www.musee-mccord-stewart.ca\/fr\/collections\/cultures-autochtones\/\">Cultures autochtones<\/a> du Mus\u00e9e, minutieusement choisis, se conjuguent aux t\u00e9moignages forts et inspirants de membres des 11 nations autochtones du Qu\u00e9bec pour mettre en lumi\u00e8re leurs savoirs et leurs philosophies.<\/li>\n<li><strong>Atelier participatif<\/strong><br \/>\n<strong>Mon geste d&rsquo;alli\u00e9\u00b7e envers les nations autochtones<br \/>\n<\/strong>Quels gestes concrets peut-on poser dans la vie quotidienne pour agir comme un ou une alli\u00e9e envers les luttes autochtones d\u2019hier et d\u2019aujourd\u2019hui? D\u00e9velopp\u00e9 en r\u00e9ponse \u00e0 la Commission de v\u00e9rit\u00e9 et r\u00e9conciliation du Canada, cet atelier invite les personnes participantes \u00e0 prendre conscience des r\u00e9alit\u00e9s autochtones par le dialogue, ainsi que par des actions concr\u00e8tes men\u00e9es \u00e9galement par les allochtones et les non-autochtones.<\/li>\n<\/ul>\n<h2>Informations pratiques<\/h2>\n<p><span data-contrast=\"none\">L\u2019offre comprend deux activit\u00e9s anim\u00e9es par l\u2019\u00e9quipe de m\u00e9diation du Mus\u00e9e : une visite de l\u2019exposition <\/span><strong><a href=\"https:\/\/www.musee-mccord-stewart.ca\/fr\/expositions\/voix-autochtones-aujourdhui\/\"><i>Voix autochtones d\u2019aujourd\u2019hui : savoir, trauma, r\u00e9silience<\/i><\/a><\/strong><span data-contrast=\"none\"> et un atelier participatif \u00ab\u202fMon geste d\u2019alli\u00e9\u00b7e envers les nations autochtones\u202f\u00bb.\u00a0<\/span><\/p>\n<h3><b><span data-contrast=\"none\">Au Mus\u00e9e<\/span><\/b><span data-ccp-props=\"{&quot;201341983&quot;:0,&quot;335559738&quot;:75,&quot;335559739&quot;:75,&quot;335559740&quot;:300}\">\u00a0<\/span><\/h3>\n<ul>\n<li data-leveltext=\"\uf0b7\" data-font=\"Symbol\" data-listid=\"2\" data-list-defn-props=\"{&quot;335552541&quot;:1,&quot;335559684&quot;:-2,&quot;335559685&quot;:720,&quot;335559991&quot;:360,&quot;469769226&quot;:&quot;Symbol&quot;,&quot;469769242&quot;:[8226],&quot;469777803&quot;:&quot;left&quot;,&quot;469777804&quot;:&quot;\uf0b7&quot;,&quot;469777815&quot;:&quot;hybridMultilevel&quot;}\" aria-setsize=\"-1\" data-aria-posinset=\"1\" data-aria-level=\"1\"><span data-contrast=\"none\">Groupe : 15 \u00e0 60 personnes<\/span><span data-ccp-props=\"{&quot;201341983&quot;:0,&quot;335559738&quot;:75,&quot;335559739&quot;:75,&quot;335559740&quot;:300}\">\u00a0<\/span><\/li>\n<li data-leveltext=\"\uf0b7\" data-font=\"Symbol\" data-listid=\"2\" data-list-defn-props=\"{&quot;335552541&quot;:1,&quot;335559684&quot;:-2,&quot;335559685&quot;:720,&quot;335559991&quot;:360,&quot;469769226&quot;:&quot;Symbol&quot;,&quot;469769242&quot;:[8226],&quot;469777803&quot;:&quot;left&quot;,&quot;469777804&quot;:&quot;\uf0b7&quot;,&quot;469777815&quot;:&quot;hybridMultilevel&quot;}\" aria-setsize=\"-1\" data-aria-posinset=\"2\" data-aria-level=\"1\"><span data-contrast=\"none\">Dur\u00e9e : 2 h<\/span><span data-ccp-props=\"{&quot;201341983&quot;:0,&quot;335559738&quot;:75,&quot;335559739&quot;:75,&quot;335559740&quot;:300}\">\u00a0<\/span><\/li>\n<li data-leveltext=\"\uf0b7\" data-font=\"Symbol\" data-listid=\"2\" data-list-defn-props=\"{&quot;335552541&quot;:1,&quot;335559684&quot;:-2,&quot;335559685&quot;:720,&quot;335559991&quot;:360,&quot;469769226&quot;:&quot;Symbol&quot;,&quot;469769242&quot;:[8226],&quot;469777803&quot;:&quot;left&quot;,&quot;469777804&quot;:&quot;\uf0b7&quot;,&quot;469777815&quot;:&quot;hybridMultilevel&quot;}\" aria-setsize=\"-1\" data-aria-posinset=\"3\" data-aria-level=\"1\"><span data-contrast=\"none\">Acc\u00e8s \u00e0 toutes les expositions du Mus\u00e9e en visite libre<\/span><span data-ccp-props=\"{&quot;201341983&quot;:0,&quot;335559738&quot;:75,&quot;335559739&quot;:75,&quot;335559740&quot;:300}\">\u00a0<\/span><\/li>\n<li data-leveltext=\"\uf0b7\" data-font=\"Symbol\" data-listid=\"2\" data-list-defn-props=\"{&quot;335552541&quot;:1,&quot;335559684&quot;:-2,&quot;335559685&quot;:720,&quot;335559991&quot;:360,&quot;469769226&quot;:&quot;Symbol&quot;,&quot;469769242&quot;:[8226],&quot;469777803&quot;:&quot;left&quot;,&quot;469777804&quot;:&quot;\uf0b7&quot;,&quot;469777815&quot;:&quot;hybridMultilevel&quot;}\" aria-setsize=\"-1\" data-aria-posinset=\"4\" data-aria-level=\"1\"><span data-contrast=\"none\">Tarif : 30 $ par personne<\/span><span data-ccp-props=\"{&quot;201341983&quot;:0,&quot;335559738&quot;:75,&quot;335559739&quot;:75,&quot;335559740&quot;:300}\">\u00a0<\/span><\/li>\n<\/ul>\n<h3><b><span data-contrast=\"none\">En ligne<\/span><\/b><\/h3>\n<ul>\n<li data-leveltext=\"\uf0b7\" data-font=\"Symbol\" data-listid=\"2\" data-list-defn-props=\"{&quot;335552541&quot;:1,&quot;335559684&quot;:-2,&quot;335559685&quot;:720,&quot;335559991&quot;:360,&quot;469769226&quot;:&quot;Symbol&quot;,&quot;469769242&quot;:[8226],&quot;469777803&quot;:&quot;left&quot;,&quot;469777804&quot;:&quot;\uf0b7&quot;,&quot;469777815&quot;:&quot;hybridMultilevel&quot;}\" aria-setsize=\"-1\" data-aria-posinset=\"5\" data-aria-level=\"1\"><span data-contrast=\"none\">Groupe : 15 \u00e0 120 personnes<\/span><span data-ccp-props=\"{&quot;201341983&quot;:0,&quot;335559738&quot;:75,&quot;335559739&quot;:75,&quot;335559740&quot;:300}\">\u00a0<\/span><\/li>\n<li data-leveltext=\"\uf0b7\" data-font=\"Symbol\" data-listid=\"2\" data-list-defn-props=\"{&quot;335552541&quot;:1,&quot;335559684&quot;:-2,&quot;335559685&quot;:720,&quot;335559991&quot;:360,&quot;469769226&quot;:&quot;Symbol&quot;,&quot;469769242&quot;:[8226],&quot;469777803&quot;:&quot;left&quot;,&quot;469777804&quot;:&quot;\uf0b7&quot;,&quot;469777815&quot;:&quot;hybridMultilevel&quot;}\" aria-setsize=\"-1\" data-aria-posinset=\"6\" data-aria-level=\"1\"><span data-contrast=\"none\">Dur\u00e9e : 2 h<\/span><span data-ccp-props=\"{&quot;201341983&quot;:0,&quot;335559738&quot;:75,&quot;335559739&quot;:75,&quot;335559740&quot;:300}\">\u00a0<\/span><\/li>\n<li data-leveltext=\"\uf0b7\" data-font=\"Symbol\" data-listid=\"2\" data-list-defn-props=\"{&quot;335552541&quot;:1,&quot;335559684&quot;:-2,&quot;335559685&quot;:720,&quot;335559991&quot;:360,&quot;469769226&quot;:&quot;Symbol&quot;,&quot;469769242&quot;:[8226],&quot;469777803&quot;:&quot;left&quot;,&quot;469777804&quot;:&quot;\uf0b7&quot;,&quot;469777815&quot;:&quot;hybridMultilevel&quot;}\" aria-setsize=\"-1\" data-aria-posinset=\"6\" data-aria-level=\"1\"><span data-contrast=\"none\">Tarif : 400 $<\/span><\/li>\n<\/ul>\n<h2>T\u00e9moignages<\/h2>\n<p>\u00ab La visite \u00e9tait fort int\u00e9ressante. L&rsquo;\u00e9quipe a bien appr\u00e9ci\u00e9. C\u2019\u00e9tait une belle rencontre \u00e0 la fois avec l&rsquo;exposition mais aussi entre coll\u00e8gues dans un contexte diff\u00e9rent, tr\u00e8s inspirant, qui amenait de belles r\u00e9flexions. Une tr\u00e8s belle activit\u00e9 de consolidation d\u2019\u00e9quipe (team building). Les contenus et les installations \u00e9taient tr\u00e8s bien, en plus de l&rsquo;animation qui \u00e9tait tr\u00e8s instructive. De notre c\u00f4t\u00e9, c&rsquo;est certainement une activit\u00e9 d&rsquo;\u00e9quipe \u00e0 refaire. \u00bb<\/p>\n<p style=\"text-align: right;\"><strong>Danick, Jungle Media<\/strong><\/p>\n<p>\u00ab SAP Canada a demand\u00e9 au Mus\u00e9e McCord Stewart de pr\u00e9senter virtuellement aux membres de son personnel l\u2019exposition Voix autochtones d\u2019aujourd\u2019hui : savoir, trauma, r\u00e9silience. Les s\u00e9ances ont \u00e9t\u00e9 un grand succ\u00e8s; tout le monde les a ador\u00e9es. Le personnel du mus\u00e9e est tr\u00e8s amical et professionnel. Je recommande cette activit\u00e9 \u00e0 toutes les personnes qui veulent en savoir plus sur la culture et l&rsquo;histoire des peuples autochtones au Canada ainsi que sur la fa\u00e7on de devenir un alli\u00e9. \u00bb<\/p>\n<p style=\"text-align: right;\"><strong>Zahi, SAP Canada<\/strong><\/p>\n<h2>R\u00e9servez aujourd&rsquo;hui!<\/h2>\n<p>Les places \u00e9tant limit\u00e9es, assurez-vous de r\u00e9server <strong>au moins 3 semaines avant votre \u00e9v\u00e9nement<\/strong>. Pour r\u00e9server, veuillez compl\u00e9ter <a title=\"\" href=\"https:\/\/pages.mccord.museum\/reservation-groupe\" target=\"_blank\" rel=\"noopener\">ce formulaire<\/a>. Notre personnel communiquera avec vous afin d\u2019offrir \u00e0 votre \u00e9quipe ou vos client\u00b7e\u00b7s une journ\u00e9e des plus inspirantes!<br \/>\n<a class=\"cta\" title=\"\" href=\"https:\/\/pages.mccord.museum\/Landing---Corpo---Reserver---FR\" target=\"_blank\" rel=\"noopener\">R\u00e9server<i class=\"arrow-right-thickicon-\"><\/i><\/a><\/p>\n<ul class=\"sliderTiny\">\n<li>\n<img decoding=\"async\" src=\"https:\/\/www.musee-mccord-stewart.ca\/app\/uploads\/2024\/01\/mccord-stewart_groupe_offre-corporative_1200x800-6.jpg\" alt=\"\" title=\"\" \/>\n<\/li>\n<li>\n<img decoding=\"async\" src=\"https:\/\/www.musee-mccord-stewart.ca\/app\/uploads\/2024\/01\/mccord-stewart_groupe_offre-corporative_1200x800-5.jpg\" alt=\"\" title=\"\" \/>\n<\/li>\n<li>\n<img decoding=\"async\" src=\"https:\/\/www.musee-mccord-stewart.ca\/app\/uploads\/2024\/01\/mccord-stewart_groupe_offre-corporative_1200x800-4.jpg\" alt=\"\" title=\"\" \/>\n<\/li>\n<li>\n<img decoding=\"async\" src=\"https:\/\/www.musee-mccord-stewart.ca\/app\/uploads\/2024\/01\/mccord-stewart_groupe_offre-corporative_1200x800-3.jpg\" alt=\"\" title=\"\" \/>\n<\/li>\n<li>\n<img decoding=\"async\" src=\"https:\/\/www.musee-mccord-stewart.ca\/app\/uploads\/2024\/01\/mccord-stewart_groupe_offre-corporative_1200x800-2.jpg\" alt=\"\" title=\"\" \/>\n<\/li>\n<li>\n<img decoding=\"async\" src=\"https:\/\/www.musee-mccord-stewart.ca\/app\/uploads\/2024\/01\/mccord-stewart_groupe_offre-corporative_1200x800-1.jpg\" alt=\"\" title=\"\" \/>\n<\/li>\n<\/ul>\n\n","protected":false},"excerpt":{"rendered":"<p>Engag\u00e9 dans une d\u00e9marche d\u2019\u00e9quit\u00e9, de diversit\u00e9 et d\u2019inclusion, le Mus\u00e9e McCord Stewart vous invite \u00e0 aller \u00e0 la rencontre des cultures autochtones entre coll\u00e8gues ou partenaires d\u2019affaires. Vivez une exp\u00e9rience inspirante, engageante et \u00e9ducative gr\u00e2ce \u00e0 notre nouvelle offre corporative sp\u00e9cialement con\u00e7ue pour r\u00e9pondre aux besoins des entreprises souhaitant sensibiliser leur personnel ou client\u00b7e\u00b7s [&hellip;]<\/p>\n","protected":false},"author":51,"featured_media":0,"parent":23232,"menu_order":0,"comment_status":"closed","ping_status":"closed","template":"page-templates\/page-texte.php","meta":{"footnotes":""},"categories":[],"tags":[],"acf":[],"yoast_head":"<!-- This site is optimized with the Yoast SEO Premium plugin v20.11 (Yoast SEO v20.11) - https:\/\/yoast.com\/wordpress\/plugins\/seo\/ -->\n<title>Offre corporative - Mus\u00e9e McCord Stewart<\/title>\n<meta name=\"description\" content=\"Allez \u00e0 la rencontre des cultures autochtones entre coll\u00e8gues ou partenaires d\u2019affaires. Vivez une exp\u00e9rience inspirante gr\u00e2ce \u00e0 notre offre corporative.\" \/>\n<meta name=\"robots\" content=\"index, follow, max-snippet:-1, max-image-preview:large, max-video-preview:-1\" \/>\n<link rel=\"canonical\" href=\"https:\/\/www.musee-mccord-stewart.ca\/fr\/groupes\/offre-corporative\/\" \/>\n<meta property=\"og:locale\" content=\"fr_FR\" \/>\n<meta property=\"og:type\" content=\"article\" \/>\n<meta property=\"og:title\" content=\"Offre corporative\" \/>\n<meta property=\"og:description\" content=\"Allez \u00e0 la rencontre des cultures autochtones entre coll\u00e8gues ou partenaires d\u2019affaires. Vivez une exp\u00e9rience inspirante gr\u00e2ce \u00e0 notre offre corporative.\" \/>\n<meta property=\"og:url\" content=\"https:\/\/www.musee-mccord-stewart.ca\/fr\/groupes\/offre-corporative\/\" \/>\n<meta property=\"og:site_name\" content=\"Mus\u00e9e McCord Stewart\" \/>\n<meta property=\"article:publisher\" content=\"https:\/\/www.facebook.com\/museemccordstewart\" \/>\n<meta property=\"article:modified_time\" content=\"2026-02-19T19:29:18+00:00\" \/>\n<meta property=\"og:image\" content=\"https:\/\/www.musee-mccord-stewart.ca\/app\/uploads\/2024\/01\/mccord-stewart_groupe_offre-corporative_800x520.jpg\" \/>\n\t<meta property=\"og:image:width\" content=\"800\" \/>\n\t<meta property=\"og:image:height\" content=\"520\" \/>\n\t<meta property=\"og:image:type\" content=\"image\/jpeg\" \/>\n<meta name=\"twitter:card\" content=\"summary_large_image\" \/>\n<meta name=\"twitter:description\" content=\"Allez \u00e0 la rencontre des cultures autochtones entre coll\u00e8gues ou partenaires d\u2019affaires. Vivez une exp\u00e9rience inspirante gr\u00e2ce \u00e0 notre offre corporative.\" \/>\n<meta name=\"twitter:site\" content=\"@MuseeMcCordStew\" \/>\n<meta name=\"twitter:label1\" content=\"Dur\u00e9e de lecture estim\u00e9e\" \/>\n\t<meta name=\"twitter:data1\" content=\"3 minutes\" \/>\n<script type=\"application\/ld+json\" class=\"yoast-schema-graph\">{\"@context\":\"https:\/\/schema.org\",\"@graph\":[{\"@type\":\"WebPage\",\"@id\":\"https:\/\/www.musee-mccord-stewart.ca\/fr\/groupes\/offre-corporative\/\",\"url\":\"https:\/\/www.musee-mccord-stewart.ca\/fr\/groupes\/offre-corporative\/\",\"name\":\"Offre corporative - Mus\u00e9e McCord Stewart\",\"isPartOf\":{\"@id\":\"https:\/\/www.musee-mccord-stewart.ca\/fr\/#website\"},\"datePublished\":\"2024-01-29T21:36:23+00:00\",\"dateModified\":\"2026-02-19T19:29:18+00:00\",\"description\":\"Allez \u00e0 la rencontre des cultures autochtones entre coll\u00e8gues ou partenaires d\u2019affaires. Vivez une exp\u00e9rience inspirante gr\u00e2ce \u00e0 notre offre corporative.\",\"breadcrumb\":{\"@id\":\"https:\/\/www.musee-mccord-stewart.ca\/fr\/groupes\/offre-corporative\/#breadcrumb\"},\"inLanguage\":\"fr-FR\",\"potentialAction\":[{\"@type\":\"ReadAction\",\"target\":[\"https:\/\/www.musee-mccord-stewart.ca\/fr\/groupes\/offre-corporative\/\"]}]},{\"@type\":\"BreadcrumbList\",\"@id\":\"https:\/\/www.musee-mccord-stewart.ca\/fr\/groupes\/offre-corporative\/#breadcrumb\",\"itemListElement\":[{\"@type\":\"ListItem\",\"position\":1,\"name\":\"Accueil\",\"item\":\"https:\/\/www.musee-mccord-stewart.ca\/fr\/\"},{\"@type\":\"ListItem\",\"position\":2,\"name\":\"Groupes\",\"item\":\"https:\/\/www.musee-mccord-stewart.ca\/fr\/groupes\/\"},{\"@type\":\"ListItem\",\"position\":3,\"name\":\"Offre corporative\"}]},{\"@type\":\"WebSite\",\"@id\":\"https:\/\/www.musee-mccord-stewart.ca\/fr\/#website\",\"url\":\"https:\/\/www.musee-mccord-stewart.ca\/fr\/\",\"name\":\"Mus\u00e9e McCord Stewart\",\"description\":\"Notre monde, nos histoires\",\"publisher\":{\"@id\":\"https:\/\/www.musee-mccord-stewart.ca\/fr\/#organization\"},\"alternateName\":\"MCS\",\"potentialAction\":[{\"@type\":\"SearchAction\",\"target\":{\"@type\":\"EntryPoint\",\"urlTemplate\":\"https:\/\/www.musee-mccord-stewart.ca\/fr\/?s={search_term_string}\"},\"query-input\":\"required name=search_term_string\"}],\"inLanguage\":\"fr-FR\"},{\"@type\":\"Organization\",\"@id\":\"https:\/\/www.musee-mccord-stewart.ca\/fr\/#organization\",\"name\":\"McCord Stewart Museum\",\"alternateName\":\"MCS\",\"url\":\"https:\/\/www.musee-mccord-stewart.ca\/fr\/\",\"logo\":{\"@type\":\"ImageObject\",\"inLanguage\":\"fr-FR\",\"@id\":\"https:\/\/www.musee-mccord-stewart.ca\/fr\/#\/schema\/logo\/image\/\",\"url\":\"https:\/\/www.musee-mccord-stewart.ca\/app\/uploads\/2023\/05\/logo_museemccordstewart_horizontal_noir_slogan.svg\",\"contentUrl\":\"https:\/\/www.musee-mccord-stewart.ca\/app\/uploads\/2023\/05\/logo_museemccordstewart_horizontal_noir_slogan.svg\",\"width\":1,\"height\":1,\"caption\":\"McCord Stewart Museum\"},\"image\":{\"@id\":\"https:\/\/www.musee-mccord-stewart.ca\/fr\/#\/schema\/logo\/image\/\"},\"sameAs\":[\"https:\/\/www.facebook.com\/museemccordstewart\",\"https:\/\/twitter.com\/MuseeMcCordStew\",\"https:\/\/instagram.com\/museemccordstewart\",\"https:\/\/www.linkedin.com\/company\/museemccordstewart\/\",\"https:\/\/www.pinterest.com\/museemccordstewart\/\",\"https:\/\/www.youtube.com\/c\/MuseeMcCordStewartMuseum\"]}]}<\/script>\n<!-- \/ Yoast SEO Premium plugin. -->","yoast_head_json":{"title":"Offre corporative - Mus\u00e9e McCord Stewart","description":"Allez \u00e0 la rencontre des cultures autochtones entre coll\u00e8gues ou partenaires d\u2019affaires. Vivez une exp\u00e9rience inspirante gr\u00e2ce \u00e0 notre offre corporative.","robots":{"index":"index","follow":"follow","max-snippet":"max-snippet:-1","max-image-preview":"max-image-preview:large","max-video-preview":"max-video-preview:-1"},"canonical":"https:\/\/www.musee-mccord-stewart.ca\/fr\/groupes\/offre-corporative\/","og_locale":"fr_FR","og_type":"article","og_title":"Offre corporative","og_description":"Allez \u00e0 la rencontre des cultures autochtones entre coll\u00e8gues ou partenaires d\u2019affaires. Vivez une exp\u00e9rience inspirante gr\u00e2ce \u00e0 notre offre corporative.","og_url":"https:\/\/www.musee-mccord-stewart.ca\/fr\/groupes\/offre-corporative\/","og_site_name":"Mus\u00e9e McCord Stewart","article_publisher":"https:\/\/www.facebook.com\/museemccordstewart","article_modified_time":"2026-02-19T19:29:18+00:00","og_image":[{"width":800,"height":520,"url":"https:\/\/www.musee-mccord-stewart.ca\/app\/uploads\/2024\/01\/mccord-stewart_groupe_offre-corporative_800x520.jpg","type":"image\/jpeg"}],"twitter_card":"summary_large_image","twitter_description":"Allez \u00e0 la rencontre des cultures autochtones entre coll\u00e8gues ou partenaires d\u2019affaires. Vivez une exp\u00e9rience inspirante gr\u00e2ce \u00e0 notre offre corporative.","twitter_site":"@MuseeMcCordStew","twitter_misc":{"Dur\u00e9e de lecture estim\u00e9e":"3 minutes"},"schema":{"@context":"https:\/\/schema.org","@graph":[{"@type":"WebPage","@id":"https:\/\/www.musee-mccord-stewart.ca\/fr\/groupes\/offre-corporative\/","url":"https:\/\/www.musee-mccord-stewart.ca\/fr\/groupes\/offre-corporative\/","name":"Offre corporative - Mus\u00e9e McCord Stewart","isPartOf":{"@id":"https:\/\/www.musee-mccord-stewart.ca\/fr\/#website"},"datePublished":"2024-01-29T21:36:23+00:00","dateModified":"2026-02-19T19:29:18+00:00","description":"Allez \u00e0 la rencontre des cultures autochtones entre coll\u00e8gues ou partenaires d\u2019affaires. Vivez une exp\u00e9rience inspirante gr\u00e2ce \u00e0 notre offre corporative.","breadcrumb":{"@id":"https:\/\/www.musee-mccord-stewart.ca\/fr\/groupes\/offre-corporative\/#breadcrumb"},"inLanguage":"fr-FR","potentialAction":[{"@type":"ReadAction","target":["https:\/\/www.musee-mccord-stewart.ca\/fr\/groupes\/offre-corporative\/"]}]},{"@type":"BreadcrumbList","@id":"https:\/\/www.musee-mccord-stewart.ca\/fr\/groupes\/offre-corporative\/#breadcrumb","itemListElement":[{"@type":"ListItem","position":1,"name":"Accueil","item":"https:\/\/www.musee-mccord-stewart.ca\/fr\/"},{"@type":"ListItem","position":2,"name":"Groupes","item":"https:\/\/www.musee-mccord-stewart.ca\/fr\/groupes\/"},{"@type":"ListItem","position":3,"name":"Offre corporative"}]},{"@type":"WebSite","@id":"https:\/\/www.musee-mccord-stewart.ca\/fr\/#website","url":"https:\/\/www.musee-mccord-stewart.ca\/fr\/","name":"Mus\u00e9e McCord Stewart","description":"Notre monde, nos histoires","publisher":{"@id":"https:\/\/www.musee-mccord-stewart.ca\/fr\/#organization"},"alternateName":"MCS","potentialAction":[{"@type":"SearchAction","target":{"@type":"EntryPoint","urlTemplate":"https:\/\/www.musee-mccord-stewart.ca\/fr\/?s={search_term_string}"},"query-input":"required name=search_term_string"}],"inLanguage":"fr-FR"},{"@type":"Organization","@id":"https:\/\/www.musee-mccord-stewart.ca\/fr\/#organization","name":"McCord Stewart Museum","alternateName":"MCS","url":"https:\/\/www.musee-mccord-stewart.ca\/fr\/","logo":{"@type":"ImageObject","inLanguage":"fr-FR","@id":"https:\/\/www.musee-mccord-stewart.ca\/fr\/#\/schema\/logo\/image\/","url":"https:\/\/www.musee-mccord-stewart.ca\/app\/uploads\/2023\/05\/logo_museemccordstewart_horizontal_noir_slogan.svg","contentUrl":"https:\/\/www.musee-mccord-stewart.ca\/app\/uploads\/2023\/05\/logo_museemccordstewart_horizontal_noir_slogan.svg","width":1,"height":1,"caption":"McCord Stewart Museum"},"image":{"@id":"https:\/\/www.musee-mccord-stewart.ca\/fr\/#\/schema\/logo\/image\/"},"sameAs":["https:\/\/www.facebook.com\/museemccordstewart","https:\/\/twitter.com\/MuseeMcCordStew","https:\/\/instagram.com\/museemccordstewart","https:\/\/www.linkedin.com\/company\/museemccordstewart\/","https:\/\/www.pinterest.com\/museemccordstewart\/","https:\/\/www.youtube.com\/c\/MuseeMcCordStewartMuseum"]}]}},"_links":{"self":[{"href":"https:\/\/www.musee-mccord-stewart.ca\/fr\/wp-json\/wp\/v2\/pages\/46575"}],"collection":[{"href":"https:\/\/www.musee-mccord-stewart.ca\/fr\/wp-json\/wp\/v2\/pages"}],"about":[{"href":"https:\/\/www.musee-mccord-stewart.ca\/fr\/wp-json\/wp\/v2\/types\/page"}],"author":[{"embeddable":true,"href":"https:\/\/www.musee-mccord-stewart.ca\/fr\/wp-json\/wp\/v2\/users\/51"}],"replies":[{"embeddable":true,"href":"https:\/\/www.musee-mccord-stewart.ca\/fr\/wp-json\/wp\/v2\/comments?post=46575"}],"version-history":[{"count":0,"href":"https:\/\/www.musee-mccord-stewart.ca\/fr\/wp-json\/wp\/v2\/pages\/46575\/revisions"}],"up":[{"embeddable":true,"href":"https:\/\/www.musee-mccord-stewart.ca\/fr\/wp-json\/wp\/v2\/pages\/23232"}],"wp:attachment":[{"href":"https:\/\/www.musee-mccord-stewart.ca\/fr\/wp-json\/wp\/v2\/media?parent=46575"}],"wp:term":[{"taxonomy":"category","embeddable":true,"href":"https:\/\/www.musee-mccord-stewart.ca\/fr\/wp-json\/wp\/v2\/categories?post=46575"},{"taxonomy":"post_tag","embeddable":true,"href":"https:\/\/www.musee-mccord-stewart.ca\/fr\/wp-json\/wp\/v2\/tags?post=46575"}],"curies":[{"name":"wp","href":"https:\/\/api.w.org\/{rel}","templated":true}]}}