{"id":44825,"date":"2023-07-12T07:00:42","date_gmt":"2023-07-12T11:00:42","guid":{"rendered":"https:\/\/www.musee-mccord-stewart.ca\/?page_id=44825"},"modified":"2023-08-23T11:43:50","modified_gmt":"2023-08-23T15:43:50","slug":"concours-coup-coeur-hochelaga","status":"publish","type":"page","link":"https:\/\/www.musee-mccord-stewart.ca\/fr\/concours-coup-coeur-hochelaga\/","title":{"rendered":"Concours <i>Mon coup de c\u0153ur d\u2019Hochelaga<\/i>"},"content":{"rendered":"<p><strong>Ce concours est termin\u00e9, merci aux participant\u00b7e\u00b7s!<\/strong><\/p>\n<p>Cet \u00e9t\u00e9, le Mus\u00e9e vous invite \u00e0 participer \u00e0 un concours dans le cadre de l\u2019exposition <a title=\"\" href=\"https:\/\/www.musee-mccord-stewart.ca\/fr\/expositions\/hochelaga-maisonneuve-montreal-mutation\/\" target=\"_blank\" rel=\"noopener\"><em>Hochelaga \u2013 Montr\u00e9al en mutation<\/em><\/a>.\u00a0<strong>Prenez-vous en photo dans votre lieu favori d\u2019Hochelaga et dites-nous pourquoi vous l\u2019aimez autant!<\/strong> Pour participer, publiez votre photo sur Instagram en incluant <a href=\"https:\/\/www.instagram.com\/explore\/tags\/monhochelaga\/\" target=\"_blank\" rel=\"noopener\">#MonHochelaga<\/a>\u00a0<a href=\"https:\/\/www.instagram.com\/museemccordstewart\/\" target=\"_blank\" rel=\"noopener\">@museemccordstewart<\/a>\u00a0et soumettez-l\u00e0 via notre\u00a0formulaire en ligne!<\/p>\n<p>Les po\u00e8mes et anecdotes color\u00e9es sont les bienvenus. <strong>\u00c0 vos <em>selfies<\/em>!<\/strong><\/p>\n<h2>Bravo aux gagnant<strong>\u00b7e\u00b7<\/strong>s!<\/h2>\n<ul class=\"sliderTiny\">\n<li>\n<img decoding=\"async\" src=\"https:\/\/www.musee-mccord-stewart.ca\/app\/uploads\/2023\/08\/coup-de-coeur-du-public_dji_0328-martin-reisch_800px-1.png\" alt=\"\u00a9 Martin Reisch, @safesolvent - March\u00e9 Maisonneuve \" title=\"\u00a9 Martin Reisch, @safesolvent - March\u00e9 Maisonneuve \" \/>\n<\/li>\n<li>\n<img decoding=\"async\" src=\"https:\/\/www.musee-mccord-stewart.ca\/app\/uploads\/2023\/08\/coup-de-coeur-joannie-lafreniere-horizons-collectif_1200x793px-1.png\" alt=\"\u00a9 Lou Amsellem et Ad\u00e8le Ross, @horizonscollectif- Murale sur la rue Ontario \u00e0 c\u00f4t\u00e9 du m\u00e9tro Frontenac\" title=\"\u00a9 Lou Amsellem et Ad\u00e8le Ross, @horizonscollectif- Murale sur la rue Ontario \u00e0 c\u00f4t\u00e9 du m\u00e9tro Frontenac\" \/>\n<\/li>\n<\/ul>\n\n<h2>Prix \u00e0 gagner<\/h2>\n<p>Les <strong>2 t\u00e9moignages qui auront gagn\u00e9 le c\u0153ur de Joannie Lafreni\u00e8re et celui du public<\/strong> remporteront <strong>une rencontre avec l\u2019artiste autour d\u2019un repas dans un resto du quartier<\/strong>. Une <strong>foule d\u2019autres prix sont \u00e0 gagner<\/strong> tels que le livre signature de l\u2019exposition <a title=\"\" href=\"https:\/\/www.musee-mccord-stewart.ca\/fr\/expositions\/hochelaga-maisonneuve-montreal-mutation\/\" target=\"_blank\" rel=\"noopener\"><em>Hochelaga \u2013 Montr\u00e9al en mutation<\/em><\/a>, des abonnements annuels au Mus\u00e9e McCord Stewart et des certificats-cadeaux dans des commerces d\u2019Hochelaga!<\/p>\n<h3>Prix Coup de c\u0153ur de Joannie Lafreni\u00e8re<\/h3>\n<ul>\n<li>Un <strong>repas au <a title=\"\" href=\"https:\/\/chicrestopop.com\/\" target=\"_blank\" rel=\"noopener\">Chic Resto Pop<\/a> avec l\u2019artiste Joannie Lafreni\u00e8re<\/strong>, en compagnie du ou de la gagnant\u2219e du <em>Coup de c\u0153ur du public Instagram<\/em><\/li>\n<li>Un <strong>abonnement annuel Membre +1<\/strong> pour profiter d&rsquo;un acc\u00e8s illimit\u00e9 au Mus\u00e9e pendant un an avec votre +1.<\/li>\n<li>Un ch\u00e8que-cadeau \u00e0 la <a title=\"\" href=\"https:\/\/hochelaga.ca\/commerces\/commerce\/librairie-le-renard-perche\/\" target=\"_blank\" rel=\"noopener\">Librairie le Renard Perch\u00e9<\/a><\/li>\n<li>Un ch\u00e8que-cadeau \u00e0<a title=\"\" href=\"https:\/\/www.facebook.com\/orleansepicerie\/map\" target=\"_blank\" rel=\"noopener\"> Orl\u00e9ans \u2013 \u00c9picerie de quartier<\/a><\/li>\n<li>Le livre <em>HOCHELAGA \u2013 MONTR\u00c9AL EN MUTATION<\/em><\/li>\n<\/ul>\n<h3>Prix Coup de c\u0153ur du public Instagram<\/h3>\n<ul>\n<li>Un repas au <a title=\"\" href=\"https:\/\/chicrestopop.com\/\" target=\"_blank\" rel=\"noopener\">Chic Resto Pop<\/a> avec l\u2019artiste Joannie Lafreni\u00e8re, en compagnie du ou de la gagnant\u2219e du <em>Coup de c\u0153ur de Joannie Lafreni\u00e8re<\/em><\/li>\n<li>Un abonnement annuel Membre +1 pour profiter d&rsquo;un acc\u00e8s illimit\u00e9 au Mus\u00e9e pendant un an avec votre +1.<\/li>\n<li>Un ch\u00e8que-cadeau \u00e0 la <a title=\"\" href=\"https:\/\/hochelaga.ca\/commerces\/commerce\/librairie-le-renard-perche\/\" target=\"_blank\" rel=\"noopener\">Librairie le Renard Perch\u00e9<\/a><\/li>\n<li>Un ch\u00e8que-cadeau \u00e0 <a title=\"\" href=\"https:\/\/www.facebook.com\/orleansepicerie\/map\" target=\"_blank\" rel=\"noopener\">Orl\u00e9ans \u2013 \u00c9picerie de quartier<\/a><\/li>\n<li>Le livre <em>HOCHELAGA \u2013 MONTR\u00c9AL EN MUTATION<\/em><\/li>\n<\/ul>\n<p><a class=\"download\" title=\"\" href=\"https:\/\/www.musee-mccord-stewart.ca\/app\/uploads\/2023\/07\/concours_hochelaga_reglements_fr_final.pdf\" target=\"_blank\" rel=\"noopener\">Consulter les r\u00e8glements du concours (PDF)<\/a><\/p>\n<h2>Inspirez-vous des photographies pr\u00e9sent\u00e9es dans l&rsquo;exposition<\/h2>\n<ul class=\"sliderTiny\">\n<li>\n<img decoding=\"async\" src=\"https:\/\/www.musee-mccord-stewart.ca\/app\/uploads\/2023\/03\/mccord-stewart_exposition_hochelaga_joannie-lafreniere_800x800.jpg\" alt=\"Joannie Lafreni\u00e8re, &lt;i&gt;Autumn Load, De Rouen Street, Montreal&lt;\/i&gt;, QC, 2010\" title=\"Joannie Lafreni\u00e8re, &lt;i&gt;Autumn Load, De Rouen Street, Montreal&lt;\/i&gt;, QC, 2010\" \/>\n<\/li>\n<li>\n<img decoding=\"async\" src=\"https:\/\/www.musee-mccord-stewart.ca\/app\/uploads\/2022\/07\/mccord-stewart_exposition_hochelaga_joannie-lafreniere_800-1-1.jpg\" alt=\"Joannie Lafreni\u00e8re, &lt;i&gt;D\u00e9panneur B\u00e9cotte, Cuvillier Street, Montreal&lt;\/i&gt;, QC, 2020\" title=\"Joannie Lafreni\u00e8re, &lt;i&gt;D\u00e9panneur B\u00e9cotte, Cuvillier Street, Montreal&lt;\/i&gt;, QC, 2020\" \/>\n<\/li>\n<li>\n<img decoding=\"async\" src=\"https:\/\/www.musee-mccord-stewart.ca\/app\/uploads\/2022\/07\/mccord-stewart_exposition_hochelaga_joannie-lafreniere_800-2-1200x800.jpg\" alt=\"Joannie Lafreni\u00e8re, &lt;i&gt;Michel Contant, salon Michel, rue Lafontaine, Montr\u00e9al&lt;\/i&gt;, QC, 2022\" title=\"Joannie Lafreni\u00e8re, &lt;i&gt;Michel Contant, salon Michel, rue Lafontaine, Montr\u00e9al&lt;\/i&gt;, QC, 2022\" \/>\n<\/li>\n<li>\n<img decoding=\"async\" src=\"https:\/\/www.musee-mccord-stewart.ca\/app\/uploads\/2022\/07\/mccord-stewart_exposition_hochelaga_joannie-lafreniere_800-5-1200x800.jpg\" alt=\"Joannie Lafreni\u00e8re, &lt;i&gt;Garage Gauthier Adam Street, Montreal&lt;\/i&gt;, QC, 2020\" title=\"Joannie Lafreni\u00e8re, &lt;i&gt;Garage Gauthier Adam Street, Montreal&lt;\/i&gt;, QC, 2020\" \/>\n<\/li>\n<\/ul>\n\n","protected":false},"excerpt":{"rendered":"<p>Ce concours est termin\u00e9, merci aux participant\u00b7e\u00b7s! Cet \u00e9t\u00e9, le Mus\u00e9e vous invite \u00e0 participer \u00e0 un concours dans le cadre de l\u2019exposition Hochelaga \u2013 Montr\u00e9al en mutation.\u00a0Prenez-vous en photo dans votre lieu favori d\u2019Hochelaga et dites-nous pourquoi vous l\u2019aimez autant! Pour participer, publiez votre photo sur Instagram en incluant #MonHochelaga\u00a0@museemccordstewart\u00a0et soumettez-l\u00e0 via notre\u00a0formulaire en [&hellip;]<\/p>\n","protected":false},"author":51,"featured_media":0,"parent":0,"menu_order":0,"comment_status":"closed","ping_status":"closed","template":"page-templates\/page-texte.php","meta":{"footnotes":""},"categories":[36],"tags":[],"acf":[],"yoast_head":"<!-- This site is optimized with the Yoast SEO Premium plugin v20.11 (Yoast SEO v20.11) - https:\/\/yoast.com\/wordpress\/plugins\/seo\/ -->\n<title>Concours Mon coup de c\u0153ur d\u2019Hochelaga - Mus\u00e9e McCord Stewart<\/title>\n<meta name=\"description\" content=\"\u00c0 vos selfies! Cet \u00e9t\u00e9, le Mus\u00e9e vous invite \u00e0 participer \u00e0 un concours dans le cadre de l\u2019exposition Hochelaga \u2013 Montr\u00e9al en mutation.\" \/>\n<meta name=\"robots\" content=\"index, follow, max-snippet:-1, max-image-preview:large, max-video-preview:-1\" \/>\n<link rel=\"canonical\" href=\"https:\/\/www.musee-mccord-stewart.ca\/fr\/concours-coup-coeur-hochelaga\/\" \/>\n<meta property=\"og:locale\" content=\"fr_FR\" \/>\n<meta property=\"og:type\" content=\"article\" \/>\n<meta property=\"og:title\" content=\"Concours Mon coup de c\u0153ur d\u2019Hochelaga\" \/>\n<meta property=\"og:description\" content=\"Prenez-vous en photo dans votre lieu favori d\u2019Hochelaga et dites-nous pourquoi vous l\u2019aimer autant!\" \/>\n<meta property=\"og:url\" content=\"https:\/\/www.musee-mccord-stewart.ca\/fr\/concours-coup-coeur-hochelaga\/\" \/>\n<meta property=\"og:site_name\" content=\"Mus\u00e9e McCord Stewart\" \/>\n<meta property=\"article:publisher\" content=\"https:\/\/www.facebook.com\/museemccordstewart\" \/>\n<meta property=\"article:modified_time\" content=\"2023-08-23T15:43:50+00:00\" \/>\n<meta property=\"og:image\" content=\"https:\/\/www.musee-mccord-stewart.ca\/app\/uploads\/2023\/03\/mccord-stewart_activites_visite-quartier-hochelaga_joannie-lafreniere_800x520.jpg\" \/>\n\t<meta property=\"og:image:width\" content=\"800\" \/>\n\t<meta property=\"og:image:height\" content=\"520\" \/>\n\t<meta property=\"og:image:type\" content=\"image\/jpeg\" \/>\n<meta name=\"twitter:card\" content=\"summary_large_image\" \/>\n<meta name=\"twitter:description\" content=\"\u00c0 vos selfies! Cet \u00e9t\u00e9, le Mus\u00e9e vous invite \u00e0 participer \u00e0 un concours dans le cadre de l\u2019exposition Hochelaga \u2013 Montr\u00e9al en mutation.\" \/>\n<meta name=\"twitter:site\" content=\"@MuseeMcCordStew\" \/>\n<meta name=\"twitter:label1\" content=\"Dur\u00e9e de lecture estim\u00e9e\" \/>\n\t<meta name=\"twitter:data1\" content=\"2 minutes\" \/>\n<script type=\"application\/ld+json\" class=\"yoast-schema-graph\">{\"@context\":\"https:\/\/schema.org\",\"@graph\":[{\"@type\":\"WebPage\",\"@id\":\"https:\/\/www.musee-mccord-stewart.ca\/fr\/concours-coup-coeur-hochelaga\/\",\"url\":\"https:\/\/www.musee-mccord-stewart.ca\/fr\/concours-coup-coeur-hochelaga\/\",\"name\":\"Concours Mon coup de c\u0153ur d\u2019Hochelaga - Mus\u00e9e McCord Stewart\",\"isPartOf\":{\"@id\":\"https:\/\/www.musee-mccord-stewart.ca\/fr\/#website\"},\"datePublished\":\"2023-07-12T11:00:42+00:00\",\"dateModified\":\"2023-08-23T15:43:50+00:00\",\"description\":\"\u00c0 vos selfies! Cet \u00e9t\u00e9, le Mus\u00e9e vous invite \u00e0 participer \u00e0 un concours dans le cadre de l\u2019exposition Hochelaga \u2013 Montr\u00e9al en mutation.\",\"breadcrumb\":{\"@id\":\"https:\/\/www.musee-mccord-stewart.ca\/fr\/concours-coup-coeur-hochelaga\/#breadcrumb\"},\"inLanguage\":\"fr-FR\",\"potentialAction\":[{\"@type\":\"ReadAction\",\"target\":[\"https:\/\/www.musee-mccord-stewart.ca\/fr\/concours-coup-coeur-hochelaga\/\"]}]},{\"@type\":\"BreadcrumbList\",\"@id\":\"https:\/\/www.musee-mccord-stewart.ca\/fr\/concours-coup-coeur-hochelaga\/#breadcrumb\",\"itemListElement\":[{\"@type\":\"ListItem\",\"position\":1,\"name\":\"Accueil\",\"item\":\"https:\/\/www.musee-mccord-stewart.ca\/fr\/\"},{\"@type\":\"ListItem\",\"position\":2,\"name\":\"Concours Mon coup de c\u0153ur d\u2019Hochelaga\"}]},{\"@type\":\"WebSite\",\"@id\":\"https:\/\/www.musee-mccord-stewart.ca\/fr\/#website\",\"url\":\"https:\/\/www.musee-mccord-stewart.ca\/fr\/\",\"name\":\"Mus\u00e9e McCord Stewart\",\"description\":\"Notre monde, nos histoires\",\"publisher\":{\"@id\":\"https:\/\/www.musee-mccord-stewart.ca\/fr\/#organization\"},\"alternateName\":\"MCS\",\"potentialAction\":[{\"@type\":\"SearchAction\",\"target\":{\"@type\":\"EntryPoint\",\"urlTemplate\":\"https:\/\/www.musee-mccord-stewart.ca\/fr\/?s={search_term_string}\"},\"query-input\":\"required name=search_term_string\"}],\"inLanguage\":\"fr-FR\"},{\"@type\":\"Organization\",\"@id\":\"https:\/\/www.musee-mccord-stewart.ca\/fr\/#organization\",\"name\":\"McCord Stewart Museum\",\"alternateName\":\"MCS\",\"url\":\"https:\/\/www.musee-mccord-stewart.ca\/fr\/\",\"logo\":{\"@type\":\"ImageObject\",\"inLanguage\":\"fr-FR\",\"@id\":\"https:\/\/www.musee-mccord-stewart.ca\/fr\/#\/schema\/logo\/image\/\",\"url\":\"https:\/\/www.musee-mccord-stewart.ca\/app\/uploads\/2023\/05\/logo_museemccordstewart_horizontal_noir_slogan.svg\",\"contentUrl\":\"https:\/\/www.musee-mccord-stewart.ca\/app\/uploads\/2023\/05\/logo_museemccordstewart_horizontal_noir_slogan.svg\",\"width\":1,\"height\":1,\"caption\":\"McCord Stewart Museum\"},\"image\":{\"@id\":\"https:\/\/www.musee-mccord-stewart.ca\/fr\/#\/schema\/logo\/image\/\"},\"sameAs\":[\"https:\/\/www.facebook.com\/museemccordstewart\",\"https:\/\/twitter.com\/MuseeMcCordStew\",\"https:\/\/instagram.com\/museemccordstewart\",\"https:\/\/www.linkedin.com\/company\/museemccordstewart\/\",\"https:\/\/www.pinterest.com\/museemccordstewart\/\",\"https:\/\/www.youtube.com\/c\/MuseeMcCordStewartMuseum\"]}]}<\/script>\n<!-- \/ Yoast SEO Premium plugin. -->","yoast_head_json":{"title":"Concours Mon coup de c\u0153ur d\u2019Hochelaga - Mus\u00e9e McCord Stewart","description":"\u00c0 vos selfies! Cet \u00e9t\u00e9, le Mus\u00e9e vous invite \u00e0 participer \u00e0 un concours dans le cadre de l\u2019exposition Hochelaga \u2013 Montr\u00e9al en mutation.","robots":{"index":"index","follow":"follow","max-snippet":"max-snippet:-1","max-image-preview":"max-image-preview:large","max-video-preview":"max-video-preview:-1"},"canonical":"https:\/\/www.musee-mccord-stewart.ca\/fr\/concours-coup-coeur-hochelaga\/","og_locale":"fr_FR","og_type":"article","og_title":"Concours Mon coup de c\u0153ur d\u2019Hochelaga","og_description":"Prenez-vous en photo dans votre lieu favori d\u2019Hochelaga et dites-nous pourquoi vous l\u2019aimer autant!","og_url":"https:\/\/www.musee-mccord-stewart.ca\/fr\/concours-coup-coeur-hochelaga\/","og_site_name":"Mus\u00e9e McCord Stewart","article_publisher":"https:\/\/www.facebook.com\/museemccordstewart","article_modified_time":"2023-08-23T15:43:50+00:00","og_image":[{"width":800,"height":520,"url":"https:\/\/www.musee-mccord-stewart.ca\/app\/uploads\/2023\/03\/mccord-stewart_activites_visite-quartier-hochelaga_joannie-lafreniere_800x520.jpg","type":"image\/jpeg"}],"twitter_card":"summary_large_image","twitter_description":"\u00c0 vos selfies! Cet \u00e9t\u00e9, le Mus\u00e9e vous invite \u00e0 participer \u00e0 un concours dans le cadre de l\u2019exposition Hochelaga \u2013 Montr\u00e9al en mutation.","twitter_site":"@MuseeMcCordStew","twitter_misc":{"Dur\u00e9e de lecture estim\u00e9e":"2 minutes"},"schema":{"@context":"https:\/\/schema.org","@graph":[{"@type":"WebPage","@id":"https:\/\/www.musee-mccord-stewart.ca\/fr\/concours-coup-coeur-hochelaga\/","url":"https:\/\/www.musee-mccord-stewart.ca\/fr\/concours-coup-coeur-hochelaga\/","name":"Concours Mon coup de c\u0153ur d\u2019Hochelaga - Mus\u00e9e McCord Stewart","isPartOf":{"@id":"https:\/\/www.musee-mccord-stewart.ca\/fr\/#website"},"datePublished":"2023-07-12T11:00:42+00:00","dateModified":"2023-08-23T15:43:50+00:00","description":"\u00c0 vos selfies! Cet \u00e9t\u00e9, le Mus\u00e9e vous invite \u00e0 participer \u00e0 un concours dans le cadre de l\u2019exposition Hochelaga \u2013 Montr\u00e9al en mutation.","breadcrumb":{"@id":"https:\/\/www.musee-mccord-stewart.ca\/fr\/concours-coup-coeur-hochelaga\/#breadcrumb"},"inLanguage":"fr-FR","potentialAction":[{"@type":"ReadAction","target":["https:\/\/www.musee-mccord-stewart.ca\/fr\/concours-coup-coeur-hochelaga\/"]}]},{"@type":"BreadcrumbList","@id":"https:\/\/www.musee-mccord-stewart.ca\/fr\/concours-coup-coeur-hochelaga\/#breadcrumb","itemListElement":[{"@type":"ListItem","position":1,"name":"Accueil","item":"https:\/\/www.musee-mccord-stewart.ca\/fr\/"},{"@type":"ListItem","position":2,"name":"Concours Mon coup de c\u0153ur d\u2019Hochelaga"}]},{"@type":"WebSite","@id":"https:\/\/www.musee-mccord-stewart.ca\/fr\/#website","url":"https:\/\/www.musee-mccord-stewart.ca\/fr\/","name":"Mus\u00e9e McCord Stewart","description":"Notre monde, nos histoires","publisher":{"@id":"https:\/\/www.musee-mccord-stewart.ca\/fr\/#organization"},"alternateName":"MCS","potentialAction":[{"@type":"SearchAction","target":{"@type":"EntryPoint","urlTemplate":"https:\/\/www.musee-mccord-stewart.ca\/fr\/?s={search_term_string}"},"query-input":"required name=search_term_string"}],"inLanguage":"fr-FR"},{"@type":"Organization","@id":"https:\/\/www.musee-mccord-stewart.ca\/fr\/#organization","name":"McCord Stewart Museum","alternateName":"MCS","url":"https:\/\/www.musee-mccord-stewart.ca\/fr\/","logo":{"@type":"ImageObject","inLanguage":"fr-FR","@id":"https:\/\/www.musee-mccord-stewart.ca\/fr\/#\/schema\/logo\/image\/","url":"https:\/\/www.musee-mccord-stewart.ca\/app\/uploads\/2023\/05\/logo_museemccordstewart_horizontal_noir_slogan.svg","contentUrl":"https:\/\/www.musee-mccord-stewart.ca\/app\/uploads\/2023\/05\/logo_museemccordstewart_horizontal_noir_slogan.svg","width":1,"height":1,"caption":"McCord Stewart Museum"},"image":{"@id":"https:\/\/www.musee-mccord-stewart.ca\/fr\/#\/schema\/logo\/image\/"},"sameAs":["https:\/\/www.facebook.com\/museemccordstewart","https:\/\/twitter.com\/MuseeMcCordStew","https:\/\/instagram.com\/museemccordstewart","https:\/\/www.linkedin.com\/company\/museemccordstewart\/","https:\/\/www.pinterest.com\/museemccordstewart\/","https:\/\/www.youtube.com\/c\/MuseeMcCordStewartMuseum"]}]}},"_links":{"self":[{"href":"https:\/\/www.musee-mccord-stewart.ca\/fr\/wp-json\/wp\/v2\/pages\/44825"}],"collection":[{"href":"https:\/\/www.musee-mccord-stewart.ca\/fr\/wp-json\/wp\/v2\/pages"}],"about":[{"href":"https:\/\/www.musee-mccord-stewart.ca\/fr\/wp-json\/wp\/v2\/types\/page"}],"author":[{"embeddable":true,"href":"https:\/\/www.musee-mccord-stewart.ca\/fr\/wp-json\/wp\/v2\/users\/51"}],"replies":[{"embeddable":true,"href":"https:\/\/www.musee-mccord-stewart.ca\/fr\/wp-json\/wp\/v2\/comments?post=44825"}],"version-history":[{"count":0,"href":"https:\/\/www.musee-mccord-stewart.ca\/fr\/wp-json\/wp\/v2\/pages\/44825\/revisions"}],"wp:attachment":[{"href":"https:\/\/www.musee-mccord-stewart.ca\/fr\/wp-json\/wp\/v2\/media?parent=44825"}],"wp:term":[{"taxonomy":"category","embeddable":true,"href":"https:\/\/www.musee-mccord-stewart.ca\/fr\/wp-json\/wp\/v2\/categories?post=44825"},{"taxonomy":"post_tag","embeddable":true,"href":"https:\/\/www.musee-mccord-stewart.ca\/fr\/wp-json\/wp\/v2\/tags?post=44825"}],"curies":[{"name":"wp","href":"https:\/\/api.w.org\/{rel}","templated":true}]}}