{"id":43281,"date":"2023-01-27T16:34:54","date_gmt":"2023-01-27T21:34:54","guid":{"rendered":"https:\/\/www.musee-mccord-stewart.ca\/?page_id=43281"},"modified":"2023-04-11T13:27:47","modified_gmt":"2023-04-11T17:27:47","slug":"concours-henderson","status":"publish","type":"page","link":"https:\/\/www.musee-mccord-stewart.ca\/fr\/concours-henderson\/","title":{"rendered":"Concours <i>Photographier Montr\u00e9al&#8230; \u00e0 la Henderson<\/i>"},"content":{"rendered":"<p>Cet hiver, les amatrices et amateurs de photographie ont \u00e9t\u00e9 invit\u00e9s par le Mus\u00e9e McCord Stewart \u00e0 <strong>capturer les paysages urbains hivernaux de Montr\u00e9al<\/strong> en s\u2019inspirant des photos historiques d\u2019<a title=\"Alexander Henderson \u2014 Art et nature\" href=\"https:\/\/www.musee-mccord-stewart.ca\/fr\/expositions\/alexander-henderson-art-nature\/\">Alexander Henderson (1831-1913)<\/a>. Henderson, \u00e9bloui par la majest\u00e9 des paysages naturels du Qu\u00e9bec, fut l\u2019un des plus importants photographes de paysages au pays.<\/p>\n<h3>F\u00e9licitations aux gagnantes et gagnants!<\/h3>\n<p><strong>Grand gagnant<\/strong><br \/>\nL\u00e9o Lisbona<\/p>\n<p><strong>Finalistes<\/strong><br \/>\nGuylaine B\u00e9dard<br \/>\nBurt Covit<br \/>\nChristian Roy<\/p>\n<p>D\u00e9couvrez ici les 4 clich\u00e9s gagnants s\u00e9lectionn\u00e9s par le jury.<\/p>\n<ul class=\"sliderTiny\">\n<li>\n<img decoding=\"async\" src=\"https:\/\/www.musee-mccord-stewart.ca\/app\/uploads\/2023\/04\/mccord-stewart_concours_henderson_leolisbona.jpg\" alt=\"\u00a9 L\u00e9o Lisbona, &lt;i&gt;Hommage \u00e0 Alexander Henderson&lt;\/i&gt;\" title=\"\u00a9 L\u00e9o Lisbona, &lt;i&gt;Hommage \u00e0 Alexander Henderson&lt;\/i&gt;\" \/>\n<\/li>\n<li>\n<img decoding=\"async\" src=\"https:\/\/www.musee-mccord-stewart.ca\/app\/uploads\/2023\/04\/mccord-stewart_concours_henderson_guylaine-bedard.jpg\" alt=\"\u00a9 Guylaine B\u00e9dard, &lt;i&gt;Moment avant mon d\u00e9part \u2013 Monument Sir George-\u00c9tienne Cartier&lt;\/i&gt;\" title=\"\u00a9 Guylaine B\u00e9dard, &lt;i&gt;Moment avant mon d\u00e9part \u2013 Monument Sir George-\u00c9tienne Cartier&lt;\/i&gt;\" \/>\n<\/li>\n<li>\n<img decoding=\"async\" src=\"https:\/\/www.musee-mccord-stewart.ca\/app\/uploads\/2023\/04\/mccord-stewart_concours_henderson_burt-covit.jpg\" alt=\"\u00a9 Burt Covit, &lt;i&gt;The Angel \u2013 Parc du Mont-Royal&lt;\/i&gt;\" title=\"\u00a9 Burt Covit, &lt;i&gt;The Angel \u2013 Parc du Mont-Royal&lt;\/i&gt;\" \/>\n<\/li>\n<li>\n<img decoding=\"async\" src=\"https:\/\/www.musee-mccord-stewart.ca\/app\/uploads\/2023\/04\/mccord-stewart_concours_henderson_christian-roy-1200x800.jpg\" alt=\"\u00a9 Christian Roy, &lt;i&gt;Plan\u00e8te Neige \u2013 Parc Jean-Drapeau&lt;\/i&gt;\" title=\"\u00a9 Christian Roy, &lt;i&gt;Plan\u00e8te Neige \u2013 Parc Jean-Drapeau&lt;\/i&gt;\" \/>\n<\/li>\n<\/ul>\n\n","protected":false},"excerpt":{"rendered":"<p>Cet hiver, les amatrices et amateurs de photographie ont \u00e9t\u00e9 invit\u00e9s par le Mus\u00e9e McCord Stewart \u00e0 capturer les paysages urbains hivernaux de Montr\u00e9al en s\u2019inspirant des photos historiques d\u2019Alexander Henderson (1831-1913). Henderson, \u00e9bloui par la majest\u00e9 des paysages naturels du Qu\u00e9bec, fut l\u2019un des plus importants photographes de paysages au pays. F\u00e9licitations aux gagnantes [&hellip;]<\/p>\n","protected":false},"author":35,"featured_media":0,"parent":0,"menu_order":0,"comment_status":"closed","ping_status":"closed","template":"page-templates\/page-texte.php","meta":{"footnotes":""},"categories":[],"tags":[],"acf":[],"yoast_head":"<!-- This site is optimized with the Yoast SEO Premium plugin v20.11 (Yoast SEO v20.11) - https:\/\/yoast.com\/wordpress\/plugins\/seo\/ -->\n<title>Concours Photographier Montr\u00e9al... \u00e0 la Henderson<\/title>\n<meta name=\"description\" content=\"Capturez les paysages urbains hivernaux de Montr\u00e9al et courez la chance de voir votre photographie expos\u00e9e au Mus\u00e9e!\" \/>\n<meta name=\"robots\" content=\"index, follow, max-snippet:-1, max-image-preview:large, max-video-preview:-1\" \/>\n<link rel=\"canonical\" href=\"https:\/\/www.musee-mccord-stewart.ca\/fr\/concours-henderson\/\" \/>\n<meta property=\"og:locale\" content=\"fr_FR\" \/>\n<meta property=\"og:type\" content=\"article\" \/>\n<meta property=\"og:title\" content=\"Concours Photographier Montr\u00e9al... \u00e0 la Henderson\" \/>\n<meta property=\"og:description\" content=\"Cet hiver, les amatrices et amateurs de photographie ont \u00e9t\u00e9 invit\u00e9s par le Mus\u00e9e McCord Stewart \u00e0 capturer les paysages urbains hivernaux de Montr\u00e9al en\" \/>\n<meta property=\"og:url\" content=\"https:\/\/www.musee-mccord-stewart.ca\/fr\/concours-henderson\/\" \/>\n<meta property=\"og:site_name\" content=\"Mus\u00e9e McCord Stewart\" \/>\n<meta property=\"article:publisher\" content=\"https:\/\/www.facebook.com\/museemccordstewart\" \/>\n<meta property=\"article:modified_time\" content=\"2023-04-11T17:27:47+00:00\" \/>\n<meta property=\"og:image\" content=\"https:\/\/www.musee-mccord-stewart.ca\/app\/uploads\/2023\/04\/mccord-stewart_concours_henderson_leolisbona.jpg\" \/>\n<meta name=\"twitter:card\" content=\"summary_large_image\" \/>\n<meta name=\"twitter:site\" content=\"@MuseeMcCordStew\" \/>\n<meta name=\"twitter:label1\" content=\"Dur\u00e9e de lecture estim\u00e9e\" \/>\n\t<meta name=\"twitter:data1\" content=\"1 minute\" \/>\n<script type=\"application\/ld+json\" class=\"yoast-schema-graph\">{\"@context\":\"https:\/\/schema.org\",\"@graph\":[{\"@type\":\"WebPage\",\"@id\":\"https:\/\/www.musee-mccord-stewart.ca\/fr\/concours-henderson\/\",\"url\":\"https:\/\/www.musee-mccord-stewart.ca\/fr\/concours-henderson\/\",\"name\":\"Concours Photographier Montr\u00e9al... \u00e0 la Henderson\",\"isPartOf\":{\"@id\":\"https:\/\/www.musee-mccord-stewart.ca\/fr\/#website\"},\"datePublished\":\"2023-01-27T21:34:54+00:00\",\"dateModified\":\"2023-04-11T17:27:47+00:00\",\"description\":\"Capturez les paysages urbains hivernaux de Montr\u00e9al et courez la chance de voir votre photographie expos\u00e9e au Mus\u00e9e!\",\"breadcrumb\":{\"@id\":\"https:\/\/www.musee-mccord-stewart.ca\/fr\/concours-henderson\/#breadcrumb\"},\"inLanguage\":\"fr-FR\",\"potentialAction\":[{\"@type\":\"ReadAction\",\"target\":[\"https:\/\/www.musee-mccord-stewart.ca\/fr\/concours-henderson\/\"]}]},{\"@type\":\"BreadcrumbList\",\"@id\":\"https:\/\/www.musee-mccord-stewart.ca\/fr\/concours-henderson\/#breadcrumb\",\"itemListElement\":[{\"@type\":\"ListItem\",\"position\":1,\"name\":\"Accueil\",\"item\":\"https:\/\/www.musee-mccord-stewart.ca\/fr\/\"},{\"@type\":\"ListItem\",\"position\":2,\"name\":\"Concours Photographier Montr\u00e9al&#8230; \u00e0 la Henderson\"}]},{\"@type\":\"WebSite\",\"@id\":\"https:\/\/www.musee-mccord-stewart.ca\/fr\/#website\",\"url\":\"https:\/\/www.musee-mccord-stewart.ca\/fr\/\",\"name\":\"Mus\u00e9e McCord Stewart\",\"description\":\"Notre monde, nos histoires\",\"publisher\":{\"@id\":\"https:\/\/www.musee-mccord-stewart.ca\/fr\/#organization\"},\"alternateName\":\"MCS\",\"potentialAction\":[{\"@type\":\"SearchAction\",\"target\":{\"@type\":\"EntryPoint\",\"urlTemplate\":\"https:\/\/www.musee-mccord-stewart.ca\/fr\/?s={search_term_string}\"},\"query-input\":\"required name=search_term_string\"}],\"inLanguage\":\"fr-FR\"},{\"@type\":\"Organization\",\"@id\":\"https:\/\/www.musee-mccord-stewart.ca\/fr\/#organization\",\"name\":\"McCord Stewart Museum\",\"alternateName\":\"MCS\",\"url\":\"https:\/\/www.musee-mccord-stewart.ca\/fr\/\",\"logo\":{\"@type\":\"ImageObject\",\"inLanguage\":\"fr-FR\",\"@id\":\"https:\/\/www.musee-mccord-stewart.ca\/fr\/#\/schema\/logo\/image\/\",\"url\":\"https:\/\/www.musee-mccord-stewart.ca\/app\/uploads\/2023\/05\/logo_museemccordstewart_horizontal_noir_slogan.svg\",\"contentUrl\":\"https:\/\/www.musee-mccord-stewart.ca\/app\/uploads\/2023\/05\/logo_museemccordstewart_horizontal_noir_slogan.svg\",\"width\":1,\"height\":1,\"caption\":\"McCord Stewart Museum\"},\"image\":{\"@id\":\"https:\/\/www.musee-mccord-stewart.ca\/fr\/#\/schema\/logo\/image\/\"},\"sameAs\":[\"https:\/\/www.facebook.com\/museemccordstewart\",\"https:\/\/twitter.com\/MuseeMcCordStew\",\"https:\/\/instagram.com\/museemccordstewart\",\"https:\/\/www.linkedin.com\/company\/museemccordstewart\/\",\"https:\/\/www.pinterest.com\/museemccordstewart\/\",\"https:\/\/www.youtube.com\/c\/MuseeMcCordStewartMuseum\"]}]}<\/script>\n<!-- \/ Yoast SEO Premium plugin. -->","yoast_head_json":{"title":"Concours Photographier Montr\u00e9al... \u00e0 la Henderson","description":"Capturez les paysages urbains hivernaux de Montr\u00e9al et courez la chance de voir votre photographie expos\u00e9e au Mus\u00e9e!","robots":{"index":"index","follow":"follow","max-snippet":"max-snippet:-1","max-image-preview":"max-image-preview:large","max-video-preview":"max-video-preview:-1"},"canonical":"https:\/\/www.musee-mccord-stewart.ca\/fr\/concours-henderson\/","og_locale":"fr_FR","og_type":"article","og_title":"Concours Photographier Montr\u00e9al... \u00e0 la Henderson","og_description":"Cet hiver, les amatrices et amateurs de photographie ont \u00e9t\u00e9 invit\u00e9s par le Mus\u00e9e McCord Stewart \u00e0 capturer les paysages urbains hivernaux de Montr\u00e9al en","og_url":"https:\/\/www.musee-mccord-stewart.ca\/fr\/concours-henderson\/","og_site_name":"Mus\u00e9e McCord Stewart","article_publisher":"https:\/\/www.facebook.com\/museemccordstewart","article_modified_time":"2023-04-11T17:27:47+00:00","og_image":[{"url":"https:\/\/www.musee-mccord-stewart.ca\/app\/uploads\/2023\/04\/mccord-stewart_concours_henderson_leolisbona.jpg"}],"twitter_card":"summary_large_image","twitter_site":"@MuseeMcCordStew","twitter_misc":{"Dur\u00e9e de lecture estim\u00e9e":"1 minute"},"schema":{"@context":"https:\/\/schema.org","@graph":[{"@type":"WebPage","@id":"https:\/\/www.musee-mccord-stewart.ca\/fr\/concours-henderson\/","url":"https:\/\/www.musee-mccord-stewart.ca\/fr\/concours-henderson\/","name":"Concours Photographier Montr\u00e9al... \u00e0 la Henderson","isPartOf":{"@id":"https:\/\/www.musee-mccord-stewart.ca\/fr\/#website"},"datePublished":"2023-01-27T21:34:54+00:00","dateModified":"2023-04-11T17:27:47+00:00","description":"Capturez les paysages urbains hivernaux de Montr\u00e9al et courez la chance de voir votre photographie expos\u00e9e au Mus\u00e9e!","breadcrumb":{"@id":"https:\/\/www.musee-mccord-stewart.ca\/fr\/concours-henderson\/#breadcrumb"},"inLanguage":"fr-FR","potentialAction":[{"@type":"ReadAction","target":["https:\/\/www.musee-mccord-stewart.ca\/fr\/concours-henderson\/"]}]},{"@type":"BreadcrumbList","@id":"https:\/\/www.musee-mccord-stewart.ca\/fr\/concours-henderson\/#breadcrumb","itemListElement":[{"@type":"ListItem","position":1,"name":"Accueil","item":"https:\/\/www.musee-mccord-stewart.ca\/fr\/"},{"@type":"ListItem","position":2,"name":"Concours Photographier Montr\u00e9al&#8230; \u00e0 la Henderson"}]},{"@type":"WebSite","@id":"https:\/\/www.musee-mccord-stewart.ca\/fr\/#website","url":"https:\/\/www.musee-mccord-stewart.ca\/fr\/","name":"Mus\u00e9e McCord Stewart","description":"Notre monde, nos histoires","publisher":{"@id":"https:\/\/www.musee-mccord-stewart.ca\/fr\/#organization"},"alternateName":"MCS","potentialAction":[{"@type":"SearchAction","target":{"@type":"EntryPoint","urlTemplate":"https:\/\/www.musee-mccord-stewart.ca\/fr\/?s={search_term_string}"},"query-input":"required name=search_term_string"}],"inLanguage":"fr-FR"},{"@type":"Organization","@id":"https:\/\/www.musee-mccord-stewart.ca\/fr\/#organization","name":"McCord Stewart Museum","alternateName":"MCS","url":"https:\/\/www.musee-mccord-stewart.ca\/fr\/","logo":{"@type":"ImageObject","inLanguage":"fr-FR","@id":"https:\/\/www.musee-mccord-stewart.ca\/fr\/#\/schema\/logo\/image\/","url":"https:\/\/www.musee-mccord-stewart.ca\/app\/uploads\/2023\/05\/logo_museemccordstewart_horizontal_noir_slogan.svg","contentUrl":"https:\/\/www.musee-mccord-stewart.ca\/app\/uploads\/2023\/05\/logo_museemccordstewart_horizontal_noir_slogan.svg","width":1,"height":1,"caption":"McCord Stewart Museum"},"image":{"@id":"https:\/\/www.musee-mccord-stewart.ca\/fr\/#\/schema\/logo\/image\/"},"sameAs":["https:\/\/www.facebook.com\/museemccordstewart","https:\/\/twitter.com\/MuseeMcCordStew","https:\/\/instagram.com\/museemccordstewart","https:\/\/www.linkedin.com\/company\/museemccordstewart\/","https:\/\/www.pinterest.com\/museemccordstewart\/","https:\/\/www.youtube.com\/c\/MuseeMcCordStewartMuseum"]}]}},"_links":{"self":[{"href":"https:\/\/www.musee-mccord-stewart.ca\/fr\/wp-json\/wp\/v2\/pages\/43281"}],"collection":[{"href":"https:\/\/www.musee-mccord-stewart.ca\/fr\/wp-json\/wp\/v2\/pages"}],"about":[{"href":"https:\/\/www.musee-mccord-stewart.ca\/fr\/wp-json\/wp\/v2\/types\/page"}],"author":[{"embeddable":true,"href":"https:\/\/www.musee-mccord-stewart.ca\/fr\/wp-json\/wp\/v2\/users\/35"}],"replies":[{"embeddable":true,"href":"https:\/\/www.musee-mccord-stewart.ca\/fr\/wp-json\/wp\/v2\/comments?post=43281"}],"version-history":[{"count":0,"href":"https:\/\/www.musee-mccord-stewart.ca\/fr\/wp-json\/wp\/v2\/pages\/43281\/revisions"}],"wp:attachment":[{"href":"https:\/\/www.musee-mccord-stewart.ca\/fr\/wp-json\/wp\/v2\/media?parent=43281"}],"wp:term":[{"taxonomy":"category","embeddable":true,"href":"https:\/\/www.musee-mccord-stewart.ca\/fr\/wp-json\/wp\/v2\/categories?post=43281"},{"taxonomy":"post_tag","embeddable":true,"href":"https:\/\/www.musee-mccord-stewart.ca\/fr\/wp-json\/wp\/v2\/tags?post=43281"}],"curies":[{"name":"wp","href":"https:\/\/api.w.org\/{rel}","templated":true}]}}