{"id":42426,"date":"2022-09-30T14:50:05","date_gmt":"2022-09-30T18:50:05","guid":{"rendered":"https:\/\/www.musee-mccord-stewart.ca\/?page_id=42426"},"modified":"2024-11-28T10:18:18","modified_gmt":"2024-11-28T15:18:18","slug":"tambour","status":"publish","type":"page","link":"https:\/\/www.musee-mccord-stewart.ca\/fr\/groupes\/trousses-educatives-cultures-autochtones\/tambour\/","title":{"rendered":"Trousse \u00e9ducative autochtone \u2013 Le&nbsp;tambour"},"content":{"rendered":"<p>Ouvrez les portes de vos classes aux voix autochtones par le biais de la trousse \u00e9ducative num\u00e9rique <em><strong>Les objets se racontent<\/strong><\/em>. Cette ressource p\u00e9dagogique permettra \u00e0 vos \u00e9l\u00e8ves d\u2019<strong>explorer de fa\u00e7on participative et interactive<\/strong> diff\u00e9rents aspects de soci\u00e9t\u00e9s autochtones, d\u2019\u00e9couter des perspectives de membre de plusieurs communaut\u00e9s sur leurs traditions, leurs valeurs et leur culture encore bien vivantes!<\/p>\n<p>Le Mus\u00e9e offre maintenant la <a title=\"\" href=\"https:\/\/www.musee-mccord-stewart.ca\/app\/uploads\/2024\/07\/trousse-educative-fr.pdf\" target=\"_blank\" rel=\"noopener\">trousse \u00e9ducative anim\u00e9e<\/a> par les m\u00e9diateurs et m\u00e9diatrices du Mus\u00e9e dans vos classes!<\/p>\n<p>Gr\u00e2ce \u00e0 ce projet int\u00e9gr\u00e9, vos \u00e9l\u00e8ves de <strong>2<sup>e<\/sup>, 3<sup>e<\/sup> cycle du primaire et 1<sup>er<\/sup> cycle du secondaire<\/strong> d\u00e9velopperont leurs comp\u00e9tences transversales en univers social, en sciences et technologie et en fran\u00e7ais.<\/p>\n<p>Dans le cadre d\u2019une d\u00e9marche d\u2019enqu\u00eate men\u00e9e \u00e0 partir d\u2019un objet de la collection du Mus\u00e9e McCord Stewart, les \u00e9l\u00e8ves seront amen\u00e9s \u00e0 <strong>accueillir la parole autochtone<\/strong>. Celle-ci est multiple et chaque t\u00e9moignage apporte un \u00e9clairage nouveau sur le pass\u00e9, le pr\u00e9sent et le futur des nations autochtones du Qu\u00e9bec.<\/p>\n<p>Pour acc\u00e9der en ligne \u00e0 la trousse \u00e9ducative de votre choix, veuillez compl\u00e9ter le formulaire en cliquant sur le bloc correspondant ci-dessous.<\/p>\n<h2>Sc\u00e9nario p\u00e9dagogique<\/h2>\n<p><strong>Temps de l\u2019activit\u00e9 : 2 p\u00e9riodes de 60 minutes par objet.<br \/>\nMat\u00e9riel utilis\u00e9\u00a0:<\/strong><\/p>\n<ul>\n<li>3 t\u00e9moignages vid\u00e9o<\/li>\n<li>La trousse de l\u2019\u00e9l\u00e8ve<\/li>\n<li>1 documentaire r\u00e9alis\u00e9 par un(e) autochtone avec l\u2019organisme Wapikoni mobile<\/li>\n<li>La fiche de la communaut\u00e9 et la carte des nations<\/li>\n<li>La photo de l\u2019objet de la collection du Mus\u00e9e McCord Stewart<\/li>\n<li>La fiche-objet de la collection du Mus\u00e9e McCord Stewart<\/li>\n<\/ul>\n<p><a class=\"download\" title=\"\" href=\"https:\/\/www.musee-mccord-stewart.ca\/app\/uploads\/2022\/09\/mccord-stewart_trousse-educative-tambour-enseignant-presentation_fr.pdf\" target=\"_blank\" rel=\"noopener\">Guide de l&rsquo;enseignant<\/a><br \/>\n<a class=\"download\" title=\"\" href=\"https:\/\/www.musee-mccord-stewart.ca\/app\/uploads\/2022\/09\/mccord-stewart_trousse-educative-tambour-enseignant-annexes_fr.pdf\" target=\"_blank\" rel=\"noopener\">Guide l&rsquo;enseignant annexes<\/a><br \/>\n<a class=\"download\" title=\"\" href=\"https:\/\/www.musee-mccord-stewart.ca\/app\/uploads\/2022\/12\/mccord-stewart_trousse-educative-tambour-fiche-atelier_fr.pdf\" target=\"_blank\" rel=\"noopener\">Trousse de l&rsquo;\u00e9l\u00e8ve<\/a><br \/>\n<a class=\"download\" title=\"\" href=\"https:\/\/www.musee-mccord-stewart.ca\/app\/uploads\/2022\/11\/mccord-stewart_trousse-educative-tambour-fiche-carte-nations-innu_fr.pdf\" target=\"_blank\" rel=\"noopener\">Fiche de la communaut\u00e9 et carte des nations\u00a0<\/a><br \/>\n<a class=\"download\" title=\"\" href=\"https:\/\/www.musee-mccord-stewart.ca\/app\/uploads\/2021\/04\/mccord_scolaire_trousses-autochotnes_tambour_1200x800.jpg\" target=\"_blank\" rel=\"noopener\">Le tambour : Photo de l&rsquo;objet<\/a><br \/>\n<a class=\"download\" title=\"\" href=\"https:\/\/www.musee-mccord-stewart.ca\/app\/uploads\/2022\/09\/mccord-stewart_trousse-educative-tambour-fiche-objet_fr.pdf\" target=\"_blank\" rel=\"noopener\">Le tambour : Fiche objet<\/a><\/p>\n<h2>Utilisation de la trousse<\/h2>\n<p><strong>Avec la ressource <em>Trousse \u00e9ducative sur les cultures autochtones<\/em>, les enseignants peuvent enrichir leur enseignement en univers social, en science et technologie et en fran\u00e7ais<\/strong> en se servant du contenu pour amorcer la r\u00e9flexion ou consolider les apprentissages.<\/p>\n<p>Pour chacun des objets du Mus\u00e9e McCord Stewart, <strong>deux types de ressources vid\u00e9o explorent les points de vue<\/strong> : trois t\u00e9moignages directs et une vid\u00e9o r\u00e9alis\u00e9e par un ou une jeune autochtone dans le cadre des escales de Wapikoni mobile. Chaque vid\u00e9o permet de d\u00e9couvrir des facettes des objets historiques dans leur contexte contemporain.<\/p>\n<p>Ce corpus est accompagn\u00e9 d\u2019une <strong>fiche informative sur la communaut\u00e9 dont l\u2019objet est issu<\/strong>, d\u2019une <strong>fiche-objet<\/strong> et d\u2019une <strong>image de l\u2019objet<\/strong> de la collection du Mus\u00e9e McCord Stewart.<\/p>\n","protected":false},"excerpt":{"rendered":"<p>Ouvrez les portes de vos classes aux voix autochtones par le biais de la trousse \u00e9ducative num\u00e9rique Les objets se racontent. Cette ressource p\u00e9dagogique permettra \u00e0 vos \u00e9l\u00e8ves d\u2019explorer de fa\u00e7on participative et interactive diff\u00e9rents aspects de soci\u00e9t\u00e9s autochtones, d\u2019\u00e9couter des perspectives de membre de plusieurs communaut\u00e9s sur leurs traditions, leurs valeurs et leur culture [&hellip;]<\/p>\n","protected":false},"author":17,"featured_media":0,"parent":42799,"menu_order":0,"comment_status":"closed","ping_status":"closed","template":"page-templates\/page-texte.php","meta":{"footnotes":""},"categories":[],"tags":[],"acf":[],"yoast_head":"<!-- This site is optimized with the Yoast SEO Premium plugin v20.11 (Yoast SEO v20.11) - https:\/\/yoast.com\/wordpress\/plugins\/seo\/ -->\n<title>Trousse \u00e9ducative autochtone \u2013 Le&nbsp;tambour - Mus\u00e9e McCord Stewart Stewart<\/title>\n<meta name=\"description\" content=\"\u00c0 partir du Tambour sacr\u00e9, objet de la collection du Mus\u00e9e , les \u00e9l\u00e8ves seront amen\u00e9s \u00e0 accueillir la parole autochtone.\" \/>\n<meta name=\"robots\" content=\"index, follow, max-snippet:-1, max-image-preview:large, max-video-preview:-1\" \/>\n<link rel=\"canonical\" href=\"https:\/\/www.musee-mccord-stewart.ca\/fr\/groupes\/trousses-educatives-cultures-autochtones\/tambour\/\" \/>\n<meta property=\"og:locale\" content=\"fr_FR\" \/>\n<meta property=\"og:type\" content=\"article\" \/>\n<meta property=\"og:title\" content=\"Trousse \u00e9ducative autochtone \u2013 Le&nbsp;tambour\" \/>\n<meta property=\"og:description\" content=\"\u00c0 partir du Tambour sacr\u00e9, objet de la collection du Mus\u00e9e , les \u00e9l\u00e8ves seront amen\u00e9s \u00e0 accueillir la parole autochtone.\" \/>\n<meta property=\"og:url\" content=\"https:\/\/www.musee-mccord-stewart.ca\/fr\/groupes\/trousses-educatives-cultures-autochtones\/tambour\/\" \/>\n<meta property=\"og:site_name\" content=\"Mus\u00e9e McCord Stewart\" \/>\n<meta property=\"article:publisher\" content=\"https:\/\/www.facebook.com\/museemccordstewart\" \/>\n<meta property=\"article:modified_time\" content=\"2024-11-28T15:18:18+00:00\" \/>\n<meta property=\"og:image\" content=\"https:\/\/www.musee-mccord-stewart.ca\/app\/uploads\/2022\/09\/mccord-stewart_trousse-educative-tambour_640x375.jpg\" \/>\n\t<meta property=\"og:image:width\" content=\"640\" \/>\n\t<meta property=\"og:image:height\" content=\"375\" \/>\n\t<meta property=\"og:image:type\" content=\"image\/jpeg\" \/>\n<meta name=\"twitter:card\" content=\"summary_large_image\" \/>\n<meta name=\"twitter:description\" content=\"\u00c0 partir du Tambour sacr\u00e9, objet de la collection du Mus\u00e9e , les \u00e9l\u00e8ves seront amen\u00e9s \u00e0 accueillir la parole autochtone.\" \/>\n<meta name=\"twitter:site\" content=\"@MuseeMcCordStew\" \/>\n<meta name=\"twitter:label1\" content=\"Dur\u00e9e de lecture estim\u00e9e\" \/>\n\t<meta name=\"twitter:data1\" content=\"3 minutes\" \/>\n<script type=\"application\/ld+json\" class=\"yoast-schema-graph\">{\"@context\":\"https:\/\/schema.org\",\"@graph\":[{\"@type\":\"WebPage\",\"@id\":\"https:\/\/www.musee-mccord-stewart.ca\/fr\/groupes\/trousses-educatives-cultures-autochtones\/tambour\/\",\"url\":\"https:\/\/www.musee-mccord-stewart.ca\/fr\/groupes\/trousses-educatives-cultures-autochtones\/tambour\/\",\"name\":\"Trousse \u00e9ducative autochtone \u2013 Le&nbsp;tambour - Mus\u00e9e McCord Stewart Stewart\",\"isPartOf\":{\"@id\":\"https:\/\/www.musee-mccord-stewart.ca\/fr\/#website\"},\"datePublished\":\"2022-09-30T18:50:05+00:00\",\"dateModified\":\"2024-11-28T15:18:18+00:00\",\"description\":\"\u00c0 partir du Tambour sacr\u00e9, objet de la collection du Mus\u00e9e , les \u00e9l\u00e8ves seront amen\u00e9s \u00e0 accueillir la parole autochtone.\",\"breadcrumb\":{\"@id\":\"https:\/\/www.musee-mccord-stewart.ca\/fr\/groupes\/trousses-educatives-cultures-autochtones\/tambour\/#breadcrumb\"},\"inLanguage\":\"fr-FR\",\"potentialAction\":[{\"@type\":\"ReadAction\",\"target\":[\"https:\/\/www.musee-mccord-stewart.ca\/fr\/groupes\/trousses-educatives-cultures-autochtones\/tambour\/\"]}]},{\"@type\":\"BreadcrumbList\",\"@id\":\"https:\/\/www.musee-mccord-stewart.ca\/fr\/groupes\/trousses-educatives-cultures-autochtones\/tambour\/#breadcrumb\",\"itemListElement\":[{\"@type\":\"ListItem\",\"position\":1,\"name\":\"Accueil\",\"item\":\"https:\/\/www.musee-mccord-stewart.ca\/fr\/\"},{\"@type\":\"ListItem\",\"position\":2,\"name\":\"Groupes\",\"item\":\"https:\/\/www.musee-mccord-stewart.ca\/fr\/groupes\/\"},{\"@type\":\"ListItem\",\"position\":3,\"name\":\"Trousses \u00e9ducatives sur les cultures autochtones\",\"item\":\"https:\/\/www.musee-mccord-stewart.ca\/fr\/groupes\/trousses-educatives-cultures-autochtones\/\"},{\"@type\":\"ListItem\",\"position\":4,\"name\":\"Trousse \u00e9ducative autochtone \u2013 Le&nbsp;tambour\"}]},{\"@type\":\"WebSite\",\"@id\":\"https:\/\/www.musee-mccord-stewart.ca\/fr\/#website\",\"url\":\"https:\/\/www.musee-mccord-stewart.ca\/fr\/\",\"name\":\"Mus\u00e9e McCord Stewart\",\"description\":\"Notre monde, nos histoires\",\"publisher\":{\"@id\":\"https:\/\/www.musee-mccord-stewart.ca\/fr\/#organization\"},\"alternateName\":\"MCS\",\"potentialAction\":[{\"@type\":\"SearchAction\",\"target\":{\"@type\":\"EntryPoint\",\"urlTemplate\":\"https:\/\/www.musee-mccord-stewart.ca\/fr\/?s={search_term_string}\"},\"query-input\":\"required name=search_term_string\"}],\"inLanguage\":\"fr-FR\"},{\"@type\":\"Organization\",\"@id\":\"https:\/\/www.musee-mccord-stewart.ca\/fr\/#organization\",\"name\":\"McCord Stewart Museum\",\"alternateName\":\"MCS\",\"url\":\"https:\/\/www.musee-mccord-stewart.ca\/fr\/\",\"logo\":{\"@type\":\"ImageObject\",\"inLanguage\":\"fr-FR\",\"@id\":\"https:\/\/www.musee-mccord-stewart.ca\/fr\/#\/schema\/logo\/image\/\",\"url\":\"https:\/\/www.musee-mccord-stewart.ca\/app\/uploads\/2023\/05\/logo_museemccordstewart_horizontal_noir_slogan.svg\",\"contentUrl\":\"https:\/\/www.musee-mccord-stewart.ca\/app\/uploads\/2023\/05\/logo_museemccordstewart_horizontal_noir_slogan.svg\",\"width\":1,\"height\":1,\"caption\":\"McCord Stewart Museum\"},\"image\":{\"@id\":\"https:\/\/www.musee-mccord-stewart.ca\/fr\/#\/schema\/logo\/image\/\"},\"sameAs\":[\"https:\/\/www.facebook.com\/museemccordstewart\",\"https:\/\/twitter.com\/MuseeMcCordStew\",\"https:\/\/instagram.com\/museemccordstewart\",\"https:\/\/www.linkedin.com\/company\/museemccordstewart\/\",\"https:\/\/www.pinterest.com\/museemccordstewart\/\",\"https:\/\/www.youtube.com\/c\/MuseeMcCordStewartMuseum\"]}]}<\/script>\n<!-- \/ Yoast SEO Premium plugin. -->","yoast_head_json":{"title":"Trousse \u00e9ducative autochtone \u2013 Le&nbsp;tambour - Mus\u00e9e McCord Stewart Stewart","description":"\u00c0 partir du Tambour sacr\u00e9, objet de la collection du Mus\u00e9e , les \u00e9l\u00e8ves seront amen\u00e9s \u00e0 accueillir la parole autochtone.","robots":{"index":"index","follow":"follow","max-snippet":"max-snippet:-1","max-image-preview":"max-image-preview:large","max-video-preview":"max-video-preview:-1"},"canonical":"https:\/\/www.musee-mccord-stewart.ca\/fr\/groupes\/trousses-educatives-cultures-autochtones\/tambour\/","og_locale":"fr_FR","og_type":"article","og_title":"Trousse \u00e9ducative autochtone \u2013 Le&nbsp;tambour","og_description":"\u00c0 partir du Tambour sacr\u00e9, objet de la collection du Mus\u00e9e , les \u00e9l\u00e8ves seront amen\u00e9s \u00e0 accueillir la parole autochtone.","og_url":"https:\/\/www.musee-mccord-stewart.ca\/fr\/groupes\/trousses-educatives-cultures-autochtones\/tambour\/","og_site_name":"Mus\u00e9e McCord Stewart","article_publisher":"https:\/\/www.facebook.com\/museemccordstewart","article_modified_time":"2024-11-28T15:18:18+00:00","og_image":[{"width":640,"height":375,"url":"https:\/\/www.musee-mccord-stewart.ca\/app\/uploads\/2022\/09\/mccord-stewart_trousse-educative-tambour_640x375.jpg","type":"image\/jpeg"}],"twitter_card":"summary_large_image","twitter_description":"\u00c0 partir du Tambour sacr\u00e9, objet de la collection du Mus\u00e9e , les \u00e9l\u00e8ves seront amen\u00e9s \u00e0 accueillir la parole autochtone.","twitter_site":"@MuseeMcCordStew","twitter_misc":{"Dur\u00e9e de lecture estim\u00e9e":"3 minutes"},"schema":{"@context":"https:\/\/schema.org","@graph":[{"@type":"WebPage","@id":"https:\/\/www.musee-mccord-stewart.ca\/fr\/groupes\/trousses-educatives-cultures-autochtones\/tambour\/","url":"https:\/\/www.musee-mccord-stewart.ca\/fr\/groupes\/trousses-educatives-cultures-autochtones\/tambour\/","name":"Trousse \u00e9ducative autochtone \u2013 Le&nbsp;tambour - Mus\u00e9e McCord Stewart Stewart","isPartOf":{"@id":"https:\/\/www.musee-mccord-stewart.ca\/fr\/#website"},"datePublished":"2022-09-30T18:50:05+00:00","dateModified":"2024-11-28T15:18:18+00:00","description":"\u00c0 partir du Tambour sacr\u00e9, objet de la collection du Mus\u00e9e , les \u00e9l\u00e8ves seront amen\u00e9s \u00e0 accueillir la parole autochtone.","breadcrumb":{"@id":"https:\/\/www.musee-mccord-stewart.ca\/fr\/groupes\/trousses-educatives-cultures-autochtones\/tambour\/#breadcrumb"},"inLanguage":"fr-FR","potentialAction":[{"@type":"ReadAction","target":["https:\/\/www.musee-mccord-stewart.ca\/fr\/groupes\/trousses-educatives-cultures-autochtones\/tambour\/"]}]},{"@type":"BreadcrumbList","@id":"https:\/\/www.musee-mccord-stewart.ca\/fr\/groupes\/trousses-educatives-cultures-autochtones\/tambour\/#breadcrumb","itemListElement":[{"@type":"ListItem","position":1,"name":"Accueil","item":"https:\/\/www.musee-mccord-stewart.ca\/fr\/"},{"@type":"ListItem","position":2,"name":"Groupes","item":"https:\/\/www.musee-mccord-stewart.ca\/fr\/groupes\/"},{"@type":"ListItem","position":3,"name":"Trousses \u00e9ducatives sur les cultures autochtones","item":"https:\/\/www.musee-mccord-stewart.ca\/fr\/groupes\/trousses-educatives-cultures-autochtones\/"},{"@type":"ListItem","position":4,"name":"Trousse \u00e9ducative autochtone \u2013 Le&nbsp;tambour"}]},{"@type":"WebSite","@id":"https:\/\/www.musee-mccord-stewart.ca\/fr\/#website","url":"https:\/\/www.musee-mccord-stewart.ca\/fr\/","name":"Mus\u00e9e McCord Stewart","description":"Notre monde, nos histoires","publisher":{"@id":"https:\/\/www.musee-mccord-stewart.ca\/fr\/#organization"},"alternateName":"MCS","potentialAction":[{"@type":"SearchAction","target":{"@type":"EntryPoint","urlTemplate":"https:\/\/www.musee-mccord-stewart.ca\/fr\/?s={search_term_string}"},"query-input":"required name=search_term_string"}],"inLanguage":"fr-FR"},{"@type":"Organization","@id":"https:\/\/www.musee-mccord-stewart.ca\/fr\/#organization","name":"McCord Stewart Museum","alternateName":"MCS","url":"https:\/\/www.musee-mccord-stewart.ca\/fr\/","logo":{"@type":"ImageObject","inLanguage":"fr-FR","@id":"https:\/\/www.musee-mccord-stewart.ca\/fr\/#\/schema\/logo\/image\/","url":"https:\/\/www.musee-mccord-stewart.ca\/app\/uploads\/2023\/05\/logo_museemccordstewart_horizontal_noir_slogan.svg","contentUrl":"https:\/\/www.musee-mccord-stewart.ca\/app\/uploads\/2023\/05\/logo_museemccordstewart_horizontal_noir_slogan.svg","width":1,"height":1,"caption":"McCord Stewart Museum"},"image":{"@id":"https:\/\/www.musee-mccord-stewart.ca\/fr\/#\/schema\/logo\/image\/"},"sameAs":["https:\/\/www.facebook.com\/museemccordstewart","https:\/\/twitter.com\/MuseeMcCordStew","https:\/\/instagram.com\/museemccordstewart","https:\/\/www.linkedin.com\/company\/museemccordstewart\/","https:\/\/www.pinterest.com\/museemccordstewart\/","https:\/\/www.youtube.com\/c\/MuseeMcCordStewartMuseum"]}]}},"_links":{"self":[{"href":"https:\/\/www.musee-mccord-stewart.ca\/fr\/wp-json\/wp\/v2\/pages\/42426"}],"collection":[{"href":"https:\/\/www.musee-mccord-stewart.ca\/fr\/wp-json\/wp\/v2\/pages"}],"about":[{"href":"https:\/\/www.musee-mccord-stewart.ca\/fr\/wp-json\/wp\/v2\/types\/page"}],"author":[{"embeddable":true,"href":"https:\/\/www.musee-mccord-stewart.ca\/fr\/wp-json\/wp\/v2\/users\/17"}],"replies":[{"embeddable":true,"href":"https:\/\/www.musee-mccord-stewart.ca\/fr\/wp-json\/wp\/v2\/comments?post=42426"}],"version-history":[{"count":0,"href":"https:\/\/www.musee-mccord-stewart.ca\/fr\/wp-json\/wp\/v2\/pages\/42426\/revisions"}],"up":[{"embeddable":true,"href":"https:\/\/www.musee-mccord-stewart.ca\/fr\/wp-json\/wp\/v2\/pages\/42799"}],"wp:attachment":[{"href":"https:\/\/www.musee-mccord-stewart.ca\/fr\/wp-json\/wp\/v2\/media?parent=42426"}],"wp:term":[{"taxonomy":"category","embeddable":true,"href":"https:\/\/www.musee-mccord-stewart.ca\/fr\/wp-json\/wp\/v2\/categories?post=42426"},{"taxonomy":"post_tag","embeddable":true,"href":"https:\/\/www.musee-mccord-stewart.ca\/fr\/wp-json\/wp\/v2\/tags?post=42426"}],"curies":[{"name":"wp","href":"https:\/\/api.w.org\/{rel}","templated":true}]}}