{"id":42354,"date":"2022-09-28T10:17:56","date_gmt":"2022-09-28T14:17:56","guid":{"rendered":"https:\/\/www.musee-mccord-stewart.ca\/?page_id=42354"},"modified":"2025-10-02T11:27:37","modified_gmt":"2025-10-02T15:27:37","slug":"impact-de-votre-don","status":"publish","type":"page","link":"https:\/\/www.musee-mccord-stewart.ca\/fr\/impact-de-votre-don\/","title":{"rendered":"Impact de votre don"},"content":{"rendered":"<p>Vous faites beaucoup lorsque vous faites un don au Mus\u00e9e McCord Stewart.<\/p>\n<ul>\n<li><strong>Vous nous aidez<\/strong> \u00e0 pr\u00e9senter des <a title=\"\" href=\"https:\/\/www.musee-mccord-stewart.ca\/fr\/expositions\/\" target=\"_blank\" rel=\"noopener\">expositions<\/a> stimulantes et \u00e0 accueillir des artistes en r\u00e9sidence.<\/li>\n<li><strong>Vous soutenez nos efforts<\/strong> en mati\u00e8re de conservation et de restauration de nos vastes collections d\u2019objets, d\u2019images et de documents repr\u00e9sentant plus d\u2019un million et demi d&rsquo;objets regroup\u00e9s dans les <a title=\"\" href=\"https:\/\/www.musee-mccord-stewart.ca\/fr\/collections\/\" target=\"_blank\" rel=\"noopener\">collections<\/a> Archives, Art documentaire, Costume, mode et textiles, Cultures autochtones, Culture mat\u00e9rielle et Photographie.<\/li>\n<li><strong>Vous participez \u00e0 l\u2019offre<\/strong> d\u2019une programmation culturelle et <a title=\"\" href=\"https:\/\/www.musee-mccord-stewart.ca\/fr\/menu-activites\/\" target=\"_blank\" rel=\"noopener\">\u00e9ducative<\/a> audacieuse, rassembleuse et enrichissante pour tous.<\/li>\n<li><strong>Vous nous permettez d\u2019ouvrir nos portes<\/strong> gratuitement aux personnes qui autrement n\u2019auraient pas les moyens de nous visiter gr\u00e2ce \u00e0 votre soutien \u00e0 nos programmes d\u2019accessibilit\u00e9.<\/li>\n<li><strong>Vous aidez notre<\/strong> <a title=\"\" href=\"https:\/\/www.musee-mccord-stewart.ca\/fr\/collections\/centre-archives-et-de-documentation\/\" target=\"_blank\" rel=\"noopener\">Centre d\u2019archives et de documentation<\/a> \u00e0 demeurer <strong>LA<\/strong> r\u00e9f\u00e9rence pour les chercheurs d\u2019ici et d\u2019ailleurs.<\/li>\n<\/ul>\n<p>Et surtout, vous soutenez le mus\u00e9e que vous aimez. <strong>Votre g\u00e9n\u00e9rosit\u00e9 est vitale pour nous<\/strong>. Merci d\u2019en faire autant!<\/p>\n","protected":false},"excerpt":{"rendered":"<p>Vous faites beaucoup lorsque vous faites un don au Mus\u00e9e McCord Stewart. Vous nous aidez \u00e0 pr\u00e9senter des expositions stimulantes et \u00e0 accueillir des artistes en r\u00e9sidence. Vous soutenez nos efforts en mati\u00e8re de conservation et de restauration de nos vastes collections d\u2019objets, d\u2019images et de documents repr\u00e9sentant plus d\u2019un million et demi d&rsquo;objets regroup\u00e9s [&hellip;]<\/p>\n","protected":false},"author":17,"featured_media":0,"parent":0,"menu_order":0,"comment_status":"closed","ping_status":"closed","template":"page-templates\/page-texte.php","meta":{"footnotes":""},"categories":[],"tags":[],"acf":[],"yoast_head":"<!-- This site is optimized with the Yoast SEO Premium plugin v20.11 (Yoast SEO v20.11) - https:\/\/yoast.com\/wordpress\/plugins\/seo\/ -->\n<title>Impact de votre don - Mus\u00e9e McCord Stewart<\/title>\n<meta name=\"description\" content=\"Vous faites beaucoup lorsque vous faites un don Mus\u00e9e McCord Stewart: vous aidez \u00e0 c\u00e9l\u00e9brer la vie \u00e0 Montr\u00e9al, d\u2019hier et d\u2019aujourd\u2019hui.\" \/>\n<meta name=\"robots\" content=\"index, follow, max-snippet:-1, max-image-preview:large, max-video-preview:-1\" \/>\n<link rel=\"canonical\" href=\"https:\/\/www.musee-mccord-stewart.ca\/fr\/impact-de-votre-don\/\" \/>\n<meta property=\"og:locale\" content=\"fr_FR\" \/>\n<meta property=\"og:type\" content=\"article\" \/>\n<meta property=\"og:title\" content=\"Impact de votre don\" \/>\n<meta property=\"og:description\" content=\"Vous faites beaucoup lorsque vous faites un don Mus\u00e9e McCord Stewart: vous aidez \u00e0 c\u00e9l\u00e9brer la vie \u00e0 Montr\u00e9al, d\u2019hier et d\u2019aujourd\u2019hui.\" \/>\n<meta property=\"og:url\" content=\"https:\/\/www.musee-mccord-stewart.ca\/fr\/impact-de-votre-don\/\" \/>\n<meta property=\"og:site_name\" content=\"Mus\u00e9e McCord Stewart\" \/>\n<meta property=\"article:publisher\" content=\"https:\/\/www.facebook.com\/museemccordstewart\" \/>\n<meta property=\"article:modified_time\" content=\"2025-10-02T15:27:37+00:00\" \/>\n<meta property=\"og:image\" content=\"https:\/\/www.musee-mccord-stewart.ca\/app\/uploads\/2022\/09\/mccord-stewart_facade-exterieur-henderson-2022_roger-aziz_1320x480.jpg\" \/>\n\t<meta property=\"og:image:width\" content=\"1320\" \/>\n\t<meta property=\"og:image:height\" content=\"480\" \/>\n\t<meta property=\"og:image:type\" content=\"image\/jpeg\" \/>\n<meta name=\"twitter:card\" content=\"summary_large_image\" \/>\n<meta name=\"twitter:description\" content=\"Vous faites beaucoup lorsque vous faites un don Mus\u00e9e McCord Stewart: vous aidez \u00e0 c\u00e9l\u00e9brer la vie \u00e0 Montr\u00e9al, d\u2019hier et d\u2019aujourd\u2019hui.\" \/>\n<meta name=\"twitter:site\" content=\"@MuseeMcCordStew\" \/>\n<meta name=\"twitter:label1\" content=\"Dur\u00e9e de lecture estim\u00e9e\" \/>\n\t<meta name=\"twitter:data1\" content=\"1 minute\" \/>\n<script type=\"application\/ld+json\" class=\"yoast-schema-graph\">{\"@context\":\"https:\/\/schema.org\",\"@graph\":[{\"@type\":\"WebPage\",\"@id\":\"https:\/\/www.musee-mccord-stewart.ca\/fr\/impact-de-votre-don\/\",\"url\":\"https:\/\/www.musee-mccord-stewart.ca\/fr\/impact-de-votre-don\/\",\"name\":\"Impact de votre don - Mus\u00e9e McCord Stewart\",\"isPartOf\":{\"@id\":\"https:\/\/www.musee-mccord-stewart.ca\/fr\/#website\"},\"datePublished\":\"2022-09-28T14:17:56+00:00\",\"dateModified\":\"2025-10-02T15:27:37+00:00\",\"description\":\"Vous faites beaucoup lorsque vous faites un don Mus\u00e9e McCord Stewart: vous aidez \u00e0 c\u00e9l\u00e9brer la vie \u00e0 Montr\u00e9al, d\u2019hier et d\u2019aujourd\u2019hui.\",\"breadcrumb\":{\"@id\":\"https:\/\/www.musee-mccord-stewart.ca\/fr\/impact-de-votre-don\/#breadcrumb\"},\"inLanguage\":\"fr-FR\",\"potentialAction\":[{\"@type\":\"ReadAction\",\"target\":[\"https:\/\/www.musee-mccord-stewart.ca\/fr\/impact-de-votre-don\/\"]}]},{\"@type\":\"BreadcrumbList\",\"@id\":\"https:\/\/www.musee-mccord-stewart.ca\/fr\/impact-de-votre-don\/#breadcrumb\",\"itemListElement\":[{\"@type\":\"ListItem\",\"position\":1,\"name\":\"Accueil\",\"item\":\"https:\/\/www.musee-mccord-stewart.ca\/fr\/\"},{\"@type\":\"ListItem\",\"position\":2,\"name\":\"Impact de votre don\"}]},{\"@type\":\"WebSite\",\"@id\":\"https:\/\/www.musee-mccord-stewart.ca\/fr\/#website\",\"url\":\"https:\/\/www.musee-mccord-stewart.ca\/fr\/\",\"name\":\"Mus\u00e9e McCord Stewart\",\"description\":\"Notre monde, nos histoires\",\"publisher\":{\"@id\":\"https:\/\/www.musee-mccord-stewart.ca\/fr\/#organization\"},\"alternateName\":\"MCS\",\"potentialAction\":[{\"@type\":\"SearchAction\",\"target\":{\"@type\":\"EntryPoint\",\"urlTemplate\":\"https:\/\/www.musee-mccord-stewart.ca\/fr\/?s={search_term_string}\"},\"query-input\":\"required name=search_term_string\"}],\"inLanguage\":\"fr-FR\"},{\"@type\":\"Organization\",\"@id\":\"https:\/\/www.musee-mccord-stewart.ca\/fr\/#organization\",\"name\":\"McCord Stewart Museum\",\"alternateName\":\"MCS\",\"url\":\"https:\/\/www.musee-mccord-stewart.ca\/fr\/\",\"logo\":{\"@type\":\"ImageObject\",\"inLanguage\":\"fr-FR\",\"@id\":\"https:\/\/www.musee-mccord-stewart.ca\/fr\/#\/schema\/logo\/image\/\",\"url\":\"https:\/\/www.musee-mccord-stewart.ca\/app\/uploads\/2023\/05\/logo_museemccordstewart_horizontal_noir_slogan.svg\",\"contentUrl\":\"https:\/\/www.musee-mccord-stewart.ca\/app\/uploads\/2023\/05\/logo_museemccordstewart_horizontal_noir_slogan.svg\",\"width\":1,\"height\":1,\"caption\":\"McCord Stewart Museum\"},\"image\":{\"@id\":\"https:\/\/www.musee-mccord-stewart.ca\/fr\/#\/schema\/logo\/image\/\"},\"sameAs\":[\"https:\/\/www.facebook.com\/museemccordstewart\",\"https:\/\/twitter.com\/MuseeMcCordStew\",\"https:\/\/instagram.com\/museemccordstewart\",\"https:\/\/www.linkedin.com\/company\/museemccordstewart\/\",\"https:\/\/www.pinterest.com\/museemccordstewart\/\",\"https:\/\/www.youtube.com\/c\/MuseeMcCordStewartMuseum\"]}]}<\/script>\n<!-- \/ Yoast SEO Premium plugin. -->","yoast_head_json":{"title":"Impact de votre don - Mus\u00e9e McCord Stewart","description":"Vous faites beaucoup lorsque vous faites un don Mus\u00e9e McCord Stewart: vous aidez \u00e0 c\u00e9l\u00e9brer la vie \u00e0 Montr\u00e9al, d\u2019hier et d\u2019aujourd\u2019hui.","robots":{"index":"index","follow":"follow","max-snippet":"max-snippet:-1","max-image-preview":"max-image-preview:large","max-video-preview":"max-video-preview:-1"},"canonical":"https:\/\/www.musee-mccord-stewart.ca\/fr\/impact-de-votre-don\/","og_locale":"fr_FR","og_type":"article","og_title":"Impact de votre don","og_description":"Vous faites beaucoup lorsque vous faites un don Mus\u00e9e McCord Stewart: vous aidez \u00e0 c\u00e9l\u00e9brer la vie \u00e0 Montr\u00e9al, d\u2019hier et d\u2019aujourd\u2019hui.","og_url":"https:\/\/www.musee-mccord-stewart.ca\/fr\/impact-de-votre-don\/","og_site_name":"Mus\u00e9e McCord Stewart","article_publisher":"https:\/\/www.facebook.com\/museemccordstewart","article_modified_time":"2025-10-02T15:27:37+00:00","og_image":[{"width":1320,"height":480,"url":"https:\/\/www.musee-mccord-stewart.ca\/app\/uploads\/2022\/09\/mccord-stewart_facade-exterieur-henderson-2022_roger-aziz_1320x480.jpg","type":"image\/jpeg"}],"twitter_card":"summary_large_image","twitter_description":"Vous faites beaucoup lorsque vous faites un don Mus\u00e9e McCord Stewart: vous aidez \u00e0 c\u00e9l\u00e9brer la vie \u00e0 Montr\u00e9al, d\u2019hier et d\u2019aujourd\u2019hui.","twitter_site":"@MuseeMcCordStew","twitter_misc":{"Dur\u00e9e de lecture estim\u00e9e":"1 minute"},"schema":{"@context":"https:\/\/schema.org","@graph":[{"@type":"WebPage","@id":"https:\/\/www.musee-mccord-stewart.ca\/fr\/impact-de-votre-don\/","url":"https:\/\/www.musee-mccord-stewart.ca\/fr\/impact-de-votre-don\/","name":"Impact de votre don - Mus\u00e9e McCord Stewart","isPartOf":{"@id":"https:\/\/www.musee-mccord-stewart.ca\/fr\/#website"},"datePublished":"2022-09-28T14:17:56+00:00","dateModified":"2025-10-02T15:27:37+00:00","description":"Vous faites beaucoup lorsque vous faites un don Mus\u00e9e McCord Stewart: vous aidez \u00e0 c\u00e9l\u00e9brer la vie \u00e0 Montr\u00e9al, d\u2019hier et d\u2019aujourd\u2019hui.","breadcrumb":{"@id":"https:\/\/www.musee-mccord-stewart.ca\/fr\/impact-de-votre-don\/#breadcrumb"},"inLanguage":"fr-FR","potentialAction":[{"@type":"ReadAction","target":["https:\/\/www.musee-mccord-stewart.ca\/fr\/impact-de-votre-don\/"]}]},{"@type":"BreadcrumbList","@id":"https:\/\/www.musee-mccord-stewart.ca\/fr\/impact-de-votre-don\/#breadcrumb","itemListElement":[{"@type":"ListItem","position":1,"name":"Accueil","item":"https:\/\/www.musee-mccord-stewart.ca\/fr\/"},{"@type":"ListItem","position":2,"name":"Impact de votre don"}]},{"@type":"WebSite","@id":"https:\/\/www.musee-mccord-stewart.ca\/fr\/#website","url":"https:\/\/www.musee-mccord-stewart.ca\/fr\/","name":"Mus\u00e9e McCord Stewart","description":"Notre monde, nos histoires","publisher":{"@id":"https:\/\/www.musee-mccord-stewart.ca\/fr\/#organization"},"alternateName":"MCS","potentialAction":[{"@type":"SearchAction","target":{"@type":"EntryPoint","urlTemplate":"https:\/\/www.musee-mccord-stewart.ca\/fr\/?s={search_term_string}"},"query-input":"required name=search_term_string"}],"inLanguage":"fr-FR"},{"@type":"Organization","@id":"https:\/\/www.musee-mccord-stewart.ca\/fr\/#organization","name":"McCord Stewart Museum","alternateName":"MCS","url":"https:\/\/www.musee-mccord-stewart.ca\/fr\/","logo":{"@type":"ImageObject","inLanguage":"fr-FR","@id":"https:\/\/www.musee-mccord-stewart.ca\/fr\/#\/schema\/logo\/image\/","url":"https:\/\/www.musee-mccord-stewart.ca\/app\/uploads\/2023\/05\/logo_museemccordstewart_horizontal_noir_slogan.svg","contentUrl":"https:\/\/www.musee-mccord-stewart.ca\/app\/uploads\/2023\/05\/logo_museemccordstewart_horizontal_noir_slogan.svg","width":1,"height":1,"caption":"McCord Stewart Museum"},"image":{"@id":"https:\/\/www.musee-mccord-stewart.ca\/fr\/#\/schema\/logo\/image\/"},"sameAs":["https:\/\/www.facebook.com\/museemccordstewart","https:\/\/twitter.com\/MuseeMcCordStew","https:\/\/instagram.com\/museemccordstewart","https:\/\/www.linkedin.com\/company\/museemccordstewart\/","https:\/\/www.pinterest.com\/museemccordstewart\/","https:\/\/www.youtube.com\/c\/MuseeMcCordStewartMuseum"]}]}},"_links":{"self":[{"href":"https:\/\/www.musee-mccord-stewart.ca\/fr\/wp-json\/wp\/v2\/pages\/42354"}],"collection":[{"href":"https:\/\/www.musee-mccord-stewart.ca\/fr\/wp-json\/wp\/v2\/pages"}],"about":[{"href":"https:\/\/www.musee-mccord-stewart.ca\/fr\/wp-json\/wp\/v2\/types\/page"}],"author":[{"embeddable":true,"href":"https:\/\/www.musee-mccord-stewart.ca\/fr\/wp-json\/wp\/v2\/users\/17"}],"replies":[{"embeddable":true,"href":"https:\/\/www.musee-mccord-stewart.ca\/fr\/wp-json\/wp\/v2\/comments?post=42354"}],"version-history":[{"count":0,"href":"https:\/\/www.musee-mccord-stewart.ca\/fr\/wp-json\/wp\/v2\/pages\/42354\/revisions"}],"wp:attachment":[{"href":"https:\/\/www.musee-mccord-stewart.ca\/fr\/wp-json\/wp\/v2\/media?parent=42354"}],"wp:term":[{"taxonomy":"category","embeddable":true,"href":"https:\/\/www.musee-mccord-stewart.ca\/fr\/wp-json\/wp\/v2\/categories?post=42354"},{"taxonomy":"post_tag","embeddable":true,"href":"https:\/\/www.musee-mccord-stewart.ca\/fr\/wp-json\/wp\/v2\/tags?post=42354"}],"curies":[{"name":"wp","href":"https:\/\/api.w.org\/{rel}","templated":true}]}}