{"id":42325,"date":"2022-09-26T11:55:08","date_gmt":"2022-09-26T15:55:08","guid":{"rendered":"https:\/\/www.musee-mccord-stewart.ca\/?page_id=42325"},"modified":"2023-07-25T14:53:35","modified_gmt":"2023-07-25T18:53:35","slug":"vins-bouchees-made-in-ici","status":"publish","type":"page","link":"https:\/\/www.musee-mccord-stewart.ca\/fr\/donner-et-simpliquer\/evenements\/vins-bouchees-made-in-ici\/","title":{"rendered":"Vins et bouch\u00e9es <i>Made in ICI<\/i>"},"content":{"rendered":"<p>Cette soir\u00e9e-b\u00e9n\u00e9fice unique \u00e0 Montr\u00e9al qui <strong>r\u00e9unit les PME<\/strong> et les <strong>entrepreneurs d&rsquo;ici<\/strong>, rend hommage aux vignerons canadiens et aux restaurateurs locaux en mettant en valeur leurs produits et leurs entreprises.<\/p>\n<p>La derni\u00e8re \u00e9dition en 2020 a r\u00e9uni 230 convives qui ont permis de r\u00e9colter la somme de 40\u00a0000 $ remise au Mus\u00e9e McCord Stewart <strong>pour soutenir des expositions faisant rayonner des talents d\u2019ici<\/strong>. Pour recevoir en primeur des nouvelles de la prochaine \u00e9dition du Vins et bouch\u00e9es <em>Made in ICI<\/em>, inscrivez-vous \u00e0 la <a title=\"\" href=\"https:\/\/pages.mccord.museum\/Landing-Fondation-infolettre-fr\" target=\"_blank\" rel=\"noopener\">liste de communication de la Fondation du Mus\u00e9e<\/a>.<\/p>\n<p><a title=\"\" href=\"https:\/\/www.facebook.com\/media\/set\/?set=a.10157797739026578&amp;type=3\" target=\"_blank\" rel=\"noopener\">Cliquez ici<\/a> pour voir d\u2019autres photos de l\u2019\u00e9dition 2020 de Vins et bouch\u00e9es <i>Made in ICI.<\/i><\/p>\n<ul class=\"sliderTiny\">\n<li>\n<img decoding=\"async\" src=\"https:\/\/www.musee-mccord-stewart.ca\/app\/uploads\/2020\/03\/mccord-fondation_vin-bouchees_made-in-ici_2020_100220-24-1200x800.jpg\" alt=\"Photo : Thibault Caron\" title=\"Photo : Thibault Caron\" \/>\n<\/li>\n<li>\n<img decoding=\"async\" src=\"https:\/\/www.musee-mccord-stewart.ca\/app\/uploads\/2020\/03\/mccord-fondation_vin-bouchees_made-in-ici_2020_100220-11.jpg\" alt=\"Photo : Thibault Caron\" title=\"Photo : Thibault Caron\" \/>\n<\/li>\n<li>\n<img decoding=\"async\" src=\"https:\/\/www.musee-mccord-stewart.ca\/app\/uploads\/2020\/03\/mccord-fondation_vin-bouchees_made-in-ici_2020_100220-95-1200x800.jpg\" alt=\"Photo : Thibault Caron\" title=\"Photo : Thibault Caron\" \/>\n<\/li>\n<li>\n<img decoding=\"async\" src=\"https:\/\/www.musee-mccord-stewart.ca\/app\/uploads\/2020\/03\/mccord-fondation_vin-bouchees_made-in-ici_2020_100220-134-1200x800.jpg\" alt=\"Photo : Thibault Caron\" title=\"Photo : Thibault Caron\" \/>\n<\/li>\n<li>\n<img decoding=\"async\" src=\"https:\/\/www.musee-mccord-stewart.ca\/app\/uploads\/2020\/03\/mccord-fondation_vin-bouchees_made-in-ici_2020_100220-69-1200x800.jpg\" alt=\"Photo : Thibault Caron\" title=\"Photo : Thibault Caron\" \/>\n<\/li>\n<li>\n<img decoding=\"async\" src=\"https:\/\/www.musee-mccord-stewart.ca\/app\/uploads\/2020\/03\/mccord-fondation_vin-bouchees_made-in-ici_2020_100220-142-1200x800.jpg\" alt=\"Photo : Thibault Caron\" title=\"Photo : Thibault Caron\" \/>\n<\/li>\n<li>\n<img decoding=\"async\" src=\"https:\/\/www.musee-mccord-stewart.ca\/app\/uploads\/2020\/03\/mccord-fondation_vin-bouchees_made-in-ici_2020_100220-48-1200x800.jpg\" alt=\"Photo : Thibault Caron\" title=\"Photo : Thibault Caron\" \/>\n<\/li>\n<li>\n<img decoding=\"async\" src=\"https:\/\/www.musee-mccord-stewart.ca\/app\/uploads\/2020\/03\/mccord-fondation_vin-bouchees_made-in-ici_2020_100220-39.jpg\" alt=\"Photo : Thibault Caron\" title=\"Photo : Thibault Caron\" \/>\n<\/li>\n<\/ul>\n\n","protected":false},"excerpt":{"rendered":"<p>Cette soir\u00e9e-b\u00e9n\u00e9fice unique \u00e0 Montr\u00e9al qui r\u00e9unit les PME et les entrepreneurs d&rsquo;ici, rend hommage aux vignerons canadiens et aux restaurateurs locaux en mettant en valeur leurs produits et leurs entreprises. La derni\u00e8re \u00e9dition en 2020 a r\u00e9uni 230 convives qui ont permis de r\u00e9colter la somme de 40\u00a0000 $ remise au Mus\u00e9e McCord Stewart [&hellip;]<\/p>\n","protected":false},"author":17,"featured_media":0,"parent":42315,"menu_order":0,"comment_status":"closed","ping_status":"closed","template":"page-templates\/page-texte.php","meta":{"footnotes":""},"categories":[],"tags":[],"acf":[],"yoast_head":"<!-- This site is optimized with the Yoast SEO Premium plugin v20.11 (Yoast SEO v20.11) - https:\/\/yoast.com\/wordpress\/plugins\/seo\/ -->\n<title>Vins et bouch\u00e9es Made in ICI - Fondation - Mus\u00e9e McCord Stewart<\/title>\n<meta name=\"description\" content=\"Une soir\u00e9e qui r\u00e9unit les PME et les entrepreneurs d&#039;ici et rendant hommage aux vignerons canadiens et restaurateurs locaux.\" \/>\n<meta name=\"robots\" content=\"index, follow, max-snippet:-1, max-image-preview:large, max-video-preview:-1\" \/>\n<link rel=\"canonical\" href=\"https:\/\/www.musee-mccord-stewart.ca\/fr\/donner-et-simpliquer\/evenements\/vins-bouchees-made-in-ici\/\" \/>\n<meta property=\"og:locale\" content=\"fr_FR\" \/>\n<meta property=\"og:type\" content=\"article\" \/>\n<meta property=\"og:title\" content=\"Vins et bouch\u00e9es Made in ICI\" \/>\n<meta property=\"og:description\" content=\"Une soir\u00e9e qui r\u00e9unit les PME et les entrepreneurs d&#039;ici et rendant hommage aux vignerons canadiens et restaurateurs locaux.\" \/>\n<meta property=\"og:url\" content=\"https:\/\/www.musee-mccord-stewart.ca\/fr\/donner-et-simpliquer\/evenements\/vins-bouchees-made-in-ici\/\" \/>\n<meta property=\"og:site_name\" content=\"Mus\u00e9e McCord Stewart\" \/>\n<meta property=\"article:publisher\" content=\"https:\/\/www.facebook.com\/museemccordstewart\" \/>\n<meta property=\"article:modified_time\" content=\"2023-07-25T18:53:35+00:00\" \/>\n<meta property=\"og:image\" content=\"https:\/\/www.musee-mccord-stewart.ca\/app\/uploads\/2022\/09\/visuel-madeinici_web_1320x480_fr.png\" \/>\n\t<meta property=\"og:image:width\" content=\"1320\" \/>\n\t<meta property=\"og:image:height\" content=\"480\" \/>\n\t<meta property=\"og:image:type\" content=\"image\/png\" \/>\n<meta name=\"twitter:card\" content=\"summary_large_image\" \/>\n<meta name=\"twitter:description\" content=\"Une soir\u00e9e qui r\u00e9unit les PME et les entrepreneurs d&#039;ici et rendant hommage aux vignerons canadiens et restaurateurs locaux.\" \/>\n<meta name=\"twitter:site\" content=\"@MuseeMcCordStew\" \/>\n<meta name=\"twitter:label1\" content=\"Dur\u00e9e de lecture estim\u00e9e\" \/>\n\t<meta name=\"twitter:data1\" content=\"1 minute\" \/>\n<script type=\"application\/ld+json\" class=\"yoast-schema-graph\">{\"@context\":\"https:\/\/schema.org\",\"@graph\":[{\"@type\":\"WebPage\",\"@id\":\"https:\/\/www.musee-mccord-stewart.ca\/fr\/donner-et-simpliquer\/evenements\/vins-bouchees-made-in-ici\/\",\"url\":\"https:\/\/www.musee-mccord-stewart.ca\/fr\/donner-et-simpliquer\/evenements\/vins-bouchees-made-in-ici\/\",\"name\":\"Vins et bouch\u00e9es Made in ICI - Fondation - Mus\u00e9e McCord Stewart\",\"isPartOf\":{\"@id\":\"https:\/\/www.musee-mccord-stewart.ca\/fr\/#website\"},\"datePublished\":\"2022-09-26T15:55:08+00:00\",\"dateModified\":\"2023-07-25T18:53:35+00:00\",\"description\":\"Une soir\u00e9e qui r\u00e9unit les PME et les entrepreneurs d'ici et rendant hommage aux vignerons canadiens et restaurateurs locaux.\",\"breadcrumb\":{\"@id\":\"https:\/\/www.musee-mccord-stewart.ca\/fr\/donner-et-simpliquer\/evenements\/vins-bouchees-made-in-ici\/#breadcrumb\"},\"inLanguage\":\"fr-FR\",\"potentialAction\":[{\"@type\":\"ReadAction\",\"target\":[\"https:\/\/www.musee-mccord-stewart.ca\/fr\/donner-et-simpliquer\/evenements\/vins-bouchees-made-in-ici\/\"]}]},{\"@type\":\"BreadcrumbList\",\"@id\":\"https:\/\/www.musee-mccord-stewart.ca\/fr\/donner-et-simpliquer\/evenements\/vins-bouchees-made-in-ici\/#breadcrumb\",\"itemListElement\":[{\"@type\":\"ListItem\",\"position\":1,\"name\":\"Accueil\",\"item\":\"https:\/\/www.musee-mccord-stewart.ca\/fr\/\"},{\"@type\":\"ListItem\",\"position\":2,\"name\":\"Donner et s&rsquo;impliquer\",\"item\":\"https:\/\/www.musee-mccord-stewart.ca\/fr\/donner-et-simpliquer\/\"},{\"@type\":\"ListItem\",\"position\":3,\"name\":\"\u00c9v\u00e9nements\",\"item\":\"https:\/\/www.musee-mccord-stewart.ca\/fr\/donner-et-simpliquer\/evenements\/\"},{\"@type\":\"ListItem\",\"position\":4,\"name\":\"Vins et bouch\u00e9es Made in ICI\"}]},{\"@type\":\"WebSite\",\"@id\":\"https:\/\/www.musee-mccord-stewart.ca\/fr\/#website\",\"url\":\"https:\/\/www.musee-mccord-stewart.ca\/fr\/\",\"name\":\"Mus\u00e9e McCord Stewart\",\"description\":\"Notre monde, nos histoires\",\"publisher\":{\"@id\":\"https:\/\/www.musee-mccord-stewart.ca\/fr\/#organization\"},\"alternateName\":\"MCS\",\"potentialAction\":[{\"@type\":\"SearchAction\",\"target\":{\"@type\":\"EntryPoint\",\"urlTemplate\":\"https:\/\/www.musee-mccord-stewart.ca\/fr\/?s={search_term_string}\"},\"query-input\":\"required name=search_term_string\"}],\"inLanguage\":\"fr-FR\"},{\"@type\":\"Organization\",\"@id\":\"https:\/\/www.musee-mccord-stewart.ca\/fr\/#organization\",\"name\":\"McCord Stewart Museum\",\"alternateName\":\"MCS\",\"url\":\"https:\/\/www.musee-mccord-stewart.ca\/fr\/\",\"logo\":{\"@type\":\"ImageObject\",\"inLanguage\":\"fr-FR\",\"@id\":\"https:\/\/www.musee-mccord-stewart.ca\/fr\/#\/schema\/logo\/image\/\",\"url\":\"https:\/\/www.musee-mccord-stewart.ca\/app\/uploads\/2023\/05\/logo_museemccordstewart_horizontal_noir_slogan.svg\",\"contentUrl\":\"https:\/\/www.musee-mccord-stewart.ca\/app\/uploads\/2023\/05\/logo_museemccordstewart_horizontal_noir_slogan.svg\",\"width\":1,\"height\":1,\"caption\":\"McCord Stewart Museum\"},\"image\":{\"@id\":\"https:\/\/www.musee-mccord-stewart.ca\/fr\/#\/schema\/logo\/image\/\"},\"sameAs\":[\"https:\/\/www.facebook.com\/museemccordstewart\",\"https:\/\/twitter.com\/MuseeMcCordStew\",\"https:\/\/instagram.com\/museemccordstewart\",\"https:\/\/www.linkedin.com\/company\/museemccordstewart\/\",\"https:\/\/www.pinterest.com\/museemccordstewart\/\",\"https:\/\/www.youtube.com\/c\/MuseeMcCordStewartMuseum\"]}]}<\/script>\n<!-- \/ Yoast SEO Premium plugin. -->","yoast_head_json":{"title":"Vins et bouch\u00e9es Made in ICI - Fondation - Mus\u00e9e McCord Stewart","description":"Une soir\u00e9e qui r\u00e9unit les PME et les entrepreneurs d'ici et rendant hommage aux vignerons canadiens et restaurateurs locaux.","robots":{"index":"index","follow":"follow","max-snippet":"max-snippet:-1","max-image-preview":"max-image-preview:large","max-video-preview":"max-video-preview:-1"},"canonical":"https:\/\/www.musee-mccord-stewart.ca\/fr\/donner-et-simpliquer\/evenements\/vins-bouchees-made-in-ici\/","og_locale":"fr_FR","og_type":"article","og_title":"Vins et bouch\u00e9es Made in ICI","og_description":"Une soir\u00e9e qui r\u00e9unit les PME et les entrepreneurs d'ici et rendant hommage aux vignerons canadiens et restaurateurs locaux.","og_url":"https:\/\/www.musee-mccord-stewart.ca\/fr\/donner-et-simpliquer\/evenements\/vins-bouchees-made-in-ici\/","og_site_name":"Mus\u00e9e McCord Stewart","article_publisher":"https:\/\/www.facebook.com\/museemccordstewart","article_modified_time":"2023-07-25T18:53:35+00:00","og_image":[{"width":1320,"height":480,"url":"https:\/\/www.musee-mccord-stewart.ca\/app\/uploads\/2022\/09\/visuel-madeinici_web_1320x480_fr.png","type":"image\/png"}],"twitter_card":"summary_large_image","twitter_description":"Une soir\u00e9e qui r\u00e9unit les PME et les entrepreneurs d'ici et rendant hommage aux vignerons canadiens et restaurateurs locaux.","twitter_site":"@MuseeMcCordStew","twitter_misc":{"Dur\u00e9e de lecture estim\u00e9e":"1 minute"},"schema":{"@context":"https:\/\/schema.org","@graph":[{"@type":"WebPage","@id":"https:\/\/www.musee-mccord-stewart.ca\/fr\/donner-et-simpliquer\/evenements\/vins-bouchees-made-in-ici\/","url":"https:\/\/www.musee-mccord-stewart.ca\/fr\/donner-et-simpliquer\/evenements\/vins-bouchees-made-in-ici\/","name":"Vins et bouch\u00e9es Made in ICI - Fondation - Mus\u00e9e McCord Stewart","isPartOf":{"@id":"https:\/\/www.musee-mccord-stewart.ca\/fr\/#website"},"datePublished":"2022-09-26T15:55:08+00:00","dateModified":"2023-07-25T18:53:35+00:00","description":"Une soir\u00e9e qui r\u00e9unit les PME et les entrepreneurs d'ici et rendant hommage aux vignerons canadiens et restaurateurs locaux.","breadcrumb":{"@id":"https:\/\/www.musee-mccord-stewart.ca\/fr\/donner-et-simpliquer\/evenements\/vins-bouchees-made-in-ici\/#breadcrumb"},"inLanguage":"fr-FR","potentialAction":[{"@type":"ReadAction","target":["https:\/\/www.musee-mccord-stewart.ca\/fr\/donner-et-simpliquer\/evenements\/vins-bouchees-made-in-ici\/"]}]},{"@type":"BreadcrumbList","@id":"https:\/\/www.musee-mccord-stewart.ca\/fr\/donner-et-simpliquer\/evenements\/vins-bouchees-made-in-ici\/#breadcrumb","itemListElement":[{"@type":"ListItem","position":1,"name":"Accueil","item":"https:\/\/www.musee-mccord-stewart.ca\/fr\/"},{"@type":"ListItem","position":2,"name":"Donner et s&rsquo;impliquer","item":"https:\/\/www.musee-mccord-stewart.ca\/fr\/donner-et-simpliquer\/"},{"@type":"ListItem","position":3,"name":"\u00c9v\u00e9nements","item":"https:\/\/www.musee-mccord-stewart.ca\/fr\/donner-et-simpliquer\/evenements\/"},{"@type":"ListItem","position":4,"name":"Vins et bouch\u00e9es Made in ICI"}]},{"@type":"WebSite","@id":"https:\/\/www.musee-mccord-stewart.ca\/fr\/#website","url":"https:\/\/www.musee-mccord-stewart.ca\/fr\/","name":"Mus\u00e9e McCord Stewart","description":"Notre monde, nos histoires","publisher":{"@id":"https:\/\/www.musee-mccord-stewart.ca\/fr\/#organization"},"alternateName":"MCS","potentialAction":[{"@type":"SearchAction","target":{"@type":"EntryPoint","urlTemplate":"https:\/\/www.musee-mccord-stewart.ca\/fr\/?s={search_term_string}"},"query-input":"required name=search_term_string"}],"inLanguage":"fr-FR"},{"@type":"Organization","@id":"https:\/\/www.musee-mccord-stewart.ca\/fr\/#organization","name":"McCord Stewart Museum","alternateName":"MCS","url":"https:\/\/www.musee-mccord-stewart.ca\/fr\/","logo":{"@type":"ImageObject","inLanguage":"fr-FR","@id":"https:\/\/www.musee-mccord-stewart.ca\/fr\/#\/schema\/logo\/image\/","url":"https:\/\/www.musee-mccord-stewart.ca\/app\/uploads\/2023\/05\/logo_museemccordstewart_horizontal_noir_slogan.svg","contentUrl":"https:\/\/www.musee-mccord-stewart.ca\/app\/uploads\/2023\/05\/logo_museemccordstewart_horizontal_noir_slogan.svg","width":1,"height":1,"caption":"McCord Stewart Museum"},"image":{"@id":"https:\/\/www.musee-mccord-stewart.ca\/fr\/#\/schema\/logo\/image\/"},"sameAs":["https:\/\/www.facebook.com\/museemccordstewart","https:\/\/twitter.com\/MuseeMcCordStew","https:\/\/instagram.com\/museemccordstewart","https:\/\/www.linkedin.com\/company\/museemccordstewart\/","https:\/\/www.pinterest.com\/museemccordstewart\/","https:\/\/www.youtube.com\/c\/MuseeMcCordStewartMuseum"]}]}},"_links":{"self":[{"href":"https:\/\/www.musee-mccord-stewart.ca\/fr\/wp-json\/wp\/v2\/pages\/42325"}],"collection":[{"href":"https:\/\/www.musee-mccord-stewart.ca\/fr\/wp-json\/wp\/v2\/pages"}],"about":[{"href":"https:\/\/www.musee-mccord-stewart.ca\/fr\/wp-json\/wp\/v2\/types\/page"}],"author":[{"embeddable":true,"href":"https:\/\/www.musee-mccord-stewart.ca\/fr\/wp-json\/wp\/v2\/users\/17"}],"replies":[{"embeddable":true,"href":"https:\/\/www.musee-mccord-stewart.ca\/fr\/wp-json\/wp\/v2\/comments?post=42325"}],"version-history":[{"count":0,"href":"https:\/\/www.musee-mccord-stewart.ca\/fr\/wp-json\/wp\/v2\/pages\/42325\/revisions"}],"up":[{"embeddable":true,"href":"https:\/\/www.musee-mccord-stewart.ca\/fr\/wp-json\/wp\/v2\/pages\/42315"}],"wp:attachment":[{"href":"https:\/\/www.musee-mccord-stewart.ca\/fr\/wp-json\/wp\/v2\/media?parent=42325"}],"wp:term":[{"taxonomy":"category","embeddable":true,"href":"https:\/\/www.musee-mccord-stewart.ca\/fr\/wp-json\/wp\/v2\/categories?post=42325"},{"taxonomy":"post_tag","embeddable":true,"href":"https:\/\/www.musee-mccord-stewart.ca\/fr\/wp-json\/wp\/v2\/tags?post=42325"}],"curies":[{"name":"wp","href":"https:\/\/api.w.org\/{rel}","templated":true}]}}