{"id":42323,"date":"2022-09-26T11:31:38","date_gmt":"2022-09-26T15:31:38","guid":{"rendered":"https:\/\/www.musee-mccord-stewart.ca\/?page_id=42323"},"modified":"2026-02-16T13:40:05","modified_gmt":"2026-02-16T18:40:05","slug":"cocktail-reconnaissance","status":"publish","type":"page","link":"https:\/\/www.musee-mccord-stewart.ca\/fr\/donner-et-simpliquer\/evenements\/cocktail-reconnaissance\/","title":{"rendered":"Cocktail de reconnaissance"},"content":{"rendered":"<h2>Retour sur l\u2019\u00e9dition 2025<\/h2>\n<h3><span data-teams=\"true\"><strong>Un cocktail g\u00e9n\u00e9reux en \u00e9motions et en reconnaissance<\/strong><\/span><\/h3>\n<p>Notre traditionnel Cocktail de reconnaissance s\u2019est tenu le 12 juin dernier au Mus\u00e9e, dans une ambiance des plus conviviales.<\/p>\n<p>Cette 16<sup>e<\/sup> \u00e9dition a rassembl\u00e9 plus d\u2019une centaine d\u2019invit\u00e9\u00b7e\u00b7s, qui ont eu le plaisir d\u2019\u00e9changer avec nos sp\u00e9cialistes en conservation et en restauration, dont la passion pour les collections du Mus\u00e9e a donn\u00e9 vie aux objets expos\u00e9s dans la vitrine \u00e9ph\u00e9m\u00e8re du Th\u00e9\u00e2tre. Ce moment privil\u00e9gi\u00e9 a permis de d\u00e9couvrir une s\u00e9lection exclusive de nos acquisitions r\u00e9centes.<\/p>\n<p>Nous avons \u00e9galement eu le privil\u00e8ge de pr\u00e9senter notre programme de commandite Grand partenaire, structur\u00e9 autour de cinq piliers strat\u00e9giques, dont celui de la Montr\u00e9alit\u00e9, mis en lumi\u00e8re lors de cette soir\u00e9e avec notre partenaire Power Corporation du Canada; <span data-teams=\"true\">un alli\u00e9 de confiance qui accompagne le Mus\u00e9e depuis plus de <strong>35 ans.<\/strong><\/span><\/p>\n<p>Nous avons \u00e9t\u00e9 profond\u00e9ment touch\u00e9s par la pr\u00e9sence et l\u2019engagement de celles et ceux qui soutiennent g\u00e9n\u00e9reusement la mission du Mus\u00e9e. Nous remercions chaleureusement nos donatrices, donateurs et b\u00e9n\u00e9voles du Mus\u00e9e McCord Stewart pour leur apport exceptionnel et leur fid\u00e9lit\u00e9.<\/p>\n<ul class=\"sliderTiny\">\n<li>\n<img decoding=\"async\" src=\"https:\/\/www.musee-mccord-stewart.ca\/app\/uploads\/2025\/06\/fondation-mccord_cocktail-reconnaissance_2025_13.png\" alt=\"\u00a9 \u00c9lias Touil, 2025\" title=\"\u00a9 \u00c9lias Touil, 2025\" \/>\n<\/li>\n<li>\n<img decoding=\"async\" src=\"https:\/\/www.musee-mccord-stewart.ca\/app\/uploads\/2025\/06\/fondation-mccord_cocktail-reconnaissance_2025_12.png\" alt=\"\u00a9 \u00c9lias Touil, 2025\" title=\"\u00a9 \u00c9lias Touil, 2025\" \/>\n<\/li>\n<li>\n<img decoding=\"async\" src=\"https:\/\/www.musee-mccord-stewart.ca\/app\/uploads\/2025\/06\/fondation-mccord_cocktail-reconnaissance_2025_14.png\" alt=\"\u00a9 \u00c9lias Touil, 2025\" title=\"\u00a9 \u00c9lias Touil, 2025\" \/>\n<\/li>\n<li>\n<img decoding=\"async\" src=\"https:\/\/www.musee-mccord-stewart.ca\/app\/uploads\/2025\/06\/fondation-mccord_cocktail-reconnaissance_2025_2.jpg\" alt=\"\u00a9 \u00c9lias Touil, 2025\" title=\"\u00a9 \u00c9lias Touil, 2025\" \/>\n<\/li>\n<li>\n<img decoding=\"async\" src=\"https:\/\/www.musee-mccord-stewart.ca\/app\/uploads\/2025\/06\/fondation-mccord_cocktail-reconnaissance_2025_1.jpg\" alt=\"\u00a9 \u00c9lias Touil, 2025\" title=\"\u00a9 \u00c9lias Touil, 2025\" \/>\n<\/li>\n<li>\n<img decoding=\"async\" src=\"https:\/\/www.musee-mccord-stewart.ca\/app\/uploads\/2025\/06\/fondation-mccord_cocktail-reconnaissance_2025_8.jpg\" alt=\"\u00a9 \u00c9lias Touil, 2025\" title=\"\u00a9 \u00c9lias Touil, 2025\" \/>\n<\/li>\n<li>\n<img decoding=\"async\" src=\"https:\/\/www.musee-mccord-stewart.ca\/app\/uploads\/2025\/06\/fondation-mccord_cocktail-reconnaissance_2025_3.jpg\" alt=\"\u00a9 \u00c9lias Touil, 2025\" title=\"\u00a9 \u00c9lias Touil, 2025\" \/>\n<\/li>\n<li>\n<img decoding=\"async\" src=\"https:\/\/www.musee-mccord-stewart.ca\/app\/uploads\/2025\/06\/fondation-mccord_cocktail-reconnaissance_2025_4.png\" alt=\"\u00a9 \u00c9lias Touil, 2025\" title=\"\u00a9 \u00c9lias Touil, 2025\" \/>\n<\/li>\n<li>\n<img decoding=\"async\" src=\"https:\/\/www.musee-mccord-stewart.ca\/app\/uploads\/2025\/06\/fondation-mccord_cocktail-reconnaissance_2025_5.jpg\" alt=\"\u00a9 \u00c9lias Touil, 2025\" title=\"\u00a9 \u00c9lias Touil, 2025\" \/>\n<\/li>\n<li>\n<img decoding=\"async\" src=\"https:\/\/www.musee-mccord-stewart.ca\/app\/uploads\/2025\/06\/fondation-mccord_cocktail-reconnaissance_2025_6.png\" alt=\"\u00a9 \u00c9lias Touil, 2025\" title=\"\u00a9 \u00c9lias Touil, 2025\" \/>\n<\/li>\n<li>\n<img decoding=\"async\" src=\"https:\/\/www.musee-mccord-stewart.ca\/app\/uploads\/2025\/06\/fondation-mccord_cocktail-reconnaissance_2025_9.jpg\" alt=\"\u00a9 \u00c9lias Touil, 2025\" title=\"\u00a9 \u00c9lias Touil, 2025\" \/>\n<\/li>\n<li>\n<img decoding=\"async\" src=\"https:\/\/www.musee-mccord-stewart.ca\/app\/uploads\/2025\/06\/fondation-mccord_cocktail-reconnaissance_2025_10.jpg\" alt=\"\u00a9 \u00c9lias Touil, 2025\" title=\"\u00a9 \u00c9lias Touil, 2025\" \/>\n<\/li>\n<li>\n<img decoding=\"async\" src=\"https:\/\/www.musee-mccord-stewart.ca\/app\/uploads\/2025\/06\/fondation-mccord_cocktail-reconnaissance_2025_7.png\" alt=\"\u00a9 \u00c9lias Touil, 2025\" title=\"\u00a9 \u00c9lias Touil, 2025\" \/>\n<\/li>\n<li>\n<img decoding=\"async\" src=\"https:\/\/www.musee-mccord-stewart.ca\/app\/uploads\/2025\/06\/fondation-mccord_cocktail-reconnaissance_2025_11.jpg\" alt=\"\u00a9 \u00c9lias Touil, 2025\" title=\"\u00a9 \u00c9lias Touil, 2025\" \/>\n<\/li>\n<\/ul>\n\n<p>Le cocktail de reconnaissance est une\u00a0<strong>soir\u00e9e exclusive o\u00f9 les convives sont invit\u00e9s \u00e0 venir rencontrer nos \u00e9quipes de la conservation et de la restauration<\/strong>\u00a0pour d\u00e9couvrir leurs objets coups de c\u0153ur des collections et des archives du Mus\u00e9e McCord Stewart pour les remercier de leur g\u00e9n\u00e9reux soutien \u00e0 la\u00a0<a title=\"Donner, c\u2019est faire vivre des histoires qui nous rassemblent\" href=\"https:\/\/www.musee-mccord-stewart.ca\/fr\/donner-et-simpliquer\/campagne-annuelle-financement\/\">campagne annuelle de financement<\/a>.<\/p>\n<p>Gr\u00e2ce aux g\u00e9n\u00e9reux dons de particuliers, d\u2019entreprises et de fondations priv\u00e9es, le Mus\u00e9e McCord Stewart est en mesure de r\u00e9aliser les initiatives suivantes :<\/p>\n<ul>\n<li>La pr\u00e9servation et la promotion de ses collections de renomm\u00e9e internationale<\/li>\n<li>La diffusion de l\u2019histoire de Montr\u00e9al, du Qu\u00e9bec et du Canada par le truchement de ses programmes \u00e9ducatifs ainsi que de ses expositions<\/li>\n<li>L\u2019appui des \u00e9quipes de conservation chevronn\u00e9es dans leurs rigoureuses activit\u00e9s de recherche et de publication<\/li>\n<\/ul>\n<table style=\"border-collapse: collapse; width: 100%;\">\n<tbody>\n<tr>\n<td style=\"width: 100%; text-align: center;\"><strong><a title=\"\" href=\"https:\/\/mccordmuseumfoundation.akaraisin.com\/ui\/5bf861a972f646ab967e6d5eba0c7171\/donations\/start\" target=\"_blank\" rel=\"noopener\">Donner \u00e0 la campagne de financement pour participer \u00e0 la prochaine \u00e9dition.<\/a><\/strong><\/td>\n<\/tr>\n<\/tbody>\n<\/table>\n","protected":false},"excerpt":{"rendered":"<p>Retour sur l\u2019\u00e9dition 2025 Un cocktail g\u00e9n\u00e9reux en \u00e9motions et en reconnaissance Notre traditionnel Cocktail de reconnaissance s\u2019est tenu le 12 juin dernier au Mus\u00e9e, dans une ambiance des plus conviviales. Cette 16e \u00e9dition a rassembl\u00e9 plus d\u2019une centaine d\u2019invit\u00e9\u00b7e\u00b7s, qui ont eu le plaisir d\u2019\u00e9changer avec nos sp\u00e9cialistes en conservation et en restauration, dont [&hellip;]<\/p>\n","protected":false},"author":17,"featured_media":0,"parent":42315,"menu_order":0,"comment_status":"closed","ping_status":"closed","template":"page-templates\/page-texte.php","meta":{"footnotes":""},"categories":[],"tags":[],"acf":[],"yoast_head":"<!-- This site is optimized with the Yoast SEO Premium plugin v20.11 (Yoast SEO v20.11) - https:\/\/yoast.com\/wordpress\/plugins\/seo\/ -->\n<title>Cocktail de reconnaissance - Mus\u00e9e McCord Stewart<\/title>\n<meta name=\"description\" content=\"Une soir\u00e9e exclusive o\u00f9\u00a0les donatrices et donateurs sont invit\u00e9\u00b7e\u00b7s \u00e0 venir rencontrer nos \u00e9quipes de la conservation et de la restauration.\" \/>\n<meta name=\"robots\" content=\"index, follow, max-snippet:-1, max-image-preview:large, max-video-preview:-1\" \/>\n<link rel=\"canonical\" href=\"https:\/\/www.musee-mccord-stewart.ca\/fr\/donner-et-simpliquer\/evenements\/cocktail-reconnaissance\/\" \/>\n<meta property=\"og:locale\" content=\"fr_FR\" \/>\n<meta property=\"og:type\" content=\"article\" \/>\n<meta property=\"og:title\" content=\"Cocktail de reconnaissance\" \/>\n<meta property=\"og:description\" content=\"Une soir\u00e9e exclusive o\u00f9\u00a0les donatrices et donateurs sont invit\u00e9\u00b7e\u00b7s \u00e0 venir rencontrer nos \u00e9quipes de la conservation et de la restauration.\" \/>\n<meta property=\"og:url\" content=\"https:\/\/www.musee-mccord-stewart.ca\/fr\/donner-et-simpliquer\/evenements\/cocktail-reconnaissance\/\" \/>\n<meta property=\"og:site_name\" content=\"Mus\u00e9e McCord Stewart\" \/>\n<meta property=\"article:publisher\" content=\"https:\/\/www.facebook.com\/museemccordstewart\" \/>\n<meta property=\"article:modified_time\" content=\"2026-02-16T18:40:05+00:00\" \/>\n<meta property=\"og:image\" content=\"https:\/\/www.musee-mccord-stewart.ca\/app\/uploads\/2025\/05\/mccord-stewart_fondation_cocktail-reconnaissance_640x375.jpg\" \/>\n\t<meta property=\"og:image:width\" content=\"640\" \/>\n\t<meta property=\"og:image:height\" content=\"375\" \/>\n\t<meta property=\"og:image:type\" content=\"image\/jpeg\" \/>\n<meta name=\"twitter:card\" content=\"summary_large_image\" \/>\n<meta name=\"twitter:description\" content=\"Une soir\u00e9e exclusive o\u00f9\u00a0les donatrices et donateurs sont invit\u00e9\u00b7e\u00b7s \u00e0 venir rencontrer nos \u00e9quipes de la conservation et de la restauration.\" \/>\n<meta name=\"twitter:site\" content=\"@MuseeMcCordStew\" \/>\n<meta name=\"twitter:label1\" content=\"Dur\u00e9e de lecture estim\u00e9e\" \/>\n\t<meta name=\"twitter:data1\" content=\"2 minutes\" \/>\n<script type=\"application\/ld+json\" class=\"yoast-schema-graph\">{\"@context\":\"https:\/\/schema.org\",\"@graph\":[{\"@type\":\"WebPage\",\"@id\":\"https:\/\/www.musee-mccord-stewart.ca\/fr\/donner-et-simpliquer\/evenements\/cocktail-reconnaissance\/\",\"url\":\"https:\/\/www.musee-mccord-stewart.ca\/fr\/donner-et-simpliquer\/evenements\/cocktail-reconnaissance\/\",\"name\":\"Cocktail de reconnaissance - Mus\u00e9e McCord Stewart\",\"isPartOf\":{\"@id\":\"https:\/\/www.musee-mccord-stewart.ca\/fr\/#website\"},\"datePublished\":\"2022-09-26T15:31:38+00:00\",\"dateModified\":\"2026-02-16T18:40:05+00:00\",\"description\":\"Une soir\u00e9e exclusive o\u00f9\u00a0les donatrices et donateurs sont invit\u00e9\u00b7e\u00b7s \u00e0 venir rencontrer nos \u00e9quipes de la conservation et de la restauration.\",\"breadcrumb\":{\"@id\":\"https:\/\/www.musee-mccord-stewart.ca\/fr\/donner-et-simpliquer\/evenements\/cocktail-reconnaissance\/#breadcrumb\"},\"inLanguage\":\"fr-FR\",\"potentialAction\":[{\"@type\":\"ReadAction\",\"target\":[\"https:\/\/www.musee-mccord-stewart.ca\/fr\/donner-et-simpliquer\/evenements\/cocktail-reconnaissance\/\"]}]},{\"@type\":\"BreadcrumbList\",\"@id\":\"https:\/\/www.musee-mccord-stewart.ca\/fr\/donner-et-simpliquer\/evenements\/cocktail-reconnaissance\/#breadcrumb\",\"itemListElement\":[{\"@type\":\"ListItem\",\"position\":1,\"name\":\"Accueil\",\"item\":\"https:\/\/www.musee-mccord-stewart.ca\/fr\/\"},{\"@type\":\"ListItem\",\"position\":2,\"name\":\"Donner et s&rsquo;impliquer\",\"item\":\"https:\/\/www.musee-mccord-stewart.ca\/fr\/donner-et-simpliquer\/\"},{\"@type\":\"ListItem\",\"position\":3,\"name\":\"\u00c9v\u00e9nements\",\"item\":\"https:\/\/www.musee-mccord-stewart.ca\/fr\/donner-et-simpliquer\/evenements\/\"},{\"@type\":\"ListItem\",\"position\":4,\"name\":\"Cocktail de reconnaissance\"}]},{\"@type\":\"WebSite\",\"@id\":\"https:\/\/www.musee-mccord-stewart.ca\/fr\/#website\",\"url\":\"https:\/\/www.musee-mccord-stewart.ca\/fr\/\",\"name\":\"Mus\u00e9e McCord Stewart\",\"description\":\"Notre monde, nos histoires\",\"publisher\":{\"@id\":\"https:\/\/www.musee-mccord-stewart.ca\/fr\/#organization\"},\"alternateName\":\"MCS\",\"potentialAction\":[{\"@type\":\"SearchAction\",\"target\":{\"@type\":\"EntryPoint\",\"urlTemplate\":\"https:\/\/www.musee-mccord-stewart.ca\/fr\/?s={search_term_string}\"},\"query-input\":\"required name=search_term_string\"}],\"inLanguage\":\"fr-FR\"},{\"@type\":\"Organization\",\"@id\":\"https:\/\/www.musee-mccord-stewart.ca\/fr\/#organization\",\"name\":\"McCord Stewart Museum\",\"alternateName\":\"MCS\",\"url\":\"https:\/\/www.musee-mccord-stewart.ca\/fr\/\",\"logo\":{\"@type\":\"ImageObject\",\"inLanguage\":\"fr-FR\",\"@id\":\"https:\/\/www.musee-mccord-stewart.ca\/fr\/#\/schema\/logo\/image\/\",\"url\":\"https:\/\/www.musee-mccord-stewart.ca\/app\/uploads\/2023\/05\/logo_museemccordstewart_horizontal_noir_slogan.svg\",\"contentUrl\":\"https:\/\/www.musee-mccord-stewart.ca\/app\/uploads\/2023\/05\/logo_museemccordstewart_horizontal_noir_slogan.svg\",\"width\":1,\"height\":1,\"caption\":\"McCord Stewart Museum\"},\"image\":{\"@id\":\"https:\/\/www.musee-mccord-stewart.ca\/fr\/#\/schema\/logo\/image\/\"},\"sameAs\":[\"https:\/\/www.facebook.com\/museemccordstewart\",\"https:\/\/twitter.com\/MuseeMcCordStew\",\"https:\/\/instagram.com\/museemccordstewart\",\"https:\/\/www.linkedin.com\/company\/museemccordstewart\/\",\"https:\/\/www.pinterest.com\/museemccordstewart\/\",\"https:\/\/www.youtube.com\/c\/MuseeMcCordStewartMuseum\"]}]}<\/script>\n<!-- \/ Yoast SEO Premium plugin. -->","yoast_head_json":{"title":"Cocktail de reconnaissance - Mus\u00e9e McCord Stewart","description":"Une soir\u00e9e exclusive o\u00f9\u00a0les donatrices et donateurs sont invit\u00e9\u00b7e\u00b7s \u00e0 venir rencontrer nos \u00e9quipes de la conservation et de la restauration.","robots":{"index":"index","follow":"follow","max-snippet":"max-snippet:-1","max-image-preview":"max-image-preview:large","max-video-preview":"max-video-preview:-1"},"canonical":"https:\/\/www.musee-mccord-stewart.ca\/fr\/donner-et-simpliquer\/evenements\/cocktail-reconnaissance\/","og_locale":"fr_FR","og_type":"article","og_title":"Cocktail de reconnaissance","og_description":"Une soir\u00e9e exclusive o\u00f9\u00a0les donatrices et donateurs sont invit\u00e9\u00b7e\u00b7s \u00e0 venir rencontrer nos \u00e9quipes de la conservation et de la restauration.","og_url":"https:\/\/www.musee-mccord-stewart.ca\/fr\/donner-et-simpliquer\/evenements\/cocktail-reconnaissance\/","og_site_name":"Mus\u00e9e McCord Stewart","article_publisher":"https:\/\/www.facebook.com\/museemccordstewart","article_modified_time":"2026-02-16T18:40:05+00:00","og_image":[{"width":640,"height":375,"url":"https:\/\/www.musee-mccord-stewart.ca\/app\/uploads\/2025\/05\/mccord-stewart_fondation_cocktail-reconnaissance_640x375.jpg","type":"image\/jpeg"}],"twitter_card":"summary_large_image","twitter_description":"Une soir\u00e9e exclusive o\u00f9\u00a0les donatrices et donateurs sont invit\u00e9\u00b7e\u00b7s \u00e0 venir rencontrer nos \u00e9quipes de la conservation et de la restauration.","twitter_site":"@MuseeMcCordStew","twitter_misc":{"Dur\u00e9e de lecture estim\u00e9e":"2 minutes"},"schema":{"@context":"https:\/\/schema.org","@graph":[{"@type":"WebPage","@id":"https:\/\/www.musee-mccord-stewart.ca\/fr\/donner-et-simpliquer\/evenements\/cocktail-reconnaissance\/","url":"https:\/\/www.musee-mccord-stewart.ca\/fr\/donner-et-simpliquer\/evenements\/cocktail-reconnaissance\/","name":"Cocktail de reconnaissance - Mus\u00e9e McCord Stewart","isPartOf":{"@id":"https:\/\/www.musee-mccord-stewart.ca\/fr\/#website"},"datePublished":"2022-09-26T15:31:38+00:00","dateModified":"2026-02-16T18:40:05+00:00","description":"Une soir\u00e9e exclusive o\u00f9\u00a0les donatrices et donateurs sont invit\u00e9\u00b7e\u00b7s \u00e0 venir rencontrer nos \u00e9quipes de la conservation et de la restauration.","breadcrumb":{"@id":"https:\/\/www.musee-mccord-stewart.ca\/fr\/donner-et-simpliquer\/evenements\/cocktail-reconnaissance\/#breadcrumb"},"inLanguage":"fr-FR","potentialAction":[{"@type":"ReadAction","target":["https:\/\/www.musee-mccord-stewart.ca\/fr\/donner-et-simpliquer\/evenements\/cocktail-reconnaissance\/"]}]},{"@type":"BreadcrumbList","@id":"https:\/\/www.musee-mccord-stewart.ca\/fr\/donner-et-simpliquer\/evenements\/cocktail-reconnaissance\/#breadcrumb","itemListElement":[{"@type":"ListItem","position":1,"name":"Accueil","item":"https:\/\/www.musee-mccord-stewart.ca\/fr\/"},{"@type":"ListItem","position":2,"name":"Donner et s&rsquo;impliquer","item":"https:\/\/www.musee-mccord-stewart.ca\/fr\/donner-et-simpliquer\/"},{"@type":"ListItem","position":3,"name":"\u00c9v\u00e9nements","item":"https:\/\/www.musee-mccord-stewart.ca\/fr\/donner-et-simpliquer\/evenements\/"},{"@type":"ListItem","position":4,"name":"Cocktail de reconnaissance"}]},{"@type":"WebSite","@id":"https:\/\/www.musee-mccord-stewart.ca\/fr\/#website","url":"https:\/\/www.musee-mccord-stewart.ca\/fr\/","name":"Mus\u00e9e McCord Stewart","description":"Notre monde, nos histoires","publisher":{"@id":"https:\/\/www.musee-mccord-stewart.ca\/fr\/#organization"},"alternateName":"MCS","potentialAction":[{"@type":"SearchAction","target":{"@type":"EntryPoint","urlTemplate":"https:\/\/www.musee-mccord-stewart.ca\/fr\/?s={search_term_string}"},"query-input":"required name=search_term_string"}],"inLanguage":"fr-FR"},{"@type":"Organization","@id":"https:\/\/www.musee-mccord-stewart.ca\/fr\/#organization","name":"McCord Stewart Museum","alternateName":"MCS","url":"https:\/\/www.musee-mccord-stewart.ca\/fr\/","logo":{"@type":"ImageObject","inLanguage":"fr-FR","@id":"https:\/\/www.musee-mccord-stewart.ca\/fr\/#\/schema\/logo\/image\/","url":"https:\/\/www.musee-mccord-stewart.ca\/app\/uploads\/2023\/05\/logo_museemccordstewart_horizontal_noir_slogan.svg","contentUrl":"https:\/\/www.musee-mccord-stewart.ca\/app\/uploads\/2023\/05\/logo_museemccordstewart_horizontal_noir_slogan.svg","width":1,"height":1,"caption":"McCord Stewart Museum"},"image":{"@id":"https:\/\/www.musee-mccord-stewart.ca\/fr\/#\/schema\/logo\/image\/"},"sameAs":["https:\/\/www.facebook.com\/museemccordstewart","https:\/\/twitter.com\/MuseeMcCordStew","https:\/\/instagram.com\/museemccordstewart","https:\/\/www.linkedin.com\/company\/museemccordstewart\/","https:\/\/www.pinterest.com\/museemccordstewart\/","https:\/\/www.youtube.com\/c\/MuseeMcCordStewartMuseum"]}]}},"_links":{"self":[{"href":"https:\/\/www.musee-mccord-stewart.ca\/fr\/wp-json\/wp\/v2\/pages\/42323"}],"collection":[{"href":"https:\/\/www.musee-mccord-stewart.ca\/fr\/wp-json\/wp\/v2\/pages"}],"about":[{"href":"https:\/\/www.musee-mccord-stewart.ca\/fr\/wp-json\/wp\/v2\/types\/page"}],"author":[{"embeddable":true,"href":"https:\/\/www.musee-mccord-stewart.ca\/fr\/wp-json\/wp\/v2\/users\/17"}],"replies":[{"embeddable":true,"href":"https:\/\/www.musee-mccord-stewart.ca\/fr\/wp-json\/wp\/v2\/comments?post=42323"}],"version-history":[{"count":0,"href":"https:\/\/www.musee-mccord-stewart.ca\/fr\/wp-json\/wp\/v2\/pages\/42323\/revisions"}],"up":[{"embeddable":true,"href":"https:\/\/www.musee-mccord-stewart.ca\/fr\/wp-json\/wp\/v2\/pages\/42315"}],"wp:attachment":[{"href":"https:\/\/www.musee-mccord-stewart.ca\/fr\/wp-json\/wp\/v2\/media?parent=42323"}],"wp:term":[{"taxonomy":"category","embeddable":true,"href":"https:\/\/www.musee-mccord-stewart.ca\/fr\/wp-json\/wp\/v2\/categories?post=42323"},{"taxonomy":"post_tag","embeddable":true,"href":"https:\/\/www.musee-mccord-stewart.ca\/fr\/wp-json\/wp\/v2\/tags?post=42323"}],"curies":[{"name":"wp","href":"https:\/\/api.w.org\/{rel}","templated":true}]}}