{"id":42281,"date":"2022-09-22T14:01:43","date_gmt":"2022-09-22T18:01:43","guid":{"rendered":"https:\/\/www.musee-mccord-stewart.ca\/?page_id=42281"},"modified":"2026-02-11T17:09:26","modified_gmt":"2026-02-11T22:09:26","slug":"don-planifie","status":"publish","type":"page","link":"https:\/\/www.musee-mccord-stewart.ca\/fr\/faites-un-don\/don-planifie\/","title":{"rendered":"Don planifi\u00e9 : vous \u00eates au c\u0153ur de nos histoires"},"content":{"rendered":"<h2><strong>Un don qui laisse une empreinte durable<\/strong><\/h2>\n<p>En choisissant de faire un don planifi\u00e9 \u00e0 la Fondation du Mus\u00e9e McCord Stewart, vous contribuez \u00e0 pr\u00e9server et \u00e0 transmettre notre m\u00e9moire collective. Vous soutenez la mise en valeur d\u2019un patrimoine artistique, culturel et historique exceptionnel dont le Mus\u00e9e est le gardien.<\/p>\n<p>En posant ce geste porteur de sens, vous vous inscrivez dans une tradition de g\u00e9n\u00e9rosit\u00e9 qui, depuis plus de cent ans, fa\u00e7onne le Mus\u00e9e McCord Stewart. Vous veillez \u00e0 ce que la m\u00e9moire vivante des histoires sociales d\u2019hier, d\u2019aujourd\u2019hui et de demain continue \u00e0 rayonner et \u00e0 inspirer les g\u00e9n\u00e9rations pr\u00e9sentes et futures.<\/p>\n<h2><strong>Un geste accessible \u00e0 toutes et \u00e0 tous qui refl\u00e8te vos valeurs<\/strong><\/h2>\n<p>Quel que soit le montant, le don planifi\u00e9 s\u2019int\u00e8gre naturellement \u00e0 la gestion de vos finances et \u00e0 la planification de votre succession, sans compromettre votre qualit\u00e9 de vie ni celle de vos proches. Il est possible de soutenir le Mus\u00e9e d\u00e8s aujourd\u2019hui, tout en pr\u00e9voyant un legs durable qui donne un sens \u00e0 votre engagement et perp\u00e9tue vos intentions \u00e0 long terme \u2014 un geste qui b\u00e9n\u00e9ficie \u00e0 la fois \u00e0 votre famille, \u00e0 vous-m\u00eame et \u00e0 la mission du Mus\u00e9e McCord Stewart.<\/p>\n<p><a class=\"download\" title=\"\" href=\"https:\/\/www.musee-mccord-stewart.ca\/app\/uploads\/2026\/02\/fondation_depliant_don-planifie_2026_fr.pdf\" target=\"_blank\" rel=\"noopener\">Pour tous les d\u00e9tails, nous vous invitons \u00e0 t\u00e9l\u00e9charger la brochure compl\u00e8te.<\/a><\/p>\n<h2><strong>Cercle H\u00e9ritage<\/strong><\/h2>\n<p>Nous remercions sinc\u00e8rement le soutien exemplaire des gens qui ont choisi de laisser une empreinte durable qui refl\u00e8te leurs valeurs et qui ouvre la voie \u00e0 la p\u00e9rennit\u00e9 du Mus\u00e9e. Le Cercle H\u00e9ritage accorde une reconnaissance \u00e0 toutes celles et \u00e0 tous ceux qui se sont engag\u00e9s en faisant une promesse de don \u00e0 la Fondation du Mus\u00e9e McCord Stewart, dans une disposition de testament ou toute autre forme de don planifi\u00e9.<\/p>\n<h2><strong>Dons par succession (excluant les dons aux collections)<\/strong><\/h2>\n<p>Nous rendons hommage \u00e0 toutes les personnes dont l\u2019exceptionnelle g\u00e9n\u00e9rosit\u00e9 s\u2019est concr\u00e9tis\u00e9e par un don de succession \u00e0 la Fondation du Mus\u00e9e McCord Stewart, depuis sa constitution. Par cet engagement durable, elles contribuent \u00e0 assurer la mission du Mus\u00e9e pour les g\u00e9n\u00e9rations futures.<\/p>\n<h3><strong>Pour plus de renseignements<\/strong><\/h3>\n<p><strong>Pierre Poirier<\/strong><br \/>\nConseiller principal, Campagne annuelle et dons planifi\u00e9s<br \/>\n514\u202f861-6701, poste 1237<br \/>\n<a href=\"mailto:Pierre.poirier@mccord-stewart.ca\">Pierre.poirier@mccord-stewart.ca<\/a><\/p>\n","protected":false},"excerpt":{"rendered":"<p>Un don qui laisse une empreinte durable En choisissant de faire un don planifi\u00e9 \u00e0 la Fondation du Mus\u00e9e McCord Stewart, vous contribuez \u00e0 pr\u00e9server et \u00e0 transmettre notre m\u00e9moire collective. Vous soutenez la mise en valeur d\u2019un patrimoine artistique, culturel et historique exceptionnel dont le Mus\u00e9e est le gardien. En posant ce geste porteur [&hellip;]<\/p>\n","protected":false},"author":17,"featured_media":0,"parent":42067,"menu_order":0,"comment_status":"closed","ping_status":"closed","template":"page-templates\/page-texte.php","meta":{"footnotes":""},"categories":[],"tags":[],"acf":[],"yoast_head":"<!-- This site is optimized with the Yoast SEO Premium plugin v20.11 (Yoast SEO v20.11) - https:\/\/yoast.com\/wordpress\/plugins\/seo\/ -->\n<title>Don planifi\u00e9 - Mus\u00e9e McCord Stewart<\/title>\n<meta name=\"description\" content=\"Laissez votre empreinte au Mus\u00e9e McCord Stewart par un don planifi\u00e9. Votre don nous permet d\u2019assurer la p\u00e9rennit\u00e9 du Mus\u00e9e.\" \/>\n<meta name=\"robots\" content=\"index, follow, max-snippet:-1, max-image-preview:large, max-video-preview:-1\" \/>\n<link rel=\"canonical\" href=\"https:\/\/www.musee-mccord-stewart.ca\/fr\/faites-un-don\/don-planifie\/\" \/>\n<meta property=\"og:locale\" content=\"fr_FR\" \/>\n<meta property=\"og:type\" content=\"article\" \/>\n<meta property=\"og:title\" content=\"Don planifi\u00e9 : vous \u00eates au c\u0153ur de nos histoires\" \/>\n<meta property=\"og:description\" content=\"Laissez votre empreinte au Mus\u00e9e McCord Stewart par un don planifi\u00e9. Votre don nous permet d\u2019assurer la p\u00e9rennit\u00e9 du Mus\u00e9e.\" \/>\n<meta property=\"og:url\" content=\"https:\/\/www.musee-mccord-stewart.ca\/fr\/faites-un-don\/don-planifie\/\" \/>\n<meta property=\"og:site_name\" content=\"Mus\u00e9e McCord Stewart\" \/>\n<meta property=\"article:publisher\" content=\"https:\/\/www.facebook.com\/museemccordstewart\" \/>\n<meta property=\"article:modified_time\" content=\"2026-02-11T22:09:26+00:00\" \/>\n<meta property=\"og:image\" content=\"https:\/\/www.musee-mccord-stewart.ca\/app\/uploads\/2025\/06\/mccord-stewart-don-planifie_1320x480.jpg\" \/>\n\t<meta property=\"og:image:width\" content=\"1320\" \/>\n\t<meta property=\"og:image:height\" content=\"480\" \/>\n\t<meta property=\"og:image:type\" content=\"image\/jpeg\" \/>\n<meta name=\"twitter:card\" content=\"summary_large_image\" \/>\n<meta name=\"twitter:description\" content=\"Laissez votre empreinte au Mus\u00e9e McCord Stewart par un don planifi\u00e9. Votre don nous permet d\u2019assurer la p\u00e9rennit\u00e9 du Mus\u00e9e.\" \/>\n<meta name=\"twitter:site\" content=\"@MuseeMcCordStew\" \/>\n<meta name=\"twitter:label1\" content=\"Dur\u00e9e de lecture estim\u00e9e\" \/>\n\t<meta name=\"twitter:data1\" content=\"2 minutes\" \/>\n<script type=\"application\/ld+json\" class=\"yoast-schema-graph\">{\"@context\":\"https:\/\/schema.org\",\"@graph\":[{\"@type\":\"WebPage\",\"@id\":\"https:\/\/www.musee-mccord-stewart.ca\/fr\/faites-un-don\/don-planifie\/\",\"url\":\"https:\/\/www.musee-mccord-stewart.ca\/fr\/faites-un-don\/don-planifie\/\",\"name\":\"Don planifi\u00e9 - Mus\u00e9e McCord Stewart\",\"isPartOf\":{\"@id\":\"https:\/\/www.musee-mccord-stewart.ca\/fr\/#website\"},\"datePublished\":\"2022-09-22T18:01:43+00:00\",\"dateModified\":\"2026-02-11T22:09:26+00:00\",\"description\":\"Laissez votre empreinte au Mus\u00e9e McCord Stewart par un don planifi\u00e9. Votre don nous permet d\u2019assurer la p\u00e9rennit\u00e9 du Mus\u00e9e.\",\"breadcrumb\":{\"@id\":\"https:\/\/www.musee-mccord-stewart.ca\/fr\/faites-un-don\/don-planifie\/#breadcrumb\"},\"inLanguage\":\"fr-FR\",\"potentialAction\":[{\"@type\":\"ReadAction\",\"target\":[\"https:\/\/www.musee-mccord-stewart.ca\/fr\/faites-un-don\/don-planifie\/\"]}]},{\"@type\":\"BreadcrumbList\",\"@id\":\"https:\/\/www.musee-mccord-stewart.ca\/fr\/faites-un-don\/don-planifie\/#breadcrumb\",\"itemListElement\":[{\"@type\":\"ListItem\",\"position\":1,\"name\":\"Accueil\",\"item\":\"https:\/\/www.musee-mccord-stewart.ca\/fr\/\"},{\"@type\":\"ListItem\",\"position\":2,\"name\":\"Fa\u00e7ons de donner\",\"item\":\"https:\/\/www.musee-mccord-stewart.ca\/fr\/faites-un-don\/\"},{\"@type\":\"ListItem\",\"position\":3,\"name\":\"Don planifi\u00e9 : vous \u00eates au c\u0153ur de nos histoires\"}]},{\"@type\":\"WebSite\",\"@id\":\"https:\/\/www.musee-mccord-stewart.ca\/fr\/#website\",\"url\":\"https:\/\/www.musee-mccord-stewart.ca\/fr\/\",\"name\":\"Mus\u00e9e McCord Stewart\",\"description\":\"Notre monde, nos histoires\",\"publisher\":{\"@id\":\"https:\/\/www.musee-mccord-stewart.ca\/fr\/#organization\"},\"alternateName\":\"MCS\",\"potentialAction\":[{\"@type\":\"SearchAction\",\"target\":{\"@type\":\"EntryPoint\",\"urlTemplate\":\"https:\/\/www.musee-mccord-stewart.ca\/fr\/?s={search_term_string}\"},\"query-input\":\"required name=search_term_string\"}],\"inLanguage\":\"fr-FR\"},{\"@type\":\"Organization\",\"@id\":\"https:\/\/www.musee-mccord-stewart.ca\/fr\/#organization\",\"name\":\"McCord Stewart Museum\",\"alternateName\":\"MCS\",\"url\":\"https:\/\/www.musee-mccord-stewart.ca\/fr\/\",\"logo\":{\"@type\":\"ImageObject\",\"inLanguage\":\"fr-FR\",\"@id\":\"https:\/\/www.musee-mccord-stewart.ca\/fr\/#\/schema\/logo\/image\/\",\"url\":\"https:\/\/www.musee-mccord-stewart.ca\/app\/uploads\/2023\/05\/logo_museemccordstewart_horizontal_noir_slogan.svg\",\"contentUrl\":\"https:\/\/www.musee-mccord-stewart.ca\/app\/uploads\/2023\/05\/logo_museemccordstewart_horizontal_noir_slogan.svg\",\"width\":1,\"height\":1,\"caption\":\"McCord Stewart Museum\"},\"image\":{\"@id\":\"https:\/\/www.musee-mccord-stewart.ca\/fr\/#\/schema\/logo\/image\/\"},\"sameAs\":[\"https:\/\/www.facebook.com\/museemccordstewart\",\"https:\/\/twitter.com\/MuseeMcCordStew\",\"https:\/\/instagram.com\/museemccordstewart\",\"https:\/\/www.linkedin.com\/company\/museemccordstewart\/\",\"https:\/\/www.pinterest.com\/museemccordstewart\/\",\"https:\/\/www.youtube.com\/c\/MuseeMcCordStewartMuseum\"]}]}<\/script>\n<!-- \/ Yoast SEO Premium plugin. -->","yoast_head_json":{"title":"Don planifi\u00e9 - Mus\u00e9e McCord Stewart","description":"Laissez votre empreinte au Mus\u00e9e McCord Stewart par un don planifi\u00e9. Votre don nous permet d\u2019assurer la p\u00e9rennit\u00e9 du Mus\u00e9e.","robots":{"index":"index","follow":"follow","max-snippet":"max-snippet:-1","max-image-preview":"max-image-preview:large","max-video-preview":"max-video-preview:-1"},"canonical":"https:\/\/www.musee-mccord-stewart.ca\/fr\/faites-un-don\/don-planifie\/","og_locale":"fr_FR","og_type":"article","og_title":"Don planifi\u00e9 : vous \u00eates au c\u0153ur de nos histoires","og_description":"Laissez votre empreinte au Mus\u00e9e McCord Stewart par un don planifi\u00e9. Votre don nous permet d\u2019assurer la p\u00e9rennit\u00e9 du Mus\u00e9e.","og_url":"https:\/\/www.musee-mccord-stewart.ca\/fr\/faites-un-don\/don-planifie\/","og_site_name":"Mus\u00e9e McCord Stewart","article_publisher":"https:\/\/www.facebook.com\/museemccordstewart","article_modified_time":"2026-02-11T22:09:26+00:00","og_image":[{"width":1320,"height":480,"url":"https:\/\/www.musee-mccord-stewart.ca\/app\/uploads\/2025\/06\/mccord-stewart-don-planifie_1320x480.jpg","type":"image\/jpeg"}],"twitter_card":"summary_large_image","twitter_description":"Laissez votre empreinte au Mus\u00e9e McCord Stewart par un don planifi\u00e9. Votre don nous permet d\u2019assurer la p\u00e9rennit\u00e9 du Mus\u00e9e.","twitter_site":"@MuseeMcCordStew","twitter_misc":{"Dur\u00e9e de lecture estim\u00e9e":"2 minutes"},"schema":{"@context":"https:\/\/schema.org","@graph":[{"@type":"WebPage","@id":"https:\/\/www.musee-mccord-stewart.ca\/fr\/faites-un-don\/don-planifie\/","url":"https:\/\/www.musee-mccord-stewart.ca\/fr\/faites-un-don\/don-planifie\/","name":"Don planifi\u00e9 - Mus\u00e9e McCord Stewart","isPartOf":{"@id":"https:\/\/www.musee-mccord-stewart.ca\/fr\/#website"},"datePublished":"2022-09-22T18:01:43+00:00","dateModified":"2026-02-11T22:09:26+00:00","description":"Laissez votre empreinte au Mus\u00e9e McCord Stewart par un don planifi\u00e9. Votre don nous permet d\u2019assurer la p\u00e9rennit\u00e9 du Mus\u00e9e.","breadcrumb":{"@id":"https:\/\/www.musee-mccord-stewart.ca\/fr\/faites-un-don\/don-planifie\/#breadcrumb"},"inLanguage":"fr-FR","potentialAction":[{"@type":"ReadAction","target":["https:\/\/www.musee-mccord-stewart.ca\/fr\/faites-un-don\/don-planifie\/"]}]},{"@type":"BreadcrumbList","@id":"https:\/\/www.musee-mccord-stewart.ca\/fr\/faites-un-don\/don-planifie\/#breadcrumb","itemListElement":[{"@type":"ListItem","position":1,"name":"Accueil","item":"https:\/\/www.musee-mccord-stewart.ca\/fr\/"},{"@type":"ListItem","position":2,"name":"Fa\u00e7ons de donner","item":"https:\/\/www.musee-mccord-stewart.ca\/fr\/faites-un-don\/"},{"@type":"ListItem","position":3,"name":"Don planifi\u00e9 : vous \u00eates au c\u0153ur de nos histoires"}]},{"@type":"WebSite","@id":"https:\/\/www.musee-mccord-stewart.ca\/fr\/#website","url":"https:\/\/www.musee-mccord-stewart.ca\/fr\/","name":"Mus\u00e9e McCord Stewart","description":"Notre monde, nos histoires","publisher":{"@id":"https:\/\/www.musee-mccord-stewart.ca\/fr\/#organization"},"alternateName":"MCS","potentialAction":[{"@type":"SearchAction","target":{"@type":"EntryPoint","urlTemplate":"https:\/\/www.musee-mccord-stewart.ca\/fr\/?s={search_term_string}"},"query-input":"required name=search_term_string"}],"inLanguage":"fr-FR"},{"@type":"Organization","@id":"https:\/\/www.musee-mccord-stewart.ca\/fr\/#organization","name":"McCord Stewart Museum","alternateName":"MCS","url":"https:\/\/www.musee-mccord-stewart.ca\/fr\/","logo":{"@type":"ImageObject","inLanguage":"fr-FR","@id":"https:\/\/www.musee-mccord-stewart.ca\/fr\/#\/schema\/logo\/image\/","url":"https:\/\/www.musee-mccord-stewart.ca\/app\/uploads\/2023\/05\/logo_museemccordstewart_horizontal_noir_slogan.svg","contentUrl":"https:\/\/www.musee-mccord-stewart.ca\/app\/uploads\/2023\/05\/logo_museemccordstewart_horizontal_noir_slogan.svg","width":1,"height":1,"caption":"McCord Stewart Museum"},"image":{"@id":"https:\/\/www.musee-mccord-stewart.ca\/fr\/#\/schema\/logo\/image\/"},"sameAs":["https:\/\/www.facebook.com\/museemccordstewart","https:\/\/twitter.com\/MuseeMcCordStew","https:\/\/instagram.com\/museemccordstewart","https:\/\/www.linkedin.com\/company\/museemccordstewart\/","https:\/\/www.pinterest.com\/museemccordstewart\/","https:\/\/www.youtube.com\/c\/MuseeMcCordStewartMuseum"]}]}},"_links":{"self":[{"href":"https:\/\/www.musee-mccord-stewart.ca\/fr\/wp-json\/wp\/v2\/pages\/42281"}],"collection":[{"href":"https:\/\/www.musee-mccord-stewart.ca\/fr\/wp-json\/wp\/v2\/pages"}],"about":[{"href":"https:\/\/www.musee-mccord-stewart.ca\/fr\/wp-json\/wp\/v2\/types\/page"}],"author":[{"embeddable":true,"href":"https:\/\/www.musee-mccord-stewart.ca\/fr\/wp-json\/wp\/v2\/users\/17"}],"replies":[{"embeddable":true,"href":"https:\/\/www.musee-mccord-stewart.ca\/fr\/wp-json\/wp\/v2\/comments?post=42281"}],"version-history":[{"count":0,"href":"https:\/\/www.musee-mccord-stewart.ca\/fr\/wp-json\/wp\/v2\/pages\/42281\/revisions"}],"up":[{"embeddable":true,"href":"https:\/\/www.musee-mccord-stewart.ca\/fr\/wp-json\/wp\/v2\/pages\/42067"}],"wp:attachment":[{"href":"https:\/\/www.musee-mccord-stewart.ca\/fr\/wp-json\/wp\/v2\/media?parent=42281"}],"wp:term":[{"taxonomy":"category","embeddable":true,"href":"https:\/\/www.musee-mccord-stewart.ca\/fr\/wp-json\/wp\/v2\/categories?post=42281"},{"taxonomy":"post_tag","embeddable":true,"href":"https:\/\/www.musee-mccord-stewart.ca\/fr\/wp-json\/wp\/v2\/tags?post=42281"}],"curies":[{"name":"wp","href":"https:\/\/api.w.org\/{rel}","templated":true}]}}