{"id":42257,"date":"2022-09-26T11:19:49","date_gmt":"2022-09-26T15:19:49","guid":{"rendered":"https:\/\/www.musee-mccord-stewart.ca\/?page_id=42257"},"modified":"2026-04-13T10:04:13","modified_gmt":"2026-04-13T14:04:13","slug":"grand-bal-musee","status":"publish","type":"page","link":"https:\/\/www.musee-mccord-stewart.ca\/fr\/donner-et-simpliquer\/evenements\/grand-bal-musee\/","title":{"rendered":"Grand Bal du Mus\u00e9e"},"content":{"rendered":"<h2>D\u00e9lices<\/h2>\n<p>Cette ann\u00e9e, le Grand Bal vous convie \u00e0 un univers de D\u00e9lices : une exp\u00e9rience savoureuse o\u00f9 le raffinement rencontre la gastronomie, sign\u00e9e Hoogan et Beaufort. Inspir\u00e9 de l\u2019exposition <strong><em><a href=\"https:\/\/www.musee-mccord-stewart.ca\/fr\/expositions\/au-menu-montreal-histoire-restaurants\/\">Au Menu. Montr\u00e9al : une histoire de restaurants<\/a><\/em><\/strong>, le th\u00e8me de cette soir\u00e9e-b\u00e9n\u00e9fice prendra vie \u00e0 la Maison Principale, qui s\u2019illuminera pour l\u2019occasion d\u2019une ambiance irr\u00e9sistible \u2014 \u00e9l\u00e9gance, gourmandises et d\u00e9licieuses rencontres. Une invitation \u00e0 d\u00e9guster l\u2019exceptionnel.<\/p>\n<h3>Co-pr\u00e9sidence d\u2019honneur<\/h3>\n<ul>\n<li>Isabelle Dessureault, Pr\u00e9sidente et cheffe de la direction, Chambre de commerce du Montr\u00e9al m\u00e9tropolitain<\/li>\n<li>Lisa Giannone, Pr\u00e9sidente et cheffe des op\u00e9rations, BFL Canada<\/li>\n<li>Richard Scofield, Pr\u00e9sident et chef de la direction, Groupe St-Hubert<\/li>\n<\/ul>\n<h3>Programme de la soir\u00e9e<\/h3>\n<p><strong style=\"font-size: 16px;\">Jeudi 7 mai 2026<\/strong><\/p>\n<ul>\n<li>Cocktail : 18 h 30<\/li>\n<li>Souper : 20 h<\/li>\n<li>Soir\u00e9e dansante : 22 h<\/li>\n<\/ul>\n<h3>Informations pratiques<\/h3>\n<ul>\n<li>Lieu : Maison Principale, 872, rue du Couvent, Montr\u00e9al, QC H4C 2R6<br \/>\n(Service de voiturier disponible)<\/li>\n<li>Code vestimentaire : Cravate noire et robe de soir\u00e9e<\/li>\n<\/ul>\n<p><a class=\"cta\" style=\"margin: 0;\" title=\"\" href=\"https:\/\/mccordmuseumfoundation.akaraisin.com\/ui\/c85276d0efdb4e34b130cf1f98711983\/ticketed\/donation\/start\" target=\"_blank\" rel=\"noopener\">Faire un don<i class=\"arrow-right-thickicon-\"><\/i><\/a><\/p>\n<p>Tous les profits de l\u2019\u00e9v\u00e9nement permettront au Mus\u00e9e McCord Stewart de poursuivre sa mission de protection et de transmission de notre patrimoine artistique et culturel \u00e0 travers ses expositions et programmes innovants. \u00c0 travers ses \u00e9v\u00e9nements-b\u00e9n\u00e9fices, la <a href=\"https:\/\/www.musee-mccord-stewart.ca\/fr\/donner-et-simpliquer\/fondation-musee-mccord-stewart\/\">Fondation du Mus\u00e9e McCord Stewart<\/a> adopte une approche d\u2019approvisionnement local, durable et responsable. Guid\u00e9e par la <a href=\"https:\/\/www.musee-mccord-stewart.ca\/fr\/demarche-developpement-durable\/\">Politique d\u2019approvisionnement responsable<\/a> du Mus\u00e9e, elle int\u00e8gre ces pratiques dans l\u2019organisation de ses activit\u00e9s, notamment lors du Grand Bal, en collaborant avec des artisan\u00b7e\u00b7s, entreprises et partenaires d\u2019ici. Par ces gestes concrets, la Fondation s\u2019engage \u00e0 r\u00e9duire son empreinte environnementale tout en mettant en valeur les talents et le savoir-faire de la communaut\u00e9.<\/p>\n<h2>Comit\u00e9 du Grand Bal 2026<\/h2>\n<p>La Fondation du Mus\u00e9e remercie chaleureusement les<strong> membres du comit\u00e9 du Grand Bal 2026<\/strong>\u00a0pour leur important engagement en soutien du Mus\u00e9e :<\/p>\n<ul>\n<li>Elisabeth Starenkyj, La t\u00eate chercheuse<\/li>\n<li>Jean-Michel Lavoie, Banque Nationale du Canada<\/li>\n<li>F\u00e9lix Rh\u00e9aume, Association de la construction du Qu\u00e9bec<\/li>\n<li>Pierre Wehbi, Gestion de placements TD<\/li>\n<li>Patrick Gaboury, Banque Nationale du Canada<\/li>\n<li>Emmanuelle Giasson, KO M\u00e9dia<\/li>\n<li>Am\u00e9lie Saint-Pierre, Fondation du Mus\u00e9e McCord Stewart<\/li>\n<\/ul>\n<h2>Retour sur le Grand Bal 2025<\/h2>\n<ul class=\"sliderTiny\">\n<li>\n<img decoding=\"async\" src=\"https:\/\/www.musee-mccord-stewart.ca\/app\/uploads\/2025\/05\/mccord-stewart_grand-bal-2025_1200x800-09.jpg\" alt=\"\u00a9 Elias Touil\" title=\"\u00a9 Elias Touil\" \/>\n<\/li>\n<li>\n<img decoding=\"async\" src=\"https:\/\/www.musee-mccord-stewart.ca\/app\/uploads\/2025\/05\/mccord-stewart_grand-bal-2025_1200x800-10.jpg\" alt=\"\u00a9 Elias Touil\" title=\"\u00a9 Elias Touil\" \/>\n<\/li>\n<li>\n<img decoding=\"async\" src=\"https:\/\/www.musee-mccord-stewart.ca\/app\/uploads\/2025\/05\/mccord-stewart_grand-bal-2025_1200x800-08.jpg\" alt=\"\u00a9 Elias Touil\" title=\"\u00a9 Elias Touil\" \/>\n<\/li>\n<li>\n<img decoding=\"async\" src=\"https:\/\/www.musee-mccord-stewart.ca\/app\/uploads\/2025\/05\/mccord-stewart_grand-bal-2025_1200x800-07.jpg\" alt=\"\u00a9 Elias Touil\" title=\"\u00a9 Elias Touil\" \/>\n<\/li>\n<li>\n<img decoding=\"async\" src=\"https:\/\/www.musee-mccord-stewart.ca\/app\/uploads\/2025\/05\/mccord-stewart_grand-bal-2025_1200x800-06.jpg\" alt=\"\u00a9 Elias Touil\" title=\"\u00a9 Elias Touil\" \/>\n<\/li>\n<li>\n<img decoding=\"async\" src=\"https:\/\/www.musee-mccord-stewart.ca\/app\/uploads\/2025\/05\/mccord-stewart_grand-bal-2025_1200x800-05.jpg\" alt=\"\u00a9 Elias Touil\" title=\"\u00a9 Elias Touil\" \/>\n<\/li>\n<li>\n<img decoding=\"async\" src=\"https:\/\/www.musee-mccord-stewart.ca\/app\/uploads\/2025\/05\/mccord-stewart_grand-bal-2025_1200x800-04.jpg\" alt=\"\u00a9 Elias Touil\" title=\"\u00a9 Elias Touil\" \/>\n<\/li>\n<li>\n<img decoding=\"async\" src=\"https:\/\/www.musee-mccord-stewart.ca\/app\/uploads\/2025\/05\/mccord-stewart_grand-bal-2025_1200x800-03.jpg\" alt=\"\u00a9 Elias Touil\" title=\"\u00a9 Elias Touil\" \/>\n<\/li>\n<li>\n<img decoding=\"async\" src=\"https:\/\/www.musee-mccord-stewart.ca\/app\/uploads\/2025\/05\/mccord-stewart_grand-bal-2025_1200x800-02.jpg\" alt=\"\u00a9 Vanessa Cyr \" title=\"\u00a9 Vanessa Cyr \" \/>\n<\/li>\n<li>\n<img decoding=\"async\" src=\"https:\/\/www.musee-mccord-stewart.ca\/app\/uploads\/2025\/05\/mccord-stewart_grand-bal-2025_1200x800-01.jpg\" alt=\"\u00a9 Vanessa Cyr \" title=\"\u00a9 Vanessa Cyr \" \/>\n<\/li>\n<\/ul>\n\n<p>Cliquez <a title=\"\" href=\"https:\/\/www.facebook.com\/media\/set\/?set=a.837969121700545&amp;type=3&amp;rdid=ikBmxwNlmrk0dOm4&amp;share_url=https%3A%2F%2Fwww.facebook.com%2Fshare%2FAZwcxmWFYByjSAC7%2F\" target=\"_blank\" rel=\"noopener\">ici<\/a> pour voir d\u2019autres photos de l\u2019\u00e9dition 2025 du Gand Bal!<\/p>\n<h3>Ensemble, continuons \u00e0 raconter, \u00e0 t\u00e9moigner, \u00e0 stimuler et \u00e0 nous engager!<\/h3>\n<p>Si vous ne pouvez pas participer au Grand Bal cette ann\u00e9e, vous nous manquerez, mais&#8230;<\/p>\n<p>Vous pouvez tout de m\u00eame soutenir le Mus\u00e9e en faisant un don. Chaque contribution permet de continuer \u00e0 raconter et t\u00e9moigner de l\u2019histoire sociale de notre m\u00e9tropole, tout en offrant une programmation riche et des activit\u00e9s \u00e9ducatives et culturelles stimulantes.<br \/>\n<a class=\"cta\" title=\"\" href=\"https:\/\/mccordmuseumfoundation.akaraisin.com\/ui\/5bf861a972f646ab967e6d5eba0c7171\/donations\/start\" target=\"_blank\" rel=\"noopener\">Soutenir le Mus\u00e9e<i class=\"arrow-right-thickicon-\"><\/i><\/a><\/p>\n","protected":false},"excerpt":{"rendered":"<p>D\u00e9lices Cette ann\u00e9e, le Grand Bal vous convie \u00e0 un univers de D\u00e9lices : une exp\u00e9rience savoureuse o\u00f9 le raffinement rencontre la gastronomie, sign\u00e9e Hoogan et Beaufort. Inspir\u00e9 de l\u2019exposition Au Menu. Montr\u00e9al : une histoire de restaurants, le th\u00e8me de cette soir\u00e9e-b\u00e9n\u00e9fice prendra vie \u00e0 la Maison Principale, qui s\u2019illuminera pour l\u2019occasion d\u2019une ambiance [&hellip;]<\/p>\n","protected":false},"author":17,"featured_media":0,"parent":42315,"menu_order":0,"comment_status":"closed","ping_status":"closed","template":"page-templates\/page-texte.php","meta":{"footnotes":""},"categories":[],"tags":[],"acf":[],"yoast_head":"<!-- This site is optimized with the Yoast SEO Premium plugin v20.11 (Yoast SEO v20.11) - https:\/\/yoast.com\/wordpress\/plugins\/seo\/ -->\n<title>Grand Bal annuel - Soir\u00e9e-b\u00e9n\u00e9fice - Mus\u00e9e McCord Stewart<\/title>\n<meta name=\"description\" content=\"Cette prestigieuse soir\u00e9e-b\u00e9n\u00e9fice qui rassemble plus de 350 convives est la plus importante collecte de fonds de l&#039;ann\u00e9e du Mus\u00e9e.\" \/>\n<meta name=\"robots\" content=\"index, follow, max-snippet:-1, max-image-preview:large, max-video-preview:-1\" \/>\n<link rel=\"canonical\" href=\"https:\/\/www.musee-mccord-stewart.ca\/fr\/donner-et-simpliquer\/evenements\/grand-bal-musee\/\" \/>\n<meta property=\"og:locale\" content=\"fr_FR\" \/>\n<meta property=\"og:type\" content=\"article\" \/>\n<meta property=\"og:title\" content=\"Grand Bal du Mus\u00e9e\" \/>\n<meta property=\"og:description\" content=\"Cette prestigieuse soir\u00e9e-b\u00e9n\u00e9fice qui rassemble plus de 350 convives est la plus importante collecte de fonds de l&#039;ann\u00e9e du Mus\u00e9e.\" \/>\n<meta property=\"og:url\" content=\"https:\/\/www.musee-mccord-stewart.ca\/fr\/donner-et-simpliquer\/evenements\/grand-bal-musee\/\" \/>\n<meta property=\"og:site_name\" content=\"Mus\u00e9e McCord Stewart\" \/>\n<meta property=\"article:publisher\" content=\"https:\/\/www.facebook.com\/museemccordstewart\" \/>\n<meta property=\"article:modified_time\" content=\"2026-04-13T14:04:13+00:00\" \/>\n<meta property=\"og:image\" content=\"https:\/\/www.musee-mccord-stewart.ca\/app\/uploads\/2025\/12\/bal-sucre-2026_800x520.jpg\" \/>\n\t<meta property=\"og:image:width\" content=\"800\" \/>\n\t<meta property=\"og:image:height\" content=\"520\" \/>\n\t<meta property=\"og:image:type\" content=\"image\/jpeg\" \/>\n<meta name=\"twitter:card\" content=\"summary_large_image\" \/>\n<meta name=\"twitter:description\" content=\"Cette prestigieuse soir\u00e9e-b\u00e9n\u00e9fice qui rassemble plus de 350 convives est la plus importante collecte de fonds de l&#039;ann\u00e9e du Mus\u00e9e.\" \/>\n<meta name=\"twitter:site\" content=\"@MuseeMcCordStew\" \/>\n<meta name=\"twitter:label1\" content=\"Dur\u00e9e de lecture estim\u00e9e\" \/>\n\t<meta name=\"twitter:data1\" content=\"3 minutes\" \/>\n<script type=\"application\/ld+json\" class=\"yoast-schema-graph\">{\"@context\":\"https:\/\/schema.org\",\"@graph\":[{\"@type\":\"WebPage\",\"@id\":\"https:\/\/www.musee-mccord-stewart.ca\/fr\/donner-et-simpliquer\/evenements\/grand-bal-musee\/\",\"url\":\"https:\/\/www.musee-mccord-stewart.ca\/fr\/donner-et-simpliquer\/evenements\/grand-bal-musee\/\",\"name\":\"Grand Bal annuel - Soir\u00e9e-b\u00e9n\u00e9fice - Mus\u00e9e McCord Stewart\",\"isPartOf\":{\"@id\":\"https:\/\/www.musee-mccord-stewart.ca\/fr\/#website\"},\"datePublished\":\"2022-09-26T15:19:49+00:00\",\"dateModified\":\"2026-04-13T14:04:13+00:00\",\"description\":\"Cette prestigieuse soir\u00e9e-b\u00e9n\u00e9fice qui rassemble plus de 350 convives est la plus importante collecte de fonds de l'ann\u00e9e du Mus\u00e9e.\",\"breadcrumb\":{\"@id\":\"https:\/\/www.musee-mccord-stewart.ca\/fr\/donner-et-simpliquer\/evenements\/grand-bal-musee\/#breadcrumb\"},\"inLanguage\":\"fr-FR\",\"potentialAction\":[{\"@type\":\"ReadAction\",\"target\":[\"https:\/\/www.musee-mccord-stewart.ca\/fr\/donner-et-simpliquer\/evenements\/grand-bal-musee\/\"]}]},{\"@type\":\"BreadcrumbList\",\"@id\":\"https:\/\/www.musee-mccord-stewart.ca\/fr\/donner-et-simpliquer\/evenements\/grand-bal-musee\/#breadcrumb\",\"itemListElement\":[{\"@type\":\"ListItem\",\"position\":1,\"name\":\"Accueil\",\"item\":\"https:\/\/www.musee-mccord-stewart.ca\/fr\/\"},{\"@type\":\"ListItem\",\"position\":2,\"name\":\"Donner et s&rsquo;impliquer\",\"item\":\"https:\/\/www.musee-mccord-stewart.ca\/fr\/donner-et-simpliquer\/\"},{\"@type\":\"ListItem\",\"position\":3,\"name\":\"\u00c9v\u00e9nements\",\"item\":\"https:\/\/www.musee-mccord-stewart.ca\/fr\/donner-et-simpliquer\/evenements\/\"},{\"@type\":\"ListItem\",\"position\":4,\"name\":\"Grand Bal du Mus\u00e9e\"}]},{\"@type\":\"WebSite\",\"@id\":\"https:\/\/www.musee-mccord-stewart.ca\/fr\/#website\",\"url\":\"https:\/\/www.musee-mccord-stewart.ca\/fr\/\",\"name\":\"Mus\u00e9e McCord Stewart\",\"description\":\"Notre monde, nos histoires\",\"publisher\":{\"@id\":\"https:\/\/www.musee-mccord-stewart.ca\/fr\/#organization\"},\"alternateName\":\"MCS\",\"potentialAction\":[{\"@type\":\"SearchAction\",\"target\":{\"@type\":\"EntryPoint\",\"urlTemplate\":\"https:\/\/www.musee-mccord-stewart.ca\/fr\/?s={search_term_string}\"},\"query-input\":\"required name=search_term_string\"}],\"inLanguage\":\"fr-FR\"},{\"@type\":\"Organization\",\"@id\":\"https:\/\/www.musee-mccord-stewart.ca\/fr\/#organization\",\"name\":\"McCord Stewart Museum\",\"alternateName\":\"MCS\",\"url\":\"https:\/\/www.musee-mccord-stewart.ca\/fr\/\",\"logo\":{\"@type\":\"ImageObject\",\"inLanguage\":\"fr-FR\",\"@id\":\"https:\/\/www.musee-mccord-stewart.ca\/fr\/#\/schema\/logo\/image\/\",\"url\":\"https:\/\/www.musee-mccord-stewart.ca\/app\/uploads\/2023\/05\/logo_museemccordstewart_horizontal_noir_slogan.svg\",\"contentUrl\":\"https:\/\/www.musee-mccord-stewart.ca\/app\/uploads\/2023\/05\/logo_museemccordstewart_horizontal_noir_slogan.svg\",\"width\":1,\"height\":1,\"caption\":\"McCord Stewart Museum\"},\"image\":{\"@id\":\"https:\/\/www.musee-mccord-stewart.ca\/fr\/#\/schema\/logo\/image\/\"},\"sameAs\":[\"https:\/\/www.facebook.com\/museemccordstewart\",\"https:\/\/twitter.com\/MuseeMcCordStew\",\"https:\/\/instagram.com\/museemccordstewart\",\"https:\/\/www.linkedin.com\/company\/museemccordstewart\/\",\"https:\/\/www.pinterest.com\/museemccordstewart\/\",\"https:\/\/www.youtube.com\/c\/MuseeMcCordStewartMuseum\"]}]}<\/script>\n<!-- \/ Yoast SEO Premium plugin. -->","yoast_head_json":{"title":"Grand Bal annuel - Soir\u00e9e-b\u00e9n\u00e9fice - Mus\u00e9e McCord Stewart","description":"Cette prestigieuse soir\u00e9e-b\u00e9n\u00e9fice qui rassemble plus de 350 convives est la plus importante collecte de fonds de l'ann\u00e9e du Mus\u00e9e.","robots":{"index":"index","follow":"follow","max-snippet":"max-snippet:-1","max-image-preview":"max-image-preview:large","max-video-preview":"max-video-preview:-1"},"canonical":"https:\/\/www.musee-mccord-stewart.ca\/fr\/donner-et-simpliquer\/evenements\/grand-bal-musee\/","og_locale":"fr_FR","og_type":"article","og_title":"Grand Bal du Mus\u00e9e","og_description":"Cette prestigieuse soir\u00e9e-b\u00e9n\u00e9fice qui rassemble plus de 350 convives est la plus importante collecte de fonds de l'ann\u00e9e du Mus\u00e9e.","og_url":"https:\/\/www.musee-mccord-stewart.ca\/fr\/donner-et-simpliquer\/evenements\/grand-bal-musee\/","og_site_name":"Mus\u00e9e McCord Stewart","article_publisher":"https:\/\/www.facebook.com\/museemccordstewart","article_modified_time":"2026-04-13T14:04:13+00:00","og_image":[{"width":800,"height":520,"url":"https:\/\/www.musee-mccord-stewart.ca\/app\/uploads\/2025\/12\/bal-sucre-2026_800x520.jpg","type":"image\/jpeg"}],"twitter_card":"summary_large_image","twitter_description":"Cette prestigieuse soir\u00e9e-b\u00e9n\u00e9fice qui rassemble plus de 350 convives est la plus importante collecte de fonds de l'ann\u00e9e du Mus\u00e9e.","twitter_site":"@MuseeMcCordStew","twitter_misc":{"Dur\u00e9e de lecture estim\u00e9e":"3 minutes"},"schema":{"@context":"https:\/\/schema.org","@graph":[{"@type":"WebPage","@id":"https:\/\/www.musee-mccord-stewart.ca\/fr\/donner-et-simpliquer\/evenements\/grand-bal-musee\/","url":"https:\/\/www.musee-mccord-stewart.ca\/fr\/donner-et-simpliquer\/evenements\/grand-bal-musee\/","name":"Grand Bal annuel - Soir\u00e9e-b\u00e9n\u00e9fice - Mus\u00e9e McCord Stewart","isPartOf":{"@id":"https:\/\/www.musee-mccord-stewart.ca\/fr\/#website"},"datePublished":"2022-09-26T15:19:49+00:00","dateModified":"2026-04-13T14:04:13+00:00","description":"Cette prestigieuse soir\u00e9e-b\u00e9n\u00e9fice qui rassemble plus de 350 convives est la plus importante collecte de fonds de l'ann\u00e9e du Mus\u00e9e.","breadcrumb":{"@id":"https:\/\/www.musee-mccord-stewart.ca\/fr\/donner-et-simpliquer\/evenements\/grand-bal-musee\/#breadcrumb"},"inLanguage":"fr-FR","potentialAction":[{"@type":"ReadAction","target":["https:\/\/www.musee-mccord-stewart.ca\/fr\/donner-et-simpliquer\/evenements\/grand-bal-musee\/"]}]},{"@type":"BreadcrumbList","@id":"https:\/\/www.musee-mccord-stewart.ca\/fr\/donner-et-simpliquer\/evenements\/grand-bal-musee\/#breadcrumb","itemListElement":[{"@type":"ListItem","position":1,"name":"Accueil","item":"https:\/\/www.musee-mccord-stewart.ca\/fr\/"},{"@type":"ListItem","position":2,"name":"Donner et s&rsquo;impliquer","item":"https:\/\/www.musee-mccord-stewart.ca\/fr\/donner-et-simpliquer\/"},{"@type":"ListItem","position":3,"name":"\u00c9v\u00e9nements","item":"https:\/\/www.musee-mccord-stewart.ca\/fr\/donner-et-simpliquer\/evenements\/"},{"@type":"ListItem","position":4,"name":"Grand Bal du Mus\u00e9e"}]},{"@type":"WebSite","@id":"https:\/\/www.musee-mccord-stewart.ca\/fr\/#website","url":"https:\/\/www.musee-mccord-stewart.ca\/fr\/","name":"Mus\u00e9e McCord Stewart","description":"Notre monde, nos histoires","publisher":{"@id":"https:\/\/www.musee-mccord-stewart.ca\/fr\/#organization"},"alternateName":"MCS","potentialAction":[{"@type":"SearchAction","target":{"@type":"EntryPoint","urlTemplate":"https:\/\/www.musee-mccord-stewart.ca\/fr\/?s={search_term_string}"},"query-input":"required name=search_term_string"}],"inLanguage":"fr-FR"},{"@type":"Organization","@id":"https:\/\/www.musee-mccord-stewart.ca\/fr\/#organization","name":"McCord Stewart Museum","alternateName":"MCS","url":"https:\/\/www.musee-mccord-stewart.ca\/fr\/","logo":{"@type":"ImageObject","inLanguage":"fr-FR","@id":"https:\/\/www.musee-mccord-stewart.ca\/fr\/#\/schema\/logo\/image\/","url":"https:\/\/www.musee-mccord-stewart.ca\/app\/uploads\/2023\/05\/logo_museemccordstewart_horizontal_noir_slogan.svg","contentUrl":"https:\/\/www.musee-mccord-stewart.ca\/app\/uploads\/2023\/05\/logo_museemccordstewart_horizontal_noir_slogan.svg","width":1,"height":1,"caption":"McCord Stewart Museum"},"image":{"@id":"https:\/\/www.musee-mccord-stewart.ca\/fr\/#\/schema\/logo\/image\/"},"sameAs":["https:\/\/www.facebook.com\/museemccordstewart","https:\/\/twitter.com\/MuseeMcCordStew","https:\/\/instagram.com\/museemccordstewart","https:\/\/www.linkedin.com\/company\/museemccordstewart\/","https:\/\/www.pinterest.com\/museemccordstewart\/","https:\/\/www.youtube.com\/c\/MuseeMcCordStewartMuseum"]}]}},"_links":{"self":[{"href":"https:\/\/www.musee-mccord-stewart.ca\/fr\/wp-json\/wp\/v2\/pages\/42257"}],"collection":[{"href":"https:\/\/www.musee-mccord-stewart.ca\/fr\/wp-json\/wp\/v2\/pages"}],"about":[{"href":"https:\/\/www.musee-mccord-stewart.ca\/fr\/wp-json\/wp\/v2\/types\/page"}],"author":[{"embeddable":true,"href":"https:\/\/www.musee-mccord-stewart.ca\/fr\/wp-json\/wp\/v2\/users\/17"}],"replies":[{"embeddable":true,"href":"https:\/\/www.musee-mccord-stewart.ca\/fr\/wp-json\/wp\/v2\/comments?post=42257"}],"version-history":[{"count":0,"href":"https:\/\/www.musee-mccord-stewart.ca\/fr\/wp-json\/wp\/v2\/pages\/42257\/revisions"}],"up":[{"embeddable":true,"href":"https:\/\/www.musee-mccord-stewart.ca\/fr\/wp-json\/wp\/v2\/pages\/42315"}],"wp:attachment":[{"href":"https:\/\/www.musee-mccord-stewart.ca\/fr\/wp-json\/wp\/v2\/media?parent=42257"}],"wp:term":[{"taxonomy":"category","embeddable":true,"href":"https:\/\/www.musee-mccord-stewart.ca\/fr\/wp-json\/wp\/v2\/categories?post=42257"},{"taxonomy":"post_tag","embeddable":true,"href":"https:\/\/www.musee-mccord-stewart.ca\/fr\/wp-json\/wp\/v2\/tags?post=42257"}],"curies":[{"name":"wp","href":"https:\/\/api.w.org\/{rel}","templated":true}]}}