{"id":42245,"date":"2022-09-27T14:18:54","date_gmt":"2022-09-27T18:18:54","guid":{"rendered":"https:\/\/www.musee-mccord-stewart.ca\/?page_id=42245"},"modified":"2025-09-11T15:37:17","modified_gmt":"2025-09-11T19:37:17","slug":"devenez-benevole","status":"publish","type":"page","link":"https:\/\/www.musee-mccord-stewart.ca\/fr\/donner-et-simpliquer\/devenez-benevole\/","title":{"rendered":"Devenez b\u00e9n\u00e9vole"},"content":{"rendered":"<p>Engagez-vous comme b\u00e9n\u00e9vole au Mus\u00e9e McCord Stewart, une exp\u00e9rience altruiste sous le signe de la g\u00e9n\u00e9rosit\u00e9. De nombreuses activit\u00e9s de b\u00e9n\u00e9volat s\u2019offrent \u00e0 vous.<\/p>\n<h3>\u00c9v\u00e9nements et activit\u00e9s<\/h3>\n<p>Vous aimez \u00eatre dans le feu l\u2019action? Jouez un r\u00f4le essentiel lors des activit\u00e9s culturelles organis\u00e9es par le Mus\u00e9e et ses partenaires ou bien lors des \u00e9v\u00e9nements de collecte fonds de la Fondation.<\/p>\n<h3>Ambassadrice ou ambassadeur pour le Mus\u00e9e<\/h3>\n<p>Votre passion pour le Mus\u00e9e McCord Stewart s\u2019entend d\u00e8s que vous parlez d\u2019une de nos expositions ou de nos activit\u00e9s?<br \/>\nVenez pr\u00eater main-forte aux \u00e9quipes du Marketing et de la Fondation lors des campagnes de sollicitation aupr\u00e8s de nos diff\u00e9rents publics.<\/p>\n<h3>Soutien administratif<\/h3>\n<p>Vous aimez le travail bien fait et le sens du d\u00e9tail? Les \u00e9quipes du Mus\u00e9e ont parfois besoin de renfort pour les soutenir lors de moments cl\u00e9s. Impliquez-vous dans les coulisses du Mus\u00e9e.<\/p>\n<p><a class=\"cta\" title=\"\" href=\"https:\/\/pages.mccord.museum\/devenir-benevole-candidature\" target=\"_blank\" rel=\"noopener\">Soumettre ma candidature<i class=\"arrow-right-thickicon-\"><\/i><\/a><\/p>\n","protected":false},"excerpt":{"rendered":"<p>Engagez-vous comme b\u00e9n\u00e9vole au Mus\u00e9e McCord Stewart, une exp\u00e9rience altruiste sous le signe de la g\u00e9n\u00e9rosit\u00e9. De nombreuses activit\u00e9s de b\u00e9n\u00e9volat s\u2019offrent \u00e0 vous. \u00c9v\u00e9nements et activit\u00e9s Vous aimez \u00eatre dans le feu l\u2019action? Jouez un r\u00f4le essentiel lors des activit\u00e9s culturelles organis\u00e9es par le Mus\u00e9e et ses partenaires ou bien lors des \u00e9v\u00e9nements de [&hellip;]<\/p>\n","protected":false},"author":17,"featured_media":0,"parent":41972,"menu_order":0,"comment_status":"closed","ping_status":"closed","template":"page-templates\/page-texte.php","meta":{"footnotes":""},"categories":[],"tags":[],"acf":[],"yoast_head":"<!-- This site is optimized with the Yoast SEO Premium plugin v20.11 (Yoast SEO v20.11) - https:\/\/yoast.com\/wordpress\/plugins\/seo\/ -->\n<title>Devenez b\u00e9n\u00e9vole - Mus\u00e9e McCord Stewart<\/title>\n<meta name=\"description\" content=\"Engagez-vous comme b\u00e9n\u00e9vole au Mus\u00e9e McCord Stewart, une exp\u00e9rience altruiste sous le signe de la g\u00e9n\u00e9rosit\u00e9.\" \/>\n<meta name=\"robots\" content=\"index, follow, max-snippet:-1, max-image-preview:large, max-video-preview:-1\" \/>\n<link rel=\"canonical\" href=\"https:\/\/www.musee-mccord-stewart.ca\/fr\/donner-et-simpliquer\/devenez-benevole\/\" \/>\n<meta property=\"og:locale\" content=\"fr_FR\" \/>\n<meta property=\"og:type\" content=\"article\" \/>\n<meta property=\"og:title\" content=\"Devenez b\u00e9n\u00e9vole\" \/>\n<meta property=\"og:description\" content=\"Engagez-vous comme b\u00e9n\u00e9vole au Mus\u00e9e McCord Stewart, une exp\u00e9rience altruiste sous le signe de la g\u00e9n\u00e9rosit\u00e9.\" \/>\n<meta property=\"og:url\" content=\"https:\/\/www.musee-mccord-stewart.ca\/fr\/donner-et-simpliquer\/devenez-benevole\/\" \/>\n<meta property=\"og:site_name\" content=\"Mus\u00e9e McCord Stewart\" \/>\n<meta property=\"article:publisher\" content=\"https:\/\/www.facebook.com\/museemccordstewart\" \/>\n<meta property=\"article:modified_time\" content=\"2025-09-11T19:37:17+00:00\" \/>\n<meta property=\"og:image\" content=\"https:\/\/www.musee-mccord-stewart.ca\/app\/uploads\/2022\/09\/mccord_stewart_devenez-benevole_1320x480.jpg\" \/>\n\t<meta property=\"og:image:width\" content=\"1320\" \/>\n\t<meta property=\"og:image:height\" content=\"480\" \/>\n\t<meta property=\"og:image:type\" content=\"image\/jpeg\" \/>\n<meta name=\"twitter:card\" content=\"summary_large_image\" \/>\n<meta name=\"twitter:description\" content=\"Engagez-vous comme b\u00e9n\u00e9vole au Mus\u00e9e McCord Stewart, une exp\u00e9rience altruiste sous le signe de la g\u00e9n\u00e9rosit\u00e9.\" \/>\n<meta name=\"twitter:site\" content=\"@MuseeMcCordStew\" \/>\n<meta name=\"twitter:label1\" content=\"Dur\u00e9e de lecture estim\u00e9e\" \/>\n\t<meta name=\"twitter:data1\" content=\"1 minute\" \/>\n<script type=\"application\/ld+json\" class=\"yoast-schema-graph\">{\"@context\":\"https:\/\/schema.org\",\"@graph\":[{\"@type\":\"WebPage\",\"@id\":\"https:\/\/www.musee-mccord-stewart.ca\/fr\/donner-et-simpliquer\/devenez-benevole\/\",\"url\":\"https:\/\/www.musee-mccord-stewart.ca\/fr\/donner-et-simpliquer\/devenez-benevole\/\",\"name\":\"Devenez b\u00e9n\u00e9vole - Mus\u00e9e McCord Stewart\",\"isPartOf\":{\"@id\":\"https:\/\/www.musee-mccord-stewart.ca\/fr\/#website\"},\"datePublished\":\"2022-09-27T18:18:54+00:00\",\"dateModified\":\"2025-09-11T19:37:17+00:00\",\"description\":\"Engagez-vous comme b\u00e9n\u00e9vole au Mus\u00e9e McCord Stewart, une exp\u00e9rience altruiste sous le signe de la g\u00e9n\u00e9rosit\u00e9.\",\"breadcrumb\":{\"@id\":\"https:\/\/www.musee-mccord-stewart.ca\/fr\/donner-et-simpliquer\/devenez-benevole\/#breadcrumb\"},\"inLanguage\":\"fr-FR\",\"potentialAction\":[{\"@type\":\"ReadAction\",\"target\":[\"https:\/\/www.musee-mccord-stewart.ca\/fr\/donner-et-simpliquer\/devenez-benevole\/\"]}]},{\"@type\":\"BreadcrumbList\",\"@id\":\"https:\/\/www.musee-mccord-stewart.ca\/fr\/donner-et-simpliquer\/devenez-benevole\/#breadcrumb\",\"itemListElement\":[{\"@type\":\"ListItem\",\"position\":1,\"name\":\"Accueil\",\"item\":\"https:\/\/www.musee-mccord-stewart.ca\/fr\/\"},{\"@type\":\"ListItem\",\"position\":2,\"name\":\"Donner et s&rsquo;impliquer\",\"item\":\"https:\/\/www.musee-mccord-stewart.ca\/fr\/donner-et-simpliquer\/\"},{\"@type\":\"ListItem\",\"position\":3,\"name\":\"Devenez b\u00e9n\u00e9vole\"}]},{\"@type\":\"WebSite\",\"@id\":\"https:\/\/www.musee-mccord-stewart.ca\/fr\/#website\",\"url\":\"https:\/\/www.musee-mccord-stewart.ca\/fr\/\",\"name\":\"Mus\u00e9e McCord Stewart\",\"description\":\"Notre monde, nos histoires\",\"publisher\":{\"@id\":\"https:\/\/www.musee-mccord-stewart.ca\/fr\/#organization\"},\"alternateName\":\"MCS\",\"potentialAction\":[{\"@type\":\"SearchAction\",\"target\":{\"@type\":\"EntryPoint\",\"urlTemplate\":\"https:\/\/www.musee-mccord-stewart.ca\/fr\/?s={search_term_string}\"},\"query-input\":\"required name=search_term_string\"}],\"inLanguage\":\"fr-FR\"},{\"@type\":\"Organization\",\"@id\":\"https:\/\/www.musee-mccord-stewart.ca\/fr\/#organization\",\"name\":\"McCord Stewart Museum\",\"alternateName\":\"MCS\",\"url\":\"https:\/\/www.musee-mccord-stewart.ca\/fr\/\",\"logo\":{\"@type\":\"ImageObject\",\"inLanguage\":\"fr-FR\",\"@id\":\"https:\/\/www.musee-mccord-stewart.ca\/fr\/#\/schema\/logo\/image\/\",\"url\":\"https:\/\/www.musee-mccord-stewart.ca\/app\/uploads\/2023\/05\/logo_museemccordstewart_horizontal_noir_slogan.svg\",\"contentUrl\":\"https:\/\/www.musee-mccord-stewart.ca\/app\/uploads\/2023\/05\/logo_museemccordstewart_horizontal_noir_slogan.svg\",\"width\":1,\"height\":1,\"caption\":\"McCord Stewart Museum\"},\"image\":{\"@id\":\"https:\/\/www.musee-mccord-stewart.ca\/fr\/#\/schema\/logo\/image\/\"},\"sameAs\":[\"https:\/\/www.facebook.com\/museemccordstewart\",\"https:\/\/twitter.com\/MuseeMcCordStew\",\"https:\/\/instagram.com\/museemccordstewart\",\"https:\/\/www.linkedin.com\/company\/museemccordstewart\/\",\"https:\/\/www.pinterest.com\/museemccordstewart\/\",\"https:\/\/www.youtube.com\/c\/MuseeMcCordStewartMuseum\"]}]}<\/script>\n<!-- \/ Yoast SEO Premium plugin. -->","yoast_head_json":{"title":"Devenez b\u00e9n\u00e9vole - Mus\u00e9e McCord Stewart","description":"Engagez-vous comme b\u00e9n\u00e9vole au Mus\u00e9e McCord Stewart, une exp\u00e9rience altruiste sous le signe de la g\u00e9n\u00e9rosit\u00e9.","robots":{"index":"index","follow":"follow","max-snippet":"max-snippet:-1","max-image-preview":"max-image-preview:large","max-video-preview":"max-video-preview:-1"},"canonical":"https:\/\/www.musee-mccord-stewart.ca\/fr\/donner-et-simpliquer\/devenez-benevole\/","og_locale":"fr_FR","og_type":"article","og_title":"Devenez b\u00e9n\u00e9vole","og_description":"Engagez-vous comme b\u00e9n\u00e9vole au Mus\u00e9e McCord Stewart, une exp\u00e9rience altruiste sous le signe de la g\u00e9n\u00e9rosit\u00e9.","og_url":"https:\/\/www.musee-mccord-stewart.ca\/fr\/donner-et-simpliquer\/devenez-benevole\/","og_site_name":"Mus\u00e9e McCord Stewart","article_publisher":"https:\/\/www.facebook.com\/museemccordstewart","article_modified_time":"2025-09-11T19:37:17+00:00","og_image":[{"width":1320,"height":480,"url":"https:\/\/www.musee-mccord-stewart.ca\/app\/uploads\/2022\/09\/mccord_stewart_devenez-benevole_1320x480.jpg","type":"image\/jpeg"}],"twitter_card":"summary_large_image","twitter_description":"Engagez-vous comme b\u00e9n\u00e9vole au Mus\u00e9e McCord Stewart, une exp\u00e9rience altruiste sous le signe de la g\u00e9n\u00e9rosit\u00e9.","twitter_site":"@MuseeMcCordStew","twitter_misc":{"Dur\u00e9e de lecture estim\u00e9e":"1 minute"},"schema":{"@context":"https:\/\/schema.org","@graph":[{"@type":"WebPage","@id":"https:\/\/www.musee-mccord-stewart.ca\/fr\/donner-et-simpliquer\/devenez-benevole\/","url":"https:\/\/www.musee-mccord-stewart.ca\/fr\/donner-et-simpliquer\/devenez-benevole\/","name":"Devenez b\u00e9n\u00e9vole - Mus\u00e9e McCord Stewart","isPartOf":{"@id":"https:\/\/www.musee-mccord-stewart.ca\/fr\/#website"},"datePublished":"2022-09-27T18:18:54+00:00","dateModified":"2025-09-11T19:37:17+00:00","description":"Engagez-vous comme b\u00e9n\u00e9vole au Mus\u00e9e McCord Stewart, une exp\u00e9rience altruiste sous le signe de la g\u00e9n\u00e9rosit\u00e9.","breadcrumb":{"@id":"https:\/\/www.musee-mccord-stewart.ca\/fr\/donner-et-simpliquer\/devenez-benevole\/#breadcrumb"},"inLanguage":"fr-FR","potentialAction":[{"@type":"ReadAction","target":["https:\/\/www.musee-mccord-stewart.ca\/fr\/donner-et-simpliquer\/devenez-benevole\/"]}]},{"@type":"BreadcrumbList","@id":"https:\/\/www.musee-mccord-stewart.ca\/fr\/donner-et-simpliquer\/devenez-benevole\/#breadcrumb","itemListElement":[{"@type":"ListItem","position":1,"name":"Accueil","item":"https:\/\/www.musee-mccord-stewart.ca\/fr\/"},{"@type":"ListItem","position":2,"name":"Donner et s&rsquo;impliquer","item":"https:\/\/www.musee-mccord-stewart.ca\/fr\/donner-et-simpliquer\/"},{"@type":"ListItem","position":3,"name":"Devenez b\u00e9n\u00e9vole"}]},{"@type":"WebSite","@id":"https:\/\/www.musee-mccord-stewart.ca\/fr\/#website","url":"https:\/\/www.musee-mccord-stewart.ca\/fr\/","name":"Mus\u00e9e McCord Stewart","description":"Notre monde, nos histoires","publisher":{"@id":"https:\/\/www.musee-mccord-stewart.ca\/fr\/#organization"},"alternateName":"MCS","potentialAction":[{"@type":"SearchAction","target":{"@type":"EntryPoint","urlTemplate":"https:\/\/www.musee-mccord-stewart.ca\/fr\/?s={search_term_string}"},"query-input":"required name=search_term_string"}],"inLanguage":"fr-FR"},{"@type":"Organization","@id":"https:\/\/www.musee-mccord-stewart.ca\/fr\/#organization","name":"McCord Stewart Museum","alternateName":"MCS","url":"https:\/\/www.musee-mccord-stewart.ca\/fr\/","logo":{"@type":"ImageObject","inLanguage":"fr-FR","@id":"https:\/\/www.musee-mccord-stewart.ca\/fr\/#\/schema\/logo\/image\/","url":"https:\/\/www.musee-mccord-stewart.ca\/app\/uploads\/2023\/05\/logo_museemccordstewart_horizontal_noir_slogan.svg","contentUrl":"https:\/\/www.musee-mccord-stewart.ca\/app\/uploads\/2023\/05\/logo_museemccordstewart_horizontal_noir_slogan.svg","width":1,"height":1,"caption":"McCord Stewart Museum"},"image":{"@id":"https:\/\/www.musee-mccord-stewart.ca\/fr\/#\/schema\/logo\/image\/"},"sameAs":["https:\/\/www.facebook.com\/museemccordstewart","https:\/\/twitter.com\/MuseeMcCordStew","https:\/\/instagram.com\/museemccordstewart","https:\/\/www.linkedin.com\/company\/museemccordstewart\/","https:\/\/www.pinterest.com\/museemccordstewart\/","https:\/\/www.youtube.com\/c\/MuseeMcCordStewartMuseum"]}]}},"_links":{"self":[{"href":"https:\/\/www.musee-mccord-stewart.ca\/fr\/wp-json\/wp\/v2\/pages\/42245"}],"collection":[{"href":"https:\/\/www.musee-mccord-stewart.ca\/fr\/wp-json\/wp\/v2\/pages"}],"about":[{"href":"https:\/\/www.musee-mccord-stewart.ca\/fr\/wp-json\/wp\/v2\/types\/page"}],"author":[{"embeddable":true,"href":"https:\/\/www.musee-mccord-stewart.ca\/fr\/wp-json\/wp\/v2\/users\/17"}],"replies":[{"embeddable":true,"href":"https:\/\/www.musee-mccord-stewart.ca\/fr\/wp-json\/wp\/v2\/comments?post=42245"}],"version-history":[{"count":0,"href":"https:\/\/www.musee-mccord-stewart.ca\/fr\/wp-json\/wp\/v2\/pages\/42245\/revisions"}],"up":[{"embeddable":true,"href":"https:\/\/www.musee-mccord-stewart.ca\/fr\/wp-json\/wp\/v2\/pages\/41972"}],"wp:attachment":[{"href":"https:\/\/www.musee-mccord-stewart.ca\/fr\/wp-json\/wp\/v2\/media?parent=42245"}],"wp:term":[{"taxonomy":"category","embeddable":true,"href":"https:\/\/www.musee-mccord-stewart.ca\/fr\/wp-json\/wp\/v2\/categories?post=42245"},{"taxonomy":"post_tag","embeddable":true,"href":"https:\/\/www.musee-mccord-stewart.ca\/fr\/wp-json\/wp\/v2\/tags?post=42245"}],"curies":[{"name":"wp","href":"https:\/\/api.w.org\/{rel}","templated":true}]}}