{"id":42192,"date":"2022-09-21T15:12:40","date_gmt":"2022-09-21T19:12:40","guid":{"rendered":"https:\/\/www.musee-mccord-stewart.ca\/?page_id=42192"},"modified":"2025-09-25T13:31:20","modified_gmt":"2025-09-25T17:31:20","slug":"fondation-musee-mccord-stewart","status":"publish","type":"page","link":"https:\/\/www.musee-mccord-stewart.ca\/fr\/donner-et-simpliquer\/fondation-musee-mccord-stewart\/","title":{"rendered":"Fondation du Mus\u00e9e McCord Stewart"},"content":{"rendered":"<p>La Fondation du Mus\u00e9e McCord Stewart est une organisation caritative qui a pour raison d\u2019\u00eatre le succ\u00e8s du Mus\u00e9e McCord Stewart et pour <strong>mission de favoriser la pr\u00e9servation et la promotion de ses collections<\/strong>. Entit\u00e9 distincte ayant son propre conseil d\u2019administration, la Fondation a \u00e9t\u00e9 constitu\u00e9e en mars 2012 dans le but de<strong> g\u00e9rer le fonds de dotation<\/strong>, faire de<strong> la recherche de financement priv\u00e9<\/strong> et <strong>organiser des activit\u00e9s de collecte de fonds rassembleuses<\/strong>.<\/p>\n<p>Gr\u00e2ce aux g\u00e9n\u00e9reux dons de particuliers, de fondations priv\u00e9es et d\u2019entreprises, la Fondation permet de combler environ le tiers du budget annuel du Mus\u00e9e. <strong>Votre soutien lui est essentiel<\/strong>.<\/p>\n<p>L\u2019aide financi\u00e8re qu\u2019apporte la Fondation au Mus\u00e9e McCord Stewart permet \u00e0 celui-ci de <strong>pr\u00e9server ses collections de renomm\u00e9e internationale<\/strong>, de relater l\u2019histoire de Montr\u00e9al, du Qu\u00e9bec et du Canada par le truchement de ses <strong>programmes \u00e9ducatifs<\/strong> et de ses <strong>expositions<\/strong>, et d\u2019appuyer ses conservateurs et conservatrices chevronn\u00e9s dans leurs rigoureuses activit\u00e9s de recherche et de publication.<\/p>\n<p>Il existe plusieurs fa\u00e7ons d\u2019aider la Fondation \u00e0 r\u00e9pondre \u00e0 sa mission. Pour en savoir plus, nous vous invitons \u00e0 consulter les sections <a title=\"Faites un don\" href=\"https:\/\/www.musee-mccord-stewart.ca\/fr\/faite-un-don-2\/\" target=\"_blank\" rel=\"noopener\">Fa\u00e7ons de donner<\/a>\u00a0et <a title=\"Impact de votre don\" href=\"https:\/\/www.musee-mccord-stewart.ca\/fr\/donner-et-simpliquer\/impact-de-votre-don\/\">Impact de votre don<\/a>.<\/p>\n","protected":false},"excerpt":{"rendered":"<p>La Fondation du Mus\u00e9e McCord Stewart est une organisation caritative qui a pour raison d\u2019\u00eatre le succ\u00e8s du Mus\u00e9e McCord Stewart et pour mission de favoriser la pr\u00e9servation et la promotion de ses collections. Entit\u00e9 distincte ayant son propre conseil d\u2019administration, la Fondation a \u00e9t\u00e9 constitu\u00e9e en mars 2012 dans le but de g\u00e9rer le [&hellip;]<\/p>\n","protected":false},"author":17,"featured_media":0,"parent":41972,"menu_order":0,"comment_status":"closed","ping_status":"closed","template":"page-templates\/page-texte.php","meta":{"footnotes":""},"categories":[],"tags":[],"acf":[],"yoast_head":"<!-- This site is optimized with the Yoast SEO Premium plugin v20.11 (Yoast SEO v20.11) - https:\/\/yoast.com\/wordpress\/plugins\/seo\/ -->\n<title>Fondation du Mus\u00e9e McCord Stewart - Mus\u00e9e McCord Stewart Stewart<\/title>\n<meta name=\"description\" content=\"La Fondation du Mus\u00e9e McCord Stewart est une organisation caritative qui a pour raison d\u2019\u00eatre le succ\u00e8s du Mus\u00e9e McCord Stewart.\" \/>\n<meta name=\"robots\" content=\"index, follow, max-snippet:-1, max-image-preview:large, max-video-preview:-1\" \/>\n<link rel=\"canonical\" href=\"https:\/\/www.musee-mccord-stewart.ca\/fr\/donner-et-simpliquer\/fondation-musee-mccord-stewart\/\" \/>\n<meta property=\"og:locale\" content=\"fr_FR\" \/>\n<meta property=\"og:type\" content=\"article\" \/>\n<meta property=\"og:title\" content=\"Fondation du Mus\u00e9e McCord Stewart\" \/>\n<meta property=\"og:description\" content=\"La Fondation du Mus\u00e9e McCord est une organisation caritative qui a pour raison d\u2019\u00eatre le succ\u00e8s du Mus\u00e9e McCord Stewart.\" \/>\n<meta property=\"og:url\" content=\"https:\/\/www.musee-mccord-stewart.ca\/fr\/donner-et-simpliquer\/fondation-musee-mccord-stewart\/\" \/>\n<meta property=\"og:site_name\" content=\"Mus\u00e9e McCord Stewart\" \/>\n<meta property=\"article:publisher\" content=\"https:\/\/www.facebook.com\/museemccordstewart\" \/>\n<meta property=\"article:modified_time\" content=\"2025-09-25T17:31:20+00:00\" \/>\n<meta property=\"og:image\" content=\"https:\/\/www.musee-mccord-stewart.ca\/app\/uploads\/2022\/09\/mccord-stewart_facade-exterieur-henderson-2022_roger-aziz_1320x480.jpg\" \/>\n\t<meta property=\"og:image:width\" content=\"1320\" \/>\n\t<meta property=\"og:image:height\" content=\"480\" \/>\n\t<meta property=\"og:image:type\" content=\"image\/jpeg\" \/>\n<meta name=\"twitter:card\" content=\"summary_large_image\" \/>\n<meta name=\"twitter:description\" content=\"La Fondation du Mus\u00e9e McCord est une organisation caritative qui a pour raison d\u2019\u00eatre le succ\u00e8s du Mus\u00e9e McCord Stewart.\" \/>\n<meta name=\"twitter:site\" content=\"@MuseeMcCordStew\" \/>\n<meta name=\"twitter:label1\" content=\"Dur\u00e9e de lecture estim\u00e9e\" \/>\n\t<meta name=\"twitter:data1\" content=\"1 minute\" \/>\n<script type=\"application\/ld+json\" class=\"yoast-schema-graph\">{\"@context\":\"https:\/\/schema.org\",\"@graph\":[{\"@type\":\"WebPage\",\"@id\":\"https:\/\/www.musee-mccord-stewart.ca\/fr\/donner-et-simpliquer\/fondation-musee-mccord-stewart\/\",\"url\":\"https:\/\/www.musee-mccord-stewart.ca\/fr\/donner-et-simpliquer\/fondation-musee-mccord-stewart\/\",\"name\":\"Fondation du Mus\u00e9e McCord Stewart - Mus\u00e9e McCord Stewart Stewart\",\"isPartOf\":{\"@id\":\"https:\/\/www.musee-mccord-stewart.ca\/fr\/#website\"},\"datePublished\":\"2022-09-21T19:12:40+00:00\",\"dateModified\":\"2025-09-25T17:31:20+00:00\",\"description\":\"La Fondation du Mus\u00e9e McCord Stewart est une organisation caritative qui a pour raison d\u2019\u00eatre le succ\u00e8s du Mus\u00e9e McCord Stewart.\",\"breadcrumb\":{\"@id\":\"https:\/\/www.musee-mccord-stewart.ca\/fr\/donner-et-simpliquer\/fondation-musee-mccord-stewart\/#breadcrumb\"},\"inLanguage\":\"fr-FR\",\"potentialAction\":[{\"@type\":\"ReadAction\",\"target\":[\"https:\/\/www.musee-mccord-stewart.ca\/fr\/donner-et-simpliquer\/fondation-musee-mccord-stewart\/\"]}]},{\"@type\":\"BreadcrumbList\",\"@id\":\"https:\/\/www.musee-mccord-stewart.ca\/fr\/donner-et-simpliquer\/fondation-musee-mccord-stewart\/#breadcrumb\",\"itemListElement\":[{\"@type\":\"ListItem\",\"position\":1,\"name\":\"Accueil\",\"item\":\"https:\/\/www.musee-mccord-stewart.ca\/fr\/\"},{\"@type\":\"ListItem\",\"position\":2,\"name\":\"Donner et s&rsquo;impliquer\",\"item\":\"https:\/\/www.musee-mccord-stewart.ca\/fr\/donner-et-simpliquer\/\"},{\"@type\":\"ListItem\",\"position\":3,\"name\":\"Fondation du Mus\u00e9e McCord Stewart\"}]},{\"@type\":\"WebSite\",\"@id\":\"https:\/\/www.musee-mccord-stewart.ca\/fr\/#website\",\"url\":\"https:\/\/www.musee-mccord-stewart.ca\/fr\/\",\"name\":\"Mus\u00e9e McCord Stewart\",\"description\":\"Notre monde, nos histoires\",\"publisher\":{\"@id\":\"https:\/\/www.musee-mccord-stewart.ca\/fr\/#organization\"},\"alternateName\":\"MCS\",\"potentialAction\":[{\"@type\":\"SearchAction\",\"target\":{\"@type\":\"EntryPoint\",\"urlTemplate\":\"https:\/\/www.musee-mccord-stewart.ca\/fr\/?s={search_term_string}\"},\"query-input\":\"required name=search_term_string\"}],\"inLanguage\":\"fr-FR\"},{\"@type\":\"Organization\",\"@id\":\"https:\/\/www.musee-mccord-stewart.ca\/fr\/#organization\",\"name\":\"McCord Stewart Museum\",\"alternateName\":\"MCS\",\"url\":\"https:\/\/www.musee-mccord-stewart.ca\/fr\/\",\"logo\":{\"@type\":\"ImageObject\",\"inLanguage\":\"fr-FR\",\"@id\":\"https:\/\/www.musee-mccord-stewart.ca\/fr\/#\/schema\/logo\/image\/\",\"url\":\"https:\/\/www.musee-mccord-stewart.ca\/app\/uploads\/2023\/05\/logo_museemccordstewart_horizontal_noir_slogan.svg\",\"contentUrl\":\"https:\/\/www.musee-mccord-stewart.ca\/app\/uploads\/2023\/05\/logo_museemccordstewart_horizontal_noir_slogan.svg\",\"width\":1,\"height\":1,\"caption\":\"McCord Stewart Museum\"},\"image\":{\"@id\":\"https:\/\/www.musee-mccord-stewart.ca\/fr\/#\/schema\/logo\/image\/\"},\"sameAs\":[\"https:\/\/www.facebook.com\/museemccordstewart\",\"https:\/\/twitter.com\/MuseeMcCordStew\",\"https:\/\/instagram.com\/museemccordstewart\",\"https:\/\/www.linkedin.com\/company\/museemccordstewart\/\",\"https:\/\/www.pinterest.com\/museemccordstewart\/\",\"https:\/\/www.youtube.com\/c\/MuseeMcCordStewartMuseum\"]}]}<\/script>\n<!-- \/ Yoast SEO Premium plugin. -->","yoast_head_json":{"title":"Fondation du Mus\u00e9e McCord Stewart - Mus\u00e9e McCord Stewart Stewart","description":"La Fondation du Mus\u00e9e McCord Stewart est une organisation caritative qui a pour raison d\u2019\u00eatre le succ\u00e8s du Mus\u00e9e McCord Stewart.","robots":{"index":"index","follow":"follow","max-snippet":"max-snippet:-1","max-image-preview":"max-image-preview:large","max-video-preview":"max-video-preview:-1"},"canonical":"https:\/\/www.musee-mccord-stewart.ca\/fr\/donner-et-simpliquer\/fondation-musee-mccord-stewart\/","og_locale":"fr_FR","og_type":"article","og_title":"Fondation du Mus\u00e9e McCord Stewart","og_description":"La Fondation du Mus\u00e9e McCord est une organisation caritative qui a pour raison d\u2019\u00eatre le succ\u00e8s du Mus\u00e9e McCord Stewart.","og_url":"https:\/\/www.musee-mccord-stewart.ca\/fr\/donner-et-simpliquer\/fondation-musee-mccord-stewart\/","og_site_name":"Mus\u00e9e McCord Stewart","article_publisher":"https:\/\/www.facebook.com\/museemccordstewart","article_modified_time":"2025-09-25T17:31:20+00:00","og_image":[{"width":1320,"height":480,"url":"https:\/\/www.musee-mccord-stewart.ca\/app\/uploads\/2022\/09\/mccord-stewart_facade-exterieur-henderson-2022_roger-aziz_1320x480.jpg","type":"image\/jpeg"}],"twitter_card":"summary_large_image","twitter_description":"La Fondation du Mus\u00e9e McCord est une organisation caritative qui a pour raison d\u2019\u00eatre le succ\u00e8s du Mus\u00e9e McCord Stewart.","twitter_site":"@MuseeMcCordStew","twitter_misc":{"Dur\u00e9e de lecture estim\u00e9e":"1 minute"},"schema":{"@context":"https:\/\/schema.org","@graph":[{"@type":"WebPage","@id":"https:\/\/www.musee-mccord-stewart.ca\/fr\/donner-et-simpliquer\/fondation-musee-mccord-stewart\/","url":"https:\/\/www.musee-mccord-stewart.ca\/fr\/donner-et-simpliquer\/fondation-musee-mccord-stewart\/","name":"Fondation du Mus\u00e9e McCord Stewart - Mus\u00e9e McCord Stewart Stewart","isPartOf":{"@id":"https:\/\/www.musee-mccord-stewart.ca\/fr\/#website"},"datePublished":"2022-09-21T19:12:40+00:00","dateModified":"2025-09-25T17:31:20+00:00","description":"La Fondation du Mus\u00e9e McCord Stewart est une organisation caritative qui a pour raison d\u2019\u00eatre le succ\u00e8s du Mus\u00e9e McCord Stewart.","breadcrumb":{"@id":"https:\/\/www.musee-mccord-stewart.ca\/fr\/donner-et-simpliquer\/fondation-musee-mccord-stewart\/#breadcrumb"},"inLanguage":"fr-FR","potentialAction":[{"@type":"ReadAction","target":["https:\/\/www.musee-mccord-stewart.ca\/fr\/donner-et-simpliquer\/fondation-musee-mccord-stewart\/"]}]},{"@type":"BreadcrumbList","@id":"https:\/\/www.musee-mccord-stewart.ca\/fr\/donner-et-simpliquer\/fondation-musee-mccord-stewart\/#breadcrumb","itemListElement":[{"@type":"ListItem","position":1,"name":"Accueil","item":"https:\/\/www.musee-mccord-stewart.ca\/fr\/"},{"@type":"ListItem","position":2,"name":"Donner et s&rsquo;impliquer","item":"https:\/\/www.musee-mccord-stewart.ca\/fr\/donner-et-simpliquer\/"},{"@type":"ListItem","position":3,"name":"Fondation du Mus\u00e9e McCord Stewart"}]},{"@type":"WebSite","@id":"https:\/\/www.musee-mccord-stewart.ca\/fr\/#website","url":"https:\/\/www.musee-mccord-stewart.ca\/fr\/","name":"Mus\u00e9e McCord Stewart","description":"Notre monde, nos histoires","publisher":{"@id":"https:\/\/www.musee-mccord-stewart.ca\/fr\/#organization"},"alternateName":"MCS","potentialAction":[{"@type":"SearchAction","target":{"@type":"EntryPoint","urlTemplate":"https:\/\/www.musee-mccord-stewart.ca\/fr\/?s={search_term_string}"},"query-input":"required name=search_term_string"}],"inLanguage":"fr-FR"},{"@type":"Organization","@id":"https:\/\/www.musee-mccord-stewart.ca\/fr\/#organization","name":"McCord Stewart Museum","alternateName":"MCS","url":"https:\/\/www.musee-mccord-stewart.ca\/fr\/","logo":{"@type":"ImageObject","inLanguage":"fr-FR","@id":"https:\/\/www.musee-mccord-stewart.ca\/fr\/#\/schema\/logo\/image\/","url":"https:\/\/www.musee-mccord-stewart.ca\/app\/uploads\/2023\/05\/logo_museemccordstewart_horizontal_noir_slogan.svg","contentUrl":"https:\/\/www.musee-mccord-stewart.ca\/app\/uploads\/2023\/05\/logo_museemccordstewart_horizontal_noir_slogan.svg","width":1,"height":1,"caption":"McCord Stewart Museum"},"image":{"@id":"https:\/\/www.musee-mccord-stewart.ca\/fr\/#\/schema\/logo\/image\/"},"sameAs":["https:\/\/www.facebook.com\/museemccordstewart","https:\/\/twitter.com\/MuseeMcCordStew","https:\/\/instagram.com\/museemccordstewart","https:\/\/www.linkedin.com\/company\/museemccordstewart\/","https:\/\/www.pinterest.com\/museemccordstewart\/","https:\/\/www.youtube.com\/c\/MuseeMcCordStewartMuseum"]}]}},"_links":{"self":[{"href":"https:\/\/www.musee-mccord-stewart.ca\/fr\/wp-json\/wp\/v2\/pages\/42192"}],"collection":[{"href":"https:\/\/www.musee-mccord-stewart.ca\/fr\/wp-json\/wp\/v2\/pages"}],"about":[{"href":"https:\/\/www.musee-mccord-stewart.ca\/fr\/wp-json\/wp\/v2\/types\/page"}],"author":[{"embeddable":true,"href":"https:\/\/www.musee-mccord-stewart.ca\/fr\/wp-json\/wp\/v2\/users\/17"}],"replies":[{"embeddable":true,"href":"https:\/\/www.musee-mccord-stewart.ca\/fr\/wp-json\/wp\/v2\/comments?post=42192"}],"version-history":[{"count":0,"href":"https:\/\/www.musee-mccord-stewart.ca\/fr\/wp-json\/wp\/v2\/pages\/42192\/revisions"}],"up":[{"embeddable":true,"href":"https:\/\/www.musee-mccord-stewart.ca\/fr\/wp-json\/wp\/v2\/pages\/41972"}],"wp:attachment":[{"href":"https:\/\/www.musee-mccord-stewart.ca\/fr\/wp-json\/wp\/v2\/media?parent=42192"}],"wp:term":[{"taxonomy":"category","embeddable":true,"href":"https:\/\/www.musee-mccord-stewart.ca\/fr\/wp-json\/wp\/v2\/categories?post=42192"},{"taxonomy":"post_tag","embeddable":true,"href":"https:\/\/www.musee-mccord-stewart.ca\/fr\/wp-json\/wp\/v2\/tags?post=42192"}],"curies":[{"name":"wp","href":"https:\/\/api.w.org\/{rel}","templated":true}]}}