{"id":42157,"date":"2022-09-13T16:13:47","date_gmt":"2022-09-13T20:13:47","guid":{"rendered":"https:\/\/www.musee-mccord-stewart.ca\/?page_id=42157"},"modified":"2026-04-01T17:42:37","modified_gmt":"2026-04-01T21:42:37","slug":"demarche-developpement-durable","status":"publish","type":"page","link":"https:\/\/www.musee-mccord-stewart.ca\/fr\/demarche-developpement-durable\/","title":{"rendered":"D\u00e9marche de d\u00e9veloppement durable"},"content":{"rendered":"<p>Poursuivant son engagement de longue date quant \u00e0 la mise en \u0153uvre de politiques et de pratiques en mati\u00e8re de durabilit\u00e9, le Mus\u00e9e McCord Stewart a sign\u00e9 <a title=\"\" href=\"https:\/\/www.sustainabletourism2030.com\/prenez-lengagement\/\" target=\"_blank\" rel=\"noopener\">l\u2019Engagement en tourisme durable 2030<\/a> afin d\u2019amplifier ses efforts et ses r\u00e9sultats d\u2019ici la fin de la d\u00e9cennie.<\/p>\n<p>L\u2019Organisation mondiale du tourisme (ONU Tourisme) d\u00e9finit le tourisme durable comme \u00ab [u]n tourisme qui tient pleinement compte de ses impacts \u00e9conomiques, sociaux et environnementaux actuels et futurs, en r\u00e9pondant aux besoins des visiteurs, des professionnels, de l\u2019environnement et des communaut\u00e9s d\u2019accueil \u00bb.<\/p>\n<p>Ainsi, pour les prochaines ann\u00e9es, l\u2019\u00e9quipe du Mus\u00e9e s\u2019engage \u00e0 mesurer et \u00e0 am\u00e9liorer sa performance organisationnelle en la mati\u00e8re, notamment en\u202f:<\/p>\n<ul>\n<li>am\u00e9liorant la r\u00e9silience climatique et \u00e9nerg\u00e9tique de ses actifs immobiliers;<\/li>\n<li>pla\u00e7ant l\u2019\u00e9coconception et l\u2019\u00e9conomie circulaire au c\u0153ur de ses activit\u00e9s;<\/li>\n<li>soutenant un r\u00e9seau local, engag\u00e9 et ing\u00e9nieux de prestataires de services;<\/li>\n<li>d\u00e9ployant des mesures d\u2019accessibilit\u00e9 pour les publics;<\/li>\n<li>collaborant \u00e9troitement avec les diff\u00e9rentes communaut\u00e9s \u00e0 la valorisation des histoires, des savoirs et des expertises.<\/li>\n<\/ul>\n","protected":false},"excerpt":{"rendered":"<p>Poursuivant son engagement de longue date quant \u00e0 la mise en \u0153uvre de politiques et de pratiques en mati\u00e8re de durabilit\u00e9, le Mus\u00e9e McCord Stewart a sign\u00e9 l\u2019Engagement en tourisme durable 2030 afin d\u2019amplifier ses efforts et ses r\u00e9sultats d\u2019ici la fin de la d\u00e9cennie. L\u2019Organisation mondiale du tourisme (ONU Tourisme) d\u00e9finit le tourisme durable [&hellip;]<\/p>\n","protected":false},"author":17,"featured_media":0,"parent":0,"menu_order":0,"comment_status":"closed","ping_status":"closed","template":"page-templates\/page-texte.php","meta":{"footnotes":""},"categories":[],"tags":[],"acf":[],"yoast_head":"<!-- This site is optimized with the Yoast SEO Premium plugin v20.11 (Yoast SEO v20.11) - https:\/\/yoast.com\/wordpress\/plugins\/seo\/ -->\n<title>D\u00e9marche de d\u00e9veloppement durable - Mus\u00e9e McCord Stewart<\/title>\n<meta name=\"description\" content=\"Le Mus\u00e9e McCord Stewart et sa Fondation sont pleinement engag\u00e9s \u00e0 r\u00e9pondre aux enjeux environnementaux grandissants, aux d\u00e9fis d\u2019inclusion et de justice sociale.\" \/>\n<meta name=\"robots\" content=\"index, follow, max-snippet:-1, max-image-preview:large, max-video-preview:-1\" \/>\n<link rel=\"canonical\" href=\"https:\/\/www.musee-mccord-stewart.ca\/fr\/demarche-developpement-durable\/\" \/>\n<meta property=\"og:locale\" content=\"fr_FR\" \/>\n<meta property=\"og:type\" content=\"article\" \/>\n<meta property=\"og:title\" content=\"D\u00e9marche de d\u00e9veloppement durable\" \/>\n<meta property=\"og:description\" content=\"Le Mus\u00e9e McCord Stewart et sa Fondation sont pleinement engag\u00e9s \u00e0 r\u00e9pondre aux enjeux environnementaux grandissants, aux d\u00e9fis d\u2019inclusion et de justice sociale.\" \/>\n<meta property=\"og:url\" content=\"https:\/\/www.musee-mccord-stewart.ca\/fr\/demarche-developpement-durable\/\" \/>\n<meta property=\"og:site_name\" content=\"Mus\u00e9e McCord Stewart\" \/>\n<meta property=\"article:publisher\" content=\"https:\/\/www.facebook.com\/museemccordstewart\" \/>\n<meta property=\"article:modified_time\" content=\"2026-04-01T21:42:37+00:00\" \/>\n<meta property=\"og:image\" content=\"https:\/\/www.musee-mccord-stewart.ca\/app\/uploads\/2023\/04\/mccord-stewart_developpement-durable-ampoules-expositions_20230420_delhor2_pmigneault_1320x480_02-1.jpg\" \/>\n\t<meta property=\"og:image:width\" content=\"1320\" \/>\n\t<meta property=\"og:image:height\" content=\"480\" \/>\n\t<meta property=\"og:image:type\" content=\"image\/jpeg\" \/>\n<meta name=\"twitter:card\" content=\"summary_large_image\" \/>\n<meta name=\"twitter:description\" content=\"Le Mus\u00e9e McCord Stewart et sa Fondation sont pleinement engag\u00e9s \u00e0 r\u00e9pondre aux enjeux environnementaux grandissants, aux d\u00e9fis d\u2019inclusion et de justice sociale.\" \/>\n<meta name=\"twitter:site\" content=\"@MuseeMcCordStew\" \/>\n<meta name=\"twitter:label1\" content=\"Dur\u00e9e de lecture estim\u00e9e\" \/>\n\t<meta name=\"twitter:data1\" content=\"1 minute\" \/>\n<script type=\"application\/ld+json\" class=\"yoast-schema-graph\">{\"@context\":\"https:\/\/schema.org\",\"@graph\":[{\"@type\":\"WebPage\",\"@id\":\"https:\/\/www.musee-mccord-stewart.ca\/fr\/demarche-developpement-durable\/\",\"url\":\"https:\/\/www.musee-mccord-stewart.ca\/fr\/demarche-developpement-durable\/\",\"name\":\"D\u00e9marche de d\u00e9veloppement durable - Mus\u00e9e McCord Stewart\",\"isPartOf\":{\"@id\":\"https:\/\/www.musee-mccord-stewart.ca\/fr\/#website\"},\"datePublished\":\"2022-09-13T20:13:47+00:00\",\"dateModified\":\"2026-04-01T21:42:37+00:00\",\"description\":\"Le Mus\u00e9e McCord Stewart et sa Fondation sont pleinement engag\u00e9s \u00e0 r\u00e9pondre aux enjeux environnementaux grandissants, aux d\u00e9fis d\u2019inclusion et de justice sociale.\",\"breadcrumb\":{\"@id\":\"https:\/\/www.musee-mccord-stewart.ca\/fr\/demarche-developpement-durable\/#breadcrumb\"},\"inLanguage\":\"fr-FR\",\"potentialAction\":[{\"@type\":\"ReadAction\",\"target\":[\"https:\/\/www.musee-mccord-stewart.ca\/fr\/demarche-developpement-durable\/\"]}]},{\"@type\":\"BreadcrumbList\",\"@id\":\"https:\/\/www.musee-mccord-stewart.ca\/fr\/demarche-developpement-durable\/#breadcrumb\",\"itemListElement\":[{\"@type\":\"ListItem\",\"position\":1,\"name\":\"Accueil\",\"item\":\"https:\/\/www.musee-mccord-stewart.ca\/fr\/\"},{\"@type\":\"ListItem\",\"position\":2,\"name\":\"D\u00e9marche de d\u00e9veloppement durable\"}]},{\"@type\":\"WebSite\",\"@id\":\"https:\/\/www.musee-mccord-stewart.ca\/fr\/#website\",\"url\":\"https:\/\/www.musee-mccord-stewart.ca\/fr\/\",\"name\":\"Mus\u00e9e McCord Stewart\",\"description\":\"Notre monde, nos histoires\",\"publisher\":{\"@id\":\"https:\/\/www.musee-mccord-stewart.ca\/fr\/#organization\"},\"alternateName\":\"MCS\",\"potentialAction\":[{\"@type\":\"SearchAction\",\"target\":{\"@type\":\"EntryPoint\",\"urlTemplate\":\"https:\/\/www.musee-mccord-stewart.ca\/fr\/?s={search_term_string}\"},\"query-input\":\"required name=search_term_string\"}],\"inLanguage\":\"fr-FR\"},{\"@type\":\"Organization\",\"@id\":\"https:\/\/www.musee-mccord-stewart.ca\/fr\/#organization\",\"name\":\"McCord Stewart Museum\",\"alternateName\":\"MCS\",\"url\":\"https:\/\/www.musee-mccord-stewart.ca\/fr\/\",\"logo\":{\"@type\":\"ImageObject\",\"inLanguage\":\"fr-FR\",\"@id\":\"https:\/\/www.musee-mccord-stewart.ca\/fr\/#\/schema\/logo\/image\/\",\"url\":\"https:\/\/www.musee-mccord-stewart.ca\/app\/uploads\/2023\/05\/logo_museemccordstewart_horizontal_noir_slogan.svg\",\"contentUrl\":\"https:\/\/www.musee-mccord-stewart.ca\/app\/uploads\/2023\/05\/logo_museemccordstewart_horizontal_noir_slogan.svg\",\"width\":1,\"height\":1,\"caption\":\"McCord Stewart Museum\"},\"image\":{\"@id\":\"https:\/\/www.musee-mccord-stewart.ca\/fr\/#\/schema\/logo\/image\/\"},\"sameAs\":[\"https:\/\/www.facebook.com\/museemccordstewart\",\"https:\/\/twitter.com\/MuseeMcCordStew\",\"https:\/\/instagram.com\/museemccordstewart\",\"https:\/\/www.linkedin.com\/company\/museemccordstewart\/\",\"https:\/\/www.pinterest.com\/museemccordstewart\/\",\"https:\/\/www.youtube.com\/c\/MuseeMcCordStewartMuseum\"]}]}<\/script>\n<!-- \/ Yoast SEO Premium plugin. -->","yoast_head_json":{"title":"D\u00e9marche de d\u00e9veloppement durable - Mus\u00e9e McCord Stewart","description":"Le Mus\u00e9e McCord Stewart et sa Fondation sont pleinement engag\u00e9s \u00e0 r\u00e9pondre aux enjeux environnementaux grandissants, aux d\u00e9fis d\u2019inclusion et de justice sociale.","robots":{"index":"index","follow":"follow","max-snippet":"max-snippet:-1","max-image-preview":"max-image-preview:large","max-video-preview":"max-video-preview:-1"},"canonical":"https:\/\/www.musee-mccord-stewart.ca\/fr\/demarche-developpement-durable\/","og_locale":"fr_FR","og_type":"article","og_title":"D\u00e9marche de d\u00e9veloppement durable","og_description":"Le Mus\u00e9e McCord Stewart et sa Fondation sont pleinement engag\u00e9s \u00e0 r\u00e9pondre aux enjeux environnementaux grandissants, aux d\u00e9fis d\u2019inclusion et de justice sociale.","og_url":"https:\/\/www.musee-mccord-stewart.ca\/fr\/demarche-developpement-durable\/","og_site_name":"Mus\u00e9e McCord Stewart","article_publisher":"https:\/\/www.facebook.com\/museemccordstewart","article_modified_time":"2026-04-01T21:42:37+00:00","og_image":[{"width":1320,"height":480,"url":"https:\/\/www.musee-mccord-stewart.ca\/app\/uploads\/2023\/04\/mccord-stewart_developpement-durable-ampoules-expositions_20230420_delhor2_pmigneault_1320x480_02-1.jpg","type":"image\/jpeg"}],"twitter_card":"summary_large_image","twitter_description":"Le Mus\u00e9e McCord Stewart et sa Fondation sont pleinement engag\u00e9s \u00e0 r\u00e9pondre aux enjeux environnementaux grandissants, aux d\u00e9fis d\u2019inclusion et de justice sociale.","twitter_site":"@MuseeMcCordStew","twitter_misc":{"Dur\u00e9e de lecture estim\u00e9e":"1 minute"},"schema":{"@context":"https:\/\/schema.org","@graph":[{"@type":"WebPage","@id":"https:\/\/www.musee-mccord-stewart.ca\/fr\/demarche-developpement-durable\/","url":"https:\/\/www.musee-mccord-stewart.ca\/fr\/demarche-developpement-durable\/","name":"D\u00e9marche de d\u00e9veloppement durable - Mus\u00e9e McCord Stewart","isPartOf":{"@id":"https:\/\/www.musee-mccord-stewart.ca\/fr\/#website"},"datePublished":"2022-09-13T20:13:47+00:00","dateModified":"2026-04-01T21:42:37+00:00","description":"Le Mus\u00e9e McCord Stewart et sa Fondation sont pleinement engag\u00e9s \u00e0 r\u00e9pondre aux enjeux environnementaux grandissants, aux d\u00e9fis d\u2019inclusion et de justice sociale.","breadcrumb":{"@id":"https:\/\/www.musee-mccord-stewart.ca\/fr\/demarche-developpement-durable\/#breadcrumb"},"inLanguage":"fr-FR","potentialAction":[{"@type":"ReadAction","target":["https:\/\/www.musee-mccord-stewart.ca\/fr\/demarche-developpement-durable\/"]}]},{"@type":"BreadcrumbList","@id":"https:\/\/www.musee-mccord-stewart.ca\/fr\/demarche-developpement-durable\/#breadcrumb","itemListElement":[{"@type":"ListItem","position":1,"name":"Accueil","item":"https:\/\/www.musee-mccord-stewart.ca\/fr\/"},{"@type":"ListItem","position":2,"name":"D\u00e9marche de d\u00e9veloppement durable"}]},{"@type":"WebSite","@id":"https:\/\/www.musee-mccord-stewart.ca\/fr\/#website","url":"https:\/\/www.musee-mccord-stewart.ca\/fr\/","name":"Mus\u00e9e McCord Stewart","description":"Notre monde, nos histoires","publisher":{"@id":"https:\/\/www.musee-mccord-stewart.ca\/fr\/#organization"},"alternateName":"MCS","potentialAction":[{"@type":"SearchAction","target":{"@type":"EntryPoint","urlTemplate":"https:\/\/www.musee-mccord-stewart.ca\/fr\/?s={search_term_string}"},"query-input":"required name=search_term_string"}],"inLanguage":"fr-FR"},{"@type":"Organization","@id":"https:\/\/www.musee-mccord-stewart.ca\/fr\/#organization","name":"McCord Stewart Museum","alternateName":"MCS","url":"https:\/\/www.musee-mccord-stewart.ca\/fr\/","logo":{"@type":"ImageObject","inLanguage":"fr-FR","@id":"https:\/\/www.musee-mccord-stewart.ca\/fr\/#\/schema\/logo\/image\/","url":"https:\/\/www.musee-mccord-stewart.ca\/app\/uploads\/2023\/05\/logo_museemccordstewart_horizontal_noir_slogan.svg","contentUrl":"https:\/\/www.musee-mccord-stewart.ca\/app\/uploads\/2023\/05\/logo_museemccordstewart_horizontal_noir_slogan.svg","width":1,"height":1,"caption":"McCord Stewart Museum"},"image":{"@id":"https:\/\/www.musee-mccord-stewart.ca\/fr\/#\/schema\/logo\/image\/"},"sameAs":["https:\/\/www.facebook.com\/museemccordstewart","https:\/\/twitter.com\/MuseeMcCordStew","https:\/\/instagram.com\/museemccordstewart","https:\/\/www.linkedin.com\/company\/museemccordstewart\/","https:\/\/www.pinterest.com\/museemccordstewart\/","https:\/\/www.youtube.com\/c\/MuseeMcCordStewartMuseum"]}]}},"_links":{"self":[{"href":"https:\/\/www.musee-mccord-stewart.ca\/fr\/wp-json\/wp\/v2\/pages\/42157"}],"collection":[{"href":"https:\/\/www.musee-mccord-stewart.ca\/fr\/wp-json\/wp\/v2\/pages"}],"about":[{"href":"https:\/\/www.musee-mccord-stewart.ca\/fr\/wp-json\/wp\/v2\/types\/page"}],"author":[{"embeddable":true,"href":"https:\/\/www.musee-mccord-stewart.ca\/fr\/wp-json\/wp\/v2\/users\/17"}],"replies":[{"embeddable":true,"href":"https:\/\/www.musee-mccord-stewart.ca\/fr\/wp-json\/wp\/v2\/comments?post=42157"}],"version-history":[{"count":0,"href":"https:\/\/www.musee-mccord-stewart.ca\/fr\/wp-json\/wp\/v2\/pages\/42157\/revisions"}],"wp:attachment":[{"href":"https:\/\/www.musee-mccord-stewart.ca\/fr\/wp-json\/wp\/v2\/media?parent=42157"}],"wp:term":[{"taxonomy":"category","embeddable":true,"href":"https:\/\/www.musee-mccord-stewart.ca\/fr\/wp-json\/wp\/v2\/categories?post=42157"},{"taxonomy":"post_tag","embeddable":true,"href":"https:\/\/www.musee-mccord-stewart.ca\/fr\/wp-json\/wp\/v2\/tags?post=42157"}],"curies":[{"name":"wp","href":"https:\/\/api.w.org\/{rel}","templated":true}]}}