{"id":42071,"date":"2022-08-30T13:29:31","date_gmt":"2022-08-30T17:29:31","guid":{"rendered":"https:\/\/www.musee-mccord-stewart.ca\/?page_id=42071"},"modified":"2025-09-11T16:45:22","modified_gmt":"2025-09-11T20:45:22","slug":"histoire","status":"publish","type":"page","link":"https:\/\/www.musee-mccord-stewart.ca\/fr\/histoire\/","title":{"rendered":"Histoire du Mus\u00e9e McCord Stewart"},"content":{"rendered":"<p>Ancr\u00e9 \u00e0 Montr\u00e9al\u00a0<strong>depuis plus de 100 ans<\/strong>, le Mus\u00e9e McCord Stewart t\u00e9moigne de<strong>\u00a0l\u2019histoire de la ville<\/strong>, m\u00e9tropole du Qu\u00e9bec,\u00a0<strong>de son rayonnement<\/strong>\u00a0au Canada et dans le monde, ainsi que de<strong>\u00a0la vitalit\u00e9, de la cr\u00e9ativit\u00e9 et de la diversit\u00e9 des individus et des communaut\u00e9s<\/strong>\u00a0qui la composent.<\/p>\n<p>Il amplifie leurs voix par l\u2019interpr\u00e9tation et la diffusion du remarquable patrimoine dont il est le gardien, soit\u00a0<a title=\"\" href=\"https:\/\/www.musee-mccord-stewart.ca\/fr\/collections\/\">six collections<\/a> riches de 3,2 millions d\u2019images, d\u2019objets, de documents et d\u2019\u0153uvres d\u2019art qui le positionnent comme l\u2019un des <strong>mus\u00e9es de r\u00e9f\u00e9rence<\/strong>\u00a0en Am\u00e9rique du Nord.<\/p>\n<p>Engag\u00e9 dans une d\u00e9marche de\u00a0<strong>d\u00e9colonisation<\/strong>\u00a0et dans la mise en \u0153uvre de\u00a0<strong>pratiques mus\u00e9ales durables<\/strong>, il con\u00e7oit des\u00a0<a href=\"https:\/\/www.musee-mccord-stewart.ca\/fr\/expositions\/\">expositions<\/a>\u00a0et des\u00a0<a title=\"\" href=\"https:\/\/www.musee-mccord-stewart.ca\/fr\/activites\/?category=adulte\" target=\"_blank\" rel=\"noopener\">activit\u00e9s \u00e9ducatives, culturelles et citoyennes<\/a>\u00a0stimulantes qui portent un\u00a0<strong>regard critique et inclusif<\/strong> sur l\u2019histoire sociale et les enjeux contemporains qui touchent ses publics, les incitant \u00e0 l\u2019action pour une soci\u00e9t\u00e9 plus juste.<\/p>\n<h2>Projet d\u2019un nouveau mus\u00e9e pour Montr\u00e9al au c\u0153ur du centre-ville<\/h2>\n<p>Le 30\u00a0avril 2019, le Mus\u00e9e McCord Stewart annonce que son <a title=\"Un nouveau mus\u00e9e pour Montr\u00e9al au c\u0153ur du centre-ville\" href=\"https:\/\/www.musee-mccord-stewart.ca\/fr\/nouveau-musee-montreal-centre-ville\/\">projet de nouveau mus\u00e9e se r\u00e9alisera en plein c\u0153ur du centre-ville de Montr\u00e9al<\/a>. Il sera \u00e9rig\u00e9 sur l\u2019emplacement actuel du Mus\u00e9e McCord, en plus d\u2019y int\u00e9grer la rue Victoria qui jouxte le Mus\u00e9e \u00e0 l\u2019ouest et le terrain de l\u2019ancien restaurant Le Caveau sur l\u2019avenue du Pr\u00e9sident-Kennedy. En occupant l\u2019ensemble de ces terrains, le mus\u00e9e pourra r\u00e9pondre \u00e0 ses besoins d\u2019espaces additionnels et construire un \u00e9tablissement mus\u00e9al qui marquera le paysage urbain et culturel de Montr\u00e9al. Le choix du site s\u2019est fait en \u00e9troite collaboration avec la Ville de Montr\u00e9al, qui c\u00e8de les droits d\u2019utilisation de la rue Victoria pour la construction du nouveau mus\u00e9e, et apr\u00e8s la r\u00e9alisation d\u2019une \u00e9tude de faisabilit\u00e9.<\/p>\n<p>Ce projet d\u2019envergure viendra <strong>doter Montr\u00e9al d\u2019une institution de calibre international qui sera un legs pour les Montr\u00e9alais<\/strong>. Il b\u00e9n\u00e9ficie d\u2019un soutien d\u2019une ampleur historique\u00a0: une promesse de don de 15\u00a0millions de dollars de la Fondation Emmanuelle Gattuso. Il s\u2019agit en effet du don mon\u00e9taire priv\u00e9 le plus important fait \u00e0 une institution mus\u00e9ale qu\u00e9b\u00e9coise depuis plus de trente ans. La date de r\u00e9alisation des travaux, tributaire du financement du gouvernement du Canada et du gouvernement du Qu\u00e9bec, n\u2019est pas d\u00e9termin\u00e9e \u00e0 ce jour.<\/p>\n<h2>D\u00e9marche d\u2019autochtonisation et de d\u00e9colonisation<\/h2>\n<p>Depuis plusieurs ann\u00e9es, l\u2019institution est engag\u00e9e dans une d\u00e9marche d\u2019autochtonisation visant \u00e0 accro\u00eetre la pertinence et l\u2019accessibilit\u00e9 de la collection Cultures autochtones et \u00e0 veiller \u00e0 ce que son rayonnement refl\u00e8te les pr\u00e9occupations et les perspectives contemporaines des Autochtones.<\/p>\n<p>Quelques faits saillants\u00a0:<\/p>\n<ul>\n<li>Depuis le 17 juin 2019, les r\u00e8glements g\u00e9n\u00e9raux du Mus\u00e9e stipulent qu\u2019au minimum, deux postes \u00e9lus au conseil d\u2019administration sont r\u00e9serv\u00e9s pour des administrateurs s\u2019identifiant comme appartenant \u00e0 une culture autochtone (incluant les Inuits, les M\u00e9tis et les Premi\u00e8res Nations).<\/li>\n<li>En f\u00e9vrier 2020, le Mus\u00e9e engage l\u2019historien wendat Jonathan Lainey \u00e0 titre de conservateur, Cultures autochtones.<\/li>\n<li>Le Mus\u00e9e McCord est l\u2019une des huit institutions culturelles montr\u00e9alaises identifi\u00e9es par le Conseil des arts de Montr\u00e9al pour rendre ses ressources, expertises et r\u00e9seaux accessibles au b\u00e9n\u00e9fice de la communaut\u00e9 artistique montr\u00e9alaise. La sensibilisation aux r\u00e9alit\u00e9s et enjeux autochtones ainsi que le renforcement des liens avec les cr\u00e9ateurs autochtones seront au centre de deux projets r\u00e9alis\u00e9s par le Mus\u00e9e dans le cadre de cette entente.<\/li>\n<li>En d\u00e9cembre 2020, Ghislain Picard, chef de l\u2019Assembl\u00e9e des Premi\u00e8res Nations du Qu\u00e9bec-Labrador (APNQL) devient membre du conseil d\u2019administration du Mus\u00e9e McCord-Stewart. Il est nomm\u00e9 pr\u00e9sident du conseil en juin 2021.<\/li>\n<li>La m\u00eame ann\u00e9e, le Mus\u00e9e met en place un comit\u00e9 consultatif autochtone permanent, dont le but principal est de poser un regard transversal \u00e9clair\u00e9 sur les initiatives d\u2019autochtonisation du Mus\u00e9e. Il r\u00e9unit huit membres, dont Heather Igloliorte, chercheuse inuite, conservatrice ind\u00e9pendante et historienne de l\u2019art du Nunatsiavut, professeure agr\u00e9g\u00e9e d\u2019histoire de l\u2019art autochtone \u00e0 l\u2019Universit\u00e9 Concordia\u2009; Philippe Meilleur, d\u2019origine mohawk, directeur g\u00e9n\u00e9ral de Montr\u00e9al Autochtone\u2009; Nadia Myre, d\u2019origine algonquine, artiste pluridisciplinaire et cofondatrice du Centre d\u2019art daphne\u2009; Melissa Mollen Dupuis, cin\u00e9aste innue et militante pour les droits des Autochtones\u2009; et Karine Awashish, d\u2019origine atikamekw, cofondatrice de la Coop Nitaskinan et coordonnatrice de la Table r\u00e9gionale en \u00e9conomie sociale des Premi\u00e8res Nations.<\/li>\n<li>Dans le cadre des pr\u00e9paratifs en vue des c\u00e9l\u00e9brations du 100<sup>e<\/sup> anniversaire du Mus\u00e9e et de son nouveau plan strat\u00e9gique quinquennal, des consultations sont organis\u00e9es pour rencontrer des repr\u00e9sentants de diverses communaut\u00e9s autochtones et marginalis\u00e9es afin qu\u2019elles soient incluses dans la r\u00e9flexion sur le processus de d\u00e9colonisation du Mus\u00e9e.<\/li>\n<li>Le Mus\u00e9e entreprend une r\u00e9flexion sur la d\u00e9colonisation de ses pratiques mus\u00e9ales et s\u2019engage dans ce processus.<\/li>\n<\/ul>\n","protected":false},"excerpt":{"rendered":"<p>Ancr\u00e9 \u00e0 Montr\u00e9al\u00a0depuis plus de 100 ans, le Mus\u00e9e McCord Stewart t\u00e9moigne de\u00a0l\u2019histoire de la ville, m\u00e9tropole du Qu\u00e9bec,\u00a0de son rayonnement\u00a0au Canada et dans le monde, ainsi que de\u00a0la vitalit\u00e9, de la cr\u00e9ativit\u00e9 et de la diversit\u00e9 des individus et des communaut\u00e9s\u00a0qui la composent. Il amplifie leurs voix par l\u2019interpr\u00e9tation et la diffusion du remarquable [&hellip;]<\/p>\n","protected":false},"author":35,"featured_media":0,"parent":0,"menu_order":0,"comment_status":"closed","ping_status":"closed","template":"page-templates\/page-texte.php","meta":{"footnotes":""},"categories":[],"tags":[],"acf":[],"yoast_head":"<!-- This site is optimized with the Yoast SEO Premium plugin v20.11 (Yoast SEO v20.11) - https:\/\/yoast.com\/wordpress\/plugins\/seo\/ -->\n<title>Histoire du Mus\u00e9e McCord Stewart - Mus\u00e9e McCord Stewart<\/title>\n<meta name=\"description\" content=\"Le Mus\u00e9e McCord Stewart c\u00e9l\u00e8bre la vie \u00e0 Montr\u00e9al, d\u2019hier et d\u2019aujourd\u2019hui : son histoire, ses gens, son peuple, ses communaut\u00e9s.\" \/>\n<meta name=\"robots\" content=\"index, follow, max-snippet:-1, max-image-preview:large, max-video-preview:-1\" \/>\n<link rel=\"canonical\" href=\"https:\/\/www.musee-mccord-stewart.ca\/fr\/histoire\/\" \/>\n<meta property=\"og:locale\" content=\"fr_FR\" \/>\n<meta property=\"og:type\" content=\"article\" \/>\n<meta property=\"og:title\" content=\"Histoire du Mus\u00e9e McCord Stewart\" \/>\n<meta property=\"og:description\" content=\"Le Mus\u00e9e McCord Stewart c\u00e9l\u00e8bre la vie \u00e0 Montr\u00e9al, d\u2019hier et d\u2019aujourd\u2019hui : son histoire, ses gens, son peuple, ses communaut\u00e9s.\" \/>\n<meta property=\"og:url\" content=\"https:\/\/www.musee-mccord-stewart.ca\/fr\/histoire\/\" \/>\n<meta property=\"og:site_name\" content=\"Mus\u00e9e McCord Stewart\" \/>\n<meta property=\"article:publisher\" content=\"https:\/\/www.facebook.com\/museemccordstewart\" \/>\n<meta property=\"article:modified_time\" content=\"2025-09-11T20:45:22+00:00\" \/>\n<meta property=\"og:image\" content=\"https:\/\/www.musee-mccord-stewart.ca\/app\/uploads\/2022\/09\/mccord-stewart_facade-exterieur-henderson-2022_roger-aziz_1320x480.jpg\" \/>\n\t<meta property=\"og:image:width\" content=\"1320\" \/>\n\t<meta property=\"og:image:height\" content=\"480\" \/>\n\t<meta property=\"og:image:type\" content=\"image\/jpeg\" \/>\n<meta name=\"twitter:card\" content=\"summary_large_image\" \/>\n<meta name=\"twitter:description\" content=\"Le Mus\u00e9e McCord Stewart c\u00e9l\u00e8bre la vie \u00e0 Montr\u00e9al, d\u2019hier et d\u2019aujourd\u2019hui : son histoire, ses gens, son peuple, ses communaut\u00e9s.\" \/>\n<meta name=\"twitter:site\" content=\"@MuseeMcCordStew\" \/>\n<meta name=\"twitter:label1\" content=\"Dur\u00e9e de lecture estim\u00e9e\" \/>\n\t<meta name=\"twitter:data1\" content=\"4 minutes\" \/>\n<script type=\"application\/ld+json\" class=\"yoast-schema-graph\">{\"@context\":\"https:\/\/schema.org\",\"@graph\":[{\"@type\":\"WebPage\",\"@id\":\"https:\/\/www.musee-mccord-stewart.ca\/fr\/histoire\/\",\"url\":\"https:\/\/www.musee-mccord-stewart.ca\/fr\/histoire\/\",\"name\":\"Histoire du Mus\u00e9e McCord Stewart - Mus\u00e9e McCord Stewart\",\"isPartOf\":{\"@id\":\"https:\/\/www.musee-mccord-stewart.ca\/fr\/#website\"},\"datePublished\":\"2022-08-30T17:29:31+00:00\",\"dateModified\":\"2025-09-11T20:45:22+00:00\",\"description\":\"Le Mus\u00e9e McCord Stewart c\u00e9l\u00e8bre la vie \u00e0 Montr\u00e9al, d\u2019hier et d\u2019aujourd\u2019hui : son histoire, ses gens, son peuple, ses communaut\u00e9s.\",\"breadcrumb\":{\"@id\":\"https:\/\/www.musee-mccord-stewart.ca\/fr\/histoire\/#breadcrumb\"},\"inLanguage\":\"fr-FR\",\"potentialAction\":[{\"@type\":\"ReadAction\",\"target\":[\"https:\/\/www.musee-mccord-stewart.ca\/fr\/histoire\/\"]}]},{\"@type\":\"BreadcrumbList\",\"@id\":\"https:\/\/www.musee-mccord-stewart.ca\/fr\/histoire\/#breadcrumb\",\"itemListElement\":[{\"@type\":\"ListItem\",\"position\":1,\"name\":\"Accueil\",\"item\":\"https:\/\/www.musee-mccord-stewart.ca\/fr\/\"},{\"@type\":\"ListItem\",\"position\":2,\"name\":\"Histoire du Mus\u00e9e McCord Stewart\"}]},{\"@type\":\"WebSite\",\"@id\":\"https:\/\/www.musee-mccord-stewart.ca\/fr\/#website\",\"url\":\"https:\/\/www.musee-mccord-stewart.ca\/fr\/\",\"name\":\"Mus\u00e9e McCord Stewart\",\"description\":\"Notre monde, nos histoires\",\"publisher\":{\"@id\":\"https:\/\/www.musee-mccord-stewart.ca\/fr\/#organization\"},\"alternateName\":\"MCS\",\"potentialAction\":[{\"@type\":\"SearchAction\",\"target\":{\"@type\":\"EntryPoint\",\"urlTemplate\":\"https:\/\/www.musee-mccord-stewart.ca\/fr\/?s={search_term_string}\"},\"query-input\":\"required name=search_term_string\"}],\"inLanguage\":\"fr-FR\"},{\"@type\":\"Organization\",\"@id\":\"https:\/\/www.musee-mccord-stewart.ca\/fr\/#organization\",\"name\":\"McCord Stewart Museum\",\"alternateName\":\"MCS\",\"url\":\"https:\/\/www.musee-mccord-stewart.ca\/fr\/\",\"logo\":{\"@type\":\"ImageObject\",\"inLanguage\":\"fr-FR\",\"@id\":\"https:\/\/www.musee-mccord-stewart.ca\/fr\/#\/schema\/logo\/image\/\",\"url\":\"https:\/\/www.musee-mccord-stewart.ca\/app\/uploads\/2023\/05\/logo_museemccordstewart_horizontal_noir_slogan.svg\",\"contentUrl\":\"https:\/\/www.musee-mccord-stewart.ca\/app\/uploads\/2023\/05\/logo_museemccordstewart_horizontal_noir_slogan.svg\",\"width\":1,\"height\":1,\"caption\":\"McCord Stewart Museum\"},\"image\":{\"@id\":\"https:\/\/www.musee-mccord-stewart.ca\/fr\/#\/schema\/logo\/image\/\"},\"sameAs\":[\"https:\/\/www.facebook.com\/museemccordstewart\",\"https:\/\/twitter.com\/MuseeMcCordStew\",\"https:\/\/instagram.com\/museemccordstewart\",\"https:\/\/www.linkedin.com\/company\/museemccordstewart\/\",\"https:\/\/www.pinterest.com\/museemccordstewart\/\",\"https:\/\/www.youtube.com\/c\/MuseeMcCordStewartMuseum\"]}]}<\/script>\n<!-- \/ Yoast SEO Premium plugin. -->","yoast_head_json":{"title":"Histoire du Mus\u00e9e McCord Stewart - Mus\u00e9e McCord Stewart","description":"Le Mus\u00e9e McCord Stewart c\u00e9l\u00e8bre la vie \u00e0 Montr\u00e9al, d\u2019hier et d\u2019aujourd\u2019hui : son histoire, ses gens, son peuple, ses communaut\u00e9s.","robots":{"index":"index","follow":"follow","max-snippet":"max-snippet:-1","max-image-preview":"max-image-preview:large","max-video-preview":"max-video-preview:-1"},"canonical":"https:\/\/www.musee-mccord-stewart.ca\/fr\/histoire\/","og_locale":"fr_FR","og_type":"article","og_title":"Histoire du Mus\u00e9e McCord Stewart","og_description":"Le Mus\u00e9e McCord Stewart c\u00e9l\u00e8bre la vie \u00e0 Montr\u00e9al, d\u2019hier et d\u2019aujourd\u2019hui : son histoire, ses gens, son peuple, ses communaut\u00e9s.","og_url":"https:\/\/www.musee-mccord-stewart.ca\/fr\/histoire\/","og_site_name":"Mus\u00e9e McCord Stewart","article_publisher":"https:\/\/www.facebook.com\/museemccordstewart","article_modified_time":"2025-09-11T20:45:22+00:00","og_image":[{"width":1320,"height":480,"url":"https:\/\/www.musee-mccord-stewart.ca\/app\/uploads\/2022\/09\/mccord-stewart_facade-exterieur-henderson-2022_roger-aziz_1320x480.jpg","type":"image\/jpeg"}],"twitter_card":"summary_large_image","twitter_description":"Le Mus\u00e9e McCord Stewart c\u00e9l\u00e8bre la vie \u00e0 Montr\u00e9al, d\u2019hier et d\u2019aujourd\u2019hui : son histoire, ses gens, son peuple, ses communaut\u00e9s.","twitter_site":"@MuseeMcCordStew","twitter_misc":{"Dur\u00e9e de lecture estim\u00e9e":"4 minutes"},"schema":{"@context":"https:\/\/schema.org","@graph":[{"@type":"WebPage","@id":"https:\/\/www.musee-mccord-stewart.ca\/fr\/histoire\/","url":"https:\/\/www.musee-mccord-stewart.ca\/fr\/histoire\/","name":"Histoire du Mus\u00e9e McCord Stewart - Mus\u00e9e McCord Stewart","isPartOf":{"@id":"https:\/\/www.musee-mccord-stewart.ca\/fr\/#website"},"datePublished":"2022-08-30T17:29:31+00:00","dateModified":"2025-09-11T20:45:22+00:00","description":"Le Mus\u00e9e McCord Stewart c\u00e9l\u00e8bre la vie \u00e0 Montr\u00e9al, d\u2019hier et d\u2019aujourd\u2019hui : son histoire, ses gens, son peuple, ses communaut\u00e9s.","breadcrumb":{"@id":"https:\/\/www.musee-mccord-stewart.ca\/fr\/histoire\/#breadcrumb"},"inLanguage":"fr-FR","potentialAction":[{"@type":"ReadAction","target":["https:\/\/www.musee-mccord-stewart.ca\/fr\/histoire\/"]}]},{"@type":"BreadcrumbList","@id":"https:\/\/www.musee-mccord-stewart.ca\/fr\/histoire\/#breadcrumb","itemListElement":[{"@type":"ListItem","position":1,"name":"Accueil","item":"https:\/\/www.musee-mccord-stewart.ca\/fr\/"},{"@type":"ListItem","position":2,"name":"Histoire du Mus\u00e9e McCord Stewart"}]},{"@type":"WebSite","@id":"https:\/\/www.musee-mccord-stewart.ca\/fr\/#website","url":"https:\/\/www.musee-mccord-stewart.ca\/fr\/","name":"Mus\u00e9e McCord Stewart","description":"Notre monde, nos histoires","publisher":{"@id":"https:\/\/www.musee-mccord-stewart.ca\/fr\/#organization"},"alternateName":"MCS","potentialAction":[{"@type":"SearchAction","target":{"@type":"EntryPoint","urlTemplate":"https:\/\/www.musee-mccord-stewart.ca\/fr\/?s={search_term_string}"},"query-input":"required name=search_term_string"}],"inLanguage":"fr-FR"},{"@type":"Organization","@id":"https:\/\/www.musee-mccord-stewart.ca\/fr\/#organization","name":"McCord Stewart Museum","alternateName":"MCS","url":"https:\/\/www.musee-mccord-stewart.ca\/fr\/","logo":{"@type":"ImageObject","inLanguage":"fr-FR","@id":"https:\/\/www.musee-mccord-stewart.ca\/fr\/#\/schema\/logo\/image\/","url":"https:\/\/www.musee-mccord-stewart.ca\/app\/uploads\/2023\/05\/logo_museemccordstewart_horizontal_noir_slogan.svg","contentUrl":"https:\/\/www.musee-mccord-stewart.ca\/app\/uploads\/2023\/05\/logo_museemccordstewart_horizontal_noir_slogan.svg","width":1,"height":1,"caption":"McCord Stewart Museum"},"image":{"@id":"https:\/\/www.musee-mccord-stewart.ca\/fr\/#\/schema\/logo\/image\/"},"sameAs":["https:\/\/www.facebook.com\/museemccordstewart","https:\/\/twitter.com\/MuseeMcCordStew","https:\/\/instagram.com\/museemccordstewart","https:\/\/www.linkedin.com\/company\/museemccordstewart\/","https:\/\/www.pinterest.com\/museemccordstewart\/","https:\/\/www.youtube.com\/c\/MuseeMcCordStewartMuseum"]}]}},"_links":{"self":[{"href":"https:\/\/www.musee-mccord-stewart.ca\/fr\/wp-json\/wp\/v2\/pages\/42071"}],"collection":[{"href":"https:\/\/www.musee-mccord-stewart.ca\/fr\/wp-json\/wp\/v2\/pages"}],"about":[{"href":"https:\/\/www.musee-mccord-stewart.ca\/fr\/wp-json\/wp\/v2\/types\/page"}],"author":[{"embeddable":true,"href":"https:\/\/www.musee-mccord-stewart.ca\/fr\/wp-json\/wp\/v2\/users\/35"}],"replies":[{"embeddable":true,"href":"https:\/\/www.musee-mccord-stewart.ca\/fr\/wp-json\/wp\/v2\/comments?post=42071"}],"version-history":[{"count":0,"href":"https:\/\/www.musee-mccord-stewart.ca\/fr\/wp-json\/wp\/v2\/pages\/42071\/revisions"}],"wp:attachment":[{"href":"https:\/\/www.musee-mccord-stewart.ca\/fr\/wp-json\/wp\/v2\/media?parent=42071"}],"wp:term":[{"taxonomy":"category","embeddable":true,"href":"https:\/\/www.musee-mccord-stewart.ca\/fr\/wp-json\/wp\/v2\/categories?post=42071"},{"taxonomy":"post_tag","embeddable":true,"href":"https:\/\/www.musee-mccord-stewart.ca\/fr\/wp-json\/wp\/v2\/tags?post=42071"}],"curies":[{"name":"wp","href":"https:\/\/api.w.org\/{rel}","templated":true}]}}