{"id":41287,"date":"2022-06-21T06:21:11","date_gmt":"2022-06-21T10:21:11","guid":{"rendered":"https:\/\/www.musee-mccord-stewart.ca\/?page_id=41287"},"modified":"2026-01-13T15:37:24","modified_gmt":"2026-01-13T20:37:24","slug":"prendre-soin-histoires-montreal-tiohtiake","status":"publish","type":"page","link":"https:\/\/www.musee-mccord-stewart.ca\/fr\/groupes\/prendre-soin-histoires-montreal-tiohtiake\/","title":{"rendered":"Prendre soin de nos histoires \u00e0 Montr\u00e9al\/Tiohti\u00e1:ke"},"content":{"rendered":"<p><em>Prendre soin de nos histoires \u00e0 Montr\u00e9al\/Tiohti\u00e1:ke<\/em>\u00a0est un<strong> atelier de coconstruction citoyenne<\/strong> qui met de l\u2019avant les histoires trop peu souvent racont\u00e9es des communaut\u00e9s chinoises, afrodescendantes et autochtones de Montr\u00e9al\/Tiohti\u00e1:ke.<\/p>\n<p>\u00c0 partir de ces <strong>r\u00e9cits<\/strong> et de<strong> photos<\/strong> de Montr\u00e9al\/Tiohti\u00e1:ke du <strong>19<sup>e<\/sup><\/strong> et du <strong>20<sup>e<\/sup>\u00a0si\u00e8cle<\/strong> issues de la <a title=\"Photographie\" href=\"https:\/\/www.musee-mccord-stewart.ca\/fr\/collections\/photographie\/\">collection Photographie du Mus\u00e9e<\/a>, cet atelier invite les participants \u00e0 r\u00e9fl\u00e9chir sur ce qui contribue \u00e0 leur bien-\u00eatre \u00e0 Montr\u00e9al\/Tiohti\u00e1:ke.<\/p>\n<p>Cette r\u00e9flexion est facilit\u00e9e par une banque d\u2019images aimant\u00e9es \u00e0 juxtaposer \u00e0 ces vues urbaines que les participants eux-m\u00eames alimentent au fil des s\u00e9ances. <strong>Chaque participant propose<\/strong> au prochain <strong>sa vision<\/strong> d\u2019un Montr\u00e9al\/Tiohti\u00e1:ke qu\u2019il juge accueillant \u00e0 son endroit, tout en d\u00e9couvrant et en s\u2019inspirant de celles des autres participants.<\/p>\n<p>L\u2019objectif de l\u2019activit\u00e9 est de permettre aux <strong>communaut\u00e9s<\/strong> historiquement <strong>marginalis\u00e9es<\/strong> de<strong> s\u2019approprier<\/strong> ou de se<strong> r\u00e9approprier l\u2019histoire de Montr\u00e9al<\/strong> qui les met en sc\u00e8ne et de la partager aupr\u00e8s des autres concitoyens.<\/p>\n<ul class=\"sliderTiny\">\n<li>\n<img decoding=\"async\" src=\"https:\/\/www.musee-mccord-stewart.ca\/app\/uploads\/2023\/01\/mccord-stewart_prendre-soin-nos-histoires-2023_galerie-1_1200x800-1200x800.jpg\" alt=\"Photo: Thibault Caron\" title=\"Photo: Thibault Caron\" \/>\n<\/li>\n<li>\n<img decoding=\"async\" src=\"https:\/\/www.musee-mccord-stewart.ca\/app\/uploads\/2023\/01\/mccord-stewart_prendre-soin-nos-histoires-2023_galerie-2_1200x800-1200x800.jpg\" alt=\"Photo: Thibault Caron\" title=\"Photo: Thibault Caron\" \/>\n<\/li>\n<li>\n<img decoding=\"async\" src=\"https:\/\/www.musee-mccord-stewart.ca\/app\/uploads\/2023\/01\/mccord-stewart_prendre-soin-nos-histoires-2023_galerie-3_1200x800.jpg\" alt=\"Photo: Thibault Caron\" title=\"Photo: Thibault Caron\" \/>\n<\/li>\n<li>\n<img decoding=\"async\" src=\"https:\/\/www.musee-mccord-stewart.ca\/app\/uploads\/2022\/06\/mccord_prendre-soin-nos-histoires-montreal-tiohtiake_reconnaissance-chinatown_800x969.jpg\" alt=\"\" title=\"\" \/>\n<\/li>\n<li>\n<img decoding=\"async\" src=\"https:\/\/www.musee-mccord-stewart.ca\/app\/uploads\/2022\/06\/mccord_prendre-soin-nos-histoires-montreal-tiohtiake_fin-escalvage_800x806.jpg\" alt=\"\" title=\"\" \/>\n<\/li>\n<\/ul>\n\n<p>L\u2019activit\u00e9 a \u00e9t\u00e9 cocr\u00e9\u00e9e par <a title=\"\" href=\"https:\/\/www.jesuismtl.net\/\" target=\"_blank\" rel=\"noopener\">Je suis Montr\u00e9al<\/a> et le Mus\u00e9e.<\/p>\n<p>Ce projet a \u00e9t\u00e9 financ\u00e9 par le <a title=\"\" href=\"https:\/\/www.quebec.ca\/\" target=\"_blank\" rel=\"noopener\">minist\u00e8re de l\u2019Immigration, de la Francisation et de l\u2019Int\u00e9gration<\/a> et la <a title=\"\" href=\"https:\/\/montreal.ca\/\" target=\"_blank\" rel=\"noopener\">Ville de Montr\u00e9al<\/a> (Programme Montr\u00e9al interculturel).<br \/>\n<a class=\"cta\" href=\"https:\/\/www.musee-mccord-stewart.ca\/app\/uploads\/2024\/05\/mccord-stewart_prendresoindenoshistoiresmtl_fiche_2024_fr_web.pdf\" target=\"_blank\" rel=\"noopener\">Voir la fiche activit\u00e9<i class=\"arrow-right-thickicon-\"><\/i><\/a><\/p>\n","protected":false},"excerpt":{"rendered":"<p>Prendre soin de nos histoires \u00e0 Montr\u00e9al\/Tiohti\u00e1:ke\u00a0est un atelier de coconstruction citoyenne qui met de l\u2019avant les histoires trop peu souvent racont\u00e9es des communaut\u00e9s chinoises, afrodescendantes et autochtones de Montr\u00e9al\/Tiohti\u00e1:ke. \u00c0 partir de ces r\u00e9cits et de photos de Montr\u00e9al\/Tiohti\u00e1:ke du 19e et du 20e\u00a0si\u00e8cle issues de la collection Photographie du Mus\u00e9e, cet atelier invite [&hellip;]<\/p>\n","protected":false},"author":17,"featured_media":0,"parent":23232,"menu_order":0,"comment_status":"closed","ping_status":"closed","template":"page-templates\/page-texte.php","meta":{"footnotes":""},"categories":[],"tags":[],"acf":[],"yoast_head":"<!-- This site is optimized with the Yoast SEO Premium plugin v20.11 (Yoast SEO v20.11) - https:\/\/yoast.com\/wordpress\/plugins\/seo\/ -->\n<title>Prendre soin de nos histoires \u00e0 Montr\u00e9al\/Tiohti\u00e1:ke - Mus\u00e9e McCord Stewart<\/title>\n<meta name=\"description\" content=\"Cet atelier de coconstruction citoyenne met de l\u2019avant les histoires trop peu souvent racont\u00e9es des communaut\u00e9s chinoises, afrodescendantes et autochtones de Montr\u00e9al\/Tiohti\u00e1:ke.\" \/>\n<meta name=\"robots\" content=\"index, follow, max-snippet:-1, max-image-preview:large, max-video-preview:-1\" \/>\n<link rel=\"canonical\" href=\"https:\/\/www.musee-mccord-stewart.ca\/fr\/groupes\/prendre-soin-histoires-montreal-tiohtiake\/\" \/>\n<meta property=\"og:locale\" content=\"fr_FR\" \/>\n<meta property=\"og:type\" content=\"article\" \/>\n<meta property=\"og:title\" content=\"Prendre soin de nos histoires \u00e0 Montr\u00e9al\/Tiohti\u00e1:ke\" \/>\n<meta property=\"og:description\" content=\"Cet atelier de coconstruction citoyenne met de l\u2019avant les histoires trop peu souvent racont\u00e9es des communaut\u00e9s chinoises, afrodescendantes et autochtones de Montr\u00e9al\/Tiohti\u00e1:ke.\" \/>\n<meta property=\"og:url\" content=\"https:\/\/www.musee-mccord-stewart.ca\/fr\/groupes\/prendre-soin-histoires-montreal-tiohtiake\/\" \/>\n<meta property=\"og:site_name\" content=\"Mus\u00e9e McCord Stewart\" \/>\n<meta property=\"article:publisher\" content=\"https:\/\/www.facebook.com\/museemccordstewart\" \/>\n<meta property=\"article:modified_time\" content=\"2026-01-13T20:37:24+00:00\" \/>\n<meta property=\"og:image\" content=\"https:\/\/www.musee-mccord-stewart.ca\/app\/uploads\/2023\/01\/mccord-stewart_prendre-soin-nos-histoires-2023_galerie-2_1200x800.jpg\" \/>\n\t<meta property=\"og:image:width\" content=\"1200\" \/>\n\t<meta property=\"og:image:height\" content=\"800\" \/>\n\t<meta property=\"og:image:type\" content=\"image\/jpeg\" \/>\n<meta name=\"twitter:card\" content=\"summary_large_image\" \/>\n<meta name=\"twitter:description\" content=\"Cet atelier de coconstruction citoyenne met de l\u2019avant les histoires trop peu souvent racont\u00e9es des communaut\u00e9s chinoises, afrodescendantes et autochtones de Montr\u00e9al\/Tiohti\u00e1:ke.\" \/>\n<meta name=\"twitter:site\" content=\"@MuseeMcCordStew\" \/>\n<meta name=\"twitter:label1\" content=\"Dur\u00e9e de lecture estim\u00e9e\" \/>\n\t<meta name=\"twitter:data1\" content=\"1 minute\" \/>\n<script type=\"application\/ld+json\" class=\"yoast-schema-graph\">{\"@context\":\"https:\/\/schema.org\",\"@graph\":[{\"@type\":\"WebPage\",\"@id\":\"https:\/\/www.musee-mccord-stewart.ca\/fr\/groupes\/prendre-soin-histoires-montreal-tiohtiake\/\",\"url\":\"https:\/\/www.musee-mccord-stewart.ca\/fr\/groupes\/prendre-soin-histoires-montreal-tiohtiake\/\",\"name\":\"Prendre soin de nos histoires \u00e0 Montr\u00e9al\/Tiohti\u00e1:ke - Mus\u00e9e McCord Stewart\",\"isPartOf\":{\"@id\":\"https:\/\/www.musee-mccord-stewart.ca\/fr\/#website\"},\"datePublished\":\"2022-06-21T10:21:11+00:00\",\"dateModified\":\"2026-01-13T20:37:24+00:00\",\"description\":\"Cet atelier de coconstruction citoyenne met de l\u2019avant les histoires trop peu souvent racont\u00e9es des communaut\u00e9s chinoises, afrodescendantes et autochtones de Montr\u00e9al\/Tiohti\u00e1:ke.\",\"breadcrumb\":{\"@id\":\"https:\/\/www.musee-mccord-stewart.ca\/fr\/groupes\/prendre-soin-histoires-montreal-tiohtiake\/#breadcrumb\"},\"inLanguage\":\"fr-FR\",\"potentialAction\":[{\"@type\":\"ReadAction\",\"target\":[\"https:\/\/www.musee-mccord-stewart.ca\/fr\/groupes\/prendre-soin-histoires-montreal-tiohtiake\/\"]}]},{\"@type\":\"BreadcrumbList\",\"@id\":\"https:\/\/www.musee-mccord-stewart.ca\/fr\/groupes\/prendre-soin-histoires-montreal-tiohtiake\/#breadcrumb\",\"itemListElement\":[{\"@type\":\"ListItem\",\"position\":1,\"name\":\"Accueil\",\"item\":\"https:\/\/www.musee-mccord-stewart.ca\/fr\/\"},{\"@type\":\"ListItem\",\"position\":2,\"name\":\"Groupes\",\"item\":\"https:\/\/www.musee-mccord-stewart.ca\/fr\/groupes\/\"},{\"@type\":\"ListItem\",\"position\":3,\"name\":\"Prendre soin de nos histoires \u00e0 Montr\u00e9al\/Tiohti\u00e1:ke\"}]},{\"@type\":\"WebSite\",\"@id\":\"https:\/\/www.musee-mccord-stewart.ca\/fr\/#website\",\"url\":\"https:\/\/www.musee-mccord-stewart.ca\/fr\/\",\"name\":\"Mus\u00e9e McCord Stewart\",\"description\":\"Notre monde, nos histoires\",\"publisher\":{\"@id\":\"https:\/\/www.musee-mccord-stewart.ca\/fr\/#organization\"},\"alternateName\":\"MCS\",\"potentialAction\":[{\"@type\":\"SearchAction\",\"target\":{\"@type\":\"EntryPoint\",\"urlTemplate\":\"https:\/\/www.musee-mccord-stewart.ca\/fr\/?s={search_term_string}\"},\"query-input\":\"required name=search_term_string\"}],\"inLanguage\":\"fr-FR\"},{\"@type\":\"Organization\",\"@id\":\"https:\/\/www.musee-mccord-stewart.ca\/fr\/#organization\",\"name\":\"McCord Stewart Museum\",\"alternateName\":\"MCS\",\"url\":\"https:\/\/www.musee-mccord-stewart.ca\/fr\/\",\"logo\":{\"@type\":\"ImageObject\",\"inLanguage\":\"fr-FR\",\"@id\":\"https:\/\/www.musee-mccord-stewart.ca\/fr\/#\/schema\/logo\/image\/\",\"url\":\"https:\/\/www.musee-mccord-stewart.ca\/app\/uploads\/2023\/05\/logo_museemccordstewart_horizontal_noir_slogan.svg\",\"contentUrl\":\"https:\/\/www.musee-mccord-stewart.ca\/app\/uploads\/2023\/05\/logo_museemccordstewart_horizontal_noir_slogan.svg\",\"width\":1,\"height\":1,\"caption\":\"McCord Stewart Museum\"},\"image\":{\"@id\":\"https:\/\/www.musee-mccord-stewart.ca\/fr\/#\/schema\/logo\/image\/\"},\"sameAs\":[\"https:\/\/www.facebook.com\/museemccordstewart\",\"https:\/\/twitter.com\/MuseeMcCordStew\",\"https:\/\/instagram.com\/museemccordstewart\",\"https:\/\/www.linkedin.com\/company\/museemccordstewart\/\",\"https:\/\/www.pinterest.com\/museemccordstewart\/\",\"https:\/\/www.youtube.com\/c\/MuseeMcCordStewartMuseum\"]}]}<\/script>\n<!-- \/ Yoast SEO Premium plugin. -->","yoast_head_json":{"title":"Prendre soin de nos histoires \u00e0 Montr\u00e9al\/Tiohti\u00e1:ke - Mus\u00e9e McCord Stewart","description":"Cet atelier de coconstruction citoyenne met de l\u2019avant les histoires trop peu souvent racont\u00e9es des communaut\u00e9s chinoises, afrodescendantes et autochtones de Montr\u00e9al\/Tiohti\u00e1:ke.","robots":{"index":"index","follow":"follow","max-snippet":"max-snippet:-1","max-image-preview":"max-image-preview:large","max-video-preview":"max-video-preview:-1"},"canonical":"https:\/\/www.musee-mccord-stewart.ca\/fr\/groupes\/prendre-soin-histoires-montreal-tiohtiake\/","og_locale":"fr_FR","og_type":"article","og_title":"Prendre soin de nos histoires \u00e0 Montr\u00e9al\/Tiohti\u00e1:ke","og_description":"Cet atelier de coconstruction citoyenne met de l\u2019avant les histoires trop peu souvent racont\u00e9es des communaut\u00e9s chinoises, afrodescendantes et autochtones de Montr\u00e9al\/Tiohti\u00e1:ke.","og_url":"https:\/\/www.musee-mccord-stewart.ca\/fr\/groupes\/prendre-soin-histoires-montreal-tiohtiake\/","og_site_name":"Mus\u00e9e McCord Stewart","article_publisher":"https:\/\/www.facebook.com\/museemccordstewart","article_modified_time":"2026-01-13T20:37:24+00:00","og_image":[{"width":1200,"height":800,"url":"https:\/\/www.musee-mccord-stewart.ca\/app\/uploads\/2023\/01\/mccord-stewart_prendre-soin-nos-histoires-2023_galerie-2_1200x800.jpg","type":"image\/jpeg"}],"twitter_card":"summary_large_image","twitter_description":"Cet atelier de coconstruction citoyenne met de l\u2019avant les histoires trop peu souvent racont\u00e9es des communaut\u00e9s chinoises, afrodescendantes et autochtones de Montr\u00e9al\/Tiohti\u00e1:ke.","twitter_site":"@MuseeMcCordStew","twitter_misc":{"Dur\u00e9e de lecture estim\u00e9e":"1 minute"},"schema":{"@context":"https:\/\/schema.org","@graph":[{"@type":"WebPage","@id":"https:\/\/www.musee-mccord-stewart.ca\/fr\/groupes\/prendre-soin-histoires-montreal-tiohtiake\/","url":"https:\/\/www.musee-mccord-stewart.ca\/fr\/groupes\/prendre-soin-histoires-montreal-tiohtiake\/","name":"Prendre soin de nos histoires \u00e0 Montr\u00e9al\/Tiohti\u00e1:ke - Mus\u00e9e McCord Stewart","isPartOf":{"@id":"https:\/\/www.musee-mccord-stewart.ca\/fr\/#website"},"datePublished":"2022-06-21T10:21:11+00:00","dateModified":"2026-01-13T20:37:24+00:00","description":"Cet atelier de coconstruction citoyenne met de l\u2019avant les histoires trop peu souvent racont\u00e9es des communaut\u00e9s chinoises, afrodescendantes et autochtones de Montr\u00e9al\/Tiohti\u00e1:ke.","breadcrumb":{"@id":"https:\/\/www.musee-mccord-stewart.ca\/fr\/groupes\/prendre-soin-histoires-montreal-tiohtiake\/#breadcrumb"},"inLanguage":"fr-FR","potentialAction":[{"@type":"ReadAction","target":["https:\/\/www.musee-mccord-stewart.ca\/fr\/groupes\/prendre-soin-histoires-montreal-tiohtiake\/"]}]},{"@type":"BreadcrumbList","@id":"https:\/\/www.musee-mccord-stewart.ca\/fr\/groupes\/prendre-soin-histoires-montreal-tiohtiake\/#breadcrumb","itemListElement":[{"@type":"ListItem","position":1,"name":"Accueil","item":"https:\/\/www.musee-mccord-stewart.ca\/fr\/"},{"@type":"ListItem","position":2,"name":"Groupes","item":"https:\/\/www.musee-mccord-stewart.ca\/fr\/groupes\/"},{"@type":"ListItem","position":3,"name":"Prendre soin de nos histoires \u00e0 Montr\u00e9al\/Tiohti\u00e1:ke"}]},{"@type":"WebSite","@id":"https:\/\/www.musee-mccord-stewart.ca\/fr\/#website","url":"https:\/\/www.musee-mccord-stewart.ca\/fr\/","name":"Mus\u00e9e McCord Stewart","description":"Notre monde, nos histoires","publisher":{"@id":"https:\/\/www.musee-mccord-stewart.ca\/fr\/#organization"},"alternateName":"MCS","potentialAction":[{"@type":"SearchAction","target":{"@type":"EntryPoint","urlTemplate":"https:\/\/www.musee-mccord-stewart.ca\/fr\/?s={search_term_string}"},"query-input":"required name=search_term_string"}],"inLanguage":"fr-FR"},{"@type":"Organization","@id":"https:\/\/www.musee-mccord-stewart.ca\/fr\/#organization","name":"McCord Stewart Museum","alternateName":"MCS","url":"https:\/\/www.musee-mccord-stewart.ca\/fr\/","logo":{"@type":"ImageObject","inLanguage":"fr-FR","@id":"https:\/\/www.musee-mccord-stewart.ca\/fr\/#\/schema\/logo\/image\/","url":"https:\/\/www.musee-mccord-stewart.ca\/app\/uploads\/2023\/05\/logo_museemccordstewart_horizontal_noir_slogan.svg","contentUrl":"https:\/\/www.musee-mccord-stewart.ca\/app\/uploads\/2023\/05\/logo_museemccordstewart_horizontal_noir_slogan.svg","width":1,"height":1,"caption":"McCord Stewart Museum"},"image":{"@id":"https:\/\/www.musee-mccord-stewart.ca\/fr\/#\/schema\/logo\/image\/"},"sameAs":["https:\/\/www.facebook.com\/museemccordstewart","https:\/\/twitter.com\/MuseeMcCordStew","https:\/\/instagram.com\/museemccordstewart","https:\/\/www.linkedin.com\/company\/museemccordstewart\/","https:\/\/www.pinterest.com\/museemccordstewart\/","https:\/\/www.youtube.com\/c\/MuseeMcCordStewartMuseum"]}]}},"_links":{"self":[{"href":"https:\/\/www.musee-mccord-stewart.ca\/fr\/wp-json\/wp\/v2\/pages\/41287"}],"collection":[{"href":"https:\/\/www.musee-mccord-stewart.ca\/fr\/wp-json\/wp\/v2\/pages"}],"about":[{"href":"https:\/\/www.musee-mccord-stewart.ca\/fr\/wp-json\/wp\/v2\/types\/page"}],"author":[{"embeddable":true,"href":"https:\/\/www.musee-mccord-stewart.ca\/fr\/wp-json\/wp\/v2\/users\/17"}],"replies":[{"embeddable":true,"href":"https:\/\/www.musee-mccord-stewart.ca\/fr\/wp-json\/wp\/v2\/comments?post=41287"}],"version-history":[{"count":0,"href":"https:\/\/www.musee-mccord-stewart.ca\/fr\/wp-json\/wp\/v2\/pages\/41287\/revisions"}],"up":[{"embeddable":true,"href":"https:\/\/www.musee-mccord-stewart.ca\/fr\/wp-json\/wp\/v2\/pages\/23232"}],"wp:attachment":[{"href":"https:\/\/www.musee-mccord-stewart.ca\/fr\/wp-json\/wp\/v2\/media?parent=41287"}],"wp:term":[{"taxonomy":"category","embeddable":true,"href":"https:\/\/www.musee-mccord-stewart.ca\/fr\/wp-json\/wp\/v2\/categories?post=41287"},{"taxonomy":"post_tag","embeddable":true,"href":"https:\/\/www.musee-mccord-stewart.ca\/fr\/wp-json\/wp\/v2\/tags?post=41287"}],"curies":[{"name":"wp","href":"https:\/\/api.w.org\/{rel}","templated":true}]}}