{"id":41022,"date":"2022-06-07T15:39:51","date_gmt":"2022-06-07T19:39:51","guid":{"rendered":"https:\/\/www.musee-mccord-stewart.ca\/?page_id=41022"},"modified":"2025-06-11T15:37:34","modified_gmt":"2025-06-11T19:37:34","slug":"jaime-les-mots","status":"publish","type":"page","link":"https:\/\/www.musee-mccord-stewart.ca\/fr\/education\/jaime-les-mots\/","title":{"rendered":"J&rsquo;aime les mots"},"content":{"rendered":"<p>Vous aimez les m\u00e8mes? Vous aimerez <a title=\"\" href=\"https:\/\/www.journeesdelaculture.qc.ca\/jaime-les-mots-2025\" target=\"_blank\" rel=\"noopener\">J\u2019aime les mots<\/a>! Le Mus\u00e9e McCord Stewart et Les Journ\u00e9es de la culture invitent les jeunes du Qu\u00e9bec et de la francophonie \u00e0 c\u00e9l\u00e9brer la langue et \u00e0 jouer avec les mots dans le cadre de la 29<sup>e<\/sup> \u00e9dition des Journ\u00e9es de la culture.<\/p>\n<p>Personnel enseignant, biblioth\u00e9caires, responsables des activit\u00e9s parascolaires ou des loisirs, participez \u00e0 <a title=\"\" href=\"https:\/\/www.journeesdelaculture.qc.ca\/jaime-les-mots-2025\" target=\"_blank\" rel=\"noopener\">J\u2019aime les mots<\/a>, une activit\u00e9 cr\u00e9ative et cl\u00e9s en main ludique. Que ce soit dans vos cours de fran\u00e7ais, d\u2019histoire, arts, th\u00e9\u00e2tre, math\u00e9matiques ou autre, proposez aux \u00e9l\u00e8ves de cr\u00e9er des m\u00e8mes pour s\u2019exprimer sur les petits et grands enjeux de soci\u00e9t\u00e9 ou r\u00e9agir \u00e0 l\u2019actualit\u00e9.<\/p>\n<p><strong>L\u2019artiste qui parraine la 8<sup>e<\/sup> \u00e9dition de l\u2019activit\u00e9 est Yves P. Pelletier!<\/strong><\/p>\n<p><strong>Qui?<\/strong> <a title=\"\" href=\"https:\/\/www.journeesdelaculture.qc.ca\/jaime-les-mots-2025\" target=\"_blank\" rel=\"noopener\">J\u2019aime les mots<\/a> s\u2019adresse aux \u00e9l\u00e8ves du Qu\u00e9bec et de la francophonie.<\/p>\n<p><strong>Quand?<\/strong> En ligne, du vendredi 26 septembre au vendredi 24 octobre 2025.<\/p>\n<p><strong>Comment\u202f?<\/strong> En cr\u00e9ant des <strong>m\u00e8mes originaux ayant comme toile de fond plus d\u2019une centaine d\u2019\u0153uvres<\/strong> tout droit sorties des collections de grandes institutions culturelles du pays. Gravures, photos, peintures et artefacts en tout genre offrent un terrain de jeu aux innombrables possibilit\u00e9s.<br \/>\n<a class=\"cta\" title=\"\" href=\"https:\/\/www.journeesdelaculture.qc.ca\/jaime-les-mots-2025-inscription\" target=\"_blank\" rel=\"noopener\">Inscrire ma classe<i class=\"arrow-right-thickicon-\"><\/i><\/a><br \/>\n<a class=\"cta\" title=\"\" href=\"https:\/\/www.facebook.com\/groups\/583526051521601\/\" target=\"_blank\" rel=\"noopener\">Groupe Facebook<i class=\"arrow-right-thickicon-\"><\/i><\/a><\/p>\n<ul class=\"sliderTiny\">\n<li>\n<img decoding=\"async\" src=\"https:\/\/www.musee-mccord-stewart.ca\/app\/uploads\/2025\/06\/mccord-stewart-jaime-les-mots-2025_view-23307_170323-p1_x800.jpg\" alt=\"Wm. Notman &amp; Son, &lt;i&gt;Nouveau triplex, rue Elsdale, Montr\u00e9al&lt;\/i&gt;, 1925, Mus\u00e9e McCord Stewart, VIEW-23307\" title=\"Wm. Notman &amp; Son, &lt;i&gt;Nouveau triplex, rue Elsdale, Montr\u00e9al&lt;\/i&gt;, 1925, Mus\u00e9e McCord Stewart, VIEW-23307\" \/>\n<\/li>\n<li>\n<img decoding=\"async\" src=\"https:\/\/www.musee-mccord-stewart.ca\/app\/uploads\/2025\/06\/mccord-stewart-jaime-les-mots-2025_view-8556_200250425-p1_ldx800.jpg\" alt=\"Wm. Notman &amp; Son, &lt;i&gt;De l\u2019avoine robuste et des fermiers robustes, enfants Weaver, Lloydminster, Sask.&lt;\/i&gt;,1920, Mus\u00e9e McCord Stewart, VIEW-8556\" title=\"Wm. Notman &amp; Son, &lt;i&gt;De l\u2019avoine robuste et des fermiers robustes, enfants Weaver, Lloydminster, Sask.&lt;\/i&gt;,1920, Mus\u00e9e McCord Stewart, VIEW-8556\" \/>\n<\/li>\n<li>\n<img decoding=\"async\" src=\"https:\/\/www.musee-mccord-stewart.ca\/app\/uploads\/2025\/06\/mccord-stewart-jaime-les-mots-2025_view-3138_080402-p1_x800.jpg\" alt=\"William McFarlane Notman, &lt;i&gt;Grand c\u00e8dre, parc Stanley, Vancouver, C.-B.&lt;\/i&gt;, 1897, Mus\u00e9e McCord Stewart, VIEW-3138\" title=\"William McFarlane Notman, &lt;i&gt;Grand c\u00e8dre, parc Stanley, Vancouver, C.-B.&lt;\/i&gt;, 1897, Mus\u00e9e McCord Stewart, VIEW-3138\" \/>\n<\/li>\n<li>\n<img decoding=\"async\" src=\"https:\/\/www.musee-mccord-stewart.ca\/app\/uploads\/2025\/06\/mccord-stewart-jaime-les-mots-2025_mp-1992-9-3-30_20250425-p1_ld_x800-1200x800.jpg\" alt=\"Robert Bruce Bennet, &lt;i&gt;Gar\u00e7on dans une charrette tir\u00e9e par un chien, pr\u00e8s de Qu\u00e9bec&lt;\/i&gt;, 1929. Don d\u2019Elizabeth Lewis, MP-1992.9.3.30, Mus\u00e9e McCord Stewart\" title=\"Robert Bruce Bennet, &lt;i&gt;Gar\u00e7on dans une charrette tir\u00e9e par un chien, pr\u00e8s de Qu\u00e9bec&lt;\/i&gt;, 1929. Don d\u2019Elizabeth Lewis, MP-1992.9.3.30, Mus\u00e9e McCord Stewart\" \/>\n<\/li>\n<li>\n<img decoding=\"async\" src=\"https:\/\/www.musee-mccord-stewart.ca\/app\/uploads\/2025\/06\/mccord-stewart-jaime-les-mots-2025_m22345-a_x800.jpg\" alt=\"Artiste inconnu\u00b7e, Portrait miniature d\u2019Ann Dering Monk, 1817, Mus\u00e9e McCord Stewart, M22345\" title=\"Artiste inconnu\u00b7e, Portrait miniature d\u2019Ann Dering Monk, 1817, Mus\u00e9e McCord Stewart, M22345\" \/>\n<\/li>\n<li>\n<img decoding=\"async\" src=\"https:\/\/www.musee-mccord-stewart.ca\/app\/uploads\/2025\/06\/mccord-stewart-jaime-les-mots-2025_m2006-140-3_140917-p3_x800.jpg\" alt=\"Steiff, \u00c9cureuil en peluche, &lt;i&gt;Perri&lt;\/i&gt;, ann\u00e9es 1950. Don de Nelly Maclean Burke, M2006.140.3, Mus\u00e9e McCord Stewart \" title=\"Steiff, \u00c9cureuil en peluche, &lt;i&gt;Perri&lt;\/i&gt;, ann\u00e9es 1950. Don de Nelly Maclean Burke, M2006.140.3, Mus\u00e9e McCord Stewart \" \/>\n<\/li>\n<li>\n<img decoding=\"async\" src=\"https:\/\/www.musee-mccord-stewart.ca\/app\/uploads\/2025\/06\/mccord-stewart-jaime-les-mots-2025_m2001-93-7-p3_x800-1200x800.jpg\" alt=\"Schuco, Cochons m\u00e9caniques, vers 1935. Don de Catherine E. Brown, M2001.93.7, Mus\u00e9e McCord Stewart\" title=\"Schuco, Cochons m\u00e9caniques, vers 1935. Don de Catherine E. Brown, M2001.93.7, Mus\u00e9e McCord Stewart\" \/>\n<\/li>\n<li>\n<img decoding=\"async\" src=\"https:\/\/www.musee-mccord-stewart.ca\/app\/uploads\/2025\/06\/mccord-stewart-jaime-les-mots-2025_m973-170-23-p1_x800.jpg\" alt=\"Fabricant\u00b7e inconnu\u00b7e, Charrette sicilienne, jouet, ann\u00e9es 1940. Don de Margaret Van Horne, M973.170.23, Mus\u00e9e McCord Stewart \" title=\"Fabricant\u00b7e inconnu\u00b7e, Charrette sicilienne, jouet, ann\u00e9es 1940. Don de Margaret Van Horne, M973.170.23, Mus\u00e9e McCord Stewart \" \/>\n<\/li>\n<li>\n<img decoding=\"async\" src=\"https:\/\/www.musee-mccord-stewart.ca\/app\/uploads\/2025\/06\/mccord-stewart-jaime-les-mots-2025_i-443-1_x800.jpg\" alt=\"William Notman, &lt;i&gt;Master H. Gordon&lt;\/i&gt;, Montr\u00e9al, 1861, Mus\u00e9e McCord Stewart, I-443.1\" title=\"William Notman, &lt;i&gt;Master H. Gordon&lt;\/i&gt;, Montr\u00e9al, 1861, Mus\u00e9e McCord Stewart, I-443.1\" \/>\n<\/li>\n<\/ul>\n\n","protected":false},"excerpt":{"rendered":"<p>Vous aimez les m\u00e8mes? Vous aimerez J\u2019aime les mots! Le Mus\u00e9e McCord Stewart et Les Journ\u00e9es de la culture invitent les jeunes du Qu\u00e9bec et de la francophonie \u00e0 c\u00e9l\u00e9brer la langue et \u00e0 jouer avec les mots dans le cadre de la 29e \u00e9dition des Journ\u00e9es de la culture. Personnel enseignant, biblioth\u00e9caires, responsables des [&hellip;]<\/p>\n","protected":false},"author":17,"featured_media":0,"parent":23203,"menu_order":0,"comment_status":"closed","ping_status":"closed","template":"page-templates\/page-texte.php","meta":{"footnotes":""},"categories":[],"tags":[],"acf":[],"yoast_head":"<!-- This site is optimized with the Yoast SEO Premium plugin v20.11 (Yoast SEO v20.11) - https:\/\/yoast.com\/wordpress\/plugins\/seo\/ -->\n<title>J&#039;aime les mots - Culture pour tous - Mus\u00e9e McCord<\/title>\n<meta name=\"description\" content=\"Les Journ\u00e9es de la culture invitent les jeunes du Qu\u00e9bec et de la francophonie \u00e0 c\u00e9l\u00e9brer la langue et \u00e0 jouer avec les mots.\" \/>\n<meta name=\"robots\" content=\"index, follow, max-snippet:-1, max-image-preview:large, max-video-preview:-1\" \/>\n<link rel=\"canonical\" href=\"https:\/\/www.musee-mccord-stewart.ca\/fr\/education\/jaime-les-mots\/\" \/>\n<meta property=\"og:locale\" content=\"fr_FR\" \/>\n<meta property=\"og:type\" content=\"article\" \/>\n<meta property=\"og:title\" content=\"J&#039;aime les mots\" \/>\n<meta property=\"og:description\" content=\"Les Journ\u00e9es de la culture invitent les jeunes du Qu\u00e9bec et de la francophonie \u00e0 c\u00e9l\u00e9brer la langue et \u00e0 jouer avec les mots.\" \/>\n<meta property=\"og:url\" content=\"https:\/\/www.musee-mccord-stewart.ca\/fr\/education\/jaime-les-mots\/\" \/>\n<meta property=\"og:site_name\" content=\"Mus\u00e9e McCord Stewart\" \/>\n<meta property=\"article:publisher\" content=\"https:\/\/www.facebook.com\/museemccordstewart\" \/>\n<meta property=\"article:modified_time\" content=\"2025-06-11T19:37:34+00:00\" \/>\n<meta property=\"og:image\" content=\"https:\/\/www.musee-mccord-stewart.ca\/app\/uploads\/2022\/09\/mccord_jaime-les-mots_640x375.jpg\" \/>\n\t<meta property=\"og:image:width\" content=\"640\" \/>\n\t<meta property=\"og:image:height\" content=\"375\" \/>\n\t<meta property=\"og:image:type\" content=\"image\/jpeg\" \/>\n<meta name=\"twitter:card\" content=\"summary_large_image\" \/>\n<meta name=\"twitter:description\" content=\"Les Journ\u00e9es de la culture invitent les jeunes du Qu\u00e9bec et de la francophonie \u00e0 c\u00e9l\u00e9brer la langue et \u00e0 jouer avec les mots.\" \/>\n<meta name=\"twitter:site\" content=\"@MuseeMcCordStew\" \/>\n<meta name=\"twitter:label1\" content=\"Dur\u00e9e de lecture estim\u00e9e\" \/>\n\t<meta name=\"twitter:data1\" content=\"2 minutes\" \/>\n<script type=\"application\/ld+json\" class=\"yoast-schema-graph\">{\"@context\":\"https:\/\/schema.org\",\"@graph\":[{\"@type\":\"WebPage\",\"@id\":\"https:\/\/www.musee-mccord-stewart.ca\/fr\/education\/jaime-les-mots\/\",\"url\":\"https:\/\/www.musee-mccord-stewart.ca\/fr\/education\/jaime-les-mots\/\",\"name\":\"J'aime les mots - Culture pour tous - Mus\u00e9e McCord\",\"isPartOf\":{\"@id\":\"https:\/\/www.musee-mccord-stewart.ca\/fr\/#website\"},\"datePublished\":\"2022-06-07T19:39:51+00:00\",\"dateModified\":\"2025-06-11T19:37:34+00:00\",\"description\":\"Les Journ\u00e9es de la culture invitent les jeunes du Qu\u00e9bec et de la francophonie \u00e0 c\u00e9l\u00e9brer la langue et \u00e0 jouer avec les mots.\",\"breadcrumb\":{\"@id\":\"https:\/\/www.musee-mccord-stewart.ca\/fr\/education\/jaime-les-mots\/#breadcrumb\"},\"inLanguage\":\"fr-FR\",\"potentialAction\":[{\"@type\":\"ReadAction\",\"target\":[\"https:\/\/www.musee-mccord-stewart.ca\/fr\/education\/jaime-les-mots\/\"]}]},{\"@type\":\"BreadcrumbList\",\"@id\":\"https:\/\/www.musee-mccord-stewart.ca\/fr\/education\/jaime-les-mots\/#breadcrumb\",\"itemListElement\":[{\"@type\":\"ListItem\",\"position\":1,\"name\":\"Accueil\",\"item\":\"https:\/\/www.musee-mccord-stewart.ca\/fr\/\"},{\"@type\":\"ListItem\",\"position\":2,\"name\":\"\u00c9ducation\",\"item\":\"https:\/\/www.musee-mccord-stewart.ca\/fr\/education\/\"},{\"@type\":\"ListItem\",\"position\":3,\"name\":\"J&rsquo;aime les mots\"}]},{\"@type\":\"WebSite\",\"@id\":\"https:\/\/www.musee-mccord-stewart.ca\/fr\/#website\",\"url\":\"https:\/\/www.musee-mccord-stewart.ca\/fr\/\",\"name\":\"Mus\u00e9e McCord Stewart\",\"description\":\"Notre monde, nos histoires\",\"publisher\":{\"@id\":\"https:\/\/www.musee-mccord-stewart.ca\/fr\/#organization\"},\"alternateName\":\"MCS\",\"potentialAction\":[{\"@type\":\"SearchAction\",\"target\":{\"@type\":\"EntryPoint\",\"urlTemplate\":\"https:\/\/www.musee-mccord-stewart.ca\/fr\/?s={search_term_string}\"},\"query-input\":\"required name=search_term_string\"}],\"inLanguage\":\"fr-FR\"},{\"@type\":\"Organization\",\"@id\":\"https:\/\/www.musee-mccord-stewart.ca\/fr\/#organization\",\"name\":\"McCord Stewart Museum\",\"alternateName\":\"MCS\",\"url\":\"https:\/\/www.musee-mccord-stewart.ca\/fr\/\",\"logo\":{\"@type\":\"ImageObject\",\"inLanguage\":\"fr-FR\",\"@id\":\"https:\/\/www.musee-mccord-stewart.ca\/fr\/#\/schema\/logo\/image\/\",\"url\":\"https:\/\/www.musee-mccord-stewart.ca\/app\/uploads\/2023\/05\/logo_museemccordstewart_horizontal_noir_slogan.svg\",\"contentUrl\":\"https:\/\/www.musee-mccord-stewart.ca\/app\/uploads\/2023\/05\/logo_museemccordstewart_horizontal_noir_slogan.svg\",\"width\":1,\"height\":1,\"caption\":\"McCord Stewart Museum\"},\"image\":{\"@id\":\"https:\/\/www.musee-mccord-stewart.ca\/fr\/#\/schema\/logo\/image\/\"},\"sameAs\":[\"https:\/\/www.facebook.com\/museemccordstewart\",\"https:\/\/twitter.com\/MuseeMcCordStew\",\"https:\/\/instagram.com\/museemccordstewart\",\"https:\/\/www.linkedin.com\/company\/museemccordstewart\/\",\"https:\/\/www.pinterest.com\/museemccordstewart\/\",\"https:\/\/www.youtube.com\/c\/MuseeMcCordStewartMuseum\"]}]}<\/script>\n<!-- \/ Yoast SEO Premium plugin. -->","yoast_head_json":{"title":"J'aime les mots - Culture pour tous - Mus\u00e9e McCord","description":"Les Journ\u00e9es de la culture invitent les jeunes du Qu\u00e9bec et de la francophonie \u00e0 c\u00e9l\u00e9brer la langue et \u00e0 jouer avec les mots.","robots":{"index":"index","follow":"follow","max-snippet":"max-snippet:-1","max-image-preview":"max-image-preview:large","max-video-preview":"max-video-preview:-1"},"canonical":"https:\/\/www.musee-mccord-stewart.ca\/fr\/education\/jaime-les-mots\/","og_locale":"fr_FR","og_type":"article","og_title":"J'aime les mots","og_description":"Les Journ\u00e9es de la culture invitent les jeunes du Qu\u00e9bec et de la francophonie \u00e0 c\u00e9l\u00e9brer la langue et \u00e0 jouer avec les mots.","og_url":"https:\/\/www.musee-mccord-stewart.ca\/fr\/education\/jaime-les-mots\/","og_site_name":"Mus\u00e9e McCord Stewart","article_publisher":"https:\/\/www.facebook.com\/museemccordstewart","article_modified_time":"2025-06-11T19:37:34+00:00","og_image":[{"width":640,"height":375,"url":"https:\/\/www.musee-mccord-stewart.ca\/app\/uploads\/2022\/09\/mccord_jaime-les-mots_640x375.jpg","type":"image\/jpeg"}],"twitter_card":"summary_large_image","twitter_description":"Les Journ\u00e9es de la culture invitent les jeunes du Qu\u00e9bec et de la francophonie \u00e0 c\u00e9l\u00e9brer la langue et \u00e0 jouer avec les mots.","twitter_site":"@MuseeMcCordStew","twitter_misc":{"Dur\u00e9e de lecture estim\u00e9e":"2 minutes"},"schema":{"@context":"https:\/\/schema.org","@graph":[{"@type":"WebPage","@id":"https:\/\/www.musee-mccord-stewart.ca\/fr\/education\/jaime-les-mots\/","url":"https:\/\/www.musee-mccord-stewart.ca\/fr\/education\/jaime-les-mots\/","name":"J'aime les mots - Culture pour tous - Mus\u00e9e McCord","isPartOf":{"@id":"https:\/\/www.musee-mccord-stewart.ca\/fr\/#website"},"datePublished":"2022-06-07T19:39:51+00:00","dateModified":"2025-06-11T19:37:34+00:00","description":"Les Journ\u00e9es de la culture invitent les jeunes du Qu\u00e9bec et de la francophonie \u00e0 c\u00e9l\u00e9brer la langue et \u00e0 jouer avec les mots.","breadcrumb":{"@id":"https:\/\/www.musee-mccord-stewart.ca\/fr\/education\/jaime-les-mots\/#breadcrumb"},"inLanguage":"fr-FR","potentialAction":[{"@type":"ReadAction","target":["https:\/\/www.musee-mccord-stewart.ca\/fr\/education\/jaime-les-mots\/"]}]},{"@type":"BreadcrumbList","@id":"https:\/\/www.musee-mccord-stewart.ca\/fr\/education\/jaime-les-mots\/#breadcrumb","itemListElement":[{"@type":"ListItem","position":1,"name":"Accueil","item":"https:\/\/www.musee-mccord-stewart.ca\/fr\/"},{"@type":"ListItem","position":2,"name":"\u00c9ducation","item":"https:\/\/www.musee-mccord-stewart.ca\/fr\/education\/"},{"@type":"ListItem","position":3,"name":"J&rsquo;aime les mots"}]},{"@type":"WebSite","@id":"https:\/\/www.musee-mccord-stewart.ca\/fr\/#website","url":"https:\/\/www.musee-mccord-stewart.ca\/fr\/","name":"Mus\u00e9e McCord Stewart","description":"Notre monde, nos histoires","publisher":{"@id":"https:\/\/www.musee-mccord-stewart.ca\/fr\/#organization"},"alternateName":"MCS","potentialAction":[{"@type":"SearchAction","target":{"@type":"EntryPoint","urlTemplate":"https:\/\/www.musee-mccord-stewart.ca\/fr\/?s={search_term_string}"},"query-input":"required name=search_term_string"}],"inLanguage":"fr-FR"},{"@type":"Organization","@id":"https:\/\/www.musee-mccord-stewart.ca\/fr\/#organization","name":"McCord Stewart Museum","alternateName":"MCS","url":"https:\/\/www.musee-mccord-stewart.ca\/fr\/","logo":{"@type":"ImageObject","inLanguage":"fr-FR","@id":"https:\/\/www.musee-mccord-stewart.ca\/fr\/#\/schema\/logo\/image\/","url":"https:\/\/www.musee-mccord-stewart.ca\/app\/uploads\/2023\/05\/logo_museemccordstewart_horizontal_noir_slogan.svg","contentUrl":"https:\/\/www.musee-mccord-stewart.ca\/app\/uploads\/2023\/05\/logo_museemccordstewart_horizontal_noir_slogan.svg","width":1,"height":1,"caption":"McCord Stewart Museum"},"image":{"@id":"https:\/\/www.musee-mccord-stewart.ca\/fr\/#\/schema\/logo\/image\/"},"sameAs":["https:\/\/www.facebook.com\/museemccordstewart","https:\/\/twitter.com\/MuseeMcCordStew","https:\/\/instagram.com\/museemccordstewart","https:\/\/www.linkedin.com\/company\/museemccordstewart\/","https:\/\/www.pinterest.com\/museemccordstewart\/","https:\/\/www.youtube.com\/c\/MuseeMcCordStewartMuseum"]}]}},"_links":{"self":[{"href":"https:\/\/www.musee-mccord-stewart.ca\/fr\/wp-json\/wp\/v2\/pages\/41022"}],"collection":[{"href":"https:\/\/www.musee-mccord-stewart.ca\/fr\/wp-json\/wp\/v2\/pages"}],"about":[{"href":"https:\/\/www.musee-mccord-stewart.ca\/fr\/wp-json\/wp\/v2\/types\/page"}],"author":[{"embeddable":true,"href":"https:\/\/www.musee-mccord-stewart.ca\/fr\/wp-json\/wp\/v2\/users\/17"}],"replies":[{"embeddable":true,"href":"https:\/\/www.musee-mccord-stewart.ca\/fr\/wp-json\/wp\/v2\/comments?post=41022"}],"version-history":[{"count":0,"href":"https:\/\/www.musee-mccord-stewart.ca\/fr\/wp-json\/wp\/v2\/pages\/41022\/revisions"}],"up":[{"embeddable":true,"href":"https:\/\/www.musee-mccord-stewart.ca\/fr\/wp-json\/wp\/v2\/pages\/23203"}],"wp:attachment":[{"href":"https:\/\/www.musee-mccord-stewart.ca\/fr\/wp-json\/wp\/v2\/media?parent=41022"}],"wp:term":[{"taxonomy":"category","embeddable":true,"href":"https:\/\/www.musee-mccord-stewart.ca\/fr\/wp-json\/wp\/v2\/categories?post=41022"},{"taxonomy":"post_tag","embeddable":true,"href":"https:\/\/www.musee-mccord-stewart.ca\/fr\/wp-json\/wp\/v2\/tags?post=41022"}],"curies":[{"name":"wp","href":"https:\/\/api.w.org\/{rel}","templated":true}]}}