{"id":40272,"date":"2022-02-23T21:02:36","date_gmt":"2022-02-24T02:02:36","guid":{"rendered":"https:\/\/www.musee-mccord-stewart.ca\/?page_id=40272"},"modified":"2025-12-11T16:57:45","modified_gmt":"2025-12-11T21:57:45","slug":"zoe-tousignant","status":"publish","type":"page","link":"https:\/\/www.musee-mccord-stewart.ca\/fr\/collections\/equipe\/zoe-tousignant\/","title":{"rendered":"Zo\u00eb Tousignant"},"content":{"rendered":"<h4>Conservatrice, Photographie<\/h4>\n<p><strong><em>L\u2019histoire de la photographie n\u2019est pas seulement l\u2019histoire des images, mais aussi celle des gens, des espaces et des objets. <\/em><\/strong><\/p>\n<p><strong>________<\/strong><\/p>\n<p>Zo\u00eb Tousignant est une historienne de la photographie sp\u00e9cialis\u00e9e en photographie produite au Qu\u00e9bec et au Canada. N\u00e9e et \u00e9lev\u00e9e \u00e0 Montr\u00e9al, elle est activement impliqu\u00e9e dans les communaut\u00e9s artistiques et photographiques de la ville depuis plus de deux d\u00e9cennies. Elle a pr\u00e9c\u00e9demment occup\u00e9 les postes de conservatrice adjointe, Photographie au Mus\u00e9e McCord et de conservatrice \u00e0 Artexte. Elle a \u00e9galement travaill\u00e9 comme commissaire ind\u00e9pendante pendant plusieurs ann\u00e9es. Dans le cadre de ses nombreux projets de commissariat, elle a collabor\u00e9 \u00e9troitement avec des photographes tels que Serge Cl\u00e9ment, Carlos Ferrand, Marisa Portolese et Gabor Szilasi.<\/p>\n<p>Zo\u00eb Tousignant poss\u00e8de un doctorat en histoire de l\u2019art de l\u2019Universit\u00e9 Concordia et une ma\u00eetrise en mus\u00e9ologie de l\u2019Universit\u00e9 de Leeds, au R.-U. Sa recherche doctorale, financ\u00e9e par le Conseil de recherches en sciences humaines du Canada et par Biblioth\u00e8que et Archives nationales du Qu\u00e9bec, portait sur l\u2019utilisation de la photographie dans des magazines illustr\u00e9s populaires publi\u00e9s \u00e0 Montr\u00e9al et \u00e0 Toronto durant l\u2019entre-deux-guerres.<\/p>\n<p>Ses recherches se sont concentr\u00e9es sur l\u2019\u00e9tude de la culture de l\u2019imprim\u00e9 comme forme vitale de diffusion de la photographie; sur la cartographie des r\u00e9seaux de personnes et d\u2019institutions qui constituent le champ de la culture visuelle; et sur l\u2019\u00e9lucidation des liens affectifs cr\u00e9\u00e9s par les photographies et la pratique photographique. Elle est membre du groupe de recherche Formes actuelles de l\u2019exp\u00e9rience photographique\u00a0: \u00e9pist\u00e9mologies, pratiques, histoires, financ\u00e9 par le Fonds de recherche du Qu\u00e9bec \u2013 Soci\u00e9t\u00e9 et culture, dont les chercheurs proviennent de l\u2019Universit\u00e9 Concordia, de l\u2019Universit\u00e9 du Qu\u00e9bec \u00e0 Montr\u00e9al, de l\u2019Universit\u00e9 de Montr\u00e9al et de l\u2019Universit\u00e9 Laval.<\/p>\n<p>Elle consid\u00e8re que la collection de photographies du Mus\u00e9e offre une occasion incroyable de d\u00e9couvrir le m\u00e9dium sous toutes ses facettes\u00a0: art, outil de propagande, proc\u00e9d\u00e9 mn\u00e9monique, documentation sociale, donn\u00e9es scientifiques, et plus encore. Selon elle, la collection elle-m\u00eame illustre la fa\u00e7on dont l\u2019histoire de la photographie devrait \u00eatre \u00e9crite.<\/p>\n<p><a class=\"cta\" title=\"\" href=\"https:\/\/www.musee-mccord-stewart.ca\/fr\/collections\/photographie\/\">Plus sur la collection Photographie<i class=\"arrow-right-thickicon-\"><\/i><\/a><br \/>\n<a class=\"cta\" title=\"\" href=\"https:\/\/collections.musee-mccord-stewart.ca\/fr\/collections\/155926\/photography\/objects\">Explorez la collection Photographie en ligne<i class=\"arrow-right-thickicon-\"><\/i><\/a><\/p>\n","protected":false},"excerpt":{"rendered":"<p>Conservatrice, Photographie L\u2019histoire de la photographie n\u2019est pas seulement l\u2019histoire des images, mais aussi celle des gens, des espaces et des objets. ________ Zo\u00eb Tousignant est une historienne de la photographie sp\u00e9cialis\u00e9e en photographie produite au Qu\u00e9bec et au Canada. N\u00e9e et \u00e9lev\u00e9e \u00e0 Montr\u00e9al, elle est activement impliqu\u00e9e dans les communaut\u00e9s artistiques et photographiques [&hellip;]<\/p>\n","protected":false},"author":3,"featured_media":0,"parent":21301,"menu_order":0,"comment_status":"closed","ping_status":"closed","template":"page-templates\/page-texte.php","meta":{"footnotes":""},"categories":[],"tags":[],"acf":[],"yoast_head":"<!-- This site is optimized with the Yoast SEO Premium plugin v20.11 (Yoast SEO v20.11) - https:\/\/yoast.com\/wordpress\/plugins\/seo\/ -->\n<title>Zo\u00eb Tousignant - Conservatrice Photographie - Mus\u00e9e McCord Stewart<\/title>\n<meta name=\"description\" content=\"Faites connaissance avec Zo\u00eb Tousignant, conservatrice de la collection Photographie et apprenez-en plus sur son expertise et son travail.\" \/>\n<meta name=\"robots\" content=\"index, follow, max-snippet:-1, max-image-preview:large, max-video-preview:-1\" \/>\n<link rel=\"canonical\" href=\"https:\/\/www.musee-mccord-stewart.ca\/fr\/collections\/equipe\/zoe-tousignant\/\" \/>\n<meta property=\"og:locale\" content=\"fr_FR\" \/>\n<meta property=\"og:type\" content=\"article\" \/>\n<meta property=\"og:title\" content=\"Zo\u00eb Tousignant\" \/>\n<meta property=\"og:description\" content=\"Conservatrice, Photographie L\u2019histoire de la photographie n\u2019est pas seulement l\u2019histoire des images, mais aussi celle des gens, des espaces et des objets.\" \/>\n<meta property=\"og:url\" content=\"https:\/\/www.musee-mccord-stewart.ca\/fr\/collections\/equipe\/zoe-tousignant\/\" \/>\n<meta property=\"og:site_name\" content=\"Mus\u00e9e McCord Stewart\" \/>\n<meta property=\"article:publisher\" content=\"https:\/\/www.facebook.com\/museemccordstewart\" \/>\n<meta property=\"article:modified_time\" content=\"2025-12-11T21:57:45+00:00\" \/>\n<meta property=\"og:image\" content=\"https:\/\/www.musee-mccord-stewart.ca\/app\/uploads\/2025\/12\/zoetousignant_20250910_ld.jpg\" \/>\n\t<meta property=\"og:image:width\" content=\"1320\" \/>\n\t<meta property=\"og:image:height\" content=\"480\" \/>\n\t<meta property=\"og:image:type\" content=\"image\/jpeg\" \/>\n<meta name=\"twitter:card\" content=\"summary_large_image\" \/>\n<meta name=\"twitter:site\" content=\"@MuseeMcCordStew\" \/>\n<meta name=\"twitter:label1\" content=\"Dur\u00e9e de lecture estim\u00e9e\" \/>\n\t<meta name=\"twitter:data1\" content=\"2 minutes\" \/>\n<script type=\"application\/ld+json\" class=\"yoast-schema-graph\">{\"@context\":\"https:\/\/schema.org\",\"@graph\":[{\"@type\":\"WebPage\",\"@id\":\"https:\/\/www.musee-mccord-stewart.ca\/fr\/collections\/equipe\/zoe-tousignant\/\",\"url\":\"https:\/\/www.musee-mccord-stewart.ca\/fr\/collections\/equipe\/zoe-tousignant\/\",\"name\":\"Zo\u00eb Tousignant - Conservatrice Photographie - Mus\u00e9e McCord Stewart\",\"isPartOf\":{\"@id\":\"https:\/\/www.musee-mccord-stewart.ca\/fr\/#website\"},\"datePublished\":\"2022-02-24T02:02:36+00:00\",\"dateModified\":\"2025-12-11T21:57:45+00:00\",\"description\":\"Faites connaissance avec Zo\u00eb Tousignant, conservatrice de la collection Photographie et apprenez-en plus sur son expertise et son travail.\",\"breadcrumb\":{\"@id\":\"https:\/\/www.musee-mccord-stewart.ca\/fr\/collections\/equipe\/zoe-tousignant\/#breadcrumb\"},\"inLanguage\":\"fr-FR\",\"potentialAction\":[{\"@type\":\"ReadAction\",\"target\":[\"https:\/\/www.musee-mccord-stewart.ca\/fr\/collections\/equipe\/zoe-tousignant\/\"]}]},{\"@type\":\"BreadcrumbList\",\"@id\":\"https:\/\/www.musee-mccord-stewart.ca\/fr\/collections\/equipe\/zoe-tousignant\/#breadcrumb\",\"itemListElement\":[{\"@type\":\"ListItem\",\"position\":1,\"name\":\"Accueil\",\"item\":\"https:\/\/www.musee-mccord-stewart.ca\/fr\/\"},{\"@type\":\"ListItem\",\"position\":2,\"name\":\"Collections\",\"item\":\"https:\/\/www.musee-mccord-stewart.ca\/fr\/collections\/\"},{\"@type\":\"ListItem\",\"position\":3,\"name\":\"\u00c9quipe\",\"item\":\"https:\/\/www.musee-mccord-stewart.ca\/fr\/collections\/equipe\/\"},{\"@type\":\"ListItem\",\"position\":4,\"name\":\"Zo\u00eb Tousignant\"}]},{\"@type\":\"WebSite\",\"@id\":\"https:\/\/www.musee-mccord-stewart.ca\/fr\/#website\",\"url\":\"https:\/\/www.musee-mccord-stewart.ca\/fr\/\",\"name\":\"Mus\u00e9e McCord Stewart\",\"description\":\"Notre monde, nos histoires\",\"publisher\":{\"@id\":\"https:\/\/www.musee-mccord-stewart.ca\/fr\/#organization\"},\"alternateName\":\"MCS\",\"potentialAction\":[{\"@type\":\"SearchAction\",\"target\":{\"@type\":\"EntryPoint\",\"urlTemplate\":\"https:\/\/www.musee-mccord-stewart.ca\/fr\/?s={search_term_string}\"},\"query-input\":\"required name=search_term_string\"}],\"inLanguage\":\"fr-FR\"},{\"@type\":\"Organization\",\"@id\":\"https:\/\/www.musee-mccord-stewart.ca\/fr\/#organization\",\"name\":\"McCord Stewart Museum\",\"alternateName\":\"MCS\",\"url\":\"https:\/\/www.musee-mccord-stewart.ca\/fr\/\",\"logo\":{\"@type\":\"ImageObject\",\"inLanguage\":\"fr-FR\",\"@id\":\"https:\/\/www.musee-mccord-stewart.ca\/fr\/#\/schema\/logo\/image\/\",\"url\":\"https:\/\/www.musee-mccord-stewart.ca\/app\/uploads\/2023\/05\/logo_museemccordstewart_horizontal_noir_slogan.svg\",\"contentUrl\":\"https:\/\/www.musee-mccord-stewart.ca\/app\/uploads\/2023\/05\/logo_museemccordstewart_horizontal_noir_slogan.svg\",\"width\":1,\"height\":1,\"caption\":\"McCord Stewart Museum\"},\"image\":{\"@id\":\"https:\/\/www.musee-mccord-stewart.ca\/fr\/#\/schema\/logo\/image\/\"},\"sameAs\":[\"https:\/\/www.facebook.com\/museemccordstewart\",\"https:\/\/twitter.com\/MuseeMcCordStew\",\"https:\/\/instagram.com\/museemccordstewart\",\"https:\/\/www.linkedin.com\/company\/museemccordstewart\/\",\"https:\/\/www.pinterest.com\/museemccordstewart\/\",\"https:\/\/www.youtube.com\/c\/MuseeMcCordStewartMuseum\"]}]}<\/script>\n<!-- \/ Yoast SEO Premium plugin. -->","yoast_head_json":{"title":"Zo\u00eb Tousignant - Conservatrice Photographie - Mus\u00e9e McCord Stewart","description":"Faites connaissance avec Zo\u00eb Tousignant, conservatrice de la collection Photographie et apprenez-en plus sur son expertise et son travail.","robots":{"index":"index","follow":"follow","max-snippet":"max-snippet:-1","max-image-preview":"max-image-preview:large","max-video-preview":"max-video-preview:-1"},"canonical":"https:\/\/www.musee-mccord-stewart.ca\/fr\/collections\/equipe\/zoe-tousignant\/","og_locale":"fr_FR","og_type":"article","og_title":"Zo\u00eb Tousignant","og_description":"Conservatrice, Photographie L\u2019histoire de la photographie n\u2019est pas seulement l\u2019histoire des images, mais aussi celle des gens, des espaces et des objets.","og_url":"https:\/\/www.musee-mccord-stewart.ca\/fr\/collections\/equipe\/zoe-tousignant\/","og_site_name":"Mus\u00e9e McCord Stewart","article_publisher":"https:\/\/www.facebook.com\/museemccordstewart","article_modified_time":"2025-12-11T21:57:45+00:00","og_image":[{"width":1320,"height":480,"url":"https:\/\/www.musee-mccord-stewart.ca\/app\/uploads\/2025\/12\/zoetousignant_20250910_ld.jpg","type":"image\/jpeg"}],"twitter_card":"summary_large_image","twitter_site":"@MuseeMcCordStew","twitter_misc":{"Dur\u00e9e de lecture estim\u00e9e":"2 minutes"},"schema":{"@context":"https:\/\/schema.org","@graph":[{"@type":"WebPage","@id":"https:\/\/www.musee-mccord-stewart.ca\/fr\/collections\/equipe\/zoe-tousignant\/","url":"https:\/\/www.musee-mccord-stewart.ca\/fr\/collections\/equipe\/zoe-tousignant\/","name":"Zo\u00eb Tousignant - Conservatrice Photographie - Mus\u00e9e McCord Stewart","isPartOf":{"@id":"https:\/\/www.musee-mccord-stewart.ca\/fr\/#website"},"datePublished":"2022-02-24T02:02:36+00:00","dateModified":"2025-12-11T21:57:45+00:00","description":"Faites connaissance avec Zo\u00eb Tousignant, conservatrice de la collection Photographie et apprenez-en plus sur son expertise et son travail.","breadcrumb":{"@id":"https:\/\/www.musee-mccord-stewart.ca\/fr\/collections\/equipe\/zoe-tousignant\/#breadcrumb"},"inLanguage":"fr-FR","potentialAction":[{"@type":"ReadAction","target":["https:\/\/www.musee-mccord-stewart.ca\/fr\/collections\/equipe\/zoe-tousignant\/"]}]},{"@type":"BreadcrumbList","@id":"https:\/\/www.musee-mccord-stewart.ca\/fr\/collections\/equipe\/zoe-tousignant\/#breadcrumb","itemListElement":[{"@type":"ListItem","position":1,"name":"Accueil","item":"https:\/\/www.musee-mccord-stewart.ca\/fr\/"},{"@type":"ListItem","position":2,"name":"Collections","item":"https:\/\/www.musee-mccord-stewart.ca\/fr\/collections\/"},{"@type":"ListItem","position":3,"name":"\u00c9quipe","item":"https:\/\/www.musee-mccord-stewart.ca\/fr\/collections\/equipe\/"},{"@type":"ListItem","position":4,"name":"Zo\u00eb Tousignant"}]},{"@type":"WebSite","@id":"https:\/\/www.musee-mccord-stewart.ca\/fr\/#website","url":"https:\/\/www.musee-mccord-stewart.ca\/fr\/","name":"Mus\u00e9e McCord Stewart","description":"Notre monde, nos histoires","publisher":{"@id":"https:\/\/www.musee-mccord-stewart.ca\/fr\/#organization"},"alternateName":"MCS","potentialAction":[{"@type":"SearchAction","target":{"@type":"EntryPoint","urlTemplate":"https:\/\/www.musee-mccord-stewart.ca\/fr\/?s={search_term_string}"},"query-input":"required name=search_term_string"}],"inLanguage":"fr-FR"},{"@type":"Organization","@id":"https:\/\/www.musee-mccord-stewart.ca\/fr\/#organization","name":"McCord Stewart Museum","alternateName":"MCS","url":"https:\/\/www.musee-mccord-stewart.ca\/fr\/","logo":{"@type":"ImageObject","inLanguage":"fr-FR","@id":"https:\/\/www.musee-mccord-stewart.ca\/fr\/#\/schema\/logo\/image\/","url":"https:\/\/www.musee-mccord-stewart.ca\/app\/uploads\/2023\/05\/logo_museemccordstewart_horizontal_noir_slogan.svg","contentUrl":"https:\/\/www.musee-mccord-stewart.ca\/app\/uploads\/2023\/05\/logo_museemccordstewart_horizontal_noir_slogan.svg","width":1,"height":1,"caption":"McCord Stewart Museum"},"image":{"@id":"https:\/\/www.musee-mccord-stewart.ca\/fr\/#\/schema\/logo\/image\/"},"sameAs":["https:\/\/www.facebook.com\/museemccordstewart","https:\/\/twitter.com\/MuseeMcCordStew","https:\/\/instagram.com\/museemccordstewart","https:\/\/www.linkedin.com\/company\/museemccordstewart\/","https:\/\/www.pinterest.com\/museemccordstewart\/","https:\/\/www.youtube.com\/c\/MuseeMcCordStewartMuseum"]}]}},"_links":{"self":[{"href":"https:\/\/www.musee-mccord-stewart.ca\/fr\/wp-json\/wp\/v2\/pages\/40272"}],"collection":[{"href":"https:\/\/www.musee-mccord-stewart.ca\/fr\/wp-json\/wp\/v2\/pages"}],"about":[{"href":"https:\/\/www.musee-mccord-stewart.ca\/fr\/wp-json\/wp\/v2\/types\/page"}],"author":[{"embeddable":true,"href":"https:\/\/www.musee-mccord-stewart.ca\/fr\/wp-json\/wp\/v2\/users\/3"}],"replies":[{"embeddable":true,"href":"https:\/\/www.musee-mccord-stewart.ca\/fr\/wp-json\/wp\/v2\/comments?post=40272"}],"version-history":[{"count":0,"href":"https:\/\/www.musee-mccord-stewart.ca\/fr\/wp-json\/wp\/v2\/pages\/40272\/revisions"}],"up":[{"embeddable":true,"href":"https:\/\/www.musee-mccord-stewart.ca\/fr\/wp-json\/wp\/v2\/pages\/21301"}],"wp:attachment":[{"href":"https:\/\/www.musee-mccord-stewart.ca\/fr\/wp-json\/wp\/v2\/media?parent=40272"}],"wp:term":[{"taxonomy":"category","embeddable":true,"href":"https:\/\/www.musee-mccord-stewart.ca\/fr\/wp-json\/wp\/v2\/categories?post=40272"},{"taxonomy":"post_tag","embeddable":true,"href":"https:\/\/www.musee-mccord-stewart.ca\/fr\/wp-json\/wp\/v2\/tags?post=40272"}],"curies":[{"name":"wp","href":"https:\/\/api.w.org\/{rel}","templated":true}]}}