{"id":39220,"date":"2021-11-05T16:31:23","date_gmt":"2021-11-05T20:31:23","guid":{"rendered":"https:\/\/www.musee-mccord-stewart.ca\/?page_id=39220"},"modified":"2026-01-19T14:20:18","modified_gmt":"2026-01-19T19:20:18","slug":"alexis-walker","status":"publish","type":"page","link":"https:\/\/www.musee-mccord-stewart.ca\/fr\/collections\/equipe\/alexis-walker\/","title":{"rendered":"Alexis Walker"},"content":{"rendered":"<h4>Conservatrice adjointe, Costume, mode et textiles<\/h4>\n<p><strong><em>La collection Costume, mode et textiles du Mus\u00e9e McCord Stewart est un coffre au tr\u00e9sor diversifi\u00e9 et intriguant. Je suis toujours \u00e9merveill\u00e9e et inspir\u00e9e par les histoires fascinantes qui se cachent derri\u00e8re ces objets, et que l\u2019\u00e9tude et la recherche nous permettent de d\u00e9couvrir.<\/em><\/strong><\/p>\n<p>________<\/p>\n<p>Alexis Walker est entr\u00e9e au Mus\u00e9e comme adjointe \u00e0 la conservation de la collection Costume, mode et textiles en 2015. Elle poss\u00e8de un baccalaur\u00e9at en beaux-arts du Nova Scotia College of Art and Design sp\u00e9cialis\u00e9 en textiles et une ma\u00eetrise \u00e8s arts en mode et \u00e9tudes textiles\u00a0: histoire, th\u00e9orie et pratique mus\u00e9ale du Fashion Institute of Technology \u00e0 New York. Elle s\u2019int\u00e9resse particuli\u00e8rement aux relations entre la mode contemporaine et l\u2019art, la musique, le cin\u00e9ma et la culture pop.<\/p>\n<p>Elle a travaill\u00e9 \u00e0 titre d\u2019adjointe \u00e0 la conservation pour <strong><a href=\"https:\/\/www.musee-mccord-stewart.ca\/fr\/expositions\/lexpo-67-et-la-mode-a-montreal-dans-les-annees-1960\/\"><em>Mode Expo 67<\/em><\/a><\/strong> (2018), en tant que co-commissaire pour \u00a0<strong><em><a title=\"\" href=\"https:\/\/www.musee-mccord-stewart.ca\/fr\/expositions\/jean-claude-poitras-mode-inspirations\/\">Jean-Claude Poitras : mode et inspirations<\/a> <\/em><\/strong>(2019), une exposition coproduite avec le Mus\u00e9e de la civilisation, et en qualit\u00e9 de commissaire pour\u00a0<strong><a href=\"https:\/\/www.musee-mccord-stewart.ca\/fr\/expositions\/parachute\/\"><em>Parachute : mode subversive des ann\u00e9es 80<\/em><\/a> <\/strong>(2021), pour laquelle le Mus\u00e9e a remport\u00e9 en 2023 le prix <a title=\"\" href=\"https:\/\/www.costumesocietyamerica.com\/richard-martin-exhibition-awards\" target=\"_blank\" rel=\"noopener\">Richard Martin Exhibition Award<\/a> de la Costume Society of America.<\/p>\n<p>Parall\u00e8lement \u00e0 sa carri\u00e8re en conservation, Walker est une brodeuse et une artiste textile. Elle a d\u00e9j\u00e0 travaill\u00e9 comme designer et styliste en mode et costume et a enseign\u00e9 l\u2019histoire de la mode au George Brown College \u00e0 Toronto et au Coll\u00e8ge LaSalle \u00e0 Montr\u00e9al. \u00a0Elle est membre de la Costume Society of America et de l\u2019Association of Dress Historians.<\/p>\n<p><a class=\"cta\" title=\"\" href=\"https:\/\/www.musee-mccord-stewart.ca\/fr\/collections\/costume-mode-et-textiles\/\">Plus sur la collection Costume, mode et textiles<i class=\"arrow-right-thickicon-\"><\/i><\/a><br \/>\n<a class=\"cta\" title=\"\" href=\"https:\/\/collections.musee-mccord-stewart.ca\/fr\/collections\/155916\/dress-fashion-and-textiles\/objects\">Explorez la collection en ligne<i class=\"arrow-right-thickicon-\"><\/i><\/a><\/p>\n","protected":false},"excerpt":{"rendered":"<p>Conservatrice adjointe, Costume, mode et textiles La collection Costume, mode et textiles du Mus\u00e9e McCord Stewart est un coffre au tr\u00e9sor diversifi\u00e9 et intriguant. Je suis toujours \u00e9merveill\u00e9e et inspir\u00e9e par les histoires fascinantes qui se cachent derri\u00e8re ces objets, et que l\u2019\u00e9tude et la recherche nous permettent de d\u00e9couvrir. ________ Alexis Walker est entr\u00e9e [&hellip;]<\/p>\n","protected":false},"author":3,"featured_media":0,"parent":21301,"menu_order":0,"comment_status":"closed","ping_status":"closed","template":"page-templates\/page-texte.php","meta":{"footnotes":""},"categories":[],"tags":[],"acf":[],"yoast_head":"<!-- This site is optimized with the Yoast SEO Premium plugin v20.11 (Yoast SEO v20.11) - https:\/\/yoast.com\/wordpress\/plugins\/seo\/ -->\n<title>Alexis Walker - Conservatrice adjointe - Costume, mode et textiles - Mus\u00e9e McCord Stewart<\/title>\n<meta name=\"description\" content=\"Faites connaissance avec Alexis Walker, Conservatrice adjointe de la collection Costume, mode et textiles.\" \/>\n<meta name=\"robots\" content=\"index, follow, max-snippet:-1, max-image-preview:large, max-video-preview:-1\" \/>\n<link rel=\"canonical\" href=\"https:\/\/www.musee-mccord-stewart.ca\/fr\/collections\/equipe\/alexis-walker\/\" \/>\n<meta property=\"og:locale\" content=\"fr_FR\" \/>\n<meta property=\"og:type\" content=\"article\" \/>\n<meta property=\"og:title\" content=\"Alexis Walker\" \/>\n<meta property=\"og:description\" content=\"Conservatrice adjointe, Costume, mode et textiles La collection Costume, mode et textiles du Mus\u00e9e McCord Stewart est un coffre au tr\u00e9sor diversifi\u00e9 et\" \/>\n<meta property=\"og:url\" content=\"https:\/\/www.musee-mccord-stewart.ca\/fr\/collections\/equipe\/alexis-walker\/\" \/>\n<meta property=\"og:site_name\" content=\"Mus\u00e9e McCord Stewart\" \/>\n<meta property=\"article:publisher\" content=\"https:\/\/www.facebook.com\/museemccordstewart\" \/>\n<meta property=\"article:modified_time\" content=\"2026-01-19T19:20:18+00:00\" \/>\n<meta property=\"og:image\" content=\"https:\/\/www.musee-mccord-stewart.ca\/app\/uploads\/2025\/12\/alexiswalker_20250910_ld.jpg\" \/>\n\t<meta property=\"og:image:width\" content=\"1320\" \/>\n\t<meta property=\"og:image:height\" content=\"480\" \/>\n\t<meta property=\"og:image:type\" content=\"image\/jpeg\" \/>\n<meta name=\"twitter:card\" content=\"summary_large_image\" \/>\n<meta name=\"twitter:site\" content=\"@MuseeMcCordStew\" \/>\n<meta name=\"twitter:label1\" content=\"Dur\u00e9e de lecture estim\u00e9e\" \/>\n\t<meta name=\"twitter:data1\" content=\"2 minutes\" \/>\n<script type=\"application\/ld+json\" class=\"yoast-schema-graph\">{\"@context\":\"https:\/\/schema.org\",\"@graph\":[{\"@type\":\"WebPage\",\"@id\":\"https:\/\/www.musee-mccord-stewart.ca\/fr\/collections\/equipe\/alexis-walker\/\",\"url\":\"https:\/\/www.musee-mccord-stewart.ca\/fr\/collections\/equipe\/alexis-walker\/\",\"name\":\"Alexis Walker - Conservatrice adjointe - Costume, mode et textiles - Mus\u00e9e McCord Stewart\",\"isPartOf\":{\"@id\":\"https:\/\/www.musee-mccord-stewart.ca\/fr\/#website\"},\"datePublished\":\"2021-11-05T20:31:23+00:00\",\"dateModified\":\"2026-01-19T19:20:18+00:00\",\"description\":\"Faites connaissance avec Alexis Walker, Conservatrice adjointe de la collection Costume, mode et textiles.\",\"breadcrumb\":{\"@id\":\"https:\/\/www.musee-mccord-stewart.ca\/fr\/collections\/equipe\/alexis-walker\/#breadcrumb\"},\"inLanguage\":\"fr-FR\",\"potentialAction\":[{\"@type\":\"ReadAction\",\"target\":[\"https:\/\/www.musee-mccord-stewart.ca\/fr\/collections\/equipe\/alexis-walker\/\"]}]},{\"@type\":\"BreadcrumbList\",\"@id\":\"https:\/\/www.musee-mccord-stewart.ca\/fr\/collections\/equipe\/alexis-walker\/#breadcrumb\",\"itemListElement\":[{\"@type\":\"ListItem\",\"position\":1,\"name\":\"Accueil\",\"item\":\"https:\/\/www.musee-mccord-stewart.ca\/fr\/\"},{\"@type\":\"ListItem\",\"position\":2,\"name\":\"Collections\",\"item\":\"https:\/\/www.musee-mccord-stewart.ca\/fr\/collections\/\"},{\"@type\":\"ListItem\",\"position\":3,\"name\":\"\u00c9quipe\",\"item\":\"https:\/\/www.musee-mccord-stewart.ca\/fr\/collections\/equipe\/\"},{\"@type\":\"ListItem\",\"position\":4,\"name\":\"Alexis Walker\"}]},{\"@type\":\"WebSite\",\"@id\":\"https:\/\/www.musee-mccord-stewart.ca\/fr\/#website\",\"url\":\"https:\/\/www.musee-mccord-stewart.ca\/fr\/\",\"name\":\"Mus\u00e9e McCord Stewart\",\"description\":\"Notre monde, nos histoires\",\"publisher\":{\"@id\":\"https:\/\/www.musee-mccord-stewart.ca\/fr\/#organization\"},\"alternateName\":\"MCS\",\"potentialAction\":[{\"@type\":\"SearchAction\",\"target\":{\"@type\":\"EntryPoint\",\"urlTemplate\":\"https:\/\/www.musee-mccord-stewart.ca\/fr\/?s={search_term_string}\"},\"query-input\":\"required name=search_term_string\"}],\"inLanguage\":\"fr-FR\"},{\"@type\":\"Organization\",\"@id\":\"https:\/\/www.musee-mccord-stewart.ca\/fr\/#organization\",\"name\":\"McCord Stewart Museum\",\"alternateName\":\"MCS\",\"url\":\"https:\/\/www.musee-mccord-stewart.ca\/fr\/\",\"logo\":{\"@type\":\"ImageObject\",\"inLanguage\":\"fr-FR\",\"@id\":\"https:\/\/www.musee-mccord-stewart.ca\/fr\/#\/schema\/logo\/image\/\",\"url\":\"https:\/\/www.musee-mccord-stewart.ca\/app\/uploads\/2023\/05\/logo_museemccordstewart_horizontal_noir_slogan.svg\",\"contentUrl\":\"https:\/\/www.musee-mccord-stewart.ca\/app\/uploads\/2023\/05\/logo_museemccordstewart_horizontal_noir_slogan.svg\",\"width\":1,\"height\":1,\"caption\":\"McCord Stewart Museum\"},\"image\":{\"@id\":\"https:\/\/www.musee-mccord-stewart.ca\/fr\/#\/schema\/logo\/image\/\"},\"sameAs\":[\"https:\/\/www.facebook.com\/museemccordstewart\",\"https:\/\/twitter.com\/MuseeMcCordStew\",\"https:\/\/instagram.com\/museemccordstewart\",\"https:\/\/www.linkedin.com\/company\/museemccordstewart\/\",\"https:\/\/www.pinterest.com\/museemccordstewart\/\",\"https:\/\/www.youtube.com\/c\/MuseeMcCordStewartMuseum\"]}]}<\/script>\n<!-- \/ Yoast SEO Premium plugin. -->","yoast_head_json":{"title":"Alexis Walker - Conservatrice adjointe - Costume, mode et textiles - Mus\u00e9e McCord Stewart","description":"Faites connaissance avec Alexis Walker, Conservatrice adjointe de la collection Costume, mode et textiles.","robots":{"index":"index","follow":"follow","max-snippet":"max-snippet:-1","max-image-preview":"max-image-preview:large","max-video-preview":"max-video-preview:-1"},"canonical":"https:\/\/www.musee-mccord-stewart.ca\/fr\/collections\/equipe\/alexis-walker\/","og_locale":"fr_FR","og_type":"article","og_title":"Alexis Walker","og_description":"Conservatrice adjointe, Costume, mode et textiles La collection Costume, mode et textiles du Mus\u00e9e McCord Stewart est un coffre au tr\u00e9sor diversifi\u00e9 et","og_url":"https:\/\/www.musee-mccord-stewart.ca\/fr\/collections\/equipe\/alexis-walker\/","og_site_name":"Mus\u00e9e McCord Stewart","article_publisher":"https:\/\/www.facebook.com\/museemccordstewart","article_modified_time":"2026-01-19T19:20:18+00:00","og_image":[{"width":1320,"height":480,"url":"https:\/\/www.musee-mccord-stewart.ca\/app\/uploads\/2025\/12\/alexiswalker_20250910_ld.jpg","type":"image\/jpeg"}],"twitter_card":"summary_large_image","twitter_site":"@MuseeMcCordStew","twitter_misc":{"Dur\u00e9e de lecture estim\u00e9e":"2 minutes"},"schema":{"@context":"https:\/\/schema.org","@graph":[{"@type":"WebPage","@id":"https:\/\/www.musee-mccord-stewart.ca\/fr\/collections\/equipe\/alexis-walker\/","url":"https:\/\/www.musee-mccord-stewart.ca\/fr\/collections\/equipe\/alexis-walker\/","name":"Alexis Walker - Conservatrice adjointe - Costume, mode et textiles - Mus\u00e9e McCord Stewart","isPartOf":{"@id":"https:\/\/www.musee-mccord-stewart.ca\/fr\/#website"},"datePublished":"2021-11-05T20:31:23+00:00","dateModified":"2026-01-19T19:20:18+00:00","description":"Faites connaissance avec Alexis Walker, Conservatrice adjointe de la collection Costume, mode et textiles.","breadcrumb":{"@id":"https:\/\/www.musee-mccord-stewart.ca\/fr\/collections\/equipe\/alexis-walker\/#breadcrumb"},"inLanguage":"fr-FR","potentialAction":[{"@type":"ReadAction","target":["https:\/\/www.musee-mccord-stewart.ca\/fr\/collections\/equipe\/alexis-walker\/"]}]},{"@type":"BreadcrumbList","@id":"https:\/\/www.musee-mccord-stewart.ca\/fr\/collections\/equipe\/alexis-walker\/#breadcrumb","itemListElement":[{"@type":"ListItem","position":1,"name":"Accueil","item":"https:\/\/www.musee-mccord-stewart.ca\/fr\/"},{"@type":"ListItem","position":2,"name":"Collections","item":"https:\/\/www.musee-mccord-stewart.ca\/fr\/collections\/"},{"@type":"ListItem","position":3,"name":"\u00c9quipe","item":"https:\/\/www.musee-mccord-stewart.ca\/fr\/collections\/equipe\/"},{"@type":"ListItem","position":4,"name":"Alexis Walker"}]},{"@type":"WebSite","@id":"https:\/\/www.musee-mccord-stewart.ca\/fr\/#website","url":"https:\/\/www.musee-mccord-stewart.ca\/fr\/","name":"Mus\u00e9e McCord Stewart","description":"Notre monde, nos histoires","publisher":{"@id":"https:\/\/www.musee-mccord-stewart.ca\/fr\/#organization"},"alternateName":"MCS","potentialAction":[{"@type":"SearchAction","target":{"@type":"EntryPoint","urlTemplate":"https:\/\/www.musee-mccord-stewart.ca\/fr\/?s={search_term_string}"},"query-input":"required name=search_term_string"}],"inLanguage":"fr-FR"},{"@type":"Organization","@id":"https:\/\/www.musee-mccord-stewart.ca\/fr\/#organization","name":"McCord Stewart Museum","alternateName":"MCS","url":"https:\/\/www.musee-mccord-stewart.ca\/fr\/","logo":{"@type":"ImageObject","inLanguage":"fr-FR","@id":"https:\/\/www.musee-mccord-stewart.ca\/fr\/#\/schema\/logo\/image\/","url":"https:\/\/www.musee-mccord-stewart.ca\/app\/uploads\/2023\/05\/logo_museemccordstewart_horizontal_noir_slogan.svg","contentUrl":"https:\/\/www.musee-mccord-stewart.ca\/app\/uploads\/2023\/05\/logo_museemccordstewart_horizontal_noir_slogan.svg","width":1,"height":1,"caption":"McCord Stewart Museum"},"image":{"@id":"https:\/\/www.musee-mccord-stewart.ca\/fr\/#\/schema\/logo\/image\/"},"sameAs":["https:\/\/www.facebook.com\/museemccordstewart","https:\/\/twitter.com\/MuseeMcCordStew","https:\/\/instagram.com\/museemccordstewart","https:\/\/www.linkedin.com\/company\/museemccordstewart\/","https:\/\/www.pinterest.com\/museemccordstewart\/","https:\/\/www.youtube.com\/c\/MuseeMcCordStewartMuseum"]}]}},"_links":{"self":[{"href":"https:\/\/www.musee-mccord-stewart.ca\/fr\/wp-json\/wp\/v2\/pages\/39220"}],"collection":[{"href":"https:\/\/www.musee-mccord-stewart.ca\/fr\/wp-json\/wp\/v2\/pages"}],"about":[{"href":"https:\/\/www.musee-mccord-stewart.ca\/fr\/wp-json\/wp\/v2\/types\/page"}],"author":[{"embeddable":true,"href":"https:\/\/www.musee-mccord-stewart.ca\/fr\/wp-json\/wp\/v2\/users\/3"}],"replies":[{"embeddable":true,"href":"https:\/\/www.musee-mccord-stewart.ca\/fr\/wp-json\/wp\/v2\/comments?post=39220"}],"version-history":[{"count":0,"href":"https:\/\/www.musee-mccord-stewart.ca\/fr\/wp-json\/wp\/v2\/pages\/39220\/revisions"}],"up":[{"embeddable":true,"href":"https:\/\/www.musee-mccord-stewart.ca\/fr\/wp-json\/wp\/v2\/pages\/21301"}],"wp:attachment":[{"href":"https:\/\/www.musee-mccord-stewart.ca\/fr\/wp-json\/wp\/v2\/media?parent=39220"}],"wp:term":[{"taxonomy":"category","embeddable":true,"href":"https:\/\/www.musee-mccord-stewart.ca\/fr\/wp-json\/wp\/v2\/categories?post=39220"},{"taxonomy":"post_tag","embeddable":true,"href":"https:\/\/www.musee-mccord-stewart.ca\/fr\/wp-json\/wp\/v2\/tags?post=39220"}],"curies":[{"name":"wp","href":"https:\/\/api.w.org\/{rel}","templated":true}]}}