{"id":38886,"date":"2021-09-21T10:58:05","date_gmt":"2021-09-21T14:58:05","guid":{"rendered":"https:\/\/www.musee-mccord-stewart.ca\/?page_id=38886"},"modified":"2026-02-26T17:48:03","modified_gmt":"2026-02-26T22:48:03","slug":"rencontre-devenir-allie-nations-autochtones","status":"publish","type":"page","link":"https:\/\/www.musee-mccord-stewart.ca\/fr\/rencontre-devenir-allie-nations-autochtones\/","title":{"rendered":"Aller \u00e0 la rencontre et devenir un\u2219e alli\u00e9\u2219e des nations autochtones"},"content":{"rendered":"<p>Par l\u2019entremise de l&rsquo;exposition permanente <a title=\"Voix autochtones d\u2019aujourd\u2019hui\" href=\"https:\/\/www.musee-mccord-stewart.ca\/fr\/expositions\/voix-autochtones-aujourdhui\/\"><em><strong>Voix autochtones d\u2019aujourd\u2019hui : savoir, trauma, r\u00e9silience<\/strong><\/em><\/a>, le Mus\u00e9e aspire \u00e0 encourager une v\u00e9ritable rencontre. Voici quelques pistes et ressources pour vous guider dans votre d\u00e9marche pour devenir un\u2219e alli\u00e9\u2219e des nations autochtones.<\/p>\n<ol>\n<li>Je m&rsquo;informe du <a href=\"#nations\">nom des 11 nations au Qu\u00e9bec<\/a> et j&rsquo;apprends \u00e0 situer les territoires de chacune.<\/li>\n<li>Je fais de la recherche sur la nation qui occupe le territoire sur lequel je r\u00e9side. J\u2019apprends leur histoire, mais aussi leurs revendications contemporaines.<\/li>\n<li>Je lis ou j&rsquo;\u00e9coute le rapport de la Commission de v\u00e9rit\u00e9 et r\u00e9conciliation et je r\u00e9fl\u00e9chis aux actions que je peux poser dans mon quotidien, mon milieu de travail, mon milieu scolaire, ma communaut\u00e9.<\/li>\n<li>J\u2019amplifie les voix autochtones dans mes m\u00e9dias sociaux. J\u2019affiche publiquement ma solidarit\u00e9.<\/li>\n<li>Je consomme des biens et des services dont les retomb\u00e9es financi\u00e8res vont aux artistes et aux artisans autochtones.<\/li>\n<li>J\u2019apprends \u00e0 \u00e9couter avec attention et ouverture lorsque des Autochtones parlent de leurs r\u00e9alit\u00e9s pass\u00e9es et pr\u00e9sentes. Je suis curieux\u2219se sans \u00eatre intrusif\u2219ve.<\/li>\n<li>J\u2019accepte de sortir de ma zone de confort en m\u2019interrogeant sur mes privil\u00e8ges, mes biais, mes pr\u00e9jug\u00e9s. Je prends part \u00e0 une r\u00e9partition plus \u00e9galitaire des pouvoirs en acceptant de perdre ces privil\u00e8ges.<\/li>\n<li>Je m\u2019int\u00e9resse aux langues autochtones et j\u2019apprends quelques mots de salutation et de politesse.<\/li>\n<li>\u00a0J\u2019adopte le r\u00f4le d\u2019agent multiplicateur : je m\u2019informer sur les revendications contemporaines et je partage ces informations avec mes proche.<\/li>\n<li>\u00a0Je prends part \u00e0 un pow-wow \u2013 un moment de rassemblement important pour les nations.<\/li>\n<\/ol>\n<h3>D\u00e9couvrir l&rsquo;exposition<\/h3>\n<p>Port\u00e9e par l\u2019espoir d\u2019amorcer un dialogue pour une meilleure compr\u00e9hension mutuelle, l\u2019exposition permanente <a title=\"Voix autochtones d\u2019aujourd\u2019hui\" href=\"https:\/\/www.musee-mccord-stewart.ca\/fr\/expositions\/voix-autochtones-aujourdhui\/\"><em><strong>Voix autochtones d\u2019aujourd\u2019hui : savoir, trauma, r\u00e9silience<\/strong><\/em><\/a> invite le public \u00e0 venir \u00e0 la rencontre des peuples autochtones et de leurs points de vue \u00e0 travers un parcours en trois temps qui met en lumi\u00e8re leurs savoirs encore trop m\u00e9connus, les blessures profondes qu\u2019ils et elles portent et leur incroyable r\u00e9silience.<a id=\"nations\"><\/a><br \/>\n<a class=\"cta\" title=\"\" href=\"https:\/\/musee-mccord-stewart.logikpos.ca\/ticketing2.aspx\" target=\"_blank\" rel=\"noopener\">Billets<i class=\"arrow-right-thickicon-\"><\/i><\/a><\/p>\n<h3>Les 11 nations autochtones au Qu\u00e9bec<\/h3>\n<ul>\n<li><span data-contrast=\"auto\">Waban-Aki<\/span><\/li>\n<li><span data-contrast=\"auto\">Anishinaabe<\/span><\/li>\n<li><span data-contrast=\"auto\">Atikamekw Nehirowisiwok<\/span><\/li>\n<li><span data-contrast=\"auto\">Eeyou<\/span><\/li>\n<li><span data-contrast=\"auto\">Wendat<\/span><\/li>\n<li><span data-contrast=\"auto\">Innu<\/span><\/li>\n<li><span data-contrast=\"auto\">Inuit<\/span><\/li>\n<li><span data-contrast=\"auto\">Wolastoqiyik<\/span><\/li>\n<li><span data-contrast=\"auto\">Mi\u2019gmaq<\/span><\/li>\n<li><span data-contrast=\"auto\">Kanien\u2019keh\u00e1:ka<\/span><\/li>\n<li><span data-contrast=\"auto\">Naskapi<\/span><\/li>\n<\/ul>\n","protected":false},"excerpt":{"rendered":"<p>Par l\u2019entremise de l&rsquo;exposition permanente Voix autochtones d\u2019aujourd\u2019hui : savoir, trauma, r\u00e9silience, le Mus\u00e9e aspire \u00e0 encourager une v\u00e9ritable rencontre. Voici quelques pistes et ressources pour vous guider dans votre d\u00e9marche pour devenir un\u2219e alli\u00e9\u2219e des nations autochtones. Je m&rsquo;informe du nom des 11 nations au Qu\u00e9bec et j&rsquo;apprends \u00e0 situer les territoires de chacune. [&hellip;]<\/p>\n","protected":false},"author":17,"featured_media":0,"parent":0,"menu_order":0,"comment_status":"closed","ping_status":"closed","template":"page-templates\/page-texte.php","meta":{"footnotes":""},"categories":[],"tags":[],"acf":[],"yoast_head":"<!-- This site is optimized with the Yoast SEO Premium plugin v20.11 (Yoast SEO v20.11) - https:\/\/yoast.com\/wordpress\/plugins\/seo\/ -->\n<title>Aller \u00e0 la rencontre et devenir un alli\u00e9 des nations autochtones - Mus\u00e9e McCord Stewart<\/title>\n<meta name=\"description\" content=\"Voici quelques pistes pour guider les visiteurs de l\u2019exposition dans leur d\u00e9marche pour devenir un alli\u00e9 des nations autochtones.\" \/>\n<meta name=\"robots\" content=\"index, follow, max-snippet:-1, max-image-preview:large, max-video-preview:-1\" \/>\n<link rel=\"canonical\" href=\"https:\/\/www.musee-mccord-stewart.ca\/fr\/rencontre-devenir-allie-nations-autochtones\/\" \/>\n<meta property=\"og:locale\" content=\"fr_FR\" \/>\n<meta property=\"og:type\" content=\"article\" \/>\n<meta property=\"og:title\" content=\"Aller \u00e0 la rencontre et devenir un\u2219e alli\u00e9\u2219e des nations autochtones\" \/>\n<meta property=\"og:description\" content=\"Par l\u2019entremise de l&#039;exposition permanente Voix autochtones d\u2019aujourd\u2019hui : savoir, trauma, r\u00e9silience, le Mus\u00e9e aspire \u00e0 encourager une v\u00e9ritable\" \/>\n<meta property=\"og:url\" content=\"https:\/\/www.musee-mccord-stewart.ca\/fr\/rencontre-devenir-allie-nations-autochtones\/\" \/>\n<meta property=\"og:site_name\" content=\"Mus\u00e9e McCord Stewart\" \/>\n<meta property=\"article:publisher\" content=\"https:\/\/www.facebook.com\/museemccordstewart\" \/>\n<meta property=\"article:modified_time\" content=\"2026-02-26T22:48:03+00:00\" \/>\n<meta property=\"og:image\" content=\"https:\/\/www.musee-mccord-stewart.ca\/app\/uploads\/2021\/09\/mccord_exposisitions_voix-autochtones_1920x1080-880x495.jpg\" \/>\n\t<meta property=\"og:image:width\" content=\"880\" \/>\n\t<meta property=\"og:image:height\" content=\"495\" \/>\n\t<meta property=\"og:image:type\" content=\"image\/jpeg\" \/>\n<meta name=\"twitter:card\" content=\"summary_large_image\" \/>\n<meta name=\"twitter:site\" content=\"@MuseeMcCordStew\" \/>\n<meta name=\"twitter:label1\" content=\"Dur\u00e9e de lecture estim\u00e9e\" \/>\n\t<meta name=\"twitter:data1\" content=\"2 minutes\" \/>\n<script type=\"application\/ld+json\" class=\"yoast-schema-graph\">{\"@context\":\"https:\/\/schema.org\",\"@graph\":[{\"@type\":\"WebPage\",\"@id\":\"https:\/\/www.musee-mccord-stewart.ca\/fr\/rencontre-devenir-allie-nations-autochtones\/\",\"url\":\"https:\/\/www.musee-mccord-stewart.ca\/fr\/rencontre-devenir-allie-nations-autochtones\/\",\"name\":\"Aller \u00e0 la rencontre et devenir un alli\u00e9 des nations autochtones - Mus\u00e9e McCord Stewart\",\"isPartOf\":{\"@id\":\"https:\/\/www.musee-mccord-stewart.ca\/fr\/#website\"},\"datePublished\":\"2021-09-21T14:58:05+00:00\",\"dateModified\":\"2026-02-26T22:48:03+00:00\",\"description\":\"Voici quelques pistes pour guider les visiteurs de l\u2019exposition dans leur d\u00e9marche pour devenir un alli\u00e9 des nations autochtones.\",\"breadcrumb\":{\"@id\":\"https:\/\/www.musee-mccord-stewart.ca\/fr\/rencontre-devenir-allie-nations-autochtones\/#breadcrumb\"},\"inLanguage\":\"fr-FR\",\"potentialAction\":[{\"@type\":\"ReadAction\",\"target\":[\"https:\/\/www.musee-mccord-stewart.ca\/fr\/rencontre-devenir-allie-nations-autochtones\/\"]}]},{\"@type\":\"BreadcrumbList\",\"@id\":\"https:\/\/www.musee-mccord-stewart.ca\/fr\/rencontre-devenir-allie-nations-autochtones\/#breadcrumb\",\"itemListElement\":[{\"@type\":\"ListItem\",\"position\":1,\"name\":\"Accueil\",\"item\":\"https:\/\/www.musee-mccord-stewart.ca\/fr\/\"},{\"@type\":\"ListItem\",\"position\":2,\"name\":\"Aller \u00e0 la rencontre et devenir un\u2219e alli\u00e9\u2219e des nations autochtones\"}]},{\"@type\":\"WebSite\",\"@id\":\"https:\/\/www.musee-mccord-stewart.ca\/fr\/#website\",\"url\":\"https:\/\/www.musee-mccord-stewart.ca\/fr\/\",\"name\":\"Mus\u00e9e McCord Stewart\",\"description\":\"Notre monde, nos histoires\",\"publisher\":{\"@id\":\"https:\/\/www.musee-mccord-stewart.ca\/fr\/#organization\"},\"alternateName\":\"MCS\",\"potentialAction\":[{\"@type\":\"SearchAction\",\"target\":{\"@type\":\"EntryPoint\",\"urlTemplate\":\"https:\/\/www.musee-mccord-stewart.ca\/fr\/?s={search_term_string}\"},\"query-input\":\"required name=search_term_string\"}],\"inLanguage\":\"fr-FR\"},{\"@type\":\"Organization\",\"@id\":\"https:\/\/www.musee-mccord-stewart.ca\/fr\/#organization\",\"name\":\"McCord Stewart Museum\",\"alternateName\":\"MCS\",\"url\":\"https:\/\/www.musee-mccord-stewart.ca\/fr\/\",\"logo\":{\"@type\":\"ImageObject\",\"inLanguage\":\"fr-FR\",\"@id\":\"https:\/\/www.musee-mccord-stewart.ca\/fr\/#\/schema\/logo\/image\/\",\"url\":\"https:\/\/www.musee-mccord-stewart.ca\/app\/uploads\/2023\/05\/logo_museemccordstewart_horizontal_noir_slogan.svg\",\"contentUrl\":\"https:\/\/www.musee-mccord-stewart.ca\/app\/uploads\/2023\/05\/logo_museemccordstewart_horizontal_noir_slogan.svg\",\"width\":1,\"height\":1,\"caption\":\"McCord Stewart Museum\"},\"image\":{\"@id\":\"https:\/\/www.musee-mccord-stewart.ca\/fr\/#\/schema\/logo\/image\/\"},\"sameAs\":[\"https:\/\/www.facebook.com\/museemccordstewart\",\"https:\/\/twitter.com\/MuseeMcCordStew\",\"https:\/\/instagram.com\/museemccordstewart\",\"https:\/\/www.linkedin.com\/company\/museemccordstewart\/\",\"https:\/\/www.pinterest.com\/museemccordstewart\/\",\"https:\/\/www.youtube.com\/c\/MuseeMcCordStewartMuseum\"]}]}<\/script>\n<!-- \/ Yoast SEO Premium plugin. -->","yoast_head_json":{"title":"Aller \u00e0 la rencontre et devenir un alli\u00e9 des nations autochtones - Mus\u00e9e McCord Stewart","description":"Voici quelques pistes pour guider les visiteurs de l\u2019exposition dans leur d\u00e9marche pour devenir un alli\u00e9 des nations autochtones.","robots":{"index":"index","follow":"follow","max-snippet":"max-snippet:-1","max-image-preview":"max-image-preview:large","max-video-preview":"max-video-preview:-1"},"canonical":"https:\/\/www.musee-mccord-stewart.ca\/fr\/rencontre-devenir-allie-nations-autochtones\/","og_locale":"fr_FR","og_type":"article","og_title":"Aller \u00e0 la rencontre et devenir un\u2219e alli\u00e9\u2219e des nations autochtones","og_description":"Par l\u2019entremise de l'exposition permanente Voix autochtones d\u2019aujourd\u2019hui : savoir, trauma, r\u00e9silience, le Mus\u00e9e aspire \u00e0 encourager une v\u00e9ritable","og_url":"https:\/\/www.musee-mccord-stewart.ca\/fr\/rencontre-devenir-allie-nations-autochtones\/","og_site_name":"Mus\u00e9e McCord Stewart","article_publisher":"https:\/\/www.facebook.com\/museemccordstewart","article_modified_time":"2026-02-26T22:48:03+00:00","og_image":[{"width":880,"height":495,"url":"https:\/\/www.musee-mccord-stewart.ca\/app\/uploads\/2021\/09\/mccord_exposisitions_voix-autochtones_1920x1080-880x495.jpg","type":"image\/jpeg"}],"twitter_card":"summary_large_image","twitter_site":"@MuseeMcCordStew","twitter_misc":{"Dur\u00e9e de lecture estim\u00e9e":"2 minutes"},"schema":{"@context":"https:\/\/schema.org","@graph":[{"@type":"WebPage","@id":"https:\/\/www.musee-mccord-stewart.ca\/fr\/rencontre-devenir-allie-nations-autochtones\/","url":"https:\/\/www.musee-mccord-stewart.ca\/fr\/rencontre-devenir-allie-nations-autochtones\/","name":"Aller \u00e0 la rencontre et devenir un alli\u00e9 des nations autochtones - Mus\u00e9e McCord Stewart","isPartOf":{"@id":"https:\/\/www.musee-mccord-stewart.ca\/fr\/#website"},"datePublished":"2021-09-21T14:58:05+00:00","dateModified":"2026-02-26T22:48:03+00:00","description":"Voici quelques pistes pour guider les visiteurs de l\u2019exposition dans leur d\u00e9marche pour devenir un alli\u00e9 des nations autochtones.","breadcrumb":{"@id":"https:\/\/www.musee-mccord-stewart.ca\/fr\/rencontre-devenir-allie-nations-autochtones\/#breadcrumb"},"inLanguage":"fr-FR","potentialAction":[{"@type":"ReadAction","target":["https:\/\/www.musee-mccord-stewart.ca\/fr\/rencontre-devenir-allie-nations-autochtones\/"]}]},{"@type":"BreadcrumbList","@id":"https:\/\/www.musee-mccord-stewart.ca\/fr\/rencontre-devenir-allie-nations-autochtones\/#breadcrumb","itemListElement":[{"@type":"ListItem","position":1,"name":"Accueil","item":"https:\/\/www.musee-mccord-stewart.ca\/fr\/"},{"@type":"ListItem","position":2,"name":"Aller \u00e0 la rencontre et devenir un\u2219e alli\u00e9\u2219e des nations autochtones"}]},{"@type":"WebSite","@id":"https:\/\/www.musee-mccord-stewart.ca\/fr\/#website","url":"https:\/\/www.musee-mccord-stewart.ca\/fr\/","name":"Mus\u00e9e McCord Stewart","description":"Notre monde, nos histoires","publisher":{"@id":"https:\/\/www.musee-mccord-stewart.ca\/fr\/#organization"},"alternateName":"MCS","potentialAction":[{"@type":"SearchAction","target":{"@type":"EntryPoint","urlTemplate":"https:\/\/www.musee-mccord-stewart.ca\/fr\/?s={search_term_string}"},"query-input":"required name=search_term_string"}],"inLanguage":"fr-FR"},{"@type":"Organization","@id":"https:\/\/www.musee-mccord-stewart.ca\/fr\/#organization","name":"McCord Stewart Museum","alternateName":"MCS","url":"https:\/\/www.musee-mccord-stewart.ca\/fr\/","logo":{"@type":"ImageObject","inLanguage":"fr-FR","@id":"https:\/\/www.musee-mccord-stewart.ca\/fr\/#\/schema\/logo\/image\/","url":"https:\/\/www.musee-mccord-stewart.ca\/app\/uploads\/2023\/05\/logo_museemccordstewart_horizontal_noir_slogan.svg","contentUrl":"https:\/\/www.musee-mccord-stewart.ca\/app\/uploads\/2023\/05\/logo_museemccordstewart_horizontal_noir_slogan.svg","width":1,"height":1,"caption":"McCord Stewart Museum"},"image":{"@id":"https:\/\/www.musee-mccord-stewart.ca\/fr\/#\/schema\/logo\/image\/"},"sameAs":["https:\/\/www.facebook.com\/museemccordstewart","https:\/\/twitter.com\/MuseeMcCordStew","https:\/\/instagram.com\/museemccordstewart","https:\/\/www.linkedin.com\/company\/museemccordstewart\/","https:\/\/www.pinterest.com\/museemccordstewart\/","https:\/\/www.youtube.com\/c\/MuseeMcCordStewartMuseum"]}]}},"_links":{"self":[{"href":"https:\/\/www.musee-mccord-stewart.ca\/fr\/wp-json\/wp\/v2\/pages\/38886"}],"collection":[{"href":"https:\/\/www.musee-mccord-stewart.ca\/fr\/wp-json\/wp\/v2\/pages"}],"about":[{"href":"https:\/\/www.musee-mccord-stewart.ca\/fr\/wp-json\/wp\/v2\/types\/page"}],"author":[{"embeddable":true,"href":"https:\/\/www.musee-mccord-stewart.ca\/fr\/wp-json\/wp\/v2\/users\/17"}],"replies":[{"embeddable":true,"href":"https:\/\/www.musee-mccord-stewart.ca\/fr\/wp-json\/wp\/v2\/comments?post=38886"}],"version-history":[{"count":0,"href":"https:\/\/www.musee-mccord-stewart.ca\/fr\/wp-json\/wp\/v2\/pages\/38886\/revisions"}],"wp:attachment":[{"href":"https:\/\/www.musee-mccord-stewart.ca\/fr\/wp-json\/wp\/v2\/media?parent=38886"}],"wp:term":[{"taxonomy":"category","embeddable":true,"href":"https:\/\/www.musee-mccord-stewart.ca\/fr\/wp-json\/wp\/v2\/categories?post=38886"},{"taxonomy":"post_tag","embeddable":true,"href":"https:\/\/www.musee-mccord-stewart.ca\/fr\/wp-json\/wp\/v2\/tags?post=38886"}],"curies":[{"name":"wp","href":"https:\/\/api.w.org\/{rel}","templated":true}]}}