{"id":33592,"date":"2021-01-07T11:53:29","date_gmt":"2021-01-07T16:53:29","guid":{"rendered":"http:\/\/www.musee-mccord-stewart.ca\/?page_id=33592"},"modified":"2024-10-02T14:16:35","modified_gmt":"2024-10-02T18:16:35","slug":"decouvertes-mccord","status":"publish","type":"page","link":"https:\/\/www.musee-mccord-stewart.ca\/fr\/menu-activites\/decouvertes-mccord\/","title":{"rendered":"Les d\u00e9couvertes du McCord"},"content":{"rendered":"<p>Le Mus\u00e9e McCord pr\u00e9sente la s\u00e9rie de conf\u00e9rences virtuelles <strong><em>Les d\u00e9couvertes du McCord<\/em><\/strong>. Les experts du Mus\u00e9e partageront leurs r\u00e9centes d\u00e9couvertes portant sur les collections et les archives du Mus\u00e9e.<\/p>\n<p>\u00c0 travers ces conf\u00e9rences, vous d\u00e9couvrirez des dimensions <strong>in\u00e9dites<\/strong> ou trop souvent ignor\u00e9es de nos collections <strong>pour ainsi mieux comprendre ces objets et ces documents, mais aussi notre ville et ses communaut\u00e9s<\/strong>.<\/p>\n<p><strong>L\u2019activit\u00e9 est gratuite <\/strong>et s\u2019adresse aux publics acad\u00e9miques et \u00e0 tous ceux qui ont une fascination pour l\u2019histoire et l\u2019archivistique, ainsi que la mus\u00e9ologie.<\/p>\n<p>Les conf\u00e9rences auront lieu\u00a0<strong>en ligne sur Zoom<\/strong>, en plus d\u2019\u00eatre\u00a0<strong>diffus\u00e9es en direct sur les r\u00e9seaux sociaux<\/strong>.<\/p>\n<h3>Programme 2021 :<\/h3>\n<ul>\n<li>17 mars 2021 \u00e0 12 h\u00a0: <a href=\"http:\/\/www.musee-mccord-stewart.ca\/fr\/activites\/decouvertes-mccord-mars-2021\/\"><em>John Howard Willis et Alexandre Vattemare\u00a0: Rencontre entre un artiste et un collectionneur<\/em><\/a><\/li>\n<li>14 mai 2021 \u00e0 12 h : <a href=\"https:\/\/www.musee-mccord-stewart.ca\/fr\/activites\/montreal-avant-photography\/\"><em>Montr\u00e9al avant la photographie<\/em><\/a><\/li>\n<\/ul>\n<p><a href=\"http:\/\/www.musee-mccord-stewart.ca\/fr\/devenez-membre\/\"><img loading=\"lazy\" decoding=\"async\" width=\"800\" height=\"271\" class=\"alignnone size-full wp-image-31839\" src=\"http:\/\/www.musee-mccord-stewart.ca\/app\/uploads\/2020\/08\/mccord_banniere_devenez-membre_reservation_800x271_fr.jpg\" alt=\"\" srcset=\"https:\/\/www.musee-mccord-stewart.ca\/app\/uploads\/2020\/08\/mccord_banniere_devenez-membre_reservation_800x271_fr.jpg 800w, https:\/\/www.musee-mccord-stewart.ca\/app\/uploads\/2020\/08\/mccord_banniere_devenez-membre_reservation_800x271_fr-300x102.jpg 300w, https:\/\/www.musee-mccord-stewart.ca\/app\/uploads\/2020\/08\/mccord_banniere_devenez-membre_reservation_800x271_fr-768x260.jpg 768w\" sizes=\"(max-width: 800px) 100vw, 800px\" \/><\/a><\/p>\n","protected":false},"excerpt":{"rendered":"<p>Le Mus\u00e9e McCord pr\u00e9sente la s\u00e9rie de conf\u00e9rences virtuelles Les d\u00e9couvertes du McCord. Les experts du Mus\u00e9e partageront leurs r\u00e9centes d\u00e9couvertes portant sur les collections et les archives du Mus\u00e9e. \u00c0 travers ces conf\u00e9rences, vous d\u00e9couvrirez des dimensions in\u00e9dites ou trop souvent ignor\u00e9es de nos collections pour ainsi mieux comprendre ces objets et ces documents, [&hellip;]<\/p>\n","protected":false},"author":35,"featured_media":0,"parent":23124,"menu_order":0,"comment_status":"closed","ping_status":"closed","template":"page-templates\/page-texte.php","meta":{"footnotes":""},"categories":[],"tags":[],"acf":[],"yoast_head":"<!-- This site is optimized with the Yoast SEO Premium plugin v20.11 (Yoast SEO v20.11) - https:\/\/yoast.com\/wordpress\/plugins\/seo\/ -->\n<title>Les d\u00e9couvertes du McCord - S\u00e9rie de conf\u00e9rences au Mus\u00e9e McCord<\/title>\n<meta name=\"description\" content=\"Les experts du Mus\u00e9e d\u00e9voilent des projets de recherches qui les passionnent et partagent leurs r\u00e9centes d\u00e9couvertes sur les collections et les archives.\" \/>\n<meta name=\"robots\" content=\"index, follow, max-snippet:-1, max-image-preview:large, max-video-preview:-1\" \/>\n<link rel=\"canonical\" href=\"https:\/\/www.musee-mccord-stewart.ca\/fr\/menu-activites\/decouvertes-mccord\/\" \/>\n<meta property=\"og:locale\" content=\"fr_FR\" \/>\n<meta property=\"og:type\" content=\"article\" \/>\n<meta property=\"og:title\" content=\"Les d\u00e9couvertes du McCord\" \/>\n<meta property=\"og:description\" content=\"Le Mus\u00e9e McCord pr\u00e9sente la s\u00e9rie de conf\u00e9rences virtuelles Les d\u00e9couvertes du McCord. Les experts du Mus\u00e9e partageront leurs r\u00e9centes d\u00e9couvertes portant\" \/>\n<meta property=\"og:url\" content=\"https:\/\/www.musee-mccord-stewart.ca\/fr\/menu-activites\/decouvertes-mccord\/\" \/>\n<meta property=\"og:site_name\" content=\"Mus\u00e9e McCord Stewart\" \/>\n<meta property=\"article:publisher\" content=\"https:\/\/www.facebook.com\/museemccordstewart\" \/>\n<meta property=\"article:modified_time\" content=\"2024-10-02T18:16:35+00:00\" \/>\n<meta property=\"og:image\" content=\"http:\/\/www.musee-mccord-stewart.ca\/app\/uploads\/2020\/08\/mccord_banniere_devenez-membre_reservation_800x271_fr.jpg\" \/>\n<meta name=\"twitter:card\" content=\"summary_large_image\" \/>\n<meta name=\"twitter:image\" content=\"https:\/\/www.musee-mccord-stewart.ca\/app\/uploads\/2022\/03\/mccord_collections_recherche_equipe_220206_890x362.jpg\" \/>\n<meta name=\"twitter:site\" content=\"@MuseeMcCordStew\" \/>\n<meta name=\"twitter:label1\" content=\"Dur\u00e9e de lecture estim\u00e9e\" \/>\n\t<meta name=\"twitter:data1\" content=\"1 minute\" \/>\n<script type=\"application\/ld+json\" class=\"yoast-schema-graph\">{\"@context\":\"https:\/\/schema.org\",\"@graph\":[{\"@type\":\"WebPage\",\"@id\":\"https:\/\/www.musee-mccord-stewart.ca\/fr\/menu-activites\/decouvertes-mccord\/\",\"url\":\"https:\/\/www.musee-mccord-stewart.ca\/fr\/menu-activites\/decouvertes-mccord\/\",\"name\":\"Les d\u00e9couvertes du McCord - S\u00e9rie de conf\u00e9rences au Mus\u00e9e McCord\",\"isPartOf\":{\"@id\":\"https:\/\/www.musee-mccord-stewart.ca\/fr\/#website\"},\"datePublished\":\"2021-01-07T16:53:29+00:00\",\"dateModified\":\"2024-10-02T18:16:35+00:00\",\"description\":\"Les experts du Mus\u00e9e d\u00e9voilent des projets de recherches qui les passionnent et partagent leurs r\u00e9centes d\u00e9couvertes sur les collections et les archives.\",\"breadcrumb\":{\"@id\":\"https:\/\/www.musee-mccord-stewart.ca\/fr\/menu-activites\/decouvertes-mccord\/#breadcrumb\"},\"inLanguage\":\"fr-FR\",\"potentialAction\":[{\"@type\":\"ReadAction\",\"target\":[\"https:\/\/www.musee-mccord-stewart.ca\/fr\/menu-activites\/decouvertes-mccord\/\"]}]},{\"@type\":\"BreadcrumbList\",\"@id\":\"https:\/\/www.musee-mccord-stewart.ca\/fr\/menu-activites\/decouvertes-mccord\/#breadcrumb\",\"itemListElement\":[{\"@type\":\"ListItem\",\"position\":1,\"name\":\"Accueil\",\"item\":\"https:\/\/www.musee-mccord-stewart.ca\/fr\/\"},{\"@type\":\"ListItem\",\"position\":2,\"name\":\"Activit\u00e9s au programme\",\"item\":\"https:\/\/www.musee-mccord-stewart.ca\/fr\/menu-activites\/\"},{\"@type\":\"ListItem\",\"position\":3,\"name\":\"Les d\u00e9couvertes du McCord\"}]},{\"@type\":\"WebSite\",\"@id\":\"https:\/\/www.musee-mccord-stewart.ca\/fr\/#website\",\"url\":\"https:\/\/www.musee-mccord-stewart.ca\/fr\/\",\"name\":\"Mus\u00e9e McCord Stewart\",\"description\":\"Notre monde, nos histoires\",\"publisher\":{\"@id\":\"https:\/\/www.musee-mccord-stewart.ca\/fr\/#organization\"},\"alternateName\":\"MCS\",\"potentialAction\":[{\"@type\":\"SearchAction\",\"target\":{\"@type\":\"EntryPoint\",\"urlTemplate\":\"https:\/\/www.musee-mccord-stewart.ca\/fr\/?s={search_term_string}\"},\"query-input\":\"required name=search_term_string\"}],\"inLanguage\":\"fr-FR\"},{\"@type\":\"Organization\",\"@id\":\"https:\/\/www.musee-mccord-stewart.ca\/fr\/#organization\",\"name\":\"McCord Stewart Museum\",\"alternateName\":\"MCS\",\"url\":\"https:\/\/www.musee-mccord-stewart.ca\/fr\/\",\"logo\":{\"@type\":\"ImageObject\",\"inLanguage\":\"fr-FR\",\"@id\":\"https:\/\/www.musee-mccord-stewart.ca\/fr\/#\/schema\/logo\/image\/\",\"url\":\"https:\/\/www.musee-mccord-stewart.ca\/app\/uploads\/2023\/05\/logo_museemccordstewart_horizontal_noir_slogan.svg\",\"contentUrl\":\"https:\/\/www.musee-mccord-stewart.ca\/app\/uploads\/2023\/05\/logo_museemccordstewart_horizontal_noir_slogan.svg\",\"width\":1,\"height\":1,\"caption\":\"McCord Stewart Museum\"},\"image\":{\"@id\":\"https:\/\/www.musee-mccord-stewart.ca\/fr\/#\/schema\/logo\/image\/\"},\"sameAs\":[\"https:\/\/www.facebook.com\/museemccordstewart\",\"https:\/\/twitter.com\/MuseeMcCordStew\",\"https:\/\/instagram.com\/museemccordstewart\",\"https:\/\/www.linkedin.com\/company\/museemccordstewart\/\",\"https:\/\/www.pinterest.com\/museemccordstewart\/\",\"https:\/\/www.youtube.com\/c\/MuseeMcCordStewartMuseum\"]}]}<\/script>\n<!-- \/ Yoast SEO Premium plugin. -->","yoast_head_json":{"title":"Les d\u00e9couvertes du McCord - S\u00e9rie de conf\u00e9rences au Mus\u00e9e McCord","description":"Les experts du Mus\u00e9e d\u00e9voilent des projets de recherches qui les passionnent et partagent leurs r\u00e9centes d\u00e9couvertes sur les collections et les archives.","robots":{"index":"index","follow":"follow","max-snippet":"max-snippet:-1","max-image-preview":"max-image-preview:large","max-video-preview":"max-video-preview:-1"},"canonical":"https:\/\/www.musee-mccord-stewart.ca\/fr\/menu-activites\/decouvertes-mccord\/","og_locale":"fr_FR","og_type":"article","og_title":"Les d\u00e9couvertes du McCord","og_description":"Le Mus\u00e9e McCord pr\u00e9sente la s\u00e9rie de conf\u00e9rences virtuelles Les d\u00e9couvertes du McCord. Les experts du Mus\u00e9e partageront leurs r\u00e9centes d\u00e9couvertes portant","og_url":"https:\/\/www.musee-mccord-stewart.ca\/fr\/menu-activites\/decouvertes-mccord\/","og_site_name":"Mus\u00e9e McCord Stewart","article_publisher":"https:\/\/www.facebook.com\/museemccordstewart","article_modified_time":"2024-10-02T18:16:35+00:00","og_image":[{"url":"http:\/\/www.musee-mccord-stewart.ca\/app\/uploads\/2020\/08\/mccord_banniere_devenez-membre_reservation_800x271_fr.jpg"}],"twitter_card":"summary_large_image","twitter_image":"https:\/\/www.musee-mccord-stewart.ca\/app\/uploads\/2022\/03\/mccord_collections_recherche_equipe_220206_890x362.jpg","twitter_site":"@MuseeMcCordStew","twitter_misc":{"Dur\u00e9e de lecture estim\u00e9e":"1 minute"},"schema":{"@context":"https:\/\/schema.org","@graph":[{"@type":"WebPage","@id":"https:\/\/www.musee-mccord-stewart.ca\/fr\/menu-activites\/decouvertes-mccord\/","url":"https:\/\/www.musee-mccord-stewart.ca\/fr\/menu-activites\/decouvertes-mccord\/","name":"Les d\u00e9couvertes du McCord - S\u00e9rie de conf\u00e9rences au Mus\u00e9e McCord","isPartOf":{"@id":"https:\/\/www.musee-mccord-stewart.ca\/fr\/#website"},"datePublished":"2021-01-07T16:53:29+00:00","dateModified":"2024-10-02T18:16:35+00:00","description":"Les experts du Mus\u00e9e d\u00e9voilent des projets de recherches qui les passionnent et partagent leurs r\u00e9centes d\u00e9couvertes sur les collections et les archives.","breadcrumb":{"@id":"https:\/\/www.musee-mccord-stewart.ca\/fr\/menu-activites\/decouvertes-mccord\/#breadcrumb"},"inLanguage":"fr-FR","potentialAction":[{"@type":"ReadAction","target":["https:\/\/www.musee-mccord-stewart.ca\/fr\/menu-activites\/decouvertes-mccord\/"]}]},{"@type":"BreadcrumbList","@id":"https:\/\/www.musee-mccord-stewart.ca\/fr\/menu-activites\/decouvertes-mccord\/#breadcrumb","itemListElement":[{"@type":"ListItem","position":1,"name":"Accueil","item":"https:\/\/www.musee-mccord-stewart.ca\/fr\/"},{"@type":"ListItem","position":2,"name":"Activit\u00e9s au programme","item":"https:\/\/www.musee-mccord-stewart.ca\/fr\/menu-activites\/"},{"@type":"ListItem","position":3,"name":"Les d\u00e9couvertes du McCord"}]},{"@type":"WebSite","@id":"https:\/\/www.musee-mccord-stewart.ca\/fr\/#website","url":"https:\/\/www.musee-mccord-stewart.ca\/fr\/","name":"Mus\u00e9e McCord Stewart","description":"Notre monde, nos histoires","publisher":{"@id":"https:\/\/www.musee-mccord-stewart.ca\/fr\/#organization"},"alternateName":"MCS","potentialAction":[{"@type":"SearchAction","target":{"@type":"EntryPoint","urlTemplate":"https:\/\/www.musee-mccord-stewart.ca\/fr\/?s={search_term_string}"},"query-input":"required name=search_term_string"}],"inLanguage":"fr-FR"},{"@type":"Organization","@id":"https:\/\/www.musee-mccord-stewart.ca\/fr\/#organization","name":"McCord Stewart Museum","alternateName":"MCS","url":"https:\/\/www.musee-mccord-stewart.ca\/fr\/","logo":{"@type":"ImageObject","inLanguage":"fr-FR","@id":"https:\/\/www.musee-mccord-stewart.ca\/fr\/#\/schema\/logo\/image\/","url":"https:\/\/www.musee-mccord-stewart.ca\/app\/uploads\/2023\/05\/logo_museemccordstewart_horizontal_noir_slogan.svg","contentUrl":"https:\/\/www.musee-mccord-stewart.ca\/app\/uploads\/2023\/05\/logo_museemccordstewart_horizontal_noir_slogan.svg","width":1,"height":1,"caption":"McCord Stewart Museum"},"image":{"@id":"https:\/\/www.musee-mccord-stewart.ca\/fr\/#\/schema\/logo\/image\/"},"sameAs":["https:\/\/www.facebook.com\/museemccordstewart","https:\/\/twitter.com\/MuseeMcCordStew","https:\/\/instagram.com\/museemccordstewart","https:\/\/www.linkedin.com\/company\/museemccordstewart\/","https:\/\/www.pinterest.com\/museemccordstewart\/","https:\/\/www.youtube.com\/c\/MuseeMcCordStewartMuseum"]}]}},"_links":{"self":[{"href":"https:\/\/www.musee-mccord-stewart.ca\/fr\/wp-json\/wp\/v2\/pages\/33592"}],"collection":[{"href":"https:\/\/www.musee-mccord-stewart.ca\/fr\/wp-json\/wp\/v2\/pages"}],"about":[{"href":"https:\/\/www.musee-mccord-stewart.ca\/fr\/wp-json\/wp\/v2\/types\/page"}],"author":[{"embeddable":true,"href":"https:\/\/www.musee-mccord-stewart.ca\/fr\/wp-json\/wp\/v2\/users\/35"}],"replies":[{"embeddable":true,"href":"https:\/\/www.musee-mccord-stewart.ca\/fr\/wp-json\/wp\/v2\/comments?post=33592"}],"version-history":[{"count":0,"href":"https:\/\/www.musee-mccord-stewart.ca\/fr\/wp-json\/wp\/v2\/pages\/33592\/revisions"}],"up":[{"embeddable":true,"href":"https:\/\/www.musee-mccord-stewart.ca\/fr\/wp-json\/wp\/v2\/pages\/23124"}],"wp:attachment":[{"href":"https:\/\/www.musee-mccord-stewart.ca\/fr\/wp-json\/wp\/v2\/media?parent=33592"}],"wp:term":[{"taxonomy":"category","embeddable":true,"href":"https:\/\/www.musee-mccord-stewart.ca\/fr\/wp-json\/wp\/v2\/categories?post=33592"},{"taxonomy":"post_tag","embeddable":true,"href":"https:\/\/www.musee-mccord-stewart.ca\/fr\/wp-json\/wp\/v2\/tags?post=33592"}],"curies":[{"name":"wp","href":"https:\/\/api.w.org\/{rel}","templated":true}]}}