{"id":3091,"date":"2015-06-01T15:22:54","date_gmt":"2015-06-01T19:22:54","guid":{"rendered":"http:\/\/www.musee-mccord-stewart.ca\/?page_id=3091"},"modified":"2026-02-09T14:07:47","modified_gmt":"2026-02-09T19:07:47","slug":"voyagistes","status":"publish","type":"page","link":"https:\/\/www.musee-mccord-stewart.ca\/fr\/voyagistes\/","title":{"rendered":"Voyagistes et professionnels du tourisme"},"content":{"rendered":"<p>Le Mus\u00e9e McCord c\u00e9l\u00e8bre la vie d\u2019hier et d\u2019aujourd\u2019hui \u00e0 Montr\u00e9al d\u2019une mani\u00e8re contemporaine et interactive. C\u2019est le miroir d\u2019une ville ouverte sur le monde!<\/p>\n<p>Il s\u2019agit du lieu id\u00e9al pour d\u00e9couvrir :<\/p>\n<ul>\n<li>l\u2019histoire de Montr\u00e9al \u00e0 travers ses \u00e9poques et ses lieux phares<\/li>\n<li>le patrimoine des Premiers Peuples du Canada<\/li>\n<li>les r\u00e9alisations et la cr\u00e9ativit\u00e9 des Montr\u00e9alais<\/li>\n<\/ul>\n<h4>CLIENT\u00c8LE FIT<\/h4>\n<p>Le Mus\u00e9e McCord accepte les bons d\u2019\u00e9change \u00e9mis par les voyagistes. Au pr\u00e9alable, une approbation du bon d\u2019\u00e9change devra \u00eatre accord\u00e9e par notre personnel et les modalit\u00e9s de tarification et de paiement devront \u00eatre \u00e9tablies.<\/p>\n<h4>GROUPES<\/h4>\n<p>Choisissez la visite id\u00e9ale pour votre groupe parmi les choix propos\u00e9s. Il est \u00e9galement possible d\u2019agencer diff\u00e9rentes offres selon vos besoins lors de votre r\u00e9servation.<\/p>\n<h5><strong>Adultes et a\u00een\u00e9s<\/strong><\/h5>\n<ul>\n<li><a href=\"http:\/\/www.musee-mccord-stewart.ca\/fr\/la-photographie-exposee\/\">La photographie expos\u00e9e<\/a><\/li>\n<li><a href=\"http:\/\/www.musee-mccord-stewart.ca\/fr\/milton-parc-patrimoine-architectural-et-mouvement-citoyen\/\">Milton-Parc, patrimoine architectural et mouvement citoyen<\/a>\u00a0<em>\u2013<\/em>\u00a0Visite ext\u00e9rieure<\/li>\n<li><a href=\"http:\/\/www.musee-mccord-stewart.ca\/fr\/le-mille-carre-dore-quartier-de-prestige\/\">Le Mille carr\u00e9 dor\u00e9, quartier de prestige<\/a>\u00a0<em>\u2013<\/em>\u00a0Visite ext\u00e9rieure<\/li>\n<li><em><a href=\"http:\/\/www.musee-mccord-stewart.ca\/fr\/porter-son-identite-la-collection-premiers-peuples\/\">Porter son identit\u00e9 \u2013\u00a0La collection Premiers Peuples\u00a0<\/a><\/em><\/li>\n<li><em><a href=\"http:\/\/www.musee-mccord-stewart.ca\/fr\/visite-a-la-carte\/\">Visites \u00e0 la carte<\/a><\/em><\/li>\n<li><a href=\"http:\/\/www.musee-mccord-stewart.ca\/fr\/les-premiers-peuples-du-canada-apprentissage-du-francais\/\">Les premiers peuples du Canada\u00a0<em>\u2013<\/em> Apprentissage du fran\u00e7ais<\/a><\/li>\n<\/ul>\n<h5><strong>Jeunes \u00e9tudiants<\/strong><\/h5>\n<ul>\n<li><a title=\"Au rythme des premiers peuples\" href=\"http:\/\/www.musee-mccord-stewart.ca\/fr\/au-rythme-des-premiers-peuples\/\">Au rythme des Premiers Peuples\u00a0<\/a><\/li>\n<li><a href=\"http:\/\/www.musee-mccord-stewart.ca\/fr\/decouvrir-le-francais-au-musee-mccord\/\">D\u00e9couvrir le fran\u00e7ais au Mus\u00e9e McCord<\/a><\/li>\n<li><a href=\"http:\/\/www.musee-mccord-stewart.ca\/fr\/inuit-le-savoir-des-ancetres\/\">Inuit \u2013 Le savoir des anc\u00eatres<\/a><\/li>\n<li><a href=\"http:\/\/www.musee-mccord-stewart.ca\/fr\/le-mille-carre-dore-hier-aujourdhui\/\">Le Mille carr\u00e9 dor\u00e9, hier et aujourd\u2019hui\u00a0<\/a>\u2013 Visite ext\u00e9rieure<\/li>\n<li><a href=\"http:\/\/www.musee-mccord-stewart.ca\/fr\/milton-parc-le-sauvetage-dun-quartier-menace\/\">Milton-Parc\u00a0: Le sauvetage d\u2019un quartier menac\u00e9<\/a>\u00a0\u2013 Visite ext\u00e9rieure<\/li>\n<li><a href=\"http:\/\/www.musee-mccord-stewart.ca\/fr\/de-1820-a-1905-de-la-campagne-a-la-ville\/\">De 1820 \u00e0 1905, de la campagne \u00e0 la ville<\/a>\u00a0\u2013 Visite ext\u00e9rieure<\/li>\n<li><a title=\"Porter son identit\u00e9 mon coffret d\u2019activit\u00e9s\" href=\"http:\/\/www.musee-mccord-stewart.ca\/fr\/porter-son-identite-mon-coffret-dactivites\/\">Porter son identit\u00e9, mon coffret d&rsquo;activit\u00e9s<\/a><\/li>\n<\/ul>\n","protected":false},"excerpt":{"rendered":"<p>Le Mus\u00e9e McCord c\u00e9l\u00e8bre la vie d\u2019hier et d\u2019aujourd\u2019hui \u00e0 Montr\u00e9al d\u2019une mani\u00e8re contemporaine et interactive. C\u2019est le miroir d\u2019une ville ouverte sur le monde! Il s\u2019agit du lieu id\u00e9al pour d\u00e9couvrir : l\u2019histoire de Montr\u00e9al \u00e0 travers ses \u00e9poques et ses lieux phares le patrimoine des Premiers Peuples du Canada les r\u00e9alisations et la [&hellip;]<\/p>\n","protected":false},"author":3,"featured_media":0,"parent":0,"menu_order":0,"comment_status":"closed","ping_status":"closed","template":"page-templates\/page-landing.php","meta":{"footnotes":""},"categories":[],"tags":[],"acf":[],"yoast_head":"<!-- This site is optimized with the Yoast SEO Premium plugin v20.11 (Yoast SEO v20.11) - https:\/\/yoast.com\/wordpress\/plugins\/seo\/ -->\n<title>Voyagistes et professionnels du tourisme - Mus\u00e9e McCord<\/title>\n<meta name=\"description\" content=\"Choisissez la visite id\u00e9ale pour votre groupe parmi les choix propos\u00e9s. Possibilit\u00e9 d\u2019agencer diff\u00e9rentes offres selon vos besoins.\" \/>\n<meta name=\"robots\" content=\"index, follow, max-snippet:-1, max-image-preview:large, max-video-preview:-1\" \/>\n<link rel=\"canonical\" href=\"https:\/\/www.musee-mccord-stewart.ca\/fr\/voyagistes\/\" \/>\n<meta property=\"og:locale\" content=\"fr_FR\" \/>\n<meta property=\"og:type\" content=\"article\" \/>\n<meta property=\"og:title\" content=\"Voyagistes et professionnels du tourisme\" \/>\n<meta property=\"og:description\" content=\"Le Mus\u00e9e McCord c\u00e9l\u00e8bre la vie d\u2019hier et d\u2019aujourd\u2019hui \u00e0 Montr\u00e9al d\u2019une mani\u00e8re contemporaine et interactive. C\u2019est le miroir d\u2019une ville ouverte sur le\" \/>\n<meta property=\"og:url\" content=\"https:\/\/www.musee-mccord-stewart.ca\/fr\/voyagistes\/\" \/>\n<meta property=\"og:site_name\" content=\"Mus\u00e9e McCord Stewart\" \/>\n<meta property=\"article:publisher\" content=\"https:\/\/www.facebook.com\/museemccordstewart\" \/>\n<meta property=\"article:modified_time\" content=\"2026-02-09T19:07:47+00:00\" \/>\n<meta property=\"og:image\" content=\"https:\/\/www.musee-mccord-stewart.ca\/app\/uploads\/2022\/09\/mccord-stewart_facade-exterieur-henderson-2022_roger-aziz_1320x480.jpg\" \/>\n\t<meta property=\"og:image:width\" content=\"1320\" \/>\n\t<meta property=\"og:image:height\" content=\"480\" \/>\n\t<meta property=\"og:image:type\" content=\"image\/jpeg\" \/>\n<meta name=\"twitter:card\" content=\"summary_large_image\" \/>\n<meta name=\"twitter:site\" content=\"@MuseeMcCordStew\" \/>\n<meta name=\"twitter:label1\" content=\"Dur\u00e9e de lecture estim\u00e9e\" \/>\n\t<meta name=\"twitter:data1\" content=\"2 minutes\" \/>\n<script type=\"application\/ld+json\" class=\"yoast-schema-graph\">{\"@context\":\"https:\/\/schema.org\",\"@graph\":[{\"@type\":\"WebPage\",\"@id\":\"https:\/\/www.musee-mccord-stewart.ca\/fr\/voyagistes\/\",\"url\":\"https:\/\/www.musee-mccord-stewart.ca\/fr\/voyagistes\/\",\"name\":\"Voyagistes et professionnels du tourisme - Mus\u00e9e McCord\",\"isPartOf\":{\"@id\":\"https:\/\/www.musee-mccord-stewart.ca\/fr\/#website\"},\"datePublished\":\"2015-06-01T19:22:54+00:00\",\"dateModified\":\"2026-02-09T19:07:47+00:00\",\"description\":\"Choisissez la visite id\u00e9ale pour votre groupe parmi les choix propos\u00e9s. Possibilit\u00e9 d\u2019agencer diff\u00e9rentes offres selon vos besoins.\",\"breadcrumb\":{\"@id\":\"https:\/\/www.musee-mccord-stewart.ca\/fr\/voyagistes\/#breadcrumb\"},\"inLanguage\":\"fr-FR\",\"potentialAction\":[{\"@type\":\"ReadAction\",\"target\":[\"https:\/\/www.musee-mccord-stewart.ca\/fr\/voyagistes\/\"]}]},{\"@type\":\"BreadcrumbList\",\"@id\":\"https:\/\/www.musee-mccord-stewart.ca\/fr\/voyagistes\/#breadcrumb\",\"itemListElement\":[{\"@type\":\"ListItem\",\"position\":1,\"name\":\"Accueil\",\"item\":\"https:\/\/www.musee-mccord-stewart.ca\/fr\/\"},{\"@type\":\"ListItem\",\"position\":2,\"name\":\"Voyagistes et professionnels du tourisme\"}]},{\"@type\":\"WebSite\",\"@id\":\"https:\/\/www.musee-mccord-stewart.ca\/fr\/#website\",\"url\":\"https:\/\/www.musee-mccord-stewart.ca\/fr\/\",\"name\":\"Mus\u00e9e McCord Stewart\",\"description\":\"Notre monde, nos histoires\",\"publisher\":{\"@id\":\"https:\/\/www.musee-mccord-stewart.ca\/fr\/#organization\"},\"alternateName\":\"MCS\",\"potentialAction\":[{\"@type\":\"SearchAction\",\"target\":{\"@type\":\"EntryPoint\",\"urlTemplate\":\"https:\/\/www.musee-mccord-stewart.ca\/fr\/?s={search_term_string}\"},\"query-input\":\"required name=search_term_string\"}],\"inLanguage\":\"fr-FR\"},{\"@type\":\"Organization\",\"@id\":\"https:\/\/www.musee-mccord-stewart.ca\/fr\/#organization\",\"name\":\"McCord Stewart Museum\",\"alternateName\":\"MCS\",\"url\":\"https:\/\/www.musee-mccord-stewart.ca\/fr\/\",\"logo\":{\"@type\":\"ImageObject\",\"inLanguage\":\"fr-FR\",\"@id\":\"https:\/\/www.musee-mccord-stewart.ca\/fr\/#\/schema\/logo\/image\/\",\"url\":\"https:\/\/www.musee-mccord-stewart.ca\/app\/uploads\/2023\/05\/logo_museemccordstewart_horizontal_noir_slogan.svg\",\"contentUrl\":\"https:\/\/www.musee-mccord-stewart.ca\/app\/uploads\/2023\/05\/logo_museemccordstewart_horizontal_noir_slogan.svg\",\"width\":1,\"height\":1,\"caption\":\"McCord Stewart Museum\"},\"image\":{\"@id\":\"https:\/\/www.musee-mccord-stewart.ca\/fr\/#\/schema\/logo\/image\/\"},\"sameAs\":[\"https:\/\/www.facebook.com\/museemccordstewart\",\"https:\/\/twitter.com\/MuseeMcCordStew\",\"https:\/\/instagram.com\/museemccordstewart\",\"https:\/\/www.linkedin.com\/company\/museemccordstewart\/\",\"https:\/\/www.pinterest.com\/museemccordstewart\/\",\"https:\/\/www.youtube.com\/c\/MuseeMcCordStewartMuseum\"]}]}<\/script>\n<!-- \/ Yoast SEO Premium plugin. -->","yoast_head_json":{"title":"Voyagistes et professionnels du tourisme - Mus\u00e9e McCord","description":"Choisissez la visite id\u00e9ale pour votre groupe parmi les choix propos\u00e9s. Possibilit\u00e9 d\u2019agencer diff\u00e9rentes offres selon vos besoins.","robots":{"index":"index","follow":"follow","max-snippet":"max-snippet:-1","max-image-preview":"max-image-preview:large","max-video-preview":"max-video-preview:-1"},"canonical":"https:\/\/www.musee-mccord-stewart.ca\/fr\/voyagistes\/","og_locale":"fr_FR","og_type":"article","og_title":"Voyagistes et professionnels du tourisme","og_description":"Le Mus\u00e9e McCord c\u00e9l\u00e8bre la vie d\u2019hier et d\u2019aujourd\u2019hui \u00e0 Montr\u00e9al d\u2019une mani\u00e8re contemporaine et interactive. C\u2019est le miroir d\u2019une ville ouverte sur le","og_url":"https:\/\/www.musee-mccord-stewart.ca\/fr\/voyagistes\/","og_site_name":"Mus\u00e9e McCord Stewart","article_publisher":"https:\/\/www.facebook.com\/museemccordstewart","article_modified_time":"2026-02-09T19:07:47+00:00","og_image":[{"width":1320,"height":480,"url":"https:\/\/www.musee-mccord-stewart.ca\/app\/uploads\/2022\/09\/mccord-stewart_facade-exterieur-henderson-2022_roger-aziz_1320x480.jpg","type":"image\/jpeg"}],"twitter_card":"summary_large_image","twitter_site":"@MuseeMcCordStew","twitter_misc":{"Dur\u00e9e de lecture estim\u00e9e":"2 minutes"},"schema":{"@context":"https:\/\/schema.org","@graph":[{"@type":"WebPage","@id":"https:\/\/www.musee-mccord-stewart.ca\/fr\/voyagistes\/","url":"https:\/\/www.musee-mccord-stewart.ca\/fr\/voyagistes\/","name":"Voyagistes et professionnels du tourisme - Mus\u00e9e McCord","isPartOf":{"@id":"https:\/\/www.musee-mccord-stewart.ca\/fr\/#website"},"datePublished":"2015-06-01T19:22:54+00:00","dateModified":"2026-02-09T19:07:47+00:00","description":"Choisissez la visite id\u00e9ale pour votre groupe parmi les choix propos\u00e9s. Possibilit\u00e9 d\u2019agencer diff\u00e9rentes offres selon vos besoins.","breadcrumb":{"@id":"https:\/\/www.musee-mccord-stewart.ca\/fr\/voyagistes\/#breadcrumb"},"inLanguage":"fr-FR","potentialAction":[{"@type":"ReadAction","target":["https:\/\/www.musee-mccord-stewart.ca\/fr\/voyagistes\/"]}]},{"@type":"BreadcrumbList","@id":"https:\/\/www.musee-mccord-stewart.ca\/fr\/voyagistes\/#breadcrumb","itemListElement":[{"@type":"ListItem","position":1,"name":"Accueil","item":"https:\/\/www.musee-mccord-stewart.ca\/fr\/"},{"@type":"ListItem","position":2,"name":"Voyagistes et professionnels du tourisme"}]},{"@type":"WebSite","@id":"https:\/\/www.musee-mccord-stewart.ca\/fr\/#website","url":"https:\/\/www.musee-mccord-stewart.ca\/fr\/","name":"Mus\u00e9e McCord Stewart","description":"Notre monde, nos histoires","publisher":{"@id":"https:\/\/www.musee-mccord-stewart.ca\/fr\/#organization"},"alternateName":"MCS","potentialAction":[{"@type":"SearchAction","target":{"@type":"EntryPoint","urlTemplate":"https:\/\/www.musee-mccord-stewart.ca\/fr\/?s={search_term_string}"},"query-input":"required name=search_term_string"}],"inLanguage":"fr-FR"},{"@type":"Organization","@id":"https:\/\/www.musee-mccord-stewart.ca\/fr\/#organization","name":"McCord Stewart Museum","alternateName":"MCS","url":"https:\/\/www.musee-mccord-stewart.ca\/fr\/","logo":{"@type":"ImageObject","inLanguage":"fr-FR","@id":"https:\/\/www.musee-mccord-stewart.ca\/fr\/#\/schema\/logo\/image\/","url":"https:\/\/www.musee-mccord-stewart.ca\/app\/uploads\/2023\/05\/logo_museemccordstewart_horizontal_noir_slogan.svg","contentUrl":"https:\/\/www.musee-mccord-stewart.ca\/app\/uploads\/2023\/05\/logo_museemccordstewart_horizontal_noir_slogan.svg","width":1,"height":1,"caption":"McCord Stewart Museum"},"image":{"@id":"https:\/\/www.musee-mccord-stewart.ca\/fr\/#\/schema\/logo\/image\/"},"sameAs":["https:\/\/www.facebook.com\/museemccordstewart","https:\/\/twitter.com\/MuseeMcCordStew","https:\/\/instagram.com\/museemccordstewart","https:\/\/www.linkedin.com\/company\/museemccordstewart\/","https:\/\/www.pinterest.com\/museemccordstewart\/","https:\/\/www.youtube.com\/c\/MuseeMcCordStewartMuseum"]}]}},"_links":{"self":[{"href":"https:\/\/www.musee-mccord-stewart.ca\/fr\/wp-json\/wp\/v2\/pages\/3091"}],"collection":[{"href":"https:\/\/www.musee-mccord-stewart.ca\/fr\/wp-json\/wp\/v2\/pages"}],"about":[{"href":"https:\/\/www.musee-mccord-stewart.ca\/fr\/wp-json\/wp\/v2\/types\/page"}],"author":[{"embeddable":true,"href":"https:\/\/www.musee-mccord-stewart.ca\/fr\/wp-json\/wp\/v2\/users\/3"}],"replies":[{"embeddable":true,"href":"https:\/\/www.musee-mccord-stewart.ca\/fr\/wp-json\/wp\/v2\/comments?post=3091"}],"version-history":[{"count":0,"href":"https:\/\/www.musee-mccord-stewart.ca\/fr\/wp-json\/wp\/v2\/pages\/3091\/revisions"}],"wp:attachment":[{"href":"https:\/\/www.musee-mccord-stewart.ca\/fr\/wp-json\/wp\/v2\/media?parent=3091"}],"wp:term":[{"taxonomy":"category","embeddable":true,"href":"https:\/\/www.musee-mccord-stewart.ca\/fr\/wp-json\/wp\/v2\/categories?post=3091"},{"taxonomy":"post_tag","embeddable":true,"href":"https:\/\/www.musee-mccord-stewart.ca\/fr\/wp-json\/wp\/v2\/tags?post=3091"}],"curies":[{"name":"wp","href":"https:\/\/api.w.org\/{rel}","templated":true}]}}