{"id":30350,"date":"2020-06-07T22:03:51","date_gmt":"2020-06-08T02:03:51","guid":{"rendered":"http:\/\/www.musee-mccord-stewart.ca\/?page_id=30350"},"modified":"2022-12-21T14:50:09","modified_gmt":"2022-12-21T19:50:09","slug":"des-archives-jen-mange-revisiter-les-gouts-dautrefois","status":"publish","type":"page","link":"https:\/\/www.musee-mccord-stewart.ca\/fr\/collections\/archives\/des-archives-jen-mange-revisiter-les-gouts-dautrefois\/","title":{"rendered":"Des archives, j&rsquo;en mange! Revisiter les go\u00fbts d&rsquo;autrefois"},"content":{"rendered":"<p>Le Mus\u00e9e compte dans la collection <a href=\"https:\/\/collections.musee-mccord-stewart.ca\/fr\/objects\/176323\/recipes-and-food?ctx=4c9895608d36069abc3beed3c0feabed825abb60&amp;idx=0\">Recettes et alimentation<\/a> pr\u00e8s de <strong>1 000 livres et livrets de recettes produits entre le milieu du 18<sup>e<\/sup> et le d\u00e9but du 21<sup>e<\/sup> si\u00e8cle<\/strong>. Plusieurs d\u2019entre eux sont des <strong>livrets<\/strong> publi\u00e9s afin de promouvoir un produit ou une marque de commerce. D\u2019autres regroupent des <strong>recettes soigneusement mises par \u00e9crit<\/strong> ou <strong>assembl\u00e9es sous forme de spicil\u00e8ges<\/strong>, nous r\u00e9v\u00e9lant d\u2019imm\u00e9moriales traditions familiales ou, \u00e0 l\u2019inverse, les derni\u00e8res tendances du moment.<\/p>\n<p>Savoureuse \u00e0 plus d\u2019un titre, cette collection nous renseigne entre autres sur l\u2019\u00e9volution des habitudes alimentaires, les normes sociales encadrant les repas, le r\u00f4le de la femme au sein du foyer familial, la publicit\u00e9 et le d\u00e9veloppement de nouveaut\u00e9s culinaires.<\/p>\n<p>Pour ceux et celles qui oseront mettre au menu quelques-unes de ses recettes, <strong>cette collection est aussi une belle occasion de red\u00e9couvrir les go\u00fbts d\u2019autrefois!<\/strong><\/p>\n<p>\u2192 Consultez la collection <a href=\"https:\/\/collections.musee-mccord-stewart.ca\/fr\/objects\/176323\/recipes-and-food?ctx=4c9895608d36069abc3beed3c0feabed825abb60&amp;idx=0\">Recettes et alimentation<\/a> pour d\u00e9couvrir plus de recettes<br \/>\n\u2192 Partagez vos cr\u00e9ations sur les m\u00e9dias sociaux avec <strong>#MuseeMcCordStewart<\/strong> et <strong>@museemccordstewart<\/strong><\/p>\n","protected":false},"excerpt":{"rendered":"<p>Le Mus\u00e9e compte dans la collection Recettes et alimentation pr\u00e8s de 1 000 livres et livrets de recettes produits entre le milieu du 18e et le d\u00e9but du 21e si\u00e8cle. Plusieurs d\u2019entre eux sont des livrets publi\u00e9s afin de promouvoir un produit ou une marque de commerce. D\u2019autres regroupent des recettes soigneusement mises par \u00e9crit [&hellip;]<\/p>\n","protected":false},"author":3,"featured_media":0,"parent":1816,"menu_order":0,"comment_status":"closed","ping_status":"closed","template":"page-templates\/page-texte.php","meta":{"footnotes":""},"categories":[],"tags":[],"acf":[],"yoast_head":"<!-- This site is optimized with the Yoast SEO Premium plugin v20.11 (Yoast SEO v20.11) - https:\/\/yoast.com\/wordpress\/plugins\/seo\/ -->\n<title>Des archives, j&#039;en mange! - Mus\u00e9e McCord Stewart<\/title>\n<meta name=\"description\" content=\"Le Mus\u00e9e McCord Stewart compte dans sa collection Archives plus de 1\u00a0200 livres et livrets de recettes produits entre le milieu du 18e et le d\u00e9but du 21e si\u00e8cle.\" \/>\n<meta name=\"robots\" content=\"index, follow, max-snippet:-1, max-image-preview:large, max-video-preview:-1\" \/>\n<link rel=\"canonical\" href=\"https:\/\/www.musee-mccord-stewart.ca\/fr\/collections\/archives\/des-archives-jen-mange-revisiter-les-gouts-dautrefois\/\" \/>\n<meta property=\"og:locale\" content=\"fr_FR\" \/>\n<meta property=\"og:type\" content=\"article\" \/>\n<meta property=\"og:title\" content=\"Des archives, j&#039;en mange! Revisiter les go\u00fbts d&#039;autrefois\" \/>\n<meta property=\"og:description\" content=\"Le Mus\u00e9e compte dans la collection Recettes et alimentation pr\u00e8s de 1 000 livres et livrets de recettes produits entre le milieu du 18e et le d\u00e9but du 21e\" \/>\n<meta property=\"og:url\" content=\"https:\/\/www.musee-mccord-stewart.ca\/fr\/collections\/archives\/des-archives-jen-mange-revisiter-les-gouts-dautrefois\/\" \/>\n<meta property=\"og:site_name\" content=\"Mus\u00e9e McCord Stewart\" \/>\n<meta property=\"article:publisher\" content=\"https:\/\/www.facebook.com\/museemccordstewart\" \/>\n<meta property=\"article:modified_time\" content=\"2022-12-21T19:50:09+00:00\" \/>\n<meta property=\"og:image\" content=\"https:\/\/www.musee-mccord-stewart.ca\/app\/uploads\/2022\/09\/mccord-stewart_facade-exterieur-henderson-2022_roger-aziz_1320x480.jpg\" \/>\n\t<meta property=\"og:image:width\" content=\"1320\" \/>\n\t<meta property=\"og:image:height\" content=\"480\" \/>\n\t<meta property=\"og:image:type\" content=\"image\/jpeg\" \/>\n<meta name=\"twitter:card\" content=\"summary_large_image\" \/>\n<meta name=\"twitter:site\" content=\"@MuseeMcCordStew\" \/>\n<meta name=\"twitter:label1\" content=\"Dur\u00e9e de lecture estim\u00e9e\" \/>\n\t<meta name=\"twitter:data1\" content=\"1 minute\" \/>\n<script type=\"application\/ld+json\" class=\"yoast-schema-graph\">{\"@context\":\"https:\/\/schema.org\",\"@graph\":[{\"@type\":\"WebPage\",\"@id\":\"https:\/\/www.musee-mccord-stewart.ca\/fr\/collections\/archives\/des-archives-jen-mange-revisiter-les-gouts-dautrefois\/\",\"url\":\"https:\/\/www.musee-mccord-stewart.ca\/fr\/collections\/archives\/des-archives-jen-mange-revisiter-les-gouts-dautrefois\/\",\"name\":\"Des archives, j'en mange! - Mus\u00e9e McCord Stewart\",\"isPartOf\":{\"@id\":\"https:\/\/www.musee-mccord-stewart.ca\/fr\/#website\"},\"datePublished\":\"2020-06-08T02:03:51+00:00\",\"dateModified\":\"2022-12-21T19:50:09+00:00\",\"description\":\"Le Mus\u00e9e McCord Stewart compte dans sa collection Archives plus de 1\u00a0200 livres et livrets de recettes produits entre le milieu du 18e et le d\u00e9but du 21e si\u00e8cle.\",\"breadcrumb\":{\"@id\":\"https:\/\/www.musee-mccord-stewart.ca\/fr\/collections\/archives\/des-archives-jen-mange-revisiter-les-gouts-dautrefois\/#breadcrumb\"},\"inLanguage\":\"fr-FR\",\"potentialAction\":[{\"@type\":\"ReadAction\",\"target\":[\"https:\/\/www.musee-mccord-stewart.ca\/fr\/collections\/archives\/des-archives-jen-mange-revisiter-les-gouts-dautrefois\/\"]}]},{\"@type\":\"BreadcrumbList\",\"@id\":\"https:\/\/www.musee-mccord-stewart.ca\/fr\/collections\/archives\/des-archives-jen-mange-revisiter-les-gouts-dautrefois\/#breadcrumb\",\"itemListElement\":[{\"@type\":\"ListItem\",\"position\":1,\"name\":\"Accueil\",\"item\":\"https:\/\/www.musee-mccord-stewart.ca\/fr\/\"},{\"@type\":\"ListItem\",\"position\":2,\"name\":\"Collections\",\"item\":\"https:\/\/www.musee-mccord-stewart.ca\/fr\/collections\/\"},{\"@type\":\"ListItem\",\"position\":3,\"name\":\"Archives\",\"item\":\"https:\/\/www.musee-mccord-stewart.ca\/fr\/collections\/archives\/\"},{\"@type\":\"ListItem\",\"position\":4,\"name\":\"Des archives, j&rsquo;en mange! Revisiter les go\u00fbts d&rsquo;autrefois\"}]},{\"@type\":\"WebSite\",\"@id\":\"https:\/\/www.musee-mccord-stewart.ca\/fr\/#website\",\"url\":\"https:\/\/www.musee-mccord-stewart.ca\/fr\/\",\"name\":\"Mus\u00e9e McCord Stewart\",\"description\":\"Notre monde, nos histoires\",\"publisher\":{\"@id\":\"https:\/\/www.musee-mccord-stewart.ca\/fr\/#organization\"},\"alternateName\":\"MCS\",\"potentialAction\":[{\"@type\":\"SearchAction\",\"target\":{\"@type\":\"EntryPoint\",\"urlTemplate\":\"https:\/\/www.musee-mccord-stewart.ca\/fr\/?s={search_term_string}\"},\"query-input\":\"required name=search_term_string\"}],\"inLanguage\":\"fr-FR\"},{\"@type\":\"Organization\",\"@id\":\"https:\/\/www.musee-mccord-stewart.ca\/fr\/#organization\",\"name\":\"McCord Stewart Museum\",\"alternateName\":\"MCS\",\"url\":\"https:\/\/www.musee-mccord-stewart.ca\/fr\/\",\"logo\":{\"@type\":\"ImageObject\",\"inLanguage\":\"fr-FR\",\"@id\":\"https:\/\/www.musee-mccord-stewart.ca\/fr\/#\/schema\/logo\/image\/\",\"url\":\"https:\/\/www.musee-mccord-stewart.ca\/app\/uploads\/2023\/05\/logo_museemccordstewart_horizontal_noir_slogan.svg\",\"contentUrl\":\"https:\/\/www.musee-mccord-stewart.ca\/app\/uploads\/2023\/05\/logo_museemccordstewart_horizontal_noir_slogan.svg\",\"width\":1,\"height\":1,\"caption\":\"McCord Stewart Museum\"},\"image\":{\"@id\":\"https:\/\/www.musee-mccord-stewart.ca\/fr\/#\/schema\/logo\/image\/\"},\"sameAs\":[\"https:\/\/www.facebook.com\/museemccordstewart\",\"https:\/\/twitter.com\/MuseeMcCordStew\",\"https:\/\/instagram.com\/museemccordstewart\",\"https:\/\/www.linkedin.com\/company\/museemccordstewart\/\",\"https:\/\/www.pinterest.com\/museemccordstewart\/\",\"https:\/\/www.youtube.com\/c\/MuseeMcCordStewartMuseum\"]}]}<\/script>\n<!-- \/ Yoast SEO Premium plugin. -->","yoast_head_json":{"title":"Des archives, j'en mange! - Mus\u00e9e McCord Stewart","description":"Le Mus\u00e9e McCord Stewart compte dans sa collection Archives plus de 1\u00a0200 livres et livrets de recettes produits entre le milieu du 18e et le d\u00e9but du 21e si\u00e8cle.","robots":{"index":"index","follow":"follow","max-snippet":"max-snippet:-1","max-image-preview":"max-image-preview:large","max-video-preview":"max-video-preview:-1"},"canonical":"https:\/\/www.musee-mccord-stewart.ca\/fr\/collections\/archives\/des-archives-jen-mange-revisiter-les-gouts-dautrefois\/","og_locale":"fr_FR","og_type":"article","og_title":"Des archives, j'en mange! Revisiter les go\u00fbts d'autrefois","og_description":"Le Mus\u00e9e compte dans la collection Recettes et alimentation pr\u00e8s de 1 000 livres et livrets de recettes produits entre le milieu du 18e et le d\u00e9but du 21e","og_url":"https:\/\/www.musee-mccord-stewart.ca\/fr\/collections\/archives\/des-archives-jen-mange-revisiter-les-gouts-dautrefois\/","og_site_name":"Mus\u00e9e McCord Stewart","article_publisher":"https:\/\/www.facebook.com\/museemccordstewart","article_modified_time":"2022-12-21T19:50:09+00:00","og_image":[{"width":1320,"height":480,"url":"https:\/\/www.musee-mccord-stewart.ca\/app\/uploads\/2022\/09\/mccord-stewart_facade-exterieur-henderson-2022_roger-aziz_1320x480.jpg","type":"image\/jpeg"}],"twitter_card":"summary_large_image","twitter_site":"@MuseeMcCordStew","twitter_misc":{"Dur\u00e9e de lecture estim\u00e9e":"1 minute"},"schema":{"@context":"https:\/\/schema.org","@graph":[{"@type":"WebPage","@id":"https:\/\/www.musee-mccord-stewart.ca\/fr\/collections\/archives\/des-archives-jen-mange-revisiter-les-gouts-dautrefois\/","url":"https:\/\/www.musee-mccord-stewart.ca\/fr\/collections\/archives\/des-archives-jen-mange-revisiter-les-gouts-dautrefois\/","name":"Des archives, j'en mange! - Mus\u00e9e McCord Stewart","isPartOf":{"@id":"https:\/\/www.musee-mccord-stewart.ca\/fr\/#website"},"datePublished":"2020-06-08T02:03:51+00:00","dateModified":"2022-12-21T19:50:09+00:00","description":"Le Mus\u00e9e McCord Stewart compte dans sa collection Archives plus de 1\u00a0200 livres et livrets de recettes produits entre le milieu du 18e et le d\u00e9but du 21e si\u00e8cle.","breadcrumb":{"@id":"https:\/\/www.musee-mccord-stewart.ca\/fr\/collections\/archives\/des-archives-jen-mange-revisiter-les-gouts-dautrefois\/#breadcrumb"},"inLanguage":"fr-FR","potentialAction":[{"@type":"ReadAction","target":["https:\/\/www.musee-mccord-stewart.ca\/fr\/collections\/archives\/des-archives-jen-mange-revisiter-les-gouts-dautrefois\/"]}]},{"@type":"BreadcrumbList","@id":"https:\/\/www.musee-mccord-stewart.ca\/fr\/collections\/archives\/des-archives-jen-mange-revisiter-les-gouts-dautrefois\/#breadcrumb","itemListElement":[{"@type":"ListItem","position":1,"name":"Accueil","item":"https:\/\/www.musee-mccord-stewart.ca\/fr\/"},{"@type":"ListItem","position":2,"name":"Collections","item":"https:\/\/www.musee-mccord-stewart.ca\/fr\/collections\/"},{"@type":"ListItem","position":3,"name":"Archives","item":"https:\/\/www.musee-mccord-stewart.ca\/fr\/collections\/archives\/"},{"@type":"ListItem","position":4,"name":"Des archives, j&rsquo;en mange! Revisiter les go\u00fbts d&rsquo;autrefois"}]},{"@type":"WebSite","@id":"https:\/\/www.musee-mccord-stewart.ca\/fr\/#website","url":"https:\/\/www.musee-mccord-stewart.ca\/fr\/","name":"Mus\u00e9e McCord Stewart","description":"Notre monde, nos histoires","publisher":{"@id":"https:\/\/www.musee-mccord-stewart.ca\/fr\/#organization"},"alternateName":"MCS","potentialAction":[{"@type":"SearchAction","target":{"@type":"EntryPoint","urlTemplate":"https:\/\/www.musee-mccord-stewart.ca\/fr\/?s={search_term_string}"},"query-input":"required name=search_term_string"}],"inLanguage":"fr-FR"},{"@type":"Organization","@id":"https:\/\/www.musee-mccord-stewart.ca\/fr\/#organization","name":"McCord Stewart Museum","alternateName":"MCS","url":"https:\/\/www.musee-mccord-stewart.ca\/fr\/","logo":{"@type":"ImageObject","inLanguage":"fr-FR","@id":"https:\/\/www.musee-mccord-stewart.ca\/fr\/#\/schema\/logo\/image\/","url":"https:\/\/www.musee-mccord-stewart.ca\/app\/uploads\/2023\/05\/logo_museemccordstewart_horizontal_noir_slogan.svg","contentUrl":"https:\/\/www.musee-mccord-stewart.ca\/app\/uploads\/2023\/05\/logo_museemccordstewart_horizontal_noir_slogan.svg","width":1,"height":1,"caption":"McCord Stewart Museum"},"image":{"@id":"https:\/\/www.musee-mccord-stewart.ca\/fr\/#\/schema\/logo\/image\/"},"sameAs":["https:\/\/www.facebook.com\/museemccordstewart","https:\/\/twitter.com\/MuseeMcCordStew","https:\/\/instagram.com\/museemccordstewart","https:\/\/www.linkedin.com\/company\/museemccordstewart\/","https:\/\/www.pinterest.com\/museemccordstewart\/","https:\/\/www.youtube.com\/c\/MuseeMcCordStewartMuseum"]}]}},"_links":{"self":[{"href":"https:\/\/www.musee-mccord-stewart.ca\/fr\/wp-json\/wp\/v2\/pages\/30350"}],"collection":[{"href":"https:\/\/www.musee-mccord-stewart.ca\/fr\/wp-json\/wp\/v2\/pages"}],"about":[{"href":"https:\/\/www.musee-mccord-stewart.ca\/fr\/wp-json\/wp\/v2\/types\/page"}],"author":[{"embeddable":true,"href":"https:\/\/www.musee-mccord-stewart.ca\/fr\/wp-json\/wp\/v2\/users\/3"}],"replies":[{"embeddable":true,"href":"https:\/\/www.musee-mccord-stewart.ca\/fr\/wp-json\/wp\/v2\/comments?post=30350"}],"version-history":[{"count":0,"href":"https:\/\/www.musee-mccord-stewart.ca\/fr\/wp-json\/wp\/v2\/pages\/30350\/revisions"}],"up":[{"embeddable":true,"href":"https:\/\/www.musee-mccord-stewart.ca\/fr\/wp-json\/wp\/v2\/pages\/1816"}],"wp:attachment":[{"href":"https:\/\/www.musee-mccord-stewart.ca\/fr\/wp-json\/wp\/v2\/media?parent=30350"}],"wp:term":[{"taxonomy":"category","embeddable":true,"href":"https:\/\/www.musee-mccord-stewart.ca\/fr\/wp-json\/wp\/v2\/categories?post=30350"},{"taxonomy":"post_tag","embeddable":true,"href":"https:\/\/www.musee-mccord-stewart.ca\/fr\/wp-json\/wp\/v2\/tags?post=30350"}],"curies":[{"name":"wp","href":"https:\/\/api.w.org\/{rel}","templated":true}]}}