{"id":3002,"date":"2015-05-28T23:14:29","date_gmt":"2015-05-29T03:14:29","guid":{"rendered":"http:\/\/www.musee-mccord-stewart.ca\/?page_id=3002"},"modified":"2016-04-26T11:41:54","modified_gmt":"2016-04-26T15:41:54","slug":"droits-conditions-et-modalites","status":"publish","type":"page","link":"https:\/\/www.musee-mccord-stewart.ca\/fr\/collections\/services-photographiques-et-droits-auteur\/droits-conditions-et-modalites\/","title":{"rendered":"Droits &#8211; Conditions et modalit\u00e9s"},"content":{"rendered":"<h4>CONDITIONS D&rsquo;UTILISATION<\/h4>\n<p>Voici le texte de l&rsquo;entente d&rsquo;utilisation qui vous sera envoy\u00e9e si vous d\u00e9boursez les frais d&rsquo;utilisation pour la publication ou l&rsquo;usage commercial de la photo command\u00e9e. En payant ces frais, vous acceptez les conditions d&rsquo;utilisation ci-apr\u00e8s :<\/p>\n<h4>CONDITIONS D\u2019UTILISATION DES FICHIERS D\u2019IMAGES DE 300 DPI *<\/h4>\n<p><strong>1. L&rsquo;autorisation de publication est accord\u00e9e d\u00e8s que vous recevez la copie de la pr\u00e9sente entente qui a \u00e9t\u00e9 envoy\u00e9e par un repr\u00e9sentant autoris\u00e9 du Mus\u00e9e McCord.<\/strong><\/p>\n<ul>\n<li>L&rsquo;autorisation de publication est accord\u00e9e uniquement aux fins d\u00e9crites dans cette entente. Cette autorisation est non exclusive. Le Mus\u00e9e McCord se r\u00e9serve le droit de reproduire l&rsquo;image et de permettre \u00e0 des tiers de reproduire l&rsquo;image.<\/li>\n<li>L&rsquo;autorisation n&rsquo;est plus valable d\u00e8s la publication ou la cr\u00e9ation du produit.<\/li>\n<li>Aux fins de cette entente, est consid\u00e9r\u00e9e comme une utilisation unique la publication simultan\u00e9e d&rsquo;un produit dans plusieurs m\u00e9dias, par exemple un magazine produit sur papier et en version \u00e9lectronique.<\/li>\n<li>L&rsquo;auteur de la demande est autoris\u00e9 \u00e0 utiliser l&rsquo;image sur l&#8217;emballage du produit, dans une annonce, un catalogue ou un autre v\u00e9hicule promotionnel uniquement \u00e0 des fins de commercialisation et de distribution du produit.<\/li>\n<li>Toute utilisation subs\u00e9quente (y compris les futures \u00e9ditions et adaptations, produits connexes, versions Web, etc.) constitue une r\u00e9utilisation et doit faire l&rsquo;objet d&rsquo;une demande s\u00e9par\u00e9e au Mus\u00e9e McCord. Des frais d&rsquo;utilisation seront de nouveau applicables.<\/li>\n<\/ul>\n<p><strong>2. L&rsquo;auteur de la demande assume l&rsquo;enti\u00e8re responsabilit\u00e9 de l&rsquo;utilisation faite des images du Mus\u00e9e McCord, conform\u00e9ment \u00e0 la Loi sur le droit d&rsquo;auteur.<\/strong><\/p>\n<ul>\n<li>Le Mus\u00e9e McCord se r\u00e9serve le droit d&rsquo;exiger une d\u00e9charge de la part des personnes dont le droit \u00e0 la vie priv\u00e9e pourrait \u00eatre l\u00e9s\u00e9 par la production d&rsquo;une image. Il est interdit d&rsquo;utiliser l&rsquo;image d&rsquo;une personne identifiable d&rsquo;une mani\u00e8re qui sugg\u00e8re un appui ou une association avec un produit, un service, une cause ou un \u00e9tablissement.<\/li>\n<li>Le Mus\u00e9e McCord \u00e9tend le droit \u00e0 la vie priv\u00e9e aux images sacr\u00e9es et aux objets de culte et rites des Premi\u00e8res nations. Une autorisation du service d&rsquo;ethnologie du Mus\u00e9e McCord est exig\u00e9e pour toute reproduction de ces images et objets.<\/li>\n<li>L&rsquo;auteur de la demande exon\u00e8re le Mus\u00e9e McCord et ses repr\u00e9sentants de toute responsabilit\u00e9 quant aux r\u00e9clamations pouvant r\u00e9sulter de l&rsquo;utilisation du mat\u00e9riel et s&rsquo;engage \u00e0 indemniser le service d&rsquo;archivage et ses repr\u00e9sentants de tous les co\u00fbts et dommages-int\u00e9r\u00eats r\u00e9sultant d&rsquo;une utilisation non autoris\u00e9e du mat\u00e9riel.<\/li>\n<\/ul>\n<p><strong>3. En cas d&rsquo;utilisation d&rsquo;image, on doit indiquer le titre et\/ou nom de l\u2019objet, nom de l&rsquo;artiste, le nom du Mus\u00e9e McCord et le num\u00e9ro d&rsquo;acquisition de l&rsquo;objet sous forme de l\u00e9gende ou de mention de source, sauf dans les films, o\u00f9 l&rsquo;on doit inclure le nom du Mus\u00e9e McCord dans le g\u00e9n\u00e9rique sans n\u00e9cessairement pr\u00e9ciser le num\u00e9ro de l&rsquo;image.<\/strong><\/p>\n<ul>\n<li>La l\u00e9gende doit appara\u00eetre pr\u00e8s de l&rsquo;image ou dans une section sp\u00e9ciale consacr\u00e9e aux mentions de source. Dans les reproductions distribu\u00e9es par voie \u00e9lectronique, cependant, la mention de source doit \u00eatre int\u00e9gr\u00e9e \u00e0 l&rsquo;image.<\/li>\n<li>Le paiement de frais d&rsquo;utilisation commerciale ne dispense pas l&rsquo;utilisateur de mentionner le nom du Mus\u00e9e McCord.<\/li>\n<\/ul>\n<p><strong>4. Les images fournies par le Mus\u00e9e McCord ne peuvent \u00eatre copi\u00e9es, num\u00e9ris\u00e9es, pr\u00e9sent\u00e9es, vendues ni utilis\u00e9es \u00e0 d&rsquo;autres fins que celles pr\u00e9cis\u00e9es dans cette entente. Aucune copie ne peut \u00eatre d\u00e9pos\u00e9e dans un autre service d&rsquo;archivage ou biblioth\u00e8que.<\/strong><\/p>\n<p><strong>5. \u00c0 moins d&rsquo;autorisation pr\u00e9alable du Mus\u00e9e McCord, il est interdit de retoucher ou de modifier les images d&rsquo;une fa\u00e7on qui risque de nuire \u00e0 leur int\u00e9grit\u00e9 historique ou artistique. S&rsquo;il est n\u00e9cessaire de reproduire un d\u00e9tail d&rsquo;une image, il faut indiquer le mot \u00ab d\u00e9tail \u00bb entre parenth\u00e8ses \u00e0 c\u00f4t\u00e9 du num\u00e9ro d&rsquo;acquisition (ou num\u00e9ro) de l&rsquo;image.<\/strong><\/p>\n<p><strong>6. L&rsquo;autorisation n&rsquo;est accord\u00e9e qu&rsquo;apr\u00e8s le paiement pr\u00e9alable de tous les frais, y compris les frais d&rsquo;utilisation.<\/strong><\/p>\n<p><strong>7. Seule la reproduction de fichiers num\u00e9riques fournis par le Mus\u00e9e McCord est autoris\u00e9e.<\/strong><\/p>\n<p><strong>8. Les renseignements personnels recueillis dans le cadre de cette entente par le Mus\u00e9e McCord ne seront pas utilis\u00e9s \u00e0 d&rsquo;autres fins.<\/strong><\/p>\n<h4>CONDITIONS D\u2019UTILISATION DES IMAGES T\u00c9L\u00c9CHARG\u00c9ES \u00c0 PARTIR DU SITE WEB DU MUS\u00c9E McCORD<\/h4>\n<p>Les images num\u00e9riques des artefacts qui font partie de la base de donn\u00e9es du site Web du Mus\u00e9e McCord peuvent toutes \u00eatre t\u00e9l\u00e9charg\u00e9es en 4 formats diff\u00e9rents. Vous avez acc\u00e8s \u00e0 ces images en cliquant sur l&rsquo;ic\u00f4ne \u00ab T\u00e9l\u00e9charger cette image \u00bb qui appara\u00eet sous les images dans leur fiche descriptive.<\/p>\n<p>Les images num\u00e9riques des artefacts qui font partie de la base de donn\u00e9es du site Web du Mus\u00e9e McCord peuvent \u00eatre reproduites, distribu\u00e9es et communiqu\u00e9es au public en fonction des crit\u00e8res \u00ab Creative Commons \u00bb suivants :<\/p>\n<ul>\n<li>Paternit\u00e9. Vous devez citer le nom de l&rsquo;auteur original.<\/li>\n<li>Pas d&rsquo;utilisation commerciale. Vous n&rsquo;avez pas le droit d&rsquo;utiliser cette cr\u00e9ation \u00e0 des fins commerciales.<\/li>\n<li>Pas de modification. Vous n&rsquo;avez pas le droit de modifier, de transformer ou d&rsquo;adapter cette cr\u00e9ation.<\/li>\n<\/ul>\n<p>* Ce texte est reproduit avec la permission du <a href=\"http:\/\/www.glenbow.org\/\">Glenbow Museum<\/a>.<\/p>\n<p>&nbsp;<\/p>\n<ul>\n<li><strong><a href=\"http:\/\/www.musee-mccord-stewart.ca\/fr\/services-photographiques-et-droits-auteur\/\">Comment commander des reproductions photographiques<\/a><\/strong><\/li>\n<li><strong><a href=\"http:\/\/www.musee-mccord-stewart.ca\/fr\/tarifs-pour-reproductions-dimages\/\">Tarifs pour reproductions d&rsquo;images<\/a><\/strong><\/li>\n<\/ul>\n","protected":false},"excerpt":{"rendered":"<p>CONDITIONS D&rsquo;UTILISATION Voici le texte de l&rsquo;entente d&rsquo;utilisation qui vous sera envoy\u00e9e si vous d\u00e9boursez les frais d&rsquo;utilisation pour la publication ou l&rsquo;usage commercial de la photo command\u00e9e. En payant ces frais, vous acceptez les conditions d&rsquo;utilisation ci-apr\u00e8s : CONDITIONS D\u2019UTILISATION DES FICHIERS D\u2019IMAGES DE 300 DPI * 1. L&rsquo;autorisation de publication est accord\u00e9e d\u00e8s [&hellip;]<\/p>\n","protected":false},"author":3,"featured_media":0,"parent":1467,"menu_order":0,"comment_status":"closed","ping_status":"closed","template":"page-templates\/page-texte.php","meta":{"footnotes":""},"categories":[],"tags":[],"acf":[],"yoast_head":"<!-- This site is optimized with the Yoast SEO Premium plugin v20.11 (Yoast SEO v20.11) - https:\/\/yoast.com\/wordpress\/plugins\/seo\/ -->\n<title>Droits - Conditions et modalit\u00e9s - Mus\u00e9e McCord Stewart<\/title>\n<meta name=\"description\" content=\"CONDITIONS D&#039;UTILISATION Voici le texte de l&#039;entente d&#039;utilisation qui vous sera envoy\u00e9e si vous d\u00e9boursez les frais d&#039;utilisation pour la publication ou\" \/>\n<meta name=\"robots\" content=\"index, follow, max-snippet:-1, max-image-preview:large, max-video-preview:-1\" \/>\n<link rel=\"canonical\" href=\"https:\/\/www.musee-mccord-stewart.ca\/fr\/collections\/services-photographiques-et-droits-auteur\/droits-conditions-et-modalites\/\" \/>\n<meta property=\"og:locale\" content=\"fr_FR\" \/>\n<meta property=\"og:type\" content=\"article\" \/>\n<meta property=\"og:title\" content=\"Droits - Conditions et modalit\u00e9s\" \/>\n<meta property=\"og:description\" content=\"CONDITIONS D&#039;UTILISATION Voici le texte de l&#039;entente d&#039;utilisation qui vous sera envoy\u00e9e si vous d\u00e9boursez les frais d&#039;utilisation pour la publication ou\" \/>\n<meta property=\"og:url\" content=\"https:\/\/www.musee-mccord-stewart.ca\/fr\/collections\/services-photographiques-et-droits-auteur\/droits-conditions-et-modalites\/\" \/>\n<meta property=\"og:site_name\" content=\"Mus\u00e9e McCord Stewart\" \/>\n<meta property=\"article:publisher\" content=\"https:\/\/www.facebook.com\/museemccordstewart\" \/>\n<meta property=\"article:modified_time\" content=\"2016-04-26T15:41:54+00:00\" \/>\n<meta property=\"og:image\" content=\"https:\/\/www.musee-mccord-stewart.ca\/app\/uploads\/2022\/09\/mccord-stewart_facade-exterieur-henderson-2022_roger-aziz_1320x480.jpg\" \/>\n\t<meta property=\"og:image:width\" content=\"1320\" \/>\n\t<meta property=\"og:image:height\" content=\"480\" \/>\n\t<meta property=\"og:image:type\" content=\"image\/jpeg\" \/>\n<meta name=\"twitter:card\" content=\"summary_large_image\" \/>\n<meta name=\"twitter:site\" content=\"@MuseeMcCordStew\" \/>\n<meta name=\"twitter:label1\" content=\"Dur\u00e9e de lecture estim\u00e9e\" \/>\n\t<meta name=\"twitter:data1\" content=\"5 minutes\" \/>\n<script type=\"application\/ld+json\" class=\"yoast-schema-graph\">{\"@context\":\"https:\/\/schema.org\",\"@graph\":[{\"@type\":\"WebPage\",\"@id\":\"https:\/\/www.musee-mccord-stewart.ca\/fr\/collections\/services-photographiques-et-droits-auteur\/droits-conditions-et-modalites\/\",\"url\":\"https:\/\/www.musee-mccord-stewart.ca\/fr\/collections\/services-photographiques-et-droits-auteur\/droits-conditions-et-modalites\/\",\"name\":\"Droits - Conditions et modalit\u00e9s - Mus\u00e9e McCord Stewart\",\"isPartOf\":{\"@id\":\"https:\/\/www.musee-mccord-stewart.ca\/fr\/#website\"},\"datePublished\":\"2015-05-29T03:14:29+00:00\",\"dateModified\":\"2016-04-26T15:41:54+00:00\",\"description\":\"CONDITIONS D'UTILISATION Voici le texte de l'entente d'utilisation qui vous sera envoy\u00e9e si vous d\u00e9boursez les frais d'utilisation pour la publication ou\",\"breadcrumb\":{\"@id\":\"https:\/\/www.musee-mccord-stewart.ca\/fr\/collections\/services-photographiques-et-droits-auteur\/droits-conditions-et-modalites\/#breadcrumb\"},\"inLanguage\":\"fr-FR\",\"potentialAction\":[{\"@type\":\"ReadAction\",\"target\":[\"https:\/\/www.musee-mccord-stewart.ca\/fr\/collections\/services-photographiques-et-droits-auteur\/droits-conditions-et-modalites\/\"]}]},{\"@type\":\"BreadcrumbList\",\"@id\":\"https:\/\/www.musee-mccord-stewart.ca\/fr\/collections\/services-photographiques-et-droits-auteur\/droits-conditions-et-modalites\/#breadcrumb\",\"itemListElement\":[{\"@type\":\"ListItem\",\"position\":1,\"name\":\"Accueil\",\"item\":\"https:\/\/www.musee-mccord-stewart.ca\/fr\/\"},{\"@type\":\"ListItem\",\"position\":2,\"name\":\"Collections\",\"item\":\"https:\/\/www.musee-mccord-stewart.ca\/fr\/collections\/\"},{\"@type\":\"ListItem\",\"position\":3,\"name\":\"Services photographiques et droits d\u2019auteur &#8211; FAQ\",\"item\":\"https:\/\/www.musee-mccord-stewart.ca\/fr\/collections\/services-photographiques-et-droits-auteur\/\"},{\"@type\":\"ListItem\",\"position\":4,\"name\":\"Droits &#8211; Conditions et modalit\u00e9s\"}]},{\"@type\":\"WebSite\",\"@id\":\"https:\/\/www.musee-mccord-stewart.ca\/fr\/#website\",\"url\":\"https:\/\/www.musee-mccord-stewart.ca\/fr\/\",\"name\":\"Mus\u00e9e McCord Stewart\",\"description\":\"Notre monde, nos histoires\",\"publisher\":{\"@id\":\"https:\/\/www.musee-mccord-stewart.ca\/fr\/#organization\"},\"alternateName\":\"MCS\",\"potentialAction\":[{\"@type\":\"SearchAction\",\"target\":{\"@type\":\"EntryPoint\",\"urlTemplate\":\"https:\/\/www.musee-mccord-stewart.ca\/fr\/?s={search_term_string}\"},\"query-input\":\"required name=search_term_string\"}],\"inLanguage\":\"fr-FR\"},{\"@type\":\"Organization\",\"@id\":\"https:\/\/www.musee-mccord-stewart.ca\/fr\/#organization\",\"name\":\"McCord Stewart Museum\",\"alternateName\":\"MCS\",\"url\":\"https:\/\/www.musee-mccord-stewart.ca\/fr\/\",\"logo\":{\"@type\":\"ImageObject\",\"inLanguage\":\"fr-FR\",\"@id\":\"https:\/\/www.musee-mccord-stewart.ca\/fr\/#\/schema\/logo\/image\/\",\"url\":\"https:\/\/www.musee-mccord-stewart.ca\/app\/uploads\/2023\/05\/logo_museemccordstewart_horizontal_noir_slogan.svg\",\"contentUrl\":\"https:\/\/www.musee-mccord-stewart.ca\/app\/uploads\/2023\/05\/logo_museemccordstewart_horizontal_noir_slogan.svg\",\"width\":1,\"height\":1,\"caption\":\"McCord Stewart Museum\"},\"image\":{\"@id\":\"https:\/\/www.musee-mccord-stewart.ca\/fr\/#\/schema\/logo\/image\/\"},\"sameAs\":[\"https:\/\/www.facebook.com\/museemccordstewart\",\"https:\/\/twitter.com\/MuseeMcCordStew\",\"https:\/\/instagram.com\/museemccordstewart\",\"https:\/\/www.linkedin.com\/company\/museemccordstewart\/\",\"https:\/\/www.pinterest.com\/museemccordstewart\/\",\"https:\/\/www.youtube.com\/c\/MuseeMcCordStewartMuseum\"]}]}<\/script>\n<!-- \/ Yoast SEO Premium plugin. -->","yoast_head_json":{"title":"Droits - Conditions et modalit\u00e9s - Mus\u00e9e McCord Stewart","description":"CONDITIONS D'UTILISATION Voici le texte de l'entente d'utilisation qui vous sera envoy\u00e9e si vous d\u00e9boursez les frais d'utilisation pour la publication ou","robots":{"index":"index","follow":"follow","max-snippet":"max-snippet:-1","max-image-preview":"max-image-preview:large","max-video-preview":"max-video-preview:-1"},"canonical":"https:\/\/www.musee-mccord-stewart.ca\/fr\/collections\/services-photographiques-et-droits-auteur\/droits-conditions-et-modalites\/","og_locale":"fr_FR","og_type":"article","og_title":"Droits - Conditions et modalit\u00e9s","og_description":"CONDITIONS D'UTILISATION Voici le texte de l'entente d'utilisation qui vous sera envoy\u00e9e si vous d\u00e9boursez les frais d'utilisation pour la publication ou","og_url":"https:\/\/www.musee-mccord-stewart.ca\/fr\/collections\/services-photographiques-et-droits-auteur\/droits-conditions-et-modalites\/","og_site_name":"Mus\u00e9e McCord Stewart","article_publisher":"https:\/\/www.facebook.com\/museemccordstewart","article_modified_time":"2016-04-26T15:41:54+00:00","og_image":[{"width":1320,"height":480,"url":"https:\/\/www.musee-mccord-stewart.ca\/app\/uploads\/2022\/09\/mccord-stewart_facade-exterieur-henderson-2022_roger-aziz_1320x480.jpg","type":"image\/jpeg"}],"twitter_card":"summary_large_image","twitter_site":"@MuseeMcCordStew","twitter_misc":{"Dur\u00e9e de lecture estim\u00e9e":"5 minutes"},"schema":{"@context":"https:\/\/schema.org","@graph":[{"@type":"WebPage","@id":"https:\/\/www.musee-mccord-stewart.ca\/fr\/collections\/services-photographiques-et-droits-auteur\/droits-conditions-et-modalites\/","url":"https:\/\/www.musee-mccord-stewart.ca\/fr\/collections\/services-photographiques-et-droits-auteur\/droits-conditions-et-modalites\/","name":"Droits - Conditions et modalit\u00e9s - Mus\u00e9e McCord Stewart","isPartOf":{"@id":"https:\/\/www.musee-mccord-stewart.ca\/fr\/#website"},"datePublished":"2015-05-29T03:14:29+00:00","dateModified":"2016-04-26T15:41:54+00:00","description":"CONDITIONS D'UTILISATION Voici le texte de l'entente d'utilisation qui vous sera envoy\u00e9e si vous d\u00e9boursez les frais d'utilisation pour la publication ou","breadcrumb":{"@id":"https:\/\/www.musee-mccord-stewart.ca\/fr\/collections\/services-photographiques-et-droits-auteur\/droits-conditions-et-modalites\/#breadcrumb"},"inLanguage":"fr-FR","potentialAction":[{"@type":"ReadAction","target":["https:\/\/www.musee-mccord-stewart.ca\/fr\/collections\/services-photographiques-et-droits-auteur\/droits-conditions-et-modalites\/"]}]},{"@type":"BreadcrumbList","@id":"https:\/\/www.musee-mccord-stewart.ca\/fr\/collections\/services-photographiques-et-droits-auteur\/droits-conditions-et-modalites\/#breadcrumb","itemListElement":[{"@type":"ListItem","position":1,"name":"Accueil","item":"https:\/\/www.musee-mccord-stewart.ca\/fr\/"},{"@type":"ListItem","position":2,"name":"Collections","item":"https:\/\/www.musee-mccord-stewart.ca\/fr\/collections\/"},{"@type":"ListItem","position":3,"name":"Services photographiques et droits d\u2019auteur &#8211; FAQ","item":"https:\/\/www.musee-mccord-stewart.ca\/fr\/collections\/services-photographiques-et-droits-auteur\/"},{"@type":"ListItem","position":4,"name":"Droits &#8211; Conditions et modalit\u00e9s"}]},{"@type":"WebSite","@id":"https:\/\/www.musee-mccord-stewart.ca\/fr\/#website","url":"https:\/\/www.musee-mccord-stewart.ca\/fr\/","name":"Mus\u00e9e McCord Stewart","description":"Notre monde, nos histoires","publisher":{"@id":"https:\/\/www.musee-mccord-stewart.ca\/fr\/#organization"},"alternateName":"MCS","potentialAction":[{"@type":"SearchAction","target":{"@type":"EntryPoint","urlTemplate":"https:\/\/www.musee-mccord-stewart.ca\/fr\/?s={search_term_string}"},"query-input":"required name=search_term_string"}],"inLanguage":"fr-FR"},{"@type":"Organization","@id":"https:\/\/www.musee-mccord-stewart.ca\/fr\/#organization","name":"McCord Stewart Museum","alternateName":"MCS","url":"https:\/\/www.musee-mccord-stewart.ca\/fr\/","logo":{"@type":"ImageObject","inLanguage":"fr-FR","@id":"https:\/\/www.musee-mccord-stewart.ca\/fr\/#\/schema\/logo\/image\/","url":"https:\/\/www.musee-mccord-stewart.ca\/app\/uploads\/2023\/05\/logo_museemccordstewart_horizontal_noir_slogan.svg","contentUrl":"https:\/\/www.musee-mccord-stewart.ca\/app\/uploads\/2023\/05\/logo_museemccordstewart_horizontal_noir_slogan.svg","width":1,"height":1,"caption":"McCord Stewart Museum"},"image":{"@id":"https:\/\/www.musee-mccord-stewart.ca\/fr\/#\/schema\/logo\/image\/"},"sameAs":["https:\/\/www.facebook.com\/museemccordstewart","https:\/\/twitter.com\/MuseeMcCordStew","https:\/\/instagram.com\/museemccordstewart","https:\/\/www.linkedin.com\/company\/museemccordstewart\/","https:\/\/www.pinterest.com\/museemccordstewart\/","https:\/\/www.youtube.com\/c\/MuseeMcCordStewartMuseum"]}]}},"_links":{"self":[{"href":"https:\/\/www.musee-mccord-stewart.ca\/fr\/wp-json\/wp\/v2\/pages\/3002"}],"collection":[{"href":"https:\/\/www.musee-mccord-stewart.ca\/fr\/wp-json\/wp\/v2\/pages"}],"about":[{"href":"https:\/\/www.musee-mccord-stewart.ca\/fr\/wp-json\/wp\/v2\/types\/page"}],"author":[{"embeddable":true,"href":"https:\/\/www.musee-mccord-stewart.ca\/fr\/wp-json\/wp\/v2\/users\/3"}],"replies":[{"embeddable":true,"href":"https:\/\/www.musee-mccord-stewart.ca\/fr\/wp-json\/wp\/v2\/comments?post=3002"}],"version-history":[{"count":0,"href":"https:\/\/www.musee-mccord-stewart.ca\/fr\/wp-json\/wp\/v2\/pages\/3002\/revisions"}],"up":[{"embeddable":true,"href":"https:\/\/www.musee-mccord-stewart.ca\/fr\/wp-json\/wp\/v2\/pages\/1467"}],"wp:attachment":[{"href":"https:\/\/www.musee-mccord-stewart.ca\/fr\/wp-json\/wp\/v2\/media?parent=3002"}],"wp:term":[{"taxonomy":"category","embeddable":true,"href":"https:\/\/www.musee-mccord-stewart.ca\/fr\/wp-json\/wp\/v2\/categories?post=3002"},{"taxonomy":"post_tag","embeddable":true,"href":"https:\/\/www.musee-mccord-stewart.ca\/fr\/wp-json\/wp\/v2\/tags?post=3002"}],"curies":[{"name":"wp","href":"https:\/\/api.w.org\/{rel}","templated":true}]}}