{"id":27437,"date":"2020-04-07T11:57:47","date_gmt":"2020-04-07T15:57:47","guid":{"rendered":"http:\/\/www.musee-mccord-stewart.ca\/?page_id=27437\/"},"modified":"2022-09-13T13:15:46","modified_gmt":"2022-09-13T17:15:46","slug":"projet-photographique-collaboratif","status":"publish","type":"page","link":"https:\/\/www.musee-mccord-stewart.ca\/fr\/menu-activites\/projet-photographique-collaboratif\/","title":{"rendered":"Projet photographique collaboratif"},"content":{"rendered":"<p>En parall\u00e8le de la <a title=\"INCIPIT \u2013 COVID-19\" href=\"https:\/\/www.musee-mccord-stewart.ca\/fr\/expositions\/incipit-covid-19-photographies-michel-huneault\/\">mission photographique confi\u00e9e \u00e0 Michel\u00a0Huneault<\/a>, le Mus\u00e9e lan\u00e7ait en avril\u00a02020 le projet participatif d\u2019initiative citoyenne <em><strong>Cadrer le quotidien\u00a0: histoires de confinement<\/strong><\/em>. Ce projet invitait la population \u00e0 exprimer par la photographie comment la situation pand\u00e9mique et le confinement influen\u00e7aient notre relation au monde ext\u00e9rieur et \u00e0 l\u2019autre.<\/p>\n<p>Apr\u00e8s plus de deux ans, c\u2019est plus de 4 000 photographies associ\u00e9es au mot-clic #CadrerLeQuotidien qui ont \u00e9t\u00e9 partag\u00e9es sur les m\u00e9dias sociaux. Le succ\u00e8s du projet permet de dresser le panorama des diverses r\u00e9alit\u00e9s v\u00e9cues par la population qu\u00e9b\u00e9coise et de l\u2019\u00e9volution de celles-ci.<\/p>\n<h2>Cadrer le quotidien : histoires de confinement<\/h2>\n<p>Que l\u2019on vive en solo, en couple, en collocation ou en famille, le confinement transforme notre rapport \u00e0 l\u2019espace. Chacun d\u00e9veloppe ses strat\u00e9gies pour passer \u00e0 travers la crise en s\u2019am\u00e9nageant des mondes int\u00e9rieurs. Dans ce contexte, <strong>que devient notre relation au monde ext\u00e9rieur et \u00e0 l\u2019autre<\/strong>, passe-t-elle uniquement par l\u2019entremise de notre \u00e9cran, de notre fen\u00eatre, d\u2019une porte entrouverte?<\/p>\n<p><strong>En tant que mus\u00e9e d\u2019histoire sociale de Montr\u00e9al, le Mus\u00e9e McCord Stewart vous invitait \u00e0 documenter cette p\u00e9riode de confinement<\/strong> et \u00e0 explorer les changements qui s\u2019op\u00e9raient dans notre relation aux espaces, en participant au projet photographique collaboratif intitul\u00e9 <strong>\u00ab\u00a0Cadrer le quotidien\u00a0: histoires de confinement\u00a0\u00bb<\/strong>. <strong>Merci d&rsquo;avoir partag\u00e9 votre regard sur la situation et votre quotidien avec nous<\/strong> et la communaut\u00e9 du Mus\u00e9e.<\/p>\n<h2>Exposition <em>INCIPIT \u2013 COVID-19<\/em><\/h2>\n<p>Il y a plus de deux ans commen\u00e7ait\u00a0<strong>la pand\u00e9mie de COVID-19 au Qu\u00e9bec<\/strong>. Le photographe<strong>\u00a0Michel Huneault, mandat\u00e9 par le Mus\u00e9e, a capt\u00e9 le d\u00e9but de ce bouleversement sans pr\u00e9c\u00e9dent<\/strong>. L\u2019exposition <a title=\"INCIPIT \u2013 COVID-19\" href=\"https:\/\/www.musee-mccord-stewart.ca\/fr\/expositions\/incipit-covid-19-photographies-michel-huneault\/\"><em><strong>INCIPIT \u2013 COVID-19<\/strong><\/em><\/a> rappelle les <strong>premi\u00e8res manifestations de la crise<\/strong>, comme le signifie le\u00a0<strong>terme latin\u00a0<em>incipit<\/em>, qui d\u00e9signe aussi les premiers mots d\u2019une \u0153uvre<\/strong>.<\/p>\n<p>Selon une approche singuli\u00e8re o\u00f9 plusieurs axes de recherche et de cr\u00e9ation s\u2019entrecroisent,\u00a0<strong>les photographies de Michel Huneault t\u00e9moignent d\u2019exp\u00e9riences diff\u00e9rentes, v\u00e9cues dans l\u2019espace public, dans la vie priv\u00e9e et dans les \u00e9tablissements de sant\u00e9<\/strong>.\u00a0<strong>L\u2019exposition pr\u00e9sente les \u0153uvres qui font d\u00e9sormais partie de la collection du Mus\u00e9e<\/strong>\u00a0et les multiples facettes qu\u2019a explor\u00e9es Huneault afin de rendre la complexit\u00e9 de cette p\u00e9riode critique et de<strong>\u00a0comprendre l\u2019histoire en marche<\/strong>.<\/p>\n<h2>Collecte de t\u00e9moignage du Mus\u00e9e de la civilisation<\/h2>\n<p>Curieux de lire les t\u00e9moignages re\u00e7us lors de la collecte de documentation du <a title=\"\" href=\"https:\/\/www.mcq.org\/\" target=\"_blank\" rel=\"noopener noreferrer\">Mus\u00e9e de la civilisation de Qu\u00e9bec<\/a>? Rendez-vous sur la page <strong><a title=\"\" href=\"https:\/\/uneheureaumusee.ca\/documentez-la-pandemie\/\" target=\"_blank\" rel=\"noopener noreferrer\">Documentez la pand\u00e9mie<\/a><\/strong>, choisissez votre th\u00e8me et plongez dans ces fragments de votre quotidien.<\/p>\n","protected":false},"excerpt":{"rendered":"<p>En parall\u00e8le de la mission photographique confi\u00e9e \u00e0 Michel\u00a0Huneault, le Mus\u00e9e lan\u00e7ait en avril\u00a02020 le projet participatif d\u2019initiative citoyenne Cadrer le quotidien\u00a0: histoires de confinement. Ce projet invitait la population \u00e0 exprimer par la photographie comment la situation pand\u00e9mique et le confinement influen\u00e7aient notre relation au monde ext\u00e9rieur et \u00e0 l\u2019autre. Apr\u00e8s plus de deux [&hellip;]<\/p>\n","protected":false},"author":1,"featured_media":0,"parent":23124,"menu_order":0,"comment_status":"closed","ping_status":"closed","template":"page-templates\/page-texte.php","meta":{"footnotes":""},"categories":[],"tags":[],"acf":[],"yoast_head":"<!-- This site is optimized with the Yoast SEO Premium plugin v20.11 (Yoast SEO v20.11) - https:\/\/yoast.com\/wordpress\/plugins\/seo\/ -->\n<title>Projet photographique collaboratif : Cadrer le quotidien - Mus\u00e9e McCord Stewart<\/title>\n<meta name=\"description\" content=\"Ce projet participatif invitait la population \u00e0 exprimer par la photographie comment la situation pand\u00e9mique et le confinement influen\u00e7aient notre relation au monde ext\u00e9rieur et \u00e0 l\u2019autre.\" \/>\n<meta name=\"robots\" content=\"index, follow, max-snippet:-1, max-image-preview:large, max-video-preview:-1\" \/>\n<link rel=\"canonical\" href=\"https:\/\/www.musee-mccord-stewart.ca\/fr\/menu-activites\/projet-photographique-collaboratif\/\" \/>\n<meta property=\"og:locale\" content=\"fr_FR\" \/>\n<meta property=\"og:type\" content=\"article\" \/>\n<meta property=\"og:title\" content=\"Projet photographique collaboratif\" \/>\n<meta property=\"og:description\" content=\"En parall\u00e8le de la mission photographique confi\u00e9e \u00e0 Michel\u00a0Huneault, le Mus\u00e9e lan\u00e7ait en avril\u00a02020 le projet participatif d\u2019initiative citoyenne Cadrer\" \/>\n<meta property=\"og:url\" content=\"https:\/\/www.musee-mccord-stewart.ca\/fr\/menu-activites\/projet-photographique-collaboratif\/\" \/>\n<meta property=\"og:site_name\" content=\"Mus\u00e9e McCord Stewart\" \/>\n<meta property=\"article:publisher\" content=\"https:\/\/www.facebook.com\/museemccordstewart\" \/>\n<meta property=\"article:modified_time\" content=\"2022-09-13T17:15:46+00:00\" \/>\n<meta property=\"og:image\" content=\"https:\/\/www.musee-mccord-stewart.ca\/app\/uploads\/2022\/09\/mccord-stewart_facade-exterieur-henderson-2022_roger-aziz_1320x480.jpg\" \/>\n\t<meta property=\"og:image:width\" content=\"1320\" \/>\n\t<meta property=\"og:image:height\" content=\"480\" \/>\n\t<meta property=\"og:image:type\" content=\"image\/jpeg\" \/>\n<meta name=\"twitter:card\" content=\"summary_large_image\" \/>\n<meta name=\"twitter:site\" content=\"@MuseeMcCordStew\" \/>\n<meta name=\"twitter:label1\" content=\"Dur\u00e9e de lecture estim\u00e9e\" \/>\n\t<meta name=\"twitter:data1\" content=\"3 minutes\" \/>\n<script type=\"application\/ld+json\" class=\"yoast-schema-graph\">{\"@context\":\"https:\/\/schema.org\",\"@graph\":[{\"@type\":\"WebPage\",\"@id\":\"https:\/\/www.musee-mccord-stewart.ca\/fr\/menu-activites\/projet-photographique-collaboratif\/\",\"url\":\"https:\/\/www.musee-mccord-stewart.ca\/fr\/menu-activites\/projet-photographique-collaboratif\/\",\"name\":\"Projet photographique collaboratif : Cadrer le quotidien - Mus\u00e9e McCord Stewart\",\"isPartOf\":{\"@id\":\"https:\/\/www.musee-mccord-stewart.ca\/fr\/#website\"},\"datePublished\":\"2020-04-07T15:57:47+00:00\",\"dateModified\":\"2022-09-13T17:15:46+00:00\",\"description\":\"Ce projet participatif invitait la population \u00e0 exprimer par la photographie comment la situation pand\u00e9mique et le confinement influen\u00e7aient notre relation au monde ext\u00e9rieur et \u00e0 l\u2019autre.\",\"breadcrumb\":{\"@id\":\"https:\/\/www.musee-mccord-stewart.ca\/fr\/menu-activites\/projet-photographique-collaboratif\/#breadcrumb\"},\"inLanguage\":\"fr-FR\",\"potentialAction\":[{\"@type\":\"ReadAction\",\"target\":[\"https:\/\/www.musee-mccord-stewart.ca\/fr\/menu-activites\/projet-photographique-collaboratif\/\"]}]},{\"@type\":\"BreadcrumbList\",\"@id\":\"https:\/\/www.musee-mccord-stewart.ca\/fr\/menu-activites\/projet-photographique-collaboratif\/#breadcrumb\",\"itemListElement\":[{\"@type\":\"ListItem\",\"position\":1,\"name\":\"Accueil\",\"item\":\"https:\/\/www.musee-mccord-stewart.ca\/fr\/\"},{\"@type\":\"ListItem\",\"position\":2,\"name\":\"Activit\u00e9s au programme\",\"item\":\"https:\/\/www.musee-mccord-stewart.ca\/fr\/menu-activites\/\"},{\"@type\":\"ListItem\",\"position\":3,\"name\":\"Projet photographique collaboratif\"}]},{\"@type\":\"WebSite\",\"@id\":\"https:\/\/www.musee-mccord-stewart.ca\/fr\/#website\",\"url\":\"https:\/\/www.musee-mccord-stewart.ca\/fr\/\",\"name\":\"Mus\u00e9e McCord Stewart\",\"description\":\"Notre monde, nos histoires\",\"publisher\":{\"@id\":\"https:\/\/www.musee-mccord-stewart.ca\/fr\/#organization\"},\"alternateName\":\"MCS\",\"potentialAction\":[{\"@type\":\"SearchAction\",\"target\":{\"@type\":\"EntryPoint\",\"urlTemplate\":\"https:\/\/www.musee-mccord-stewart.ca\/fr\/?s={search_term_string}\"},\"query-input\":\"required name=search_term_string\"}],\"inLanguage\":\"fr-FR\"},{\"@type\":\"Organization\",\"@id\":\"https:\/\/www.musee-mccord-stewart.ca\/fr\/#organization\",\"name\":\"McCord Stewart Museum\",\"alternateName\":\"MCS\",\"url\":\"https:\/\/www.musee-mccord-stewart.ca\/fr\/\",\"logo\":{\"@type\":\"ImageObject\",\"inLanguage\":\"fr-FR\",\"@id\":\"https:\/\/www.musee-mccord-stewart.ca\/fr\/#\/schema\/logo\/image\/\",\"url\":\"https:\/\/www.musee-mccord-stewart.ca\/app\/uploads\/2023\/05\/logo_museemccordstewart_horizontal_noir_slogan.svg\",\"contentUrl\":\"https:\/\/www.musee-mccord-stewart.ca\/app\/uploads\/2023\/05\/logo_museemccordstewart_horizontal_noir_slogan.svg\",\"width\":1,\"height\":1,\"caption\":\"McCord Stewart Museum\"},\"image\":{\"@id\":\"https:\/\/www.musee-mccord-stewart.ca\/fr\/#\/schema\/logo\/image\/\"},\"sameAs\":[\"https:\/\/www.facebook.com\/museemccordstewart\",\"https:\/\/twitter.com\/MuseeMcCordStew\",\"https:\/\/instagram.com\/museemccordstewart\",\"https:\/\/www.linkedin.com\/company\/museemccordstewart\/\",\"https:\/\/www.pinterest.com\/museemccordstewart\/\",\"https:\/\/www.youtube.com\/c\/MuseeMcCordStewartMuseum\"]}]}<\/script>\n<!-- \/ Yoast SEO Premium plugin. -->","yoast_head_json":{"title":"Projet photographique collaboratif : Cadrer le quotidien - Mus\u00e9e McCord Stewart","description":"Ce projet participatif invitait la population \u00e0 exprimer par la photographie comment la situation pand\u00e9mique et le confinement influen\u00e7aient notre relation au monde ext\u00e9rieur et \u00e0 l\u2019autre.","robots":{"index":"index","follow":"follow","max-snippet":"max-snippet:-1","max-image-preview":"max-image-preview:large","max-video-preview":"max-video-preview:-1"},"canonical":"https:\/\/www.musee-mccord-stewart.ca\/fr\/menu-activites\/projet-photographique-collaboratif\/","og_locale":"fr_FR","og_type":"article","og_title":"Projet photographique collaboratif","og_description":"En parall\u00e8le de la mission photographique confi\u00e9e \u00e0 Michel\u00a0Huneault, le Mus\u00e9e lan\u00e7ait en avril\u00a02020 le projet participatif d\u2019initiative citoyenne Cadrer","og_url":"https:\/\/www.musee-mccord-stewart.ca\/fr\/menu-activites\/projet-photographique-collaboratif\/","og_site_name":"Mus\u00e9e McCord Stewart","article_publisher":"https:\/\/www.facebook.com\/museemccordstewart","article_modified_time":"2022-09-13T17:15:46+00:00","og_image":[{"width":1320,"height":480,"url":"https:\/\/www.musee-mccord-stewart.ca\/app\/uploads\/2022\/09\/mccord-stewart_facade-exterieur-henderson-2022_roger-aziz_1320x480.jpg","type":"image\/jpeg"}],"twitter_card":"summary_large_image","twitter_site":"@MuseeMcCordStew","twitter_misc":{"Dur\u00e9e de lecture estim\u00e9e":"3 minutes"},"schema":{"@context":"https:\/\/schema.org","@graph":[{"@type":"WebPage","@id":"https:\/\/www.musee-mccord-stewart.ca\/fr\/menu-activites\/projet-photographique-collaboratif\/","url":"https:\/\/www.musee-mccord-stewart.ca\/fr\/menu-activites\/projet-photographique-collaboratif\/","name":"Projet photographique collaboratif : Cadrer le quotidien - Mus\u00e9e McCord Stewart","isPartOf":{"@id":"https:\/\/www.musee-mccord-stewart.ca\/fr\/#website"},"datePublished":"2020-04-07T15:57:47+00:00","dateModified":"2022-09-13T17:15:46+00:00","description":"Ce projet participatif invitait la population \u00e0 exprimer par la photographie comment la situation pand\u00e9mique et le confinement influen\u00e7aient notre relation au monde ext\u00e9rieur et \u00e0 l\u2019autre.","breadcrumb":{"@id":"https:\/\/www.musee-mccord-stewart.ca\/fr\/menu-activites\/projet-photographique-collaboratif\/#breadcrumb"},"inLanguage":"fr-FR","potentialAction":[{"@type":"ReadAction","target":["https:\/\/www.musee-mccord-stewart.ca\/fr\/menu-activites\/projet-photographique-collaboratif\/"]}]},{"@type":"BreadcrumbList","@id":"https:\/\/www.musee-mccord-stewart.ca\/fr\/menu-activites\/projet-photographique-collaboratif\/#breadcrumb","itemListElement":[{"@type":"ListItem","position":1,"name":"Accueil","item":"https:\/\/www.musee-mccord-stewart.ca\/fr\/"},{"@type":"ListItem","position":2,"name":"Activit\u00e9s au programme","item":"https:\/\/www.musee-mccord-stewart.ca\/fr\/menu-activites\/"},{"@type":"ListItem","position":3,"name":"Projet photographique collaboratif"}]},{"@type":"WebSite","@id":"https:\/\/www.musee-mccord-stewart.ca\/fr\/#website","url":"https:\/\/www.musee-mccord-stewart.ca\/fr\/","name":"Mus\u00e9e McCord Stewart","description":"Notre monde, nos histoires","publisher":{"@id":"https:\/\/www.musee-mccord-stewart.ca\/fr\/#organization"},"alternateName":"MCS","potentialAction":[{"@type":"SearchAction","target":{"@type":"EntryPoint","urlTemplate":"https:\/\/www.musee-mccord-stewart.ca\/fr\/?s={search_term_string}"},"query-input":"required name=search_term_string"}],"inLanguage":"fr-FR"},{"@type":"Organization","@id":"https:\/\/www.musee-mccord-stewart.ca\/fr\/#organization","name":"McCord Stewart Museum","alternateName":"MCS","url":"https:\/\/www.musee-mccord-stewart.ca\/fr\/","logo":{"@type":"ImageObject","inLanguage":"fr-FR","@id":"https:\/\/www.musee-mccord-stewart.ca\/fr\/#\/schema\/logo\/image\/","url":"https:\/\/www.musee-mccord-stewart.ca\/app\/uploads\/2023\/05\/logo_museemccordstewart_horizontal_noir_slogan.svg","contentUrl":"https:\/\/www.musee-mccord-stewart.ca\/app\/uploads\/2023\/05\/logo_museemccordstewart_horizontal_noir_slogan.svg","width":1,"height":1,"caption":"McCord Stewart Museum"},"image":{"@id":"https:\/\/www.musee-mccord-stewart.ca\/fr\/#\/schema\/logo\/image\/"},"sameAs":["https:\/\/www.facebook.com\/museemccordstewart","https:\/\/twitter.com\/MuseeMcCordStew","https:\/\/instagram.com\/museemccordstewart","https:\/\/www.linkedin.com\/company\/museemccordstewart\/","https:\/\/www.pinterest.com\/museemccordstewart\/","https:\/\/www.youtube.com\/c\/MuseeMcCordStewartMuseum"]}]}},"_links":{"self":[{"href":"https:\/\/www.musee-mccord-stewart.ca\/fr\/wp-json\/wp\/v2\/pages\/27437"}],"collection":[{"href":"https:\/\/www.musee-mccord-stewart.ca\/fr\/wp-json\/wp\/v2\/pages"}],"about":[{"href":"https:\/\/www.musee-mccord-stewart.ca\/fr\/wp-json\/wp\/v2\/types\/page"}],"author":[{"embeddable":true,"href":"https:\/\/www.musee-mccord-stewart.ca\/fr\/wp-json\/wp\/v2\/users\/1"}],"replies":[{"embeddable":true,"href":"https:\/\/www.musee-mccord-stewart.ca\/fr\/wp-json\/wp\/v2\/comments?post=27437"}],"version-history":[{"count":0,"href":"https:\/\/www.musee-mccord-stewart.ca\/fr\/wp-json\/wp\/v2\/pages\/27437\/revisions"}],"up":[{"embeddable":true,"href":"https:\/\/www.musee-mccord-stewart.ca\/fr\/wp-json\/wp\/v2\/pages\/23124"}],"wp:attachment":[{"href":"https:\/\/www.musee-mccord-stewart.ca\/fr\/wp-json\/wp\/v2\/media?parent=27437"}],"wp:term":[{"taxonomy":"category","embeddable":true,"href":"https:\/\/www.musee-mccord-stewart.ca\/fr\/wp-json\/wp\/v2\/categories?post=27437"},{"taxonomy":"post_tag","embeddable":true,"href":"https:\/\/www.musee-mccord-stewart.ca\/fr\/wp-json\/wp\/v2\/tags?post=27437"}],"curies":[{"name":"wp","href":"https:\/\/api.w.org\/{rel}","templated":true}]}}