{"id":27226,"date":"2020-03-19T13:47:23","date_gmt":"2020-03-19T17:47:23","guid":{"rendered":"http:\/\/www.musee-mccord-stewart.ca\/?page_id=27226\/"},"modified":"2025-07-08T15:05:25","modified_gmt":"2025-07-08T19:05:25","slug":"musee-a-la-maison","status":"publish","type":"page","link":"https:\/\/www.musee-mccord-stewart.ca\/fr\/menu-activites\/musee-a-la-maison\/","title":{"rendered":"Le Mus\u00e9e \u00e0 la maison"},"content":{"rendered":"<p>Le Mus\u00e9e vous propose des contenus de qualit\u00e9, divertissants et accessibles directement depuis vos appareils \u00e9lectroniques. D\u00e9couvrez des <strong>captations de conf\u00e9rences<\/strong> et tables rondes, des <strong>vid\u00e9os<\/strong>, des informations pertinentes sur nos <strong>collections<\/strong>, des <strong>baladodiffusions<\/strong>, des <strong>jeux pour enfants<\/strong> et bien d\u2019autres contenus \u00e0 consommer virtuellement, sans mod\u00e9ration!<\/p>\n<p>Naviguez ci-bas \u00e0 travers les th\u00e9matiques <a title=\"\" href=\"#montreal\"><strong>Montr\u00e9al<\/strong><\/a>, <strong><a href=\"#mode\">mode<\/a><\/strong>, <strong><a href=\"#photographie\">photographie<\/a><\/strong>, <strong><a title=\"\" href=\"#autochtones\">cultures autochtones<\/a><\/strong> et <a title=\"\" href=\"#famille\"><strong>famille<\/strong><\/a>\u00a0pour d\u00e9couvrir diff\u00e9rents types de contenu qui raviront tous les amateurs de culture. Il vous suffit de <strong>cliquer sur le bloc qui vous int\u00e9resse<\/strong> pour acc\u00e9der au contenu.<\/p>\n<p>Les pages de nos <strong>expositions en cours<\/strong>, <a title=\"Christian Dior\" href=\"http:\/\/www.musee-mccord-stewart.ca\/fr\/expositions\/christian-dior\/\"><strong><em>Christian Dior<\/em><\/strong><\/a>,<strong><em> <a href=\"http:\/\/www.musee-mccord-stewart.ca\/fr\/expositions\/chapleau-profession-caricaturiste\/\">Chapleau \u2013 Profession : caricaturiste<\/a><\/em><\/strong>, <a title=\"Griffintown \u2013 Montr\u00e9al en mutation\" href=\"http:\/\/www.musee-mccord-stewart.ca\/fr\/expositions\/griffintown\/\"><strong><em>Griffintown \u2013 Montr\u00e9al en mutation<\/em><\/strong><\/a> et <strong><em><a title=\"Porter son identit\u00e9. La collection Premiers Peuples\" href=\"http:\/\/www.musee-mccord-stewart.ca\/fr\/expositions\/porter-son-identite-la-collection-premiers-peuples\/\">Porter son identit\u00e9. La collection Premiers Peuples<\/a><\/em><\/strong> sont aussi bonifi\u00e9es r\u00e9guli\u00e8rement avec des contenus compl\u00e9mentaires.<\/p>\n","protected":false},"excerpt":{"rendered":"<p>Le Mus\u00e9e vous propose des contenus de qualit\u00e9, divertissants et accessibles directement depuis vos appareils \u00e9lectroniques. D\u00e9couvrez des captations de conf\u00e9rences et tables rondes, des vid\u00e9os, des informations pertinentes sur nos collections, des baladodiffusions, des jeux pour enfants et bien d\u2019autres contenus \u00e0 consommer virtuellement, sans mod\u00e9ration! Naviguez ci-bas \u00e0 travers les th\u00e9matiques Montr\u00e9al, mode, [&hellip;]<\/p>\n","protected":false},"author":17,"featured_media":0,"parent":23124,"menu_order":0,"comment_status":"closed","ping_status":"closed","template":"page-templates\/page-texte.php","meta":{"footnotes":""},"categories":[],"tags":[],"acf":[],"yoast_head":"<!-- This site is optimized with the Yoast SEO Premium plugin v20.11 (Yoast SEO v20.11) - https:\/\/yoast.com\/wordpress\/plugins\/seo\/ -->\n<title>Le Mus\u00e9e \u00e0 la maison - Mus\u00e9e McCord Stewart<\/title>\n<meta name=\"description\" content=\"Le Mus\u00e9e vous propose des contenus de qualit\u00e9, divertissants et accessibles directement depuis vos appareils \u00e9lectroniques. D\u00e9couvrez des captations de\" \/>\n<meta name=\"robots\" content=\"index, follow, max-snippet:-1, max-image-preview:large, max-video-preview:-1\" \/>\n<link rel=\"canonical\" href=\"https:\/\/www.musee-mccord-stewart.ca\/fr\/menu-activites\/musee-a-la-maison\/\" \/>\n<meta property=\"og:locale\" content=\"fr_FR\" \/>\n<meta property=\"og:type\" content=\"article\" \/>\n<meta property=\"og:title\" content=\"Le Mus\u00e9e \u00e0 la maison\" \/>\n<meta property=\"og:description\" content=\"Le Mus\u00e9e vous propose des contenus de qualit\u00e9, divertissants et accessibles directement depuis vos appareils \u00e9lectroniques. D\u00e9couvrez des captations de\" \/>\n<meta property=\"og:url\" content=\"https:\/\/www.musee-mccord-stewart.ca\/fr\/menu-activites\/musee-a-la-maison\/\" \/>\n<meta property=\"og:site_name\" content=\"Mus\u00e9e McCord Stewart\" \/>\n<meta property=\"article:publisher\" content=\"https:\/\/www.facebook.com\/museemccordstewart\" \/>\n<meta property=\"article:modified_time\" content=\"2025-07-08T19:05:25+00:00\" \/>\n<meta property=\"og:image\" content=\"https:\/\/www.musee-mccord-stewart.ca\/app\/uploads\/2022\/09\/mccord-stewart_facade-exterieur-henderson-2022_roger-aziz_1320x480.jpg\" \/>\n\t<meta property=\"og:image:width\" content=\"1320\" \/>\n\t<meta property=\"og:image:height\" content=\"480\" \/>\n\t<meta property=\"og:image:type\" content=\"image\/jpeg\" \/>\n<meta name=\"twitter:card\" content=\"summary_large_image\" \/>\n<meta name=\"twitter:site\" content=\"@MuseeMcCordStew\" \/>\n<meta name=\"twitter:label1\" content=\"Dur\u00e9e de lecture estim\u00e9e\" \/>\n\t<meta name=\"twitter:data1\" content=\"1 minute\" \/>\n<script type=\"application\/ld+json\" class=\"yoast-schema-graph\">{\"@context\":\"https:\/\/schema.org\",\"@graph\":[{\"@type\":\"WebPage\",\"@id\":\"https:\/\/www.musee-mccord-stewart.ca\/fr\/menu-activites\/musee-a-la-maison\/\",\"url\":\"https:\/\/www.musee-mccord-stewart.ca\/fr\/menu-activites\/musee-a-la-maison\/\",\"name\":\"Le Mus\u00e9e \u00e0 la maison - Mus\u00e9e McCord Stewart\",\"isPartOf\":{\"@id\":\"https:\/\/www.musee-mccord-stewart.ca\/fr\/#website\"},\"datePublished\":\"2020-03-19T17:47:23+00:00\",\"dateModified\":\"2025-07-08T19:05:25+00:00\",\"description\":\"Le Mus\u00e9e vous propose des contenus de qualit\u00e9, divertissants et accessibles directement depuis vos appareils \u00e9lectroniques. D\u00e9couvrez des captations de\",\"breadcrumb\":{\"@id\":\"https:\/\/www.musee-mccord-stewart.ca\/fr\/menu-activites\/musee-a-la-maison\/#breadcrumb\"},\"inLanguage\":\"fr-FR\",\"potentialAction\":[{\"@type\":\"ReadAction\",\"target\":[\"https:\/\/www.musee-mccord-stewart.ca\/fr\/menu-activites\/musee-a-la-maison\/\"]}]},{\"@type\":\"BreadcrumbList\",\"@id\":\"https:\/\/www.musee-mccord-stewart.ca\/fr\/menu-activites\/musee-a-la-maison\/#breadcrumb\",\"itemListElement\":[{\"@type\":\"ListItem\",\"position\":1,\"name\":\"Accueil\",\"item\":\"https:\/\/www.musee-mccord-stewart.ca\/fr\/\"},{\"@type\":\"ListItem\",\"position\":2,\"name\":\"Activit\u00e9s au programme\",\"item\":\"https:\/\/www.musee-mccord-stewart.ca\/fr\/menu-activites\/\"},{\"@type\":\"ListItem\",\"position\":3,\"name\":\"Le Mus\u00e9e \u00e0 la maison\"}]},{\"@type\":\"WebSite\",\"@id\":\"https:\/\/www.musee-mccord-stewart.ca\/fr\/#website\",\"url\":\"https:\/\/www.musee-mccord-stewart.ca\/fr\/\",\"name\":\"Mus\u00e9e McCord Stewart\",\"description\":\"Notre monde, nos histoires\",\"publisher\":{\"@id\":\"https:\/\/www.musee-mccord-stewart.ca\/fr\/#organization\"},\"alternateName\":\"MCS\",\"potentialAction\":[{\"@type\":\"SearchAction\",\"target\":{\"@type\":\"EntryPoint\",\"urlTemplate\":\"https:\/\/www.musee-mccord-stewart.ca\/fr\/?s={search_term_string}\"},\"query-input\":\"required name=search_term_string\"}],\"inLanguage\":\"fr-FR\"},{\"@type\":\"Organization\",\"@id\":\"https:\/\/www.musee-mccord-stewart.ca\/fr\/#organization\",\"name\":\"McCord Stewart Museum\",\"alternateName\":\"MCS\",\"url\":\"https:\/\/www.musee-mccord-stewart.ca\/fr\/\",\"logo\":{\"@type\":\"ImageObject\",\"inLanguage\":\"fr-FR\",\"@id\":\"https:\/\/www.musee-mccord-stewart.ca\/fr\/#\/schema\/logo\/image\/\",\"url\":\"https:\/\/www.musee-mccord-stewart.ca\/app\/uploads\/2023\/05\/logo_museemccordstewart_horizontal_noir_slogan.svg\",\"contentUrl\":\"https:\/\/www.musee-mccord-stewart.ca\/app\/uploads\/2023\/05\/logo_museemccordstewart_horizontal_noir_slogan.svg\",\"width\":1,\"height\":1,\"caption\":\"McCord Stewart Museum\"},\"image\":{\"@id\":\"https:\/\/www.musee-mccord-stewart.ca\/fr\/#\/schema\/logo\/image\/\"},\"sameAs\":[\"https:\/\/www.facebook.com\/museemccordstewart\",\"https:\/\/twitter.com\/MuseeMcCordStew\",\"https:\/\/instagram.com\/museemccordstewart\",\"https:\/\/www.linkedin.com\/company\/museemccordstewart\/\",\"https:\/\/www.pinterest.com\/museemccordstewart\/\",\"https:\/\/www.youtube.com\/c\/MuseeMcCordStewartMuseum\"]}]}<\/script>\n<!-- \/ Yoast SEO Premium plugin. -->","yoast_head_json":{"title":"Le Mus\u00e9e \u00e0 la maison - Mus\u00e9e McCord Stewart","description":"Le Mus\u00e9e vous propose des contenus de qualit\u00e9, divertissants et accessibles directement depuis vos appareils \u00e9lectroniques. D\u00e9couvrez des captations de","robots":{"index":"index","follow":"follow","max-snippet":"max-snippet:-1","max-image-preview":"max-image-preview:large","max-video-preview":"max-video-preview:-1"},"canonical":"https:\/\/www.musee-mccord-stewart.ca\/fr\/menu-activites\/musee-a-la-maison\/","og_locale":"fr_FR","og_type":"article","og_title":"Le Mus\u00e9e \u00e0 la maison","og_description":"Le Mus\u00e9e vous propose des contenus de qualit\u00e9, divertissants et accessibles directement depuis vos appareils \u00e9lectroniques. D\u00e9couvrez des captations de","og_url":"https:\/\/www.musee-mccord-stewart.ca\/fr\/menu-activites\/musee-a-la-maison\/","og_site_name":"Mus\u00e9e McCord Stewart","article_publisher":"https:\/\/www.facebook.com\/museemccordstewart","article_modified_time":"2025-07-08T19:05:25+00:00","og_image":[{"width":1320,"height":480,"url":"https:\/\/www.musee-mccord-stewart.ca\/app\/uploads\/2022\/09\/mccord-stewart_facade-exterieur-henderson-2022_roger-aziz_1320x480.jpg","type":"image\/jpeg"}],"twitter_card":"summary_large_image","twitter_site":"@MuseeMcCordStew","twitter_misc":{"Dur\u00e9e de lecture estim\u00e9e":"1 minute"},"schema":{"@context":"https:\/\/schema.org","@graph":[{"@type":"WebPage","@id":"https:\/\/www.musee-mccord-stewart.ca\/fr\/menu-activites\/musee-a-la-maison\/","url":"https:\/\/www.musee-mccord-stewart.ca\/fr\/menu-activites\/musee-a-la-maison\/","name":"Le Mus\u00e9e \u00e0 la maison - Mus\u00e9e McCord Stewart","isPartOf":{"@id":"https:\/\/www.musee-mccord-stewart.ca\/fr\/#website"},"datePublished":"2020-03-19T17:47:23+00:00","dateModified":"2025-07-08T19:05:25+00:00","description":"Le Mus\u00e9e vous propose des contenus de qualit\u00e9, divertissants et accessibles directement depuis vos appareils \u00e9lectroniques. D\u00e9couvrez des captations de","breadcrumb":{"@id":"https:\/\/www.musee-mccord-stewart.ca\/fr\/menu-activites\/musee-a-la-maison\/#breadcrumb"},"inLanguage":"fr-FR","potentialAction":[{"@type":"ReadAction","target":["https:\/\/www.musee-mccord-stewart.ca\/fr\/menu-activites\/musee-a-la-maison\/"]}]},{"@type":"BreadcrumbList","@id":"https:\/\/www.musee-mccord-stewart.ca\/fr\/menu-activites\/musee-a-la-maison\/#breadcrumb","itemListElement":[{"@type":"ListItem","position":1,"name":"Accueil","item":"https:\/\/www.musee-mccord-stewart.ca\/fr\/"},{"@type":"ListItem","position":2,"name":"Activit\u00e9s au programme","item":"https:\/\/www.musee-mccord-stewart.ca\/fr\/menu-activites\/"},{"@type":"ListItem","position":3,"name":"Le Mus\u00e9e \u00e0 la maison"}]},{"@type":"WebSite","@id":"https:\/\/www.musee-mccord-stewart.ca\/fr\/#website","url":"https:\/\/www.musee-mccord-stewart.ca\/fr\/","name":"Mus\u00e9e McCord Stewart","description":"Notre monde, nos histoires","publisher":{"@id":"https:\/\/www.musee-mccord-stewart.ca\/fr\/#organization"},"alternateName":"MCS","potentialAction":[{"@type":"SearchAction","target":{"@type":"EntryPoint","urlTemplate":"https:\/\/www.musee-mccord-stewart.ca\/fr\/?s={search_term_string}"},"query-input":"required name=search_term_string"}],"inLanguage":"fr-FR"},{"@type":"Organization","@id":"https:\/\/www.musee-mccord-stewart.ca\/fr\/#organization","name":"McCord Stewart Museum","alternateName":"MCS","url":"https:\/\/www.musee-mccord-stewart.ca\/fr\/","logo":{"@type":"ImageObject","inLanguage":"fr-FR","@id":"https:\/\/www.musee-mccord-stewart.ca\/fr\/#\/schema\/logo\/image\/","url":"https:\/\/www.musee-mccord-stewart.ca\/app\/uploads\/2023\/05\/logo_museemccordstewart_horizontal_noir_slogan.svg","contentUrl":"https:\/\/www.musee-mccord-stewart.ca\/app\/uploads\/2023\/05\/logo_museemccordstewart_horizontal_noir_slogan.svg","width":1,"height":1,"caption":"McCord Stewart Museum"},"image":{"@id":"https:\/\/www.musee-mccord-stewart.ca\/fr\/#\/schema\/logo\/image\/"},"sameAs":["https:\/\/www.facebook.com\/museemccordstewart","https:\/\/twitter.com\/MuseeMcCordStew","https:\/\/instagram.com\/museemccordstewart","https:\/\/www.linkedin.com\/company\/museemccordstewart\/","https:\/\/www.pinterest.com\/museemccordstewart\/","https:\/\/www.youtube.com\/c\/MuseeMcCordStewartMuseum"]}]}},"_links":{"self":[{"href":"https:\/\/www.musee-mccord-stewart.ca\/fr\/wp-json\/wp\/v2\/pages\/27226"}],"collection":[{"href":"https:\/\/www.musee-mccord-stewart.ca\/fr\/wp-json\/wp\/v2\/pages"}],"about":[{"href":"https:\/\/www.musee-mccord-stewart.ca\/fr\/wp-json\/wp\/v2\/types\/page"}],"author":[{"embeddable":true,"href":"https:\/\/www.musee-mccord-stewart.ca\/fr\/wp-json\/wp\/v2\/users\/17"}],"replies":[{"embeddable":true,"href":"https:\/\/www.musee-mccord-stewart.ca\/fr\/wp-json\/wp\/v2\/comments?post=27226"}],"version-history":[{"count":0,"href":"https:\/\/www.musee-mccord-stewart.ca\/fr\/wp-json\/wp\/v2\/pages\/27226\/revisions"}],"up":[{"embeddable":true,"href":"https:\/\/www.musee-mccord-stewart.ca\/fr\/wp-json\/wp\/v2\/pages\/23124"}],"wp:attachment":[{"href":"https:\/\/www.musee-mccord-stewart.ca\/fr\/wp-json\/wp\/v2\/media?parent=27226"}],"wp:term":[{"taxonomy":"category","embeddable":true,"href":"https:\/\/www.musee-mccord-stewart.ca\/fr\/wp-json\/wp\/v2\/categories?post=27226"},{"taxonomy":"post_tag","embeddable":true,"href":"https:\/\/www.musee-mccord-stewart.ca\/fr\/wp-json\/wp\/v2\/tags?post=27226"}],"curies":[{"name":"wp","href":"https:\/\/api.w.org\/{rel}","templated":true}]}}