{"id":25959,"date":"2019-08-28T13:44:22","date_gmt":"2019-08-28T17:44:22","guid":{"rendered":"https:\/\/www.musee-mccord-stewart.ca\/?page_id=25959\/"},"modified":"2026-04-08T10:15:49","modified_gmt":"2026-04-08T14:15:49","slug":"faq-groupes","status":"publish","type":"page","link":"https:\/\/www.musee-mccord-stewart.ca\/fr\/groupes\/faq-groupes\/","title":{"rendered":"Foire aux questions (FAQ) : groupes"},"content":{"rendered":"<p>Nous vous invitons \u00e0 consulter ci-dessous nos r\u00e9ponses aux questions fr\u00e9quentes concernant les r\u00e9servations de groupes et les tarifs d\u2019entr\u00e9e, l\u2019acc\u00e8s au Mus\u00e9e et les heures d\u2019ouverture, les informations relatives aux visites, et les services offerts aux visiteurs.<\/p>\n<p>Pour plus d&rsquo;informations sur les <strong>visites individuelles<\/strong>, <a title=\"Questions fr\u00e9quentes (FAQ)\" href=\"https:\/\/www.musee-mccord-stewart.ca\/fr\/foire-aux-questions-faq-visiteurs-individuels\/\">consultez la page Questions fr\u00e9quentes (FAQ)<\/a>.<br \/>\n<a class=\"cta\" href=\"https:\/\/pages.mccord.museum\/reservation-groupe\" target=\"_blank\" rel=\"noopener\">R\u00e9servez votre visite<i class=\"arrow-right-thickicon-\"><\/i><\/a><\/p>\n<h3>Pr\u00e9parez votre visite<\/h3>\n<p><a title=\"\" href=\"https:\/\/www.musee-mccord-stewart.ca\/app\/uploads\/2026\/02\/informations-pratique-musee-mccord-stewart_02272026.pdf\">Informations g\u00e9n\u00e9rales<i class=\"arrow-right-thickicon-\"><\/i><\/a><br \/>\n<a href=\"https:\/\/www.musee-mccord-stewart.ca\/fr\/groupes\/instructions-reservation\/\">Instructions pour les r\u00e9servations de groupes<i class=\"arrow-right-thickicon-\"><\/i><\/a><\/p>\n","protected":false},"excerpt":{"rendered":"<p>Nous vous invitons \u00e0 consulter ci-dessous nos r\u00e9ponses aux questions fr\u00e9quentes concernant les r\u00e9servations de groupes et les tarifs d\u2019entr\u00e9e, l\u2019acc\u00e8s au Mus\u00e9e et les heures d\u2019ouverture, les informations relatives aux visites, et les services offerts aux visiteurs. Pour plus d&rsquo;informations sur les visites individuelles, consultez la page Questions fr\u00e9quentes (FAQ). R\u00e9servez votre visite Pr\u00e9parez [&hellip;]<\/p>\n","protected":false},"author":17,"featured_media":0,"parent":23232,"menu_order":0,"comment_status":"closed","ping_status":"closed","template":"page-templates\/page-texte.php","meta":{"footnotes":""},"categories":[],"tags":[],"acf":[],"yoast_head":"<!-- This site is optimized with the Yoast SEO Premium plugin v20.11 (Yoast SEO v20.11) - https:\/\/yoast.com\/wordpress\/plugins\/seo\/ -->\n<title>Foire aux questions (FAQ) : groupes - Mus\u00e9e McCord Stewart<\/title>\n<meta name=\"description\" content=\"Consulter notre F.A.Q. concernant les r\u00e9servations et les tarifs d\u2019entr\u00e9e, l\u2019acc\u00e8s au Mus\u00e9e, les heures d\u2019ouverture et bien plus encore.\" \/>\n<meta name=\"robots\" content=\"index, follow, max-snippet:-1, max-image-preview:large, max-video-preview:-1\" \/>\n<link rel=\"canonical\" href=\"https:\/\/www.musee-mccord-stewart.ca\/fr\/groupes\/faq-groupes\/\" \/>\n<meta property=\"og:locale\" content=\"fr_FR\" \/>\n<meta property=\"og:type\" content=\"article\" \/>\n<meta property=\"og:title\" content=\"Foire aux questions (FAQ) : groupes\" \/>\n<meta property=\"og:description\" content=\"Consulter notre F.A.Q. concernant les r\u00e9servations et les tarifs d\u2019entr\u00e9e, l\u2019acc\u00e8s au Mus\u00e9e, les heures d\u2019ouverture et bien plus encore.\" \/>\n<meta property=\"og:url\" content=\"https:\/\/www.musee-mccord-stewart.ca\/fr\/groupes\/faq-groupes\/\" \/>\n<meta property=\"og:site_name\" content=\"Mus\u00e9e McCord Stewart\" \/>\n<meta property=\"article:publisher\" content=\"https:\/\/www.facebook.com\/museemccordstewart\" \/>\n<meta property=\"article:modified_time\" content=\"2026-04-08T14:15:49+00:00\" \/>\n<meta property=\"og:image\" content=\"https:\/\/www.musee-mccord-stewart.ca\/app\/uploads\/2024\/05\/mccord-stewart-wampum-thibault-carron-_640x375.jpg\" \/>\n\t<meta property=\"og:image:width\" content=\"640\" \/>\n\t<meta property=\"og:image:height\" content=\"375\" \/>\n\t<meta property=\"og:image:type\" content=\"image\/jpeg\" \/>\n<meta name=\"twitter:card\" content=\"summary_large_image\" \/>\n<meta name=\"twitter:description\" content=\"Consulter notre F.A.Q. concernant les r\u00e9servations et les tarifs d\u2019entr\u00e9e, l\u2019acc\u00e8s au Mus\u00e9e, les heures d\u2019ouverture et bien plus encore.\" \/>\n<meta name=\"twitter:site\" content=\"@MuseeMcCordStew\" \/>\n<meta name=\"twitter:label1\" content=\"Dur\u00e9e de lecture estim\u00e9e\" \/>\n\t<meta name=\"twitter:data1\" content=\"1 minute\" \/>\n<script type=\"application\/ld+json\" class=\"yoast-schema-graph\">{\"@context\":\"https:\/\/schema.org\",\"@graph\":[{\"@type\":\"WebPage\",\"@id\":\"https:\/\/www.musee-mccord-stewart.ca\/fr\/groupes\/faq-groupes\/\",\"url\":\"https:\/\/www.musee-mccord-stewart.ca\/fr\/groupes\/faq-groupes\/\",\"name\":\"Foire aux questions (FAQ) : groupes - Mus\u00e9e McCord Stewart\",\"isPartOf\":{\"@id\":\"https:\/\/www.musee-mccord-stewart.ca\/fr\/#website\"},\"datePublished\":\"2019-08-28T17:44:22+00:00\",\"dateModified\":\"2026-04-08T14:15:49+00:00\",\"description\":\"Consulter notre F.A.Q. concernant les r\u00e9servations et les tarifs d\u2019entr\u00e9e, l\u2019acc\u00e8s au Mus\u00e9e, les heures d\u2019ouverture et bien plus encore.\",\"breadcrumb\":{\"@id\":\"https:\/\/www.musee-mccord-stewart.ca\/fr\/groupes\/faq-groupes\/#breadcrumb\"},\"inLanguage\":\"fr-FR\",\"potentialAction\":[{\"@type\":\"ReadAction\",\"target\":[\"https:\/\/www.musee-mccord-stewart.ca\/fr\/groupes\/faq-groupes\/\"]}]},{\"@type\":\"BreadcrumbList\",\"@id\":\"https:\/\/www.musee-mccord-stewart.ca\/fr\/groupes\/faq-groupes\/#breadcrumb\",\"itemListElement\":[{\"@type\":\"ListItem\",\"position\":1,\"name\":\"Accueil\",\"item\":\"https:\/\/www.musee-mccord-stewart.ca\/fr\/\"},{\"@type\":\"ListItem\",\"position\":2,\"name\":\"Groupes\",\"item\":\"https:\/\/www.musee-mccord-stewart.ca\/fr\/groupes\/\"},{\"@type\":\"ListItem\",\"position\":3,\"name\":\"Foire aux questions (FAQ) : groupes\"}]},{\"@type\":\"WebSite\",\"@id\":\"https:\/\/www.musee-mccord-stewart.ca\/fr\/#website\",\"url\":\"https:\/\/www.musee-mccord-stewart.ca\/fr\/\",\"name\":\"Mus\u00e9e McCord Stewart\",\"description\":\"Notre monde, nos histoires\",\"publisher\":{\"@id\":\"https:\/\/www.musee-mccord-stewart.ca\/fr\/#organization\"},\"alternateName\":\"MCS\",\"potentialAction\":[{\"@type\":\"SearchAction\",\"target\":{\"@type\":\"EntryPoint\",\"urlTemplate\":\"https:\/\/www.musee-mccord-stewart.ca\/fr\/?s={search_term_string}\"},\"query-input\":\"required name=search_term_string\"}],\"inLanguage\":\"fr-FR\"},{\"@type\":\"Organization\",\"@id\":\"https:\/\/www.musee-mccord-stewart.ca\/fr\/#organization\",\"name\":\"McCord Stewart Museum\",\"alternateName\":\"MCS\",\"url\":\"https:\/\/www.musee-mccord-stewart.ca\/fr\/\",\"logo\":{\"@type\":\"ImageObject\",\"inLanguage\":\"fr-FR\",\"@id\":\"https:\/\/www.musee-mccord-stewart.ca\/fr\/#\/schema\/logo\/image\/\",\"url\":\"https:\/\/www.musee-mccord-stewart.ca\/app\/uploads\/2023\/05\/logo_museemccordstewart_horizontal_noir_slogan.svg\",\"contentUrl\":\"https:\/\/www.musee-mccord-stewart.ca\/app\/uploads\/2023\/05\/logo_museemccordstewart_horizontal_noir_slogan.svg\",\"width\":1,\"height\":1,\"caption\":\"McCord Stewart Museum\"},\"image\":{\"@id\":\"https:\/\/www.musee-mccord-stewart.ca\/fr\/#\/schema\/logo\/image\/\"},\"sameAs\":[\"https:\/\/www.facebook.com\/museemccordstewart\",\"https:\/\/twitter.com\/MuseeMcCordStew\",\"https:\/\/instagram.com\/museemccordstewart\",\"https:\/\/www.linkedin.com\/company\/museemccordstewart\/\",\"https:\/\/www.pinterest.com\/museemccordstewart\/\",\"https:\/\/www.youtube.com\/c\/MuseeMcCordStewartMuseum\"]}]}<\/script>\n<!-- \/ Yoast SEO Premium plugin. -->","yoast_head_json":{"title":"Foire aux questions (FAQ) : groupes - Mus\u00e9e McCord Stewart","description":"Consulter notre F.A.Q. concernant les r\u00e9servations et les tarifs d\u2019entr\u00e9e, l\u2019acc\u00e8s au Mus\u00e9e, les heures d\u2019ouverture et bien plus encore.","robots":{"index":"index","follow":"follow","max-snippet":"max-snippet:-1","max-image-preview":"max-image-preview:large","max-video-preview":"max-video-preview:-1"},"canonical":"https:\/\/www.musee-mccord-stewart.ca\/fr\/groupes\/faq-groupes\/","og_locale":"fr_FR","og_type":"article","og_title":"Foire aux questions (FAQ) : groupes","og_description":"Consulter notre F.A.Q. concernant les r\u00e9servations et les tarifs d\u2019entr\u00e9e, l\u2019acc\u00e8s au Mus\u00e9e, les heures d\u2019ouverture et bien plus encore.","og_url":"https:\/\/www.musee-mccord-stewart.ca\/fr\/groupes\/faq-groupes\/","og_site_name":"Mus\u00e9e McCord Stewart","article_publisher":"https:\/\/www.facebook.com\/museemccordstewart","article_modified_time":"2026-04-08T14:15:49+00:00","og_image":[{"width":640,"height":375,"url":"https:\/\/www.musee-mccord-stewart.ca\/app\/uploads\/2024\/05\/mccord-stewart-wampum-thibault-carron-_640x375.jpg","type":"image\/jpeg"}],"twitter_card":"summary_large_image","twitter_description":"Consulter notre F.A.Q. concernant les r\u00e9servations et les tarifs d\u2019entr\u00e9e, l\u2019acc\u00e8s au Mus\u00e9e, les heures d\u2019ouverture et bien plus encore.","twitter_site":"@MuseeMcCordStew","twitter_misc":{"Dur\u00e9e de lecture estim\u00e9e":"1 minute"},"schema":{"@context":"https:\/\/schema.org","@graph":[{"@type":"WebPage","@id":"https:\/\/www.musee-mccord-stewart.ca\/fr\/groupes\/faq-groupes\/","url":"https:\/\/www.musee-mccord-stewart.ca\/fr\/groupes\/faq-groupes\/","name":"Foire aux questions (FAQ) : groupes - Mus\u00e9e McCord Stewart","isPartOf":{"@id":"https:\/\/www.musee-mccord-stewart.ca\/fr\/#website"},"datePublished":"2019-08-28T17:44:22+00:00","dateModified":"2026-04-08T14:15:49+00:00","description":"Consulter notre F.A.Q. concernant les r\u00e9servations et les tarifs d\u2019entr\u00e9e, l\u2019acc\u00e8s au Mus\u00e9e, les heures d\u2019ouverture et bien plus encore.","breadcrumb":{"@id":"https:\/\/www.musee-mccord-stewart.ca\/fr\/groupes\/faq-groupes\/#breadcrumb"},"inLanguage":"fr-FR","potentialAction":[{"@type":"ReadAction","target":["https:\/\/www.musee-mccord-stewart.ca\/fr\/groupes\/faq-groupes\/"]}]},{"@type":"BreadcrumbList","@id":"https:\/\/www.musee-mccord-stewart.ca\/fr\/groupes\/faq-groupes\/#breadcrumb","itemListElement":[{"@type":"ListItem","position":1,"name":"Accueil","item":"https:\/\/www.musee-mccord-stewart.ca\/fr\/"},{"@type":"ListItem","position":2,"name":"Groupes","item":"https:\/\/www.musee-mccord-stewart.ca\/fr\/groupes\/"},{"@type":"ListItem","position":3,"name":"Foire aux questions (FAQ) : groupes"}]},{"@type":"WebSite","@id":"https:\/\/www.musee-mccord-stewart.ca\/fr\/#website","url":"https:\/\/www.musee-mccord-stewart.ca\/fr\/","name":"Mus\u00e9e McCord Stewart","description":"Notre monde, nos histoires","publisher":{"@id":"https:\/\/www.musee-mccord-stewart.ca\/fr\/#organization"},"alternateName":"MCS","potentialAction":[{"@type":"SearchAction","target":{"@type":"EntryPoint","urlTemplate":"https:\/\/www.musee-mccord-stewart.ca\/fr\/?s={search_term_string}"},"query-input":"required name=search_term_string"}],"inLanguage":"fr-FR"},{"@type":"Organization","@id":"https:\/\/www.musee-mccord-stewart.ca\/fr\/#organization","name":"McCord Stewart Museum","alternateName":"MCS","url":"https:\/\/www.musee-mccord-stewart.ca\/fr\/","logo":{"@type":"ImageObject","inLanguage":"fr-FR","@id":"https:\/\/www.musee-mccord-stewart.ca\/fr\/#\/schema\/logo\/image\/","url":"https:\/\/www.musee-mccord-stewart.ca\/app\/uploads\/2023\/05\/logo_museemccordstewart_horizontal_noir_slogan.svg","contentUrl":"https:\/\/www.musee-mccord-stewart.ca\/app\/uploads\/2023\/05\/logo_museemccordstewart_horizontal_noir_slogan.svg","width":1,"height":1,"caption":"McCord Stewart Museum"},"image":{"@id":"https:\/\/www.musee-mccord-stewart.ca\/fr\/#\/schema\/logo\/image\/"},"sameAs":["https:\/\/www.facebook.com\/museemccordstewart","https:\/\/twitter.com\/MuseeMcCordStew","https:\/\/instagram.com\/museemccordstewart","https:\/\/www.linkedin.com\/company\/museemccordstewart\/","https:\/\/www.pinterest.com\/museemccordstewart\/","https:\/\/www.youtube.com\/c\/MuseeMcCordStewartMuseum"]}]}},"_links":{"self":[{"href":"https:\/\/www.musee-mccord-stewart.ca\/fr\/wp-json\/wp\/v2\/pages\/25959"}],"collection":[{"href":"https:\/\/www.musee-mccord-stewart.ca\/fr\/wp-json\/wp\/v2\/pages"}],"about":[{"href":"https:\/\/www.musee-mccord-stewart.ca\/fr\/wp-json\/wp\/v2\/types\/page"}],"author":[{"embeddable":true,"href":"https:\/\/www.musee-mccord-stewart.ca\/fr\/wp-json\/wp\/v2\/users\/17"}],"replies":[{"embeddable":true,"href":"https:\/\/www.musee-mccord-stewart.ca\/fr\/wp-json\/wp\/v2\/comments?post=25959"}],"version-history":[{"count":0,"href":"https:\/\/www.musee-mccord-stewart.ca\/fr\/wp-json\/wp\/v2\/pages\/25959\/revisions"}],"up":[{"embeddable":true,"href":"https:\/\/www.musee-mccord-stewart.ca\/fr\/wp-json\/wp\/v2\/pages\/23232"}],"wp:attachment":[{"href":"https:\/\/www.musee-mccord-stewart.ca\/fr\/wp-json\/wp\/v2\/media?parent=25959"}],"wp:term":[{"taxonomy":"category","embeddable":true,"href":"https:\/\/www.musee-mccord-stewart.ca\/fr\/wp-json\/wp\/v2\/categories?post=25959"},{"taxonomy":"post_tag","embeddable":true,"href":"https:\/\/www.musee-mccord-stewart.ca\/fr\/wp-json\/wp\/v2\/tags?post=25959"}],"curies":[{"name":"wp","href":"https:\/\/api.w.org\/{rel}","templated":true}]}}