{"id":25522,"date":"2019-06-13T11:57:08","date_gmt":"2019-06-13T15:57:08","guid":{"rendered":"https:\/\/www.musee-mccord-stewart.ca\/?page_id=25522\/"},"modified":"2019-06-28T15:22:50","modified_gmt":"2019-06-28T19:22:50","slug":"montreal-en-polaroid","status":"publish","type":"page","link":"https:\/\/www.musee-mccord-stewart.ca\/fr\/education\/montreal-en-polaroid\/","title":{"rendered":"Montr\u00e9al en Polaroid"},"content":{"rendered":"<p>Fid\u00e8le \u00e0 sa mission de mus\u00e9e d\u2019histoire sociale de Montr\u00e9al, le Mus\u00e9e McCord convie depuis avril les Montr\u00e9alais \u00e0 se joindre au \u00ab Projet Polaroid \u00bb en faisant don de leurs propres photos Polaroid dans le but de cr\u00e9er une oeuvre participative et \u00e9volutive qui sera pr\u00e9sent\u00e9e en derni\u00e8re salle de l\u2019exposition <a title=\"Le Projet Polaroid\" href=\"https:\/\/www.musee-mccord-stewart.ca\/fr\/expositions\/le-projet-polaroid\/\"><strong><em>Le Projet Polaroid \u2013 Art et technologie<\/em><\/strong><\/a>.<\/p>\n<p>En plus de cet appel \u00e0 tous et dans le contexte de sa mission \u00e9ducative et citoyenne, <strong>le Mus\u00e9e a invit\u00e9 onze organismes communautaires \u00e0 participer \u00e0 l\u2019oeuvre<\/strong> : <a title=\"\" href=\"https:\/\/centrecsai.org\/\" target=\"_blank\" rel=\"noopener noreferrer\">Centre social d\u2019aide aux immigrants (CSAI)<\/a>, <a title=\"\" href=\"https:\/\/enfantstransgenres.ca\/\" target=\"_blank\" rel=\"noopener noreferrer\">Enfants Transgenres Canada<\/a>, <a title=\"\" href=\"http:\/\/www.massimadi.ca\/\" target=\"_blank\" rel=\"noopener noreferrer\">Fondation Massimadi<\/a>, <a title=\"\" href=\"http:\/\/ateliersducap.org\" target=\"_blank\" rel=\"noopener noreferrer\">Centre d\u2019Apprentissage Parall\u00e8le (CAP)<\/a>, <a title=\"\" href=\"http:\/\/www.aubergemadeleine.org\/\" target=\"_blank\" rel=\"noopener noreferrer\">Auberge Madeleine<\/a>, <a title=\"\" href=\"https:\/\/www.ceaf-montreal.qc.ca\/\" target=\"_blank\" rel=\"noopener noreferrer\">Centre d\u2019\u00e9ducation et d\u2019action des femmes (C\u00c9AF)<\/a>, <a title=\"\" href=\"https:\/\/www.singa.quebec\/\" target=\"_blank\" rel=\"noopener noreferrer\">SINGA Qu\u00e9bec<\/a>, <a title=\"\" href=\"https:\/\/danslarue.org\" target=\"_blank\" rel=\"noopener noreferrer\">Dans la rue<\/a>, <a title=\"\" href=\"https:\/\/www.ymcaquebec.org\" target=\"_blank\" rel=\"noopener noreferrer\">YMCA Centre-ville<\/a>, <a title=\"\" href=\"https:\/\/www.legroupemaurice.com\/\" target=\"_blank\" rel=\"noopener noreferrer\">ELOGIA du groupe Maurice<\/a> et <a title=\"\" href=\"http:\/\/www.maisonpassages.com\/\" target=\"_blank\" rel=\"noopener noreferrer\">Passages<\/a>.<\/p>\n<p>L\u2019artiste multidisciplinaire Narcisse E. Esfahani a dirig\u00e9 <strong>plus de vingt ateliers sur la photographie Polaroid au sein de ces organismes, dans le cadre du programme d\u00e9mART-Mtl du Conseil des arts de Montr\u00e9al<\/strong>.<\/p>\n<p>Elle poursuivra la d\u00e9marche aupr\u00e8s des enfants du <a title=\"Camp de jour\" href=\"https:\/\/www.musee-mccord-stewart.ca\/fr\/camp-de-jour\/\">camp de jour<\/a> annuel du Mus\u00e9e McCord. \u00c0 ce jour, 193 participants et participantes ont exp\u00e9riment\u00e9 avec le Polaroid et ajout\u00e9 pr\u00e8s de 200 photographies \u00e0 l\u2019oeuvre collective de l\u2019exposition.<\/p>\n<ul class=\"sliderTiny\">\n<li>\n<img decoding=\"async\" src=\"https:\/\/www.musee-mccord-stewart.ca\/app\/uploads\/2019\/06\/mccord_mediation-culturelle_projet-montreal-en-polaroid_img_5410-720x800.jpg\" alt=\"\" title=\"\" \/>\n<\/li>\n<li>\n<img decoding=\"async\" src=\"https:\/\/www.musee-mccord-stewart.ca\/app\/uploads\/2019\/06\/mccord_mediation-culturelle_projet-montreal-en-polaroid_img_5406-750x800.jpg\" alt=\"\" title=\"\" \/>\n<\/li>\n<li>\n<img decoding=\"async\" src=\"https:\/\/www.musee-mccord-stewart.ca\/app\/uploads\/2019\/06\/mccord_mediation-culturelle_projet-montreal-en-polaroid_img_5409-750x800.jpg\" alt=\"\" title=\"\" \/>\n<\/li>\n<li>\n<img decoding=\"async\" src=\"https:\/\/www.musee-mccord-stewart.ca\/app\/uploads\/2019\/06\/mccord_mediation-culturelle_projet-montreal-en-polaroid_img_5408-720x800.jpg\" alt=\"\" title=\"\" \/>\n<\/li>\n<li>\n<img decoding=\"async\" src=\"https:\/\/www.musee-mccord-stewart.ca\/app\/uploads\/2019\/06\/mccord_mediation-culturelle_projet-montreal-en-polaroid_img_5407-750x800.jpg\" alt=\"\" title=\"\" \/>\n<\/li>\n<li>\n<img decoding=\"async\" src=\"https:\/\/www.musee-mccord-stewart.ca\/app\/uploads\/2019\/06\/mccord_mediation-culturelle_projet-montreal-en-polaroid_img_5405-711x800.jpg\" alt=\"\" title=\"\" \/>\n<\/li>\n<li>\n<img decoding=\"async\" src=\"https:\/\/www.musee-mccord-stewart.ca\/app\/uploads\/2019\/06\/mccord_mediation-culturelle_projet-montreal-en-polaroid_img_5417-720x800.jpg\" alt=\"\" title=\"\" \/>\n<\/li>\n<li>\n<img decoding=\"async\" src=\"https:\/\/www.musee-mccord-stewart.ca\/app\/uploads\/2019\/06\/mccord_mediation-culturelle_projet-montreal-en-polaroid_img_5404-700x800.jpg\" alt=\"\" title=\"\" \/>\n<\/li>\n<li>\n<img decoding=\"async\" src=\"https:\/\/www.musee-mccord-stewart.ca\/app\/uploads\/2019\/06\/mccord_mediation-culturelle_projet-montreal-en-polaroid_img_5415-730x800.jpg\" alt=\"\" title=\"\" \/>\n<\/li>\n<li>\n<img decoding=\"async\" src=\"https:\/\/www.musee-mccord-stewart.ca\/app\/uploads\/2019\/06\/mccord_mediation-culturelle_projet-montreal-en-polaroid_img_5403-740x800.jpg\" alt=\"\" title=\"\" \/>\n<\/li>\n<li>\n<img decoding=\"async\" src=\"https:\/\/www.musee-mccord-stewart.ca\/app\/uploads\/2019\/06\/mccord_mediation-culturelle_projet-montreal-en-polaroid_img_5402-750x800.jpg\" alt=\"\" title=\"\" \/>\n<\/li>\n<li>\n<img decoding=\"async\" src=\"https:\/\/www.musee-mccord-stewart.ca\/app\/uploads\/2019\/06\/mccord_mediation-culturelle_projet-montreal-en-polaroid_img_5401-730x800.jpg\" alt=\"\" title=\"\" \/>\n<\/li>\n<li>\n<img decoding=\"async\" src=\"https:\/\/www.musee-mccord-stewart.ca\/app\/uploads\/2019\/06\/mccord_mediation-culturelle_projet-montreal-en-polaroid_img_5400-750x800.jpg\" alt=\"\" title=\"\" \/>\n<\/li>\n<li>\n<img decoding=\"async\" src=\"https:\/\/www.musee-mccord-stewart.ca\/app\/uploads\/2019\/06\/mccord_mediation-culturelle_projet-montreal-en-polaroid_img_5399-760x800.jpg\" alt=\"\" title=\"\" \/>\n<\/li>\n<li>\n<img decoding=\"async\" src=\"https:\/\/www.musee-mccord-stewart.ca\/app\/uploads\/2019\/06\/mccord_mediation-culturelle_projet-montreal-en-polaroid_img_5416-750x800.jpg\" alt=\"\" title=\"\" \/>\n<\/li>\n<li>\n<img decoding=\"async\" src=\"https:\/\/www.musee-mccord-stewart.ca\/app\/uploads\/2019\/06\/mccord_mediation-culturelle_projet-montreal-en-polaroid_img_5414-750x800.jpg\" alt=\"\" title=\"\" \/>\n<\/li>\n<li>\n<img decoding=\"async\" src=\"https:\/\/www.musee-mccord-stewart.ca\/app\/uploads\/2019\/06\/mccord_mediation-culturelle_projet-montreal-en-polaroid_img_5413-730x800.jpg\" alt=\"\" title=\"\" \/>\n<\/li>\n<li>\n<img decoding=\"async\" src=\"https:\/\/www.musee-mccord-stewart.ca\/app\/uploads\/2019\/06\/mccord_mediation-culturelle_projet-montreal-en-polaroid_img_5412-720x800.jpg\" alt=\"\" title=\"\" \/>\n<\/li>\n<\/ul>\n\n<h3>Narcisse E. Esfahani<\/h3>\n<p><a title=\"\" href=\"https:\/\/www.narcisseesfahani.com\/\" target=\"_blank\" rel=\"noopener noreferrer\">Narcisse E. Esfahani<\/a>\u00a0est une artiste multidisciplinaire, d\u2019origine iranienne.<\/p>\n<p>Depuis son arriv\u00e9e \u00e0 Montr\u00e9al en 2012, elle participe de fa\u00e7on tr\u00e8s active \u00e0 la sph\u00e8re d\u2019art de la ville. Elle a collabor\u00e9 b\u00e9n\u00e9volement dans diff\u00e9rents projets de DAM-diversit\u00e9 Artistique Montr\u00e9al et d\u2019AICA-International Association of Art Critics, Canada et de Fondation Marcel Barbeau. Elle a aussi dirig\u00e9 le d\u00e9veloppement artistique d\u2019\u0153uvres cin\u00e9matographiques, de pi\u00e8ces de th\u00e9\u00e2tre et d\u2019espace exposition.<\/p>\n<p>L\u2019artiste a acquis dans les derni\u00e8res ann\u00e9es une vaste exp\u00e9rience dans diff\u00e9rents domaines de l\u2019art, du design, du cin\u00e9ma. Tr\u00e8s active dans le milieu artistique, elle r\u00e9alise de nombreux projets de photographie depuis 2012. Elle a souhait\u00e9 d\u2019ailleurs approfondir ses comp\u00e9tences en obtenant l\u2019AEC en photographie au Dawson College \u00e0 Montr\u00e9al en 2017.<\/p>\n<p>Aujourd\u2019hui elle s\u2019exprime \u00e0 travers la photographie, la vid\u00e9o, l\u2019installation et le volume. Gr\u00e2ce \u00e0 cette curiosit\u00e9, elle a approfondi ses comp\u00e9tences en diff\u00e9rents techniques manuels ainsi que des technologies num\u00e9riques.<\/p>\n<p>Soucieuse de livrer un travail de qualit\u00e9, elle s\u2019est distingu\u00e9e par l\u2019exposition de ses projets artistiques ainsi que par la r\u00e9daction d\u2019articles relatant sa d\u00e9marche artistique. Les \u0153uvres ont \u00e9t\u00e9 diffus\u00e9es aussi dans des revues montr\u00e9alaises telles que Vie Des Arts, le monde, Tic Art Toc.<\/p>\n<p>Le travail de Mme Esfahani a \u00e9t\u00e9 r\u00e9compens\u00e9 par le Conseil des Arts de Montr\u00e9al dans le programme de Bourses Jeunes M\u00e9c\u00e8nes en 2016 et par M.A.I (Montr\u00e9al, arts interculturels) dans le programme des Bourses d\u2019accompagnement en 2014. Elle a r\u00e9cemment obtenu le prix d\u2019excellence de projet de fin d\u2019\u00e9tudes en photographie commerciale de Dawson College en 2017.<\/p>\n<h3>Amplifier Montr\u00e9al<br \/>\nEn partenariat avec l\u2019organisme Dans la rue<\/h3>\n<p>En plus du programme d\u00e9mART-Mtl du Conseil des arts de Montr\u00e9al, le d\u00e9partement de l\u2019Action \u00e9ducative, citoyenne et culturelle du Mus\u00e9e a invit\u00e9 des jeunes fr\u00e9quentant l\u2019organisme Dans la rue \u00e0 prendre part \u00e0 une s\u00e9rie d\u2019ateliers portant sur l\u2019histoire de la photographie, ainsi qu\u2019\u00e0 poursuivre leur exploration du monde de la photographie lors d\u2019une randonn\u00e9e urbaine dans les rues du quartier Ville-Marie.<\/p>\n<p>Les photographies des jeunes sur ce quartier embl\u00e9matique de Montr\u00e9al sont maintenant pr\u00e9sent\u00e9es dans l\u2019exposition Amplifier Montr\u00e9al. Le quartier Ville-Marie est l\u2019un des secteurs les plus vibrants et cosmopolites de la m\u00e9tropole. \u00c0 travers le regard des jeunes, les \u00e9difices de la ville se r\u00e9v\u00e8lent et se c\u00f4toient : \u00e9glises, gratte-ciels, centres commerciaux, petits caf\u00e9s et grands h\u00f4tels se d\u00e9ploient dans l\u2019espace urbain.<\/p>\n<p>L\u2019exposition <em>Amplifier Montr\u00e9al<\/em> rend hommage \u00e0 l\u2019engagement des participants, ainsi qu\u2019\u00e0 leur cr\u00e9ativit\u00e9 et \u00e0 leur talent. Elle est pr\u00e9sent\u00e9e en marge de l\u2019exposition <a title=\"Le Projet Polaroid\" href=\"https:\/\/www.musee-mccord-stewart.ca\/fr\/expositions\/le-projet-polaroid\/\"><strong><em>Le projet Polaroid \u2013 Art et technologie<\/em><\/strong><\/a> au niveau 1 du Mus\u00e9e McCord de la mi-juin jusqu\u2019au 15 septembre.<\/p>\n<h3>Le programme d\u00e9mART\u2013Mtl du Conseil des arts de Montr\u00e9al<\/h3>\n<p>Le <strong>programme d\u00e9mART\u2013Mtl du Conseil des arts de Montr\u00e9al<\/strong> se veut une mesure incitative qui permet l\u2019accueil des artistes et travailleurs culturels issus des communaut\u00e9s culturelles, nouveaux arrivants et de la premi\u00e8re g\u00e9n\u00e9ration, au sein des organismes artistiques \u00e9tablis.<\/p>\n<p>Ce programme offre aux organismes l\u2019opportunit\u00e9 de collaborer avec un artiste professionnel ou un travailleur culturel de la diversit\u00e9 dans un projet con\u00e7u conjointement. Ce programme offre \u00e9galement \u00e0 l\u2019artiste ou le travailleur culturel une immersion dans un milieu artistique pour qu\u2019il d\u00e9veloppe sa pratique, qu\u2019il acqui\u00e8re une connaissance du fonctionnement du milieu artistique montr\u00e9alais et qu\u2019il participe activement au d\u00e9veloppement de l\u2019organisme d\u2019accueil.<\/p>\n","protected":false},"excerpt":{"rendered":"<p>Fid\u00e8le \u00e0 sa mission de mus\u00e9e d\u2019histoire sociale de Montr\u00e9al, le Mus\u00e9e McCord convie depuis avril les Montr\u00e9alais \u00e0 se joindre au \u00ab Projet Polaroid \u00bb en faisant don de leurs propres photos Polaroid dans le but de cr\u00e9er une oeuvre participative et \u00e9volutive qui sera pr\u00e9sent\u00e9e en derni\u00e8re salle de l\u2019exposition Le Projet Polaroid [&hellip;]<\/p>\n","protected":false},"author":17,"featured_media":0,"parent":23203,"menu_order":0,"comment_status":"closed","ping_status":"closed","template":"page-templates\/page-texte.php","meta":{"footnotes":""},"categories":[],"tags":[],"acf":[],"yoast_head":"<!-- This site is optimized with the Yoast SEO Premium plugin v20.11 (Yoast SEO v20.11) - https:\/\/yoast.com\/wordpress\/plugins\/seo\/ -->\n<title>Montr\u00e9al en Polaroid - Narcisse E. Esfahani - Mus\u00e9e McCord<\/title>\n<meta name=\"description\" content=\"Le Mus\u00e9e a invit\u00e9 onze organismes communautaires \u00e0 se joindre au \u00ab Projet Polaroid \u00bb., accompagn\u00e9s par l&#039;artiste multidisciplinaire Narcisse E. Esfahani.\" \/>\n<meta name=\"robots\" content=\"index, follow, max-snippet:-1, max-image-preview:large, max-video-preview:-1\" \/>\n<link rel=\"canonical\" href=\"https:\/\/www.musee-mccord-stewart.ca\/fr\/education\/montreal-en-polaroid\/\" \/>\n<meta property=\"og:locale\" content=\"fr_FR\" \/>\n<meta property=\"og:type\" content=\"article\" \/>\n<meta property=\"og:title\" content=\"Montr\u00e9al en Polaroid\" \/>\n<meta property=\"og:description\" content=\"Fid\u00e8le \u00e0 sa mission de mus\u00e9e d\u2019histoire sociale de Montr\u00e9al, le Mus\u00e9e McCord convie depuis avril les Montr\u00e9alais \u00e0 se joindre au \u00ab Projet Polaroid \u00bb en\" \/>\n<meta property=\"og:url\" content=\"https:\/\/www.musee-mccord-stewart.ca\/fr\/education\/montreal-en-polaroid\/\" \/>\n<meta property=\"og:site_name\" content=\"Mus\u00e9e McCord Stewart\" \/>\n<meta property=\"article:publisher\" content=\"https:\/\/www.facebook.com\/museemccordstewart\" \/>\n<meta property=\"article:modified_time\" content=\"2019-06-28T19:22:50+00:00\" \/>\n<meta property=\"og:image\" content=\"http:\/\/www.musee-mccord.qc.ca\/app\/uploads\/2019\/06\/mccord_mediation-culturelle_projet-montreal-en-polaroid_img_5410-720x800.jpg\" \/>\n<meta name=\"twitter:card\" content=\"summary_large_image\" \/>\n<meta name=\"twitter:site\" content=\"@MuseeMcCordStew\" \/>\n<meta name=\"twitter:label1\" content=\"Dur\u00e9e de lecture estim\u00e9e\" \/>\n\t<meta name=\"twitter:data1\" content=\"4 minutes\" \/>\n<script type=\"application\/ld+json\" class=\"yoast-schema-graph\">{\"@context\":\"https:\/\/schema.org\",\"@graph\":[{\"@type\":\"WebPage\",\"@id\":\"https:\/\/www.musee-mccord-stewart.ca\/fr\/education\/montreal-en-polaroid\/\",\"url\":\"https:\/\/www.musee-mccord-stewart.ca\/fr\/education\/montreal-en-polaroid\/\",\"name\":\"Montr\u00e9al en Polaroid - Narcisse E. Esfahani - Mus\u00e9e McCord\",\"isPartOf\":{\"@id\":\"https:\/\/www.musee-mccord-stewart.ca\/fr\/#website\"},\"datePublished\":\"2019-06-13T15:57:08+00:00\",\"dateModified\":\"2019-06-28T19:22:50+00:00\",\"description\":\"Le Mus\u00e9e a invit\u00e9 onze organismes communautaires \u00e0 se joindre au \u00ab Projet Polaroid \u00bb., accompagn\u00e9s par l'artiste multidisciplinaire Narcisse E. Esfahani.\",\"breadcrumb\":{\"@id\":\"https:\/\/www.musee-mccord-stewart.ca\/fr\/education\/montreal-en-polaroid\/#breadcrumb\"},\"inLanguage\":\"fr-FR\",\"potentialAction\":[{\"@type\":\"ReadAction\",\"target\":[\"https:\/\/www.musee-mccord-stewart.ca\/fr\/education\/montreal-en-polaroid\/\"]}]},{\"@type\":\"BreadcrumbList\",\"@id\":\"https:\/\/www.musee-mccord-stewart.ca\/fr\/education\/montreal-en-polaroid\/#breadcrumb\",\"itemListElement\":[{\"@type\":\"ListItem\",\"position\":1,\"name\":\"Accueil\",\"item\":\"https:\/\/www.musee-mccord-stewart.ca\/fr\/\"},{\"@type\":\"ListItem\",\"position\":2,\"name\":\"\u00c9ducation\",\"item\":\"https:\/\/www.musee-mccord-stewart.ca\/fr\/education\/\"},{\"@type\":\"ListItem\",\"position\":3,\"name\":\"Montr\u00e9al en Polaroid\"}]},{\"@type\":\"WebSite\",\"@id\":\"https:\/\/www.musee-mccord-stewart.ca\/fr\/#website\",\"url\":\"https:\/\/www.musee-mccord-stewart.ca\/fr\/\",\"name\":\"Mus\u00e9e McCord Stewart\",\"description\":\"Notre monde, nos histoires\",\"publisher\":{\"@id\":\"https:\/\/www.musee-mccord-stewart.ca\/fr\/#organization\"},\"alternateName\":\"MCS\",\"potentialAction\":[{\"@type\":\"SearchAction\",\"target\":{\"@type\":\"EntryPoint\",\"urlTemplate\":\"https:\/\/www.musee-mccord-stewart.ca\/fr\/?s={search_term_string}\"},\"query-input\":\"required name=search_term_string\"}],\"inLanguage\":\"fr-FR\"},{\"@type\":\"Organization\",\"@id\":\"https:\/\/www.musee-mccord-stewart.ca\/fr\/#organization\",\"name\":\"McCord Stewart Museum\",\"alternateName\":\"MCS\",\"url\":\"https:\/\/www.musee-mccord-stewart.ca\/fr\/\",\"logo\":{\"@type\":\"ImageObject\",\"inLanguage\":\"fr-FR\",\"@id\":\"https:\/\/www.musee-mccord-stewart.ca\/fr\/#\/schema\/logo\/image\/\",\"url\":\"https:\/\/www.musee-mccord-stewart.ca\/app\/uploads\/2023\/05\/logo_museemccordstewart_horizontal_noir_slogan.svg\",\"contentUrl\":\"https:\/\/www.musee-mccord-stewart.ca\/app\/uploads\/2023\/05\/logo_museemccordstewart_horizontal_noir_slogan.svg\",\"width\":1,\"height\":1,\"caption\":\"McCord Stewart Museum\"},\"image\":{\"@id\":\"https:\/\/www.musee-mccord-stewart.ca\/fr\/#\/schema\/logo\/image\/\"},\"sameAs\":[\"https:\/\/www.facebook.com\/museemccordstewart\",\"https:\/\/twitter.com\/MuseeMcCordStew\",\"https:\/\/instagram.com\/museemccordstewart\",\"https:\/\/www.linkedin.com\/company\/museemccordstewart\/\",\"https:\/\/www.pinterest.com\/museemccordstewart\/\",\"https:\/\/www.youtube.com\/c\/MuseeMcCordStewartMuseum\"]}]}<\/script>\n<!-- \/ Yoast SEO Premium plugin. -->","yoast_head_json":{"title":"Montr\u00e9al en Polaroid - Narcisse E. Esfahani - Mus\u00e9e McCord","description":"Le Mus\u00e9e a invit\u00e9 onze organismes communautaires \u00e0 se joindre au \u00ab Projet Polaroid \u00bb., accompagn\u00e9s par l'artiste multidisciplinaire Narcisse E. Esfahani.","robots":{"index":"index","follow":"follow","max-snippet":"max-snippet:-1","max-image-preview":"max-image-preview:large","max-video-preview":"max-video-preview:-1"},"canonical":"https:\/\/www.musee-mccord-stewart.ca\/fr\/education\/montreal-en-polaroid\/","og_locale":"fr_FR","og_type":"article","og_title":"Montr\u00e9al en Polaroid","og_description":"Fid\u00e8le \u00e0 sa mission de mus\u00e9e d\u2019histoire sociale de Montr\u00e9al, le Mus\u00e9e McCord convie depuis avril les Montr\u00e9alais \u00e0 se joindre au \u00ab Projet Polaroid \u00bb en","og_url":"https:\/\/www.musee-mccord-stewart.ca\/fr\/education\/montreal-en-polaroid\/","og_site_name":"Mus\u00e9e McCord Stewart","article_publisher":"https:\/\/www.facebook.com\/museemccordstewart","article_modified_time":"2019-06-28T19:22:50+00:00","og_image":[{"url":"http:\/\/www.musee-mccord.qc.ca\/app\/uploads\/2019\/06\/mccord_mediation-culturelle_projet-montreal-en-polaroid_img_5410-720x800.jpg"}],"twitter_card":"summary_large_image","twitter_site":"@MuseeMcCordStew","twitter_misc":{"Dur\u00e9e de lecture estim\u00e9e":"4 minutes"},"schema":{"@context":"https:\/\/schema.org","@graph":[{"@type":"WebPage","@id":"https:\/\/www.musee-mccord-stewart.ca\/fr\/education\/montreal-en-polaroid\/","url":"https:\/\/www.musee-mccord-stewart.ca\/fr\/education\/montreal-en-polaroid\/","name":"Montr\u00e9al en Polaroid - Narcisse E. Esfahani - Mus\u00e9e McCord","isPartOf":{"@id":"https:\/\/www.musee-mccord-stewart.ca\/fr\/#website"},"datePublished":"2019-06-13T15:57:08+00:00","dateModified":"2019-06-28T19:22:50+00:00","description":"Le Mus\u00e9e a invit\u00e9 onze organismes communautaires \u00e0 se joindre au \u00ab Projet Polaroid \u00bb., accompagn\u00e9s par l'artiste multidisciplinaire Narcisse E. Esfahani.","breadcrumb":{"@id":"https:\/\/www.musee-mccord-stewart.ca\/fr\/education\/montreal-en-polaroid\/#breadcrumb"},"inLanguage":"fr-FR","potentialAction":[{"@type":"ReadAction","target":["https:\/\/www.musee-mccord-stewart.ca\/fr\/education\/montreal-en-polaroid\/"]}]},{"@type":"BreadcrumbList","@id":"https:\/\/www.musee-mccord-stewart.ca\/fr\/education\/montreal-en-polaroid\/#breadcrumb","itemListElement":[{"@type":"ListItem","position":1,"name":"Accueil","item":"https:\/\/www.musee-mccord-stewart.ca\/fr\/"},{"@type":"ListItem","position":2,"name":"\u00c9ducation","item":"https:\/\/www.musee-mccord-stewart.ca\/fr\/education\/"},{"@type":"ListItem","position":3,"name":"Montr\u00e9al en Polaroid"}]},{"@type":"WebSite","@id":"https:\/\/www.musee-mccord-stewart.ca\/fr\/#website","url":"https:\/\/www.musee-mccord-stewart.ca\/fr\/","name":"Mus\u00e9e McCord Stewart","description":"Notre monde, nos histoires","publisher":{"@id":"https:\/\/www.musee-mccord-stewart.ca\/fr\/#organization"},"alternateName":"MCS","potentialAction":[{"@type":"SearchAction","target":{"@type":"EntryPoint","urlTemplate":"https:\/\/www.musee-mccord-stewart.ca\/fr\/?s={search_term_string}"},"query-input":"required name=search_term_string"}],"inLanguage":"fr-FR"},{"@type":"Organization","@id":"https:\/\/www.musee-mccord-stewart.ca\/fr\/#organization","name":"McCord Stewart Museum","alternateName":"MCS","url":"https:\/\/www.musee-mccord-stewart.ca\/fr\/","logo":{"@type":"ImageObject","inLanguage":"fr-FR","@id":"https:\/\/www.musee-mccord-stewart.ca\/fr\/#\/schema\/logo\/image\/","url":"https:\/\/www.musee-mccord-stewart.ca\/app\/uploads\/2023\/05\/logo_museemccordstewart_horizontal_noir_slogan.svg","contentUrl":"https:\/\/www.musee-mccord-stewart.ca\/app\/uploads\/2023\/05\/logo_museemccordstewart_horizontal_noir_slogan.svg","width":1,"height":1,"caption":"McCord Stewart Museum"},"image":{"@id":"https:\/\/www.musee-mccord-stewart.ca\/fr\/#\/schema\/logo\/image\/"},"sameAs":["https:\/\/www.facebook.com\/museemccordstewart","https:\/\/twitter.com\/MuseeMcCordStew","https:\/\/instagram.com\/museemccordstewart","https:\/\/www.linkedin.com\/company\/museemccordstewart\/","https:\/\/www.pinterest.com\/museemccordstewart\/","https:\/\/www.youtube.com\/c\/MuseeMcCordStewartMuseum"]}]}},"_links":{"self":[{"href":"https:\/\/www.musee-mccord-stewart.ca\/fr\/wp-json\/wp\/v2\/pages\/25522"}],"collection":[{"href":"https:\/\/www.musee-mccord-stewart.ca\/fr\/wp-json\/wp\/v2\/pages"}],"about":[{"href":"https:\/\/www.musee-mccord-stewart.ca\/fr\/wp-json\/wp\/v2\/types\/page"}],"author":[{"embeddable":true,"href":"https:\/\/www.musee-mccord-stewart.ca\/fr\/wp-json\/wp\/v2\/users\/17"}],"replies":[{"embeddable":true,"href":"https:\/\/www.musee-mccord-stewart.ca\/fr\/wp-json\/wp\/v2\/comments?post=25522"}],"version-history":[{"count":0,"href":"https:\/\/www.musee-mccord-stewart.ca\/fr\/wp-json\/wp\/v2\/pages\/25522\/revisions"}],"up":[{"embeddable":true,"href":"https:\/\/www.musee-mccord-stewart.ca\/fr\/wp-json\/wp\/v2\/pages\/23203"}],"wp:attachment":[{"href":"https:\/\/www.musee-mccord-stewart.ca\/fr\/wp-json\/wp\/v2\/media?parent=25522"}],"wp:term":[{"taxonomy":"category","embeddable":true,"href":"https:\/\/www.musee-mccord-stewart.ca\/fr\/wp-json\/wp\/v2\/categories?post=25522"},{"taxonomy":"post_tag","embeddable":true,"href":"https:\/\/www.musee-mccord-stewart.ca\/fr\/wp-json\/wp\/v2\/tags?post=25522"}],"curies":[{"name":"wp","href":"https:\/\/api.w.org\/{rel}","templated":true}]}}