{"id":25188,"date":"2019-04-03T15:52:50","date_gmt":"2019-04-03T19:52:50","guid":{"rendered":"https:\/\/www.musee-mccord-stewart.ca\/?page_id=25188\/"},"modified":"2019-06-28T14:59:26","modified_gmt":"2019-06-28T18:59:26","slug":"vos-photos-lexposition-projet-polaroid-art-technologie","status":"publish","type":"page","link":"https:\/\/www.musee-mccord-stewart.ca\/fr\/vos-photos-lexposition-projet-polaroid-art-technologie\/","title":{"rendered":"Vos photos dans l\u2019exposition <i>Le projet Polaroid<\/i>!"},"content":{"rendered":"<p>\u00c0 l\u2019occasion de l\u2019exposition <em><strong><a title=\"\" href=\"https:\/\/www.musee-mccord-stewart.ca\/fr\/expositions\/le-projet-polaroid\/\" target=\"_blank\" rel=\"noopener noreferrer\">Le projet Polaroid \u2013 Art et Technologie<\/a><\/strong><\/em>, le Mus\u00e9e McCord invite tous les Montr\u00e9alais \u00e0 <strong>participer \u00e0 une \u0153uvre collaborative et \u00e9volutive regroupant des photos Polaroid de toutes formes.<\/strong> Elle sera pr\u00e9sent\u00e9e dans l\u2019exposition du 13 juin au 15 septembre 2019.<\/p>\n<p><strong>Toutes les photos re\u00e7ues seront expos\u00e9es<\/strong>, faites-nous parvenir les v\u00f4tres d\u00e8s aujourd\u2019hui!<\/p>\n<h2>\u00a0Comment participer?<\/h2>\n<ul>\n<li>Envoyez par la poste une ou plusieurs de vos photos Polaroid \u00e0 :<br \/>\nMus\u00e9e McCord, Projet Polaroid<br \/>\n2175, rue Victoria<br \/>\nMontr\u00e9al QC H3A 1E9<\/li>\n<li><strong>Date limite :<\/strong> 1<sup>er <\/sup>ao\u00fbt\u00a02019<\/li>\n<li>Merci d\u2019indiquer vos coordonn\u00e9es au dos de la photographie (adresse courriel ou num\u00e9ro de t\u00e9l\u00e9phone)<\/li>\n<\/ul>\n<p><strong>Prenez note qu\u2019aucune photo ne sera retourn\u00e9e \u00e0 son propri\u00e9taire.<\/strong><\/p>\n<h2>Vous avez des questions?<\/h2>\n<p>\u00c9crivez-nous \u00e0 <a href=\"mailto:communications@mccord-stewart.ca\">communications@mccord-stewart.ca<\/a><\/p>\n","protected":false},"excerpt":{"rendered":"<p>\u00c0 l\u2019occasion de l\u2019exposition Le projet Polaroid \u2013 Art et Technologie, le Mus\u00e9e McCord invite tous les Montr\u00e9alais \u00e0 participer \u00e0 une \u0153uvre collaborative et \u00e9volutive regroupant des photos Polaroid de toutes formes. Elle sera pr\u00e9sent\u00e9e dans l\u2019exposition du 13 juin au 15 septembre 2019. Toutes les photos re\u00e7ues seront expos\u00e9es, faites-nous parvenir les v\u00f4tres [&hellip;]<\/p>\n","protected":false},"author":17,"featured_media":0,"parent":0,"menu_order":0,"comment_status":"closed","ping_status":"closed","template":"page-templates\/page-texte.php","meta":{"footnotes":""},"categories":[],"tags":[],"acf":[],"yoast_head":"<!-- This site is optimized with the Yoast SEO Premium plugin v20.11 (Yoast SEO v20.11) - https:\/\/yoast.com\/wordpress\/plugins\/seo\/ -->\n<title>Vos photos au mus\u00e9e McCord : Le projet Polaroid \u2013 Art et Technologie!<\/title>\n<meta name=\"description\" content=\"Participez \u00e0 une \u0153uvre collaborative en envoyant vos photos Polaroid qui seront pr\u00e9sent\u00e9es dans l\u2019exposition Le projet Polaroid \u2013 Art et Technologie!\" \/>\n<meta name=\"robots\" content=\"index, follow, max-snippet:-1, max-image-preview:large, max-video-preview:-1\" \/>\n<link rel=\"canonical\" href=\"https:\/\/www.musee-mccord-stewart.ca\/fr\/vos-photos-lexposition-projet-polaroid-art-technologie\/\" \/>\n<meta property=\"og:locale\" content=\"fr_FR\" \/>\n<meta property=\"og:type\" content=\"article\" \/>\n<meta property=\"og:title\" content=\"Vos photos dans l\u2019exposition Le projet Polaroid!\" \/>\n<meta property=\"og:description\" content=\"\u00c0 l\u2019occasion de l\u2019exposition Le projet Polaroid \u2013 Art et Technologie, le Mus\u00e9e McCord invite tous les Montr\u00e9alais \u00e0 participer \u00e0 une \u0153uvre collaborative\" \/>\n<meta property=\"og:url\" content=\"https:\/\/www.musee-mccord-stewart.ca\/fr\/vos-photos-lexposition-projet-polaroid-art-technologie\/\" \/>\n<meta property=\"og:site_name\" content=\"Mus\u00e9e McCord Stewart\" \/>\n<meta property=\"article:publisher\" content=\"https:\/\/www.facebook.com\/museemccordstewart\" \/>\n<meta property=\"article:modified_time\" content=\"2019-06-28T18:59:26+00:00\" \/>\n<meta property=\"og:image\" content=\"https:\/\/www.musee-mccord-stewart.ca\/app\/uploads\/2022\/09\/mccord-stewart_facade-exterieur-henderson-2022_roger-aziz_1320x480.jpg\" \/>\n\t<meta property=\"og:image:width\" content=\"1320\" \/>\n\t<meta property=\"og:image:height\" content=\"480\" \/>\n\t<meta property=\"og:image:type\" content=\"image\/jpeg\" \/>\n<meta name=\"twitter:card\" content=\"summary_large_image\" \/>\n<meta name=\"twitter:site\" content=\"@MuseeMcCordStew\" \/>\n<meta name=\"twitter:label1\" content=\"Dur\u00e9e de lecture estim\u00e9e\" \/>\n\t<meta name=\"twitter:data1\" content=\"1 minute\" \/>\n<script type=\"application\/ld+json\" class=\"yoast-schema-graph\">{\"@context\":\"https:\/\/schema.org\",\"@graph\":[{\"@type\":\"WebPage\",\"@id\":\"https:\/\/www.musee-mccord-stewart.ca\/fr\/vos-photos-lexposition-projet-polaroid-art-technologie\/\",\"url\":\"https:\/\/www.musee-mccord-stewart.ca\/fr\/vos-photos-lexposition-projet-polaroid-art-technologie\/\",\"name\":\"Vos photos au mus\u00e9e McCord : Le projet Polaroid \u2013 Art et Technologie!\",\"isPartOf\":{\"@id\":\"https:\/\/www.musee-mccord-stewart.ca\/fr\/#website\"},\"datePublished\":\"2019-04-03T19:52:50+00:00\",\"dateModified\":\"2019-06-28T18:59:26+00:00\",\"description\":\"Participez \u00e0 une \u0153uvre collaborative en envoyant vos photos Polaroid qui seront pr\u00e9sent\u00e9es dans l\u2019exposition Le projet Polaroid \u2013 Art et Technologie!\",\"breadcrumb\":{\"@id\":\"https:\/\/www.musee-mccord-stewart.ca\/fr\/vos-photos-lexposition-projet-polaroid-art-technologie\/#breadcrumb\"},\"inLanguage\":\"fr-FR\",\"potentialAction\":[{\"@type\":\"ReadAction\",\"target\":[\"https:\/\/www.musee-mccord-stewart.ca\/fr\/vos-photos-lexposition-projet-polaroid-art-technologie\/\"]}]},{\"@type\":\"BreadcrumbList\",\"@id\":\"https:\/\/www.musee-mccord-stewart.ca\/fr\/vos-photos-lexposition-projet-polaroid-art-technologie\/#breadcrumb\",\"itemListElement\":[{\"@type\":\"ListItem\",\"position\":1,\"name\":\"Accueil\",\"item\":\"https:\/\/www.musee-mccord-stewart.ca\/fr\/\"},{\"@type\":\"ListItem\",\"position\":2,\"name\":\"Vos photos dans l\u2019exposition Le projet Polaroid!\"}]},{\"@type\":\"WebSite\",\"@id\":\"https:\/\/www.musee-mccord-stewart.ca\/fr\/#website\",\"url\":\"https:\/\/www.musee-mccord-stewart.ca\/fr\/\",\"name\":\"Mus\u00e9e McCord Stewart\",\"description\":\"Notre monde, nos histoires\",\"publisher\":{\"@id\":\"https:\/\/www.musee-mccord-stewart.ca\/fr\/#organization\"},\"alternateName\":\"MCS\",\"potentialAction\":[{\"@type\":\"SearchAction\",\"target\":{\"@type\":\"EntryPoint\",\"urlTemplate\":\"https:\/\/www.musee-mccord-stewart.ca\/fr\/?s={search_term_string}\"},\"query-input\":\"required name=search_term_string\"}],\"inLanguage\":\"fr-FR\"},{\"@type\":\"Organization\",\"@id\":\"https:\/\/www.musee-mccord-stewart.ca\/fr\/#organization\",\"name\":\"McCord Stewart Museum\",\"alternateName\":\"MCS\",\"url\":\"https:\/\/www.musee-mccord-stewart.ca\/fr\/\",\"logo\":{\"@type\":\"ImageObject\",\"inLanguage\":\"fr-FR\",\"@id\":\"https:\/\/www.musee-mccord-stewart.ca\/fr\/#\/schema\/logo\/image\/\",\"url\":\"https:\/\/www.musee-mccord-stewart.ca\/app\/uploads\/2023\/05\/logo_museemccordstewart_horizontal_noir_slogan.svg\",\"contentUrl\":\"https:\/\/www.musee-mccord-stewart.ca\/app\/uploads\/2023\/05\/logo_museemccordstewart_horizontal_noir_slogan.svg\",\"width\":1,\"height\":1,\"caption\":\"McCord Stewart Museum\"},\"image\":{\"@id\":\"https:\/\/www.musee-mccord-stewart.ca\/fr\/#\/schema\/logo\/image\/\"},\"sameAs\":[\"https:\/\/www.facebook.com\/museemccordstewart\",\"https:\/\/twitter.com\/MuseeMcCordStew\",\"https:\/\/instagram.com\/museemccordstewart\",\"https:\/\/www.linkedin.com\/company\/museemccordstewart\/\",\"https:\/\/www.pinterest.com\/museemccordstewart\/\",\"https:\/\/www.youtube.com\/c\/MuseeMcCordStewartMuseum\"]}]}<\/script>\n<!-- \/ Yoast SEO Premium plugin. -->","yoast_head_json":{"title":"Vos photos au mus\u00e9e McCord : Le projet Polaroid \u2013 Art et Technologie!","description":"Participez \u00e0 une \u0153uvre collaborative en envoyant vos photos Polaroid qui seront pr\u00e9sent\u00e9es dans l\u2019exposition Le projet Polaroid \u2013 Art et Technologie!","robots":{"index":"index","follow":"follow","max-snippet":"max-snippet:-1","max-image-preview":"max-image-preview:large","max-video-preview":"max-video-preview:-1"},"canonical":"https:\/\/www.musee-mccord-stewart.ca\/fr\/vos-photos-lexposition-projet-polaroid-art-technologie\/","og_locale":"fr_FR","og_type":"article","og_title":"Vos photos dans l\u2019exposition Le projet Polaroid!","og_description":"\u00c0 l\u2019occasion de l\u2019exposition Le projet Polaroid \u2013 Art et Technologie, le Mus\u00e9e McCord invite tous les Montr\u00e9alais \u00e0 participer \u00e0 une \u0153uvre collaborative","og_url":"https:\/\/www.musee-mccord-stewart.ca\/fr\/vos-photos-lexposition-projet-polaroid-art-technologie\/","og_site_name":"Mus\u00e9e McCord Stewart","article_publisher":"https:\/\/www.facebook.com\/museemccordstewart","article_modified_time":"2019-06-28T18:59:26+00:00","og_image":[{"width":1320,"height":480,"url":"https:\/\/www.musee-mccord-stewart.ca\/app\/uploads\/2022\/09\/mccord-stewart_facade-exterieur-henderson-2022_roger-aziz_1320x480.jpg","type":"image\/jpeg"}],"twitter_card":"summary_large_image","twitter_site":"@MuseeMcCordStew","twitter_misc":{"Dur\u00e9e de lecture estim\u00e9e":"1 minute"},"schema":{"@context":"https:\/\/schema.org","@graph":[{"@type":"WebPage","@id":"https:\/\/www.musee-mccord-stewart.ca\/fr\/vos-photos-lexposition-projet-polaroid-art-technologie\/","url":"https:\/\/www.musee-mccord-stewart.ca\/fr\/vos-photos-lexposition-projet-polaroid-art-technologie\/","name":"Vos photos au mus\u00e9e McCord : Le projet Polaroid \u2013 Art et Technologie!","isPartOf":{"@id":"https:\/\/www.musee-mccord-stewart.ca\/fr\/#website"},"datePublished":"2019-04-03T19:52:50+00:00","dateModified":"2019-06-28T18:59:26+00:00","description":"Participez \u00e0 une \u0153uvre collaborative en envoyant vos photos Polaroid qui seront pr\u00e9sent\u00e9es dans l\u2019exposition Le projet Polaroid \u2013 Art et Technologie!","breadcrumb":{"@id":"https:\/\/www.musee-mccord-stewart.ca\/fr\/vos-photos-lexposition-projet-polaroid-art-technologie\/#breadcrumb"},"inLanguage":"fr-FR","potentialAction":[{"@type":"ReadAction","target":["https:\/\/www.musee-mccord-stewart.ca\/fr\/vos-photos-lexposition-projet-polaroid-art-technologie\/"]}]},{"@type":"BreadcrumbList","@id":"https:\/\/www.musee-mccord-stewart.ca\/fr\/vos-photos-lexposition-projet-polaroid-art-technologie\/#breadcrumb","itemListElement":[{"@type":"ListItem","position":1,"name":"Accueil","item":"https:\/\/www.musee-mccord-stewart.ca\/fr\/"},{"@type":"ListItem","position":2,"name":"Vos photos dans l\u2019exposition Le projet Polaroid!"}]},{"@type":"WebSite","@id":"https:\/\/www.musee-mccord-stewart.ca\/fr\/#website","url":"https:\/\/www.musee-mccord-stewart.ca\/fr\/","name":"Mus\u00e9e McCord Stewart","description":"Notre monde, nos histoires","publisher":{"@id":"https:\/\/www.musee-mccord-stewart.ca\/fr\/#organization"},"alternateName":"MCS","potentialAction":[{"@type":"SearchAction","target":{"@type":"EntryPoint","urlTemplate":"https:\/\/www.musee-mccord-stewart.ca\/fr\/?s={search_term_string}"},"query-input":"required name=search_term_string"}],"inLanguage":"fr-FR"},{"@type":"Organization","@id":"https:\/\/www.musee-mccord-stewart.ca\/fr\/#organization","name":"McCord Stewart Museum","alternateName":"MCS","url":"https:\/\/www.musee-mccord-stewart.ca\/fr\/","logo":{"@type":"ImageObject","inLanguage":"fr-FR","@id":"https:\/\/www.musee-mccord-stewart.ca\/fr\/#\/schema\/logo\/image\/","url":"https:\/\/www.musee-mccord-stewart.ca\/app\/uploads\/2023\/05\/logo_museemccordstewart_horizontal_noir_slogan.svg","contentUrl":"https:\/\/www.musee-mccord-stewart.ca\/app\/uploads\/2023\/05\/logo_museemccordstewart_horizontal_noir_slogan.svg","width":1,"height":1,"caption":"McCord Stewart Museum"},"image":{"@id":"https:\/\/www.musee-mccord-stewart.ca\/fr\/#\/schema\/logo\/image\/"},"sameAs":["https:\/\/www.facebook.com\/museemccordstewart","https:\/\/twitter.com\/MuseeMcCordStew","https:\/\/instagram.com\/museemccordstewart","https:\/\/www.linkedin.com\/company\/museemccordstewart\/","https:\/\/www.pinterest.com\/museemccordstewart\/","https:\/\/www.youtube.com\/c\/MuseeMcCordStewartMuseum"]}]}},"_links":{"self":[{"href":"https:\/\/www.musee-mccord-stewart.ca\/fr\/wp-json\/wp\/v2\/pages\/25188"}],"collection":[{"href":"https:\/\/www.musee-mccord-stewart.ca\/fr\/wp-json\/wp\/v2\/pages"}],"about":[{"href":"https:\/\/www.musee-mccord-stewart.ca\/fr\/wp-json\/wp\/v2\/types\/page"}],"author":[{"embeddable":true,"href":"https:\/\/www.musee-mccord-stewart.ca\/fr\/wp-json\/wp\/v2\/users\/17"}],"replies":[{"embeddable":true,"href":"https:\/\/www.musee-mccord-stewart.ca\/fr\/wp-json\/wp\/v2\/comments?post=25188"}],"version-history":[{"count":0,"href":"https:\/\/www.musee-mccord-stewart.ca\/fr\/wp-json\/wp\/v2\/pages\/25188\/revisions"}],"wp:attachment":[{"href":"https:\/\/www.musee-mccord-stewart.ca\/fr\/wp-json\/wp\/v2\/media?parent=25188"}],"wp:term":[{"taxonomy":"category","embeddable":true,"href":"https:\/\/www.musee-mccord-stewart.ca\/fr\/wp-json\/wp\/v2\/categories?post=25188"},{"taxonomy":"post_tag","embeddable":true,"href":"https:\/\/www.musee-mccord-stewart.ca\/fr\/wp-json\/wp\/v2\/tags?post=25188"}],"curies":[{"name":"wp","href":"https:\/\/api.w.org\/{rel}","templated":true}]}}