{"id":24073,"date":"2018-12-13T12:25:27","date_gmt":"2018-12-13T17:25:27","guid":{"rendered":"http:\/\/www.musee-mccord-stewart.ca\/?page_id=24073\/"},"modified":"2018-12-13T12:46:47","modified_gmt":"2018-12-13T17:46:47","slug":"chaque-objet-a-son-histoire-son-anecdote-a-raconter","status":"publish","type":"page","link":"https:\/\/www.musee-mccord-stewart.ca\/fr\/collections\/culture-materielle\/chaque-objet-a-son-histoire-son-anecdote-a-raconter\/","title":{"rendered":"Chaque objet a son histoire, son anecdote \u00e0 raconter"},"content":{"rendered":"<p>Le Mus\u00e9e pr\u00e9sente chaque ann\u00e9e depuis neuf ans une exposition de jouets mettant en sc\u00e8ne une multitude d&rsquo;objets tir\u00e9s de la collection des <a href=\"http:\/\/www.musee-mccord-stewart.ca\/fr\/collections\/arts-decoratifs\/\">Arts d\u00e9coratifs<\/a>. R\u00e9sultat d&rsquo;un travail d&rsquo;\u00e9quipe dans les r\u00e9serves avec la <a href=\"http:\/\/www.musee-mccord-stewart.ca\/fr\/collections\/equipe\/anne-mackay\/\">restauratrice<\/a>, la charg\u00e9e de projet et la <a href=\"http:\/\/www.musee-mccord-stewart.ca\/fr\/collections\/equipe\/guislaine-lemay\/\">conservatrice<\/a>, la s\u00e9lection des objets est effectu\u00e9e en fonction de facteurs divers\u00a0: \u00e9tat de conservation, arrimage au concept d&rsquo;exposition et documentation. C&rsquo;est l&rsquo;occasion pour la conservatrice de fouiller les innombrables unit\u00e9s d&rsquo;entreposage \u00e0 la recherche d&rsquo;<strong>objets porteurs pour l&rsquo;exposition <\/strong>et de faire des choix parfois surprenants.<\/p>\n<p>C&rsquo;est au cours d&rsquo;une telle exploration pour l&rsquo;exposition <a href=\"http:\/\/www.musee-mccord-stewart.ca\/fr\/expositions\/grenier-aux-tresors\/\"><em>Le grenier aux tr\u00e9sors<\/em><\/a> que notre regard s&rsquo;est arr\u00eat\u00e9 sur cette cr\u00e9celle, <strong>v\u00e9ritable bijou en argent des plus inusit\u00e9s<\/strong>. Offerte comme cadeau de bapt\u00eame au 19<sup>e <\/sup>si\u00e8cle, elle est munie d&rsquo;un sifflet \u00e0 une extr\u00e9mit\u00e9 et d&rsquo;un morceau de corail rouge \u00e0 l&rsquo;autre. Un anneau permettait de la suspendre \u00e0 un ruban autour du cou de l&rsquo;enfant. Le corail servait \u00e0 soulager les pouss\u00e9es dentaires de l\u2019enfant qui le mordillait. Le corail et les grelots avaient aussi pour fonction de prot\u00e9ger le petit contre les mauvais esprits et la maladie tout en favorisant son d\u00e9veloppement sensoriel (go\u00fbt, toucher, vue et ou\u00efe). Le luxe de l\u2019objet attestait le rang social de la famille.<\/p>\n<p>Qu&rsquo;ils soient choisis pour leur forme \u00e9tonnante, comme cette cr\u00e9celle, leur c\u00f4t\u00e9 adorable ou rigolo, leur raret\u00e9, leur c\u00e9l\u00e9brit\u00e9 ou encore leur reflet de la vie quotidienne, les jouets \u00e9veillent chez le visiteur de multiples souvenirs et \u00e9motions \u2013 ils sont les <strong>symboles tangibles de l&rsquo;enfance<\/strong>!<\/p>\n<p><a href=\"http:\/\/www.musee-mccord-stewart.ca\/fr\/collections\/equipe\/guislaine-lemay\/\">Guislaine Lemay, d\u00e9cembre 2018<\/a><\/p>\n<p>&nbsp;<\/p>\n","protected":false},"excerpt":{"rendered":"<p>Le Mus\u00e9e pr\u00e9sente chaque ann\u00e9e depuis neuf ans une exposition de jouets mettant en sc\u00e8ne une multitude d&rsquo;objets tir\u00e9s de la collection des Arts d\u00e9coratifs. R\u00e9sultat d&rsquo;un travail d&rsquo;\u00e9quipe dans les r\u00e9serves avec la restauratrice, la charg\u00e9e de projet et la conservatrice, la s\u00e9lection des objets est effectu\u00e9e en fonction de facteurs divers\u00a0: \u00e9tat de [&hellip;]<\/p>\n","protected":false},"author":3,"featured_media":0,"parent":1812,"menu_order":0,"comment_status":"closed","ping_status":"closed","template":"page-templates\/page-texte.php","meta":{"footnotes":""},"categories":[],"tags":[],"acf":[],"yoast_head":"<!-- This site is optimized with the Yoast SEO Premium plugin v20.11 (Yoast SEO v20.11) - https:\/\/yoast.com\/wordpress\/plugins\/seo\/ -->\n<title>Chaque objet a son histoire, son anecdote \u00e0 raconter - Mus\u00e9e McCord<\/title>\n<meta name=\"description\" content=\"L&#039;exposition Le grenier aux tr\u00e9sors fut l\u2019occasion d&#039;aller \u00e0 la recherche d&#039;objets surprenants. D\u00e9couvrez cette cr\u00e9celle, v\u00e9ritable bijou des plus inusit\u00e9s!\" \/>\n<meta name=\"robots\" content=\"index, follow, max-snippet:-1, max-image-preview:large, max-video-preview:-1\" \/>\n<link rel=\"canonical\" href=\"https:\/\/www.musee-mccord-stewart.ca\/fr\/collections\/culture-materielle\/chaque-objet-a-son-histoire-son-anecdote-a-raconter\/\" \/>\n<meta property=\"og:locale\" content=\"fr_FR\" \/>\n<meta property=\"og:type\" content=\"article\" \/>\n<meta property=\"og:title\" content=\"Chaque objet a son histoire, son anecdote \u00e0 raconter\" \/>\n<meta property=\"og:description\" content=\"Le Mus\u00e9e pr\u00e9sente chaque ann\u00e9e depuis neuf ans une exposition de jouets mettant en sc\u00e8ne une multitude d&#039;objets tir\u00e9s de la collection des Arts\" \/>\n<meta property=\"og:url\" content=\"https:\/\/www.musee-mccord-stewart.ca\/fr\/collections\/culture-materielle\/chaque-objet-a-son-histoire-son-anecdote-a-raconter\/\" \/>\n<meta property=\"og:site_name\" content=\"Mus\u00e9e McCord Stewart\" \/>\n<meta property=\"article:publisher\" content=\"https:\/\/www.facebook.com\/museemccordstewart\" \/>\n<meta property=\"article:modified_time\" content=\"2018-12-13T17:46:47+00:00\" \/>\n<meta property=\"og:image\" content=\"https:\/\/www.musee-mccord-stewart.ca\/app\/uploads\/2022\/09\/mccord-stewart_facade-exterieur-henderson-2022_roger-aziz_1320x480.jpg\" \/>\n\t<meta property=\"og:image:width\" content=\"1320\" \/>\n\t<meta property=\"og:image:height\" content=\"480\" \/>\n\t<meta property=\"og:image:type\" content=\"image\/jpeg\" \/>\n<meta name=\"twitter:card\" content=\"summary_large_image\" \/>\n<meta name=\"twitter:site\" content=\"@MuseeMcCordStew\" \/>\n<meta name=\"twitter:label1\" content=\"Dur\u00e9e de lecture estim\u00e9e\" \/>\n\t<meta name=\"twitter:data1\" content=\"1 minute\" \/>\n<script type=\"application\/ld+json\" class=\"yoast-schema-graph\">{\"@context\":\"https:\/\/schema.org\",\"@graph\":[{\"@type\":\"WebPage\",\"@id\":\"https:\/\/www.musee-mccord-stewart.ca\/fr\/collections\/culture-materielle\/chaque-objet-a-son-histoire-son-anecdote-a-raconter\/\",\"url\":\"https:\/\/www.musee-mccord-stewart.ca\/fr\/collections\/culture-materielle\/chaque-objet-a-son-histoire-son-anecdote-a-raconter\/\",\"name\":\"Chaque objet a son histoire, son anecdote \u00e0 raconter - Mus\u00e9e McCord\",\"isPartOf\":{\"@id\":\"https:\/\/www.musee-mccord-stewart.ca\/fr\/#website\"},\"datePublished\":\"2018-12-13T17:25:27+00:00\",\"dateModified\":\"2018-12-13T17:46:47+00:00\",\"description\":\"L'exposition Le grenier aux tr\u00e9sors fut l\u2019occasion d'aller \u00e0 la recherche d'objets surprenants. D\u00e9couvrez cette cr\u00e9celle, v\u00e9ritable bijou des plus inusit\u00e9s!\",\"breadcrumb\":{\"@id\":\"https:\/\/www.musee-mccord-stewart.ca\/fr\/collections\/culture-materielle\/chaque-objet-a-son-histoire-son-anecdote-a-raconter\/#breadcrumb\"},\"inLanguage\":\"fr-FR\",\"potentialAction\":[{\"@type\":\"ReadAction\",\"target\":[\"https:\/\/www.musee-mccord-stewart.ca\/fr\/collections\/culture-materielle\/chaque-objet-a-son-histoire-son-anecdote-a-raconter\/\"]}]},{\"@type\":\"BreadcrumbList\",\"@id\":\"https:\/\/www.musee-mccord-stewart.ca\/fr\/collections\/culture-materielle\/chaque-objet-a-son-histoire-son-anecdote-a-raconter\/#breadcrumb\",\"itemListElement\":[{\"@type\":\"ListItem\",\"position\":1,\"name\":\"Accueil\",\"item\":\"https:\/\/www.musee-mccord-stewart.ca\/fr\/\"},{\"@type\":\"ListItem\",\"position\":2,\"name\":\"Collections\",\"item\":\"https:\/\/www.musee-mccord-stewart.ca\/fr\/collections\/\"},{\"@type\":\"ListItem\",\"position\":3,\"name\":\"Culture mat\u00e9rielle\",\"item\":\"https:\/\/www.musee-mccord-stewart.ca\/fr\/collections\/culture-materielle\/\"},{\"@type\":\"ListItem\",\"position\":4,\"name\":\"Chaque objet a son histoire, son anecdote \u00e0 raconter\"}]},{\"@type\":\"WebSite\",\"@id\":\"https:\/\/www.musee-mccord-stewart.ca\/fr\/#website\",\"url\":\"https:\/\/www.musee-mccord-stewart.ca\/fr\/\",\"name\":\"Mus\u00e9e McCord Stewart\",\"description\":\"Notre monde, nos histoires\",\"publisher\":{\"@id\":\"https:\/\/www.musee-mccord-stewart.ca\/fr\/#organization\"},\"alternateName\":\"MCS\",\"potentialAction\":[{\"@type\":\"SearchAction\",\"target\":{\"@type\":\"EntryPoint\",\"urlTemplate\":\"https:\/\/www.musee-mccord-stewart.ca\/fr\/?s={search_term_string}\"},\"query-input\":\"required name=search_term_string\"}],\"inLanguage\":\"fr-FR\"},{\"@type\":\"Organization\",\"@id\":\"https:\/\/www.musee-mccord-stewart.ca\/fr\/#organization\",\"name\":\"McCord Stewart Museum\",\"alternateName\":\"MCS\",\"url\":\"https:\/\/www.musee-mccord-stewart.ca\/fr\/\",\"logo\":{\"@type\":\"ImageObject\",\"inLanguage\":\"fr-FR\",\"@id\":\"https:\/\/www.musee-mccord-stewart.ca\/fr\/#\/schema\/logo\/image\/\",\"url\":\"https:\/\/www.musee-mccord-stewart.ca\/app\/uploads\/2023\/05\/logo_museemccordstewart_horizontal_noir_slogan.svg\",\"contentUrl\":\"https:\/\/www.musee-mccord-stewart.ca\/app\/uploads\/2023\/05\/logo_museemccordstewart_horizontal_noir_slogan.svg\",\"width\":1,\"height\":1,\"caption\":\"McCord Stewart Museum\"},\"image\":{\"@id\":\"https:\/\/www.musee-mccord-stewart.ca\/fr\/#\/schema\/logo\/image\/\"},\"sameAs\":[\"https:\/\/www.facebook.com\/museemccordstewart\",\"https:\/\/twitter.com\/MuseeMcCordStew\",\"https:\/\/instagram.com\/museemccordstewart\",\"https:\/\/www.linkedin.com\/company\/museemccordstewart\/\",\"https:\/\/www.pinterest.com\/museemccordstewart\/\",\"https:\/\/www.youtube.com\/c\/MuseeMcCordStewartMuseum\"]}]}<\/script>\n<!-- \/ Yoast SEO Premium plugin. -->","yoast_head_json":{"title":"Chaque objet a son histoire, son anecdote \u00e0 raconter - Mus\u00e9e McCord","description":"L'exposition Le grenier aux tr\u00e9sors fut l\u2019occasion d'aller \u00e0 la recherche d'objets surprenants. D\u00e9couvrez cette cr\u00e9celle, v\u00e9ritable bijou des plus inusit\u00e9s!","robots":{"index":"index","follow":"follow","max-snippet":"max-snippet:-1","max-image-preview":"max-image-preview:large","max-video-preview":"max-video-preview:-1"},"canonical":"https:\/\/www.musee-mccord-stewart.ca\/fr\/collections\/culture-materielle\/chaque-objet-a-son-histoire-son-anecdote-a-raconter\/","og_locale":"fr_FR","og_type":"article","og_title":"Chaque objet a son histoire, son anecdote \u00e0 raconter","og_description":"Le Mus\u00e9e pr\u00e9sente chaque ann\u00e9e depuis neuf ans une exposition de jouets mettant en sc\u00e8ne une multitude d'objets tir\u00e9s de la collection des Arts","og_url":"https:\/\/www.musee-mccord-stewart.ca\/fr\/collections\/culture-materielle\/chaque-objet-a-son-histoire-son-anecdote-a-raconter\/","og_site_name":"Mus\u00e9e McCord Stewart","article_publisher":"https:\/\/www.facebook.com\/museemccordstewart","article_modified_time":"2018-12-13T17:46:47+00:00","og_image":[{"width":1320,"height":480,"url":"https:\/\/www.musee-mccord-stewart.ca\/app\/uploads\/2022\/09\/mccord-stewart_facade-exterieur-henderson-2022_roger-aziz_1320x480.jpg","type":"image\/jpeg"}],"twitter_card":"summary_large_image","twitter_site":"@MuseeMcCordStew","twitter_misc":{"Dur\u00e9e de lecture estim\u00e9e":"1 minute"},"schema":{"@context":"https:\/\/schema.org","@graph":[{"@type":"WebPage","@id":"https:\/\/www.musee-mccord-stewart.ca\/fr\/collections\/culture-materielle\/chaque-objet-a-son-histoire-son-anecdote-a-raconter\/","url":"https:\/\/www.musee-mccord-stewart.ca\/fr\/collections\/culture-materielle\/chaque-objet-a-son-histoire-son-anecdote-a-raconter\/","name":"Chaque objet a son histoire, son anecdote \u00e0 raconter - Mus\u00e9e McCord","isPartOf":{"@id":"https:\/\/www.musee-mccord-stewart.ca\/fr\/#website"},"datePublished":"2018-12-13T17:25:27+00:00","dateModified":"2018-12-13T17:46:47+00:00","description":"L'exposition Le grenier aux tr\u00e9sors fut l\u2019occasion d'aller \u00e0 la recherche d'objets surprenants. D\u00e9couvrez cette cr\u00e9celle, v\u00e9ritable bijou des plus inusit\u00e9s!","breadcrumb":{"@id":"https:\/\/www.musee-mccord-stewart.ca\/fr\/collections\/culture-materielle\/chaque-objet-a-son-histoire-son-anecdote-a-raconter\/#breadcrumb"},"inLanguage":"fr-FR","potentialAction":[{"@type":"ReadAction","target":["https:\/\/www.musee-mccord-stewart.ca\/fr\/collections\/culture-materielle\/chaque-objet-a-son-histoire-son-anecdote-a-raconter\/"]}]},{"@type":"BreadcrumbList","@id":"https:\/\/www.musee-mccord-stewart.ca\/fr\/collections\/culture-materielle\/chaque-objet-a-son-histoire-son-anecdote-a-raconter\/#breadcrumb","itemListElement":[{"@type":"ListItem","position":1,"name":"Accueil","item":"https:\/\/www.musee-mccord-stewart.ca\/fr\/"},{"@type":"ListItem","position":2,"name":"Collections","item":"https:\/\/www.musee-mccord-stewart.ca\/fr\/collections\/"},{"@type":"ListItem","position":3,"name":"Culture mat\u00e9rielle","item":"https:\/\/www.musee-mccord-stewart.ca\/fr\/collections\/culture-materielle\/"},{"@type":"ListItem","position":4,"name":"Chaque objet a son histoire, son anecdote \u00e0 raconter"}]},{"@type":"WebSite","@id":"https:\/\/www.musee-mccord-stewart.ca\/fr\/#website","url":"https:\/\/www.musee-mccord-stewart.ca\/fr\/","name":"Mus\u00e9e McCord Stewart","description":"Notre monde, nos histoires","publisher":{"@id":"https:\/\/www.musee-mccord-stewart.ca\/fr\/#organization"},"alternateName":"MCS","potentialAction":[{"@type":"SearchAction","target":{"@type":"EntryPoint","urlTemplate":"https:\/\/www.musee-mccord-stewart.ca\/fr\/?s={search_term_string}"},"query-input":"required name=search_term_string"}],"inLanguage":"fr-FR"},{"@type":"Organization","@id":"https:\/\/www.musee-mccord-stewart.ca\/fr\/#organization","name":"McCord Stewart Museum","alternateName":"MCS","url":"https:\/\/www.musee-mccord-stewart.ca\/fr\/","logo":{"@type":"ImageObject","inLanguage":"fr-FR","@id":"https:\/\/www.musee-mccord-stewart.ca\/fr\/#\/schema\/logo\/image\/","url":"https:\/\/www.musee-mccord-stewart.ca\/app\/uploads\/2023\/05\/logo_museemccordstewart_horizontal_noir_slogan.svg","contentUrl":"https:\/\/www.musee-mccord-stewart.ca\/app\/uploads\/2023\/05\/logo_museemccordstewart_horizontal_noir_slogan.svg","width":1,"height":1,"caption":"McCord Stewart Museum"},"image":{"@id":"https:\/\/www.musee-mccord-stewart.ca\/fr\/#\/schema\/logo\/image\/"},"sameAs":["https:\/\/www.facebook.com\/museemccordstewart","https:\/\/twitter.com\/MuseeMcCordStew","https:\/\/instagram.com\/museemccordstewart","https:\/\/www.linkedin.com\/company\/museemccordstewart\/","https:\/\/www.pinterest.com\/museemccordstewart\/","https:\/\/www.youtube.com\/c\/MuseeMcCordStewartMuseum"]}]}},"_links":{"self":[{"href":"https:\/\/www.musee-mccord-stewart.ca\/fr\/wp-json\/wp\/v2\/pages\/24073"}],"collection":[{"href":"https:\/\/www.musee-mccord-stewart.ca\/fr\/wp-json\/wp\/v2\/pages"}],"about":[{"href":"https:\/\/www.musee-mccord-stewart.ca\/fr\/wp-json\/wp\/v2\/types\/page"}],"author":[{"embeddable":true,"href":"https:\/\/www.musee-mccord-stewart.ca\/fr\/wp-json\/wp\/v2\/users\/3"}],"replies":[{"embeddable":true,"href":"https:\/\/www.musee-mccord-stewart.ca\/fr\/wp-json\/wp\/v2\/comments?post=24073"}],"version-history":[{"count":0,"href":"https:\/\/www.musee-mccord-stewart.ca\/fr\/wp-json\/wp\/v2\/pages\/24073\/revisions"}],"up":[{"embeddable":true,"href":"https:\/\/www.musee-mccord-stewart.ca\/fr\/wp-json\/wp\/v2\/pages\/1812"}],"wp:attachment":[{"href":"https:\/\/www.musee-mccord-stewart.ca\/fr\/wp-json\/wp\/v2\/media?parent=24073"}],"wp:term":[{"taxonomy":"category","embeddable":true,"href":"https:\/\/www.musee-mccord-stewart.ca\/fr\/wp-json\/wp\/v2\/categories?post=24073"},{"taxonomy":"post_tag","embeddable":true,"href":"https:\/\/www.musee-mccord-stewart.ca\/fr\/wp-json\/wp\/v2\/tags?post=24073"}],"curies":[{"name":"wp","href":"https:\/\/api.w.org\/{rel}","templated":true}]}}