{"id":23982,"date":"2018-11-23T14:50:29","date_gmt":"2018-11-23T19:50:29","guid":{"rendered":"http:\/\/www.musee-mccord-stewart.ca\/?page_id=23982\/"},"modified":"2024-02-20T09:56:18","modified_gmt":"2024-02-20T14:56:18","slug":"collecte-de-jouets-bienvenue","status":"publish","type":"page","link":"https:\/\/www.musee-mccord-stewart.ca\/fr\/collecte-de-jouets-bienvenue\/","title":{"rendered":"Collecte de jouets <i>Bienvenue! On joue?<\/i>"},"content":{"rendered":"<p><strong>Ouverture, partage, inclusion et entraide, c\u2019est aussi \u00e7a le temps des F\u00eates!\u00a0<\/strong><\/p>\n<p><span data-contrast=\"auto\">Dans le cadre des F\u00eates au Mus\u00e9e, nous vous invitons \u00e0 participer \u00e0 notre collecte de jouets et de souvenirs <\/span><i><span data-contrast=\"auto\">Bienvenue! On joue?<\/span><\/i><span data-contrast=\"auto\"><strong> du 16 d\u00e9cembre au 31 d\u00e9cembre 2023.<\/strong> <\/span><\/p>\n<p><span data-contrast=\"auto\">En collaboration avec le <a title=\"\" href=\"https:\/\/centrecsai.org\/\" target=\"_blank\" rel=\"noopener\">Centre social d\u2019aide aux immigrants (CSAI)<\/a>, <strong>le Mus\u00e9e offrira les jouets amass\u00e9s \u00e0 des familles nouvellement arriv\u00e9es \u00e0 Montr\u00e9al<\/strong> pour leur souhaiter la bienvenue.<\/span><span data-ccp-props=\"{&quot;201341983&quot;:0,&quot;335559739&quot;:160,&quot;335559740&quot;:259}\">\u00a0<\/span><\/p>\n<h2>Photos de la collecte 2022-2023<\/h2>\n<p>Merci d\u2019avoir particip\u00e9 \u00e0 notre collecte de jouets 2023! Gr\u00e2ce \u00e0 vous, le Mus\u00e9e \u2013 en collaboration avec le <a title=\"\" href=\"https:\/\/centrecsai.org\/\" target=\"_blank\" rel=\"noopener noreferrer\">Centre social d\u2019aide aux immigrants (CSAI)<\/a> \u2013 a offert tous les jouets amass\u00e9s \u00e0 des familles nouvellement arriv\u00e9es \u00e0 Montr\u00e9al pour leur souhaiter la bienvenue!<\/p>\n<ul class=\"sliderTiny\">\n<li>\n<img decoding=\"async\" src=\"https:\/\/www.musee-mccord-stewart.ca\/app\/uploads\/2024\/02\/2024-01-20_mccord-stewart_bienvenue-on-joue_lr_01_1200x800.jpg\" alt=\"\u00a9 R\u00e9mi Hermoso\" title=\"\u00a9 R\u00e9mi Hermoso\" \/>\n<\/li>\n<li>\n<img decoding=\"async\" src=\"https:\/\/www.musee-mccord-stewart.ca\/app\/uploads\/2024\/02\/2024-01-20_mccord-stewart_bienvenue-on-joue_lr_02_1200x800.jpg\" alt=\"\u00a9 R\u00e9mi Hermoso\" title=\"\u00a9 R\u00e9mi Hermoso\" \/>\n<\/li>\n<li>\n<img decoding=\"async\" src=\"https:\/\/www.musee-mccord-stewart.ca\/app\/uploads\/2024\/02\/2024-01-20_mccord-stewart_bienvenue-on-joue_lr_07_1200x800.jpg\" alt=\"\u00a9 R\u00e9mi Hermoso\" title=\"\u00a9 R\u00e9mi Hermoso\" \/>\n<\/li>\n<li>\n<img decoding=\"async\" src=\"https:\/\/www.musee-mccord-stewart.ca\/app\/uploads\/2024\/02\/2024-01-20_mccord-stewart_bienvenue-on-joue_lr_13_1200x800.jpg\" alt=\"\u00a9 R\u00e9mi Hermoso\" title=\"\u00a9 R\u00e9mi Hermoso\" \/>\n<\/li>\n<li>\n<img decoding=\"async\" src=\"https:\/\/www.musee-mccord-stewart.ca\/app\/uploads\/2024\/02\/2024-01-20_mccord-stewart_bienvenue-on-joue_lr_15_1200x800.jpg\" alt=\"\u00a9 R\u00e9mi Hermoso\" title=\"\u00a9 R\u00e9mi Hermoso\" \/>\n<\/li>\n<li>\n<img decoding=\"async\" src=\"https:\/\/www.musee-mccord-stewart.ca\/app\/uploads\/2024\/02\/2024-01-20_mccord-stewart_bienvenue-on-joue_lr_18_1200x800.jpg\" alt=\"\u00a9 R\u00e9mi Hermoso\" title=\"\u00a9 R\u00e9mi Hermoso\" \/>\n<\/li>\n<\/ul>\n\n<h2>Prenez part \u00e0 la collecte de jouets en 3 \u00e9tapes faciles<\/h2>\n<ol>\n<li>Rem\u00e9morez-vous <strong>un jouet<\/strong> avec lequel vous avez eu beaucoup de plaisir et dont vous seriez pr\u00eat \u00e0 vous d\u00e9partir. Assurez-vous que votre jouet est en\u00a0<strong>bon \u00e9tat, fonctionnel et s\u00e9curitaire.<\/strong><\/li>\n<li><a title=\"\" href=\"https:\/\/www.musee-mccord-stewart.ca\/app\/uploads\/2022\/11\/bienvenue-on-joue_boite-dons_etiquette_enligne.pdf\" target=\"_blank\" rel=\"noopener noreferrer\">T\u00e9l\u00e9chargez et imprimez cette carte<\/a>, et prenez soin d\u2019<strong>\u00e9crire un mot<\/strong> de bienvenue et un charmant souvenir li\u00e9 \u00e0 votre jouet.<\/li>\n<li><span class=\"TextRun Highlight SCXW66476876 BCX0\" lang=\"FR-CA\" xml:lang=\"FR-CA\" data-contrast=\"auto\"><span class=\"NormalTextRun SCXW66476876 BCX0\">D\u00e9posez le tout dans la bo\u00eete \u00e0 cadeaux, situ\u00e9e dans le <strong>Th\u00e9\u00e2tre du Mus\u00e9e<\/strong><\/span><span class=\"NormalTextRun SCXW66476876 BCX0\"> qui accueille la vitrine <\/span><\/span><span class=\"TextRun Highlight SCXW66476876 BCX0\" lang=\"FR-CA\" xml:lang=\"FR-CA\" data-contrast=\"auto\"><span class=\"NormalTextRun SCXW66476876 BCX0\"><a href=\"https:\/\/www.musee-mccord-stewart.ca\/fr\/expositions\/univers-enchantes\/\"><em>Le Village enchant\u00e9<\/em><\/a>, <\/span><\/span><span class=\"TextRun Highlight SCXW66476876 BCX0\" lang=\"FR-CA\" xml:lang=\"FR-CA\" data-contrast=\"auto\"><span class=\"NormalTextRun SCXW66476876 BCX0\">pendant les heures d\u2019ouverture du Mus\u00e9e.<\/span><\/span><span class=\"EOP SCXW66476876 BCX0\" data-ccp-props=\"{&quot;201341983&quot;:0,&quot;335559739&quot;:160,&quot;335559740&quot;:259}\">\u00a0<\/span><\/li>\n<\/ol>\n<h2>Nous acceptons<\/h2>\n<ul>\n<li>Jeux et jouets de seconde main pour les jeunes de 0 \u00e0 16\u00a0ans, en bonne condition\u00a0: peluches, poup\u00e9es, jeux de soci\u00e9t\u00e9, jeux \u00e9ducatifs, casse-t\u00eate, etc.;<\/li>\n<li>Livres en fran\u00e7ais et en anglais pour les jeunes de 0 \u00e0 16\u00a0ans;<\/li>\n<li>Instruments de musique;<\/li>\n<li>Consoles et jeux vid\u00e9o;<\/li>\n<li>\u00c9quipement de sports\u00a0: ballons, patins, b\u00e2tons de hockey, trottinettes, cordes \u00e0 danser, etc.<\/li>\n<\/ul>\n<h2>Nous n&rsquo;acceptons pas<\/h2>\n<ul>\n<li>Jouets et objets connexes mesurant plus de 4\u00a0pieds de longueur et 2\u00a0pieds de largeur;<\/li>\n<li>Jeux et jouets \u00e0 caract\u00e8re violent;<\/li>\n<li>Jouets neufs;<\/li>\n<li>Jouets de seconde main en mauvais \u00e9tat ou incomplets;<\/li>\n<li>Tout autre objet (v\u00eatements, v\u00eatements de sport, chaussures, literies, meubles, vaisselle, petits et grands \u00e9lectrom\u00e9nagers, aliments, appareils \u00e9lectroniques [t\u00e9l\u00e9visions, ordinateurs], bicyclettes, etc.).<\/li>\n<\/ul>\n<h2>Vous avez des questions sur la collecte?<\/h2>\n<p>\u00c9crivez-nous \u00e0 <a href=\"mailto:communications@mccord-stewart.ca\">communications@mccord-stewart.ca<\/a><\/p>\n","protected":false},"excerpt":{"rendered":"<p>Ouverture, partage, inclusion et entraide, c\u2019est aussi \u00e7a le temps des F\u00eates!\u00a0 Dans le cadre des F\u00eates au Mus\u00e9e, nous vous invitons \u00e0 participer \u00e0 notre collecte de jouets et de souvenirs Bienvenue! On joue? du 16 d\u00e9cembre au 31 d\u00e9cembre 2023. En collaboration avec le Centre social d\u2019aide aux immigrants (CSAI), le Mus\u00e9e offrira [&hellip;]<\/p>\n","protected":false},"author":17,"featured_media":0,"parent":0,"menu_order":0,"comment_status":"closed","ping_status":"closed","template":"page-templates\/page-texte.php","meta":{"footnotes":""},"categories":[],"tags":[],"acf":[],"yoast_head":"<!-- This site is optimized with the Yoast SEO Premium plugin v20.11 (Yoast SEO v20.11) - https:\/\/yoast.com\/wordpress\/plugins\/seo\/ -->\n<title>Collecte de jouets du Mus\u00e9e McCord : Bienvenue! On joue?<\/title>\n<meta name=\"description\" content=\"Souhaitez la bienvenue aux arrivants montr\u00e9alais avec la collecte de jouets du Mus\u00e9e McCord Stewart. C\u2019est aussi \u00e7a le temps des F\u00eates!\" \/>\n<meta name=\"robots\" content=\"index, follow, max-snippet:-1, max-image-preview:large, max-video-preview:-1\" \/>\n<link rel=\"canonical\" href=\"https:\/\/www.musee-mccord-stewart.ca\/fr\/collecte-de-jouets-bienvenue\/\" \/>\n<meta property=\"og:locale\" content=\"fr_FR\" \/>\n<meta property=\"og:type\" content=\"article\" \/>\n<meta property=\"og:title\" content=\"Collecte de jouets Bienvenue! On joue?\" \/>\n<meta property=\"og:description\" content=\"Souhaitez la bienvenue aux arrivants montr\u00e9alais avec la collecte de jouets du Mus\u00e9e McCord Stewart. C\u2019est aussi \u00e7a le temps des F\u00eates!\" \/>\n<meta property=\"og:url\" content=\"https:\/\/www.musee-mccord-stewart.ca\/fr\/collecte-de-jouets-bienvenue\/\" \/>\n<meta property=\"og:site_name\" content=\"Mus\u00e9e McCord Stewart\" \/>\n<meta property=\"article:publisher\" content=\"https:\/\/www.facebook.com\/museemccordstewart\" \/>\n<meta property=\"article:modified_time\" content=\"2024-02-20T14:56:18+00:00\" \/>\n<meta property=\"og:image\" content=\"https:\/\/www.musee-mccord-stewart.ca\/app\/uploads\/2018\/11\/collecte-jouets-bienvenue-on-joue_640x448.jpg\" \/>\n\t<meta property=\"og:image:width\" content=\"640\" \/>\n\t<meta property=\"og:image:height\" content=\"448\" \/>\n\t<meta property=\"og:image:type\" content=\"image\/jpeg\" \/>\n<meta name=\"twitter:card\" content=\"summary_large_image\" \/>\n<meta name=\"twitter:description\" content=\"Souhaitez la bienvenue aux arrivants montr\u00e9alais avec la collecte de jouets du Mus\u00e9e McCord Stewart. C\u2019est aussi \u00e7a le temps des F\u00eates!\" \/>\n<meta name=\"twitter:site\" content=\"@MuseeMcCordStew\" \/>\n<meta name=\"twitter:label1\" content=\"Dur\u00e9e de lecture estim\u00e9e\" \/>\n\t<meta name=\"twitter:data1\" content=\"2 minutes\" \/>\n<script type=\"application\/ld+json\" class=\"yoast-schema-graph\">{\"@context\":\"https:\/\/schema.org\",\"@graph\":[{\"@type\":\"WebPage\",\"@id\":\"https:\/\/www.musee-mccord-stewart.ca\/fr\/collecte-de-jouets-bienvenue\/\",\"url\":\"https:\/\/www.musee-mccord-stewart.ca\/fr\/collecte-de-jouets-bienvenue\/\",\"name\":\"Collecte de jouets du Mus\u00e9e McCord : Bienvenue! On joue?\",\"isPartOf\":{\"@id\":\"https:\/\/www.musee-mccord-stewart.ca\/fr\/#website\"},\"datePublished\":\"2018-11-23T19:50:29+00:00\",\"dateModified\":\"2024-02-20T14:56:18+00:00\",\"description\":\"Souhaitez la bienvenue aux arrivants montr\u00e9alais avec la collecte de jouets du Mus\u00e9e McCord Stewart. C\u2019est aussi \u00e7a le temps des F\u00eates!\",\"breadcrumb\":{\"@id\":\"https:\/\/www.musee-mccord-stewart.ca\/fr\/collecte-de-jouets-bienvenue\/#breadcrumb\"},\"inLanguage\":\"fr-FR\",\"potentialAction\":[{\"@type\":\"ReadAction\",\"target\":[\"https:\/\/www.musee-mccord-stewart.ca\/fr\/collecte-de-jouets-bienvenue\/\"]}]},{\"@type\":\"BreadcrumbList\",\"@id\":\"https:\/\/www.musee-mccord-stewart.ca\/fr\/collecte-de-jouets-bienvenue\/#breadcrumb\",\"itemListElement\":[{\"@type\":\"ListItem\",\"position\":1,\"name\":\"Accueil\",\"item\":\"https:\/\/www.musee-mccord-stewart.ca\/fr\/\"},{\"@type\":\"ListItem\",\"position\":2,\"name\":\"Collecte de jouets Bienvenue! On joue?\"}]},{\"@type\":\"WebSite\",\"@id\":\"https:\/\/www.musee-mccord-stewart.ca\/fr\/#website\",\"url\":\"https:\/\/www.musee-mccord-stewart.ca\/fr\/\",\"name\":\"Mus\u00e9e McCord Stewart\",\"description\":\"Notre monde, nos histoires\",\"publisher\":{\"@id\":\"https:\/\/www.musee-mccord-stewart.ca\/fr\/#organization\"},\"alternateName\":\"MCS\",\"potentialAction\":[{\"@type\":\"SearchAction\",\"target\":{\"@type\":\"EntryPoint\",\"urlTemplate\":\"https:\/\/www.musee-mccord-stewart.ca\/fr\/?s={search_term_string}\"},\"query-input\":\"required name=search_term_string\"}],\"inLanguage\":\"fr-FR\"},{\"@type\":\"Organization\",\"@id\":\"https:\/\/www.musee-mccord-stewart.ca\/fr\/#organization\",\"name\":\"McCord Stewart Museum\",\"alternateName\":\"MCS\",\"url\":\"https:\/\/www.musee-mccord-stewart.ca\/fr\/\",\"logo\":{\"@type\":\"ImageObject\",\"inLanguage\":\"fr-FR\",\"@id\":\"https:\/\/www.musee-mccord-stewart.ca\/fr\/#\/schema\/logo\/image\/\",\"url\":\"https:\/\/www.musee-mccord-stewart.ca\/app\/uploads\/2023\/05\/logo_museemccordstewart_horizontal_noir_slogan.svg\",\"contentUrl\":\"https:\/\/www.musee-mccord-stewart.ca\/app\/uploads\/2023\/05\/logo_museemccordstewart_horizontal_noir_slogan.svg\",\"width\":1,\"height\":1,\"caption\":\"McCord Stewart Museum\"},\"image\":{\"@id\":\"https:\/\/www.musee-mccord-stewart.ca\/fr\/#\/schema\/logo\/image\/\"},\"sameAs\":[\"https:\/\/www.facebook.com\/museemccordstewart\",\"https:\/\/twitter.com\/MuseeMcCordStew\",\"https:\/\/instagram.com\/museemccordstewart\",\"https:\/\/www.linkedin.com\/company\/museemccordstewart\/\",\"https:\/\/www.pinterest.com\/museemccordstewart\/\",\"https:\/\/www.youtube.com\/c\/MuseeMcCordStewartMuseum\"]}]}<\/script>\n<!-- \/ Yoast SEO Premium plugin. -->","yoast_head_json":{"title":"Collecte de jouets du Mus\u00e9e McCord : Bienvenue! On joue?","description":"Souhaitez la bienvenue aux arrivants montr\u00e9alais avec la collecte de jouets du Mus\u00e9e McCord Stewart. C\u2019est aussi \u00e7a le temps des F\u00eates!","robots":{"index":"index","follow":"follow","max-snippet":"max-snippet:-1","max-image-preview":"max-image-preview:large","max-video-preview":"max-video-preview:-1"},"canonical":"https:\/\/www.musee-mccord-stewart.ca\/fr\/collecte-de-jouets-bienvenue\/","og_locale":"fr_FR","og_type":"article","og_title":"Collecte de jouets Bienvenue! On joue?","og_description":"Souhaitez la bienvenue aux arrivants montr\u00e9alais avec la collecte de jouets du Mus\u00e9e McCord Stewart. C\u2019est aussi \u00e7a le temps des F\u00eates!","og_url":"https:\/\/www.musee-mccord-stewart.ca\/fr\/collecte-de-jouets-bienvenue\/","og_site_name":"Mus\u00e9e McCord Stewart","article_publisher":"https:\/\/www.facebook.com\/museemccordstewart","article_modified_time":"2024-02-20T14:56:18+00:00","og_image":[{"width":640,"height":448,"url":"https:\/\/www.musee-mccord-stewart.ca\/app\/uploads\/2018\/11\/collecte-jouets-bienvenue-on-joue_640x448.jpg","type":"image\/jpeg"}],"twitter_card":"summary_large_image","twitter_description":"Souhaitez la bienvenue aux arrivants montr\u00e9alais avec la collecte de jouets du Mus\u00e9e McCord Stewart. C\u2019est aussi \u00e7a le temps des F\u00eates!","twitter_site":"@MuseeMcCordStew","twitter_misc":{"Dur\u00e9e de lecture estim\u00e9e":"2 minutes"},"schema":{"@context":"https:\/\/schema.org","@graph":[{"@type":"WebPage","@id":"https:\/\/www.musee-mccord-stewart.ca\/fr\/collecte-de-jouets-bienvenue\/","url":"https:\/\/www.musee-mccord-stewart.ca\/fr\/collecte-de-jouets-bienvenue\/","name":"Collecte de jouets du Mus\u00e9e McCord : Bienvenue! On joue?","isPartOf":{"@id":"https:\/\/www.musee-mccord-stewart.ca\/fr\/#website"},"datePublished":"2018-11-23T19:50:29+00:00","dateModified":"2024-02-20T14:56:18+00:00","description":"Souhaitez la bienvenue aux arrivants montr\u00e9alais avec la collecte de jouets du Mus\u00e9e McCord Stewart. C\u2019est aussi \u00e7a le temps des F\u00eates!","breadcrumb":{"@id":"https:\/\/www.musee-mccord-stewart.ca\/fr\/collecte-de-jouets-bienvenue\/#breadcrumb"},"inLanguage":"fr-FR","potentialAction":[{"@type":"ReadAction","target":["https:\/\/www.musee-mccord-stewart.ca\/fr\/collecte-de-jouets-bienvenue\/"]}]},{"@type":"BreadcrumbList","@id":"https:\/\/www.musee-mccord-stewart.ca\/fr\/collecte-de-jouets-bienvenue\/#breadcrumb","itemListElement":[{"@type":"ListItem","position":1,"name":"Accueil","item":"https:\/\/www.musee-mccord-stewart.ca\/fr\/"},{"@type":"ListItem","position":2,"name":"Collecte de jouets Bienvenue! On joue?"}]},{"@type":"WebSite","@id":"https:\/\/www.musee-mccord-stewart.ca\/fr\/#website","url":"https:\/\/www.musee-mccord-stewart.ca\/fr\/","name":"Mus\u00e9e McCord Stewart","description":"Notre monde, nos histoires","publisher":{"@id":"https:\/\/www.musee-mccord-stewart.ca\/fr\/#organization"},"alternateName":"MCS","potentialAction":[{"@type":"SearchAction","target":{"@type":"EntryPoint","urlTemplate":"https:\/\/www.musee-mccord-stewart.ca\/fr\/?s={search_term_string}"},"query-input":"required name=search_term_string"}],"inLanguage":"fr-FR"},{"@type":"Organization","@id":"https:\/\/www.musee-mccord-stewart.ca\/fr\/#organization","name":"McCord Stewart Museum","alternateName":"MCS","url":"https:\/\/www.musee-mccord-stewart.ca\/fr\/","logo":{"@type":"ImageObject","inLanguage":"fr-FR","@id":"https:\/\/www.musee-mccord-stewart.ca\/fr\/#\/schema\/logo\/image\/","url":"https:\/\/www.musee-mccord-stewart.ca\/app\/uploads\/2023\/05\/logo_museemccordstewart_horizontal_noir_slogan.svg","contentUrl":"https:\/\/www.musee-mccord-stewart.ca\/app\/uploads\/2023\/05\/logo_museemccordstewart_horizontal_noir_slogan.svg","width":1,"height":1,"caption":"McCord Stewart Museum"},"image":{"@id":"https:\/\/www.musee-mccord-stewart.ca\/fr\/#\/schema\/logo\/image\/"},"sameAs":["https:\/\/www.facebook.com\/museemccordstewart","https:\/\/twitter.com\/MuseeMcCordStew","https:\/\/instagram.com\/museemccordstewart","https:\/\/www.linkedin.com\/company\/museemccordstewart\/","https:\/\/www.pinterest.com\/museemccordstewart\/","https:\/\/www.youtube.com\/c\/MuseeMcCordStewartMuseum"]}]}},"_links":{"self":[{"href":"https:\/\/www.musee-mccord-stewart.ca\/fr\/wp-json\/wp\/v2\/pages\/23982"}],"collection":[{"href":"https:\/\/www.musee-mccord-stewart.ca\/fr\/wp-json\/wp\/v2\/pages"}],"about":[{"href":"https:\/\/www.musee-mccord-stewart.ca\/fr\/wp-json\/wp\/v2\/types\/page"}],"author":[{"embeddable":true,"href":"https:\/\/www.musee-mccord-stewart.ca\/fr\/wp-json\/wp\/v2\/users\/17"}],"replies":[{"embeddable":true,"href":"https:\/\/www.musee-mccord-stewart.ca\/fr\/wp-json\/wp\/v2\/comments?post=23982"}],"version-history":[{"count":0,"href":"https:\/\/www.musee-mccord-stewart.ca\/fr\/wp-json\/wp\/v2\/pages\/23982\/revisions"}],"wp:attachment":[{"href":"https:\/\/www.musee-mccord-stewart.ca\/fr\/wp-json\/wp\/v2\/media?parent=23982"}],"wp:term":[{"taxonomy":"category","embeddable":true,"href":"https:\/\/www.musee-mccord-stewart.ca\/fr\/wp-json\/wp\/v2\/categories?post=23982"},{"taxonomy":"post_tag","embeddable":true,"href":"https:\/\/www.musee-mccord-stewart.ca\/fr\/wp-json\/wp\/v2\/tags?post=23982"}],"curies":[{"name":"wp","href":"https:\/\/api.w.org\/{rel}","templated":true}]}}