{"id":23577,"date":"2018-09-24T16:17:15","date_gmt":"2018-09-24T20:17:15","guid":{"rendered":"http:\/\/www.musee-mccord-stewart.ca\/?page_id=23577\/"},"modified":"2025-03-31T10:00:42","modified_gmt":"2025-03-31T14:00:42","slug":"conferences-echanges-urbains","status":"publish","type":"page","link":"https:\/\/www.musee-mccord-stewart.ca\/fr\/conferences-echanges-urbains\/","title":{"rendered":"\u00c9changes urbains"},"content":{"rendered":"<p>Depuis 2012, actrices et acteurs du d\u00e9veloppement de la m\u00e9tropole se r\u00e9unissent dans la s\u00e9rie <em>\u00c9changes urbains\u00a0<\/em>afin de\u00a0d\u00e9battre de th\u00e8mes concrets et actuels en lien avec l\u2019urbanisme et la ville, des sujets qui interpellent les Montr\u00e9alaises et les Montr\u00e9alais.\u00a0Les conf\u00e9rences sont anim\u00e9es par Dinu Bumbaru, directeur des politiques d\u2019<a title=\"\" href=\"https:\/\/www.heritagemontreal.org\/\" target=\"_blank\" rel=\"noopener noreferrer\">H\u00e9ritage Montr\u00e9al<\/a>.<\/p>\n<h2>Visionner les derni\u00e8res conf\u00e9rences<\/h2>\n<ul>\n<li><a href=\"https:\/\/www.musee-mccord-stewart.ca\/fr\/audio-video\/quartiers-communautes-culturelles-image-marque-au-dela\/\">Quartiers et communaut\u00e9s culturelles\u202f: l\u2019image de marque et au-del\u00e0<\/a>\u00a0| 26 mars 2025<\/li>\n<li><a href=\"https:\/\/www.musee-mccord-stewart.ca\/fr\/audio-video\/requalifier-interieurs-patrimoniaux\">Requalifier les int\u00e9rieurs patrimoniaux<\/a> | 29 janvier 2025<\/li>\n<li><a href=\"https:\/\/www.musee-mccord-stewart.ca\/fr\/audio-video\/beton-patrimoine-matiere-moderne-enjeux-contemporains\/\">Le b\u00e9ton et son patrimoine\u202f: mati\u00e8re moderne, enjeux contemporains<\/a>\u00a0| 23 octobre 2024<\/li>\n<li><a href=\"https:\/\/www.musee-mccord-stewart.ca\/fr\/audio-video\/grands-parcs-urbains-reservoirs-nature-lieux-societe\/\">Nos grands parcs urbains : r\u00e9servoirs de nature ou lieux de soci\u00e9t\u00e9?<\/a>\u00a0| 24 avril 2024<\/li>\n<li><a href=\"https:\/\/www.musee-mccord-stewart.ca\/fr\/audio-video\/tourisme-quartiers-entre-attrait-milieu-vie-equilibre\/\">Tourisme et quartiers : entre l\u2019attrait et le milieu de vie, quel \u00e9quilibre?<\/a>\u00a0| 8 f\u00e9vrier 2024<\/li>\n<\/ul>\n<p><a class=\"cta\" title=\"\" href=\"https:\/\/www.musee-mccord-stewart.ca\/fr\/blogue\/?recherche=%C3%A9changes%20urbains\" target=\"_blank\" rel=\"noopener\">Voir toutes les conf\u00e9rences<i class=\"arrow-right-thickicon-\"><\/i><\/a><\/p>\n<h2>Activit\u00e9s gratuites au Mus\u00e9e et en ligne<\/h2>\n<p>Partagez votre point de vue sur notre ville. \u00c9changez vos id\u00e9es sur les d\u00e9fis li\u00e9s \u00e0 son pr\u00e9sent et \u00e0 son avenir!<br \/>\nDur\u00e9e : 1 h 15. Discussion et p\u00e9riode d\u2019\u00e9changes avec le public en fran\u00e7ais et en anglais.<\/p>\n<h3>Assister aux \u00e9v\u00e9nements au Mus\u00e9e<\/h3>\n<ul>\n<li>Places limit\u00e9es, r\u00e9servation obligatoire.<br \/>\nL\u2019activit\u00e9 qui vous int\u00e9resse affiche compl\u00e8te? Pr\u00e9sentez-vous 15 minutes en avance pour vous inscrire sur la liste d\u2019attente. Il est possible que des places se lib\u00e8rent avant le d\u00e9but de l\u2019activit\u00e9.<\/li>\n<li>Lieu : Th\u00e9\u00e2tre J. Armand Bombardier du Mus\u00e9e<\/li>\n<\/ul>\n<h3>Assister aux \u00e9v\u00e9nements en ligne<\/h3>\n<ul>\n<li>Inscrivez-vous sur la billetterie en ligne du Mus\u00e9e pour recevoir les informations de connexion (un courriel vous sera envoy\u00e9 quelques minutes avant l\u2019\u00e9v\u00e9nement).<br \/>\nApr\u00e8s l\u2019\u00e9v\u00e9nement, vous recevrez un enregistrement de la conf\u00e9rence.<\/li>\n<li>Diffusion en direct aussi sur <a title=\"\" href=\"https:\/\/www.linkedin.com\/company\/museemccordstewart\/\" target=\"_blank\" rel=\"noopener\">LinkedIn<\/a>, <a title=\"\" href=\"https:\/\/www.facebook.com\/museemccordstewart\" target=\"_blank\" rel=\"noopener\">Facebook<\/a> et <a title=\"\" href=\"https:\/\/www.youtube.com\/c\/Mus%C3%A9eMcCordStewartMuseum\" target=\"_blank\" rel=\"noopener\">YouTube<\/a>, rejoignez-nous!<\/li>\n<\/ul>\n","protected":false},"excerpt":{"rendered":"<p>Depuis 2012, actrices et acteurs du d\u00e9veloppement de la m\u00e9tropole se r\u00e9unissent dans la s\u00e9rie \u00c9changes urbains\u00a0afin de\u00a0d\u00e9battre de th\u00e8mes concrets et actuels en lien avec l\u2019urbanisme et la ville, des sujets qui interpellent les Montr\u00e9alaises et les Montr\u00e9alais.\u00a0Les conf\u00e9rences sont anim\u00e9es par Dinu Bumbaru, directeur des politiques d\u2019H\u00e9ritage Montr\u00e9al. Visionner les derni\u00e8res conf\u00e9rences Quartiers [&hellip;]<\/p>\n","protected":false},"author":17,"featured_media":0,"parent":0,"menu_order":0,"comment_status":"closed","ping_status":"closed","template":"page-templates\/page-texte.php","meta":{"footnotes":""},"categories":[],"tags":[],"acf":[],"yoast_head":"<!-- This site is optimized with the Yoast SEO Premium plugin v20.11 (Yoast SEO v20.11) - https:\/\/yoast.com\/wordpress\/plugins\/seo\/ -->\n<title>\u00c9changes urbains - S\u00e9rie de conf\u00e9rences - Mus\u00e9e McCord Stewart<\/title>\n<meta name=\"description\" content=\"Actrices et acteurs du d\u00e9veloppement de la Montr\u00e9al discutent de th\u00e8mes concrets et actuels en lien avec l\u2019urbanisme et la ville.\" \/>\n<meta name=\"robots\" content=\"index, follow, max-snippet:-1, max-image-preview:large, max-video-preview:-1\" \/>\n<link rel=\"canonical\" href=\"https:\/\/www.musee-mccord-stewart.ca\/fr\/conferences-echanges-urbains\/\" \/>\n<meta property=\"og:locale\" content=\"fr_FR\" \/>\n<meta property=\"og:type\" content=\"article\" \/>\n<meta property=\"og:title\" content=\"\u00c9changes urbains : visionnez les conf\u00e9rences - Mus\u00e9e McCord Stewart\" \/>\n<meta property=\"og:description\" content=\"Depuis 2012, actrices et acteurs du d\u00e9veloppement de la m\u00e9tropole se r\u00e9unissent dans la s\u00e9rie \u00c9changes urbains\u00a0afin de\u00a0d\u00e9battre de th\u00e8mes concrets et actuels en lien avec l\u2019urbanisme et la ville, des sujets qui interpellent les Montr\u00e9alaises et les Montr\u00e9alais.\" \/>\n<meta property=\"og:url\" content=\"https:\/\/www.musee-mccord-stewart.ca\/fr\/conferences-echanges-urbains\/\" \/>\n<meta property=\"og:site_name\" content=\"Mus\u00e9e McCord Stewart\" \/>\n<meta property=\"article:publisher\" content=\"https:\/\/www.facebook.com\/museemccordstewart\" \/>\n<meta property=\"article:modified_time\" content=\"2025-03-31T14:00:42+00:00\" \/>\n<meta property=\"og:image\" content=\"https:\/\/www.musee-mccord-stewart.ca\/app\/uploads\/2023\/08\/mccord-stewart_activites_echanges-urbains_montreal-noctambule_800x520.jpg\" \/>\n\t<meta property=\"og:image:width\" content=\"800\" \/>\n\t<meta property=\"og:image:height\" content=\"520\" \/>\n\t<meta property=\"og:image:type\" content=\"image\/jpeg\" \/>\n<meta name=\"twitter:card\" content=\"summary_large_image\" \/>\n<meta name=\"twitter:title\" content=\"\u00c9changes urbains : visionnez les conf\u00e9rences - Mus\u00e9e McCord Stewart\" \/>\n<meta name=\"twitter:description\" content=\"Depuis 2012, actrices et acteurs du d\u00e9veloppement de la m\u00e9tropole se r\u00e9unissent dans la s\u00e9rie \u00c9changes urbains\u00a0afin de\u00a0d\u00e9battre de th\u00e8mes concrets et actuels en lien avec l\u2019urbanisme et la ville, des sujets qui interpellent les Montr\u00e9alaises et les Montr\u00e9alais.\" \/>\n<meta name=\"twitter:site\" content=\"@MuseeMcCordStew\" \/>\n<meta name=\"twitter:label1\" content=\"Dur\u00e9e de lecture estim\u00e9e\" \/>\n\t<meta name=\"twitter:data1\" content=\"2 minutes\" \/>\n<script type=\"application\/ld+json\" class=\"yoast-schema-graph\">{\"@context\":\"https:\/\/schema.org\",\"@graph\":[{\"@type\":\"WebPage\",\"@id\":\"https:\/\/www.musee-mccord-stewart.ca\/fr\/conferences-echanges-urbains\/\",\"url\":\"https:\/\/www.musee-mccord-stewart.ca\/fr\/conferences-echanges-urbains\/\",\"name\":\"\u00c9changes urbains - S\u00e9rie de conf\u00e9rences - Mus\u00e9e McCord Stewart\",\"isPartOf\":{\"@id\":\"https:\/\/www.musee-mccord-stewart.ca\/fr\/#website\"},\"datePublished\":\"2018-09-24T20:17:15+00:00\",\"dateModified\":\"2025-03-31T14:00:42+00:00\",\"description\":\"Actrices et acteurs du d\u00e9veloppement de la Montr\u00e9al discutent de th\u00e8mes concrets et actuels en lien avec l\u2019urbanisme et la ville.\",\"breadcrumb\":{\"@id\":\"https:\/\/www.musee-mccord-stewart.ca\/fr\/conferences-echanges-urbains\/#breadcrumb\"},\"inLanguage\":\"fr-FR\",\"potentialAction\":[{\"@type\":\"ReadAction\",\"target\":[\"https:\/\/www.musee-mccord-stewart.ca\/fr\/conferences-echanges-urbains\/\"]}]},{\"@type\":\"BreadcrumbList\",\"@id\":\"https:\/\/www.musee-mccord-stewart.ca\/fr\/conferences-echanges-urbains\/#breadcrumb\",\"itemListElement\":[{\"@type\":\"ListItem\",\"position\":1,\"name\":\"Accueil\",\"item\":\"https:\/\/www.musee-mccord-stewart.ca\/fr\/\"},{\"@type\":\"ListItem\",\"position\":2,\"name\":\"\u00c9changes urbains\"}]},{\"@type\":\"WebSite\",\"@id\":\"https:\/\/www.musee-mccord-stewart.ca\/fr\/#website\",\"url\":\"https:\/\/www.musee-mccord-stewart.ca\/fr\/\",\"name\":\"Mus\u00e9e McCord Stewart\",\"description\":\"Notre monde, nos histoires\",\"publisher\":{\"@id\":\"https:\/\/www.musee-mccord-stewart.ca\/fr\/#organization\"},\"alternateName\":\"MCS\",\"potentialAction\":[{\"@type\":\"SearchAction\",\"target\":{\"@type\":\"EntryPoint\",\"urlTemplate\":\"https:\/\/www.musee-mccord-stewart.ca\/fr\/?s={search_term_string}\"},\"query-input\":\"required name=search_term_string\"}],\"inLanguage\":\"fr-FR\"},{\"@type\":\"Organization\",\"@id\":\"https:\/\/www.musee-mccord-stewart.ca\/fr\/#organization\",\"name\":\"McCord Stewart Museum\",\"alternateName\":\"MCS\",\"url\":\"https:\/\/www.musee-mccord-stewart.ca\/fr\/\",\"logo\":{\"@type\":\"ImageObject\",\"inLanguage\":\"fr-FR\",\"@id\":\"https:\/\/www.musee-mccord-stewart.ca\/fr\/#\/schema\/logo\/image\/\",\"url\":\"https:\/\/www.musee-mccord-stewart.ca\/app\/uploads\/2023\/05\/logo_museemccordstewart_horizontal_noir_slogan.svg\",\"contentUrl\":\"https:\/\/www.musee-mccord-stewart.ca\/app\/uploads\/2023\/05\/logo_museemccordstewart_horizontal_noir_slogan.svg\",\"width\":1,\"height\":1,\"caption\":\"McCord Stewart Museum\"},\"image\":{\"@id\":\"https:\/\/www.musee-mccord-stewart.ca\/fr\/#\/schema\/logo\/image\/\"},\"sameAs\":[\"https:\/\/www.facebook.com\/museemccordstewart\",\"https:\/\/twitter.com\/MuseeMcCordStew\",\"https:\/\/instagram.com\/museemccordstewart\",\"https:\/\/www.linkedin.com\/company\/museemccordstewart\/\",\"https:\/\/www.pinterest.com\/museemccordstewart\/\",\"https:\/\/www.youtube.com\/c\/MuseeMcCordStewartMuseum\"]}]}<\/script>\n<!-- \/ Yoast SEO Premium plugin. -->","yoast_head_json":{"title":"\u00c9changes urbains - S\u00e9rie de conf\u00e9rences - Mus\u00e9e McCord Stewart","description":"Actrices et acteurs du d\u00e9veloppement de la Montr\u00e9al discutent de th\u00e8mes concrets et actuels en lien avec l\u2019urbanisme et la ville.","robots":{"index":"index","follow":"follow","max-snippet":"max-snippet:-1","max-image-preview":"max-image-preview:large","max-video-preview":"max-video-preview:-1"},"canonical":"https:\/\/www.musee-mccord-stewart.ca\/fr\/conferences-echanges-urbains\/","og_locale":"fr_FR","og_type":"article","og_title":"\u00c9changes urbains : visionnez les conf\u00e9rences - Mus\u00e9e McCord Stewart","og_description":"Depuis 2012, actrices et acteurs du d\u00e9veloppement de la m\u00e9tropole se r\u00e9unissent dans la s\u00e9rie \u00c9changes urbains\u00a0afin de\u00a0d\u00e9battre de th\u00e8mes concrets et actuels en lien avec l\u2019urbanisme et la ville, des sujets qui interpellent les Montr\u00e9alaises et les Montr\u00e9alais.","og_url":"https:\/\/www.musee-mccord-stewart.ca\/fr\/conferences-echanges-urbains\/","og_site_name":"Mus\u00e9e McCord Stewart","article_publisher":"https:\/\/www.facebook.com\/museemccordstewart","article_modified_time":"2025-03-31T14:00:42+00:00","og_image":[{"width":800,"height":520,"url":"https:\/\/www.musee-mccord-stewart.ca\/app\/uploads\/2023\/08\/mccord-stewart_activites_echanges-urbains_montreal-noctambule_800x520.jpg","type":"image\/jpeg"}],"twitter_card":"summary_large_image","twitter_title":"\u00c9changes urbains : visionnez les conf\u00e9rences - Mus\u00e9e McCord Stewart","twitter_description":"Depuis 2012, actrices et acteurs du d\u00e9veloppement de la m\u00e9tropole se r\u00e9unissent dans la s\u00e9rie \u00c9changes urbains\u00a0afin de\u00a0d\u00e9battre de th\u00e8mes concrets et actuels en lien avec l\u2019urbanisme et la ville, des sujets qui interpellent les Montr\u00e9alaises et les Montr\u00e9alais.","twitter_site":"@MuseeMcCordStew","twitter_misc":{"Dur\u00e9e de lecture estim\u00e9e":"2 minutes"},"schema":{"@context":"https:\/\/schema.org","@graph":[{"@type":"WebPage","@id":"https:\/\/www.musee-mccord-stewart.ca\/fr\/conferences-echanges-urbains\/","url":"https:\/\/www.musee-mccord-stewart.ca\/fr\/conferences-echanges-urbains\/","name":"\u00c9changes urbains - S\u00e9rie de conf\u00e9rences - Mus\u00e9e McCord Stewart","isPartOf":{"@id":"https:\/\/www.musee-mccord-stewart.ca\/fr\/#website"},"datePublished":"2018-09-24T20:17:15+00:00","dateModified":"2025-03-31T14:00:42+00:00","description":"Actrices et acteurs du d\u00e9veloppement de la Montr\u00e9al discutent de th\u00e8mes concrets et actuels en lien avec l\u2019urbanisme et la ville.","breadcrumb":{"@id":"https:\/\/www.musee-mccord-stewart.ca\/fr\/conferences-echanges-urbains\/#breadcrumb"},"inLanguage":"fr-FR","potentialAction":[{"@type":"ReadAction","target":["https:\/\/www.musee-mccord-stewart.ca\/fr\/conferences-echanges-urbains\/"]}]},{"@type":"BreadcrumbList","@id":"https:\/\/www.musee-mccord-stewart.ca\/fr\/conferences-echanges-urbains\/#breadcrumb","itemListElement":[{"@type":"ListItem","position":1,"name":"Accueil","item":"https:\/\/www.musee-mccord-stewart.ca\/fr\/"},{"@type":"ListItem","position":2,"name":"\u00c9changes urbains"}]},{"@type":"WebSite","@id":"https:\/\/www.musee-mccord-stewart.ca\/fr\/#website","url":"https:\/\/www.musee-mccord-stewart.ca\/fr\/","name":"Mus\u00e9e McCord Stewart","description":"Notre monde, nos histoires","publisher":{"@id":"https:\/\/www.musee-mccord-stewart.ca\/fr\/#organization"},"alternateName":"MCS","potentialAction":[{"@type":"SearchAction","target":{"@type":"EntryPoint","urlTemplate":"https:\/\/www.musee-mccord-stewart.ca\/fr\/?s={search_term_string}"},"query-input":"required name=search_term_string"}],"inLanguage":"fr-FR"},{"@type":"Organization","@id":"https:\/\/www.musee-mccord-stewart.ca\/fr\/#organization","name":"McCord Stewart Museum","alternateName":"MCS","url":"https:\/\/www.musee-mccord-stewart.ca\/fr\/","logo":{"@type":"ImageObject","inLanguage":"fr-FR","@id":"https:\/\/www.musee-mccord-stewart.ca\/fr\/#\/schema\/logo\/image\/","url":"https:\/\/www.musee-mccord-stewart.ca\/app\/uploads\/2023\/05\/logo_museemccordstewart_horizontal_noir_slogan.svg","contentUrl":"https:\/\/www.musee-mccord-stewart.ca\/app\/uploads\/2023\/05\/logo_museemccordstewart_horizontal_noir_slogan.svg","width":1,"height":1,"caption":"McCord Stewart Museum"},"image":{"@id":"https:\/\/www.musee-mccord-stewart.ca\/fr\/#\/schema\/logo\/image\/"},"sameAs":["https:\/\/www.facebook.com\/museemccordstewart","https:\/\/twitter.com\/MuseeMcCordStew","https:\/\/instagram.com\/museemccordstewart","https:\/\/www.linkedin.com\/company\/museemccordstewart\/","https:\/\/www.pinterest.com\/museemccordstewart\/","https:\/\/www.youtube.com\/c\/MuseeMcCordStewartMuseum"]}]}},"_links":{"self":[{"href":"https:\/\/www.musee-mccord-stewart.ca\/fr\/wp-json\/wp\/v2\/pages\/23577"}],"collection":[{"href":"https:\/\/www.musee-mccord-stewart.ca\/fr\/wp-json\/wp\/v2\/pages"}],"about":[{"href":"https:\/\/www.musee-mccord-stewart.ca\/fr\/wp-json\/wp\/v2\/types\/page"}],"author":[{"embeddable":true,"href":"https:\/\/www.musee-mccord-stewart.ca\/fr\/wp-json\/wp\/v2\/users\/17"}],"replies":[{"embeddable":true,"href":"https:\/\/www.musee-mccord-stewart.ca\/fr\/wp-json\/wp\/v2\/comments?post=23577"}],"version-history":[{"count":0,"href":"https:\/\/www.musee-mccord-stewart.ca\/fr\/wp-json\/wp\/v2\/pages\/23577\/revisions"}],"wp:attachment":[{"href":"https:\/\/www.musee-mccord-stewart.ca\/fr\/wp-json\/wp\/v2\/media?parent=23577"}],"wp:term":[{"taxonomy":"category","embeddable":true,"href":"https:\/\/www.musee-mccord-stewart.ca\/fr\/wp-json\/wp\/v2\/categories?post=23577"},{"taxonomy":"post_tag","embeddable":true,"href":"https:\/\/www.musee-mccord-stewart.ca\/fr\/wp-json\/wp\/v2\/tags?post=23577"}],"curies":[{"name":"wp","href":"https:\/\/api.w.org\/{rel}","templated":true}]}}