{"id":23559,"date":"2018-09-24T14:22:56","date_gmt":"2018-09-24T18:22:56","guid":{"rendered":"http:\/\/www.musee-mccord-stewart.ca\/?page_id=23559\/"},"modified":"2019-05-27T09:49:31","modified_gmt":"2019-05-27T13:49:31","slug":"les-ateliers-du-dimanche","status":"publish","type":"page","link":"https:\/\/www.musee-mccord-stewart.ca\/fr\/faites-un-don-centenaire\/les-ateliers-du-dimanche\/","title":{"rendered":"Les Ateliers du dimanche"},"content":{"rendered":"<p><strong>Le Comit\u00e9 pair-\u00e0-pair est fier d\u2019avoir amass\u00e9 19 252 $<\/strong> pour le projet <em>Les Ateliers du dimanche<\/em>!<\/p>\n<p>Votre contribution permettra aux Ateliers du dimanche de vivre toute l\u2019ann\u00e9e\u00a0: ces activit\u00e9s cr\u00e9atives resteront gratuites, et les plus jeunes pourront s\u2019\u00e9panouir tout en partageant des moments de complicit\u00e9 en famille.<\/p>\n<p>Venez visiter le Mus\u00e9e McCord un dimanche pour constater l\u2019effet tangible de votre contribution!<\/p>\n<h3><strong>J\u2019AI MANQU\u00c9 LA CAMPAGNE, QUE SONT LES<em> ATELIERS DU DIMANCHE?<\/em><\/strong><\/h3>\n<p>Ces ateliers cr\u00e9atifs permettent \u00e0 petits et grands de manipuler, d\u2019exp\u00e9rimenter et de s\u2019\u00e9merveiller. Cette activit\u00e9, offerte gratuitement aux familles tous les dimanches de l\u2019ann\u00e9e ainsi que tous les jours pendant la p\u00e9riode des f\u00eates et la semaine de rel\u00e2che scolaire, favorise des moments de complicit\u00e9 entre les enfants et leurs parents.<\/p>\n<p>Les th\u00e8mes des activit\u00e9s varient au rythme des saisons et de la programmation, si bien qu\u2019il y a jusqu\u2019\u00e0 quatre th\u00e9matiques diff\u00e9rentes par an.<\/p>\n<p>Pr\u00e8s de 3\u00a0000 familles b\u00e9n\u00e9ficient gratuitement de ce programme chaque ann\u00e9e.<\/p>\n<p>Quel est l\u2019impact de ce programme?<\/p>\n<ul>\n<li>Contribuer \u00e0 l\u2019\u00e9panouissement et \u00e0 l\u2019\u00e9ducation des jeunes \u2013 notre rel\u00e8ve de demain<\/li>\n<li>Favoriser la relation adulte-enfant en permettant aux familles de passer du temps de qualit\u00e9 ensemble<\/li>\n<li>Former des citoyens inform\u00e9s, ouverts et engag\u00e9s en rassemblant des Montr\u00e9alais de toutes origines gr\u00e2ce \u00e0 des histoires et \u00e0 des exp\u00e9riences participatives<\/li>\n<\/ul>\n<h3>NOS MARRAINES<\/h3>\n<p>Odile Archambault du blogue <a href=\"https:\/\/mamanaunplan.com\/\">Maman a un plan<\/a><br \/>\nAnnick Bissainthe du blogue <a href=\"http:\/\/mysocialinterests.ca\/\">My Social Interests<\/a><br \/>\nJaime Damak du blogue <a href=\"http:\/\/jesuisunemaman.com\/\">Je suis une maman<\/a><br \/>\nMaude Goyer du blogue <a href=\"https:\/\/www.facebook.com\/Maman247\">Maman 24\/7<\/a><br \/>\nCharlotte Mercille du blogue <a href=\"https:\/\/charlottemercille.com\/\">Charlotte Mercille<\/a><br \/>\nCarolane et Josiane Stratis du blogue <a href=\"http:\/\/tplmoms.com\/\">TPL Moms<\/a><\/p>\n<h3>\u00c0 propos du Comit\u00e9 Pair-\u00e0-pair<\/h3>\n<p>Le <a href=\"http:\/\/www.musee-mccord-stewart.ca\/fr\/jeune-mccord\/comite-du-jeune-mccord\/\">Comit\u00e9<\/a> est compos\u00e9 d\u2019une dizaine de jeunes professionnels qui s\u2019impliquent au Mus\u00e9e McCord pour \u00eatre des acteurs de changement au sein de leur communaut\u00e9 : ils souhaitent contribuer au mieux-\u00eatre des familles montr\u00e9alaises en leur permettant de participer \u00e0 des ateliers cr\u00e9atifs gratuits tous les dimanches.<\/p>\n<h3>LE SAVIEZ-VOUS\u00a0?<\/h3>\n<p>Plus de 15 000 entreprises jumellent pour le m\u00eame montant les dons vers\u00e9s par leurs employ\u00e9s. Renseignez-vous aupr\u00e8s de votre entreprise pour le programme de don jumel\u00e9.<\/p>\n<p><a class=\"cta\" title=\"\" href=\"https:\/\/secure.e2rm.com\/registrant\/EventHome.aspx?EventID=245763&amp;LangPref=fr-CA&amp;Referrer=https%3a%2f%2fadmin.e2rm.com%2fEventSummary.aspx\">Faites un don<i class=\"arrow-right-thickicon-\"><\/i><\/a><\/p>\n","protected":false},"excerpt":{"rendered":"<p>Le Comit\u00e9 pair-\u00e0-pair est fier d\u2019avoir amass\u00e9 19 252 $ pour le projet Les Ateliers du dimanche! Votre contribution permettra aux Ateliers du dimanche de vivre toute l\u2019ann\u00e9e\u00a0: ces activit\u00e9s cr\u00e9atives resteront gratuites, et les plus jeunes pourront s\u2019\u00e9panouir tout en partageant des moments de complicit\u00e9 en famille. Venez visiter le Mus\u00e9e McCord un dimanche [&hellip;]<\/p>\n","protected":false},"author":17,"featured_media":0,"parent":558,"menu_order":0,"comment_status":"closed","ping_status":"closed","template":"page-templates\/page-texte.php","meta":{"footnotes":""},"categories":[],"tags":[],"acf":[],"yoast_head":"<!-- This site is optimized with the Yoast SEO Premium plugin v20.11 (Yoast SEO v20.11) - https:\/\/yoast.com\/wordpress\/plugins\/seo\/ -->\n<title>Les ateliers du dimanche : faites un don - Mus\u00e9e McCord<\/title>\n<meta name=\"description\" content=\"Le Comit\u00e9 pair-\u00e0-pair lance le projet Les Ateliers du dimanche, dans le but de collecter les 20\u00a0000 $ n\u00e9cessaires pour continuer ce programme.\" \/>\n<meta name=\"robots\" content=\"index, follow, max-snippet:-1, max-image-preview:large, max-video-preview:-1\" \/>\n<link rel=\"canonical\" href=\"https:\/\/www.musee-mccord-stewart.ca\/fr\/faites-un-don\/les-ateliers-du-dimanche\/\" \/>\n<meta property=\"og:locale\" content=\"fr_FR\" \/>\n<meta property=\"og:type\" content=\"article\" \/>\n<meta property=\"og:title\" content=\"Les Ateliers du dimanche\" \/>\n<meta property=\"og:description\" content=\"Le Comit\u00e9 pair-\u00e0-pair est fier d\u2019avoir amass\u00e9 19 252 $ pour le projet Les Ateliers du dimanche! Votre contribution permettra aux Ateliers du dimanche de\" \/>\n<meta property=\"og:url\" content=\"https:\/\/www.musee-mccord-stewart.ca\/fr\/faites-un-don\/les-ateliers-du-dimanche\/\" \/>\n<meta property=\"og:site_name\" content=\"Mus\u00e9e McCord Stewart\" \/>\n<meta property=\"article:publisher\" content=\"https:\/\/www.facebook.com\/museemccordstewart\" \/>\n<meta property=\"article:modified_time\" content=\"2019-05-27T13:49:31+00:00\" \/>\n<meta property=\"og:image\" content=\"https:\/\/www.musee-mccord-stewart.ca\/app\/uploads\/2022\/09\/mccord-stewart_facade-exterieur-henderson-2022_roger-aziz_1320x480.jpg\" \/>\n\t<meta property=\"og:image:width\" content=\"1320\" \/>\n\t<meta property=\"og:image:height\" content=\"480\" \/>\n\t<meta property=\"og:image:type\" content=\"image\/jpeg\" \/>\n<meta name=\"twitter:card\" content=\"summary_large_image\" \/>\n<meta name=\"twitter:site\" content=\"@MuseeMcCordStew\" \/>\n<meta name=\"twitter:label1\" content=\"Dur\u00e9e de lecture estim\u00e9e\" \/>\n\t<meta name=\"twitter:data1\" content=\"2 minutes\" \/>\n<script type=\"application\/ld+json\" class=\"yoast-schema-graph\">{\"@context\":\"https:\/\/schema.org\",\"@graph\":[{\"@type\":\"WebPage\",\"@id\":\"https:\/\/www.musee-mccord-stewart.ca\/fr\/faites-un-don\/les-ateliers-du-dimanche\/\",\"url\":\"https:\/\/www.musee-mccord-stewart.ca\/fr\/faites-un-don\/les-ateliers-du-dimanche\/\",\"name\":\"Les ateliers du dimanche : faites un don - Mus\u00e9e McCord\",\"isPartOf\":{\"@id\":\"https:\/\/www.musee-mccord-stewart.ca\/fr\/#website\"},\"datePublished\":\"2018-09-24T18:22:56+00:00\",\"dateModified\":\"2019-05-27T13:49:31+00:00\",\"description\":\"Le Comit\u00e9 pair-\u00e0-pair lance le projet Les Ateliers du dimanche, dans le but de collecter les 20\u00a0000 $ n\u00e9cessaires pour continuer ce programme.\",\"breadcrumb\":{\"@id\":\"https:\/\/www.musee-mccord-stewart.ca\/fr\/faites-un-don\/les-ateliers-du-dimanche\/#breadcrumb\"},\"inLanguage\":\"fr-FR\",\"potentialAction\":[{\"@type\":\"ReadAction\",\"target\":[\"https:\/\/www.musee-mccord-stewart.ca\/fr\/faites-un-don\/les-ateliers-du-dimanche\/\"]}]},{\"@type\":\"BreadcrumbList\",\"@id\":\"https:\/\/www.musee-mccord-stewart.ca\/fr\/faites-un-don\/les-ateliers-du-dimanche\/#breadcrumb\",\"itemListElement\":[{\"@type\":\"ListItem\",\"position\":1,\"name\":\"Accueil\",\"item\":\"https:\/\/www.musee-mccord-stewart.ca\/fr\/\"},{\"@type\":\"ListItem\",\"position\":2,\"name\":\"FAITES UN DON\",\"item\":\"https:\/\/www.musee-mccord-stewart.ca\/fr\/?page_id=558\"},{\"@type\":\"ListItem\",\"position\":3,\"name\":\"Les Ateliers du dimanche\"}]},{\"@type\":\"WebSite\",\"@id\":\"https:\/\/www.musee-mccord-stewart.ca\/fr\/#website\",\"url\":\"https:\/\/www.musee-mccord-stewart.ca\/fr\/\",\"name\":\"Mus\u00e9e McCord Stewart\",\"description\":\"Notre monde, nos histoires\",\"publisher\":{\"@id\":\"https:\/\/www.musee-mccord-stewart.ca\/fr\/#organization\"},\"alternateName\":\"MCS\",\"potentialAction\":[{\"@type\":\"SearchAction\",\"target\":{\"@type\":\"EntryPoint\",\"urlTemplate\":\"https:\/\/www.musee-mccord-stewart.ca\/fr\/?s={search_term_string}\"},\"query-input\":\"required name=search_term_string\"}],\"inLanguage\":\"fr-FR\"},{\"@type\":\"Organization\",\"@id\":\"https:\/\/www.musee-mccord-stewart.ca\/fr\/#organization\",\"name\":\"McCord Stewart Museum\",\"alternateName\":\"MCS\",\"url\":\"https:\/\/www.musee-mccord-stewart.ca\/fr\/\",\"logo\":{\"@type\":\"ImageObject\",\"inLanguage\":\"fr-FR\",\"@id\":\"https:\/\/www.musee-mccord-stewart.ca\/fr\/#\/schema\/logo\/image\/\",\"url\":\"https:\/\/www.musee-mccord-stewart.ca\/app\/uploads\/2023\/05\/logo_museemccordstewart_horizontal_noir_slogan.svg\",\"contentUrl\":\"https:\/\/www.musee-mccord-stewart.ca\/app\/uploads\/2023\/05\/logo_museemccordstewart_horizontal_noir_slogan.svg\",\"width\":1,\"height\":1,\"caption\":\"McCord Stewart Museum\"},\"image\":{\"@id\":\"https:\/\/www.musee-mccord-stewart.ca\/fr\/#\/schema\/logo\/image\/\"},\"sameAs\":[\"https:\/\/www.facebook.com\/museemccordstewart\",\"https:\/\/twitter.com\/MuseeMcCordStew\",\"https:\/\/instagram.com\/museemccordstewart\",\"https:\/\/www.linkedin.com\/company\/museemccordstewart\/\",\"https:\/\/www.pinterest.com\/museemccordstewart\/\",\"https:\/\/www.youtube.com\/c\/MuseeMcCordStewartMuseum\"]}]}<\/script>\n<!-- \/ Yoast SEO Premium plugin. -->","yoast_head_json":{"title":"Les ateliers du dimanche : faites un don - Mus\u00e9e McCord","description":"Le Comit\u00e9 pair-\u00e0-pair lance le projet Les Ateliers du dimanche, dans le but de collecter les 20\u00a0000 $ n\u00e9cessaires pour continuer ce programme.","robots":{"index":"index","follow":"follow","max-snippet":"max-snippet:-1","max-image-preview":"max-image-preview:large","max-video-preview":"max-video-preview:-1"},"canonical":"https:\/\/www.musee-mccord-stewart.ca\/fr\/faites-un-don\/les-ateliers-du-dimanche\/","og_locale":"fr_FR","og_type":"article","og_title":"Les Ateliers du dimanche","og_description":"Le Comit\u00e9 pair-\u00e0-pair est fier d\u2019avoir amass\u00e9 19 252 $ pour le projet Les Ateliers du dimanche! Votre contribution permettra aux Ateliers du dimanche de","og_url":"https:\/\/www.musee-mccord-stewart.ca\/fr\/faites-un-don\/les-ateliers-du-dimanche\/","og_site_name":"Mus\u00e9e McCord Stewart","article_publisher":"https:\/\/www.facebook.com\/museemccordstewart","article_modified_time":"2019-05-27T13:49:31+00:00","og_image":[{"width":1320,"height":480,"url":"https:\/\/www.musee-mccord-stewart.ca\/app\/uploads\/2022\/09\/mccord-stewart_facade-exterieur-henderson-2022_roger-aziz_1320x480.jpg","type":"image\/jpeg"}],"twitter_card":"summary_large_image","twitter_site":"@MuseeMcCordStew","twitter_misc":{"Dur\u00e9e de lecture estim\u00e9e":"2 minutes"},"schema":{"@context":"https:\/\/schema.org","@graph":[{"@type":"WebPage","@id":"https:\/\/www.musee-mccord-stewart.ca\/fr\/faites-un-don\/les-ateliers-du-dimanche\/","url":"https:\/\/www.musee-mccord-stewart.ca\/fr\/faites-un-don\/les-ateliers-du-dimanche\/","name":"Les ateliers du dimanche : faites un don - Mus\u00e9e McCord","isPartOf":{"@id":"https:\/\/www.musee-mccord-stewart.ca\/fr\/#website"},"datePublished":"2018-09-24T18:22:56+00:00","dateModified":"2019-05-27T13:49:31+00:00","description":"Le Comit\u00e9 pair-\u00e0-pair lance le projet Les Ateliers du dimanche, dans le but de collecter les 20\u00a0000 $ n\u00e9cessaires pour continuer ce programme.","breadcrumb":{"@id":"https:\/\/www.musee-mccord-stewart.ca\/fr\/faites-un-don\/les-ateliers-du-dimanche\/#breadcrumb"},"inLanguage":"fr-FR","potentialAction":[{"@type":"ReadAction","target":["https:\/\/www.musee-mccord-stewart.ca\/fr\/faites-un-don\/les-ateliers-du-dimanche\/"]}]},{"@type":"BreadcrumbList","@id":"https:\/\/www.musee-mccord-stewart.ca\/fr\/faites-un-don\/les-ateliers-du-dimanche\/#breadcrumb","itemListElement":[{"@type":"ListItem","position":1,"name":"Accueil","item":"https:\/\/www.musee-mccord-stewart.ca\/fr\/"},{"@type":"ListItem","position":2,"name":"FAITES UN DON","item":"https:\/\/www.musee-mccord-stewart.ca\/fr\/?page_id=558"},{"@type":"ListItem","position":3,"name":"Les Ateliers du dimanche"}]},{"@type":"WebSite","@id":"https:\/\/www.musee-mccord-stewart.ca\/fr\/#website","url":"https:\/\/www.musee-mccord-stewart.ca\/fr\/","name":"Mus\u00e9e McCord Stewart","description":"Notre monde, nos histoires","publisher":{"@id":"https:\/\/www.musee-mccord-stewart.ca\/fr\/#organization"},"alternateName":"MCS","potentialAction":[{"@type":"SearchAction","target":{"@type":"EntryPoint","urlTemplate":"https:\/\/www.musee-mccord-stewart.ca\/fr\/?s={search_term_string}"},"query-input":"required name=search_term_string"}],"inLanguage":"fr-FR"},{"@type":"Organization","@id":"https:\/\/www.musee-mccord-stewart.ca\/fr\/#organization","name":"McCord Stewart Museum","alternateName":"MCS","url":"https:\/\/www.musee-mccord-stewart.ca\/fr\/","logo":{"@type":"ImageObject","inLanguage":"fr-FR","@id":"https:\/\/www.musee-mccord-stewart.ca\/fr\/#\/schema\/logo\/image\/","url":"https:\/\/www.musee-mccord-stewart.ca\/app\/uploads\/2023\/05\/logo_museemccordstewart_horizontal_noir_slogan.svg","contentUrl":"https:\/\/www.musee-mccord-stewart.ca\/app\/uploads\/2023\/05\/logo_museemccordstewart_horizontal_noir_slogan.svg","width":1,"height":1,"caption":"McCord Stewart Museum"},"image":{"@id":"https:\/\/www.musee-mccord-stewart.ca\/fr\/#\/schema\/logo\/image\/"},"sameAs":["https:\/\/www.facebook.com\/museemccordstewart","https:\/\/twitter.com\/MuseeMcCordStew","https:\/\/instagram.com\/museemccordstewart","https:\/\/www.linkedin.com\/company\/museemccordstewart\/","https:\/\/www.pinterest.com\/museemccordstewart\/","https:\/\/www.youtube.com\/c\/MuseeMcCordStewartMuseum"]}]}},"_links":{"self":[{"href":"https:\/\/www.musee-mccord-stewart.ca\/fr\/wp-json\/wp\/v2\/pages\/23559"}],"collection":[{"href":"https:\/\/www.musee-mccord-stewart.ca\/fr\/wp-json\/wp\/v2\/pages"}],"about":[{"href":"https:\/\/www.musee-mccord-stewart.ca\/fr\/wp-json\/wp\/v2\/types\/page"}],"author":[{"embeddable":true,"href":"https:\/\/www.musee-mccord-stewart.ca\/fr\/wp-json\/wp\/v2\/users\/17"}],"replies":[{"embeddable":true,"href":"https:\/\/www.musee-mccord-stewart.ca\/fr\/wp-json\/wp\/v2\/comments?post=23559"}],"version-history":[{"count":0,"href":"https:\/\/www.musee-mccord-stewart.ca\/fr\/wp-json\/wp\/v2\/pages\/23559\/revisions"}],"up":[{"embeddable":true,"href":"https:\/\/www.musee-mccord-stewart.ca\/fr\/wp-json\/wp\/v2\/pages\/558"}],"wp:attachment":[{"href":"https:\/\/www.musee-mccord-stewart.ca\/fr\/wp-json\/wp\/v2\/media?parent=23559"}],"wp:term":[{"taxonomy":"category","embeddable":true,"href":"https:\/\/www.musee-mccord-stewart.ca\/fr\/wp-json\/wp\/v2\/categories?post=23559"},{"taxonomy":"post_tag","embeddable":true,"href":"https:\/\/www.musee-mccord-stewart.ca\/fr\/wp-json\/wp\/v2\/tags?post=23559"}],"curies":[{"name":"wp","href":"https:\/\/api.w.org\/{rel}","templated":true}]}}