{"id":23459,"date":"2018-08-27T11:59:58","date_gmt":"2018-08-27T15:59:58","guid":{"rendered":"http:\/\/www.musee-mccord-stewart.ca\/?page_id=23459\/"},"modified":"2026-03-25T10:25:00","modified_gmt":"2026-03-25T14:25:00","slug":"instructions-reservation","status":"publish","type":"page","link":"https:\/\/www.musee-mccord-stewart.ca\/fr\/groupes\/instructions-reservation\/","title":{"rendered":"Instructions &#8211; R\u00e9servations de groupes"},"content":{"rendered":"<p>Le Mus\u00e9e McCord Stewart vous propose des activit\u00e9s \u00e9ducatives au Mus\u00e9e et en ligne.\u00a0Les responsables de groupe doivent consulter les fiches pour obtenir plus de d\u00e9tails \u00e0 ce sujet et choisir une visite qui r\u00e9pond \u00e0 leurs besoins et \u00e0 la composition de leur groupe.<br \/>\n<a class=\"cta\" style=\"caret-color: rgba(0, 0, 0, 0);\" title=\"\" href=\"https:\/\/www.musee-mccord-stewart.ca\/app\/uploads\/2026\/02\/informations-pratique-musee-mccord-stewart_02272026.pdf\" target=\"_blank\" rel=\"noopener\">Voir fiche informations pratiques<\/a><br \/>\n<a class=\"cta\" href=\"https:\/\/pages.mccord.museum\/reservation-groupe\" target=\"_blank\" rel=\"noopener\">R\u00e9servez votre visite<i class=\"arrow-right-thickicon-\"><\/i><\/a><\/p>\n<h2>Grille tarifaire pour les groupes<\/h2>\n<table class=\" alignleft\" style=\"width: 36.7101%;\">\n<tbody>\n<tr style=\"height: 68.6111px;\">\n<td style=\"width: 4.44091%; height: 68.6111px; text-align: left;\">\u00a0<strong>Tarification<\/strong><\/td>\n<td style=\"width: 8.71775%; height: 68.6111px; text-align: left;\" colspan=\"3\"><strong>Visite guid\u00e9e<\/strong><\/td>\n<\/tr>\n<tr style=\"height: 47px;\">\n<td style=\"width: 4.44091%; height: 47px; text-align: left;\"><\/td>\n<td style=\"width: 7.29122%; height: 47px; text-align: left;\">Tarif de base*<\/td>\n<td style=\"width: 1.42653%; height: 47px; text-align: left;\">Personne suppl\u00e9mentaire<\/td>\n<td style=\"width: 4.20189%; height: 47px; text-align: left;\">Activit\u00e9 guid\u00e9e suppl\u00e9mentaire par personne<\/td>\n<\/tr>\n<tr style=\"height: 23px;\">\n<td style=\"width: 4.44091%; height: 23px; text-align: left;\">Adulte<\/td>\n<td style=\"width: 7.29122%; height: 23px; text-align: left;\">270 $<\/td>\n<td style=\"width: 1.42653%; height: 23px; text-align: left;\">+ 18 $<\/td>\n<td style=\"width: 4.20189%; height: 23px; text-align: left;\" rowspan=\"2\">+ 10 $<\/td>\n<\/tr>\n<tr style=\"height: 23px;\">\n<td style=\"width: 4.44091%; height: 23px; text-align: left;\">A\u00een\u00e9\u00b7e<\/td>\n<td style=\"width: 7.29122%; height: 23px; text-align: left;\">255 $<\/td>\n<td style=\"width: 1.42653%; height: 23px; text-align: left;\">+ 17 $<\/td>\n<\/tr>\n<tr>\n<td style=\"width: 4.44091%; text-align: left;\">Universit\u00e9<br \/>\nC\u00e9gep<\/td>\n<td style=\"width: 7.29122%; text-align: left;\">180 $<\/td>\n<td style=\"width: 1.42653%; text-align: left;\">+ 12 $<\/td>\n<td style=\"width: 4.20189%; text-align: left;\" rowspan=\"2\">+ 6 $<\/td>\n<\/tr>\n<tr style=\"height: 23px;\">\n<td style=\"width: 4.44091%; height: 23px; text-align: left;\">Secondaire<br \/>\nPrimaire<br \/>\nPr\u00e9scolaire<\/td>\n<td style=\"width: 7.29122%; height: 23px; text-align: left;\">150 $<\/td>\n<td style=\"width: 1.42653%; height: 23px; text-align: left;\">+ 10 $<\/td>\n<\/tr>\n<\/tbody>\n<\/table>\n<table class=\" alignleft\" style=\"width: 44.0724%; height: 185px;\">\n<tbody>\n<tr style=\"height: 68.6111px;\">\n<td style=\"width: 30.9558%; height: 68px; text-align: left;\">\u00a0<strong>Tarification<\/strong><\/td>\n<td style=\"width: 36.0913%; text-align: left; height: 68px;\"><strong>Visite virtuelle<br \/>\n<\/strong>Avec m\u00e9diation, en ligne seulement<\/td>\n<td style=\"width: 31.9543%; text-align: left; height: 68px;\"><strong>Hors les murs<br \/>\n<\/strong>Atelier anim\u00e9<\/td>\n<\/tr>\n<tr style=\"height: 23px;\">\n<td style=\"width: 30.9558%; height: 23px; text-align: left;\">Adulte<\/td>\n<td style=\"text-align: left; width: 36.0913%; height: 46px;\" rowspan=\"4\">400 $<\/td>\n<td style=\"text-align: left; width: 31.9543%; height: 94px;\" rowspan=\"3\">n\/a<\/td>\n<\/tr>\n<tr style=\"height: 23px;\">\n<td style=\"width: 30.9558%; height: 23px; text-align: left;\">A\u00een\u00e9\u00b7e<\/td>\n<\/tr>\n<tr style=\"height: 48px;\">\n<td style=\"width: 30.9558%; text-align: left; height: 48px;\">Universit\u00e9<br \/>\nC\u00e9gep<\/td>\n<\/tr>\n<tr style=\"height: 23px;\">\n<td style=\"width: 30.9558%; height: 23px; text-align: left;\">Secondaire<br \/>\nPrimaire<br \/>\nPr\u00e9scolaire<\/td>\n<td style=\"text-align: left; width: 31.9543%; height: 23px;\">320 $<\/td>\n<\/tr>\n<\/tbody>\n<\/table>\n<table class=\" alignleft\" style=\"width: 95.6238%; height: 232px;\">\n<tbody>\n<tr style=\"height: 68.6111px;\">\n<td style=\"width: 4.44091%; height: 68px; text-align: left;\">\u00a0<strong>Tarification<\/strong><\/td>\n<td style=\"width: 12.9196%; height: 68px; text-align: left;\" colspan=\"3\"><strong>Visite libre<\/strong><\/td>\n<\/tr>\n<tr style=\"height: 47px;\">\n<td style=\"width: 4.44091%; height: 47px; text-align: left;\"><\/td>\n<td style=\"width: 7.29122%; height: 47px; text-align: left;\">Tarif de base**<\/td>\n<td style=\"width: 1.42653%; height: 47px; text-align: left;\">Personne suppl\u00e9mentaire<\/td>\n<td style=\"width: 4.20189%; height: 47px; text-align: left;\">Admission g\u00e9n\u00e9rale<\/td>\n<\/tr>\n<tr style=\"height: 23px;\">\n<td style=\"width: 4.44091%; height: 23px; text-align: left;\">Adulte<\/td>\n<td style=\"width: 7.29122%; height: 23px; text-align: left;\">255 $<\/td>\n<td style=\"width: 1.42653%; height: 23px; text-align: left;\">+ 17 $<\/td>\n<td style=\"height: 23px; text-align: left; width: 4.20189%;\">22 $<\/td>\n<\/tr>\n<tr style=\"height: 23px;\">\n<td style=\"width: 4.44091%; height: 23px; text-align: left;\">A\u00een\u00e9\u00b7e<\/td>\n<td style=\"width: 7.29122%; height: 23px; text-align: left;\">240 $<\/td>\n<td style=\"width: 1.42653%; height: 23px; text-align: left;\">+ 16 $<\/td>\n<td style=\"text-align: left; width: 4.20189%; height: 23px;\">21 $<\/td>\n<\/tr>\n<tr style=\"height: 48px;\">\n<td style=\"width: 4.44091%; text-align: left; height: 48px;\">Universit\u00e9<br \/>\nC\u00e9gep<\/td>\n<td style=\"width: 7.29122%; text-align: left; height: 48px;\">165 $<\/td>\n<td style=\"width: 1.42653%; text-align: left; height: 48px;\">+ 11 $<\/td>\n<td style=\"text-align: left; height: 71px; width: 4.20189%;\">17 $<\/td>\n<\/tr>\n<tr style=\"height: 23px;\">\n<td style=\"width: 4.44091%; height: 23px; text-align: left;\">Secondaire<\/td>\n<td style=\"width: 7.29122%; height: 23px; text-align: left;\" rowspan=\"2\">135 $<\/td>\n<td style=\"width: 1.42653%; height: 23px; text-align: left;\" rowspan=\"2\">+ 9 $<\/td>\n<td style=\"text-align: left; width: 4.20189%;\">15 $<\/td>\n<\/tr>\n<tr>\n<td style=\"width: 4.44091%; text-align: left;\">Primaire<br \/>\nPr\u00e9scolaire<\/td>\n<td style=\"text-align: left; width: 4.20189%;\"><span data-teams=\"true\">Non disponible<\/span><\/td>\n<\/tr>\n<\/tbody>\n<\/table>\n<p>Les tarifs sont en dollars canadiens et ils comprennent les taxes.<br \/>\nNotez que les tarifs sont sujets \u00e0 changements sans pr\u00e9avis.<\/p>\n<p>*Le tarif de base pour une visite guid\u00e9e s\u2019applique aux groupes de 1 \u00e0 15 personnes. Pour les groupes de 16 personnes et plus, le tarif par personne suppl\u00e9mentaire s\u2019ajoute au prix de base.<\/p>\n<p>**Le tarif de base pour une visite libre s\u2019applique aux groupes de 15 personnes. Pour les groupes de 16 personnes et plus, le prix par personne suppl\u00e9mentaire s\u2019ajoute au prix de base. Pour les groupes de moins de 15 personnes, le tarif d\u2019admission g\u00e9n\u00e9rale s\u2019applique.<\/p>\n<p>Une entr\u00e9e gratuite est offerte apr\u00e8s l&rsquo;achat de 15 entr\u00e9es payantes.<br \/>\nLes tarifs pour les visites virtuelles et les ateliers hors-murs sont pour les groupes de 30 participant\u00b7e\u00b7s ou moins.<br \/>\nPour les groupes scolaires, le tarif comprend deux activit\u00e9s au choix.<\/p>\n<h2>Avant de r\u00e9server<\/h2>\n<p><strong>Informations \u00e0 pr\u00e9parer pour la r\u00e9servation :<\/strong><\/p>\n<ul>\n<li>Le titre de l\u2019activit\u00e9 choisie ;<\/li>\n<li>Deux dates possibles pour faciliter votre r\u00e9servation ;<\/li>\n<li>L\u2019heure souhait\u00e9e de la visite, le nombre de participant\u00b7e\u00b7s ou le nombre d\u2019\u00e9l\u00e8ves, le niveau et le cycle de votre groupe, et la langue dans laquelle vous d\u00e9sirez que votre visite se d\u00e9roule ;<\/li>\n<li>Le nom, la fonction (enseignant\u00b7e, coordonnatrice ou oordonnateur, etc.), le num\u00e9ro de t\u00e9l\u00e9phone, l\u2019adresse courriel professionnel de la personne effectuant la r\u00e9servation ainsi que l\u2019adresse postale de l\u2019\u00e9cole, de l\u2019organisme ou de l\u2019entreprise \u00e0 laquelle cette personne est affili\u00e9e ;<\/li>\n<li>Le nom, la fonction (enseignant\u00b7e, coordonnatrice ou coordonnateur, etc.) et le num\u00e9ro de t\u00e9l\u00e9phone de la personne qui accompagnera le groupe lors de la visite.<\/li>\n<\/ul>\n<p>Apr\u00e8s avoir effectu\u00e9 votre r\u00e9servation, vous recevrez une confirmation par courriel, ainsi que les documents pertinents \u00e0 la pr\u00e9paration de votre activit\u00e9. Vous devrez en accuser r\u00e9ception pour confirmer l\u2019horaire de votre visite et le nombre de participants.<\/p>\n<p>Pour assurer le bon d\u00e9roulement de la visite, nous vous invitons \u00e0 consulter <a title=\"\" href=\"https:\/\/www.musee-mccord-stewart.ca\/fr\/groupes\/faq-groupes\/\">la foire aux questions<\/a>.<\/p>\n<div class=\"imgTiny\"><img loading=\"lazy\" decoding=\"async\" width=\"1200\" height=\"800\" class=\"wp-image-49810 size-full\" src=\"https:\/\/www.musee-mccord-stewart.ca\/app\/uploads\/2025\/01\/mccord-stewart_nouvelle_espace-fondation-rossy-pour-leducation_1200x800.jpg\" alt=\"\" srcset=\"https:\/\/www.musee-mccord-stewart.ca\/app\/uploads\/2025\/01\/mccord-stewart_nouvelle_espace-fondation-rossy-pour-leducation_1200x800.jpg 1200w, https:\/\/www.musee-mccord-stewart.ca\/app\/uploads\/2025\/01\/mccord-stewart_nouvelle_espace-fondation-rossy-pour-leducation_1200x800-300x200.jpg 300w, https:\/\/www.musee-mccord-stewart.ca\/app\/uploads\/2025\/01\/mccord-stewart_nouvelle_espace-fondation-rossy-pour-leducation_1200x800-880x587.jpg 880w, https:\/\/www.musee-mccord-stewart.ca\/app\/uploads\/2025\/01\/mccord-stewart_nouvelle_espace-fondation-rossy-pour-leducation_1200x800-768x512.jpg 768w\" sizes=\"(max-width: 1200px) 100vw, 1200px\" \/><div class=\"credit\">Laura Dumitriu \u00a9 Mus\u00e9e McCord Stewart Museum, 2024<\/div><\/div>\n<h3>Changements et annulations<\/h3>\n<p>Il est possible d\u2019annuler une r\u00e9servation et d\u2019obtenir un remboursement dans un d\u00e9lai maximum de deux semaines avant la date de la visite. Apr\u00e8s ce d\u00e9lai, la facturation sera maintenue en totalit\u00e9.<\/p>\n<p>Les demandes de modifications de r\u00e9servation doivent \u00eatre communiqu\u00e9es par courriel dans un d\u00e9lai de deux semaines avant la date de visite souhait\u00e9e. Les demandes transmises en dehors de ce d\u00e9lai seront trait\u00e9es au cas par cas selon les disponibilit\u00e9s. Une confirmation de modification vous sera envoy\u00e9e par courriel si votre requ\u00eate est accept\u00e9e. Seule la confirmation par courriel fera preuve de validation de votre changement.<\/p>\n<h3>Modalit\u00e9s de paiement<\/h3>\n<ul>\n<li style=\"font-weight: 400;\"><span style=\"font-weight: 400;\">Le paiement pour les <strong>activit\u00e9s avec m\u00e9diation<\/strong> se fait <strong>uniquement sur facturation<\/strong>, par <strong>ch\u00e8que<\/strong>, <strong>carte de cr\u00e9dit<\/strong>, ou <strong>virement bancaire<\/strong>.<\/span><\/li>\n<li style=\"font-weight: 400;\"><span style=\"font-weight: 400;\">Le <strong>paiement en amont<\/strong> de la visite est possible<strong> sur demande<\/strong>.<\/span><\/li>\n<li style=\"font-weight: 400;\"><span style=\"font-weight: 400;\">Le <strong>paiement sur place<\/strong> n\u2019est pas possible.<\/span><\/li>\n<li><span class=\"ui-provider fy b c d e f g h i j k l m n o p q r s t u v w x y z ab ac ae af ag ah ai aj ak\" dir=\"ltr\">Si des frais bancaires s\u2019appliquent, ils seront pris en charge par le <strong>client<\/strong>.<\/span><\/li>\n<\/ul>\n<h3>Espace d\u00eener<\/h3>\n<p>Vous pouvez louer une salle pour d\u00eener avec votre groupe, communiquez avec nous pour avoir plus d&rsquo;informations.<\/p>\n","protected":false},"excerpt":{"rendered":"<p>Le Mus\u00e9e McCord Stewart vous propose des activit\u00e9s \u00e9ducatives au Mus\u00e9e et en ligne.\u00a0Les responsables de groupe doivent consulter les fiches pour obtenir plus de d\u00e9tails \u00e0 ce sujet et choisir une visite qui r\u00e9pond \u00e0 leurs besoins et \u00e0 la composition de leur groupe. Voir fiche informations pratiques R\u00e9servez votre visite Grille tarifaire pour [&hellip;]<\/p>\n","protected":false},"author":17,"featured_media":0,"parent":23232,"menu_order":0,"comment_status":"closed","ping_status":"closed","template":"page-templates\/page-texte.php","meta":{"footnotes":""},"categories":[],"tags":[],"acf":[],"yoast_head":"<!-- This site is optimized with the Yoast SEO Premium plugin v20.11 (Yoast SEO v20.11) - https:\/\/yoast.com\/wordpress\/plugins\/seo\/ -->\n<title>Instructions pour les r\u00e9servations de groupes au Mus\u00e9e McCord<\/title>\n<meta name=\"description\" content=\"Consultez cette section afin de conna\u00eetre tous les d\u00e9tails en lien avec votre r\u00e9servation de groupes au Mus\u00e9e McCord.\" \/>\n<meta name=\"robots\" content=\"index, follow, max-snippet:-1, max-image-preview:large, max-video-preview:-1\" \/>\n<link rel=\"canonical\" href=\"https:\/\/www.musee-mccord-stewart.ca\/fr\/groupes\/instructions-reservation\/\" \/>\n<meta property=\"og:locale\" content=\"fr_FR\" \/>\n<meta property=\"og:type\" content=\"article\" \/>\n<meta property=\"og:title\" content=\"Instructions - R\u00e9servations de groupes\" \/>\n<meta property=\"og:description\" content=\"Le Mus\u00e9e McCord Stewart vous propose des activit\u00e9s \u00e9ducatives au Mus\u00e9e et en ligne.\u00a0Les responsables de groupe doivent consulter les fiches pour obtenir\" \/>\n<meta property=\"og:url\" content=\"https:\/\/www.musee-mccord-stewart.ca\/fr\/groupes\/instructions-reservation\/\" \/>\n<meta property=\"og:site_name\" content=\"Mus\u00e9e McCord Stewart\" \/>\n<meta property=\"article:publisher\" content=\"https:\/\/www.facebook.com\/museemccordstewart\" \/>\n<meta property=\"article:modified_time\" content=\"2026-03-25T14:25:00+00:00\" \/>\n<meta property=\"og:image\" content=\"https:\/\/www.musee-mccord-stewart.ca\/app\/uploads\/2025\/01\/mccord-stewart_nouvelle_espace-fondation-rossy-pour-leducation_1200x800.jpg\" \/>\n<meta name=\"twitter:card\" content=\"summary_large_image\" \/>\n<meta name=\"twitter:site\" content=\"@MuseeMcCordStew\" \/>\n<meta name=\"twitter:label1\" content=\"Dur\u00e9e de lecture estim\u00e9e\" \/>\n\t<meta name=\"twitter:data1\" content=\"4 minutes\" \/>\n<script type=\"application\/ld+json\" class=\"yoast-schema-graph\">{\"@context\":\"https:\/\/schema.org\",\"@graph\":[{\"@type\":\"WebPage\",\"@id\":\"https:\/\/www.musee-mccord-stewart.ca\/fr\/groupes\/instructions-reservation\/\",\"url\":\"https:\/\/www.musee-mccord-stewart.ca\/fr\/groupes\/instructions-reservation\/\",\"name\":\"Instructions pour les r\u00e9servations de groupes au Mus\u00e9e McCord\",\"isPartOf\":{\"@id\":\"https:\/\/www.musee-mccord-stewart.ca\/fr\/#website\"},\"datePublished\":\"2018-08-27T15:59:58+00:00\",\"dateModified\":\"2026-03-25T14:25:00+00:00\",\"description\":\"Consultez cette section afin de conna\u00eetre tous les d\u00e9tails en lien avec votre r\u00e9servation de groupes au Mus\u00e9e McCord.\",\"breadcrumb\":{\"@id\":\"https:\/\/www.musee-mccord-stewart.ca\/fr\/groupes\/instructions-reservation\/#breadcrumb\"},\"inLanguage\":\"fr-FR\",\"potentialAction\":[{\"@type\":\"ReadAction\",\"target\":[\"https:\/\/www.musee-mccord-stewart.ca\/fr\/groupes\/instructions-reservation\/\"]}]},{\"@type\":\"BreadcrumbList\",\"@id\":\"https:\/\/www.musee-mccord-stewart.ca\/fr\/groupes\/instructions-reservation\/#breadcrumb\",\"itemListElement\":[{\"@type\":\"ListItem\",\"position\":1,\"name\":\"Accueil\",\"item\":\"https:\/\/www.musee-mccord-stewart.ca\/fr\/\"},{\"@type\":\"ListItem\",\"position\":2,\"name\":\"Groupes\",\"item\":\"https:\/\/www.musee-mccord-stewart.ca\/fr\/groupes\/\"},{\"@type\":\"ListItem\",\"position\":3,\"name\":\"Instructions &#8211; R\u00e9servations de groupes\"}]},{\"@type\":\"WebSite\",\"@id\":\"https:\/\/www.musee-mccord-stewart.ca\/fr\/#website\",\"url\":\"https:\/\/www.musee-mccord-stewart.ca\/fr\/\",\"name\":\"Mus\u00e9e McCord Stewart\",\"description\":\"Notre monde, nos histoires\",\"publisher\":{\"@id\":\"https:\/\/www.musee-mccord-stewart.ca\/fr\/#organization\"},\"alternateName\":\"MCS\",\"potentialAction\":[{\"@type\":\"SearchAction\",\"target\":{\"@type\":\"EntryPoint\",\"urlTemplate\":\"https:\/\/www.musee-mccord-stewart.ca\/fr\/?s={search_term_string}\"},\"query-input\":\"required name=search_term_string\"}],\"inLanguage\":\"fr-FR\"},{\"@type\":\"Organization\",\"@id\":\"https:\/\/www.musee-mccord-stewart.ca\/fr\/#organization\",\"name\":\"McCord Stewart Museum\",\"alternateName\":\"MCS\",\"url\":\"https:\/\/www.musee-mccord-stewart.ca\/fr\/\",\"logo\":{\"@type\":\"ImageObject\",\"inLanguage\":\"fr-FR\",\"@id\":\"https:\/\/www.musee-mccord-stewart.ca\/fr\/#\/schema\/logo\/image\/\",\"url\":\"https:\/\/www.musee-mccord-stewart.ca\/app\/uploads\/2023\/05\/logo_museemccordstewart_horizontal_noir_slogan.svg\",\"contentUrl\":\"https:\/\/www.musee-mccord-stewart.ca\/app\/uploads\/2023\/05\/logo_museemccordstewart_horizontal_noir_slogan.svg\",\"width\":1,\"height\":1,\"caption\":\"McCord Stewart Museum\"},\"image\":{\"@id\":\"https:\/\/www.musee-mccord-stewart.ca\/fr\/#\/schema\/logo\/image\/\"},\"sameAs\":[\"https:\/\/www.facebook.com\/museemccordstewart\",\"https:\/\/twitter.com\/MuseeMcCordStew\",\"https:\/\/instagram.com\/museemccordstewart\",\"https:\/\/www.linkedin.com\/company\/museemccordstewart\/\",\"https:\/\/www.pinterest.com\/museemccordstewart\/\",\"https:\/\/www.youtube.com\/c\/MuseeMcCordStewartMuseum\"]}]}<\/script>\n<!-- \/ Yoast SEO Premium plugin. -->","yoast_head_json":{"title":"Instructions pour les r\u00e9servations de groupes au Mus\u00e9e McCord","description":"Consultez cette section afin de conna\u00eetre tous les d\u00e9tails en lien avec votre r\u00e9servation de groupes au Mus\u00e9e McCord.","robots":{"index":"index","follow":"follow","max-snippet":"max-snippet:-1","max-image-preview":"max-image-preview:large","max-video-preview":"max-video-preview:-1"},"canonical":"https:\/\/www.musee-mccord-stewart.ca\/fr\/groupes\/instructions-reservation\/","og_locale":"fr_FR","og_type":"article","og_title":"Instructions - R\u00e9servations de groupes","og_description":"Le Mus\u00e9e McCord Stewart vous propose des activit\u00e9s \u00e9ducatives au Mus\u00e9e et en ligne.\u00a0Les responsables de groupe doivent consulter les fiches pour obtenir","og_url":"https:\/\/www.musee-mccord-stewart.ca\/fr\/groupes\/instructions-reservation\/","og_site_name":"Mus\u00e9e McCord Stewart","article_publisher":"https:\/\/www.facebook.com\/museemccordstewart","article_modified_time":"2026-03-25T14:25:00+00:00","og_image":[{"url":"https:\/\/www.musee-mccord-stewart.ca\/app\/uploads\/2025\/01\/mccord-stewart_nouvelle_espace-fondation-rossy-pour-leducation_1200x800.jpg"}],"twitter_card":"summary_large_image","twitter_site":"@MuseeMcCordStew","twitter_misc":{"Dur\u00e9e de lecture estim\u00e9e":"4 minutes"},"schema":{"@context":"https:\/\/schema.org","@graph":[{"@type":"WebPage","@id":"https:\/\/www.musee-mccord-stewart.ca\/fr\/groupes\/instructions-reservation\/","url":"https:\/\/www.musee-mccord-stewart.ca\/fr\/groupes\/instructions-reservation\/","name":"Instructions pour les r\u00e9servations de groupes au Mus\u00e9e McCord","isPartOf":{"@id":"https:\/\/www.musee-mccord-stewart.ca\/fr\/#website"},"datePublished":"2018-08-27T15:59:58+00:00","dateModified":"2026-03-25T14:25:00+00:00","description":"Consultez cette section afin de conna\u00eetre tous les d\u00e9tails en lien avec votre r\u00e9servation de groupes au Mus\u00e9e McCord.","breadcrumb":{"@id":"https:\/\/www.musee-mccord-stewart.ca\/fr\/groupes\/instructions-reservation\/#breadcrumb"},"inLanguage":"fr-FR","potentialAction":[{"@type":"ReadAction","target":["https:\/\/www.musee-mccord-stewart.ca\/fr\/groupes\/instructions-reservation\/"]}]},{"@type":"BreadcrumbList","@id":"https:\/\/www.musee-mccord-stewart.ca\/fr\/groupes\/instructions-reservation\/#breadcrumb","itemListElement":[{"@type":"ListItem","position":1,"name":"Accueil","item":"https:\/\/www.musee-mccord-stewart.ca\/fr\/"},{"@type":"ListItem","position":2,"name":"Groupes","item":"https:\/\/www.musee-mccord-stewart.ca\/fr\/groupes\/"},{"@type":"ListItem","position":3,"name":"Instructions &#8211; R\u00e9servations de groupes"}]},{"@type":"WebSite","@id":"https:\/\/www.musee-mccord-stewart.ca\/fr\/#website","url":"https:\/\/www.musee-mccord-stewart.ca\/fr\/","name":"Mus\u00e9e McCord Stewart","description":"Notre monde, nos histoires","publisher":{"@id":"https:\/\/www.musee-mccord-stewart.ca\/fr\/#organization"},"alternateName":"MCS","potentialAction":[{"@type":"SearchAction","target":{"@type":"EntryPoint","urlTemplate":"https:\/\/www.musee-mccord-stewart.ca\/fr\/?s={search_term_string}"},"query-input":"required name=search_term_string"}],"inLanguage":"fr-FR"},{"@type":"Organization","@id":"https:\/\/www.musee-mccord-stewart.ca\/fr\/#organization","name":"McCord Stewart Museum","alternateName":"MCS","url":"https:\/\/www.musee-mccord-stewart.ca\/fr\/","logo":{"@type":"ImageObject","inLanguage":"fr-FR","@id":"https:\/\/www.musee-mccord-stewart.ca\/fr\/#\/schema\/logo\/image\/","url":"https:\/\/www.musee-mccord-stewart.ca\/app\/uploads\/2023\/05\/logo_museemccordstewart_horizontal_noir_slogan.svg","contentUrl":"https:\/\/www.musee-mccord-stewart.ca\/app\/uploads\/2023\/05\/logo_museemccordstewart_horizontal_noir_slogan.svg","width":1,"height":1,"caption":"McCord Stewart Museum"},"image":{"@id":"https:\/\/www.musee-mccord-stewart.ca\/fr\/#\/schema\/logo\/image\/"},"sameAs":["https:\/\/www.facebook.com\/museemccordstewart","https:\/\/twitter.com\/MuseeMcCordStew","https:\/\/instagram.com\/museemccordstewart","https:\/\/www.linkedin.com\/company\/museemccordstewart\/","https:\/\/www.pinterest.com\/museemccordstewart\/","https:\/\/www.youtube.com\/c\/MuseeMcCordStewartMuseum"]}]}},"_links":{"self":[{"href":"https:\/\/www.musee-mccord-stewart.ca\/fr\/wp-json\/wp\/v2\/pages\/23459"}],"collection":[{"href":"https:\/\/www.musee-mccord-stewart.ca\/fr\/wp-json\/wp\/v2\/pages"}],"about":[{"href":"https:\/\/www.musee-mccord-stewart.ca\/fr\/wp-json\/wp\/v2\/types\/page"}],"author":[{"embeddable":true,"href":"https:\/\/www.musee-mccord-stewart.ca\/fr\/wp-json\/wp\/v2\/users\/17"}],"replies":[{"embeddable":true,"href":"https:\/\/www.musee-mccord-stewart.ca\/fr\/wp-json\/wp\/v2\/comments?post=23459"}],"version-history":[{"count":0,"href":"https:\/\/www.musee-mccord-stewart.ca\/fr\/wp-json\/wp\/v2\/pages\/23459\/revisions"}],"up":[{"embeddable":true,"href":"https:\/\/www.musee-mccord-stewart.ca\/fr\/wp-json\/wp\/v2\/pages\/23232"}],"wp:attachment":[{"href":"https:\/\/www.musee-mccord-stewart.ca\/fr\/wp-json\/wp\/v2\/media?parent=23459"}],"wp:term":[{"taxonomy":"category","embeddable":true,"href":"https:\/\/www.musee-mccord-stewart.ca\/fr\/wp-json\/wp\/v2\/categories?post=23459"},{"taxonomy":"post_tag","embeddable":true,"href":"https:\/\/www.musee-mccord-stewart.ca\/fr\/wp-json\/wp\/v2\/tags?post=23459"}],"curies":[{"name":"wp","href":"https:\/\/api.w.org\/{rel}","templated":true}]}}