{"id":23347,"date":"2018-08-22T14:46:22","date_gmt":"2018-08-22T18:46:22","guid":{"rendered":"http:\/\/www.musee-mccord-stewart.ca\/?page_id=23347\/"},"modified":"2022-07-27T14:55:21","modified_gmt":"2022-07-27T18:55:21","slug":"cpe-et-garderies","status":"publish","type":"page","link":"https:\/\/www.musee-mccord-stewart.ca\/fr\/groupes\/scolaire\/cpe-et-garderies\/","title":{"rendered":"CPE et garderies"},"content":{"rendered":"<p>Au Mus\u00e9e ou en ligne, venez d\u00e9couvrir nos expositions, explorer nos collections et interagir en direct avec notre \u00e9quipe de m\u00e9diateurs!<\/p>\n<p>\u00c9labor\u00e9s dans une\u00a0perspective citoyenne et ludique, nos\u00a0visites\u00a0et nos\u00a0ateliers sont offerts aux groupes pr\u00e9scolaires. Les objets culturels et les histoires \u2013 au c\u0153ur d\u2019\u00e9changes dynamiques \u2013 stimulent la curiosit\u00e9 et la d\u00e9couverte des enfants.<\/p>\n<p>Une visite d\u2019exposition permettra \u00e0 votre groupe d\u2019aborder l\u2019histoire tout en s\u2019amusant. Pour enrichir l\u2019exp\u00e9rience, combinez \u00e0 votre visite un ou plusieurs ateliers th\u00e9matiques!<br \/>\n<a class=\"cta\" href=\"#activites\">D\u00e9couvrez nos activit\u00e9s<i class=\"arrow-right-thickicon-\"><\/i><\/a><br \/>\n<a class=\"cta\" href=\"https:\/\/pages.mccord.museum\/reservation-groupe\" target=\"_blank\" rel=\"noopener\">R\u00e9servez votre visite<i class=\"arrow-right-thickicon-\"><\/i><\/a><\/p>\n<h3>Pr\u00e9parez votre visite<\/h3>\n<p><a href=\"https:\/\/www.musee-mccord-stewart.ca\/fr\/groupes\/instructions-reservation\/\">Instructions pour les r\u00e9servations de groupes<i class=\"arrow-right-thickicon-\"><\/i><\/a><br \/>\n<a title=\"Guide pour les visites de groupes\" href=\"https:\/\/www.musee-mccord-stewart.ca\/fr\/groupes\/guide-groupes\/\">Guide pour les visites de groupes<i class=\"arrow-right-thickicon-\"><\/i><\/a><br \/>\n<a title=\"R\u00e9ouverture et mesures pr\u00e9ventives contre la COVID-19\" href=\"https:\/\/www.musee-mccord-stewart.ca\/fr\/mesures-securite\/\">Mesures de s\u00e9curit\u00e9<i class=\"arrow-right-thickicon-\"><\/i><\/a><a id=\"activites\"><\/a><br \/>\n<a href=\"https:\/\/www.musee-mccord-stewart.ca\/fr\/groupes\/faq-groupes\/\">Foire aux questions<i class=\"arrow-right-thickicon-\"><\/i><\/a><\/p>\n","protected":false},"excerpt":{"rendered":"<p>Au Mus\u00e9e ou en ligne, venez d\u00e9couvrir nos expositions, explorer nos collections et interagir en direct avec notre \u00e9quipe de m\u00e9diateurs! \u00c9labor\u00e9s dans une\u00a0perspective citoyenne et ludique, nos\u00a0visites\u00a0et nos\u00a0ateliers sont offerts aux groupes pr\u00e9scolaires. Les objets culturels et les histoires \u2013 au c\u0153ur d\u2019\u00e9changes dynamiques \u2013 stimulent la curiosit\u00e9 et la d\u00e9couverte des enfants. Une [&hellip;]<\/p>\n","protected":false},"author":17,"featured_media":0,"parent":23292,"menu_order":0,"comment_status":"closed","ping_status":"closed","template":"page-templates\/page-texte.php","meta":{"footnotes":""},"categories":[],"tags":[],"acf":[],"yoast_head":"<!-- This site is optimized with the Yoast SEO Premium plugin v20.11 (Yoast SEO v20.11) - https:\/\/yoast.com\/wordpress\/plugins\/seo\/ -->\n<title>CPE et garderies - Les activit\u00e9s et visites \u00e9ducatives au Mus\u00e9e McCord<\/title>\n<meta name=\"description\" content=\"CPE et garderies: le Mus\u00e9e McCord offre une programmation en phase avec les int\u00e9r\u00eats et les besoins des \u00e9l\u00e8ves et des enseignants.\" \/>\n<meta name=\"robots\" content=\"index, follow, max-snippet:-1, max-image-preview:large, max-video-preview:-1\" \/>\n<link rel=\"canonical\" href=\"https:\/\/www.musee-mccord-stewart.ca\/fr\/groupes\/scolaire\/cpe-et-garderies\/\" \/>\n<meta property=\"og:locale\" content=\"fr_FR\" \/>\n<meta property=\"og:type\" content=\"article\" \/>\n<meta property=\"og:title\" content=\"CPE et garderies\" \/>\n<meta property=\"og:description\" content=\"Au Mus\u00e9e ou en ligne, venez d\u00e9couvrir nos expositions, explorer nos collections et interagir en direct avec notre \u00e9quipe de m\u00e9diateurs! \u00c9labor\u00e9s dans\" \/>\n<meta property=\"og:url\" content=\"https:\/\/www.musee-mccord-stewart.ca\/fr\/groupes\/scolaire\/cpe-et-garderies\/\" \/>\n<meta property=\"og:site_name\" content=\"Mus\u00e9e McCord Stewart\" \/>\n<meta property=\"article:publisher\" content=\"https:\/\/www.facebook.com\/museemccordstewart\" \/>\n<meta property=\"article:modified_time\" content=\"2022-07-27T18:55:21+00:00\" \/>\n<meta property=\"og:image\" content=\"https:\/\/www.musee-mccord-stewart.ca\/app\/uploads\/2022\/09\/mccord-stewart_facade-exterieur-henderson-2022_roger-aziz_1320x480.jpg\" \/>\n\t<meta property=\"og:image:width\" content=\"1320\" \/>\n\t<meta property=\"og:image:height\" content=\"480\" \/>\n\t<meta property=\"og:image:type\" content=\"image\/jpeg\" \/>\n<meta name=\"twitter:card\" content=\"summary_large_image\" \/>\n<meta name=\"twitter:site\" content=\"@MuseeMcCordStew\" \/>\n<meta name=\"twitter:label1\" content=\"Dur\u00e9e de lecture estim\u00e9e\" \/>\n\t<meta name=\"twitter:data1\" content=\"1 minute\" \/>\n<script type=\"application\/ld+json\" class=\"yoast-schema-graph\">{\"@context\":\"https:\/\/schema.org\",\"@graph\":[{\"@type\":\"WebPage\",\"@id\":\"https:\/\/www.musee-mccord-stewart.ca\/fr\/groupes\/scolaire\/cpe-et-garderies\/\",\"url\":\"https:\/\/www.musee-mccord-stewart.ca\/fr\/groupes\/scolaire\/cpe-et-garderies\/\",\"name\":\"CPE et garderies - Les activit\u00e9s et visites \u00e9ducatives au Mus\u00e9e McCord\",\"isPartOf\":{\"@id\":\"https:\/\/www.musee-mccord-stewart.ca\/fr\/#website\"},\"datePublished\":\"2018-08-22T18:46:22+00:00\",\"dateModified\":\"2022-07-27T18:55:21+00:00\",\"description\":\"CPE et garderies: le Mus\u00e9e McCord offre une programmation en phase avec les int\u00e9r\u00eats et les besoins des \u00e9l\u00e8ves et des enseignants.\",\"breadcrumb\":{\"@id\":\"https:\/\/www.musee-mccord-stewart.ca\/fr\/groupes\/scolaire\/cpe-et-garderies\/#breadcrumb\"},\"inLanguage\":\"fr-FR\",\"potentialAction\":[{\"@type\":\"ReadAction\",\"target\":[\"https:\/\/www.musee-mccord-stewart.ca\/fr\/groupes\/scolaire\/cpe-et-garderies\/\"]}]},{\"@type\":\"BreadcrumbList\",\"@id\":\"https:\/\/www.musee-mccord-stewart.ca\/fr\/groupes\/scolaire\/cpe-et-garderies\/#breadcrumb\",\"itemListElement\":[{\"@type\":\"ListItem\",\"position\":1,\"name\":\"Accueil\",\"item\":\"https:\/\/www.musee-mccord-stewart.ca\/fr\/\"},{\"@type\":\"ListItem\",\"position\":2,\"name\":\"Groupes\",\"item\":\"https:\/\/www.musee-mccord-stewart.ca\/fr\/groupes\/\"},{\"@type\":\"ListItem\",\"position\":3,\"name\":\"Scolaire\",\"item\":\"https:\/\/www.musee-mccord-stewart.ca\/fr\/groupes\/scolaire\/\"},{\"@type\":\"ListItem\",\"position\":4,\"name\":\"CPE et garderies\"}]},{\"@type\":\"WebSite\",\"@id\":\"https:\/\/www.musee-mccord-stewart.ca\/fr\/#website\",\"url\":\"https:\/\/www.musee-mccord-stewart.ca\/fr\/\",\"name\":\"Mus\u00e9e McCord Stewart\",\"description\":\"Notre monde, nos histoires\",\"publisher\":{\"@id\":\"https:\/\/www.musee-mccord-stewart.ca\/fr\/#organization\"},\"alternateName\":\"MCS\",\"potentialAction\":[{\"@type\":\"SearchAction\",\"target\":{\"@type\":\"EntryPoint\",\"urlTemplate\":\"https:\/\/www.musee-mccord-stewart.ca\/fr\/?s={search_term_string}\"},\"query-input\":\"required name=search_term_string\"}],\"inLanguage\":\"fr-FR\"},{\"@type\":\"Organization\",\"@id\":\"https:\/\/www.musee-mccord-stewart.ca\/fr\/#organization\",\"name\":\"McCord Stewart Museum\",\"alternateName\":\"MCS\",\"url\":\"https:\/\/www.musee-mccord-stewart.ca\/fr\/\",\"logo\":{\"@type\":\"ImageObject\",\"inLanguage\":\"fr-FR\",\"@id\":\"https:\/\/www.musee-mccord-stewart.ca\/fr\/#\/schema\/logo\/image\/\",\"url\":\"https:\/\/www.musee-mccord-stewart.ca\/app\/uploads\/2023\/05\/logo_museemccordstewart_horizontal_noir_slogan.svg\",\"contentUrl\":\"https:\/\/www.musee-mccord-stewart.ca\/app\/uploads\/2023\/05\/logo_museemccordstewart_horizontal_noir_slogan.svg\",\"width\":1,\"height\":1,\"caption\":\"McCord Stewart Museum\"},\"image\":{\"@id\":\"https:\/\/www.musee-mccord-stewart.ca\/fr\/#\/schema\/logo\/image\/\"},\"sameAs\":[\"https:\/\/www.facebook.com\/museemccordstewart\",\"https:\/\/twitter.com\/MuseeMcCordStew\",\"https:\/\/instagram.com\/museemccordstewart\",\"https:\/\/www.linkedin.com\/company\/museemccordstewart\/\",\"https:\/\/www.pinterest.com\/museemccordstewart\/\",\"https:\/\/www.youtube.com\/c\/MuseeMcCordStewartMuseum\"]}]}<\/script>\n<!-- \/ Yoast SEO Premium plugin. -->","yoast_head_json":{"title":"CPE et garderies - Les activit\u00e9s et visites \u00e9ducatives au Mus\u00e9e McCord","description":"CPE et garderies: le Mus\u00e9e McCord offre une programmation en phase avec les int\u00e9r\u00eats et les besoins des \u00e9l\u00e8ves et des enseignants.","robots":{"index":"index","follow":"follow","max-snippet":"max-snippet:-1","max-image-preview":"max-image-preview:large","max-video-preview":"max-video-preview:-1"},"canonical":"https:\/\/www.musee-mccord-stewart.ca\/fr\/groupes\/scolaire\/cpe-et-garderies\/","og_locale":"fr_FR","og_type":"article","og_title":"CPE et garderies","og_description":"Au Mus\u00e9e ou en ligne, venez d\u00e9couvrir nos expositions, explorer nos collections et interagir en direct avec notre \u00e9quipe de m\u00e9diateurs! \u00c9labor\u00e9s dans","og_url":"https:\/\/www.musee-mccord-stewart.ca\/fr\/groupes\/scolaire\/cpe-et-garderies\/","og_site_name":"Mus\u00e9e McCord Stewart","article_publisher":"https:\/\/www.facebook.com\/museemccordstewart","article_modified_time":"2022-07-27T18:55:21+00:00","og_image":[{"width":1320,"height":480,"url":"https:\/\/www.musee-mccord-stewart.ca\/app\/uploads\/2022\/09\/mccord-stewart_facade-exterieur-henderson-2022_roger-aziz_1320x480.jpg","type":"image\/jpeg"}],"twitter_card":"summary_large_image","twitter_site":"@MuseeMcCordStew","twitter_misc":{"Dur\u00e9e de lecture estim\u00e9e":"1 minute"},"schema":{"@context":"https:\/\/schema.org","@graph":[{"@type":"WebPage","@id":"https:\/\/www.musee-mccord-stewart.ca\/fr\/groupes\/scolaire\/cpe-et-garderies\/","url":"https:\/\/www.musee-mccord-stewart.ca\/fr\/groupes\/scolaire\/cpe-et-garderies\/","name":"CPE et garderies - Les activit\u00e9s et visites \u00e9ducatives au Mus\u00e9e McCord","isPartOf":{"@id":"https:\/\/www.musee-mccord-stewart.ca\/fr\/#website"},"datePublished":"2018-08-22T18:46:22+00:00","dateModified":"2022-07-27T18:55:21+00:00","description":"CPE et garderies: le Mus\u00e9e McCord offre une programmation en phase avec les int\u00e9r\u00eats et les besoins des \u00e9l\u00e8ves et des enseignants.","breadcrumb":{"@id":"https:\/\/www.musee-mccord-stewart.ca\/fr\/groupes\/scolaire\/cpe-et-garderies\/#breadcrumb"},"inLanguage":"fr-FR","potentialAction":[{"@type":"ReadAction","target":["https:\/\/www.musee-mccord-stewart.ca\/fr\/groupes\/scolaire\/cpe-et-garderies\/"]}]},{"@type":"BreadcrumbList","@id":"https:\/\/www.musee-mccord-stewart.ca\/fr\/groupes\/scolaire\/cpe-et-garderies\/#breadcrumb","itemListElement":[{"@type":"ListItem","position":1,"name":"Accueil","item":"https:\/\/www.musee-mccord-stewart.ca\/fr\/"},{"@type":"ListItem","position":2,"name":"Groupes","item":"https:\/\/www.musee-mccord-stewart.ca\/fr\/groupes\/"},{"@type":"ListItem","position":3,"name":"Scolaire","item":"https:\/\/www.musee-mccord-stewart.ca\/fr\/groupes\/scolaire\/"},{"@type":"ListItem","position":4,"name":"CPE et garderies"}]},{"@type":"WebSite","@id":"https:\/\/www.musee-mccord-stewart.ca\/fr\/#website","url":"https:\/\/www.musee-mccord-stewart.ca\/fr\/","name":"Mus\u00e9e McCord Stewart","description":"Notre monde, nos histoires","publisher":{"@id":"https:\/\/www.musee-mccord-stewart.ca\/fr\/#organization"},"alternateName":"MCS","potentialAction":[{"@type":"SearchAction","target":{"@type":"EntryPoint","urlTemplate":"https:\/\/www.musee-mccord-stewart.ca\/fr\/?s={search_term_string}"},"query-input":"required name=search_term_string"}],"inLanguage":"fr-FR"},{"@type":"Organization","@id":"https:\/\/www.musee-mccord-stewart.ca\/fr\/#organization","name":"McCord Stewart Museum","alternateName":"MCS","url":"https:\/\/www.musee-mccord-stewart.ca\/fr\/","logo":{"@type":"ImageObject","inLanguage":"fr-FR","@id":"https:\/\/www.musee-mccord-stewart.ca\/fr\/#\/schema\/logo\/image\/","url":"https:\/\/www.musee-mccord-stewart.ca\/app\/uploads\/2023\/05\/logo_museemccordstewart_horizontal_noir_slogan.svg","contentUrl":"https:\/\/www.musee-mccord-stewart.ca\/app\/uploads\/2023\/05\/logo_museemccordstewart_horizontal_noir_slogan.svg","width":1,"height":1,"caption":"McCord Stewart Museum"},"image":{"@id":"https:\/\/www.musee-mccord-stewart.ca\/fr\/#\/schema\/logo\/image\/"},"sameAs":["https:\/\/www.facebook.com\/museemccordstewart","https:\/\/twitter.com\/MuseeMcCordStew","https:\/\/instagram.com\/museemccordstewart","https:\/\/www.linkedin.com\/company\/museemccordstewart\/","https:\/\/www.pinterest.com\/museemccordstewart\/","https:\/\/www.youtube.com\/c\/MuseeMcCordStewartMuseum"]}]}},"_links":{"self":[{"href":"https:\/\/www.musee-mccord-stewart.ca\/fr\/wp-json\/wp\/v2\/pages\/23347"}],"collection":[{"href":"https:\/\/www.musee-mccord-stewart.ca\/fr\/wp-json\/wp\/v2\/pages"}],"about":[{"href":"https:\/\/www.musee-mccord-stewart.ca\/fr\/wp-json\/wp\/v2\/types\/page"}],"author":[{"embeddable":true,"href":"https:\/\/www.musee-mccord-stewart.ca\/fr\/wp-json\/wp\/v2\/users\/17"}],"replies":[{"embeddable":true,"href":"https:\/\/www.musee-mccord-stewart.ca\/fr\/wp-json\/wp\/v2\/comments?post=23347"}],"version-history":[{"count":0,"href":"https:\/\/www.musee-mccord-stewart.ca\/fr\/wp-json\/wp\/v2\/pages\/23347\/revisions"}],"up":[{"embeddable":true,"href":"https:\/\/www.musee-mccord-stewart.ca\/fr\/wp-json\/wp\/v2\/pages\/23292"}],"wp:attachment":[{"href":"https:\/\/www.musee-mccord-stewart.ca\/fr\/wp-json\/wp\/v2\/media?parent=23347"}],"wp:term":[{"taxonomy":"category","embeddable":true,"href":"https:\/\/www.musee-mccord-stewart.ca\/fr\/wp-json\/wp\/v2\/categories?post=23347"},{"taxonomy":"post_tag","embeddable":true,"href":"https:\/\/www.musee-mccord-stewart.ca\/fr\/wp-json\/wp\/v2\/tags?post=23347"}],"curies":[{"name":"wp","href":"https:\/\/api.w.org\/{rel}","templated":true}]}}